{"id":687428,"date":"2026-04-29T12:22:11","date_gmt":"2026-04-29T10:22:11","guid":{"rendered":"https:\/\/www.daisho.be\/produit\/secadores-multiples-para-20-guantes-de-boxeo-de-pared\/"},"modified":"2026-04-29T12:22:11","modified_gmt":"2026-04-29T10:22:11","slug":"secadores-multiples-para-20-guantes-de-boxeo-de-pared","status":"publish","type":"product","link":"https:\/\/www.daisho.be\/es\/produit\/secadores-multiples-para-20-guantes-de-boxeo-de-pared\/","title":{"rendered":"secadores m\u00faltiples para 20 guantes de boxeo, de pared"},"content":{"rendered":"<p>Secador industrial para hasta 20 pares de guantes de boxeo, dise\u00f1ado para montaje en pared.<br \/>\nEl sistema dispone de un suministro de aire cerrado y boquillas inclinadas a 45\u00b0 para una colocaci\u00f3n ergon\u00f3mica y eficaz de los guantes. La profundidad total es de 50 cm.<br \/>\nConstrucci\u00f3n robusta en negro o acero inoxidable.<br \/>\nVentilador integrado para un secado m\u00e1s r\u00e1pido de los guantes. <\/p>\n<p>\u00a1El secador Multiglove para guantes de boxeo es la soluci\u00f3n! Hoy en d\u00eda, la higiene y la salud son cuestiones importantes para todos los clubes de boxeo, dojos y salas de artes marciales. Los que est\u00e9n bien posicionados en este \u00e1mbito ganar\u00e1n puntos con sus socios y estar\u00e1n bien preparados para captar otros nuevos.<br \/>\nLa respuesta a este reto es nuestro secador de guantes de boxeo Multi, de dise\u00f1o robusto. Con un elegante acabado en pintura en polvo negra o acero inoxidable, este secador de pared admite hasta tres juegos de guantes de boxeo, secando cada juego por separado con un limitador de tiempo integrado para mayor comodidad.<br \/>\nEquipada con ventiladores industriales de gran capacidad, esta secadora garantiza tiempos de secado r\u00e1pidos, lo que la convierte en el complemento ideal para cualquier gimnasio o centro de entrenamiento concurrido. Su robusta construcci\u00f3n garantiza su durabilidad, convirti\u00e9ndola en una elecci\u00f3n fiable para un uso repetido.<br \/>\nNo te conformes con unos guantes h\u00famedos y malolientes: opta por el Secador de Guantes Multi Boxing y disfruta de la comodidad y limpieza que t\u00fa y tus deportistas merec\u00e9is.<\/p>\n<p>Especificaciones t\u00e9cnicas :<br \/>\n&#8211; Capacidad: 20 pares de guantes de boxeo<br \/>\n&#8211; N\u00famero de tubos de aire: 40 unidades<br \/>\n&#8211; \u00c1ngulo de inclinaci\u00f3n de los tubos: 45\u00b0.<br \/>\n&#8211; Tipo de construcci\u00f3n: unidad montada en la pared con circulaci\u00f3n de aire cerrada<br \/>\n&#8211; Profundidad total: 500 mm<br \/>\n&#8211; Tensi\u00f3n de alimentaci\u00f3n: 230 V<br \/>\n&#8211; Ajuste de potencia: 3 niveles<br \/>\n&#8211; Control: temporizador integrado<br \/>\n&#8211; Gesti\u00f3n del aire: tubos de aire ajustables individualmente (pueden cerrarse)  <\/p>\n<p>Materiales y construcci\u00f3n:<br \/>\n&#8211; Versi\u00f3n est\u00e1ndar: acero inoxidable 1.4301  <\/p>\n<p>o Alta resistencia a la corrosi\u00f3n  <\/p>\n<p>o Higi\u00e9nico y duradero  <\/p>\n<p>&#8211; Alternativa: acero con recubrimiento de polvo S235JR <\/p>\n<p>Sistema de aire:<br \/>\n&#8211; Equipado con el probado sistema de \u00abllama de vela\u00bb de material s\u00f3lido<br \/>\n&#8211; Ventajas :  <\/p>\n<p>o Evita la obstrucci\u00f3n de las salidas de aire  <\/p>\n<p>o F\u00e1cil colocaci\u00f3n de los guantes  <\/p>\n<p>o Sin bordes afilados<\/p>\n<p>Funcionamiento y eficiencia:<br \/>\n&#8211; Funcionamiento con ahorro de energ\u00eda gracias a :  <\/p>\n<p>o Salidas de aire ajustables individualmente  <\/p>\n<p>o Control de la velocidad del motor  <\/p>\n<p>&#8211; Funcionamiento silencioso y con poco polvo, incluso en uso parcial<\/p>\n<p>Concepto de seguridad y conservaci\u00f3n de los materiales:<br \/>\n&#8211; Sin elementos calefactores para evitar da\u00f1ar :  <\/p>\n<p>o cuero  <\/p>\n<p>o collages  <\/p>\n<p>o espumas para tapicer\u00eda  <\/p>\n<p>&#8211; No se utiliza ozono, porque :  <\/p>\n<p>o agresivo con los materiales  <\/p>\n<p>o potencialmente nocivos para la salud en concentraciones elevadas  <\/p>\n<p>&#8211; Sin fragancia, porque es dif\u00edcil de dosificar y subjetiva.<\/p>\n","protected":false},"excerpt":{"rendered":"<p>Secador industrial para hasta 20 pares de guantes de boxeo, dise\u00f1ado para montaje en pared. El sistema dispone de un suministro de aire cerrado y boquillas inclinadas a 45\u00b0 para una colocaci\u00f3n ergon\u00f3mica y eficaz de los guantes. La profundidad total es de 50 cm. Construcci\u00f3n robusta en negro o acero inoxidable. Ventilador integrado para [&hellip;]<\/p>\n","protected":false},"featured_media":687420,"comment_status":"open","ping_status":"closed","template":"","meta":{"inline_featured_image":false},"product_brand":[],"product_cat":[1434,1551,1481],"product_tag":[2624],"sport":[],"class_list":{"0":"post-687428","1":"product","2":"type-product","3":"status-publish","4":"has-post-thumbnail","6":"product_cat-guantes-de-boxeo","7":"product_cat-higiene","8":"product_cat-productos-de-limpieza","9":"product_tag-ingosson","11":"first","12":"outofstock","13":"taxable","14":"shipping-taxable","15":"purchasable","16":"product-type-simple"},"yoast_head":"<!-- This site is optimized with the Yoast SEO plugin v27.2 - https:\/\/yoast.com\/product\/yoast-seo-wordpress\/ -->\n<title>secadores m\u00faltiples para 20 guantes de boxeo, de pared &#8211; Daisho<\/title>\n<meta name=\"robots\" content=\"index, follow, max-snippet:-1, max-image-preview:large, max-video-preview:-1\" \/>\n<link rel=\"canonical\" href=\"https:\/\/www.daisho.be\/es\/produit\/secadores-multiples-para-20-guantes-de-boxeo-de-pared\/\" \/>\n<meta property=\"og:locale\" content=\"es_ES\" \/>\n<meta property=\"og:type\" content=\"article\" \/>\n<meta property=\"og:title\" content=\"secadores m\u00faltiples para 20 guantes de boxeo, de pared &#8211; Daisho\" \/>\n<meta property=\"og:description\" content=\"Secador industrial para hasta 20 pares de guantes de boxeo, dise\u00f1ado para montaje en pared. El sistema dispone de un suministro de aire cerrado y boquillas inclinadas a 45\u00b0 para una colocaci\u00f3n ergon\u00f3mica y eficaz de los guantes. La profundidad total es de 50 cm. Construcci\u00f3n robusta en negro o acero inoxidable. Ventilador integrado para [&hellip;]\" \/>\n<meta property=\"og:url\" content=\"https:\/\/www.daisho.be\/es\/produit\/secadores-multiples-para-20-guantes-de-boxeo-de-pared\/\" \/>\n<meta property=\"og:site_name\" content=\"Daisho\" \/>\n<meta property=\"og:image\" content=\"https:\/\/www.daisho.be\/wp-content\/uploads\/2026\/04\/image-17.webp\" \/>\n\t<meta property=\"og:image:width\" content=\"1000\" \/>\n\t<meta property=\"og:image:height\" content=\"1000\" \/>\n\t<meta property=\"og:image:type\" content=\"image\/webp\" \/>\n<meta name=\"twitter:card\" content=\"summary_large_image\" \/>\n<meta name=\"twitter:label1\" content=\"Tiempo de lectura\" \/>\n\t<meta name=\"twitter:data1\" content=\"3 minutos\" \/>\n<script type=\"application\/ld+json\" class=\"yoast-schema-graph\">{\"@context\":\"https:\/\/schema.org\",\"@graph\":[{\"@type\":\"WebPage\",\"@id\":\"https:\/\/www.daisho.be\/es\/produit\/secadores-multiples-para-20-guantes-de-boxeo-de-pared\/\",\"url\":\"https:\/\/www.daisho.be\/es\/produit\/secadores-multiples-para-20-guantes-de-boxeo-de-pared\/\",\"name\":\"secadores m\u00faltiples para 20 guantes de boxeo, de pared &#8211; Daisho\",\"isPartOf\":{\"@id\":\"https:\/\/www.daisho.be\/es\/#website\"},\"primaryImageOfPage\":{\"@id\":\"https:\/\/www.daisho.be\/es\/produit\/secadores-multiples-para-20-guantes-de-boxeo-de-pared\/#primaryimage\"},\"image\":{\"@id\":\"https:\/\/www.daisho.be\/es\/produit\/secadores-multiples-para-20-guantes-de-boxeo-de-pared\/#primaryimage\"},\"thumbnailUrl\":\"https:\/\/www.daisho.be\/wp-content\/uploads\/2026\/04\/image-17.webp\",\"datePublished\":\"2026-04-29T10:22:11+00:00\",\"breadcrumb\":{\"@id\":\"https:\/\/www.daisho.be\/es\/produit\/secadores-multiples-para-20-guantes-de-boxeo-de-pared\/#breadcrumb\"},\"inLanguage\":\"es\",\"potentialAction\":[{\"@type\":\"ReadAction\",\"target\":[\"https:\/\/www.daisho.be\/es\/produit\/secadores-multiples-para-20-guantes-de-boxeo-de-pared\/\"]}]},{\"@type\":\"ImageObject\",\"inLanguage\":\"es\",\"@id\":\"https:\/\/www.daisho.be\/es\/produit\/secadores-multiples-para-20-guantes-de-boxeo-de-pared\/#primaryimage\",\"url\":\"https:\/\/www.daisho.be\/wp-content\/uploads\/2026\/04\/image-17.webp\",\"contentUrl\":\"https:\/\/www.daisho.be\/wp-content\/uploads\/2026\/04\/image-17.webp\",\"width\":1000,\"height\":1000,\"caption\":\"s\u00e9choirs multiples pour 20 gants de boxe, montage mural-1\"},{\"@type\":\"BreadcrumbList\",\"@id\":\"https:\/\/www.daisho.be\/es\/produit\/secadores-multiples-para-20-guantes-de-boxeo-de-pared\/#breadcrumb\",\"itemListElement\":[{\"@type\":\"ListItem\",\"position\":1,\"name\":\"Accueil\",\"item\":\"https:\/\/www.daisho.be\/es\/\"},{\"@type\":\"ListItem\",\"position\":2,\"name\":\"Productos\",\"item\":\"https:\/\/www.daisho.be\/es\/productos\/\"},{\"@type\":\"ListItem\",\"position\":3,\"name\":\"Equipamiento y ropa para artes marciales y deportes de combate\",\"item\":\"https:\/\/www.daisho.be\/es\/categorie-produit\/equipamiento-y-ropa-para-artes-marciales-y-deportes-de-combate\/\"},{\"@type\":\"ListItem\",\"position\":4,\"name\":\"Boxeo\",\"item\":\"https:\/\/www.daisho.be\/es\/categorie-produit\/equipamiento-y-ropa-para-artes-marciales-y-deportes-de-combate\/boxeo-es\/\"},{\"@type\":\"ListItem\",\"position\":5,\"name\":\"Guantes de boxeo\",\"item\":\"https:\/\/www.daisho.be\/es\/categorie-produit\/equipamiento-y-ropa-para-artes-marciales-y-deportes-de-combate\/boxeo-es\/guantes-de-boxeo\/\"},{\"@type\":\"ListItem\",\"position\":6,\"name\":\"secadores m\u00faltiples para 20 guantes de boxeo, de pared\"}]},{\"@type\":\"WebSite\",\"@id\":\"https:\/\/www.daisho.be\/es\/#website\",\"url\":\"https:\/\/www.daisho.be\/es\/\",\"name\":\"Daisho\",\"description\":\"Sp&eacute;cialiste de l'&eacute;quipement sportif d'arts martiaux\",\"publisher\":{\"@id\":\"https:\/\/www.daisho.be\/es\/#organization\"},\"potentialAction\":[{\"@type\":\"SearchAction\",\"target\":{\"@type\":\"EntryPoint\",\"urlTemplate\":\"https:\/\/www.daisho.be\/es\/?s={search_term_string}\"},\"query-input\":{\"@type\":\"PropertyValueSpecification\",\"valueRequired\":true,\"valueName\":\"search_term_string\"}}],\"inLanguage\":\"es\"},{\"@type\":\"Organization\",\"@id\":\"https:\/\/www.daisho.be\/es\/#organization\",\"name\":\"Daisho\",\"url\":\"https:\/\/www.daisho.be\/es\/\",\"logo\":{\"@type\":\"ImageObject\",\"inLanguage\":\"es\",\"@id\":\"https:\/\/www.daisho.be\/es\/#\/schema\/logo\/image\/\",\"url\":\"https:\/\/www.daisho.be\/wp-content\/uploads\/2019\/07\/color-nothing-horizontale4x-e1564486100247.png\",\"contentUrl\":\"https:\/\/www.daisho.be\/wp-content\/uploads\/2019\/07\/color-nothing-horizontale4x-e1564486100247.png\",\"width\":1547,\"height\":385,\"caption\":\"Daisho\"},\"image\":{\"@id\":\"https:\/\/www.daisho.be\/es\/#\/schema\/logo\/image\/\"}}]}<\/script>\n<!-- \/ Yoast SEO plugin. -->","yoast_head_json":{"title":"secadores m\u00faltiples para 20 guantes de boxeo, de pared &#8211; Daisho","robots":{"index":"index","follow":"follow","max-snippet":"max-snippet:-1","max-image-preview":"max-image-preview:large","max-video-preview":"max-video-preview:-1"},"canonical":"https:\/\/www.daisho.be\/es\/produit\/secadores-multiples-para-20-guantes-de-boxeo-de-pared\/","og_locale":"es_ES","og_type":"article","og_title":"secadores m\u00faltiples para 20 guantes de boxeo, de pared &#8211; Daisho","og_description":"Secador industrial para hasta 20 pares de guantes de boxeo, dise\u00f1ado para montaje en pared. El sistema dispone de un suministro de aire cerrado y boquillas inclinadas a 45\u00b0 para una colocaci\u00f3n ergon\u00f3mica y eficaz de los guantes. La profundidad total es de 50 cm. Construcci\u00f3n robusta en negro o acero inoxidable. Ventilador integrado para [&hellip;]","og_url":"https:\/\/www.daisho.be\/es\/produit\/secadores-multiples-para-20-guantes-de-boxeo-de-pared\/","og_site_name":"Daisho","og_image":[{"width":1000,"height":1000,"url":"https:\/\/www.daisho.be\/wp-content\/uploads\/2026\/04\/image-17.webp","type":"image\/webp"}],"twitter_card":"summary_large_image","twitter_misc":{"Tiempo de lectura":"3 minutos"},"schema":{"@context":"https:\/\/schema.org","@graph":[{"@type":"WebPage","@id":"https:\/\/www.daisho.be\/es\/produit\/secadores-multiples-para-20-guantes-de-boxeo-de-pared\/","url":"https:\/\/www.daisho.be\/es\/produit\/secadores-multiples-para-20-guantes-de-boxeo-de-pared\/","name":"secadores m\u00faltiples para 20 guantes de boxeo, de pared &#8211; Daisho","isPartOf":{"@id":"https:\/\/www.daisho.be\/es\/#website"},"primaryImageOfPage":{"@id":"https:\/\/www.daisho.be\/es\/produit\/secadores-multiples-para-20-guantes-de-boxeo-de-pared\/#primaryimage"},"image":{"@id":"https:\/\/www.daisho.be\/es\/produit\/secadores-multiples-para-20-guantes-de-boxeo-de-pared\/#primaryimage"},"thumbnailUrl":"https:\/\/www.daisho.be\/wp-content\/uploads\/2026\/04\/image-17.webp","datePublished":"2026-04-29T10:22:11+00:00","breadcrumb":{"@id":"https:\/\/www.daisho.be\/es\/produit\/secadores-multiples-para-20-guantes-de-boxeo-de-pared\/#breadcrumb"},"inLanguage":"es","potentialAction":[{"@type":"ReadAction","target":["https:\/\/www.daisho.be\/es\/produit\/secadores-multiples-para-20-guantes-de-boxeo-de-pared\/"]}]},{"@type":"ImageObject","inLanguage":"es","@id":"https:\/\/www.daisho.be\/es\/produit\/secadores-multiples-para-20-guantes-de-boxeo-de-pared\/#primaryimage","url":"https:\/\/www.daisho.be\/wp-content\/uploads\/2026\/04\/image-17.webp","contentUrl":"https:\/\/www.daisho.be\/wp-content\/uploads\/2026\/04\/image-17.webp","width":1000,"height":1000,"caption":"s\u00e9choirs multiples pour 20 gants de boxe, montage mural-1"},{"@type":"BreadcrumbList","@id":"https:\/\/www.daisho.be\/es\/produit\/secadores-multiples-para-20-guantes-de-boxeo-de-pared\/#breadcrumb","itemListElement":[{"@type":"ListItem","position":1,"name":"Accueil","item":"https:\/\/www.daisho.be\/es\/"},{"@type":"ListItem","position":2,"name":"Productos","item":"https:\/\/www.daisho.be\/es\/productos\/"},{"@type":"ListItem","position":3,"name":"Equipamiento y ropa para artes marciales y deportes de combate","item":"https:\/\/www.daisho.be\/es\/categorie-produit\/equipamiento-y-ropa-para-artes-marciales-y-deportes-de-combate\/"},{"@type":"ListItem","position":4,"name":"Boxeo","item":"https:\/\/www.daisho.be\/es\/categorie-produit\/equipamiento-y-ropa-para-artes-marciales-y-deportes-de-combate\/boxeo-es\/"},{"@type":"ListItem","position":5,"name":"Guantes de boxeo","item":"https:\/\/www.daisho.be\/es\/categorie-produit\/equipamiento-y-ropa-para-artes-marciales-y-deportes-de-combate\/boxeo-es\/guantes-de-boxeo\/"},{"@type":"ListItem","position":6,"name":"secadores m\u00faltiples para 20 guantes de boxeo, de pared"}]},{"@type":"WebSite","@id":"https:\/\/www.daisho.be\/es\/#website","url":"https:\/\/www.daisho.be\/es\/","name":"Daisho","description":"Sp&eacute;cialiste de l'&eacute;quipement sportif d'arts martiaux","publisher":{"@id":"https:\/\/www.daisho.be\/es\/#organization"},"potentialAction":[{"@type":"SearchAction","target":{"@type":"EntryPoint","urlTemplate":"https:\/\/www.daisho.be\/es\/?s={search_term_string}"},"query-input":{"@type":"PropertyValueSpecification","valueRequired":true,"valueName":"search_term_string"}}],"inLanguage":"es"},{"@type":"Organization","@id":"https:\/\/www.daisho.be\/es\/#organization","name":"Daisho","url":"https:\/\/www.daisho.be\/es\/","logo":{"@type":"ImageObject","inLanguage":"es","@id":"https:\/\/www.daisho.be\/es\/#\/schema\/logo\/image\/","url":"https:\/\/www.daisho.be\/wp-content\/uploads\/2019\/07\/color-nothing-horizontale4x-e1564486100247.png","contentUrl":"https:\/\/www.daisho.be\/wp-content\/uploads\/2019\/07\/color-nothing-horizontale4x-e1564486100247.png","width":1547,"height":385,"caption":"Daisho"},"image":{"@id":"https:\/\/www.daisho.be\/es\/#\/schema\/logo\/image\/"}}]}},"_links":{"self":[{"href":"https:\/\/www.daisho.be\/es\/wp-json\/wp\/v2\/product\/687428","targetHints":{"allow":["GET"]}}],"collection":[{"href":"https:\/\/www.daisho.be\/es\/wp-json\/wp\/v2\/product"}],"about":[{"href":"https:\/\/www.daisho.be\/es\/wp-json\/wp\/v2\/types\/product"}],"replies":[{"embeddable":true,"href":"https:\/\/www.daisho.be\/es\/wp-json\/wp\/v2\/comments?post=687428"}],"wp:featuredmedia":[{"embeddable":true,"href":"https:\/\/www.daisho.be\/es\/wp-json\/wp\/v2\/media\/687420"}],"wp:attachment":[{"href":"https:\/\/www.daisho.be\/es\/wp-json\/wp\/v2\/media?parent=687428"}],"wp:term":[{"taxonomy":"product_brand","embeddable":true,"href":"https:\/\/www.daisho.be\/es\/wp-json\/wp\/v2\/product_brand?post=687428"},{"taxonomy":"product_cat","embeddable":true,"href":"https:\/\/www.daisho.be\/es\/wp-json\/wp\/v2\/product_cat?post=687428"},{"taxonomy":"product_tag","embeddable":true,"href":"https:\/\/www.daisho.be\/es\/wp-json\/wp\/v2\/product_tag?post=687428"},{"taxonomy":"sport","embeddable":true,"href":"https:\/\/www.daisho.be\/es\/wp-json\/wp\/v2\/sport?post=687428"}],"curies":[{"name":"wp","href":"https:\/\/api.w.org\/{rel}","templated":true}]}}