{"id":686243,"date":"2026-04-23T13:05:30","date_gmt":"2026-04-23T11:05:30","guid":{"rendered":"https:\/\/www.daisho.be\/produit\/parche-de-recuperacion-kt-tape\/"},"modified":"2026-04-23T16:14:46","modified_gmt":"2026-04-23T14:14:46","slug":"parche-de-recuperacion-kt-tape","status":"publish","type":"product","link":"https:\/\/www.daisho.be\/es\/produit\/parche-de-recuperacion-kt-tape\/","title":{"rendered":"Parche de recuperaci\u00f3n KT TAPE"},"content":{"rendered":"<p>El parche de recuperaci\u00f3n KT Tape\u00ae reduce la hinchaz\u00f3n, los hematomas y la inflamaci\u00f3n para un alivio duradero y sin medicamentos.<\/p>\n<p>Caracter\u00edsticas:<\/p>\n<p>&#8211; Parches precortados para una f\u00e1cil aplicaci\u00f3n.<br \/>\n&#8211; Reduce la hinchaz\u00f3n, la inflamaci\u00f3n y los hematomas.<br \/>\n&#8211; Resistente al agua y dura hasta 3 d\u00edas.<br \/>\n&#8211; Favorece el drenaje linf\u00e1tico y mejora la circulaci\u00f3n.<br \/>\n&#8211; Sin l\u00e1tex e hipoalerg\u00e9nico para pieles sensibles.<\/p>\n","protected":false},"excerpt":{"rendered":"<p>El parche de recuperaci\u00f3n KT Tape\u00ae reduce la hinchaz\u00f3n, los hematomas y la inflamaci\u00f3n para un alivio duradero y sin medicamentos. Caracter\u00edsticas: &#8211; Parches precortados para una f\u00e1cil aplicaci\u00f3n. &#8211; Reduce la hinchaz\u00f3n, la inflamaci\u00f3n y los hematomas. &#8211; Resistente al agua y dura hasta 3 d\u00edas. &#8211; Favorece el drenaje linf\u00e1tico y mejora la [&hellip;]<\/p>\n","protected":false},"featured_media":686279,"comment_status":"open","ping_status":"closed","template":"","meta":{"inline_featured_image":false},"product_brand":[],"product_cat":[1383],"product_tag":[2619],"sport":[],"class_list":{"0":"post-686243","1":"product","2":"type-product","3":"status-publish","4":"has-post-thumbnail","6":"product_cat-cintas","7":"product_tag-cinta-kt","9":"first","10":"instock","11":"taxable","12":"shipping-taxable","13":"purchasable","14":"product-type-simple"},"yoast_head":"<!-- This site is optimized with the Yoast SEO plugin v27.2 - https:\/\/yoast.com\/product\/yoast-seo-wordpress\/ -->\n<title>Parche de recuperaci\u00f3n KT TAPE &#8211; Daisho<\/title>\n<meta name=\"description\" content=\"\u00bfNecesitas aliviar la inflamaci\u00f3n y el dolor? Descubre los parches de recuperaci\u00f3n KT TAPE en nuestro sitio web www.daisho.be|Daisho\" \/>\n<meta name=\"robots\" content=\"index, follow, max-snippet:-1, max-image-preview:large, max-video-preview:-1\" \/>\n<link rel=\"canonical\" href=\"https:\/\/www.daisho.be\/es\/produit\/parche-de-recuperacion-kt-tape\/\" \/>\n<meta property=\"og:locale\" content=\"es_ES\" \/>\n<meta property=\"og:type\" content=\"article\" \/>\n<meta property=\"og:title\" content=\"Parche de recuperaci\u00f3n KT TAPE &#8211; Daisho\" \/>\n<meta property=\"og:description\" content=\"\u00bfNecesitas aliviar la inflamaci\u00f3n y el dolor? Descubre los parches de recuperaci\u00f3n KT TAPE en nuestro sitio web www.daisho.be|Daisho\" \/>\n<meta property=\"og:url\" content=\"https:\/\/www.daisho.be\/es\/produit\/parche-de-recuperacion-kt-tape\/\" \/>\n<meta property=\"og:site_name\" content=\"Daisho\" \/>\n<meta property=\"article:modified_time\" content=\"2026-04-23T14:14:46+00:00\" \/>\n<meta property=\"og:image\" content=\"https:\/\/www.daisho.be\/wp-content\/uploads\/2026\/04\/image-86.jpg\" \/>\n\t<meta property=\"og:image:width\" content=\"1062\" \/>\n\t<meta property=\"og:image:height\" content=\"636\" \/>\n\t<meta property=\"og:image:type\" content=\"image\/jpeg\" \/>\n<meta name=\"twitter:card\" content=\"summary_large_image\" \/>\n<script type=\"application\/ld+json\" class=\"yoast-schema-graph\">{\"@context\":\"https:\/\/schema.org\",\"@graph\":[{\"@type\":\"WebPage\",\"@id\":\"https:\/\/www.daisho.be\/es\/produit\/parche-de-recuperacion-kt-tape\/\",\"url\":\"https:\/\/www.daisho.be\/es\/produit\/parche-de-recuperacion-kt-tape\/\",\"name\":\"Parche de recuperaci\u00f3n KT TAPE &#8211; Daisho\",\"isPartOf\":{\"@id\":\"https:\/\/www.daisho.be\/es\/#website\"},\"primaryImageOfPage\":{\"@id\":\"https:\/\/www.daisho.be\/es\/produit\/parche-de-recuperacion-kt-tape\/#primaryimage\"},\"image\":{\"@id\":\"https:\/\/www.daisho.be\/es\/produit\/parche-de-recuperacion-kt-tape\/#primaryimage\"},\"thumbnailUrl\":\"https:\/\/www.daisho.be\/wp-content\/uploads\/2026\/04\/image-86.jpg\",\"datePublished\":\"2026-04-23T11:05:30+00:00\",\"dateModified\":\"2026-04-23T14:14:46+00:00\",\"description\":\"\u00bfNecesitas aliviar la inflamaci\u00f3n y el dolor? Descubre los parches de recuperaci\u00f3n KT TAPE en nuestro sitio web www.daisho.be|Daisho\",\"breadcrumb\":{\"@id\":\"https:\/\/www.daisho.be\/es\/produit\/parche-de-recuperacion-kt-tape\/#breadcrumb\"},\"inLanguage\":\"es\",\"potentialAction\":[{\"@type\":\"ReadAction\",\"target\":[\"https:\/\/www.daisho.be\/es\/produit\/parche-de-recuperacion-kt-tape\/\"]}]},{\"@type\":\"ImageObject\",\"inLanguage\":\"es\",\"@id\":\"https:\/\/www.daisho.be\/es\/produit\/parche-de-recuperacion-kt-tape\/#primaryimage\",\"url\":\"https:\/\/www.daisho.be\/wp-content\/uploads\/2026\/04\/image-86.jpg\",\"contentUrl\":\"https:\/\/www.daisho.be\/wp-content\/uploads\/2026\/04\/image-86.jpg\",\"width\":1062,\"height\":636,\"caption\":\"Parche de recuperaci\u00f3n KT TAPE\u00ae-1\"},{\"@type\":\"BreadcrumbList\",\"@id\":\"https:\/\/www.daisho.be\/es\/produit\/parche-de-recuperacion-kt-tape\/#breadcrumb\",\"itemListElement\":[{\"@type\":\"ListItem\",\"position\":1,\"name\":\"Accueil\",\"item\":\"https:\/\/www.daisho.be\/es\/\"},{\"@type\":\"ListItem\",\"position\":2,\"name\":\"Productos\",\"item\":\"https:\/\/www.daisho.be\/es\/productos\/\"},{\"@type\":\"ListItem\",\"position\":3,\"name\":\"Cuidado del deporte\",\"item\":\"https:\/\/www.daisho.be\/es\/categorie-produit\/cuidado-del-deporte\/\"},{\"@type\":\"ListItem\",\"position\":4,\"name\":\"Cintas\",\"item\":\"https:\/\/www.daisho.be\/es\/categorie-produit\/cuidado-del-deporte\/cintas\/\"},{\"@type\":\"ListItem\",\"position\":5,\"name\":\"Parche de recuperaci\u00f3n KT TAPE\"}]},{\"@type\":\"WebSite\",\"@id\":\"https:\/\/www.daisho.be\/es\/#website\",\"url\":\"https:\/\/www.daisho.be\/es\/\",\"name\":\"Daisho\",\"description\":\"Sp&eacute;cialiste de l'&eacute;quipement sportif d'arts martiaux\",\"publisher\":{\"@id\":\"https:\/\/www.daisho.be\/es\/#organization\"},\"potentialAction\":[{\"@type\":\"SearchAction\",\"target\":{\"@type\":\"EntryPoint\",\"urlTemplate\":\"https:\/\/www.daisho.be\/es\/?s={search_term_string}\"},\"query-input\":{\"@type\":\"PropertyValueSpecification\",\"valueRequired\":true,\"valueName\":\"search_term_string\"}}],\"inLanguage\":\"es\"},{\"@type\":\"Organization\",\"@id\":\"https:\/\/www.daisho.be\/es\/#organization\",\"name\":\"Daisho\",\"url\":\"https:\/\/www.daisho.be\/es\/\",\"logo\":{\"@type\":\"ImageObject\",\"inLanguage\":\"es\",\"@id\":\"https:\/\/www.daisho.be\/es\/#\/schema\/logo\/image\/\",\"url\":\"https:\/\/www.daisho.be\/wp-content\/uploads\/2019\/07\/color-nothing-horizontale4x-e1564486100247.png\",\"contentUrl\":\"https:\/\/www.daisho.be\/wp-content\/uploads\/2019\/07\/color-nothing-horizontale4x-e1564486100247.png\",\"width\":1547,\"height\":385,\"caption\":\"Daisho\"},\"image\":{\"@id\":\"https:\/\/www.daisho.be\/es\/#\/schema\/logo\/image\/\"}}]}<\/script>\n<!-- \/ Yoast SEO plugin. -->","yoast_head_json":{"title":"Parche de recuperaci\u00f3n KT TAPE &#8211; Daisho","description":"\u00bfNecesitas aliviar la inflamaci\u00f3n y el dolor? Descubre los parches de recuperaci\u00f3n KT TAPE en nuestro sitio web www.daisho.be|Daisho","robots":{"index":"index","follow":"follow","max-snippet":"max-snippet:-1","max-image-preview":"max-image-preview:large","max-video-preview":"max-video-preview:-1"},"canonical":"https:\/\/www.daisho.be\/es\/produit\/parche-de-recuperacion-kt-tape\/","og_locale":"es_ES","og_type":"article","og_title":"Parche de recuperaci\u00f3n KT TAPE &#8211; Daisho","og_description":"\u00bfNecesitas aliviar la inflamaci\u00f3n y el dolor? Descubre los parches de recuperaci\u00f3n KT TAPE en nuestro sitio web www.daisho.be|Daisho","og_url":"https:\/\/www.daisho.be\/es\/produit\/parche-de-recuperacion-kt-tape\/","og_site_name":"Daisho","article_modified_time":"2026-04-23T14:14:46+00:00","og_image":[{"width":1062,"height":636,"url":"https:\/\/www.daisho.be\/wp-content\/uploads\/2026\/04\/image-86.jpg","type":"image\/jpeg"}],"twitter_card":"summary_large_image","schema":{"@context":"https:\/\/schema.org","@graph":[{"@type":"WebPage","@id":"https:\/\/www.daisho.be\/es\/produit\/parche-de-recuperacion-kt-tape\/","url":"https:\/\/www.daisho.be\/es\/produit\/parche-de-recuperacion-kt-tape\/","name":"Parche de recuperaci\u00f3n KT TAPE &#8211; Daisho","isPartOf":{"@id":"https:\/\/www.daisho.be\/es\/#website"},"primaryImageOfPage":{"@id":"https:\/\/www.daisho.be\/es\/produit\/parche-de-recuperacion-kt-tape\/#primaryimage"},"image":{"@id":"https:\/\/www.daisho.be\/es\/produit\/parche-de-recuperacion-kt-tape\/#primaryimage"},"thumbnailUrl":"https:\/\/www.daisho.be\/wp-content\/uploads\/2026\/04\/image-86.jpg","datePublished":"2026-04-23T11:05:30+00:00","dateModified":"2026-04-23T14:14:46+00:00","description":"\u00bfNecesitas aliviar la inflamaci\u00f3n y el dolor? Descubre los parches de recuperaci\u00f3n KT TAPE en nuestro sitio web www.daisho.be|Daisho","breadcrumb":{"@id":"https:\/\/www.daisho.be\/es\/produit\/parche-de-recuperacion-kt-tape\/#breadcrumb"},"inLanguage":"es","potentialAction":[{"@type":"ReadAction","target":["https:\/\/www.daisho.be\/es\/produit\/parche-de-recuperacion-kt-tape\/"]}]},{"@type":"ImageObject","inLanguage":"es","@id":"https:\/\/www.daisho.be\/es\/produit\/parche-de-recuperacion-kt-tape\/#primaryimage","url":"https:\/\/www.daisho.be\/wp-content\/uploads\/2026\/04\/image-86.jpg","contentUrl":"https:\/\/www.daisho.be\/wp-content\/uploads\/2026\/04\/image-86.jpg","width":1062,"height":636,"caption":"Parche de recuperaci\u00f3n KT TAPE\u00ae-1"},{"@type":"BreadcrumbList","@id":"https:\/\/www.daisho.be\/es\/produit\/parche-de-recuperacion-kt-tape\/#breadcrumb","itemListElement":[{"@type":"ListItem","position":1,"name":"Accueil","item":"https:\/\/www.daisho.be\/es\/"},{"@type":"ListItem","position":2,"name":"Productos","item":"https:\/\/www.daisho.be\/es\/productos\/"},{"@type":"ListItem","position":3,"name":"Cuidado del deporte","item":"https:\/\/www.daisho.be\/es\/categorie-produit\/cuidado-del-deporte\/"},{"@type":"ListItem","position":4,"name":"Cintas","item":"https:\/\/www.daisho.be\/es\/categorie-produit\/cuidado-del-deporte\/cintas\/"},{"@type":"ListItem","position":5,"name":"Parche de recuperaci\u00f3n KT TAPE"}]},{"@type":"WebSite","@id":"https:\/\/www.daisho.be\/es\/#website","url":"https:\/\/www.daisho.be\/es\/","name":"Daisho","description":"Sp&eacute;cialiste de l'&eacute;quipement sportif d'arts martiaux","publisher":{"@id":"https:\/\/www.daisho.be\/es\/#organization"},"potentialAction":[{"@type":"SearchAction","target":{"@type":"EntryPoint","urlTemplate":"https:\/\/www.daisho.be\/es\/?s={search_term_string}"},"query-input":{"@type":"PropertyValueSpecification","valueRequired":true,"valueName":"search_term_string"}}],"inLanguage":"es"},{"@type":"Organization","@id":"https:\/\/www.daisho.be\/es\/#organization","name":"Daisho","url":"https:\/\/www.daisho.be\/es\/","logo":{"@type":"ImageObject","inLanguage":"es","@id":"https:\/\/www.daisho.be\/es\/#\/schema\/logo\/image\/","url":"https:\/\/www.daisho.be\/wp-content\/uploads\/2019\/07\/color-nothing-horizontale4x-e1564486100247.png","contentUrl":"https:\/\/www.daisho.be\/wp-content\/uploads\/2019\/07\/color-nothing-horizontale4x-e1564486100247.png","width":1547,"height":385,"caption":"Daisho"},"image":{"@id":"https:\/\/www.daisho.be\/es\/#\/schema\/logo\/image\/"}}]}},"_links":{"self":[{"href":"https:\/\/www.daisho.be\/es\/wp-json\/wp\/v2\/product\/686243","targetHints":{"allow":["GET"]}}],"collection":[{"href":"https:\/\/www.daisho.be\/es\/wp-json\/wp\/v2\/product"}],"about":[{"href":"https:\/\/www.daisho.be\/es\/wp-json\/wp\/v2\/types\/product"}],"replies":[{"embeddable":true,"href":"https:\/\/www.daisho.be\/es\/wp-json\/wp\/v2\/comments?post=686243"}],"wp:featuredmedia":[{"embeddable":true,"href":"https:\/\/www.daisho.be\/es\/wp-json\/wp\/v2\/media\/686279"}],"wp:attachment":[{"href":"https:\/\/www.daisho.be\/es\/wp-json\/wp\/v2\/media?parent=686243"}],"wp:term":[{"taxonomy":"product_brand","embeddable":true,"href":"https:\/\/www.daisho.be\/es\/wp-json\/wp\/v2\/product_brand?post=686243"},{"taxonomy":"product_cat","embeddable":true,"href":"https:\/\/www.daisho.be\/es\/wp-json\/wp\/v2\/product_cat?post=686243"},{"taxonomy":"product_tag","embeddable":true,"href":"https:\/\/www.daisho.be\/es\/wp-json\/wp\/v2\/product_tag?post=686243"},{"taxonomy":"sport","embeddable":true,"href":"https:\/\/www.daisho.be\/es\/wp-json\/wp\/v2\/sport?post=686243"}],"curies":[{"name":"wp","href":"https:\/\/api.w.org\/{rel}","templated":true}]}}