{"id":686232,"date":"2026-04-23T12:50:12","date_gmt":"2026-04-23T10:50:12","guid":{"rendered":"https:\/\/www.daisho.be\/produit\/parche-kt-tape-pro\/"},"modified":"2026-04-23T16:24:09","modified_gmt":"2026-04-23T14:24:09","slug":"parche-kt-tape-pro","status":"publish","type":"product","link":"https:\/\/www.daisho.be\/es\/produit\/parche-kt-tape-pro\/","title":{"rendered":"Parche KT TAPE PRO"},"content":{"rendered":"<p>KT TAPE PRO X es un parche kinesiol\u00f3gico que proporciona alivio espec\u00edfico para el dolor muscular y tendinoso.<\/p>\n<p>Caracter\u00edsticas:<\/p>\n<p>&#8211; Dise\u00f1ado con precisi\u00f3n para el alivio espec\u00edfico del dolor muscular.<br \/>\n&#8211; Parche f\u00e1cil de usar; no es necesario cortar.<br \/>\n&#8211; Se adhiere perfectamente durante el entrenamiento, la sudoraci\u00f3n y la ducha.<br \/>\n&#8211; Proporciona un apoyo eficaz durante 1 a 3 d\u00edas.<br \/>\n&#8211; Hipoalerg\u00e9nico y sin l\u00e1tex para la seguridad de la piel.<\/p>\n","protected":false},"excerpt":{"rendered":"<p>KT TAPE PRO X es un parche kinesiol\u00f3gico que proporciona alivio espec\u00edfico para el dolor muscular y tendinoso. Caracter\u00edsticas: &#8211; Dise\u00f1ado con precisi\u00f3n para el alivio espec\u00edfico del dolor muscular. &#8211; Parche f\u00e1cil de usar; no es necesario cortar. &#8211; Se adhiere perfectamente durante el entrenamiento, la sudoraci\u00f3n y la ducha. &#8211; Proporciona un apoyo [&hellip;]<\/p>\n","protected":false},"featured_media":686218,"comment_status":"open","ping_status":"closed","template":"","meta":{"inline_featured_image":false},"product_brand":[],"product_cat":[1383],"product_tag":[2619],"sport":[],"class_list":{"0":"post-686232","1":"product","2":"type-product","3":"status-publish","4":"has-post-thumbnail","6":"product_cat-cintas","7":"product_tag-cinta-kt","9":"first","10":"instock","11":"taxable","12":"shipping-taxable","13":"purchasable","14":"product-type-simple"},"yoast_head":"<!-- This site is optimized with the Yoast SEO plugin v27.2 - https:\/\/yoast.com\/product\/yoast-seo-wordpress\/ -->\n<title>Parche KT TAPE PRO &#8211; Daisho<\/title>\n<meta name=\"robots\" content=\"index, follow, max-snippet:-1, max-image-preview:large, max-video-preview:-1\" \/>\n<link rel=\"canonical\" href=\"https:\/\/www.daisho.be\/es\/produit\/parche-kt-tape-pro\/\" \/>\n<meta property=\"og:locale\" content=\"es_ES\" \/>\n<meta property=\"og:type\" content=\"article\" \/>\n<meta property=\"og:title\" content=\"Parche KT TAPE PRO &#8211; Daisho\" \/>\n<meta property=\"og:description\" content=\"KT TAPE PRO X es un parche kinesiol\u00f3gico que proporciona alivio espec\u00edfico para el dolor muscular y tendinoso. Caracter\u00edsticas: &#8211; Dise\u00f1ado con precisi\u00f3n para el alivio espec\u00edfico del dolor muscular. &#8211; Parche f\u00e1cil de usar; no es necesario cortar. &#8211; Se adhiere perfectamente durante el entrenamiento, la sudoraci\u00f3n y la ducha. &#8211; Proporciona un apoyo [&hellip;]\" \/>\n<meta property=\"og:url\" content=\"https:\/\/www.daisho.be\/es\/produit\/parche-kt-tape-pro\/\" \/>\n<meta property=\"og:site_name\" content=\"Daisho\" \/>\n<meta property=\"article:modified_time\" content=\"2026-04-23T14:24:09+00:00\" \/>\n<meta property=\"og:image\" content=\"https:\/\/www.daisho.be\/wp-content\/uploads\/2026\/04\/image-62.png\" \/>\n\t<meta property=\"og:image:width\" content=\"1283\" \/>\n\t<meta property=\"og:image:height\" content=\"975\" \/>\n\t<meta property=\"og:image:type\" content=\"image\/png\" \/>\n<meta name=\"twitter:card\" content=\"summary_large_image\" \/>\n<script type=\"application\/ld+json\" class=\"yoast-schema-graph\">{\"@context\":\"https:\/\/schema.org\",\"@graph\":[{\"@type\":\"WebPage\",\"@id\":\"https:\/\/www.daisho.be\/es\/produit\/parche-kt-tape-pro\/\",\"url\":\"https:\/\/www.daisho.be\/es\/produit\/parche-kt-tape-pro\/\",\"name\":\"Parche KT TAPE PRO &#8211; Daisho\",\"isPartOf\":{\"@id\":\"https:\/\/www.daisho.be\/es\/#website\"},\"primaryImageOfPage\":{\"@id\":\"https:\/\/www.daisho.be\/es\/produit\/parche-kt-tape-pro\/#primaryimage\"},\"image\":{\"@id\":\"https:\/\/www.daisho.be\/es\/produit\/parche-kt-tape-pro\/#primaryimage\"},\"thumbnailUrl\":\"https:\/\/www.daisho.be\/wp-content\/uploads\/2026\/04\/image-62.png\",\"datePublished\":\"2026-04-23T10:50:12+00:00\",\"dateModified\":\"2026-04-23T14:24:09+00:00\",\"breadcrumb\":{\"@id\":\"https:\/\/www.daisho.be\/es\/produit\/parche-kt-tape-pro\/#breadcrumb\"},\"inLanguage\":\"es\",\"potentialAction\":[{\"@type\":\"ReadAction\",\"target\":[\"https:\/\/www.daisho.be\/es\/produit\/parche-kt-tape-pro\/\"]}]},{\"@type\":\"ImageObject\",\"inLanguage\":\"es\",\"@id\":\"https:\/\/www.daisho.be\/es\/produit\/parche-kt-tape-pro\/#primaryimage\",\"url\":\"https:\/\/www.daisho.be\/wp-content\/uploads\/2026\/04\/image-62.png\",\"contentUrl\":\"https:\/\/www.daisho.be\/wp-content\/uploads\/2026\/04\/image-62.png\",\"width\":1283,\"height\":975,\"caption\":\"Patch KT TAPE PRO -1\"},{\"@type\":\"BreadcrumbList\",\"@id\":\"https:\/\/www.daisho.be\/es\/produit\/parche-kt-tape-pro\/#breadcrumb\",\"itemListElement\":[{\"@type\":\"ListItem\",\"position\":1,\"name\":\"Accueil\",\"item\":\"https:\/\/www.daisho.be\/es\/\"},{\"@type\":\"ListItem\",\"position\":2,\"name\":\"Productos\",\"item\":\"https:\/\/www.daisho.be\/es\/productos\/\"},{\"@type\":\"ListItem\",\"position\":3,\"name\":\"Cuidado del deporte\",\"item\":\"https:\/\/www.daisho.be\/es\/categorie-produit\/cuidado-del-deporte\/\"},{\"@type\":\"ListItem\",\"position\":4,\"name\":\"Cintas\",\"item\":\"https:\/\/www.daisho.be\/es\/categorie-produit\/cuidado-del-deporte\/cintas\/\"},{\"@type\":\"ListItem\",\"position\":5,\"name\":\"Parche KT TAPE PRO\"}]},{\"@type\":\"WebSite\",\"@id\":\"https:\/\/www.daisho.be\/es\/#website\",\"url\":\"https:\/\/www.daisho.be\/es\/\",\"name\":\"Daisho\",\"description\":\"Sp&eacute;cialiste de l'&eacute;quipement sportif d'arts martiaux\",\"publisher\":{\"@id\":\"https:\/\/www.daisho.be\/es\/#organization\"},\"potentialAction\":[{\"@type\":\"SearchAction\",\"target\":{\"@type\":\"EntryPoint\",\"urlTemplate\":\"https:\/\/www.daisho.be\/es\/?s={search_term_string}\"},\"query-input\":{\"@type\":\"PropertyValueSpecification\",\"valueRequired\":true,\"valueName\":\"search_term_string\"}}],\"inLanguage\":\"es\"},{\"@type\":\"Organization\",\"@id\":\"https:\/\/www.daisho.be\/es\/#organization\",\"name\":\"Daisho\",\"url\":\"https:\/\/www.daisho.be\/es\/\",\"logo\":{\"@type\":\"ImageObject\",\"inLanguage\":\"es\",\"@id\":\"https:\/\/www.daisho.be\/es\/#\/schema\/logo\/image\/\",\"url\":\"https:\/\/www.daisho.be\/wp-content\/uploads\/2019\/07\/color-nothing-horizontale4x-e1564486100247.png\",\"contentUrl\":\"https:\/\/www.daisho.be\/wp-content\/uploads\/2019\/07\/color-nothing-horizontale4x-e1564486100247.png\",\"width\":1547,\"height\":385,\"caption\":\"Daisho\"},\"image\":{\"@id\":\"https:\/\/www.daisho.be\/es\/#\/schema\/logo\/image\/\"}}]}<\/script>\n<!-- \/ Yoast SEO plugin. -->","yoast_head_json":{"title":"Parche KT TAPE PRO &#8211; Daisho","robots":{"index":"index","follow":"follow","max-snippet":"max-snippet:-1","max-image-preview":"max-image-preview:large","max-video-preview":"max-video-preview:-1"},"canonical":"https:\/\/www.daisho.be\/es\/produit\/parche-kt-tape-pro\/","og_locale":"es_ES","og_type":"article","og_title":"Parche KT TAPE PRO &#8211; Daisho","og_description":"KT TAPE PRO X es un parche kinesiol\u00f3gico que proporciona alivio espec\u00edfico para el dolor muscular y tendinoso. Caracter\u00edsticas: &#8211; Dise\u00f1ado con precisi\u00f3n para el alivio espec\u00edfico del dolor muscular. &#8211; Parche f\u00e1cil de usar; no es necesario cortar. &#8211; Se adhiere perfectamente durante el entrenamiento, la sudoraci\u00f3n y la ducha. &#8211; Proporciona un apoyo [&hellip;]","og_url":"https:\/\/www.daisho.be\/es\/produit\/parche-kt-tape-pro\/","og_site_name":"Daisho","article_modified_time":"2026-04-23T14:24:09+00:00","og_image":[{"width":1283,"height":975,"url":"https:\/\/www.daisho.be\/wp-content\/uploads\/2026\/04\/image-62.png","type":"image\/png"}],"twitter_card":"summary_large_image","schema":{"@context":"https:\/\/schema.org","@graph":[{"@type":"WebPage","@id":"https:\/\/www.daisho.be\/es\/produit\/parche-kt-tape-pro\/","url":"https:\/\/www.daisho.be\/es\/produit\/parche-kt-tape-pro\/","name":"Parche KT TAPE PRO &#8211; Daisho","isPartOf":{"@id":"https:\/\/www.daisho.be\/es\/#website"},"primaryImageOfPage":{"@id":"https:\/\/www.daisho.be\/es\/produit\/parche-kt-tape-pro\/#primaryimage"},"image":{"@id":"https:\/\/www.daisho.be\/es\/produit\/parche-kt-tape-pro\/#primaryimage"},"thumbnailUrl":"https:\/\/www.daisho.be\/wp-content\/uploads\/2026\/04\/image-62.png","datePublished":"2026-04-23T10:50:12+00:00","dateModified":"2026-04-23T14:24:09+00:00","breadcrumb":{"@id":"https:\/\/www.daisho.be\/es\/produit\/parche-kt-tape-pro\/#breadcrumb"},"inLanguage":"es","potentialAction":[{"@type":"ReadAction","target":["https:\/\/www.daisho.be\/es\/produit\/parche-kt-tape-pro\/"]}]},{"@type":"ImageObject","inLanguage":"es","@id":"https:\/\/www.daisho.be\/es\/produit\/parche-kt-tape-pro\/#primaryimage","url":"https:\/\/www.daisho.be\/wp-content\/uploads\/2026\/04\/image-62.png","contentUrl":"https:\/\/www.daisho.be\/wp-content\/uploads\/2026\/04\/image-62.png","width":1283,"height":975,"caption":"Patch KT TAPE PRO -1"},{"@type":"BreadcrumbList","@id":"https:\/\/www.daisho.be\/es\/produit\/parche-kt-tape-pro\/#breadcrumb","itemListElement":[{"@type":"ListItem","position":1,"name":"Accueil","item":"https:\/\/www.daisho.be\/es\/"},{"@type":"ListItem","position":2,"name":"Productos","item":"https:\/\/www.daisho.be\/es\/productos\/"},{"@type":"ListItem","position":3,"name":"Cuidado del deporte","item":"https:\/\/www.daisho.be\/es\/categorie-produit\/cuidado-del-deporte\/"},{"@type":"ListItem","position":4,"name":"Cintas","item":"https:\/\/www.daisho.be\/es\/categorie-produit\/cuidado-del-deporte\/cintas\/"},{"@type":"ListItem","position":5,"name":"Parche KT TAPE PRO"}]},{"@type":"WebSite","@id":"https:\/\/www.daisho.be\/es\/#website","url":"https:\/\/www.daisho.be\/es\/","name":"Daisho","description":"Sp&eacute;cialiste de l'&eacute;quipement sportif d'arts martiaux","publisher":{"@id":"https:\/\/www.daisho.be\/es\/#organization"},"potentialAction":[{"@type":"SearchAction","target":{"@type":"EntryPoint","urlTemplate":"https:\/\/www.daisho.be\/es\/?s={search_term_string}"},"query-input":{"@type":"PropertyValueSpecification","valueRequired":true,"valueName":"search_term_string"}}],"inLanguage":"es"},{"@type":"Organization","@id":"https:\/\/www.daisho.be\/es\/#organization","name":"Daisho","url":"https:\/\/www.daisho.be\/es\/","logo":{"@type":"ImageObject","inLanguage":"es","@id":"https:\/\/www.daisho.be\/es\/#\/schema\/logo\/image\/","url":"https:\/\/www.daisho.be\/wp-content\/uploads\/2019\/07\/color-nothing-horizontale4x-e1564486100247.png","contentUrl":"https:\/\/www.daisho.be\/wp-content\/uploads\/2019\/07\/color-nothing-horizontale4x-e1564486100247.png","width":1547,"height":385,"caption":"Daisho"},"image":{"@id":"https:\/\/www.daisho.be\/es\/#\/schema\/logo\/image\/"}}]}},"_links":{"self":[{"href":"https:\/\/www.daisho.be\/es\/wp-json\/wp\/v2\/product\/686232","targetHints":{"allow":["GET"]}}],"collection":[{"href":"https:\/\/www.daisho.be\/es\/wp-json\/wp\/v2\/product"}],"about":[{"href":"https:\/\/www.daisho.be\/es\/wp-json\/wp\/v2\/types\/product"}],"replies":[{"embeddable":true,"href":"https:\/\/www.daisho.be\/es\/wp-json\/wp\/v2\/comments?post=686232"}],"wp:featuredmedia":[{"embeddable":true,"href":"https:\/\/www.daisho.be\/es\/wp-json\/wp\/v2\/media\/686218"}],"wp:attachment":[{"href":"https:\/\/www.daisho.be\/es\/wp-json\/wp\/v2\/media?parent=686232"}],"wp:term":[{"taxonomy":"product_brand","embeddable":true,"href":"https:\/\/www.daisho.be\/es\/wp-json\/wp\/v2\/product_brand?post=686232"},{"taxonomy":"product_cat","embeddable":true,"href":"https:\/\/www.daisho.be\/es\/wp-json\/wp\/v2\/product_cat?post=686232"},{"taxonomy":"product_tag","embeddable":true,"href":"https:\/\/www.daisho.be\/es\/wp-json\/wp\/v2\/product_tag?post=686232"},{"taxonomy":"sport","embeddable":true,"href":"https:\/\/www.daisho.be\/es\/wp-json\/wp\/v2\/sport?post=686232"}],"curies":[{"name":"wp","href":"https:\/\/api.w.org\/{rel}","templated":true}]}}