{"id":680949,"date":"2026-04-17T13:25:31","date_gmt":"2026-04-17T11:25:31","guid":{"rendered":"https:\/\/www.daisho.be\/produit\/pantalones-cortos-de-compresion-aircore\/"},"modified":"2026-04-17T13:25:31","modified_gmt":"2026-04-17T11:25:31","slug":"pantalones-cortos-de-compresion-aircore","status":"publish","type":"product","link":"https:\/\/www.daisho.be\/es\/produit\/pantalones-cortos-de-compresion-aircore\/","title":{"rendered":"Pantalones cortos de compresi\u00f3n Aircore"},"content":{"rendered":"<p>Ideal para todos los deportistas que buscan comodidad y compresi\u00f3n.<br \/>\nEl sistema de sujeci\u00f3n \u00abUltra Cup\u00bb mantiene la bolsa protectora en una posici\u00f3n m\u00e1s natural, garantizando que permanezca firmemente en su sitio.<br \/>\nIncorpora la carcasa Shock Doctor Aircore&#x2122; con tecnolog\u00eda patentada de fusi\u00f3n de 3 capas y un 30% m\u00e1s ligera que una carcasa moldeada tradicional.<\/p>\n<p>Caracter\u00edsticas :<\/p>\n<p>&#8211; Ajuste perfecto: la correa interna del sistema de sujeci\u00f3n \u00abUltra Cup\u00bb mantiene en su sitio los dos tercios inferiores de la carcasa para un posicionamiento \u00f3ptimo y una comodidad superior.<br \/>\n&#8211; M\u00e1xima comodidad: cintur\u00f3n de micromalla ultrapremium.<br \/>\n&#8211; M\u00e1xima transpirabilidad y protecci\u00f3n: bolsillo protector de malla transpirable y carcasa Aircore&#x2122;.<br \/>\n&#8211; Sin piezas m\u00f3viles: el sistema de sujeci\u00f3n Ultra Cup mantiene la bolsa en una posici\u00f3n m\u00e1s natural para una protecci\u00f3n fiable.<br \/>\n&#8211; Ideal para deportes de contacto: ideal para deportistas que practican f\u00fatbol americano, b\u00e9isbol, hockey, lacrosse y MMA<\/p>\n","protected":false},"excerpt":{"rendered":"<p>Ideal para todos los deportistas que buscan comodidad y compresi\u00f3n. El sistema de sujeci\u00f3n \u00abUltra Cup\u00bb mantiene la bolsa protectora en una posici\u00f3n m\u00e1s natural, garantizando que permanezca firmemente en su sitio. Incorpora la carcasa Shock Doctor Aircore&#x2122; con tecnolog\u00eda patentada de fusi\u00f3n de 3 capas y un 30% m\u00e1s ligera que una carcasa moldeada [&hellip;]<\/p>\n","protected":false},"featured_media":680982,"comment_status":"open","ping_status":"closed","template":"","meta":{"inline_featured_image":false},"product_brand":[],"product_cat":[1622],"product_tag":[2613],"sport":[],"class_list":{"0":"post-680949","1":"product","2":"type-product","3":"status-publish","4":"has-post-thumbnail","6":"product_cat-otros","7":"product_tag-shock-doctor","8":"pa_size-2xl","9":"pa_size-l","10":"pa_size-m","11":"pa_size-s","12":"pa_size-xl","14":"first","15":"instock","16":"taxable","17":"shipping-taxable","18":"purchasable","19":"product-type-variable"},"yoast_head":"<!-- This site is optimized with the Yoast SEO plugin v27.2 - https:\/\/yoast.com\/product\/yoast-seo-wordpress\/ -->\n<title>Pantalones cortos de compresi\u00f3n Aircore &#8211; Daisho<\/title>\n<meta name=\"robots\" content=\"index, follow, max-snippet:-1, max-image-preview:large, max-video-preview:-1\" \/>\n<link rel=\"canonical\" href=\"https:\/\/www.daisho.be\/es\/produit\/pantalones-cortos-de-compresion-aircore\/\" \/>\n<meta property=\"og:locale\" content=\"es_ES\" \/>\n<meta property=\"og:type\" content=\"article\" \/>\n<meta property=\"og:title\" content=\"Pantalones cortos de compresi\u00f3n Aircore &#8211; Daisho\" \/>\n<meta property=\"og:description\" content=\"Ideal para todos los deportistas que buscan comodidad y compresi\u00f3n. El sistema de sujeci\u00f3n \u00abUltra Cup\u00bb mantiene la bolsa protectora en una posici\u00f3n m\u00e1s natural, garantizando que permanezca firmemente en su sitio. Incorpora la carcasa Shock Doctor Aircore&#x2122; con tecnolog\u00eda patentada de fusi\u00f3n de 3 capas y un 30% m\u00e1s ligera que una carcasa moldeada [&hellip;]\" \/>\n<meta property=\"og:url\" content=\"https:\/\/www.daisho.be\/es\/produit\/pantalones-cortos-de-compresion-aircore\/\" \/>\n<meta property=\"og:site_name\" content=\"Daisho\" \/>\n<meta property=\"og:image\" content=\"https:\/\/www.daisho.be\/wp-content\/uploads\/2026\/04\/image-57.png\" \/>\n\t<meta property=\"og:image:width\" content=\"1000\" \/>\n\t<meta property=\"og:image:height\" content=\"1000\" \/>\n\t<meta property=\"og:image:type\" content=\"image\/png\" \/>\n<meta name=\"twitter:card\" content=\"summary_large_image\" \/>\n<meta name=\"twitter:label1\" content=\"Tiempo de lectura\" \/>\n\t<meta name=\"twitter:data1\" content=\"1 minuto\" \/>\n<script type=\"application\/ld+json\" class=\"yoast-schema-graph\">{\"@context\":\"https:\/\/schema.org\",\"@graph\":[{\"@type\":\"WebPage\",\"@id\":\"https:\/\/www.daisho.be\/es\/produit\/pantalones-cortos-de-compresion-aircore\/\",\"url\":\"https:\/\/www.daisho.be\/es\/produit\/pantalones-cortos-de-compresion-aircore\/\",\"name\":\"Pantalones cortos de compresi\u00f3n Aircore &#8211; Daisho\",\"isPartOf\":{\"@id\":\"https:\/\/www.daisho.be\/es\/#website\"},\"primaryImageOfPage\":{\"@id\":\"https:\/\/www.daisho.be\/es\/produit\/pantalones-cortos-de-compresion-aircore\/#primaryimage\"},\"image\":{\"@id\":\"https:\/\/www.daisho.be\/es\/produit\/pantalones-cortos-de-compresion-aircore\/#primaryimage\"},\"thumbnailUrl\":\"https:\/\/www.daisho.be\/wp-content\/uploads\/2026\/04\/image-57.png\",\"datePublished\":\"2026-04-17T11:25:31+00:00\",\"breadcrumb\":{\"@id\":\"https:\/\/www.daisho.be\/es\/produit\/pantalones-cortos-de-compresion-aircore\/#breadcrumb\"},\"inLanguage\":\"es\",\"potentialAction\":[{\"@type\":\"ReadAction\",\"target\":[\"https:\/\/www.daisho.be\/es\/produit\/pantalones-cortos-de-compresion-aircore\/\"]}]},{\"@type\":\"ImageObject\",\"inLanguage\":\"es\",\"@id\":\"https:\/\/www.daisho.be\/es\/produit\/pantalones-cortos-de-compresion-aircore\/#primaryimage\",\"url\":\"https:\/\/www.daisho.be\/wp-content\/uploads\/2026\/04\/image-57.png\",\"contentUrl\":\"https:\/\/www.daisho.be\/wp-content\/uploads\/2026\/04\/image-57.png\",\"width\":1000,\"height\":1000,\"caption\":\"Short de compression Aircore-1\"},{\"@type\":\"BreadcrumbList\",\"@id\":\"https:\/\/www.daisho.be\/es\/produit\/pantalones-cortos-de-compresion-aircore\/#breadcrumb\",\"itemListElement\":[{\"@type\":\"ListItem\",\"position\":1,\"name\":\"Accueil\",\"item\":\"https:\/\/www.daisho.be\/es\/\"},{\"@type\":\"ListItem\",\"position\":2,\"name\":\"Productos\",\"item\":\"https:\/\/www.daisho.be\/es\/productos\/\"},{\"@type\":\"ListItem\",\"position\":3,\"name\":\"Otros\",\"item\":\"https:\/\/www.daisho.be\/es\/categorie-produit\/otros\/\"},{\"@type\":\"ListItem\",\"position\":4,\"name\":\"Pantalones cortos de compresi\u00f3n Aircore\"}]},{\"@type\":\"WebSite\",\"@id\":\"https:\/\/www.daisho.be\/es\/#website\",\"url\":\"https:\/\/www.daisho.be\/es\/\",\"name\":\"Daisho\",\"description\":\"Sp&eacute;cialiste de l'&eacute;quipement sportif d'arts martiaux\",\"publisher\":{\"@id\":\"https:\/\/www.daisho.be\/es\/#organization\"},\"potentialAction\":[{\"@type\":\"SearchAction\",\"target\":{\"@type\":\"EntryPoint\",\"urlTemplate\":\"https:\/\/www.daisho.be\/es\/?s={search_term_string}\"},\"query-input\":{\"@type\":\"PropertyValueSpecification\",\"valueRequired\":true,\"valueName\":\"search_term_string\"}}],\"inLanguage\":\"es\"},{\"@type\":\"Organization\",\"@id\":\"https:\/\/www.daisho.be\/es\/#organization\",\"name\":\"Daisho\",\"url\":\"https:\/\/www.daisho.be\/es\/\",\"logo\":{\"@type\":\"ImageObject\",\"inLanguage\":\"es\",\"@id\":\"https:\/\/www.daisho.be\/es\/#\/schema\/logo\/image\/\",\"url\":\"https:\/\/www.daisho.be\/wp-content\/uploads\/2019\/07\/color-nothing-horizontale4x-e1564486100247.png\",\"contentUrl\":\"https:\/\/www.daisho.be\/wp-content\/uploads\/2019\/07\/color-nothing-horizontale4x-e1564486100247.png\",\"width\":1547,\"height\":385,\"caption\":\"Daisho\"},\"image\":{\"@id\":\"https:\/\/www.daisho.be\/es\/#\/schema\/logo\/image\/\"}}]}<\/script>\n<!-- \/ Yoast SEO plugin. -->","yoast_head_json":{"title":"Pantalones cortos de compresi\u00f3n Aircore &#8211; Daisho","robots":{"index":"index","follow":"follow","max-snippet":"max-snippet:-1","max-image-preview":"max-image-preview:large","max-video-preview":"max-video-preview:-1"},"canonical":"https:\/\/www.daisho.be\/es\/produit\/pantalones-cortos-de-compresion-aircore\/","og_locale":"es_ES","og_type":"article","og_title":"Pantalones cortos de compresi\u00f3n Aircore &#8211; Daisho","og_description":"Ideal para todos los deportistas que buscan comodidad y compresi\u00f3n. El sistema de sujeci\u00f3n \u00abUltra Cup\u00bb mantiene la bolsa protectora en una posici\u00f3n m\u00e1s natural, garantizando que permanezca firmemente en su sitio. Incorpora la carcasa Shock Doctor Aircore&#x2122; con tecnolog\u00eda patentada de fusi\u00f3n de 3 capas y un 30% m\u00e1s ligera que una carcasa moldeada [&hellip;]","og_url":"https:\/\/www.daisho.be\/es\/produit\/pantalones-cortos-de-compresion-aircore\/","og_site_name":"Daisho","og_image":[{"width":1000,"height":1000,"url":"https:\/\/www.daisho.be\/wp-content\/uploads\/2026\/04\/image-57.png","type":"image\/png"}],"twitter_card":"summary_large_image","twitter_misc":{"Tiempo de lectura":"1 minuto"},"schema":{"@context":"https:\/\/schema.org","@graph":[{"@type":"WebPage","@id":"https:\/\/www.daisho.be\/es\/produit\/pantalones-cortos-de-compresion-aircore\/","url":"https:\/\/www.daisho.be\/es\/produit\/pantalones-cortos-de-compresion-aircore\/","name":"Pantalones cortos de compresi\u00f3n Aircore &#8211; Daisho","isPartOf":{"@id":"https:\/\/www.daisho.be\/es\/#website"},"primaryImageOfPage":{"@id":"https:\/\/www.daisho.be\/es\/produit\/pantalones-cortos-de-compresion-aircore\/#primaryimage"},"image":{"@id":"https:\/\/www.daisho.be\/es\/produit\/pantalones-cortos-de-compresion-aircore\/#primaryimage"},"thumbnailUrl":"https:\/\/www.daisho.be\/wp-content\/uploads\/2026\/04\/image-57.png","datePublished":"2026-04-17T11:25:31+00:00","breadcrumb":{"@id":"https:\/\/www.daisho.be\/es\/produit\/pantalones-cortos-de-compresion-aircore\/#breadcrumb"},"inLanguage":"es","potentialAction":[{"@type":"ReadAction","target":["https:\/\/www.daisho.be\/es\/produit\/pantalones-cortos-de-compresion-aircore\/"]}]},{"@type":"ImageObject","inLanguage":"es","@id":"https:\/\/www.daisho.be\/es\/produit\/pantalones-cortos-de-compresion-aircore\/#primaryimage","url":"https:\/\/www.daisho.be\/wp-content\/uploads\/2026\/04\/image-57.png","contentUrl":"https:\/\/www.daisho.be\/wp-content\/uploads\/2026\/04\/image-57.png","width":1000,"height":1000,"caption":"Short de compression Aircore-1"},{"@type":"BreadcrumbList","@id":"https:\/\/www.daisho.be\/es\/produit\/pantalones-cortos-de-compresion-aircore\/#breadcrumb","itemListElement":[{"@type":"ListItem","position":1,"name":"Accueil","item":"https:\/\/www.daisho.be\/es\/"},{"@type":"ListItem","position":2,"name":"Productos","item":"https:\/\/www.daisho.be\/es\/productos\/"},{"@type":"ListItem","position":3,"name":"Otros","item":"https:\/\/www.daisho.be\/es\/categorie-produit\/otros\/"},{"@type":"ListItem","position":4,"name":"Pantalones cortos de compresi\u00f3n Aircore"}]},{"@type":"WebSite","@id":"https:\/\/www.daisho.be\/es\/#website","url":"https:\/\/www.daisho.be\/es\/","name":"Daisho","description":"Sp&eacute;cialiste de l'&eacute;quipement sportif d'arts martiaux","publisher":{"@id":"https:\/\/www.daisho.be\/es\/#organization"},"potentialAction":[{"@type":"SearchAction","target":{"@type":"EntryPoint","urlTemplate":"https:\/\/www.daisho.be\/es\/?s={search_term_string}"},"query-input":{"@type":"PropertyValueSpecification","valueRequired":true,"valueName":"search_term_string"}}],"inLanguage":"es"},{"@type":"Organization","@id":"https:\/\/www.daisho.be\/es\/#organization","name":"Daisho","url":"https:\/\/www.daisho.be\/es\/","logo":{"@type":"ImageObject","inLanguage":"es","@id":"https:\/\/www.daisho.be\/es\/#\/schema\/logo\/image\/","url":"https:\/\/www.daisho.be\/wp-content\/uploads\/2019\/07\/color-nothing-horizontale4x-e1564486100247.png","contentUrl":"https:\/\/www.daisho.be\/wp-content\/uploads\/2019\/07\/color-nothing-horizontale4x-e1564486100247.png","width":1547,"height":385,"caption":"Daisho"},"image":{"@id":"https:\/\/www.daisho.be\/es\/#\/schema\/logo\/image\/"}}]}},"_links":{"self":[{"href":"https:\/\/www.daisho.be\/es\/wp-json\/wp\/v2\/product\/680949","targetHints":{"allow":["GET"]}}],"collection":[{"href":"https:\/\/www.daisho.be\/es\/wp-json\/wp\/v2\/product"}],"about":[{"href":"https:\/\/www.daisho.be\/es\/wp-json\/wp\/v2\/types\/product"}],"replies":[{"embeddable":true,"href":"https:\/\/www.daisho.be\/es\/wp-json\/wp\/v2\/comments?post=680949"}],"wp:featuredmedia":[{"embeddable":true,"href":"https:\/\/www.daisho.be\/es\/wp-json\/wp\/v2\/media\/680982"}],"wp:attachment":[{"href":"https:\/\/www.daisho.be\/es\/wp-json\/wp\/v2\/media?parent=680949"}],"wp:term":[{"taxonomy":"product_brand","embeddable":true,"href":"https:\/\/www.daisho.be\/es\/wp-json\/wp\/v2\/product_brand?post=680949"},{"taxonomy":"product_cat","embeddable":true,"href":"https:\/\/www.daisho.be\/es\/wp-json\/wp\/v2\/product_cat?post=680949"},{"taxonomy":"product_tag","embeddable":true,"href":"https:\/\/www.daisho.be\/es\/wp-json\/wp\/v2\/product_tag?post=680949"},{"taxonomy":"sport","embeddable":true,"href":"https:\/\/www.daisho.be\/es\/wp-json\/wp\/v2\/sport?post=680949"}],"curies":[{"name":"wp","href":"https:\/\/api.w.org\/{rel}","templated":true}]}}