{"id":678910,"date":"2026-04-14T14:52:10","date_gmt":"2026-04-14T12:52:10","guid":{"rendered":"https:\/\/www.daisho.be\/produit\/judogi-adidas-j500-training-azul\/"},"modified":"2026-04-16T16:17:55","modified_gmt":"2026-04-16T14:17:55","slug":"judogi-adidas-j500-training-azul","status":"publish","type":"product","link":"https:\/\/www.daisho.be\/es\/produit\/judogi-adidas-j500-training-azul\/","title":{"rendered":"Judogi Adidas J500 Training Azul"},"content":{"rendered":"<p>Con su tejido de 500 g\/m\u00b2, este kimono es ideal para ni\u00f1os, adolescentes y adultos ambiciosos.<br \/>\nEste kimono de judo tambi\u00e9n es adecuado para la competici\u00f3n.<br \/>\nLos pantalones tienen cintura con cordones.<br \/>\nRefuerzos en las rodillas en los pantalones a partir de la talla 160.<\/p>\n<p>La chaqueta de este kimono de judo adidas est\u00e1 hecha de un 60% de poli\u00e9ster y un 40% de algod\u00f3n, mientras que los pantalones est\u00e1n hechos de un 52% de poli\u00e9ster y un 48% de algod\u00f3n.<\/p>\n<p>Caracter\u00edsticas :<\/p>\n<p>Material: Chaqueta: 60% poli\u00e9ster, 40% algod\u00f3n<br \/>\nMaterial: Pantal\u00f3n: 52% poli\u00e9ster, 48% algod\u00f3n<br \/>\nColor: azul con rayas blancas en los hombros<\/p>\n","protected":false},"excerpt":{"rendered":"<p>Con su tejido de 500 g\/m\u00b2, este kimono es ideal para ni\u00f1os, adolescentes y adultos ambiciosos. Este kimono de judo tambi\u00e9n es adecuado para la competici\u00f3n. Los pantalones tienen cintura con cordones. Refuerzos en las rodillas en los pantalones a partir de la talla 160. La chaqueta de este kimono de judo adidas est\u00e1 hecha [&hellip;]<\/p>\n","protected":false},"featured_media":678911,"comment_status":"open","ping_status":"closed","template":"","meta":{"inline_featured_image":false},"product_brand":[],"product_cat":[1712,1654],"product_tag":[1560],"sport":[],"class_list":{"0":"post-678910","1":"product","2":"type-product","3":"status-publish","4":"has-post-thumbnail","6":"product_cat-kimono-judogi-adidas-es","7":"product_cat-kimonos-de-judo","8":"product_tag-adidas-es","9":"pa_size-381","10":"pa_size-380","11":"pa_size-379","12":"pa_size-378","13":"pa_size-377","14":"pa_size-376","15":"pa_size-383","17":"first","18":"instock","19":"taxable","20":"shipping-taxable","21":"purchasable","22":"product-type-variable"},"yoast_head":"<!-- This site is optimized with the Yoast SEO plugin v27.2 - https:\/\/yoast.com\/product\/yoast-seo-wordpress\/ -->\n<title>Judogi Adidas J500 Training Azul &#8211; Daisho<\/title>\n<meta name=\"description\" content=\"\u00bfEres aficionado al judo? Descubre el judogi Adidas para todos los niveles, desde principiantes hasta los m\u00e1s ambiciosos. Encu\u00e9ntralo en www.daisho.be|Daisho\" \/>\n<meta name=\"robots\" content=\"index, follow, max-snippet:-1, max-image-preview:large, max-video-preview:-1\" \/>\n<link rel=\"canonical\" href=\"https:\/\/www.daisho.be\/es\/produit\/judogi-adidas-j500-training-azul\/\" \/>\n<meta property=\"og:locale\" content=\"es_ES\" \/>\n<meta property=\"og:type\" content=\"article\" \/>\n<meta property=\"og:title\" content=\"Judogi Adidas J500 Training Azul &#8211; Daisho\" \/>\n<meta property=\"og:description\" content=\"\u00bfEres aficionado al judo? Descubre el judogi Adidas para todos los niveles, desde principiantes hasta los m\u00e1s ambiciosos. Encu\u00e9ntralo en www.daisho.be|Daisho\" \/>\n<meta property=\"og:url\" content=\"https:\/\/www.daisho.be\/es\/produit\/judogi-adidas-j500-training-azul\/\" \/>\n<meta property=\"og:site_name\" content=\"Daisho\" \/>\n<meta property=\"article:modified_time\" content=\"2026-04-16T14:17:55+00:00\" \/>\n<meta property=\"og:image\" content=\"https:\/\/www.daisho.be\/wp-content\/uploads\/2026\/04\/image-11.webp\" \/>\n\t<meta property=\"og:image:width\" content=\"1043\" \/>\n\t<meta property=\"og:image:height\" content=\"1200\" \/>\n\t<meta property=\"og:image:type\" content=\"image\/webp\" \/>\n<meta name=\"twitter:card\" content=\"summary_large_image\" \/>\n<meta name=\"twitter:label1\" content=\"Tiempo de lectura\" \/>\n\t<meta name=\"twitter:data1\" content=\"1 minuto\" \/>\n<script type=\"application\/ld+json\" class=\"yoast-schema-graph\">{\"@context\":\"https:\/\/schema.org\",\"@graph\":[{\"@type\":\"WebPage\",\"@id\":\"https:\/\/www.daisho.be\/es\/produit\/judogi-adidas-j500-training-azul\/\",\"url\":\"https:\/\/www.daisho.be\/es\/produit\/judogi-adidas-j500-training-azul\/\",\"name\":\"Judogi Adidas J500 Training Azul &#8211; Daisho\",\"isPartOf\":{\"@id\":\"https:\/\/www.daisho.be\/es\/#website\"},\"primaryImageOfPage\":{\"@id\":\"https:\/\/www.daisho.be\/es\/produit\/judogi-adidas-j500-training-azul\/#primaryimage\"},\"image\":{\"@id\":\"https:\/\/www.daisho.be\/es\/produit\/judogi-adidas-j500-training-azul\/#primaryimage\"},\"thumbnailUrl\":\"https:\/\/www.daisho.be\/wp-content\/uploads\/2026\/04\/image-11.webp\",\"datePublished\":\"2026-04-14T12:52:10+00:00\",\"dateModified\":\"2026-04-16T14:17:55+00:00\",\"description\":\"\u00bfEres aficionado al judo? Descubre el judogi Adidas para todos los niveles, desde principiantes hasta los m\u00e1s ambiciosos. Encu\u00e9ntralo en www.daisho.be|Daisho\",\"breadcrumb\":{\"@id\":\"https:\/\/www.daisho.be\/es\/produit\/judogi-adidas-j500-training-azul\/#breadcrumb\"},\"inLanguage\":\"es\",\"potentialAction\":[{\"@type\":\"ReadAction\",\"target\":[\"https:\/\/www.daisho.be\/es\/produit\/judogi-adidas-j500-training-azul\/\"]}]},{\"@type\":\"ImageObject\",\"inLanguage\":\"es\",\"@id\":\"https:\/\/www.daisho.be\/es\/produit\/judogi-adidas-j500-training-azul\/#primaryimage\",\"url\":\"https:\/\/www.daisho.be\/wp-content\/uploads\/2026\/04\/image-11.webp\",\"contentUrl\":\"https:\/\/www.daisho.be\/wp-content\/uploads\/2026\/04\/image-11.webp\",\"width\":1043,\"height\":1200,\"caption\":\"Judogi Adidas J500 Training Azul-1\"},{\"@type\":\"BreadcrumbList\",\"@id\":\"https:\/\/www.daisho.be\/es\/produit\/judogi-adidas-j500-training-azul\/#breadcrumb\",\"itemListElement\":[{\"@type\":\"ListItem\",\"position\":1,\"name\":\"Accueil\",\"item\":\"https:\/\/www.daisho.be\/es\/\"},{\"@type\":\"ListItem\",\"position\":2,\"name\":\"Productos\",\"item\":\"https:\/\/www.daisho.be\/es\/productos\/\"},{\"@type\":\"ListItem\",\"position\":3,\"name\":\"ADIDAS COMBAT SPORTS\",\"item\":\"https:\/\/www.daisho.be\/es\/categorie-produit\/adidas-combat-sports-es\/\"},{\"@type\":\"ListItem\",\"position\":4,\"name\":\"Judo\",\"item\":\"https:\/\/www.daisho.be\/es\/categorie-produit\/adidas-combat-sports-es\/judo-es-2\/\"},{\"@type\":\"ListItem\",\"position\":5,\"name\":\"Kimono - Judogi Adidas\",\"item\":\"https:\/\/www.daisho.be\/es\/categorie-produit\/adidas-combat-sports-es\/judo-es-2\/kimono-judogi-adidas-es\/\"},{\"@type\":\"ListItem\",\"position\":6,\"name\":\"Judogi Adidas J500 Training Azul\"}]},{\"@type\":\"WebSite\",\"@id\":\"https:\/\/www.daisho.be\/es\/#website\",\"url\":\"https:\/\/www.daisho.be\/es\/\",\"name\":\"Daisho\",\"description\":\"Sp&eacute;cialiste de l'&eacute;quipement sportif d'arts martiaux\",\"publisher\":{\"@id\":\"https:\/\/www.daisho.be\/es\/#organization\"},\"potentialAction\":[{\"@type\":\"SearchAction\",\"target\":{\"@type\":\"EntryPoint\",\"urlTemplate\":\"https:\/\/www.daisho.be\/es\/?s={search_term_string}\"},\"query-input\":{\"@type\":\"PropertyValueSpecification\",\"valueRequired\":true,\"valueName\":\"search_term_string\"}}],\"inLanguage\":\"es\"},{\"@type\":\"Organization\",\"@id\":\"https:\/\/www.daisho.be\/es\/#organization\",\"name\":\"Daisho\",\"url\":\"https:\/\/www.daisho.be\/es\/\",\"logo\":{\"@type\":\"ImageObject\",\"inLanguage\":\"es\",\"@id\":\"https:\/\/www.daisho.be\/es\/#\/schema\/logo\/image\/\",\"url\":\"https:\/\/www.daisho.be\/wp-content\/uploads\/2019\/07\/color-nothing-horizontale4x-e1564486100247.png\",\"contentUrl\":\"https:\/\/www.daisho.be\/wp-content\/uploads\/2019\/07\/color-nothing-horizontale4x-e1564486100247.png\",\"width\":1547,\"height\":385,\"caption\":\"Daisho\"},\"image\":{\"@id\":\"https:\/\/www.daisho.be\/es\/#\/schema\/logo\/image\/\"}}]}<\/script>\n<!-- \/ Yoast SEO plugin. -->","yoast_head_json":{"title":"Judogi Adidas J500 Training Azul &#8211; Daisho","description":"\u00bfEres aficionado al judo? Descubre el judogi Adidas para todos los niveles, desde principiantes hasta los m\u00e1s ambiciosos. Encu\u00e9ntralo en www.daisho.be|Daisho","robots":{"index":"index","follow":"follow","max-snippet":"max-snippet:-1","max-image-preview":"max-image-preview:large","max-video-preview":"max-video-preview:-1"},"canonical":"https:\/\/www.daisho.be\/es\/produit\/judogi-adidas-j500-training-azul\/","og_locale":"es_ES","og_type":"article","og_title":"Judogi Adidas J500 Training Azul &#8211; Daisho","og_description":"\u00bfEres aficionado al judo? Descubre el judogi Adidas para todos los niveles, desde principiantes hasta los m\u00e1s ambiciosos. Encu\u00e9ntralo en www.daisho.be|Daisho","og_url":"https:\/\/www.daisho.be\/es\/produit\/judogi-adidas-j500-training-azul\/","og_site_name":"Daisho","article_modified_time":"2026-04-16T14:17:55+00:00","og_image":[{"width":1043,"height":1200,"url":"https:\/\/www.daisho.be\/wp-content\/uploads\/2026\/04\/image-11.webp","type":"image\/webp"}],"twitter_card":"summary_large_image","twitter_misc":{"Tiempo de lectura":"1 minuto"},"schema":{"@context":"https:\/\/schema.org","@graph":[{"@type":"WebPage","@id":"https:\/\/www.daisho.be\/es\/produit\/judogi-adidas-j500-training-azul\/","url":"https:\/\/www.daisho.be\/es\/produit\/judogi-adidas-j500-training-azul\/","name":"Judogi Adidas J500 Training Azul &#8211; Daisho","isPartOf":{"@id":"https:\/\/www.daisho.be\/es\/#website"},"primaryImageOfPage":{"@id":"https:\/\/www.daisho.be\/es\/produit\/judogi-adidas-j500-training-azul\/#primaryimage"},"image":{"@id":"https:\/\/www.daisho.be\/es\/produit\/judogi-adidas-j500-training-azul\/#primaryimage"},"thumbnailUrl":"https:\/\/www.daisho.be\/wp-content\/uploads\/2026\/04\/image-11.webp","datePublished":"2026-04-14T12:52:10+00:00","dateModified":"2026-04-16T14:17:55+00:00","description":"\u00bfEres aficionado al judo? Descubre el judogi Adidas para todos los niveles, desde principiantes hasta los m\u00e1s ambiciosos. Encu\u00e9ntralo en www.daisho.be|Daisho","breadcrumb":{"@id":"https:\/\/www.daisho.be\/es\/produit\/judogi-adidas-j500-training-azul\/#breadcrumb"},"inLanguage":"es","potentialAction":[{"@type":"ReadAction","target":["https:\/\/www.daisho.be\/es\/produit\/judogi-adidas-j500-training-azul\/"]}]},{"@type":"ImageObject","inLanguage":"es","@id":"https:\/\/www.daisho.be\/es\/produit\/judogi-adidas-j500-training-azul\/#primaryimage","url":"https:\/\/www.daisho.be\/wp-content\/uploads\/2026\/04\/image-11.webp","contentUrl":"https:\/\/www.daisho.be\/wp-content\/uploads\/2026\/04\/image-11.webp","width":1043,"height":1200,"caption":"Judogi Adidas J500 Training Azul-1"},{"@type":"BreadcrumbList","@id":"https:\/\/www.daisho.be\/es\/produit\/judogi-adidas-j500-training-azul\/#breadcrumb","itemListElement":[{"@type":"ListItem","position":1,"name":"Accueil","item":"https:\/\/www.daisho.be\/es\/"},{"@type":"ListItem","position":2,"name":"Productos","item":"https:\/\/www.daisho.be\/es\/productos\/"},{"@type":"ListItem","position":3,"name":"ADIDAS COMBAT SPORTS","item":"https:\/\/www.daisho.be\/es\/categorie-produit\/adidas-combat-sports-es\/"},{"@type":"ListItem","position":4,"name":"Judo","item":"https:\/\/www.daisho.be\/es\/categorie-produit\/adidas-combat-sports-es\/judo-es-2\/"},{"@type":"ListItem","position":5,"name":"Kimono - Judogi Adidas","item":"https:\/\/www.daisho.be\/es\/categorie-produit\/adidas-combat-sports-es\/judo-es-2\/kimono-judogi-adidas-es\/"},{"@type":"ListItem","position":6,"name":"Judogi Adidas J500 Training Azul"}]},{"@type":"WebSite","@id":"https:\/\/www.daisho.be\/es\/#website","url":"https:\/\/www.daisho.be\/es\/","name":"Daisho","description":"Sp&eacute;cialiste de l'&eacute;quipement sportif d'arts martiaux","publisher":{"@id":"https:\/\/www.daisho.be\/es\/#organization"},"potentialAction":[{"@type":"SearchAction","target":{"@type":"EntryPoint","urlTemplate":"https:\/\/www.daisho.be\/es\/?s={search_term_string}"},"query-input":{"@type":"PropertyValueSpecification","valueRequired":true,"valueName":"search_term_string"}}],"inLanguage":"es"},{"@type":"Organization","@id":"https:\/\/www.daisho.be\/es\/#organization","name":"Daisho","url":"https:\/\/www.daisho.be\/es\/","logo":{"@type":"ImageObject","inLanguage":"es","@id":"https:\/\/www.daisho.be\/es\/#\/schema\/logo\/image\/","url":"https:\/\/www.daisho.be\/wp-content\/uploads\/2019\/07\/color-nothing-horizontale4x-e1564486100247.png","contentUrl":"https:\/\/www.daisho.be\/wp-content\/uploads\/2019\/07\/color-nothing-horizontale4x-e1564486100247.png","width":1547,"height":385,"caption":"Daisho"},"image":{"@id":"https:\/\/www.daisho.be\/es\/#\/schema\/logo\/image\/"}}]}},"_links":{"self":[{"href":"https:\/\/www.daisho.be\/es\/wp-json\/wp\/v2\/product\/678910","targetHints":{"allow":["GET"]}}],"collection":[{"href":"https:\/\/www.daisho.be\/es\/wp-json\/wp\/v2\/product"}],"about":[{"href":"https:\/\/www.daisho.be\/es\/wp-json\/wp\/v2\/types\/product"}],"replies":[{"embeddable":true,"href":"https:\/\/www.daisho.be\/es\/wp-json\/wp\/v2\/comments?post=678910"}],"wp:featuredmedia":[{"embeddable":true,"href":"https:\/\/www.daisho.be\/es\/wp-json\/wp\/v2\/media\/678911"}],"wp:attachment":[{"href":"https:\/\/www.daisho.be\/es\/wp-json\/wp\/v2\/media?parent=678910"}],"wp:term":[{"taxonomy":"product_brand","embeddable":true,"href":"https:\/\/www.daisho.be\/es\/wp-json\/wp\/v2\/product_brand?post=678910"},{"taxonomy":"product_cat","embeddable":true,"href":"https:\/\/www.daisho.be\/es\/wp-json\/wp\/v2\/product_cat?post=678910"},{"taxonomy":"product_tag","embeddable":true,"href":"https:\/\/www.daisho.be\/es\/wp-json\/wp\/v2\/product_tag?post=678910"},{"taxonomy":"sport","embeddable":true,"href":"https:\/\/www.daisho.be\/es\/wp-json\/wp\/v2\/sport?post=678910"}],"curies":[{"name":"wp","href":"https:\/\/api.w.org\/{rel}","templated":true}]}}