{"id":678853,"date":"2026-04-14T14:41:53","date_gmt":"2026-04-14T12:41:53","guid":{"rendered":"https:\/\/www.daisho.be\/produit\/mochila-adidas-karate-light-negra\/"},"modified":"2026-04-14T15:32:52","modified_gmt":"2026-04-14T13:32:52","slug":"mochila-adidas-karate-light-negra","status":"publish","type":"product","link":"https:\/\/www.daisho.be\/es\/produit\/mochila-adidas-karate-light-negra\/","title":{"rendered":"Mochila adidas Karate Light negra"},"content":{"rendered":"<p>La mochila adidas Karate es la compa\u00f1era ideal para el entrenamiento, las competiciones o la vida cotidiana.<br \/>\nDe color negro cl\u00e1sico, presenta un gran logotipo de adidas centrado en la parte delantera, debajo del cual aparece la palabra \u00abKarate\u00bb, un aut\u00e9ntico s\u00edmbolo para todos los aficionados al k\u00e1rate.<br \/>\nLa mochila tiene un compartimento principal con cremallera para ropa, equipamiento o efectos personales, adem\u00e1s de bolsillos laterales de malla ideales para botellas de agua o peque\u00f1os accesorios.<br \/>\nLas correas ajustables para los hombros garantizan una comodidad personalizada durante el transporte.<br \/>\nMide unos 45 x 28 x 17 cm y tiene un volumen de unos 21 litros, suficiente para todo lo que necesitas para entrenar o competir.<br \/>\nUna mochila compacta y funcional que combina a la perfecci\u00f3n deportividad, comodidad y organizaci\u00f3n.<\/p>\n<p>Caracter\u00edsticas:<br \/>\nVolumen: aprox. 21 litros<br \/>\nDimensiones: aprox. 45 x 28 x 17 cm<br \/>\nMaterial: poli\u00e9ster reciclado 600D<br \/>\nTirantes ajustables,<br \/>\nCompartimento principal con cremallera<br \/>\nBolsillos laterales de malla para botellas o accesorios<\/p>\n","protected":false},"excerpt":{"rendered":"<p>La mochila adidas Karate es la compa\u00f1era ideal para el entrenamiento, las competiciones o la vida cotidiana. De color negro cl\u00e1sico, presenta un gran logotipo de adidas centrado en la parte delantera, debajo del cual aparece la palabra \u00abKarate\u00bb, un aut\u00e9ntico s\u00edmbolo para todos los aficionados al k\u00e1rate. La mochila tiene un compartimento principal con [&hellip;]<\/p>\n","protected":false},"featured_media":678978,"comment_status":"open","ping_status":"closed","template":"","meta":{"inline_featured_image":false},"product_brand":[],"product_cat":[1451,1585,1452],"product_tag":[1560],"sport":[],"class_list":{"0":"post-678853","1":"product","2":"type-product","3":"status-publish","4":"has-post-thumbnail","6":"product_cat-bolsas-de-deporte","7":"product_cat-bolsas-de-deporte-adidas-combat","8":"product_cat-bolsas-de-karate","9":"product_tag-adidas-es","11":"first","12":"instock","13":"taxable","14":"shipping-taxable","15":"purchasable","16":"product-type-simple"},"yoast_head":"<!-- This site is optimized with the Yoast SEO plugin v27.2 - https:\/\/yoast.com\/product\/yoast-seo-wordpress\/ -->\n<title>Mochila adidas Karate Light negra &#8211; Daisho<\/title>\n<meta name=\"description\" content=\"Descubre la bolsa Adidas especialmente dise\u00f1ada para los aficionados al k\u00e1rate. Encu\u00e9ntrala ahora en nuestro sitio web www.daisho.be|Daisho\" \/>\n<meta name=\"robots\" content=\"index, follow, max-snippet:-1, max-image-preview:large, max-video-preview:-1\" \/>\n<link rel=\"canonical\" href=\"https:\/\/www.daisho.be\/es\/produit\/mochila-adidas-karate-light-negra\/\" \/>\n<meta property=\"og:locale\" content=\"es_ES\" \/>\n<meta property=\"og:type\" content=\"article\" \/>\n<meta property=\"og:title\" content=\"Mochila adidas Karate Light negra &#8211; Daisho\" \/>\n<meta property=\"og:description\" content=\"Descubre la bolsa Adidas especialmente dise\u00f1ada para los aficionados al k\u00e1rate. Encu\u00e9ntrala ahora en nuestro sitio web www.daisho.be|Daisho\" \/>\n<meta property=\"og:url\" content=\"https:\/\/www.daisho.be\/es\/produit\/mochila-adidas-karate-light-negra\/\" \/>\n<meta property=\"og:site_name\" content=\"Daisho\" \/>\n<meta property=\"article:modified_time\" content=\"2026-04-14T13:32:52+00:00\" \/>\n<meta property=\"og:image\" content=\"https:\/\/www.daisho.be\/wp-content\/uploads\/2026\/04\/image-53.png\" \/>\n\t<meta property=\"og:image:width\" content=\"1200\" \/>\n\t<meta property=\"og:image:height\" content=\"1200\" \/>\n\t<meta property=\"og:image:type\" content=\"image\/png\" \/>\n<meta name=\"twitter:card\" content=\"summary_large_image\" \/>\n<meta name=\"twitter:label1\" content=\"Tiempo de lectura\" \/>\n\t<meta name=\"twitter:data1\" content=\"1 minuto\" \/>\n<script type=\"application\/ld+json\" class=\"yoast-schema-graph\">{\"@context\":\"https:\/\/schema.org\",\"@graph\":[{\"@type\":\"WebPage\",\"@id\":\"https:\/\/www.daisho.be\/es\/produit\/mochila-adidas-karate-light-negra\/\",\"url\":\"https:\/\/www.daisho.be\/es\/produit\/mochila-adidas-karate-light-negra\/\",\"name\":\"Mochila adidas Karate Light negra &#8211; Daisho\",\"isPartOf\":{\"@id\":\"https:\/\/www.daisho.be\/es\/#website\"},\"primaryImageOfPage\":{\"@id\":\"https:\/\/www.daisho.be\/es\/produit\/mochila-adidas-karate-light-negra\/#primaryimage\"},\"image\":{\"@id\":\"https:\/\/www.daisho.be\/es\/produit\/mochila-adidas-karate-light-negra\/#primaryimage\"},\"thumbnailUrl\":\"https:\/\/www.daisho.be\/wp-content\/uploads\/2026\/04\/image-52.png\",\"datePublished\":\"2026-04-14T12:41:53+00:00\",\"dateModified\":\"2026-04-14T13:32:52+00:00\",\"description\":\"Descubre la bolsa Adidas especialmente dise\u00f1ada para los aficionados al k\u00e1rate. Encu\u00e9ntrala ahora en nuestro sitio web www.daisho.be|Daisho\",\"breadcrumb\":{\"@id\":\"https:\/\/www.daisho.be\/es\/produit\/mochila-adidas-karate-light-negra\/#breadcrumb\"},\"inLanguage\":\"es\",\"potentialAction\":[{\"@type\":\"ReadAction\",\"target\":[\"https:\/\/www.daisho.be\/es\/produit\/mochila-adidas-karate-light-negra\/\"]}]},{\"@type\":\"ImageObject\",\"inLanguage\":\"es\",\"@id\":\"https:\/\/www.daisho.be\/es\/produit\/mochila-adidas-karate-light-negra\/#primaryimage\",\"url\":\"https:\/\/www.daisho.be\/wp-content\/uploads\/2026\/04\/image-52.png\",\"contentUrl\":\"https:\/\/www.daisho.be\/wp-content\/uploads\/2026\/04\/image-52.png\",\"width\":1200,\"height\":1200,\"caption\":\"Mochila adidas Karate Light Negra-2\"},{\"@type\":\"BreadcrumbList\",\"@id\":\"https:\/\/www.daisho.be\/es\/produit\/mochila-adidas-karate-light-negra\/#breadcrumb\",\"itemListElement\":[{\"@type\":\"ListItem\",\"position\":1,\"name\":\"Accueil\",\"item\":\"https:\/\/www.daisho.be\/es\/\"},{\"@type\":\"ListItem\",\"position\":2,\"name\":\"Productos\",\"item\":\"https:\/\/www.daisho.be\/es\/productos\/\"},{\"@type\":\"ListItem\",\"position\":3,\"name\":\"ADIDAS COMBAT SPORTS\",\"item\":\"https:\/\/www.daisho.be\/es\/categorie-produit\/adidas-combat-sports-es\/\"},{\"@type\":\"ListItem\",\"position\":4,\"name\":\"Deportes de combate\",\"item\":\"https:\/\/www.daisho.be\/es\/categorie-produit\/adidas-combat-sports-es\/deportes-de-combate-es\/\"},{\"@type\":\"ListItem\",\"position\":5,\"name\":\"Bolsas de deporte Adidas Combat\",\"item\":\"https:\/\/www.daisho.be\/es\/categorie-produit\/adidas-combat-sports-es\/deportes-de-combate-es\/bolsas-de-deporte-adidas-combat\/\"},{\"@type\":\"ListItem\",\"position\":6,\"name\":\"Mochila adidas Karate Light negra\"}]},{\"@type\":\"WebSite\",\"@id\":\"https:\/\/www.daisho.be\/es\/#website\",\"url\":\"https:\/\/www.daisho.be\/es\/\",\"name\":\"Daisho\",\"description\":\"Sp&eacute;cialiste de l'&eacute;quipement sportif d'arts martiaux\",\"publisher\":{\"@id\":\"https:\/\/www.daisho.be\/es\/#organization\"},\"potentialAction\":[{\"@type\":\"SearchAction\",\"target\":{\"@type\":\"EntryPoint\",\"urlTemplate\":\"https:\/\/www.daisho.be\/es\/?s={search_term_string}\"},\"query-input\":{\"@type\":\"PropertyValueSpecification\",\"valueRequired\":true,\"valueName\":\"search_term_string\"}}],\"inLanguage\":\"es\"},{\"@type\":\"Organization\",\"@id\":\"https:\/\/www.daisho.be\/es\/#organization\",\"name\":\"Daisho\",\"url\":\"https:\/\/www.daisho.be\/es\/\",\"logo\":{\"@type\":\"ImageObject\",\"inLanguage\":\"es\",\"@id\":\"https:\/\/www.daisho.be\/es\/#\/schema\/logo\/image\/\",\"url\":\"https:\/\/www.daisho.be\/wp-content\/uploads\/2019\/07\/color-nothing-horizontale4x-e1564486100247.png\",\"contentUrl\":\"https:\/\/www.daisho.be\/wp-content\/uploads\/2019\/07\/color-nothing-horizontale4x-e1564486100247.png\",\"width\":1547,\"height\":385,\"caption\":\"Daisho\"},\"image\":{\"@id\":\"https:\/\/www.daisho.be\/es\/#\/schema\/logo\/image\/\"}}]}<\/script>\n<!-- \/ Yoast SEO plugin. -->","yoast_head_json":{"title":"Mochila adidas Karate Light negra &#8211; Daisho","description":"Descubre la bolsa Adidas especialmente dise\u00f1ada para los aficionados al k\u00e1rate. Encu\u00e9ntrala ahora en nuestro sitio web www.daisho.be|Daisho","robots":{"index":"index","follow":"follow","max-snippet":"max-snippet:-1","max-image-preview":"max-image-preview:large","max-video-preview":"max-video-preview:-1"},"canonical":"https:\/\/www.daisho.be\/es\/produit\/mochila-adidas-karate-light-negra\/","og_locale":"es_ES","og_type":"article","og_title":"Mochila adidas Karate Light negra &#8211; Daisho","og_description":"Descubre la bolsa Adidas especialmente dise\u00f1ada para los aficionados al k\u00e1rate. Encu\u00e9ntrala ahora en nuestro sitio web www.daisho.be|Daisho","og_url":"https:\/\/www.daisho.be\/es\/produit\/mochila-adidas-karate-light-negra\/","og_site_name":"Daisho","article_modified_time":"2026-04-14T13:32:52+00:00","og_image":[{"width":1200,"height":1200,"url":"https:\/\/www.daisho.be\/wp-content\/uploads\/2026\/04\/image-53.png","type":"image\/png"}],"twitter_card":"summary_large_image","twitter_misc":{"Tiempo de lectura":"1 minuto"},"schema":{"@context":"https:\/\/schema.org","@graph":[{"@type":"WebPage","@id":"https:\/\/www.daisho.be\/es\/produit\/mochila-adidas-karate-light-negra\/","url":"https:\/\/www.daisho.be\/es\/produit\/mochila-adidas-karate-light-negra\/","name":"Mochila adidas Karate Light negra &#8211; Daisho","isPartOf":{"@id":"https:\/\/www.daisho.be\/es\/#website"},"primaryImageOfPage":{"@id":"https:\/\/www.daisho.be\/es\/produit\/mochila-adidas-karate-light-negra\/#primaryimage"},"image":{"@id":"https:\/\/www.daisho.be\/es\/produit\/mochila-adidas-karate-light-negra\/#primaryimage"},"thumbnailUrl":"https:\/\/www.daisho.be\/wp-content\/uploads\/2026\/04\/image-52.png","datePublished":"2026-04-14T12:41:53+00:00","dateModified":"2026-04-14T13:32:52+00:00","description":"Descubre la bolsa Adidas especialmente dise\u00f1ada para los aficionados al k\u00e1rate. Encu\u00e9ntrala ahora en nuestro sitio web www.daisho.be|Daisho","breadcrumb":{"@id":"https:\/\/www.daisho.be\/es\/produit\/mochila-adidas-karate-light-negra\/#breadcrumb"},"inLanguage":"es","potentialAction":[{"@type":"ReadAction","target":["https:\/\/www.daisho.be\/es\/produit\/mochila-adidas-karate-light-negra\/"]}]},{"@type":"ImageObject","inLanguage":"es","@id":"https:\/\/www.daisho.be\/es\/produit\/mochila-adidas-karate-light-negra\/#primaryimage","url":"https:\/\/www.daisho.be\/wp-content\/uploads\/2026\/04\/image-52.png","contentUrl":"https:\/\/www.daisho.be\/wp-content\/uploads\/2026\/04\/image-52.png","width":1200,"height":1200,"caption":"Mochila adidas Karate Light Negra-2"},{"@type":"BreadcrumbList","@id":"https:\/\/www.daisho.be\/es\/produit\/mochila-adidas-karate-light-negra\/#breadcrumb","itemListElement":[{"@type":"ListItem","position":1,"name":"Accueil","item":"https:\/\/www.daisho.be\/es\/"},{"@type":"ListItem","position":2,"name":"Productos","item":"https:\/\/www.daisho.be\/es\/productos\/"},{"@type":"ListItem","position":3,"name":"ADIDAS COMBAT SPORTS","item":"https:\/\/www.daisho.be\/es\/categorie-produit\/adidas-combat-sports-es\/"},{"@type":"ListItem","position":4,"name":"Deportes de combate","item":"https:\/\/www.daisho.be\/es\/categorie-produit\/adidas-combat-sports-es\/deportes-de-combate-es\/"},{"@type":"ListItem","position":5,"name":"Bolsas de deporte Adidas Combat","item":"https:\/\/www.daisho.be\/es\/categorie-produit\/adidas-combat-sports-es\/deportes-de-combate-es\/bolsas-de-deporte-adidas-combat\/"},{"@type":"ListItem","position":6,"name":"Mochila adidas Karate Light negra"}]},{"@type":"WebSite","@id":"https:\/\/www.daisho.be\/es\/#website","url":"https:\/\/www.daisho.be\/es\/","name":"Daisho","description":"Sp&eacute;cialiste de l'&eacute;quipement sportif d'arts martiaux","publisher":{"@id":"https:\/\/www.daisho.be\/es\/#organization"},"potentialAction":[{"@type":"SearchAction","target":{"@type":"EntryPoint","urlTemplate":"https:\/\/www.daisho.be\/es\/?s={search_term_string}"},"query-input":{"@type":"PropertyValueSpecification","valueRequired":true,"valueName":"search_term_string"}}],"inLanguage":"es"},{"@type":"Organization","@id":"https:\/\/www.daisho.be\/es\/#organization","name":"Daisho","url":"https:\/\/www.daisho.be\/es\/","logo":{"@type":"ImageObject","inLanguage":"es","@id":"https:\/\/www.daisho.be\/es\/#\/schema\/logo\/image\/","url":"https:\/\/www.daisho.be\/wp-content\/uploads\/2019\/07\/color-nothing-horizontale4x-e1564486100247.png","contentUrl":"https:\/\/www.daisho.be\/wp-content\/uploads\/2019\/07\/color-nothing-horizontale4x-e1564486100247.png","width":1547,"height":385,"caption":"Daisho"},"image":{"@id":"https:\/\/www.daisho.be\/es\/#\/schema\/logo\/image\/"}}]}},"_links":{"self":[{"href":"https:\/\/www.daisho.be\/es\/wp-json\/wp\/v2\/product\/678853","targetHints":{"allow":["GET"]}}],"collection":[{"href":"https:\/\/www.daisho.be\/es\/wp-json\/wp\/v2\/product"}],"about":[{"href":"https:\/\/www.daisho.be\/es\/wp-json\/wp\/v2\/types\/product"}],"replies":[{"embeddable":true,"href":"https:\/\/www.daisho.be\/es\/wp-json\/wp\/v2\/comments?post=678853"}],"wp:featuredmedia":[{"embeddable":true,"href":"https:\/\/www.daisho.be\/es\/wp-json\/wp\/v2\/media\/678978"}],"wp:attachment":[{"href":"https:\/\/www.daisho.be\/es\/wp-json\/wp\/v2\/media?parent=678853"}],"wp:term":[{"taxonomy":"product_brand","embeddable":true,"href":"https:\/\/www.daisho.be\/es\/wp-json\/wp\/v2\/product_brand?post=678853"},{"taxonomy":"product_cat","embeddable":true,"href":"https:\/\/www.daisho.be\/es\/wp-json\/wp\/v2\/product_cat?post=678853"},{"taxonomy":"product_tag","embeddable":true,"href":"https:\/\/www.daisho.be\/es\/wp-json\/wp\/v2\/product_tag?post=678853"},{"taxonomy":"sport","embeddable":true,"href":"https:\/\/www.daisho.be\/es\/wp-json\/wp\/v2\/sport?post=678853"}],"curies":[{"name":"wp","href":"https:\/\/api.w.org\/{rel}","templated":true}]}}