{"id":678385,"date":"2026-04-14T11:28:16","date_gmt":"2026-04-14T09:28:16","guid":{"rendered":"https:\/\/www.daisho.be\/produit\/mochila-adidas-karate-negra\/"},"modified":"2026-04-14T14:25:34","modified_gmt":"2026-04-14T12:25:34","slug":"mochila-adidas-karate-negra","status":"publish","type":"product","link":"https:\/\/www.daisho.be\/es\/produit\/mochila-adidas-karate-negra\/","title":{"rendered":"Mochila adidas Karate negra"},"content":{"rendered":"<p>La mochila de k\u00e1rate adidas 2025 impresiona por su dise\u00f1o deportivo y su pr\u00e1ctica funcionalidad.<br \/>\nEn negro con detalles plateados, la mochila ofrece un aspecto din\u00e1mico perfecto para los deportes de combate.<br \/>\nEn el interior, la mochila tiene varios bolsillos con cremallera para mantener las cosas ordenadas y proporcionar mucho espacio para la ropa de entrenamiento, los accesorios o los efectos personales.<br \/>\nAdem\u00e1s, hay compartimentos integrados con rejillas, ideales para guardar botellas u objetos peque\u00f1os.<br \/>\nUn peque\u00f1o logotipo de karate subraya el car\u00e1cter deportivo de la mochila.<br \/>\nLas correas ajustables para los hombros garantizan un ajuste c\u00f3modo y permiten una regulaci\u00f3n individual.<br \/>\nLa mochila est\u00e1 disponible en tres tama\u00f1os diferentes y es ideal para el entrenamiento, las competiciones o la vida cotidiana.<\/p>\n<p>Caracter\u00edsticas:<br \/>\nColor: negro<br \/>\nTallas: S, M y L<br \/>\nCorreas de transporte ajustables<br \/>\nCompartimentos interiores con cremallera<br \/>\nCompartimentos de malla para botellas o accesorios<\/p>\n<p>diferentes tama\u00f1os :<\/p>\n<p>S: aprox. 45 x 28 x 17, aprox. 21 litros<br \/>\nM: aprox. 50 x 31 x 20, aprox. 31 litros<br \/>\nL: aprox. 57 x 33 x 23, aprox. 43 litros<\/p>\n","protected":false},"excerpt":{"rendered":"<p>La mochila de k\u00e1rate adidas 2025 impresiona por su dise\u00f1o deportivo y su pr\u00e1ctica funcionalidad. En negro con detalles plateados, la mochila ofrece un aspecto din\u00e1mico perfecto para los deportes de combate. En el interior, la mochila tiene varios bolsillos con cremallera para mantener las cosas ordenadas y proporcionar mucho espacio para la ropa de [&hellip;]<\/p>\n","protected":false},"featured_media":678624,"comment_status":"open","ping_status":"closed","template":"","meta":{"inline_featured_image":false},"product_brand":[],"product_cat":[1451,1585,1452],"product_tag":[1560],"sport":[],"class_list":{"0":"post-678385","1":"product","2":"type-product","3":"status-publish","4":"has-post-thumbnail","6":"product_cat-bolsas-de-deporte","7":"product_cat-bolsas-de-deporte-adidas-combat","8":"product_cat-bolsas-de-karate","9":"product_tag-adidas-es","10":"pa_size-l","11":"pa_size-m","12":"pa_size-s","14":"first","15":"instock","16":"taxable","17":"shipping-taxable","18":"purchasable","19":"product-type-variable"},"yoast_head":"<!-- This site is optimized with the Yoast SEO plugin v27.2 - https:\/\/yoast.com\/product\/yoast-seo-wordpress\/ -->\n<title>Mochila adidas Karate negra &#8211; Daisho<\/title>\n<meta name=\"robots\" content=\"index, follow, max-snippet:-1, max-image-preview:large, max-video-preview:-1\" \/>\n<link rel=\"canonical\" href=\"https:\/\/www.daisho.be\/es\/produit\/mochila-adidas-karate-negra\/\" \/>\n<meta property=\"og:locale\" content=\"es_ES\" \/>\n<meta property=\"og:type\" content=\"article\" \/>\n<meta property=\"og:title\" content=\"Mochila adidas Karate negra &#8211; Daisho\" \/>\n<meta property=\"og:description\" content=\"La mochila de k\u00e1rate adidas 2025 impresiona por su dise\u00f1o deportivo y su pr\u00e1ctica funcionalidad. En negro con detalles plateados, la mochila ofrece un aspecto din\u00e1mico perfecto para los deportes de combate. En el interior, la mochila tiene varios bolsillos con cremallera para mantener las cosas ordenadas y proporcionar mucho espacio para la ropa de [&hellip;]\" \/>\n<meta property=\"og:url\" content=\"https:\/\/www.daisho.be\/es\/produit\/mochila-adidas-karate-negra\/\" \/>\n<meta property=\"og:site_name\" content=\"Daisho\" \/>\n<meta property=\"article:modified_time\" content=\"2026-04-14T12:25:34+00:00\" \/>\n<meta property=\"og:image\" content=\"https:\/\/www.daisho.be\/wp-content\/uploads\/2026\/04\/image-38.png\" \/>\n\t<meta property=\"og:image:width\" content=\"1200\" \/>\n\t<meta property=\"og:image:height\" content=\"1200\" \/>\n\t<meta property=\"og:image:type\" content=\"image\/png\" \/>\n<meta name=\"twitter:card\" content=\"summary_large_image\" \/>\n<meta name=\"twitter:label1\" content=\"Tiempo de lectura\" \/>\n\t<meta name=\"twitter:data1\" content=\"1 minuto\" \/>\n<script type=\"application\/ld+json\" class=\"yoast-schema-graph\">{\"@context\":\"https:\/\/schema.org\",\"@graph\":[{\"@type\":\"WebPage\",\"@id\":\"https:\/\/www.daisho.be\/es\/produit\/mochila-adidas-karate-negra\/\",\"url\":\"https:\/\/www.daisho.be\/es\/produit\/mochila-adidas-karate-negra\/\",\"name\":\"Mochila adidas Karate negra &#8211; Daisho\",\"isPartOf\":{\"@id\":\"https:\/\/www.daisho.be\/es\/#website\"},\"primaryImageOfPage\":{\"@id\":\"https:\/\/www.daisho.be\/es\/produit\/mochila-adidas-karate-negra\/#primaryimage\"},\"image\":{\"@id\":\"https:\/\/www.daisho.be\/es\/produit\/mochila-adidas-karate-negra\/#primaryimage\"},\"thumbnailUrl\":\"https:\/\/www.daisho.be\/wp-content\/uploads\/2026\/04\/image-38.png\",\"datePublished\":\"2026-04-14T09:28:16+00:00\",\"dateModified\":\"2026-04-14T12:25:34+00:00\",\"breadcrumb\":{\"@id\":\"https:\/\/www.daisho.be\/es\/produit\/mochila-adidas-karate-negra\/#breadcrumb\"},\"inLanguage\":\"es\",\"potentialAction\":[{\"@type\":\"ReadAction\",\"target\":[\"https:\/\/www.daisho.be\/es\/produit\/mochila-adidas-karate-negra\/\"]}]},{\"@type\":\"ImageObject\",\"inLanguage\":\"es\",\"@id\":\"https:\/\/www.daisho.be\/es\/produit\/mochila-adidas-karate-negra\/#primaryimage\",\"url\":\"https:\/\/www.daisho.be\/wp-content\/uploads\/2026\/04\/image-38.png\",\"contentUrl\":\"https:\/\/www.daisho.be\/wp-content\/uploads\/2026\/04\/image-38.png\",\"width\":1200,\"height\":1200,\"caption\":\"Mochila adidas Karate negra-1\"},{\"@type\":\"BreadcrumbList\",\"@id\":\"https:\/\/www.daisho.be\/es\/produit\/mochila-adidas-karate-negra\/#breadcrumb\",\"itemListElement\":[{\"@type\":\"ListItem\",\"position\":1,\"name\":\"Accueil\",\"item\":\"https:\/\/www.daisho.be\/es\/\"},{\"@type\":\"ListItem\",\"position\":2,\"name\":\"Productos\",\"item\":\"https:\/\/www.daisho.be\/es\/productos\/\"},{\"@type\":\"ListItem\",\"position\":3,\"name\":\"ADIDAS COMBAT SPORTS\",\"item\":\"https:\/\/www.daisho.be\/es\/categorie-produit\/adidas-combat-sports-es\/\"},{\"@type\":\"ListItem\",\"position\":4,\"name\":\"Deportes de combate\",\"item\":\"https:\/\/www.daisho.be\/es\/categorie-produit\/adidas-combat-sports-es\/deportes-de-combate-es\/\"},{\"@type\":\"ListItem\",\"position\":5,\"name\":\"Bolsas de deporte Adidas Combat\",\"item\":\"https:\/\/www.daisho.be\/es\/categorie-produit\/adidas-combat-sports-es\/deportes-de-combate-es\/bolsas-de-deporte-adidas-combat\/\"},{\"@type\":\"ListItem\",\"position\":6,\"name\":\"Mochila adidas Karate negra\"}]},{\"@type\":\"WebSite\",\"@id\":\"https:\/\/www.daisho.be\/es\/#website\",\"url\":\"https:\/\/www.daisho.be\/es\/\",\"name\":\"Daisho\",\"description\":\"Sp&eacute;cialiste de l'&eacute;quipement sportif d'arts martiaux\",\"publisher\":{\"@id\":\"https:\/\/www.daisho.be\/es\/#organization\"},\"potentialAction\":[{\"@type\":\"SearchAction\",\"target\":{\"@type\":\"EntryPoint\",\"urlTemplate\":\"https:\/\/www.daisho.be\/es\/?s={search_term_string}\"},\"query-input\":{\"@type\":\"PropertyValueSpecification\",\"valueRequired\":true,\"valueName\":\"search_term_string\"}}],\"inLanguage\":\"es\"},{\"@type\":\"Organization\",\"@id\":\"https:\/\/www.daisho.be\/es\/#organization\",\"name\":\"Daisho\",\"url\":\"https:\/\/www.daisho.be\/es\/\",\"logo\":{\"@type\":\"ImageObject\",\"inLanguage\":\"es\",\"@id\":\"https:\/\/www.daisho.be\/es\/#\/schema\/logo\/image\/\",\"url\":\"https:\/\/www.daisho.be\/wp-content\/uploads\/2019\/07\/color-nothing-horizontale4x-e1564486100247.png\",\"contentUrl\":\"https:\/\/www.daisho.be\/wp-content\/uploads\/2019\/07\/color-nothing-horizontale4x-e1564486100247.png\",\"width\":1547,\"height\":385,\"caption\":\"Daisho\"},\"image\":{\"@id\":\"https:\/\/www.daisho.be\/es\/#\/schema\/logo\/image\/\"}}]}<\/script>\n<!-- \/ Yoast SEO plugin. -->","yoast_head_json":{"title":"Mochila adidas Karate negra &#8211; Daisho","robots":{"index":"index","follow":"follow","max-snippet":"max-snippet:-1","max-image-preview":"max-image-preview:large","max-video-preview":"max-video-preview:-1"},"canonical":"https:\/\/www.daisho.be\/es\/produit\/mochila-adidas-karate-negra\/","og_locale":"es_ES","og_type":"article","og_title":"Mochila adidas Karate negra &#8211; Daisho","og_description":"La mochila de k\u00e1rate adidas 2025 impresiona por su dise\u00f1o deportivo y su pr\u00e1ctica funcionalidad. En negro con detalles plateados, la mochila ofrece un aspecto din\u00e1mico perfecto para los deportes de combate. En el interior, la mochila tiene varios bolsillos con cremallera para mantener las cosas ordenadas y proporcionar mucho espacio para la ropa de [&hellip;]","og_url":"https:\/\/www.daisho.be\/es\/produit\/mochila-adidas-karate-negra\/","og_site_name":"Daisho","article_modified_time":"2026-04-14T12:25:34+00:00","og_image":[{"width":1200,"height":1200,"url":"https:\/\/www.daisho.be\/wp-content\/uploads\/2026\/04\/image-38.png","type":"image\/png"}],"twitter_card":"summary_large_image","twitter_misc":{"Tiempo de lectura":"1 minuto"},"schema":{"@context":"https:\/\/schema.org","@graph":[{"@type":"WebPage","@id":"https:\/\/www.daisho.be\/es\/produit\/mochila-adidas-karate-negra\/","url":"https:\/\/www.daisho.be\/es\/produit\/mochila-adidas-karate-negra\/","name":"Mochila adidas Karate negra &#8211; Daisho","isPartOf":{"@id":"https:\/\/www.daisho.be\/es\/#website"},"primaryImageOfPage":{"@id":"https:\/\/www.daisho.be\/es\/produit\/mochila-adidas-karate-negra\/#primaryimage"},"image":{"@id":"https:\/\/www.daisho.be\/es\/produit\/mochila-adidas-karate-negra\/#primaryimage"},"thumbnailUrl":"https:\/\/www.daisho.be\/wp-content\/uploads\/2026\/04\/image-38.png","datePublished":"2026-04-14T09:28:16+00:00","dateModified":"2026-04-14T12:25:34+00:00","breadcrumb":{"@id":"https:\/\/www.daisho.be\/es\/produit\/mochila-adidas-karate-negra\/#breadcrumb"},"inLanguage":"es","potentialAction":[{"@type":"ReadAction","target":["https:\/\/www.daisho.be\/es\/produit\/mochila-adidas-karate-negra\/"]}]},{"@type":"ImageObject","inLanguage":"es","@id":"https:\/\/www.daisho.be\/es\/produit\/mochila-adidas-karate-negra\/#primaryimage","url":"https:\/\/www.daisho.be\/wp-content\/uploads\/2026\/04\/image-38.png","contentUrl":"https:\/\/www.daisho.be\/wp-content\/uploads\/2026\/04\/image-38.png","width":1200,"height":1200,"caption":"Mochila adidas Karate negra-1"},{"@type":"BreadcrumbList","@id":"https:\/\/www.daisho.be\/es\/produit\/mochila-adidas-karate-negra\/#breadcrumb","itemListElement":[{"@type":"ListItem","position":1,"name":"Accueil","item":"https:\/\/www.daisho.be\/es\/"},{"@type":"ListItem","position":2,"name":"Productos","item":"https:\/\/www.daisho.be\/es\/productos\/"},{"@type":"ListItem","position":3,"name":"ADIDAS COMBAT SPORTS","item":"https:\/\/www.daisho.be\/es\/categorie-produit\/adidas-combat-sports-es\/"},{"@type":"ListItem","position":4,"name":"Deportes de combate","item":"https:\/\/www.daisho.be\/es\/categorie-produit\/adidas-combat-sports-es\/deportes-de-combate-es\/"},{"@type":"ListItem","position":5,"name":"Bolsas de deporte Adidas Combat","item":"https:\/\/www.daisho.be\/es\/categorie-produit\/adidas-combat-sports-es\/deportes-de-combate-es\/bolsas-de-deporte-adidas-combat\/"},{"@type":"ListItem","position":6,"name":"Mochila adidas Karate negra"}]},{"@type":"WebSite","@id":"https:\/\/www.daisho.be\/es\/#website","url":"https:\/\/www.daisho.be\/es\/","name":"Daisho","description":"Sp&eacute;cialiste de l'&eacute;quipement sportif d'arts martiaux","publisher":{"@id":"https:\/\/www.daisho.be\/es\/#organization"},"potentialAction":[{"@type":"SearchAction","target":{"@type":"EntryPoint","urlTemplate":"https:\/\/www.daisho.be\/es\/?s={search_term_string}"},"query-input":{"@type":"PropertyValueSpecification","valueRequired":true,"valueName":"search_term_string"}}],"inLanguage":"es"},{"@type":"Organization","@id":"https:\/\/www.daisho.be\/es\/#organization","name":"Daisho","url":"https:\/\/www.daisho.be\/es\/","logo":{"@type":"ImageObject","inLanguage":"es","@id":"https:\/\/www.daisho.be\/es\/#\/schema\/logo\/image\/","url":"https:\/\/www.daisho.be\/wp-content\/uploads\/2019\/07\/color-nothing-horizontale4x-e1564486100247.png","contentUrl":"https:\/\/www.daisho.be\/wp-content\/uploads\/2019\/07\/color-nothing-horizontale4x-e1564486100247.png","width":1547,"height":385,"caption":"Daisho"},"image":{"@id":"https:\/\/www.daisho.be\/es\/#\/schema\/logo\/image\/"}}]}},"_links":{"self":[{"href":"https:\/\/www.daisho.be\/es\/wp-json\/wp\/v2\/product\/678385","targetHints":{"allow":["GET"]}}],"collection":[{"href":"https:\/\/www.daisho.be\/es\/wp-json\/wp\/v2\/product"}],"about":[{"href":"https:\/\/www.daisho.be\/es\/wp-json\/wp\/v2\/types\/product"}],"replies":[{"embeddable":true,"href":"https:\/\/www.daisho.be\/es\/wp-json\/wp\/v2\/comments?post=678385"}],"wp:featuredmedia":[{"embeddable":true,"href":"https:\/\/www.daisho.be\/es\/wp-json\/wp\/v2\/media\/678624"}],"wp:attachment":[{"href":"https:\/\/www.daisho.be\/es\/wp-json\/wp\/v2\/media?parent=678385"}],"wp:term":[{"taxonomy":"product_brand","embeddable":true,"href":"https:\/\/www.daisho.be\/es\/wp-json\/wp\/v2\/product_brand?post=678385"},{"taxonomy":"product_cat","embeddable":true,"href":"https:\/\/www.daisho.be\/es\/wp-json\/wp\/v2\/product_cat?post=678385"},{"taxonomy":"product_tag","embeddable":true,"href":"https:\/\/www.daisho.be\/es\/wp-json\/wp\/v2\/product_tag?post=678385"},{"taxonomy":"sport","embeddable":true,"href":"https:\/\/www.daisho.be\/es\/wp-json\/wp\/v2\/sport?post=678385"}],"curies":[{"name":"wp","href":"https:\/\/api.w.org\/{rel}","templated":true}]}}