{"id":678384,"date":"2026-04-14T12:18:35","date_gmt":"2026-04-14T10:18:35","guid":{"rendered":"https:\/\/www.daisho.be\/produit\/judogi-dax-tori-oro-azul\/"},"modified":"2026-04-14T12:27:25","modified_gmt":"2026-04-14T10:27:25","slug":"judogi-dax-tori-oro-azul","status":"publish","type":"product","link":"https:\/\/www.daisho.be\/es\/produit\/judogi-dax-tori-oro-azul\/","title":{"rendered":"JUDOGI DAX TORI ORO AZUL"},"content":{"rendered":"<p>El DAX \u00abTori Gold\u00bb es un judogi excelente, pesado y s\u00f3lido, hecho para la competici\u00f3n.<\/p>\n<p>Este traje de judo ha sido homologado para competiciones nacionales.<\/p>\n<p>Este kimono tambi\u00e9n es adecuado como keikogi para otras artes marciales y puede utilizarse como Jiu-Jitsugi.<\/p>\n<p>Caracter\u00edsticas :<\/p>\n<p>&#8211; judogi o kimono homologado para torneos nacionales y la liga nacional alemana,<\/p>\n<p>&#8211; rodillas con doble costura,<\/p>\n<p>&#8211; Chaqueta con hombros, pecho y solapa reforzados,<\/p>\n<p>&#8211; DAX\u00bb bordado en el brazo izquierdo,<\/p>\n<p>&#8211; Pantal\u00f3n con cintura con cord\u00f3n,<\/p>\n<p>&#8211; Material: 100% algod\u00f3n, aprox. 750 g\/m\u00b2,<\/p>\n<p>&#8211; \u00edndice de contracci\u00f3n: 4%.<\/p>\n","protected":false},"excerpt":{"rendered":"<p>El DAX \u00abTori Gold\u00bb es un judogi excelente, pesado y s\u00f3lido, hecho para la competici\u00f3n. Este traje de judo ha sido homologado para competiciones nacionales. Este kimono tambi\u00e9n es adecuado como keikogi para otras artes marciales y puede utilizarse como Jiu-Jitsugi. Caracter\u00edsticas : &#8211; judogi o kimono homologado para torneos nacionales y la liga nacional [&hellip;]<\/p>\n","protected":false},"featured_media":678448,"comment_status":"open","ping_status":"closed","template":"","meta":{"inline_featured_image":false},"product_brand":[],"product_cat":[1327,1654,1311],"product_tag":[1320],"sport":[],"class_list":{"0":"post-678384","1":"product","2":"type-product","3":"status-publish","4":"has-post-thumbnail","6":"product_cat-kimono-de-jujitsu-es","7":"product_cat-kimonos-de-judo","8":"product_cat-trajes-kimonos","9":"product_tag-dax-es","10":"pa_size-381","11":"pa_size-380","12":"pa_size-379","13":"pa_size-378","14":"pa_size-377","15":"pa_size-376","16":"pa_size-383","18":"first","19":"instock","20":"taxable","21":"shipping-taxable","22":"purchasable","23":"product-type-variable"},"yoast_head":"<!-- This site is optimized with the Yoast SEO plugin v27.2 - https:\/\/yoast.com\/product\/yoast-seo-wordpress\/ -->\n<title>JUDOGI DAX TORI ORO AZUL &#8211; Daisho<\/title>\n<meta name=\"robots\" content=\"index, follow, max-snippet:-1, max-image-preview:large, max-video-preview:-1\" \/>\n<link rel=\"canonical\" href=\"https:\/\/www.daisho.be\/es\/produit\/judogi-dax-tori-oro-azul\/\" \/>\n<meta property=\"og:locale\" content=\"es_ES\" \/>\n<meta property=\"og:type\" content=\"article\" \/>\n<meta property=\"og:title\" content=\"JUDOGI DAX TORI ORO AZUL &#8211; Daisho\" \/>\n<meta property=\"og:description\" content=\"El DAX \u00abTori Gold\u00bb es un judogi excelente, pesado y s\u00f3lido, hecho para la competici\u00f3n. Este traje de judo ha sido homologado para competiciones nacionales. Este kimono tambi\u00e9n es adecuado como keikogi para otras artes marciales y puede utilizarse como Jiu-Jitsugi. Caracter\u00edsticas : &#8211; judogi o kimono homologado para torneos nacionales y la liga nacional [&hellip;]\" \/>\n<meta property=\"og:url\" content=\"https:\/\/www.daisho.be\/es\/produit\/judogi-dax-tori-oro-azul\/\" \/>\n<meta property=\"og:site_name\" content=\"Daisho\" \/>\n<meta property=\"article:modified_time\" content=\"2026-04-14T10:27:25+00:00\" \/>\n<meta property=\"og:image\" content=\"https:\/\/www.daisho.be\/wp-content\/uploads\/2026\/04\/image-scaled.jpg\" \/>\n\t<meta property=\"og:image:width\" content=\"1450\" \/>\n\t<meta property=\"og:image:height\" content=\"2048\" \/>\n\t<meta property=\"og:image:type\" content=\"image\/jpeg\" \/>\n<meta name=\"twitter:card\" content=\"summary_large_image\" \/>\n<script type=\"application\/ld+json\" class=\"yoast-schema-graph\">{\"@context\":\"https:\/\/schema.org\",\"@graph\":[{\"@type\":\"WebPage\",\"@id\":\"https:\/\/www.daisho.be\/es\/produit\/judogi-dax-tori-oro-azul\/\",\"url\":\"https:\/\/www.daisho.be\/es\/produit\/judogi-dax-tori-oro-azul\/\",\"name\":\"JUDOGI DAX TORI ORO AZUL &#8211; Daisho\",\"isPartOf\":{\"@id\":\"https:\/\/www.daisho.be\/es\/#website\"},\"primaryImageOfPage\":{\"@id\":\"https:\/\/www.daisho.be\/es\/produit\/judogi-dax-tori-oro-azul\/#primaryimage\"},\"image\":{\"@id\":\"https:\/\/www.daisho.be\/es\/produit\/judogi-dax-tori-oro-azul\/#primaryimage\"},\"thumbnailUrl\":\"https:\/\/www.daisho.be\/wp-content\/uploads\/2026\/04\/image-scaled.jpg\",\"datePublished\":\"2026-04-14T10:18:35+00:00\",\"dateModified\":\"2026-04-14T10:27:25+00:00\",\"breadcrumb\":{\"@id\":\"https:\/\/www.daisho.be\/es\/produit\/judogi-dax-tori-oro-azul\/#breadcrumb\"},\"inLanguage\":\"es\",\"potentialAction\":[{\"@type\":\"ReadAction\",\"target\":[\"https:\/\/www.daisho.be\/es\/produit\/judogi-dax-tori-oro-azul\/\"]}]},{\"@type\":\"ImageObject\",\"inLanguage\":\"es\",\"@id\":\"https:\/\/www.daisho.be\/es\/produit\/judogi-dax-tori-oro-azul\/#primaryimage\",\"url\":\"https:\/\/www.daisho.be\/wp-content\/uploads\/2026\/04\/image-scaled.jpg\",\"contentUrl\":\"https:\/\/www.daisho.be\/wp-content\/uploads\/2026\/04\/image-scaled.jpg\",\"width\":1450,\"height\":2048,\"caption\":\"JUDOGI DAX TORI ORO AZUL-1\"},{\"@type\":\"BreadcrumbList\",\"@id\":\"https:\/\/www.daisho.be\/es\/produit\/judogi-dax-tori-oro-azul\/#breadcrumb\",\"itemListElement\":[{\"@type\":\"ListItem\",\"position\":1,\"name\":\"Accueil\",\"item\":\"https:\/\/www.daisho.be\/es\/\"},{\"@type\":\"ListItem\",\"position\":2,\"name\":\"Productos\",\"item\":\"https:\/\/www.daisho.be\/es\/productos\/\"},{\"@type\":\"ListItem\",\"position\":3,\"name\":\"Equipamiento y ropa para artes marciales y deportes de combate\",\"item\":\"https:\/\/www.daisho.be\/es\/categorie-produit\/equipamiento-y-ropa-para-artes-marciales-y-deportes-de-combate\/\"},{\"@type\":\"ListItem\",\"position\":4,\"name\":\"Jujitsu y jiu-jitsu brasile\u00f1os\",\"item\":\"https:\/\/www.daisho.be\/es\/categorie-produit\/equipamiento-y-ropa-para-artes-marciales-y-deportes-de-combate\/jujitsu-y-jiu-jitsu-brasilenos\/\"},{\"@type\":\"ListItem\",\"position\":5,\"name\":\"Kimono de Jujitsu\",\"item\":\"https:\/\/www.daisho.be\/es\/categorie-produit\/equipamiento-y-ropa-para-artes-marciales-y-deportes-de-combate\/jujitsu-y-jiu-jitsu-brasilenos\/kimono-de-jujitsu-es\/\"},{\"@type\":\"ListItem\",\"position\":6,\"name\":\"JUDOGI DAX TORI ORO AZUL\"}]},{\"@type\":\"WebSite\",\"@id\":\"https:\/\/www.daisho.be\/es\/#website\",\"url\":\"https:\/\/www.daisho.be\/es\/\",\"name\":\"Daisho\",\"description\":\"Sp&eacute;cialiste de l'&eacute;quipement sportif d'arts martiaux\",\"publisher\":{\"@id\":\"https:\/\/www.daisho.be\/es\/#organization\"},\"potentialAction\":[{\"@type\":\"SearchAction\",\"target\":{\"@type\":\"EntryPoint\",\"urlTemplate\":\"https:\/\/www.daisho.be\/es\/?s={search_term_string}\"},\"query-input\":{\"@type\":\"PropertyValueSpecification\",\"valueRequired\":true,\"valueName\":\"search_term_string\"}}],\"inLanguage\":\"es\"},{\"@type\":\"Organization\",\"@id\":\"https:\/\/www.daisho.be\/es\/#organization\",\"name\":\"Daisho\",\"url\":\"https:\/\/www.daisho.be\/es\/\",\"logo\":{\"@type\":\"ImageObject\",\"inLanguage\":\"es\",\"@id\":\"https:\/\/www.daisho.be\/es\/#\/schema\/logo\/image\/\",\"url\":\"https:\/\/www.daisho.be\/wp-content\/uploads\/2019\/07\/color-nothing-horizontale4x-e1564486100247.png\",\"contentUrl\":\"https:\/\/www.daisho.be\/wp-content\/uploads\/2019\/07\/color-nothing-horizontale4x-e1564486100247.png\",\"width\":1547,\"height\":385,\"caption\":\"Daisho\"},\"image\":{\"@id\":\"https:\/\/www.daisho.be\/es\/#\/schema\/logo\/image\/\"}}]}<\/script>\n<!-- \/ Yoast SEO plugin. -->","yoast_head_json":{"title":"JUDOGI DAX TORI ORO AZUL &#8211; Daisho","robots":{"index":"index","follow":"follow","max-snippet":"max-snippet:-1","max-image-preview":"max-image-preview:large","max-video-preview":"max-video-preview:-1"},"canonical":"https:\/\/www.daisho.be\/es\/produit\/judogi-dax-tori-oro-azul\/","og_locale":"es_ES","og_type":"article","og_title":"JUDOGI DAX TORI ORO AZUL &#8211; Daisho","og_description":"El DAX \u00abTori Gold\u00bb es un judogi excelente, pesado y s\u00f3lido, hecho para la competici\u00f3n. Este traje de judo ha sido homologado para competiciones nacionales. Este kimono tambi\u00e9n es adecuado como keikogi para otras artes marciales y puede utilizarse como Jiu-Jitsugi. Caracter\u00edsticas : &#8211; judogi o kimono homologado para torneos nacionales y la liga nacional [&hellip;]","og_url":"https:\/\/www.daisho.be\/es\/produit\/judogi-dax-tori-oro-azul\/","og_site_name":"Daisho","article_modified_time":"2026-04-14T10:27:25+00:00","og_image":[{"width":1450,"height":2048,"url":"https:\/\/www.daisho.be\/wp-content\/uploads\/2026\/04\/image-scaled.jpg","type":"image\/jpeg"}],"twitter_card":"summary_large_image","schema":{"@context":"https:\/\/schema.org","@graph":[{"@type":"WebPage","@id":"https:\/\/www.daisho.be\/es\/produit\/judogi-dax-tori-oro-azul\/","url":"https:\/\/www.daisho.be\/es\/produit\/judogi-dax-tori-oro-azul\/","name":"JUDOGI DAX TORI ORO AZUL &#8211; Daisho","isPartOf":{"@id":"https:\/\/www.daisho.be\/es\/#website"},"primaryImageOfPage":{"@id":"https:\/\/www.daisho.be\/es\/produit\/judogi-dax-tori-oro-azul\/#primaryimage"},"image":{"@id":"https:\/\/www.daisho.be\/es\/produit\/judogi-dax-tori-oro-azul\/#primaryimage"},"thumbnailUrl":"https:\/\/www.daisho.be\/wp-content\/uploads\/2026\/04\/image-scaled.jpg","datePublished":"2026-04-14T10:18:35+00:00","dateModified":"2026-04-14T10:27:25+00:00","breadcrumb":{"@id":"https:\/\/www.daisho.be\/es\/produit\/judogi-dax-tori-oro-azul\/#breadcrumb"},"inLanguage":"es","potentialAction":[{"@type":"ReadAction","target":["https:\/\/www.daisho.be\/es\/produit\/judogi-dax-tori-oro-azul\/"]}]},{"@type":"ImageObject","inLanguage":"es","@id":"https:\/\/www.daisho.be\/es\/produit\/judogi-dax-tori-oro-azul\/#primaryimage","url":"https:\/\/www.daisho.be\/wp-content\/uploads\/2026\/04\/image-scaled.jpg","contentUrl":"https:\/\/www.daisho.be\/wp-content\/uploads\/2026\/04\/image-scaled.jpg","width":1450,"height":2048,"caption":"JUDOGI DAX TORI ORO AZUL-1"},{"@type":"BreadcrumbList","@id":"https:\/\/www.daisho.be\/es\/produit\/judogi-dax-tori-oro-azul\/#breadcrumb","itemListElement":[{"@type":"ListItem","position":1,"name":"Accueil","item":"https:\/\/www.daisho.be\/es\/"},{"@type":"ListItem","position":2,"name":"Productos","item":"https:\/\/www.daisho.be\/es\/productos\/"},{"@type":"ListItem","position":3,"name":"Equipamiento y ropa para artes marciales y deportes de combate","item":"https:\/\/www.daisho.be\/es\/categorie-produit\/equipamiento-y-ropa-para-artes-marciales-y-deportes-de-combate\/"},{"@type":"ListItem","position":4,"name":"Jujitsu y jiu-jitsu brasile\u00f1os","item":"https:\/\/www.daisho.be\/es\/categorie-produit\/equipamiento-y-ropa-para-artes-marciales-y-deportes-de-combate\/jujitsu-y-jiu-jitsu-brasilenos\/"},{"@type":"ListItem","position":5,"name":"Kimono de Jujitsu","item":"https:\/\/www.daisho.be\/es\/categorie-produit\/equipamiento-y-ropa-para-artes-marciales-y-deportes-de-combate\/jujitsu-y-jiu-jitsu-brasilenos\/kimono-de-jujitsu-es\/"},{"@type":"ListItem","position":6,"name":"JUDOGI DAX TORI ORO AZUL"}]},{"@type":"WebSite","@id":"https:\/\/www.daisho.be\/es\/#website","url":"https:\/\/www.daisho.be\/es\/","name":"Daisho","description":"Sp&eacute;cialiste de l'&eacute;quipement sportif d'arts martiaux","publisher":{"@id":"https:\/\/www.daisho.be\/es\/#organization"},"potentialAction":[{"@type":"SearchAction","target":{"@type":"EntryPoint","urlTemplate":"https:\/\/www.daisho.be\/es\/?s={search_term_string}"},"query-input":{"@type":"PropertyValueSpecification","valueRequired":true,"valueName":"search_term_string"}}],"inLanguage":"es"},{"@type":"Organization","@id":"https:\/\/www.daisho.be\/es\/#organization","name":"Daisho","url":"https:\/\/www.daisho.be\/es\/","logo":{"@type":"ImageObject","inLanguage":"es","@id":"https:\/\/www.daisho.be\/es\/#\/schema\/logo\/image\/","url":"https:\/\/www.daisho.be\/wp-content\/uploads\/2019\/07\/color-nothing-horizontale4x-e1564486100247.png","contentUrl":"https:\/\/www.daisho.be\/wp-content\/uploads\/2019\/07\/color-nothing-horizontale4x-e1564486100247.png","width":1547,"height":385,"caption":"Daisho"},"image":{"@id":"https:\/\/www.daisho.be\/es\/#\/schema\/logo\/image\/"}}]}},"_links":{"self":[{"href":"https:\/\/www.daisho.be\/es\/wp-json\/wp\/v2\/product\/678384","targetHints":{"allow":["GET"]}}],"collection":[{"href":"https:\/\/www.daisho.be\/es\/wp-json\/wp\/v2\/product"}],"about":[{"href":"https:\/\/www.daisho.be\/es\/wp-json\/wp\/v2\/types\/product"}],"replies":[{"embeddable":true,"href":"https:\/\/www.daisho.be\/es\/wp-json\/wp\/v2\/comments?post=678384"}],"wp:featuredmedia":[{"embeddable":true,"href":"https:\/\/www.daisho.be\/es\/wp-json\/wp\/v2\/media\/678448"}],"wp:attachment":[{"href":"https:\/\/www.daisho.be\/es\/wp-json\/wp\/v2\/media?parent=678384"}],"wp:term":[{"taxonomy":"product_brand","embeddable":true,"href":"https:\/\/www.daisho.be\/es\/wp-json\/wp\/v2\/product_brand?post=678384"},{"taxonomy":"product_cat","embeddable":true,"href":"https:\/\/www.daisho.be\/es\/wp-json\/wp\/v2\/product_cat?post=678384"},{"taxonomy":"product_tag","embeddable":true,"href":"https:\/\/www.daisho.be\/es\/wp-json\/wp\/v2\/product_tag?post=678384"},{"taxonomy":"sport","embeddable":true,"href":"https:\/\/www.daisho.be\/es\/wp-json\/wp\/v2\/sport?post=678384"}],"curies":[{"name":"wp","href":"https:\/\/api.w.org\/{rel}","templated":true}]}}