{"id":678304,"date":"2026-04-14T10:47:22","date_gmt":"2026-04-14T08:47:22","guid":{"rendered":"https:\/\/www.daisho.be\/produit\/bolsa-duffle-adidas-m-karate-negro\/"},"modified":"2026-04-14T10:47:22","modified_gmt":"2026-04-14T08:47:22","slug":"bolsa-duffle-adidas-m-karate-negro","status":"publish","type":"product","link":"https:\/\/www.daisho.be\/es\/produit\/bolsa-duffle-adidas-m-karate-negro\/","title":{"rendered":"Bolsa Duffle adidas M Karate negro"},"content":{"rendered":"<p>Dise\u00f1ada para deportistas exigentes, esta bolsa de deporte adidas ofrece gran capacidad y una organizaci\u00f3n \u00f3ptima para llevar todo tu equipo con facilidad.<br \/>\nEspacio generoso: amplio compartimento principal para guardar ropa, zapatos y accesorios sin compromiso.<br \/>\nCompartimento ventilado e impermeable: Ideal para aislar la ropa h\u00fameda o sucia, evita la propagaci\u00f3n de olores.<br \/>\nAcceso r\u00e1pido: Bolsillo externo con cremallera para tener a mano lo esencial.<br \/>\nComodidad de transporte: correas de hombro ergon\u00f3micas tipo mochila para un transporte c\u00f3modo, incluso en largas distancias.<br \/>\nVersatilidad: Las tres asas de transporte ofrecen diversas opciones de transporte que se adaptan a tus necesidades.<\/p>\n<p>Dimensiones: 60 x 32 x 35 cm<br \/>\nCapacidad: 67 litros<\/p>\n","protected":false},"excerpt":{"rendered":"<p>Dise\u00f1ada para deportistas exigentes, esta bolsa de deporte adidas ofrece gran capacidad y una organizaci\u00f3n \u00f3ptima para llevar todo tu equipo con facilidad. Espacio generoso: amplio compartimento principal para guardar ropa, zapatos y accesorios sin compromiso. Compartimento ventilado e impermeable: Ideal para aislar la ropa h\u00fameda o sucia, evita la propagaci\u00f3n de olores. Acceso r\u00e1pido: [&hellip;]<\/p>\n","protected":false},"featured_media":678195,"comment_status":"open","ping_status":"closed","template":"","meta":{"inline_featured_image":false},"product_brand":[],"product_cat":[1585,1452],"product_tag":[1560],"sport":[],"class_list":{"0":"post-678304","1":"product","2":"type-product","3":"status-publish","4":"has-post-thumbnail","6":"product_cat-bolsas-de-deporte-adidas-combat","7":"product_cat-bolsas-de-karate","8":"product_tag-adidas-es","10":"first","11":"instock","12":"taxable","13":"shipping-taxable","14":"purchasable","15":"product-type-simple"},"yoast_head":"<!-- This site is optimized with the Yoast SEO plugin v27.2 - https:\/\/yoast.com\/product\/yoast-seo-wordpress\/ -->\n<title>Bolsa Duffle adidas M Karate negro &#8211; Daisho<\/title>\n<meta name=\"robots\" content=\"index, follow, max-snippet:-1, max-image-preview:large, max-video-preview:-1\" \/>\n<link rel=\"canonical\" href=\"https:\/\/www.daisho.be\/es\/produit\/bolsa-duffle-adidas-m-karate-negro\/\" \/>\n<meta property=\"og:locale\" content=\"es_ES\" \/>\n<meta property=\"og:type\" content=\"article\" \/>\n<meta property=\"og:title\" content=\"Bolsa Duffle adidas M Karate negro &#8211; Daisho\" \/>\n<meta property=\"og:description\" content=\"Dise\u00f1ada para deportistas exigentes, esta bolsa de deporte adidas ofrece gran capacidad y una organizaci\u00f3n \u00f3ptima para llevar todo tu equipo con facilidad. Espacio generoso: amplio compartimento principal para guardar ropa, zapatos y accesorios sin compromiso. Compartimento ventilado e impermeable: Ideal para aislar la ropa h\u00fameda o sucia, evita la propagaci\u00f3n de olores. Acceso r\u00e1pido: [&hellip;]\" \/>\n<meta property=\"og:url\" content=\"https:\/\/www.daisho.be\/es\/produit\/bolsa-duffle-adidas-m-karate-negro\/\" \/>\n<meta property=\"og:site_name\" content=\"Daisho\" \/>\n<meta property=\"og:image\" content=\"https:\/\/www.daisho.be\/wp-content\/uploads\/2026\/04\/image-64.jpg\" \/>\n\t<meta property=\"og:image:width\" content=\"1000\" \/>\n\t<meta property=\"og:image:height\" content=\"1000\" \/>\n\t<meta property=\"og:image:type\" content=\"image\/jpeg\" \/>\n<meta name=\"twitter:card\" content=\"summary_large_image\" \/>\n<meta name=\"twitter:label1\" content=\"Tiempo de lectura\" \/>\n\t<meta name=\"twitter:data1\" content=\"1 minuto\" \/>\n<script type=\"application\/ld+json\" class=\"yoast-schema-graph\">{\"@context\":\"https:\/\/schema.org\",\"@graph\":[{\"@type\":\"WebPage\",\"@id\":\"https:\/\/www.daisho.be\/es\/produit\/bolsa-duffle-adidas-m-karate-negro\/\",\"url\":\"https:\/\/www.daisho.be\/es\/produit\/bolsa-duffle-adidas-m-karate-negro\/\",\"name\":\"Bolsa Duffle adidas M Karate negro &#8211; Daisho\",\"isPartOf\":{\"@id\":\"https:\/\/www.daisho.be\/es\/#website\"},\"primaryImageOfPage\":{\"@id\":\"https:\/\/www.daisho.be\/es\/produit\/bolsa-duffle-adidas-m-karate-negro\/#primaryimage\"},\"image\":{\"@id\":\"https:\/\/www.daisho.be\/es\/produit\/bolsa-duffle-adidas-m-karate-negro\/#primaryimage\"},\"thumbnailUrl\":\"https:\/\/www.daisho.be\/wp-content\/uploads\/2026\/04\/image-64.jpg\",\"datePublished\":\"2026-04-14T08:47:22+00:00\",\"breadcrumb\":{\"@id\":\"https:\/\/www.daisho.be\/es\/produit\/bolsa-duffle-adidas-m-karate-negro\/#breadcrumb\"},\"inLanguage\":\"es\",\"potentialAction\":[{\"@type\":\"ReadAction\",\"target\":[\"https:\/\/www.daisho.be\/es\/produit\/bolsa-duffle-adidas-m-karate-negro\/\"]}]},{\"@type\":\"ImageObject\",\"inLanguage\":\"es\",\"@id\":\"https:\/\/www.daisho.be\/es\/produit\/bolsa-duffle-adidas-m-karate-negro\/#primaryimage\",\"url\":\"https:\/\/www.daisho.be\/wp-content\/uploads\/2026\/04\/image-64.jpg\",\"contentUrl\":\"https:\/\/www.daisho.be\/wp-content\/uploads\/2026\/04\/image-64.jpg\",\"width\":1000,\"height\":1000,\"caption\":\"adidas Duffle Bag M Karat\u00e9 noir-1\"},{\"@type\":\"BreadcrumbList\",\"@id\":\"https:\/\/www.daisho.be\/es\/produit\/bolsa-duffle-adidas-m-karate-negro\/#breadcrumb\",\"itemListElement\":[{\"@type\":\"ListItem\",\"position\":1,\"name\":\"Accueil\",\"item\":\"https:\/\/www.daisho.be\/es\/\"},{\"@type\":\"ListItem\",\"position\":2,\"name\":\"Productos\",\"item\":\"https:\/\/www.daisho.be\/es\/productos\/\"},{\"@type\":\"ListItem\",\"position\":3,\"name\":\"Bolsa Duffle adidas M Karate negro\"}]},{\"@type\":\"WebSite\",\"@id\":\"https:\/\/www.daisho.be\/es\/#website\",\"url\":\"https:\/\/www.daisho.be\/es\/\",\"name\":\"Daisho\",\"description\":\"Sp&eacute;cialiste de l'&eacute;quipement sportif d'arts martiaux\",\"publisher\":{\"@id\":\"https:\/\/www.daisho.be\/es\/#organization\"},\"potentialAction\":[{\"@type\":\"SearchAction\",\"target\":{\"@type\":\"EntryPoint\",\"urlTemplate\":\"https:\/\/www.daisho.be\/es\/?s={search_term_string}\"},\"query-input\":{\"@type\":\"PropertyValueSpecification\",\"valueRequired\":true,\"valueName\":\"search_term_string\"}}],\"inLanguage\":\"es\"},{\"@type\":\"Organization\",\"@id\":\"https:\/\/www.daisho.be\/es\/#organization\",\"name\":\"Daisho\",\"url\":\"https:\/\/www.daisho.be\/es\/\",\"logo\":{\"@type\":\"ImageObject\",\"inLanguage\":\"es\",\"@id\":\"https:\/\/www.daisho.be\/es\/#\/schema\/logo\/image\/\",\"url\":\"https:\/\/www.daisho.be\/wp-content\/uploads\/2019\/07\/color-nothing-horizontale4x-e1564486100247.png\",\"contentUrl\":\"https:\/\/www.daisho.be\/wp-content\/uploads\/2019\/07\/color-nothing-horizontale4x-e1564486100247.png\",\"width\":1547,\"height\":385,\"caption\":\"Daisho\"},\"image\":{\"@id\":\"https:\/\/www.daisho.be\/es\/#\/schema\/logo\/image\/\"}}]}<\/script>\n<!-- \/ Yoast SEO plugin. -->","yoast_head_json":{"title":"Bolsa Duffle adidas M Karate negro &#8211; Daisho","robots":{"index":"index","follow":"follow","max-snippet":"max-snippet:-1","max-image-preview":"max-image-preview:large","max-video-preview":"max-video-preview:-1"},"canonical":"https:\/\/www.daisho.be\/es\/produit\/bolsa-duffle-adidas-m-karate-negro\/","og_locale":"es_ES","og_type":"article","og_title":"Bolsa Duffle adidas M Karate negro &#8211; Daisho","og_description":"Dise\u00f1ada para deportistas exigentes, esta bolsa de deporte adidas ofrece gran capacidad y una organizaci\u00f3n \u00f3ptima para llevar todo tu equipo con facilidad. Espacio generoso: amplio compartimento principal para guardar ropa, zapatos y accesorios sin compromiso. Compartimento ventilado e impermeable: Ideal para aislar la ropa h\u00fameda o sucia, evita la propagaci\u00f3n de olores. Acceso r\u00e1pido: [&hellip;]","og_url":"https:\/\/www.daisho.be\/es\/produit\/bolsa-duffle-adidas-m-karate-negro\/","og_site_name":"Daisho","og_image":[{"width":1000,"height":1000,"url":"https:\/\/www.daisho.be\/wp-content\/uploads\/2026\/04\/image-64.jpg","type":"image\/jpeg"}],"twitter_card":"summary_large_image","twitter_misc":{"Tiempo de lectura":"1 minuto"},"schema":{"@context":"https:\/\/schema.org","@graph":[{"@type":"WebPage","@id":"https:\/\/www.daisho.be\/es\/produit\/bolsa-duffle-adidas-m-karate-negro\/","url":"https:\/\/www.daisho.be\/es\/produit\/bolsa-duffle-adidas-m-karate-negro\/","name":"Bolsa Duffle adidas M Karate negro &#8211; Daisho","isPartOf":{"@id":"https:\/\/www.daisho.be\/es\/#website"},"primaryImageOfPage":{"@id":"https:\/\/www.daisho.be\/es\/produit\/bolsa-duffle-adidas-m-karate-negro\/#primaryimage"},"image":{"@id":"https:\/\/www.daisho.be\/es\/produit\/bolsa-duffle-adidas-m-karate-negro\/#primaryimage"},"thumbnailUrl":"https:\/\/www.daisho.be\/wp-content\/uploads\/2026\/04\/image-64.jpg","datePublished":"2026-04-14T08:47:22+00:00","breadcrumb":{"@id":"https:\/\/www.daisho.be\/es\/produit\/bolsa-duffle-adidas-m-karate-negro\/#breadcrumb"},"inLanguage":"es","potentialAction":[{"@type":"ReadAction","target":["https:\/\/www.daisho.be\/es\/produit\/bolsa-duffle-adidas-m-karate-negro\/"]}]},{"@type":"ImageObject","inLanguage":"es","@id":"https:\/\/www.daisho.be\/es\/produit\/bolsa-duffle-adidas-m-karate-negro\/#primaryimage","url":"https:\/\/www.daisho.be\/wp-content\/uploads\/2026\/04\/image-64.jpg","contentUrl":"https:\/\/www.daisho.be\/wp-content\/uploads\/2026\/04\/image-64.jpg","width":1000,"height":1000,"caption":"adidas Duffle Bag M Karat\u00e9 noir-1"},{"@type":"BreadcrumbList","@id":"https:\/\/www.daisho.be\/es\/produit\/bolsa-duffle-adidas-m-karate-negro\/#breadcrumb","itemListElement":[{"@type":"ListItem","position":1,"name":"Accueil","item":"https:\/\/www.daisho.be\/es\/"},{"@type":"ListItem","position":2,"name":"Productos","item":"https:\/\/www.daisho.be\/es\/productos\/"},{"@type":"ListItem","position":3,"name":"Bolsa Duffle adidas M Karate negro"}]},{"@type":"WebSite","@id":"https:\/\/www.daisho.be\/es\/#website","url":"https:\/\/www.daisho.be\/es\/","name":"Daisho","description":"Sp&eacute;cialiste de l'&eacute;quipement sportif d'arts martiaux","publisher":{"@id":"https:\/\/www.daisho.be\/es\/#organization"},"potentialAction":[{"@type":"SearchAction","target":{"@type":"EntryPoint","urlTemplate":"https:\/\/www.daisho.be\/es\/?s={search_term_string}"},"query-input":{"@type":"PropertyValueSpecification","valueRequired":true,"valueName":"search_term_string"}}],"inLanguage":"es"},{"@type":"Organization","@id":"https:\/\/www.daisho.be\/es\/#organization","name":"Daisho","url":"https:\/\/www.daisho.be\/es\/","logo":{"@type":"ImageObject","inLanguage":"es","@id":"https:\/\/www.daisho.be\/es\/#\/schema\/logo\/image\/","url":"https:\/\/www.daisho.be\/wp-content\/uploads\/2019\/07\/color-nothing-horizontale4x-e1564486100247.png","contentUrl":"https:\/\/www.daisho.be\/wp-content\/uploads\/2019\/07\/color-nothing-horizontale4x-e1564486100247.png","width":1547,"height":385,"caption":"Daisho"},"image":{"@id":"https:\/\/www.daisho.be\/es\/#\/schema\/logo\/image\/"}}]}},"_links":{"self":[{"href":"https:\/\/www.daisho.be\/es\/wp-json\/wp\/v2\/product\/678304","targetHints":{"allow":["GET"]}}],"collection":[{"href":"https:\/\/www.daisho.be\/es\/wp-json\/wp\/v2\/product"}],"about":[{"href":"https:\/\/www.daisho.be\/es\/wp-json\/wp\/v2\/types\/product"}],"replies":[{"embeddable":true,"href":"https:\/\/www.daisho.be\/es\/wp-json\/wp\/v2\/comments?post=678304"}],"wp:featuredmedia":[{"embeddable":true,"href":"https:\/\/www.daisho.be\/es\/wp-json\/wp\/v2\/media\/678195"}],"wp:attachment":[{"href":"https:\/\/www.daisho.be\/es\/wp-json\/wp\/v2\/media?parent=678304"}],"wp:term":[{"taxonomy":"product_brand","embeddable":true,"href":"https:\/\/www.daisho.be\/es\/wp-json\/wp\/v2\/product_brand?post=678304"},{"taxonomy":"product_cat","embeddable":true,"href":"https:\/\/www.daisho.be\/es\/wp-json\/wp\/v2\/product_cat?post=678304"},{"taxonomy":"product_tag","embeddable":true,"href":"https:\/\/www.daisho.be\/es\/wp-json\/wp\/v2\/product_tag?post=678304"},{"taxonomy":"sport","embeddable":true,"href":"https:\/\/www.daisho.be\/es\/wp-json\/wp\/v2\/sport?post=678304"}],"curies":[{"name":"wp","href":"https:\/\/api.w.org\/{rel}","templated":true}]}}