{"id":677926,"date":"2026-04-14T09:40:54","date_gmt":"2026-04-14T07:40:54","guid":{"rendered":"https:\/\/www.daisho.be\/produit\/zapatillas-adidas-adi-sm-ii-para-taekwondo\/"},"modified":"2026-04-14T16:28:03","modified_gmt":"2026-04-14T14:28:03","slug":"zapatillas-adidas-adi-sm-ii-para-taekwondo","status":"publish","type":"product","link":"https:\/\/www.daisho.be\/es\/produit\/zapatillas-adidas-adi-sm-ii-para-taekwondo\/","title":{"rendered":"Zapatillas adidas ADI-SM II para taekwondo"},"content":{"rendered":"<p>Estas zapatillas de taekwondo de adidas est\u00e1n fabricadas con PU extraligero.<br \/>\nEsto hace que las zapatillas resulten naturales y que mantengas tu velocidad de movimiento.<br \/>\nEn la parte trasera de la zapatilla hay un cord\u00f3n para mantener la comodidad durante el sparring o el entrenamiento.<br \/>\nLa suela de goma es extrafina, flexible y no deja marcas en el suelo.<br \/>\nLas zapatillas son adecuadas tanto para competici\u00f3n como para entrenamiento.<br \/>\nVentajas:<br \/>\n&#8211; extra ligeras<br \/>\n&#8211; cordones en la parte trasera<br \/>\n&#8211; suela fina y flexible<br \/>\n&#8211; bonito dise\u00f1o<\/p>\n<p><i class=\"fa fa-warning\"><\/i> <span style=\"font-size:12px\">ATENCI\u00d3N: Los zapatos son peque\u00f1os. Te recomendamos que aumentes al menos una talla. Encontrar\u00e1s ayuda sobre c\u00f3mo encontrar la talla correcta al lado.<br \/>Por favor, mide la talla, la mayor\u00eda de las zapatillas se piden demasiado peque\u00f1as, as\u00ed que busca en un par viejo de zapatillas adidas la talla del Reino Unido<br \/> (\u00a1\u00a1\u00a1\u00e9sta sigue siendo la correcta!!!), o mide (\u00a1pon el pie sobre un trozo de papel, dibuja el contorno con un l\u00e1piz y luego mide!).  <\/span><\/p>\n","protected":false},"excerpt":{"rendered":"<p>Estas zapatillas de taekwondo de adidas est\u00e1n fabricadas con PU extraligero. Esto hace que las zapatillas resulten naturales y que mantengas tu velocidad de movimiento. En la parte trasera de la zapatilla hay un cord\u00f3n para mantener la comodidad durante el sparring o el entrenamiento. La suela de goma es extrafina, flexible y no deja [&hellip;]<\/p>\n","protected":false},"featured_media":678005,"comment_status":"open","ping_status":"closed","template":"","meta":{"inline_featured_image":false},"product_brand":[],"product_cat":[1732,1496,1495],"product_tag":[1560],"sport":[],"class_list":{"0":"post-677926","1":"product","2":"type-product","3":"status-publish","4":"has-post-thumbnail","6":"product_cat-ropa-de-taekwondo-adidas","7":"product_cat-zapatillas-de-taekwondo","8":"product_cat-zapatos","9":"product_tag-adidas-es","10":"pa_size-402","11":"pa_size-401","12":"pa_size-400","13":"pa_size-36-2-3","14":"pa_size-37-1-3","15":"pa_size-398","16":"pa_size-38-2-3","17":"pa_size-39-1-3","18":"pa_size-396","19":"pa_size-40-2-3","20":"pa_size-41-1-3","21":"pa_size-394","22":"pa_size-42-2-3","23":"pa_size-43-1-3","24":"pa_size-392","25":"pa_size-44-2-3","26":"pa_size-45-1-3","27":"pa_size-390","28":"pa_size-46-2-3","29":"pa_size-47-1-3","30":"pa_size-1224","32":"first","33":"instock","34":"taxable","35":"shipping-taxable","36":"purchasable","37":"product-type-variable"},"yoast_head":"<!-- This site is optimized with the Yoast SEO plugin v27.2 - https:\/\/yoast.com\/product\/yoast-seo-wordpress\/ -->\n<title>Zapatillas adidas ADI-SM II para taekwondo &#8211; Daisho<\/title>\n<meta name=\"robots\" content=\"index, follow, max-snippet:-1, max-image-preview:large, max-video-preview:-1\" \/>\n<link rel=\"canonical\" href=\"https:\/\/www.daisho.be\/es\/produit\/zapatillas-adidas-adi-sm-ii-para-taekwondo\/\" \/>\n<meta property=\"og:locale\" content=\"es_ES\" \/>\n<meta property=\"og:type\" content=\"article\" \/>\n<meta property=\"og:title\" content=\"Zapatillas adidas ADI-SM II para taekwondo &#8211; Daisho\" \/>\n<meta property=\"og:description\" content=\"Estas zapatillas de taekwondo de adidas est\u00e1n fabricadas con PU extraligero. Esto hace que las zapatillas resulten naturales y que mantengas tu velocidad de movimiento. En la parte trasera de la zapatilla hay un cord\u00f3n para mantener la comodidad durante el sparring o el entrenamiento. La suela de goma es extrafina, flexible y no deja [&hellip;]\" \/>\n<meta property=\"og:url\" content=\"https:\/\/www.daisho.be\/es\/produit\/zapatillas-adidas-adi-sm-ii-para-taekwondo\/\" \/>\n<meta property=\"og:site_name\" content=\"Daisho\" \/>\n<meta property=\"article:modified_time\" content=\"2026-04-14T14:28:03+00:00\" \/>\n<meta property=\"og:image\" content=\"https:\/\/www.daisho.be\/wp-content\/uploads\/2026\/04\/image-5.webp\" \/>\n\t<meta property=\"og:image:width\" content=\"1200\" \/>\n\t<meta property=\"og:image:height\" content=\"788\" \/>\n\t<meta property=\"og:image:type\" content=\"image\/webp\" \/>\n<meta name=\"twitter:card\" content=\"summary_large_image\" \/>\n<meta name=\"twitter:label1\" content=\"Tiempo de lectura\" \/>\n\t<meta name=\"twitter:data1\" content=\"1 minuto\" \/>\n<script type=\"application\/ld+json\" class=\"yoast-schema-graph\">{\"@context\":\"https:\/\/schema.org\",\"@graph\":[{\"@type\":\"WebPage\",\"@id\":\"https:\/\/www.daisho.be\/es\/produit\/zapatillas-adidas-adi-sm-ii-para-taekwondo\/\",\"url\":\"https:\/\/www.daisho.be\/es\/produit\/zapatillas-adidas-adi-sm-ii-para-taekwondo\/\",\"name\":\"Zapatillas adidas ADI-SM II para taekwondo &#8211; Daisho\",\"isPartOf\":{\"@id\":\"https:\/\/www.daisho.be\/es\/#website\"},\"primaryImageOfPage\":{\"@id\":\"https:\/\/www.daisho.be\/es\/produit\/zapatillas-adidas-adi-sm-ii-para-taekwondo\/#primaryimage\"},\"image\":{\"@id\":\"https:\/\/www.daisho.be\/es\/produit\/zapatillas-adidas-adi-sm-ii-para-taekwondo\/#primaryimage\"},\"thumbnailUrl\":\"https:\/\/www.daisho.be\/wp-content\/uploads\/2026\/04\/image-5.webp\",\"datePublished\":\"2026-04-14T07:40:54+00:00\",\"dateModified\":\"2026-04-14T14:28:03+00:00\",\"breadcrumb\":{\"@id\":\"https:\/\/www.daisho.be\/es\/produit\/zapatillas-adidas-adi-sm-ii-para-taekwondo\/#breadcrumb\"},\"inLanguage\":\"es\",\"potentialAction\":[{\"@type\":\"ReadAction\",\"target\":[\"https:\/\/www.daisho.be\/es\/produit\/zapatillas-adidas-adi-sm-ii-para-taekwondo\/\"]}]},{\"@type\":\"ImageObject\",\"inLanguage\":\"es\",\"@id\":\"https:\/\/www.daisho.be\/es\/produit\/zapatillas-adidas-adi-sm-ii-para-taekwondo\/#primaryimage\",\"url\":\"https:\/\/www.daisho.be\/wp-content\/uploads\/2026\/04\/image-5.webp\",\"contentUrl\":\"https:\/\/www.daisho.be\/wp-content\/uploads\/2026\/04\/image-5.webp\",\"width\":1200,\"height\":788,\"caption\":\"Zapatillas adidas ADI-SM II-1 para taekwondo\"},{\"@type\":\"BreadcrumbList\",\"@id\":\"https:\/\/www.daisho.be\/es\/produit\/zapatillas-adidas-adi-sm-ii-para-taekwondo\/#breadcrumb\",\"itemListElement\":[{\"@type\":\"ListItem\",\"position\":1,\"name\":\"Accueil\",\"item\":\"https:\/\/www.daisho.be\/es\/\"},{\"@type\":\"ListItem\",\"position\":2,\"name\":\"Productos\",\"item\":\"https:\/\/www.daisho.be\/es\/productos\/\"},{\"@type\":\"ListItem\",\"position\":3,\"name\":\"ADIDAS COMBAT SPORTS\",\"item\":\"https:\/\/www.daisho.be\/es\/categorie-produit\/adidas-combat-sports-es\/\"},{\"@type\":\"ListItem\",\"position\":4,\"name\":\"Taekwondo\",\"item\":\"https:\/\/www.daisho.be\/es\/categorie-produit\/adidas-combat-sports-es\/taekwondo-es-2\/\"},{\"@type\":\"ListItem\",\"position\":5,\"name\":\"Ropa de taekwondo Adidas\",\"item\":\"https:\/\/www.daisho.be\/es\/categorie-produit\/adidas-combat-sports-es\/taekwondo-es-2\/ropa-de-taekwondo-adidas\/\"},{\"@type\":\"ListItem\",\"position\":6,\"name\":\"Zapatillas adidas ADI-SM II para taekwondo\"}]},{\"@type\":\"WebSite\",\"@id\":\"https:\/\/www.daisho.be\/es\/#website\",\"url\":\"https:\/\/www.daisho.be\/es\/\",\"name\":\"Daisho\",\"description\":\"Sp&eacute;cialiste de l'&eacute;quipement sportif d'arts martiaux\",\"publisher\":{\"@id\":\"https:\/\/www.daisho.be\/es\/#organization\"},\"potentialAction\":[{\"@type\":\"SearchAction\",\"target\":{\"@type\":\"EntryPoint\",\"urlTemplate\":\"https:\/\/www.daisho.be\/es\/?s={search_term_string}\"},\"query-input\":{\"@type\":\"PropertyValueSpecification\",\"valueRequired\":true,\"valueName\":\"search_term_string\"}}],\"inLanguage\":\"es\"},{\"@type\":\"Organization\",\"@id\":\"https:\/\/www.daisho.be\/es\/#organization\",\"name\":\"Daisho\",\"url\":\"https:\/\/www.daisho.be\/es\/\",\"logo\":{\"@type\":\"ImageObject\",\"inLanguage\":\"es\",\"@id\":\"https:\/\/www.daisho.be\/es\/#\/schema\/logo\/image\/\",\"url\":\"https:\/\/www.daisho.be\/wp-content\/uploads\/2019\/07\/color-nothing-horizontale4x-e1564486100247.png\",\"contentUrl\":\"https:\/\/www.daisho.be\/wp-content\/uploads\/2019\/07\/color-nothing-horizontale4x-e1564486100247.png\",\"width\":1547,\"height\":385,\"caption\":\"Daisho\"},\"image\":{\"@id\":\"https:\/\/www.daisho.be\/es\/#\/schema\/logo\/image\/\"}}]}<\/script>\n<!-- \/ Yoast SEO plugin. -->","yoast_head_json":{"title":"Zapatillas adidas ADI-SM II para taekwondo &#8211; Daisho","robots":{"index":"index","follow":"follow","max-snippet":"max-snippet:-1","max-image-preview":"max-image-preview:large","max-video-preview":"max-video-preview:-1"},"canonical":"https:\/\/www.daisho.be\/es\/produit\/zapatillas-adidas-adi-sm-ii-para-taekwondo\/","og_locale":"es_ES","og_type":"article","og_title":"Zapatillas adidas ADI-SM II para taekwondo &#8211; Daisho","og_description":"Estas zapatillas de taekwondo de adidas est\u00e1n fabricadas con PU extraligero. Esto hace que las zapatillas resulten naturales y que mantengas tu velocidad de movimiento. En la parte trasera de la zapatilla hay un cord\u00f3n para mantener la comodidad durante el sparring o el entrenamiento. La suela de goma es extrafina, flexible y no deja [&hellip;]","og_url":"https:\/\/www.daisho.be\/es\/produit\/zapatillas-adidas-adi-sm-ii-para-taekwondo\/","og_site_name":"Daisho","article_modified_time":"2026-04-14T14:28:03+00:00","og_image":[{"width":1200,"height":788,"url":"https:\/\/www.daisho.be\/wp-content\/uploads\/2026\/04\/image-5.webp","type":"image\/webp"}],"twitter_card":"summary_large_image","twitter_misc":{"Tiempo de lectura":"1 minuto"},"schema":{"@context":"https:\/\/schema.org","@graph":[{"@type":"WebPage","@id":"https:\/\/www.daisho.be\/es\/produit\/zapatillas-adidas-adi-sm-ii-para-taekwondo\/","url":"https:\/\/www.daisho.be\/es\/produit\/zapatillas-adidas-adi-sm-ii-para-taekwondo\/","name":"Zapatillas adidas ADI-SM II para taekwondo &#8211; Daisho","isPartOf":{"@id":"https:\/\/www.daisho.be\/es\/#website"},"primaryImageOfPage":{"@id":"https:\/\/www.daisho.be\/es\/produit\/zapatillas-adidas-adi-sm-ii-para-taekwondo\/#primaryimage"},"image":{"@id":"https:\/\/www.daisho.be\/es\/produit\/zapatillas-adidas-adi-sm-ii-para-taekwondo\/#primaryimage"},"thumbnailUrl":"https:\/\/www.daisho.be\/wp-content\/uploads\/2026\/04\/image-5.webp","datePublished":"2026-04-14T07:40:54+00:00","dateModified":"2026-04-14T14:28:03+00:00","breadcrumb":{"@id":"https:\/\/www.daisho.be\/es\/produit\/zapatillas-adidas-adi-sm-ii-para-taekwondo\/#breadcrumb"},"inLanguage":"es","potentialAction":[{"@type":"ReadAction","target":["https:\/\/www.daisho.be\/es\/produit\/zapatillas-adidas-adi-sm-ii-para-taekwondo\/"]}]},{"@type":"ImageObject","inLanguage":"es","@id":"https:\/\/www.daisho.be\/es\/produit\/zapatillas-adidas-adi-sm-ii-para-taekwondo\/#primaryimage","url":"https:\/\/www.daisho.be\/wp-content\/uploads\/2026\/04\/image-5.webp","contentUrl":"https:\/\/www.daisho.be\/wp-content\/uploads\/2026\/04\/image-5.webp","width":1200,"height":788,"caption":"Zapatillas adidas ADI-SM II-1 para taekwondo"},{"@type":"BreadcrumbList","@id":"https:\/\/www.daisho.be\/es\/produit\/zapatillas-adidas-adi-sm-ii-para-taekwondo\/#breadcrumb","itemListElement":[{"@type":"ListItem","position":1,"name":"Accueil","item":"https:\/\/www.daisho.be\/es\/"},{"@type":"ListItem","position":2,"name":"Productos","item":"https:\/\/www.daisho.be\/es\/productos\/"},{"@type":"ListItem","position":3,"name":"ADIDAS COMBAT SPORTS","item":"https:\/\/www.daisho.be\/es\/categorie-produit\/adidas-combat-sports-es\/"},{"@type":"ListItem","position":4,"name":"Taekwondo","item":"https:\/\/www.daisho.be\/es\/categorie-produit\/adidas-combat-sports-es\/taekwondo-es-2\/"},{"@type":"ListItem","position":5,"name":"Ropa de taekwondo Adidas","item":"https:\/\/www.daisho.be\/es\/categorie-produit\/adidas-combat-sports-es\/taekwondo-es-2\/ropa-de-taekwondo-adidas\/"},{"@type":"ListItem","position":6,"name":"Zapatillas adidas ADI-SM II para taekwondo"}]},{"@type":"WebSite","@id":"https:\/\/www.daisho.be\/es\/#website","url":"https:\/\/www.daisho.be\/es\/","name":"Daisho","description":"Sp&eacute;cialiste de l'&eacute;quipement sportif d'arts martiaux","publisher":{"@id":"https:\/\/www.daisho.be\/es\/#organization"},"potentialAction":[{"@type":"SearchAction","target":{"@type":"EntryPoint","urlTemplate":"https:\/\/www.daisho.be\/es\/?s={search_term_string}"},"query-input":{"@type":"PropertyValueSpecification","valueRequired":true,"valueName":"search_term_string"}}],"inLanguage":"es"},{"@type":"Organization","@id":"https:\/\/www.daisho.be\/es\/#organization","name":"Daisho","url":"https:\/\/www.daisho.be\/es\/","logo":{"@type":"ImageObject","inLanguage":"es","@id":"https:\/\/www.daisho.be\/es\/#\/schema\/logo\/image\/","url":"https:\/\/www.daisho.be\/wp-content\/uploads\/2019\/07\/color-nothing-horizontale4x-e1564486100247.png","contentUrl":"https:\/\/www.daisho.be\/wp-content\/uploads\/2019\/07\/color-nothing-horizontale4x-e1564486100247.png","width":1547,"height":385,"caption":"Daisho"},"image":{"@id":"https:\/\/www.daisho.be\/es\/#\/schema\/logo\/image\/"}}]}},"_links":{"self":[{"href":"https:\/\/www.daisho.be\/es\/wp-json\/wp\/v2\/product\/677926","targetHints":{"allow":["GET"]}}],"collection":[{"href":"https:\/\/www.daisho.be\/es\/wp-json\/wp\/v2\/product"}],"about":[{"href":"https:\/\/www.daisho.be\/es\/wp-json\/wp\/v2\/types\/product"}],"replies":[{"embeddable":true,"href":"https:\/\/www.daisho.be\/es\/wp-json\/wp\/v2\/comments?post=677926"}],"wp:featuredmedia":[{"embeddable":true,"href":"https:\/\/www.daisho.be\/es\/wp-json\/wp\/v2\/media\/678005"}],"wp:attachment":[{"href":"https:\/\/www.daisho.be\/es\/wp-json\/wp\/v2\/media?parent=677926"}],"wp:term":[{"taxonomy":"product_brand","embeddable":true,"href":"https:\/\/www.daisho.be\/es\/wp-json\/wp\/v2\/product_brand?post=677926"},{"taxonomy":"product_cat","embeddable":true,"href":"https:\/\/www.daisho.be\/es\/wp-json\/wp\/v2\/product_cat?post=677926"},{"taxonomy":"product_tag","embeddable":true,"href":"https:\/\/www.daisho.be\/es\/wp-json\/wp\/v2\/product_tag?post=677926"},{"taxonomy":"sport","embeddable":true,"href":"https:\/\/www.daisho.be\/es\/wp-json\/wp\/v2\/sport?post=677926"}],"curies":[{"name":"wp","href":"https:\/\/api.w.org\/{rel}","templated":true}]}}