{"id":677484,"date":"2026-04-13T16:30:21","date_gmt":"2026-04-13T14:30:21","guid":{"rendered":"https:\/\/www.daisho.be\/produit\/chaqueta-judogi-moskito-blanca-plus-950-g\/"},"modified":"2026-04-14T08:33:02","modified_gmt":"2026-04-14T06:33:02","slug":"chaqueta-judogi-moskito-blanca-plus-950-g","status":"publish","type":"product","link":"https:\/\/www.daisho.be\/es\/produit\/chaqueta-judogi-moskito-blanca-plus-950-g\/","title":{"rendered":"CHAQUETA JUDOGI MOSKITO BLANCA Plus, 950 g"},"content":{"rendered":"<p>El \u00abMoskito Plus\u00bb es un gi de judo de alta calidad fabricado con tejido de algod\u00f3n grueso.<br \/>\nLa elecci\u00f3n ideal para todos los judokas de competici\u00f3n que buscan un gi de judo grueso y bien dise\u00f1ado para los torneos nacionales.<br \/>\nSistema Mix &amp; Match: puedes comprar pantalones de judo a juego por separado para crear tu propio judogi personalizado.<\/p>\n<p>Caracter\u00edsticas<\/p>\n<p>Color: Blanco<br \/>\nTejido: 100% algod\u00f3n<br \/>\nRecomendado para : Profesionales<br \/>\nCorte: Corte cl\u00e1sico<br \/>\nDeportes: Judo, Jiu-Jitsu<br \/>\nGrosor: 950 g\/m\u00b2<\/p>\n","protected":false},"excerpt":{"rendered":"<p>El \u00abMoskito Plus\u00bb es un gi de judo de alta calidad fabricado con tejido de algod\u00f3n grueso. La elecci\u00f3n ideal para todos los judokas de competici\u00f3n que buscan un gi de judo grueso y bien dise\u00f1ado para los torneos nacionales. Sistema Mix &amp; Match: puedes comprar pantalones de judo a juego por separado para crear [&hellip;]<\/p>\n","protected":false},"featured_media":677485,"comment_status":"open","ping_status":"closed","template":"","meta":{"inline_featured_image":false},"product_brand":[],"product_cat":[1327,1326,1654,1311],"product_tag":[1507],"sport":[],"class_list":{"0":"post-677484","1":"product","2":"type-product","3":"status-publish","4":"has-post-thumbnail","6":"product_cat-kimono-de-jujitsu-es","7":"product_cat-kimonos-de-aikido","8":"product_cat-kimonos-de-judo","9":"product_cat-trajes-kimonos","10":"product_tag-moskito-es","11":"pa_size-381","12":"pa_size-380","13":"pa_size-388","14":"pa_size-379","15":"pa_size-387","16":"pa_size-378","17":"pa_size-386","18":"pa_size-377","19":"pa_size-385","20":"pa_size-376","21":"pa_size-384","22":"pa_size-383","24":"first","25":"instock","26":"taxable","27":"shipping-taxable","28":"purchasable","29":"product-type-variable"},"yoast_head":"<!-- This site is optimized with the Yoast SEO plugin v27.2 - https:\/\/yoast.com\/product\/yoast-seo-wordpress\/ -->\n<title>CHAQUETA JUDOGI MOSKITO BLANCA Plus, 950 g &#8211; Daisho<\/title>\n<meta name=\"robots\" content=\"index, follow, max-snippet:-1, max-image-preview:large, max-video-preview:-1\" \/>\n<link rel=\"canonical\" href=\"https:\/\/www.daisho.be\/es\/produit\/chaqueta-judogi-moskito-blanca-plus-950-g\/\" \/>\n<meta property=\"og:locale\" content=\"es_ES\" \/>\n<meta property=\"og:type\" content=\"article\" \/>\n<meta property=\"og:title\" content=\"CHAQUETA JUDOGI MOSKITO BLANCA Plus, 950 g &#8211; Daisho\" \/>\n<meta property=\"og:description\" content=\"El \u00abMoskito Plus\u00bb es un gi de judo de alta calidad fabricado con tejido de algod\u00f3n grueso. La elecci\u00f3n ideal para todos los judokas de competici\u00f3n que buscan un gi de judo grueso y bien dise\u00f1ado para los torneos nacionales. Sistema Mix &amp; Match: puedes comprar pantalones de judo a juego por separado para crear [&hellip;]\" \/>\n<meta property=\"og:url\" content=\"https:\/\/www.daisho.be\/es\/produit\/chaqueta-judogi-moskito-blanca-plus-950-g\/\" \/>\n<meta property=\"og:site_name\" content=\"Daisho\" \/>\n<meta property=\"article:modified_time\" content=\"2026-04-14T06:33:02+00:00\" \/>\n<meta property=\"og:image\" content=\"https:\/\/www.daisho.be\/wp-content\/uploads\/2026\/04\/image-41.jpg\" \/>\n\t<meta property=\"og:image:width\" content=\"800\" \/>\n\t<meta property=\"og:image:height\" content=\"1280\" \/>\n\t<meta property=\"og:image:type\" content=\"image\/jpeg\" \/>\n<meta name=\"twitter:card\" content=\"summary_large_image\" \/>\n<script type=\"application\/ld+json\" class=\"yoast-schema-graph\">{\"@context\":\"https:\/\/schema.org\",\"@graph\":[{\"@type\":\"WebPage\",\"@id\":\"https:\/\/www.daisho.be\/es\/produit\/chaqueta-judogi-moskito-blanca-plus-950-g\/\",\"url\":\"https:\/\/www.daisho.be\/es\/produit\/chaqueta-judogi-moskito-blanca-plus-950-g\/\",\"name\":\"CHAQUETA JUDOGI MOSKITO BLANCA Plus, 950 g &#8211; Daisho\",\"isPartOf\":{\"@id\":\"https:\/\/www.daisho.be\/es\/#website\"},\"primaryImageOfPage\":{\"@id\":\"https:\/\/www.daisho.be\/es\/produit\/chaqueta-judogi-moskito-blanca-plus-950-g\/#primaryimage\"},\"image\":{\"@id\":\"https:\/\/www.daisho.be\/es\/produit\/chaqueta-judogi-moskito-blanca-plus-950-g\/#primaryimage\"},\"thumbnailUrl\":\"https:\/\/www.daisho.be\/wp-content\/uploads\/2026\/04\/image-41.jpg\",\"datePublished\":\"2026-04-13T14:30:21+00:00\",\"dateModified\":\"2026-04-14T06:33:02+00:00\",\"breadcrumb\":{\"@id\":\"https:\/\/www.daisho.be\/es\/produit\/chaqueta-judogi-moskito-blanca-plus-950-g\/#breadcrumb\"},\"inLanguage\":\"es\",\"potentialAction\":[{\"@type\":\"ReadAction\",\"target\":[\"https:\/\/www.daisho.be\/es\/produit\/chaqueta-judogi-moskito-blanca-plus-950-g\/\"]}]},{\"@type\":\"ImageObject\",\"inLanguage\":\"es\",\"@id\":\"https:\/\/www.daisho.be\/es\/produit\/chaqueta-judogi-moskito-blanca-plus-950-g\/#primaryimage\",\"url\":\"https:\/\/www.daisho.be\/wp-content\/uploads\/2026\/04\/image-41.jpg\",\"contentUrl\":\"https:\/\/www.daisho.be\/wp-content\/uploads\/2026\/04\/image-41.jpg\",\"width\":800,\"height\":1280,\"caption\":\"JACKET JUDOGI MOSKITO BLANCO Plus, 950 g-1\"},{\"@type\":\"BreadcrumbList\",\"@id\":\"https:\/\/www.daisho.be\/es\/produit\/chaqueta-judogi-moskito-blanca-plus-950-g\/#breadcrumb\",\"itemListElement\":[{\"@type\":\"ListItem\",\"position\":1,\"name\":\"Accueil\",\"item\":\"https:\/\/www.daisho.be\/es\/\"},{\"@type\":\"ListItem\",\"position\":2,\"name\":\"Productos\",\"item\":\"https:\/\/www.daisho.be\/es\/productos\/\"},{\"@type\":\"ListItem\",\"position\":3,\"name\":\"Equipamiento y ropa para artes marciales y deportes de combate\",\"item\":\"https:\/\/www.daisho.be\/es\/categorie-produit\/equipamiento-y-ropa-para-artes-marciales-y-deportes-de-combate\/\"},{\"@type\":\"ListItem\",\"position\":4,\"name\":\"Jujitsu y jiu-jitsu brasile\u00f1os\",\"item\":\"https:\/\/www.daisho.be\/es\/categorie-produit\/equipamiento-y-ropa-para-artes-marciales-y-deportes-de-combate\/jujitsu-y-jiu-jitsu-brasilenos\/\"},{\"@type\":\"ListItem\",\"position\":5,\"name\":\"Kimono de Jujitsu\",\"item\":\"https:\/\/www.daisho.be\/es\/categorie-produit\/equipamiento-y-ropa-para-artes-marciales-y-deportes-de-combate\/jujitsu-y-jiu-jitsu-brasilenos\/kimono-de-jujitsu-es\/\"},{\"@type\":\"ListItem\",\"position\":6,\"name\":\"CHAQUETA JUDOGI MOSKITO BLANCA Plus, 950 g\"}]},{\"@type\":\"WebSite\",\"@id\":\"https:\/\/www.daisho.be\/es\/#website\",\"url\":\"https:\/\/www.daisho.be\/es\/\",\"name\":\"Daisho\",\"description\":\"Sp&eacute;cialiste de l'&eacute;quipement sportif d'arts martiaux\",\"publisher\":{\"@id\":\"https:\/\/www.daisho.be\/es\/#organization\"},\"potentialAction\":[{\"@type\":\"SearchAction\",\"target\":{\"@type\":\"EntryPoint\",\"urlTemplate\":\"https:\/\/www.daisho.be\/es\/?s={search_term_string}\"},\"query-input\":{\"@type\":\"PropertyValueSpecification\",\"valueRequired\":true,\"valueName\":\"search_term_string\"}}],\"inLanguage\":\"es\"},{\"@type\":\"Organization\",\"@id\":\"https:\/\/www.daisho.be\/es\/#organization\",\"name\":\"Daisho\",\"url\":\"https:\/\/www.daisho.be\/es\/\",\"logo\":{\"@type\":\"ImageObject\",\"inLanguage\":\"es\",\"@id\":\"https:\/\/www.daisho.be\/es\/#\/schema\/logo\/image\/\",\"url\":\"https:\/\/www.daisho.be\/wp-content\/uploads\/2019\/07\/color-nothing-horizontale4x-e1564486100247.png\",\"contentUrl\":\"https:\/\/www.daisho.be\/wp-content\/uploads\/2019\/07\/color-nothing-horizontale4x-e1564486100247.png\",\"width\":1547,\"height\":385,\"caption\":\"Daisho\"},\"image\":{\"@id\":\"https:\/\/www.daisho.be\/es\/#\/schema\/logo\/image\/\"}}]}<\/script>\n<!-- \/ Yoast SEO plugin. -->","yoast_head_json":{"title":"CHAQUETA JUDOGI MOSKITO BLANCA Plus, 950 g &#8211; Daisho","robots":{"index":"index","follow":"follow","max-snippet":"max-snippet:-1","max-image-preview":"max-image-preview:large","max-video-preview":"max-video-preview:-1"},"canonical":"https:\/\/www.daisho.be\/es\/produit\/chaqueta-judogi-moskito-blanca-plus-950-g\/","og_locale":"es_ES","og_type":"article","og_title":"CHAQUETA JUDOGI MOSKITO BLANCA Plus, 950 g &#8211; Daisho","og_description":"El \u00abMoskito Plus\u00bb es un gi de judo de alta calidad fabricado con tejido de algod\u00f3n grueso. La elecci\u00f3n ideal para todos los judokas de competici\u00f3n que buscan un gi de judo grueso y bien dise\u00f1ado para los torneos nacionales. Sistema Mix &amp; Match: puedes comprar pantalones de judo a juego por separado para crear [&hellip;]","og_url":"https:\/\/www.daisho.be\/es\/produit\/chaqueta-judogi-moskito-blanca-plus-950-g\/","og_site_name":"Daisho","article_modified_time":"2026-04-14T06:33:02+00:00","og_image":[{"width":800,"height":1280,"url":"https:\/\/www.daisho.be\/wp-content\/uploads\/2026\/04\/image-41.jpg","type":"image\/jpeg"}],"twitter_card":"summary_large_image","schema":{"@context":"https:\/\/schema.org","@graph":[{"@type":"WebPage","@id":"https:\/\/www.daisho.be\/es\/produit\/chaqueta-judogi-moskito-blanca-plus-950-g\/","url":"https:\/\/www.daisho.be\/es\/produit\/chaqueta-judogi-moskito-blanca-plus-950-g\/","name":"CHAQUETA JUDOGI MOSKITO BLANCA Plus, 950 g &#8211; Daisho","isPartOf":{"@id":"https:\/\/www.daisho.be\/es\/#website"},"primaryImageOfPage":{"@id":"https:\/\/www.daisho.be\/es\/produit\/chaqueta-judogi-moskito-blanca-plus-950-g\/#primaryimage"},"image":{"@id":"https:\/\/www.daisho.be\/es\/produit\/chaqueta-judogi-moskito-blanca-plus-950-g\/#primaryimage"},"thumbnailUrl":"https:\/\/www.daisho.be\/wp-content\/uploads\/2026\/04\/image-41.jpg","datePublished":"2026-04-13T14:30:21+00:00","dateModified":"2026-04-14T06:33:02+00:00","breadcrumb":{"@id":"https:\/\/www.daisho.be\/es\/produit\/chaqueta-judogi-moskito-blanca-plus-950-g\/#breadcrumb"},"inLanguage":"es","potentialAction":[{"@type":"ReadAction","target":["https:\/\/www.daisho.be\/es\/produit\/chaqueta-judogi-moskito-blanca-plus-950-g\/"]}]},{"@type":"ImageObject","inLanguage":"es","@id":"https:\/\/www.daisho.be\/es\/produit\/chaqueta-judogi-moskito-blanca-plus-950-g\/#primaryimage","url":"https:\/\/www.daisho.be\/wp-content\/uploads\/2026\/04\/image-41.jpg","contentUrl":"https:\/\/www.daisho.be\/wp-content\/uploads\/2026\/04\/image-41.jpg","width":800,"height":1280,"caption":"JACKET JUDOGI MOSKITO BLANCO Plus, 950 g-1"},{"@type":"BreadcrumbList","@id":"https:\/\/www.daisho.be\/es\/produit\/chaqueta-judogi-moskito-blanca-plus-950-g\/#breadcrumb","itemListElement":[{"@type":"ListItem","position":1,"name":"Accueil","item":"https:\/\/www.daisho.be\/es\/"},{"@type":"ListItem","position":2,"name":"Productos","item":"https:\/\/www.daisho.be\/es\/productos\/"},{"@type":"ListItem","position":3,"name":"Equipamiento y ropa para artes marciales y deportes de combate","item":"https:\/\/www.daisho.be\/es\/categorie-produit\/equipamiento-y-ropa-para-artes-marciales-y-deportes-de-combate\/"},{"@type":"ListItem","position":4,"name":"Jujitsu y jiu-jitsu brasile\u00f1os","item":"https:\/\/www.daisho.be\/es\/categorie-produit\/equipamiento-y-ropa-para-artes-marciales-y-deportes-de-combate\/jujitsu-y-jiu-jitsu-brasilenos\/"},{"@type":"ListItem","position":5,"name":"Kimono de Jujitsu","item":"https:\/\/www.daisho.be\/es\/categorie-produit\/equipamiento-y-ropa-para-artes-marciales-y-deportes-de-combate\/jujitsu-y-jiu-jitsu-brasilenos\/kimono-de-jujitsu-es\/"},{"@type":"ListItem","position":6,"name":"CHAQUETA JUDOGI MOSKITO BLANCA Plus, 950 g"}]},{"@type":"WebSite","@id":"https:\/\/www.daisho.be\/es\/#website","url":"https:\/\/www.daisho.be\/es\/","name":"Daisho","description":"Sp&eacute;cialiste de l'&eacute;quipement sportif d'arts martiaux","publisher":{"@id":"https:\/\/www.daisho.be\/es\/#organization"},"potentialAction":[{"@type":"SearchAction","target":{"@type":"EntryPoint","urlTemplate":"https:\/\/www.daisho.be\/es\/?s={search_term_string}"},"query-input":{"@type":"PropertyValueSpecification","valueRequired":true,"valueName":"search_term_string"}}],"inLanguage":"es"},{"@type":"Organization","@id":"https:\/\/www.daisho.be\/es\/#organization","name":"Daisho","url":"https:\/\/www.daisho.be\/es\/","logo":{"@type":"ImageObject","inLanguage":"es","@id":"https:\/\/www.daisho.be\/es\/#\/schema\/logo\/image\/","url":"https:\/\/www.daisho.be\/wp-content\/uploads\/2019\/07\/color-nothing-horizontale4x-e1564486100247.png","contentUrl":"https:\/\/www.daisho.be\/wp-content\/uploads\/2019\/07\/color-nothing-horizontale4x-e1564486100247.png","width":1547,"height":385,"caption":"Daisho"},"image":{"@id":"https:\/\/www.daisho.be\/es\/#\/schema\/logo\/image\/"}}]}},"_links":{"self":[{"href":"https:\/\/www.daisho.be\/es\/wp-json\/wp\/v2\/product\/677484","targetHints":{"allow":["GET"]}}],"collection":[{"href":"https:\/\/www.daisho.be\/es\/wp-json\/wp\/v2\/product"}],"about":[{"href":"https:\/\/www.daisho.be\/es\/wp-json\/wp\/v2\/types\/product"}],"replies":[{"embeddable":true,"href":"https:\/\/www.daisho.be\/es\/wp-json\/wp\/v2\/comments?post=677484"}],"wp:featuredmedia":[{"embeddable":true,"href":"https:\/\/www.daisho.be\/es\/wp-json\/wp\/v2\/media\/677485"}],"wp:attachment":[{"href":"https:\/\/www.daisho.be\/es\/wp-json\/wp\/v2\/media?parent=677484"}],"wp:term":[{"taxonomy":"product_brand","embeddable":true,"href":"https:\/\/www.daisho.be\/es\/wp-json\/wp\/v2\/product_brand?post=677484"},{"taxonomy":"product_cat","embeddable":true,"href":"https:\/\/www.daisho.be\/es\/wp-json\/wp\/v2\/product_cat?post=677484"},{"taxonomy":"product_tag","embeddable":true,"href":"https:\/\/www.daisho.be\/es\/wp-json\/wp\/v2\/product_tag?post=677484"},{"taxonomy":"sport","embeddable":true,"href":"https:\/\/www.daisho.be\/es\/wp-json\/wp\/v2\/sport?post=677484"}],"curies":[{"name":"wp","href":"https:\/\/api.w.org\/{rel}","templated":true}]}}