{"id":677401,"date":"2026-04-13T16:12:38","date_gmt":"2026-04-13T14:12:38","guid":{"rendered":"https:\/\/www.daisho.be\/produit\/gi-de-jjb-zebra-guerreiro\/"},"modified":"2026-04-13T16:12:38","modified_gmt":"2026-04-13T14:12:38","slug":"gi-de-jjb-zebra-guerreiro","status":"publish","type":"product","link":"https:\/\/www.daisho.be\/es\/produit\/gi-de-jjb-zebra-guerreiro\/","title":{"rendered":"Gi DE JJB, ZEBRA GUERREIRO"},"content":{"rendered":"<p>Dise\u00f1ado para los atletas m\u00e1s exigentes, este gi JJB de gama alta de ZEBRA ofrece un equilibrio perfecto entre resistencia y comodidad.<br \/>\nGracias a la innovadora tecnolog\u00eda Dynamic Stretch, este gi garantiza la m\u00e1xima libertad de movimiento.<br \/>\nTanto si entrenas como si compites, este gi resiste las exigencias m\u00e1s intensas.<\/p>\n<p>&#8211; Tejido de algod\u00f3n duradero y de alta calidad: el uniforme est\u00e1 fabricado con algod\u00f3n robusto que garantiza tanto la comodidad como la durabilidad. Ideal para entrenamientos intensivos y competiciones.<br \/>\n&#8211; Costuras reforzadas: las costuras reforzadas proporcionan estabilidad adicional y evitan desgarros, incluso durante los movimientos m\u00e1s exigentes. Puedes confiar en que tu gi JJB resistir\u00e1 la presi\u00f3n.<br \/>\n&#8211; Innovadora tecnolog\u00eda Dynamic Stretch: esta tecnolog\u00eda ofrece una libertad de movimiento y una flexibilidad \u00f3ptimas, permiti\u00e9ndote realizar tus t\u00e9cnicas sin ninguna restricci\u00f3n.<br \/>\n&#8211; Personalizable: el gi se puede personalizar seg\u00fan tus deseos (insignias o bordados). Ponte en contacto con nosotros si est\u00e1s interesado.<br \/>\n&#8211; Tabla de tallas: 160 cm = A1 \/ 170 cm = A2 \/ 180 cm = A3 \/ 190 cm = A4 \/ 200 cm = A5<\/p>\n<p>Color: Blanco, Negro<br \/>\nTejido: 100% algod\u00f3n<br \/>\nCorte: Cl\u00e1sico<br \/>\nRecomendado para : Practicantes experimentados, Profesionales<br \/>\nDeporte: BJJ<br \/>\nGrosor: 350 g\/m\u00b2<\/p>\n","protected":false},"excerpt":{"rendered":"<p>Dise\u00f1ado para los atletas m\u00e1s exigentes, este gi JJB de gama alta de ZEBRA ofrece un equilibrio perfecto entre resistencia y comodidad. Gracias a la innovadora tecnolog\u00eda Dynamic Stretch, este gi garantiza la m\u00e1xima libertad de movimiento. Tanto si entrenas como si compites, este gi resiste las exigencias m\u00e1s intensas. &#8211; Tejido de algod\u00f3n duradero [&hellip;]<\/p>\n","protected":false},"featured_media":677370,"comment_status":"open","ping_status":"closed","template":"","meta":{"inline_featured_image":false},"product_brand":[],"product_cat":[1327,1654,1311],"product_tag":[1747],"sport":[],"class_list":{"0":"post-677401","1":"product","2":"type-product","3":"status-publish","4":"has-post-thumbnail","6":"product_cat-kimono-de-jujitsu-es","7":"product_cat-kimonos-de-judo","8":"product_cat-trajes-kimonos","9":"product_tag-zebra-es","10":"pa_size-a1-160cm","11":"pa_size-a2-170cm","12":"pa_size-a3-180cm","13":"pa_size-a4-190cm","14":"pa_size-a5-200cm","16":"first","17":"instock","18":"taxable","19":"shipping-taxable","20":"purchasable","21":"product-type-variable"},"yoast_head":"<!-- This site is optimized with the Yoast SEO plugin v27.2 - https:\/\/yoast.com\/product\/yoast-seo-wordpress\/ -->\n<title>Gi DE JJB, ZEBRA GUERREIRO &#8211; Daisho<\/title>\n<meta name=\"robots\" content=\"index, follow, max-snippet:-1, max-image-preview:large, max-video-preview:-1\" \/>\n<link rel=\"canonical\" href=\"https:\/\/www.daisho.be\/es\/produit\/gi-de-jjb-zebra-guerreiro\/\" \/>\n<meta property=\"og:locale\" content=\"es_ES\" \/>\n<meta property=\"og:type\" content=\"article\" \/>\n<meta property=\"og:title\" content=\"Gi DE JJB, ZEBRA GUERREIRO &#8211; Daisho\" \/>\n<meta property=\"og:description\" content=\"Dise\u00f1ado para los atletas m\u00e1s exigentes, este gi JJB de gama alta de ZEBRA ofrece un equilibrio perfecto entre resistencia y comodidad. Gracias a la innovadora tecnolog\u00eda Dynamic Stretch, este gi garantiza la m\u00e1xima libertad de movimiento. Tanto si entrenas como si compites, este gi resiste las exigencias m\u00e1s intensas. &#8211; Tejido de algod\u00f3n duradero [&hellip;]\" \/>\n<meta property=\"og:url\" content=\"https:\/\/www.daisho.be\/es\/produit\/gi-de-jjb-zebra-guerreiro\/\" \/>\n<meta property=\"og:site_name\" content=\"Daisho\" \/>\n<meta property=\"og:image\" content=\"https:\/\/www.daisho.be\/wp-content\/uploads\/2026\/04\/image-35.jpg\" \/>\n\t<meta property=\"og:image:width\" content=\"800\" \/>\n\t<meta property=\"og:image:height\" content=\"1280\" \/>\n\t<meta property=\"og:image:type\" content=\"image\/jpeg\" \/>\n<meta name=\"twitter:card\" content=\"summary_large_image\" \/>\n<meta name=\"twitter:label1\" content=\"Tiempo de lectura\" \/>\n\t<meta name=\"twitter:data1\" content=\"1 minuto\" \/>\n<script type=\"application\/ld+json\" class=\"yoast-schema-graph\">{\"@context\":\"https:\/\/schema.org\",\"@graph\":[{\"@type\":\"WebPage\",\"@id\":\"https:\/\/www.daisho.be\/es\/produit\/gi-de-jjb-zebra-guerreiro\/\",\"url\":\"https:\/\/www.daisho.be\/es\/produit\/gi-de-jjb-zebra-guerreiro\/\",\"name\":\"Gi DE JJB, ZEBRA GUERREIRO &#8211; Daisho\",\"isPartOf\":{\"@id\":\"https:\/\/www.daisho.be\/es\/#website\"},\"primaryImageOfPage\":{\"@id\":\"https:\/\/www.daisho.be\/es\/produit\/gi-de-jjb-zebra-guerreiro\/#primaryimage\"},\"image\":{\"@id\":\"https:\/\/www.daisho.be\/es\/produit\/gi-de-jjb-zebra-guerreiro\/#primaryimage\"},\"thumbnailUrl\":\"https:\/\/www.daisho.be\/wp-content\/uploads\/2026\/04\/image-35.jpg\",\"datePublished\":\"2026-04-13T14:12:38+00:00\",\"breadcrumb\":{\"@id\":\"https:\/\/www.daisho.be\/es\/produit\/gi-de-jjb-zebra-guerreiro\/#breadcrumb\"},\"inLanguage\":\"es\",\"potentialAction\":[{\"@type\":\"ReadAction\",\"target\":[\"https:\/\/www.daisho.be\/es\/produit\/gi-de-jjb-zebra-guerreiro\/\"]}]},{\"@type\":\"ImageObject\",\"inLanguage\":\"es\",\"@id\":\"https:\/\/www.daisho.be\/es\/produit\/gi-de-jjb-zebra-guerreiro\/#primaryimage\",\"url\":\"https:\/\/www.daisho.be\/wp-content\/uploads\/2026\/04\/image-35.jpg\",\"contentUrl\":\"https:\/\/www.daisho.be\/wp-content\/uploads\/2026\/04\/image-35.jpg\",\"width\":800,\"height\":1280,\"caption\":\"Gi DE JJB, ZEBRA GUERREIRO-1\"},{\"@type\":\"BreadcrumbList\",\"@id\":\"https:\/\/www.daisho.be\/es\/produit\/gi-de-jjb-zebra-guerreiro\/#breadcrumb\",\"itemListElement\":[{\"@type\":\"ListItem\",\"position\":1,\"name\":\"Accueil\",\"item\":\"https:\/\/www.daisho.be\/es\/\"},{\"@type\":\"ListItem\",\"position\":2,\"name\":\"Productos\",\"item\":\"https:\/\/www.daisho.be\/es\/productos\/\"},{\"@type\":\"ListItem\",\"position\":3,\"name\":\"Equipamiento y ropa para artes marciales y deportes de combate\",\"item\":\"https:\/\/www.daisho.be\/es\/categorie-produit\/equipamiento-y-ropa-para-artes-marciales-y-deportes-de-combate\/\"},{\"@type\":\"ListItem\",\"position\":4,\"name\":\"Jujitsu y jiu-jitsu brasile\u00f1os\",\"item\":\"https:\/\/www.daisho.be\/es\/categorie-produit\/equipamiento-y-ropa-para-artes-marciales-y-deportes-de-combate\/jujitsu-y-jiu-jitsu-brasilenos\/\"},{\"@type\":\"ListItem\",\"position\":5,\"name\":\"Kimono de Jujitsu\",\"item\":\"https:\/\/www.daisho.be\/es\/categorie-produit\/equipamiento-y-ropa-para-artes-marciales-y-deportes-de-combate\/jujitsu-y-jiu-jitsu-brasilenos\/kimono-de-jujitsu-es\/\"},{\"@type\":\"ListItem\",\"position\":6,\"name\":\"Gi DE JJB, ZEBRA GUERREIRO\"}]},{\"@type\":\"WebSite\",\"@id\":\"https:\/\/www.daisho.be\/es\/#website\",\"url\":\"https:\/\/www.daisho.be\/es\/\",\"name\":\"Daisho\",\"description\":\"Sp&eacute;cialiste de l'&eacute;quipement sportif d'arts martiaux\",\"publisher\":{\"@id\":\"https:\/\/www.daisho.be\/es\/#organization\"},\"potentialAction\":[{\"@type\":\"SearchAction\",\"target\":{\"@type\":\"EntryPoint\",\"urlTemplate\":\"https:\/\/www.daisho.be\/es\/?s={search_term_string}\"},\"query-input\":{\"@type\":\"PropertyValueSpecification\",\"valueRequired\":true,\"valueName\":\"search_term_string\"}}],\"inLanguage\":\"es\"},{\"@type\":\"Organization\",\"@id\":\"https:\/\/www.daisho.be\/es\/#organization\",\"name\":\"Daisho\",\"url\":\"https:\/\/www.daisho.be\/es\/\",\"logo\":{\"@type\":\"ImageObject\",\"inLanguage\":\"es\",\"@id\":\"https:\/\/www.daisho.be\/es\/#\/schema\/logo\/image\/\",\"url\":\"https:\/\/www.daisho.be\/wp-content\/uploads\/2019\/07\/color-nothing-horizontale4x-e1564486100247.png\",\"contentUrl\":\"https:\/\/www.daisho.be\/wp-content\/uploads\/2019\/07\/color-nothing-horizontale4x-e1564486100247.png\",\"width\":1547,\"height\":385,\"caption\":\"Daisho\"},\"image\":{\"@id\":\"https:\/\/www.daisho.be\/es\/#\/schema\/logo\/image\/\"}}]}<\/script>\n<!-- \/ Yoast SEO plugin. -->","yoast_head_json":{"title":"Gi DE JJB, ZEBRA GUERREIRO &#8211; Daisho","robots":{"index":"index","follow":"follow","max-snippet":"max-snippet:-1","max-image-preview":"max-image-preview:large","max-video-preview":"max-video-preview:-1"},"canonical":"https:\/\/www.daisho.be\/es\/produit\/gi-de-jjb-zebra-guerreiro\/","og_locale":"es_ES","og_type":"article","og_title":"Gi DE JJB, ZEBRA GUERREIRO &#8211; Daisho","og_description":"Dise\u00f1ado para los atletas m\u00e1s exigentes, este gi JJB de gama alta de ZEBRA ofrece un equilibrio perfecto entre resistencia y comodidad. Gracias a la innovadora tecnolog\u00eda Dynamic Stretch, este gi garantiza la m\u00e1xima libertad de movimiento. Tanto si entrenas como si compites, este gi resiste las exigencias m\u00e1s intensas. &#8211; Tejido de algod\u00f3n duradero [&hellip;]","og_url":"https:\/\/www.daisho.be\/es\/produit\/gi-de-jjb-zebra-guerreiro\/","og_site_name":"Daisho","og_image":[{"width":800,"height":1280,"url":"https:\/\/www.daisho.be\/wp-content\/uploads\/2026\/04\/image-35.jpg","type":"image\/jpeg"}],"twitter_card":"summary_large_image","twitter_misc":{"Tiempo de lectura":"1 minuto"},"schema":{"@context":"https:\/\/schema.org","@graph":[{"@type":"WebPage","@id":"https:\/\/www.daisho.be\/es\/produit\/gi-de-jjb-zebra-guerreiro\/","url":"https:\/\/www.daisho.be\/es\/produit\/gi-de-jjb-zebra-guerreiro\/","name":"Gi DE JJB, ZEBRA GUERREIRO &#8211; Daisho","isPartOf":{"@id":"https:\/\/www.daisho.be\/es\/#website"},"primaryImageOfPage":{"@id":"https:\/\/www.daisho.be\/es\/produit\/gi-de-jjb-zebra-guerreiro\/#primaryimage"},"image":{"@id":"https:\/\/www.daisho.be\/es\/produit\/gi-de-jjb-zebra-guerreiro\/#primaryimage"},"thumbnailUrl":"https:\/\/www.daisho.be\/wp-content\/uploads\/2026\/04\/image-35.jpg","datePublished":"2026-04-13T14:12:38+00:00","breadcrumb":{"@id":"https:\/\/www.daisho.be\/es\/produit\/gi-de-jjb-zebra-guerreiro\/#breadcrumb"},"inLanguage":"es","potentialAction":[{"@type":"ReadAction","target":["https:\/\/www.daisho.be\/es\/produit\/gi-de-jjb-zebra-guerreiro\/"]}]},{"@type":"ImageObject","inLanguage":"es","@id":"https:\/\/www.daisho.be\/es\/produit\/gi-de-jjb-zebra-guerreiro\/#primaryimage","url":"https:\/\/www.daisho.be\/wp-content\/uploads\/2026\/04\/image-35.jpg","contentUrl":"https:\/\/www.daisho.be\/wp-content\/uploads\/2026\/04\/image-35.jpg","width":800,"height":1280,"caption":"Gi DE JJB, ZEBRA GUERREIRO-1"},{"@type":"BreadcrumbList","@id":"https:\/\/www.daisho.be\/es\/produit\/gi-de-jjb-zebra-guerreiro\/#breadcrumb","itemListElement":[{"@type":"ListItem","position":1,"name":"Accueil","item":"https:\/\/www.daisho.be\/es\/"},{"@type":"ListItem","position":2,"name":"Productos","item":"https:\/\/www.daisho.be\/es\/productos\/"},{"@type":"ListItem","position":3,"name":"Equipamiento y ropa para artes marciales y deportes de combate","item":"https:\/\/www.daisho.be\/es\/categorie-produit\/equipamiento-y-ropa-para-artes-marciales-y-deportes-de-combate\/"},{"@type":"ListItem","position":4,"name":"Jujitsu y jiu-jitsu brasile\u00f1os","item":"https:\/\/www.daisho.be\/es\/categorie-produit\/equipamiento-y-ropa-para-artes-marciales-y-deportes-de-combate\/jujitsu-y-jiu-jitsu-brasilenos\/"},{"@type":"ListItem","position":5,"name":"Kimono de Jujitsu","item":"https:\/\/www.daisho.be\/es\/categorie-produit\/equipamiento-y-ropa-para-artes-marciales-y-deportes-de-combate\/jujitsu-y-jiu-jitsu-brasilenos\/kimono-de-jujitsu-es\/"},{"@type":"ListItem","position":6,"name":"Gi DE JJB, ZEBRA GUERREIRO"}]},{"@type":"WebSite","@id":"https:\/\/www.daisho.be\/es\/#website","url":"https:\/\/www.daisho.be\/es\/","name":"Daisho","description":"Sp&eacute;cialiste de l'&eacute;quipement sportif d'arts martiaux","publisher":{"@id":"https:\/\/www.daisho.be\/es\/#organization"},"potentialAction":[{"@type":"SearchAction","target":{"@type":"EntryPoint","urlTemplate":"https:\/\/www.daisho.be\/es\/?s={search_term_string}"},"query-input":{"@type":"PropertyValueSpecification","valueRequired":true,"valueName":"search_term_string"}}],"inLanguage":"es"},{"@type":"Organization","@id":"https:\/\/www.daisho.be\/es\/#organization","name":"Daisho","url":"https:\/\/www.daisho.be\/es\/","logo":{"@type":"ImageObject","inLanguage":"es","@id":"https:\/\/www.daisho.be\/es\/#\/schema\/logo\/image\/","url":"https:\/\/www.daisho.be\/wp-content\/uploads\/2019\/07\/color-nothing-horizontale4x-e1564486100247.png","contentUrl":"https:\/\/www.daisho.be\/wp-content\/uploads\/2019\/07\/color-nothing-horizontale4x-e1564486100247.png","width":1547,"height":385,"caption":"Daisho"},"image":{"@id":"https:\/\/www.daisho.be\/es\/#\/schema\/logo\/image\/"}}]}},"_links":{"self":[{"href":"https:\/\/www.daisho.be\/es\/wp-json\/wp\/v2\/product\/677401","targetHints":{"allow":["GET"]}}],"collection":[{"href":"https:\/\/www.daisho.be\/es\/wp-json\/wp\/v2\/product"}],"about":[{"href":"https:\/\/www.daisho.be\/es\/wp-json\/wp\/v2\/types\/product"}],"replies":[{"embeddable":true,"href":"https:\/\/www.daisho.be\/es\/wp-json\/wp\/v2\/comments?post=677401"}],"wp:featuredmedia":[{"embeddable":true,"href":"https:\/\/www.daisho.be\/es\/wp-json\/wp\/v2\/media\/677370"}],"wp:attachment":[{"href":"https:\/\/www.daisho.be\/es\/wp-json\/wp\/v2\/media?parent=677401"}],"wp:term":[{"taxonomy":"product_brand","embeddable":true,"href":"https:\/\/www.daisho.be\/es\/wp-json\/wp\/v2\/product_brand?post=677401"},{"taxonomy":"product_cat","embeddable":true,"href":"https:\/\/www.daisho.be\/es\/wp-json\/wp\/v2\/product_cat?post=677401"},{"taxonomy":"product_tag","embeddable":true,"href":"https:\/\/www.daisho.be\/es\/wp-json\/wp\/v2\/product_tag?post=677401"},{"taxonomy":"sport","embeddable":true,"href":"https:\/\/www.daisho.be\/es\/wp-json\/wp\/v2\/sport?post=677401"}],"curies":[{"name":"wp","href":"https:\/\/api.w.org\/{rel}","templated":true}]}}