{"id":677269,"date":"2026-04-13T15:53:40","date_gmt":"2026-04-13T13:53:40","guid":{"rendered":"https:\/\/www.daisho.be\/produit\/karategi-tokaido-kata-master-atletico-wukf\/"},"modified":"2026-04-13T15:57:51","modified_gmt":"2026-04-13T13:57:51","slug":"karategi-tokaido-kata-master-atletico-wukf","status":"publish","type":"product","link":"https:\/\/www.daisho.be\/es\/produit\/karategi-tokaido-kata-master-atletico-wukf\/","title":{"rendered":"KarateGI TOKAIDO KATA MASTER ATLETICO &#8211; WUKF"},"content":{"rendered":"<p>Karate Gi, TOKAIDO Kata Master Athletic, WUKF<\/p>\n<p>Este kimono no es para todo el mundo!<br \/>\nSin embargo, si buscas un kimono de k\u00e1rate de primera clase homologado por la WUKF para competiciones y campeonatos de kata, te encantar\u00e1 el nuevo Kata Master Athletic de Tokaido.<br \/>\nLa calidad del tejido, especialmente desarrollado para kata, cumple todas las expectativas.<br \/>\nGracias a la versi\u00f3n revisada del Equipo KI, el kimono se ajusta a\u00fan mejor y confiere al competidor un carisma \u00fanico.<br \/>\nUn gi excelente, dise\u00f1ado por atletas de kata para atletas de kata.<\/p>\n<p>Caracter\u00edsticas :<\/p>\n<p>La copa se desarroll\u00f3 en colaboraci\u00f3n con el equipo Ki, en presencia del japon\u00e9s Kenichi Sato y del subcampe\u00f3n del mundo Ilja Smorguner.<br \/>\nKarate-gi aprobado por la WUKF<br \/>\nUn karate-gi de corte entallado que cae perfectamente: gracias a su chaqueta entallada con un \u00abcorte inteligente en los hombros\u00bb, la parte superior del traje se asemeja a una camisa de traje perfectamente entallada.<br \/>\nLas mangas ajustadas permiten a \u00e1rbitros y alumnos visualizar mejor la ejecuci\u00f3n de la t\u00e9cnica.<br \/>\nLos dobladillos de las mangas est\u00e1n especialmente reforzados, lo que garantiza que el gi caiga perfectamente y realza su atractivo est\u00e9tico.<br \/>\nInnovadores cordones de cintura alta para una m\u00e1xima libertad de movimiento de las piernas en cada movimiento.<br \/>\nLos pantalones no tienen costuras externas para un aspecto aerodin\u00e1mico.<br \/>\nEl tono azul claro del tejido, t\u00edpicamente japon\u00e9s, hace que el Gi brille en blanco bajo los focos.<br \/>\nEl material de nuevo desarrollo se ha optimizado para subrayar cada t\u00e9cnica intensa con un sonido impresionante.<br \/>\nLa combinaci\u00f3n de algod\u00f3n y poli\u00e9ster (70% algod\u00f3n, 30% poli\u00e9ster) tambi\u00e9n ha reducido el peso del gi para que saltes a\u00fan m\u00e1s alto sin concesiones.<br \/>\nLlama especialmente la atenci\u00f3n el gran estampado tradicional japon\u00e9s del interior de la chaqueta.<br \/>\nLogotipo Tokaido bordado en el pecho, el cuello y ahora tambi\u00e9n en los pantalones.<br \/>\nBajo \u00edndice de contracci\u00f3n, en torno al 3%.<br \/>\nArt\u00edculos suministrados: chaqueta, pantalones<\/p>\n<p>Se pueden a\u00f1adir bordados Tokaido en kanji azul y rojo en el hombro para las competiciones internacionales.<\/p>\n","protected":false},"excerpt":{"rendered":"<p>Karate Gi, TOKAIDO Kata Master Athletic, WUKF Este kimono no es para todo el mundo! Sin embargo, si buscas un kimono de k\u00e1rate de primera clase homologado por la WUKF para competiciones y campeonatos de kata, te encantar\u00e1 el nuevo Kata Master Athletic de Tokaido. La calidad del tejido, especialmente desarrollado para kata, cumple todas [&hellip;]<\/p>\n","protected":false},"featured_media":677333,"comment_status":"open","ping_status":"closed","template":"","meta":{"inline_featured_image":false},"product_brand":[],"product_cat":[1314,1311],"product_tag":[1306],"sport":[],"class_list":{"0":"post-677269","1":"product","2":"type-product","3":"status-publish","4":"has-post-thumbnail","6":"product_cat-kimonos-de-karate","7":"product_cat-trajes-kimonos","8":"product_tag-tokaido-es","9":"pa_size-381","10":"pa_size-380","11":"pa_size-388","12":"pa_size-379","13":"pa_size-387","14":"pa_size-378","15":"pa_size-386","16":"pa_size-377","17":"pa_size-385","18":"pa_size-376","19":"pa_size-384","20":"pa_size-383","22":"first","23":"instock","24":"taxable","25":"shipping-taxable","26":"purchasable","27":"product-type-variable"},"yoast_head":"<!-- This site is optimized with the Yoast SEO plugin v27.2 - https:\/\/yoast.com\/product\/yoast-seo-wordpress\/ -->\n<title>KarateGI TOKAIDO KATA MASTER ATLETICO - WUKF &#8211; Daisho<\/title>\n<meta name=\"robots\" content=\"index, follow, max-snippet:-1, max-image-preview:large, max-video-preview:-1\" \/>\n<link rel=\"canonical\" href=\"https:\/\/www.daisho.be\/es\/produit\/karategi-tokaido-kata-master-atletico-wukf\/\" \/>\n<meta property=\"og:locale\" content=\"es_ES\" \/>\n<meta property=\"og:type\" content=\"article\" \/>\n<meta property=\"og:title\" content=\"KarateGI TOKAIDO KATA MASTER ATLETICO - WUKF &#8211; Daisho\" \/>\n<meta property=\"og:description\" content=\"Karate Gi, TOKAIDO Kata Master Athletic, WUKF Este kimono no es para todo el mundo! Sin embargo, si buscas un kimono de k\u00e1rate de primera clase homologado por la WUKF para competiciones y campeonatos de kata, te encantar\u00e1 el nuevo Kata Master Athletic de Tokaido. La calidad del tejido, especialmente desarrollado para kata, cumple todas [&hellip;]\" \/>\n<meta property=\"og:url\" content=\"https:\/\/www.daisho.be\/es\/produit\/karategi-tokaido-kata-master-atletico-wukf\/\" \/>\n<meta property=\"og:site_name\" content=\"Daisho\" \/>\n<meta property=\"article:modified_time\" content=\"2026-04-13T13:57:51+00:00\" \/>\n<meta property=\"og:image\" content=\"https:\/\/www.daisho.be\/wp-content\/uploads\/2026\/04\/image-29.jpg\" \/>\n\t<meta property=\"og:image:width\" content=\"800\" \/>\n\t<meta property=\"og:image:height\" content=\"1280\" \/>\n\t<meta property=\"og:image:type\" content=\"image\/jpeg\" \/>\n<meta name=\"twitter:card\" content=\"summary_large_image\" \/>\n<meta name=\"twitter:label1\" content=\"Tiempo de lectura\" \/>\n\t<meta name=\"twitter:data1\" content=\"2 minutos\" \/>\n<script type=\"application\/ld+json\" class=\"yoast-schema-graph\">{\"@context\":\"https:\/\/schema.org\",\"@graph\":[{\"@type\":\"WebPage\",\"@id\":\"https:\/\/www.daisho.be\/es\/produit\/karategi-tokaido-kata-master-atletico-wukf\/\",\"url\":\"https:\/\/www.daisho.be\/es\/produit\/karategi-tokaido-kata-master-atletico-wukf\/\",\"name\":\"KarateGI TOKAIDO KATA MASTER ATLETICO - WUKF &#8211; Daisho\",\"isPartOf\":{\"@id\":\"https:\/\/www.daisho.be\/es\/#website\"},\"primaryImageOfPage\":{\"@id\":\"https:\/\/www.daisho.be\/es\/produit\/karategi-tokaido-kata-master-atletico-wukf\/#primaryimage\"},\"image\":{\"@id\":\"https:\/\/www.daisho.be\/es\/produit\/karategi-tokaido-kata-master-atletico-wukf\/#primaryimage\"},\"thumbnailUrl\":\"https:\/\/www.daisho.be\/wp-content\/uploads\/2026\/04\/image-29.jpg\",\"datePublished\":\"2026-04-13T13:53:40+00:00\",\"dateModified\":\"2026-04-13T13:57:51+00:00\",\"breadcrumb\":{\"@id\":\"https:\/\/www.daisho.be\/es\/produit\/karategi-tokaido-kata-master-atletico-wukf\/#breadcrumb\"},\"inLanguage\":\"es\",\"potentialAction\":[{\"@type\":\"ReadAction\",\"target\":[\"https:\/\/www.daisho.be\/es\/produit\/karategi-tokaido-kata-master-atletico-wukf\/\"]}]},{\"@type\":\"ImageObject\",\"inLanguage\":\"es\",\"@id\":\"https:\/\/www.daisho.be\/es\/produit\/karategi-tokaido-kata-master-atletico-wukf\/#primaryimage\",\"url\":\"https:\/\/www.daisho.be\/wp-content\/uploads\/2026\/04\/image-29.jpg\",\"contentUrl\":\"https:\/\/www.daisho.be\/wp-content\/uploads\/2026\/04\/image-29.jpg\",\"width\":800,\"height\":1280,\"caption\":\"KarateGI TOKAIDO KATA MASTER ATLETICO - WUKF-3\"},{\"@type\":\"BreadcrumbList\",\"@id\":\"https:\/\/www.daisho.be\/es\/produit\/karategi-tokaido-kata-master-atletico-wukf\/#breadcrumb\",\"itemListElement\":[{\"@type\":\"ListItem\",\"position\":1,\"name\":\"Accueil\",\"item\":\"https:\/\/www.daisho.be\/es\/\"},{\"@type\":\"ListItem\",\"position\":2,\"name\":\"Productos\",\"item\":\"https:\/\/www.daisho.be\/es\/productos\/\"},{\"@type\":\"ListItem\",\"position\":3,\"name\":\"Equipamiento y ropa para artes marciales y deportes de combate\",\"item\":\"https:\/\/www.daisho.be\/es\/categorie-produit\/equipamiento-y-ropa-para-artes-marciales-y-deportes-de-combate\/\"},{\"@type\":\"ListItem\",\"position\":4,\"name\":\"Karate\",\"item\":\"https:\/\/www.daisho.be\/es\/categorie-produit\/equipamiento-y-ropa-para-artes-marciales-y-deportes-de-combate\/karate-es-2\/\"},{\"@type\":\"ListItem\",\"position\":5,\"name\":\"Kimonos de k\u00e1rate\",\"item\":\"https:\/\/www.daisho.be\/es\/categorie-produit\/equipamiento-y-ropa-para-artes-marciales-y-deportes-de-combate\/karate-es-2\/kimonos-de-karate\/\"},{\"@type\":\"ListItem\",\"position\":6,\"name\":\"KarateGI TOKAIDO KATA MASTER ATLETICO &#8211; WUKF\"}]},{\"@type\":\"WebSite\",\"@id\":\"https:\/\/www.daisho.be\/es\/#website\",\"url\":\"https:\/\/www.daisho.be\/es\/\",\"name\":\"Daisho\",\"description\":\"Sp&eacute;cialiste de l'&eacute;quipement sportif d'arts martiaux\",\"publisher\":{\"@id\":\"https:\/\/www.daisho.be\/es\/#organization\"},\"potentialAction\":[{\"@type\":\"SearchAction\",\"target\":{\"@type\":\"EntryPoint\",\"urlTemplate\":\"https:\/\/www.daisho.be\/es\/?s={search_term_string}\"},\"query-input\":{\"@type\":\"PropertyValueSpecification\",\"valueRequired\":true,\"valueName\":\"search_term_string\"}}],\"inLanguage\":\"es\"},{\"@type\":\"Organization\",\"@id\":\"https:\/\/www.daisho.be\/es\/#organization\",\"name\":\"Daisho\",\"url\":\"https:\/\/www.daisho.be\/es\/\",\"logo\":{\"@type\":\"ImageObject\",\"inLanguage\":\"es\",\"@id\":\"https:\/\/www.daisho.be\/es\/#\/schema\/logo\/image\/\",\"url\":\"https:\/\/www.daisho.be\/wp-content\/uploads\/2019\/07\/color-nothing-horizontale4x-e1564486100247.png\",\"contentUrl\":\"https:\/\/www.daisho.be\/wp-content\/uploads\/2019\/07\/color-nothing-horizontale4x-e1564486100247.png\",\"width\":1547,\"height\":385,\"caption\":\"Daisho\"},\"image\":{\"@id\":\"https:\/\/www.daisho.be\/es\/#\/schema\/logo\/image\/\"}}]}<\/script>\n<!-- \/ Yoast SEO plugin. -->","yoast_head_json":{"title":"KarateGI TOKAIDO KATA MASTER ATLETICO - WUKF &#8211; Daisho","robots":{"index":"index","follow":"follow","max-snippet":"max-snippet:-1","max-image-preview":"max-image-preview:large","max-video-preview":"max-video-preview:-1"},"canonical":"https:\/\/www.daisho.be\/es\/produit\/karategi-tokaido-kata-master-atletico-wukf\/","og_locale":"es_ES","og_type":"article","og_title":"KarateGI TOKAIDO KATA MASTER ATLETICO - WUKF &#8211; Daisho","og_description":"Karate Gi, TOKAIDO Kata Master Athletic, WUKF Este kimono no es para todo el mundo! Sin embargo, si buscas un kimono de k\u00e1rate de primera clase homologado por la WUKF para competiciones y campeonatos de kata, te encantar\u00e1 el nuevo Kata Master Athletic de Tokaido. La calidad del tejido, especialmente desarrollado para kata, cumple todas [&hellip;]","og_url":"https:\/\/www.daisho.be\/es\/produit\/karategi-tokaido-kata-master-atletico-wukf\/","og_site_name":"Daisho","article_modified_time":"2026-04-13T13:57:51+00:00","og_image":[{"width":800,"height":1280,"url":"https:\/\/www.daisho.be\/wp-content\/uploads\/2026\/04\/image-29.jpg","type":"image\/jpeg"}],"twitter_card":"summary_large_image","twitter_misc":{"Tiempo de lectura":"2 minutos"},"schema":{"@context":"https:\/\/schema.org","@graph":[{"@type":"WebPage","@id":"https:\/\/www.daisho.be\/es\/produit\/karategi-tokaido-kata-master-atletico-wukf\/","url":"https:\/\/www.daisho.be\/es\/produit\/karategi-tokaido-kata-master-atletico-wukf\/","name":"KarateGI TOKAIDO KATA MASTER ATLETICO - WUKF &#8211; Daisho","isPartOf":{"@id":"https:\/\/www.daisho.be\/es\/#website"},"primaryImageOfPage":{"@id":"https:\/\/www.daisho.be\/es\/produit\/karategi-tokaido-kata-master-atletico-wukf\/#primaryimage"},"image":{"@id":"https:\/\/www.daisho.be\/es\/produit\/karategi-tokaido-kata-master-atletico-wukf\/#primaryimage"},"thumbnailUrl":"https:\/\/www.daisho.be\/wp-content\/uploads\/2026\/04\/image-29.jpg","datePublished":"2026-04-13T13:53:40+00:00","dateModified":"2026-04-13T13:57:51+00:00","breadcrumb":{"@id":"https:\/\/www.daisho.be\/es\/produit\/karategi-tokaido-kata-master-atletico-wukf\/#breadcrumb"},"inLanguage":"es","potentialAction":[{"@type":"ReadAction","target":["https:\/\/www.daisho.be\/es\/produit\/karategi-tokaido-kata-master-atletico-wukf\/"]}]},{"@type":"ImageObject","inLanguage":"es","@id":"https:\/\/www.daisho.be\/es\/produit\/karategi-tokaido-kata-master-atletico-wukf\/#primaryimage","url":"https:\/\/www.daisho.be\/wp-content\/uploads\/2026\/04\/image-29.jpg","contentUrl":"https:\/\/www.daisho.be\/wp-content\/uploads\/2026\/04\/image-29.jpg","width":800,"height":1280,"caption":"KarateGI TOKAIDO KATA MASTER ATLETICO - WUKF-3"},{"@type":"BreadcrumbList","@id":"https:\/\/www.daisho.be\/es\/produit\/karategi-tokaido-kata-master-atletico-wukf\/#breadcrumb","itemListElement":[{"@type":"ListItem","position":1,"name":"Accueil","item":"https:\/\/www.daisho.be\/es\/"},{"@type":"ListItem","position":2,"name":"Productos","item":"https:\/\/www.daisho.be\/es\/productos\/"},{"@type":"ListItem","position":3,"name":"Equipamiento y ropa para artes marciales y deportes de combate","item":"https:\/\/www.daisho.be\/es\/categorie-produit\/equipamiento-y-ropa-para-artes-marciales-y-deportes-de-combate\/"},{"@type":"ListItem","position":4,"name":"Karate","item":"https:\/\/www.daisho.be\/es\/categorie-produit\/equipamiento-y-ropa-para-artes-marciales-y-deportes-de-combate\/karate-es-2\/"},{"@type":"ListItem","position":5,"name":"Kimonos de k\u00e1rate","item":"https:\/\/www.daisho.be\/es\/categorie-produit\/equipamiento-y-ropa-para-artes-marciales-y-deportes-de-combate\/karate-es-2\/kimonos-de-karate\/"},{"@type":"ListItem","position":6,"name":"KarateGI TOKAIDO KATA MASTER ATLETICO &#8211; WUKF"}]},{"@type":"WebSite","@id":"https:\/\/www.daisho.be\/es\/#website","url":"https:\/\/www.daisho.be\/es\/","name":"Daisho","description":"Sp&eacute;cialiste de l'&eacute;quipement sportif d'arts martiaux","publisher":{"@id":"https:\/\/www.daisho.be\/es\/#organization"},"potentialAction":[{"@type":"SearchAction","target":{"@type":"EntryPoint","urlTemplate":"https:\/\/www.daisho.be\/es\/?s={search_term_string}"},"query-input":{"@type":"PropertyValueSpecification","valueRequired":true,"valueName":"search_term_string"}}],"inLanguage":"es"},{"@type":"Organization","@id":"https:\/\/www.daisho.be\/es\/#organization","name":"Daisho","url":"https:\/\/www.daisho.be\/es\/","logo":{"@type":"ImageObject","inLanguage":"es","@id":"https:\/\/www.daisho.be\/es\/#\/schema\/logo\/image\/","url":"https:\/\/www.daisho.be\/wp-content\/uploads\/2019\/07\/color-nothing-horizontale4x-e1564486100247.png","contentUrl":"https:\/\/www.daisho.be\/wp-content\/uploads\/2019\/07\/color-nothing-horizontale4x-e1564486100247.png","width":1547,"height":385,"caption":"Daisho"},"image":{"@id":"https:\/\/www.daisho.be\/es\/#\/schema\/logo\/image\/"}}]}},"_links":{"self":[{"href":"https:\/\/www.daisho.be\/es\/wp-json\/wp\/v2\/product\/677269","targetHints":{"allow":["GET"]}}],"collection":[{"href":"https:\/\/www.daisho.be\/es\/wp-json\/wp\/v2\/product"}],"about":[{"href":"https:\/\/www.daisho.be\/es\/wp-json\/wp\/v2\/types\/product"}],"replies":[{"embeddable":true,"href":"https:\/\/www.daisho.be\/es\/wp-json\/wp\/v2\/comments?post=677269"}],"wp:featuredmedia":[{"embeddable":true,"href":"https:\/\/www.daisho.be\/es\/wp-json\/wp\/v2\/media\/677333"}],"wp:attachment":[{"href":"https:\/\/www.daisho.be\/es\/wp-json\/wp\/v2\/media?parent=677269"}],"wp:term":[{"taxonomy":"product_brand","embeddable":true,"href":"https:\/\/www.daisho.be\/es\/wp-json\/wp\/v2\/product_brand?post=677269"},{"taxonomy":"product_cat","embeddable":true,"href":"https:\/\/www.daisho.be\/es\/wp-json\/wp\/v2\/product_cat?post=677269"},{"taxonomy":"product_tag","embeddable":true,"href":"https:\/\/www.daisho.be\/es\/wp-json\/wp\/v2\/product_tag?post=677269"},{"taxonomy":"sport","embeddable":true,"href":"https:\/\/www.daisho.be\/es\/wp-json\/wp\/v2\/sport?post=677269"}],"curies":[{"name":"wp","href":"https:\/\/api.w.org\/{rel}","templated":true}]}}