{"id":670656,"date":"2026-03-24T22:59:34","date_gmt":"2026-03-24T21:59:34","guid":{"rendered":"https:\/\/www.daisho.be\/produit\/carcasa-protectora-redman-para-hombre\/"},"modified":"2026-03-24T23:00:05","modified_gmt":"2026-03-24T22:00:05","slug":"carcasa-protectora-redman-para-hombre","status":"publish","type":"product","link":"https:\/\/www.daisho.be\/es\/produit\/carcasa-protectora-redman-para-hombre\/","title":{"rendered":"Carcasa protectora Redman para hombre"},"content":{"rendered":"<p>Carcasa de Odio para Hombre para el traje de Estudiante RedMan XP. Permite a los estudiantes aprovechar al m\u00e1ximo su experiencia de entrenamiento.<br \/>\nProtege las zonas vitales de la parte inferior del abdomen.<br \/>\nFabricada con una carcasa de pl\u00e1stico r\u00edgido recubierta de espuma de c\u00e9lula cerrada. Su sistema de correas de Velcro\u00ae f\u00e1cil de poner y quitar permite pon\u00e9rselo despu\u00e9s de llevar puesto otro equipo de protecci\u00f3n, por lo que puede llevarse debajo o encima de la ropa.<br \/>\nLa espuma de polietileno de c\u00e9lula cerrada de alta densidad crea una barrera que protege contra los traumatismos contusos y los agentes pat\u00f3genos transmitidos por la sangre (VIH\/SIDA, hepatitis) y otros agentes pat\u00f3genos.  <\/p>\n","protected":false},"excerpt":{"rendered":"<p>Carcasa de Odio para Hombre para el traje de Estudiante RedMan XP. Permite a los estudiantes aprovechar al m\u00e1ximo su experiencia de entrenamiento. Protege las zonas vitales de la parte inferior del abdomen. Fabricada con una carcasa de pl\u00e1stico r\u00edgido recubierta de espuma de c\u00e9lula cerrada. Su sistema de correas de Velcro\u00ae f\u00e1cil de poner [&hellip;]<\/p>\n","protected":false},"featured_media":670644,"comment_status":"open","ping_status":"closed","template":"","meta":{"inline_featured_image":false},"product_brand":[],"product_cat":[1361],"product_tag":[1779],"sport":[],"class_list":{"0":"post-670656","1":"product","2":"type-product","3":"status-publish","4":"has-post-thumbnail","6":"product_cat-protecciones","7":"product_tag-redman-es","9":"first","10":"instock","11":"taxable","12":"shipping-taxable","13":"purchasable","14":"product-type-simple"},"yoast_head":"<!-- This site is optimized with the Yoast SEO plugin v27.2 - https:\/\/yoast.com\/product\/yoast-seo-wordpress\/ -->\n<title>Carcasa protectora Redman para hombre &#8211; Daisho<\/title>\n<meta name=\"robots\" content=\"index, follow, max-snippet:-1, max-image-preview:large, max-video-preview:-1\" \/>\n<link rel=\"canonical\" href=\"https:\/\/www.daisho.be\/es\/produit\/carcasa-protectora-redman-para-hombre\/\" \/>\n<meta property=\"og:locale\" content=\"es_ES\" \/>\n<meta property=\"og:type\" content=\"article\" \/>\n<meta property=\"og:title\" content=\"Carcasa protectora Redman para hombre &#8211; Daisho\" \/>\n<meta property=\"og:description\" content=\"Carcasa de Odio para Hombre para el traje de Estudiante RedMan XP. Permite a los estudiantes aprovechar al m\u00e1ximo su experiencia de entrenamiento. Protege las zonas vitales de la parte inferior del abdomen. Fabricada con una carcasa de pl\u00e1stico r\u00edgido recubierta de espuma de c\u00e9lula cerrada. Su sistema de correas de Velcro\u00ae f\u00e1cil de poner [&hellip;]\" \/>\n<meta property=\"og:url\" content=\"https:\/\/www.daisho.be\/es\/produit\/carcasa-protectora-redman-para-hombre\/\" \/>\n<meta property=\"og:site_name\" content=\"Daisho\" \/>\n<meta property=\"article:modified_time\" content=\"2026-03-24T22:00:05+00:00\" \/>\n<meta property=\"og:image\" content=\"https:\/\/www.daisho.be\/wp-content\/uploads\/2026\/03\/image-48.jpg\" \/>\n\t<meta property=\"og:image:width\" content=\"1500\" \/>\n\t<meta property=\"og:image:height\" content=\"1500\" \/>\n\t<meta property=\"og:image:type\" content=\"image\/jpeg\" \/>\n<meta name=\"twitter:card\" content=\"summary_large_image\" \/>\n<meta name=\"twitter:label1\" content=\"Tiempo de lectura\" \/>\n\t<meta name=\"twitter:data1\" content=\"1 minuto\" \/>\n<script type=\"application\/ld+json\" class=\"yoast-schema-graph\">{\"@context\":\"https:\/\/schema.org\",\"@graph\":[{\"@type\":\"WebPage\",\"@id\":\"https:\/\/www.daisho.be\/es\/produit\/carcasa-protectora-redman-para-hombre\/\",\"url\":\"https:\/\/www.daisho.be\/es\/produit\/carcasa-protectora-redman-para-hombre\/\",\"name\":\"Carcasa protectora Redman para hombre &#8211; Daisho\",\"isPartOf\":{\"@id\":\"https:\/\/www.daisho.be\/es\/#website\"},\"primaryImageOfPage\":{\"@id\":\"https:\/\/www.daisho.be\/es\/produit\/carcasa-protectora-redman-para-hombre\/#primaryimage\"},\"image\":{\"@id\":\"https:\/\/www.daisho.be\/es\/produit\/carcasa-protectora-redman-para-hombre\/#primaryimage\"},\"thumbnailUrl\":\"https:\/\/www.daisho.be\/wp-content\/uploads\/2026\/03\/image-48.jpg\",\"datePublished\":\"2026-03-24T21:59:34+00:00\",\"dateModified\":\"2026-03-24T22:00:05+00:00\",\"breadcrumb\":{\"@id\":\"https:\/\/www.daisho.be\/es\/produit\/carcasa-protectora-redman-para-hombre\/#breadcrumb\"},\"inLanguage\":\"es\",\"potentialAction\":[{\"@type\":\"ReadAction\",\"target\":[\"https:\/\/www.daisho.be\/es\/produit\/carcasa-protectora-redman-para-hombre\/\"]}]},{\"@type\":\"ImageObject\",\"inLanguage\":\"es\",\"@id\":\"https:\/\/www.daisho.be\/es\/produit\/carcasa-protectora-redman-para-hombre\/#primaryimage\",\"url\":\"https:\/\/www.daisho.be\/wp-content\/uploads\/2026\/03\/image-48.jpg\",\"contentUrl\":\"https:\/\/www.daisho.be\/wp-content\/uploads\/2026\/03\/image-48.jpg\",\"width\":1500,\"height\":1500,\"caption\":\"Coquille de protection Redman pour homme-1\"},{\"@type\":\"BreadcrumbList\",\"@id\":\"https:\/\/www.daisho.be\/es\/produit\/carcasa-protectora-redman-para-hombre\/#breadcrumb\",\"itemListElement\":[{\"@type\":\"ListItem\",\"position\":1,\"name\":\"Accueil\",\"item\":\"https:\/\/www.daisho.be\/es\/\"},{\"@type\":\"ListItem\",\"position\":2,\"name\":\"Productos\",\"item\":\"https:\/\/www.daisho.be\/es\/productos\/\"},{\"@type\":\"ListItem\",\"position\":3,\"name\":\"Deportes de combate\",\"item\":\"https:\/\/www.daisho.be\/es\/categorie-produit\/deportes-de-combate\/\"},{\"@type\":\"ListItem\",\"position\":4,\"name\":\"Protecciones\",\"item\":\"https:\/\/www.daisho.be\/es\/categorie-produit\/deportes-de-combate\/protecciones\/\"},{\"@type\":\"ListItem\",\"position\":5,\"name\":\"Carcasa protectora Redman para hombre\"}]},{\"@type\":\"WebSite\",\"@id\":\"https:\/\/www.daisho.be\/es\/#website\",\"url\":\"https:\/\/www.daisho.be\/es\/\",\"name\":\"Daisho\",\"description\":\"Sp&eacute;cialiste de l'&eacute;quipement sportif d'arts martiaux\",\"publisher\":{\"@id\":\"https:\/\/www.daisho.be\/es\/#organization\"},\"potentialAction\":[{\"@type\":\"SearchAction\",\"target\":{\"@type\":\"EntryPoint\",\"urlTemplate\":\"https:\/\/www.daisho.be\/es\/?s={search_term_string}\"},\"query-input\":{\"@type\":\"PropertyValueSpecification\",\"valueRequired\":true,\"valueName\":\"search_term_string\"}}],\"inLanguage\":\"es\"},{\"@type\":\"Organization\",\"@id\":\"https:\/\/www.daisho.be\/es\/#organization\",\"name\":\"Daisho\",\"url\":\"https:\/\/www.daisho.be\/es\/\",\"logo\":{\"@type\":\"ImageObject\",\"inLanguage\":\"es\",\"@id\":\"https:\/\/www.daisho.be\/es\/#\/schema\/logo\/image\/\",\"url\":\"https:\/\/www.daisho.be\/wp-content\/uploads\/2019\/07\/color-nothing-horizontale4x-e1564486100247.png\",\"contentUrl\":\"https:\/\/www.daisho.be\/wp-content\/uploads\/2019\/07\/color-nothing-horizontale4x-e1564486100247.png\",\"width\":1547,\"height\":385,\"caption\":\"Daisho\"},\"image\":{\"@id\":\"https:\/\/www.daisho.be\/es\/#\/schema\/logo\/image\/\"}}]}<\/script>\n<!-- \/ Yoast SEO plugin. -->","yoast_head_json":{"title":"Carcasa protectora Redman para hombre &#8211; Daisho","robots":{"index":"index","follow":"follow","max-snippet":"max-snippet:-1","max-image-preview":"max-image-preview:large","max-video-preview":"max-video-preview:-1"},"canonical":"https:\/\/www.daisho.be\/es\/produit\/carcasa-protectora-redman-para-hombre\/","og_locale":"es_ES","og_type":"article","og_title":"Carcasa protectora Redman para hombre &#8211; Daisho","og_description":"Carcasa de Odio para Hombre para el traje de Estudiante RedMan XP. Permite a los estudiantes aprovechar al m\u00e1ximo su experiencia de entrenamiento. Protege las zonas vitales de la parte inferior del abdomen. Fabricada con una carcasa de pl\u00e1stico r\u00edgido recubierta de espuma de c\u00e9lula cerrada. Su sistema de correas de Velcro\u00ae f\u00e1cil de poner [&hellip;]","og_url":"https:\/\/www.daisho.be\/es\/produit\/carcasa-protectora-redman-para-hombre\/","og_site_name":"Daisho","article_modified_time":"2026-03-24T22:00:05+00:00","og_image":[{"width":1500,"height":1500,"url":"https:\/\/www.daisho.be\/wp-content\/uploads\/2026\/03\/image-48.jpg","type":"image\/jpeg"}],"twitter_card":"summary_large_image","twitter_misc":{"Tiempo de lectura":"1 minuto"},"schema":{"@context":"https:\/\/schema.org","@graph":[{"@type":"WebPage","@id":"https:\/\/www.daisho.be\/es\/produit\/carcasa-protectora-redman-para-hombre\/","url":"https:\/\/www.daisho.be\/es\/produit\/carcasa-protectora-redman-para-hombre\/","name":"Carcasa protectora Redman para hombre &#8211; Daisho","isPartOf":{"@id":"https:\/\/www.daisho.be\/es\/#website"},"primaryImageOfPage":{"@id":"https:\/\/www.daisho.be\/es\/produit\/carcasa-protectora-redman-para-hombre\/#primaryimage"},"image":{"@id":"https:\/\/www.daisho.be\/es\/produit\/carcasa-protectora-redman-para-hombre\/#primaryimage"},"thumbnailUrl":"https:\/\/www.daisho.be\/wp-content\/uploads\/2026\/03\/image-48.jpg","datePublished":"2026-03-24T21:59:34+00:00","dateModified":"2026-03-24T22:00:05+00:00","breadcrumb":{"@id":"https:\/\/www.daisho.be\/es\/produit\/carcasa-protectora-redman-para-hombre\/#breadcrumb"},"inLanguage":"es","potentialAction":[{"@type":"ReadAction","target":["https:\/\/www.daisho.be\/es\/produit\/carcasa-protectora-redman-para-hombre\/"]}]},{"@type":"ImageObject","inLanguage":"es","@id":"https:\/\/www.daisho.be\/es\/produit\/carcasa-protectora-redman-para-hombre\/#primaryimage","url":"https:\/\/www.daisho.be\/wp-content\/uploads\/2026\/03\/image-48.jpg","contentUrl":"https:\/\/www.daisho.be\/wp-content\/uploads\/2026\/03\/image-48.jpg","width":1500,"height":1500,"caption":"Coquille de protection Redman pour homme-1"},{"@type":"BreadcrumbList","@id":"https:\/\/www.daisho.be\/es\/produit\/carcasa-protectora-redman-para-hombre\/#breadcrumb","itemListElement":[{"@type":"ListItem","position":1,"name":"Accueil","item":"https:\/\/www.daisho.be\/es\/"},{"@type":"ListItem","position":2,"name":"Productos","item":"https:\/\/www.daisho.be\/es\/productos\/"},{"@type":"ListItem","position":3,"name":"Deportes de combate","item":"https:\/\/www.daisho.be\/es\/categorie-produit\/deportes-de-combate\/"},{"@type":"ListItem","position":4,"name":"Protecciones","item":"https:\/\/www.daisho.be\/es\/categorie-produit\/deportes-de-combate\/protecciones\/"},{"@type":"ListItem","position":5,"name":"Carcasa protectora Redman para hombre"}]},{"@type":"WebSite","@id":"https:\/\/www.daisho.be\/es\/#website","url":"https:\/\/www.daisho.be\/es\/","name":"Daisho","description":"Sp&eacute;cialiste de l'&eacute;quipement sportif d'arts martiaux","publisher":{"@id":"https:\/\/www.daisho.be\/es\/#organization"},"potentialAction":[{"@type":"SearchAction","target":{"@type":"EntryPoint","urlTemplate":"https:\/\/www.daisho.be\/es\/?s={search_term_string}"},"query-input":{"@type":"PropertyValueSpecification","valueRequired":true,"valueName":"search_term_string"}}],"inLanguage":"es"},{"@type":"Organization","@id":"https:\/\/www.daisho.be\/es\/#organization","name":"Daisho","url":"https:\/\/www.daisho.be\/es\/","logo":{"@type":"ImageObject","inLanguage":"es","@id":"https:\/\/www.daisho.be\/es\/#\/schema\/logo\/image\/","url":"https:\/\/www.daisho.be\/wp-content\/uploads\/2019\/07\/color-nothing-horizontale4x-e1564486100247.png","contentUrl":"https:\/\/www.daisho.be\/wp-content\/uploads\/2019\/07\/color-nothing-horizontale4x-e1564486100247.png","width":1547,"height":385,"caption":"Daisho"},"image":{"@id":"https:\/\/www.daisho.be\/es\/#\/schema\/logo\/image\/"}}]}},"_links":{"self":[{"href":"https:\/\/www.daisho.be\/es\/wp-json\/wp\/v2\/product\/670656","targetHints":{"allow":["GET"]}}],"collection":[{"href":"https:\/\/www.daisho.be\/es\/wp-json\/wp\/v2\/product"}],"about":[{"href":"https:\/\/www.daisho.be\/es\/wp-json\/wp\/v2\/types\/product"}],"replies":[{"embeddable":true,"href":"https:\/\/www.daisho.be\/es\/wp-json\/wp\/v2\/comments?post=670656"}],"wp:featuredmedia":[{"embeddable":true,"href":"https:\/\/www.daisho.be\/es\/wp-json\/wp\/v2\/media\/670644"}],"wp:attachment":[{"href":"https:\/\/www.daisho.be\/es\/wp-json\/wp\/v2\/media?parent=670656"}],"wp:term":[{"taxonomy":"product_brand","embeddable":true,"href":"https:\/\/www.daisho.be\/es\/wp-json\/wp\/v2\/product_brand?post=670656"},{"taxonomy":"product_cat","embeddable":true,"href":"https:\/\/www.daisho.be\/es\/wp-json\/wp\/v2\/product_cat?post=670656"},{"taxonomy":"product_tag","embeddable":true,"href":"https:\/\/www.daisho.be\/es\/wp-json\/wp\/v2\/product_tag?post=670656"},{"taxonomy":"sport","embeddable":true,"href":"https:\/\/www.daisho.be\/es\/wp-json\/wp\/v2\/sport?post=670656"}],"curies":[{"name":"wp","href":"https:\/\/api.w.org\/{rel}","templated":true}]}}