{"id":670642,"date":"2026-03-24T22:54:56","date_gmt":"2026-03-24T21:54:56","guid":{"rendered":"https:\/\/www.daisho.be\/produit\/pavibasic-cross-training-100x100-20mm-entrelazado\/"},"modified":"2026-03-24T22:55:29","modified_gmt":"2026-03-24T21:55:29","slug":"pavibasic-cross-training-100x100-20mm-entrelazado","status":"publish","type":"product","link":"https:\/\/www.daisho.be\/es\/produit\/pavibasic-cross-training-100x100-20mm-entrelazado\/","title":{"rendered":"PAVIBASIC Cross Training 100&#215;100 20mm entrelazado"},"content":{"rendered":"<p>PAVIBASIC CROSS TRAINING \/ CT<br \/>\nLas baldosas de caucho reciclado Pavibasic Cross Training son la soluci\u00f3n ideal para deportes de alto impacto, ya que ofrecen una durabilidad, resistencia al deslizamiento y absorci\u00f3n de impactos excepcionales.<br \/>\nSus compuestos de caucho de alta densidad con un bajo n\u00famero de mallas garantizan una fiable resistencia al deslizamiento, incluso cuando est\u00e1n mojadas, mientras que sus propiedades de absorci\u00f3n de impactos las hacen ideales para actividades intensas de alto impacto.<br \/>\nCorte recto o sistema de enclavamiento para una f\u00e1cil instalaci\u00f3n.<\/p>\n<p>Dise\u00f1ado para entrenamientos de alto impacto, CT Cross Training combina durabilidad, agarre y absorci\u00f3n de impactos para un mayor confort y rendimiento.<br \/>\nFabricado con caucho reciclado, est\u00e1 disponible en losetas entrelazadas o de corte recto.<br \/>\nEn espesores superiores, una capa inferior amortiguadora integrada mejora el confort frente a los impactos y el rendimiento ac\u00fastico.<br \/>\nFabricado seg\u00fan las normas Pavigym, garantiza un rendimiento fiable y una instalaci\u00f3n predecible.<\/p>\n<p>Dimensiones: 100 x 100 cm<\/p>\n<p>Grosor: 20 mm<\/p>\n<p>Peso total: 18 kg\/m\u00b2.<\/p>\n<p>Densidad: 900 kg\/m3 &#8211; Norma UNE-53526<\/p>\n<p>Dureza: 60\u00ba Shore A  <\/p>\n<p>Reacci\u00f3n al fuego: Cfl-s1 (opcional)  <\/p>\n<p>Acabado : Enclavamiento<\/p>\n<p>Base: Base antichoque<\/p>\n<p>Caracter\u00edsticas t\u00e9cnicas:<br \/>\n&#8211; C\u00f3modo,<br \/>\n&#8211; Mayor resistencia a las marcas,<br \/>\n&#8211; Insonorizaci\u00f3n,<br \/>\n&#8211; Durabilidad,<br \/>\n&#8211; Higi\u00e9nico,<br \/>\n&#8211; Aislamiento t\u00e9rmico,<br \/>\n&#8211; F\u00e1cil de instalar y mantener.<\/p>\n","protected":false},"excerpt":{"rendered":"<p>PAVIBASIC CROSS TRAINING \/ CT Las baldosas de caucho reciclado Pavibasic Cross Training son la soluci\u00f3n ideal para deportes de alto impacto, ya que ofrecen una durabilidad, resistencia al deslizamiento y absorci\u00f3n de impactos excepcionales. Sus compuestos de caucho de alta densidad con un bajo n\u00famero de mallas garantizan una fiable resistencia al deslizamiento, incluso [&hellip;]<\/p>\n","protected":false},"featured_media":670625,"comment_status":"open","ping_status":"closed","template":"","meta":{"inline_featured_image":false},"product_brand":[],"product_cat":[1612],"product_tag":[2604],"sport":[],"class_list":{"0":"post-670642","1":"product","2":"type-product","3":"status-publish","4":"has-post-thumbnail","6":"product_cat-alfombras","7":"product_tag-pavigym","9":"first","10":"instock","11":"taxable","12":"shipping-taxable","13":"purchasable","14":"product-type-simple"},"yoast_head":"<!-- This site is optimized with the Yoast SEO plugin v27.2 - https:\/\/yoast.com\/product\/yoast-seo-wordpress\/ -->\n<title>PAVIBASIC Cross Training 100x100 20mm entrelazado &#8211; Daisho<\/title>\n<meta name=\"robots\" content=\"index, follow, max-snippet:-1, max-image-preview:large, max-video-preview:-1\" \/>\n<link rel=\"canonical\" href=\"https:\/\/www.daisho.be\/es\/produit\/pavibasic-cross-training-100x100-20mm-entrelazado\/\" \/>\n<meta property=\"og:locale\" content=\"es_ES\" \/>\n<meta property=\"og:type\" content=\"article\" \/>\n<meta property=\"og:title\" content=\"PAVIBASIC Cross Training 100x100 20mm entrelazado &#8211; Daisho\" \/>\n<meta property=\"og:description\" content=\"PAVIBASIC CROSS TRAINING \/ CT Las baldosas de caucho reciclado Pavibasic Cross Training son la soluci\u00f3n ideal para deportes de alto impacto, ya que ofrecen una durabilidad, resistencia al deslizamiento y absorci\u00f3n de impactos excepcionales. Sus compuestos de caucho de alta densidad con un bajo n\u00famero de mallas garantizan una fiable resistencia al deslizamiento, incluso [&hellip;]\" \/>\n<meta property=\"og:url\" content=\"https:\/\/www.daisho.be\/es\/produit\/pavibasic-cross-training-100x100-20mm-entrelazado\/\" \/>\n<meta property=\"og:site_name\" content=\"Daisho\" \/>\n<meta property=\"article:modified_time\" content=\"2026-03-24T21:55:29+00:00\" \/>\n<meta property=\"og:image\" content=\"https:\/\/www.daisho.be\/wp-content\/uploads\/2026\/03\/image-42.jpg\" \/>\n\t<meta property=\"og:image:width\" content=\"399\" \/>\n\t<meta property=\"og:image:height\" content=\"199\" \/>\n\t<meta property=\"og:image:type\" content=\"image\/jpeg\" \/>\n<meta name=\"twitter:card\" content=\"summary_large_image\" \/>\n<meta name=\"twitter:label1\" content=\"Tiempo de lectura\" \/>\n\t<meta name=\"twitter:data1\" content=\"1 minuto\" \/>\n<script type=\"application\/ld+json\" class=\"yoast-schema-graph\">{\"@context\":\"https:\/\/schema.org\",\"@graph\":[{\"@type\":\"WebPage\",\"@id\":\"https:\/\/www.daisho.be\/es\/produit\/pavibasic-cross-training-100x100-20mm-entrelazado\/\",\"url\":\"https:\/\/www.daisho.be\/es\/produit\/pavibasic-cross-training-100x100-20mm-entrelazado\/\",\"name\":\"PAVIBASIC Cross Training 100x100 20mm entrelazado &#8211; Daisho\",\"isPartOf\":{\"@id\":\"https:\/\/www.daisho.be\/es\/#website\"},\"primaryImageOfPage\":{\"@id\":\"https:\/\/www.daisho.be\/es\/produit\/pavibasic-cross-training-100x100-20mm-entrelazado\/#primaryimage\"},\"image\":{\"@id\":\"https:\/\/www.daisho.be\/es\/produit\/pavibasic-cross-training-100x100-20mm-entrelazado\/#primaryimage\"},\"thumbnailUrl\":\"https:\/\/www.daisho.be\/wp-content\/uploads\/2026\/03\/image-42.jpg\",\"datePublished\":\"2026-03-24T21:54:56+00:00\",\"dateModified\":\"2026-03-24T21:55:29+00:00\",\"breadcrumb\":{\"@id\":\"https:\/\/www.daisho.be\/es\/produit\/pavibasic-cross-training-100x100-20mm-entrelazado\/#breadcrumb\"},\"inLanguage\":\"es\",\"potentialAction\":[{\"@type\":\"ReadAction\",\"target\":[\"https:\/\/www.daisho.be\/es\/produit\/pavibasic-cross-training-100x100-20mm-entrelazado\/\"]}]},{\"@type\":\"ImageObject\",\"inLanguage\":\"es\",\"@id\":\"https:\/\/www.daisho.be\/es\/produit\/pavibasic-cross-training-100x100-20mm-entrelazado\/#primaryimage\",\"url\":\"https:\/\/www.daisho.be\/wp-content\/uploads\/2026\/03\/image-42.jpg\",\"contentUrl\":\"https:\/\/www.daisho.be\/wp-content\/uploads\/2026\/03\/image-42.jpg\",\"width\":399,\"height\":199,\"caption\":\"PAVIBASIC Cross Training 100x100 20mm interlocking-1\"},{\"@type\":\"BreadcrumbList\",\"@id\":\"https:\/\/www.daisho.be\/es\/produit\/pavibasic-cross-training-100x100-20mm-entrelazado\/#breadcrumb\",\"itemListElement\":[{\"@type\":\"ListItem\",\"position\":1,\"name\":\"Accueil\",\"item\":\"https:\/\/www.daisho.be\/es\/\"},{\"@type\":\"ListItem\",\"position\":2,\"name\":\"Productos\",\"item\":\"https:\/\/www.daisho.be\/es\/productos\/\"},{\"@type\":\"ListItem\",\"position\":3,\"name\":\"Deportes de combate\",\"item\":\"https:\/\/www.daisho.be\/es\/categorie-produit\/deportes-de-combate\/\"},{\"@type\":\"ListItem\",\"position\":4,\"name\":\"Alfombras\",\"item\":\"https:\/\/www.daisho.be\/es\/categorie-produit\/deportes-de-combate\/alfombras\/\"},{\"@type\":\"ListItem\",\"position\":5,\"name\":\"PAVIBASIC Cross Training 100&#215;100 20mm entrelazado\"}]},{\"@type\":\"WebSite\",\"@id\":\"https:\/\/www.daisho.be\/es\/#website\",\"url\":\"https:\/\/www.daisho.be\/es\/\",\"name\":\"Daisho\",\"description\":\"Sp&eacute;cialiste de l'&eacute;quipement sportif d'arts martiaux\",\"publisher\":{\"@id\":\"https:\/\/www.daisho.be\/es\/#organization\"},\"potentialAction\":[{\"@type\":\"SearchAction\",\"target\":{\"@type\":\"EntryPoint\",\"urlTemplate\":\"https:\/\/www.daisho.be\/es\/?s={search_term_string}\"},\"query-input\":{\"@type\":\"PropertyValueSpecification\",\"valueRequired\":true,\"valueName\":\"search_term_string\"}}],\"inLanguage\":\"es\"},{\"@type\":\"Organization\",\"@id\":\"https:\/\/www.daisho.be\/es\/#organization\",\"name\":\"Daisho\",\"url\":\"https:\/\/www.daisho.be\/es\/\",\"logo\":{\"@type\":\"ImageObject\",\"inLanguage\":\"es\",\"@id\":\"https:\/\/www.daisho.be\/es\/#\/schema\/logo\/image\/\",\"url\":\"https:\/\/www.daisho.be\/wp-content\/uploads\/2019\/07\/color-nothing-horizontale4x-e1564486100247.png\",\"contentUrl\":\"https:\/\/www.daisho.be\/wp-content\/uploads\/2019\/07\/color-nothing-horizontale4x-e1564486100247.png\",\"width\":1547,\"height\":385,\"caption\":\"Daisho\"},\"image\":{\"@id\":\"https:\/\/www.daisho.be\/es\/#\/schema\/logo\/image\/\"}}]}<\/script>\n<!-- \/ Yoast SEO plugin. -->","yoast_head_json":{"title":"PAVIBASIC Cross Training 100x100 20mm entrelazado &#8211; Daisho","robots":{"index":"index","follow":"follow","max-snippet":"max-snippet:-1","max-image-preview":"max-image-preview:large","max-video-preview":"max-video-preview:-1"},"canonical":"https:\/\/www.daisho.be\/es\/produit\/pavibasic-cross-training-100x100-20mm-entrelazado\/","og_locale":"es_ES","og_type":"article","og_title":"PAVIBASIC Cross Training 100x100 20mm entrelazado &#8211; Daisho","og_description":"PAVIBASIC CROSS TRAINING \/ CT Las baldosas de caucho reciclado Pavibasic Cross Training son la soluci\u00f3n ideal para deportes de alto impacto, ya que ofrecen una durabilidad, resistencia al deslizamiento y absorci\u00f3n de impactos excepcionales. Sus compuestos de caucho de alta densidad con un bajo n\u00famero de mallas garantizan una fiable resistencia al deslizamiento, incluso [&hellip;]","og_url":"https:\/\/www.daisho.be\/es\/produit\/pavibasic-cross-training-100x100-20mm-entrelazado\/","og_site_name":"Daisho","article_modified_time":"2026-03-24T21:55:29+00:00","og_image":[{"width":399,"height":199,"url":"https:\/\/www.daisho.be\/wp-content\/uploads\/2026\/03\/image-42.jpg","type":"image\/jpeg"}],"twitter_card":"summary_large_image","twitter_misc":{"Tiempo de lectura":"1 minuto"},"schema":{"@context":"https:\/\/schema.org","@graph":[{"@type":"WebPage","@id":"https:\/\/www.daisho.be\/es\/produit\/pavibasic-cross-training-100x100-20mm-entrelazado\/","url":"https:\/\/www.daisho.be\/es\/produit\/pavibasic-cross-training-100x100-20mm-entrelazado\/","name":"PAVIBASIC Cross Training 100x100 20mm entrelazado &#8211; Daisho","isPartOf":{"@id":"https:\/\/www.daisho.be\/es\/#website"},"primaryImageOfPage":{"@id":"https:\/\/www.daisho.be\/es\/produit\/pavibasic-cross-training-100x100-20mm-entrelazado\/#primaryimage"},"image":{"@id":"https:\/\/www.daisho.be\/es\/produit\/pavibasic-cross-training-100x100-20mm-entrelazado\/#primaryimage"},"thumbnailUrl":"https:\/\/www.daisho.be\/wp-content\/uploads\/2026\/03\/image-42.jpg","datePublished":"2026-03-24T21:54:56+00:00","dateModified":"2026-03-24T21:55:29+00:00","breadcrumb":{"@id":"https:\/\/www.daisho.be\/es\/produit\/pavibasic-cross-training-100x100-20mm-entrelazado\/#breadcrumb"},"inLanguage":"es","potentialAction":[{"@type":"ReadAction","target":["https:\/\/www.daisho.be\/es\/produit\/pavibasic-cross-training-100x100-20mm-entrelazado\/"]}]},{"@type":"ImageObject","inLanguage":"es","@id":"https:\/\/www.daisho.be\/es\/produit\/pavibasic-cross-training-100x100-20mm-entrelazado\/#primaryimage","url":"https:\/\/www.daisho.be\/wp-content\/uploads\/2026\/03\/image-42.jpg","contentUrl":"https:\/\/www.daisho.be\/wp-content\/uploads\/2026\/03\/image-42.jpg","width":399,"height":199,"caption":"PAVIBASIC Cross Training 100x100 20mm interlocking-1"},{"@type":"BreadcrumbList","@id":"https:\/\/www.daisho.be\/es\/produit\/pavibasic-cross-training-100x100-20mm-entrelazado\/#breadcrumb","itemListElement":[{"@type":"ListItem","position":1,"name":"Accueil","item":"https:\/\/www.daisho.be\/es\/"},{"@type":"ListItem","position":2,"name":"Productos","item":"https:\/\/www.daisho.be\/es\/productos\/"},{"@type":"ListItem","position":3,"name":"Deportes de combate","item":"https:\/\/www.daisho.be\/es\/categorie-produit\/deportes-de-combate\/"},{"@type":"ListItem","position":4,"name":"Alfombras","item":"https:\/\/www.daisho.be\/es\/categorie-produit\/deportes-de-combate\/alfombras\/"},{"@type":"ListItem","position":5,"name":"PAVIBASIC Cross Training 100&#215;100 20mm entrelazado"}]},{"@type":"WebSite","@id":"https:\/\/www.daisho.be\/es\/#website","url":"https:\/\/www.daisho.be\/es\/","name":"Daisho","description":"Sp&eacute;cialiste de l'&eacute;quipement sportif d'arts martiaux","publisher":{"@id":"https:\/\/www.daisho.be\/es\/#organization"},"potentialAction":[{"@type":"SearchAction","target":{"@type":"EntryPoint","urlTemplate":"https:\/\/www.daisho.be\/es\/?s={search_term_string}"},"query-input":{"@type":"PropertyValueSpecification","valueRequired":true,"valueName":"search_term_string"}}],"inLanguage":"es"},{"@type":"Organization","@id":"https:\/\/www.daisho.be\/es\/#organization","name":"Daisho","url":"https:\/\/www.daisho.be\/es\/","logo":{"@type":"ImageObject","inLanguage":"es","@id":"https:\/\/www.daisho.be\/es\/#\/schema\/logo\/image\/","url":"https:\/\/www.daisho.be\/wp-content\/uploads\/2019\/07\/color-nothing-horizontale4x-e1564486100247.png","contentUrl":"https:\/\/www.daisho.be\/wp-content\/uploads\/2019\/07\/color-nothing-horizontale4x-e1564486100247.png","width":1547,"height":385,"caption":"Daisho"},"image":{"@id":"https:\/\/www.daisho.be\/es\/#\/schema\/logo\/image\/"}}]}},"_links":{"self":[{"href":"https:\/\/www.daisho.be\/es\/wp-json\/wp\/v2\/product\/670642","targetHints":{"allow":["GET"]}}],"collection":[{"href":"https:\/\/www.daisho.be\/es\/wp-json\/wp\/v2\/product"}],"about":[{"href":"https:\/\/www.daisho.be\/es\/wp-json\/wp\/v2\/types\/product"}],"replies":[{"embeddable":true,"href":"https:\/\/www.daisho.be\/es\/wp-json\/wp\/v2\/comments?post=670642"}],"wp:featuredmedia":[{"embeddable":true,"href":"https:\/\/www.daisho.be\/es\/wp-json\/wp\/v2\/media\/670625"}],"wp:attachment":[{"href":"https:\/\/www.daisho.be\/es\/wp-json\/wp\/v2\/media?parent=670642"}],"wp:term":[{"taxonomy":"product_brand","embeddable":true,"href":"https:\/\/www.daisho.be\/es\/wp-json\/wp\/v2\/product_brand?post=670642"},{"taxonomy":"product_cat","embeddable":true,"href":"https:\/\/www.daisho.be\/es\/wp-json\/wp\/v2\/product_cat?post=670642"},{"taxonomy":"product_tag","embeddable":true,"href":"https:\/\/www.daisho.be\/es\/wp-json\/wp\/v2\/product_tag?post=670642"},{"taxonomy":"sport","embeddable":true,"href":"https:\/\/www.daisho.be\/es\/wp-json\/wp\/v2\/sport?post=670642"}],"curies":[{"name":"wp","href":"https:\/\/api.w.org\/{rel}","templated":true}]}}