{"id":669317,"date":"2026-03-17T18:25:11","date_gmt":"2026-03-17T17:25:11","guid":{"rendered":"https:\/\/www.daisho.be\/produit\/ring-de-boxeo-6-m\/"},"modified":"2026-03-17T18:25:11","modified_gmt":"2026-03-17T17:25:11","slug":"ring-de-boxeo-6-m","status":"publish","type":"product","link":"https:\/\/www.daisho.be\/es\/produit\/ring-de-boxeo-6-m\/","title":{"rendered":"Ring de boxeo 6 m"},"content":{"rendered":"<p>El ring de boxeo en suelo de 6 metros est\u00e1 especialmente dise\u00f1ado para el entrenamiento. Es robusto y duradero gracias a los materiales utilizados en su construcci\u00f3n.<br \/>\nModelo: TQ2309\/1<\/p>\n<p>Dimensiones: 6000 \u00d7 6000 \u00d7 1482 mm<\/p>\n<p>Materiales: tejido PU, espuma, espuma de alta densidad, XPE, acero al carbono de alta calidad.<\/p>\n<p>Caracter\u00edsticas:<br \/>\n? Excelente protecci\u00f3n, buen agarre, resistente a la deformaci\u00f3n, duradero, elegante y refinado, materiales ecol\u00f3gicos, excelente tecnolog\u00eda de fabricaci\u00f3n;<br \/>\n? Fabricado con materiales de alta calidad, estructura compuesta, f\u00e1cil de desmontar y transportar. Los cordones que la rodean est\u00e1n hechos de alambre de acero, manguera de espuma, cuero de PU y otros materiales, que son resistentes y est\u00e9ticamente agradables;<br \/>\n? Tratamiento de la superficie: todas las piezas met\u00e1licas se decapan y fosfatan, y luego se granallan y se pintan por pulverizaci\u00f3n. Se utilizan equipos autom\u00e1ticos de pulverizaci\u00f3n electrost\u00e1tica de polvo. El revestimiento tiene buena resistencia a la intemperie,<br \/>\nalta resistencia al impacto, calidad estable del revestimiento met\u00e1lico, excelente resistencia a los \u00e1cidos y \u00e1lcalis, resistencia a la humedad y al calor, protecci\u00f3n antienvejecimiento, etc.<br \/>\nEl ring de boxeo de 5 metros est\u00e1 especialmente dise\u00f1ado para el entrenamiento. Es robusto y duradero gracias a los materiales utilizados en su construcci\u00f3n.         <\/p>\n","protected":false},"excerpt":{"rendered":"<p>El ring de boxeo en suelo de 6 metros est\u00e1 especialmente dise\u00f1ado para el entrenamiento. Es robusto y duradero gracias a los materiales utilizados en su construcci\u00f3n. Modelo: TQ2309\/1 Dimensiones: 6000 \u00d7 6000 \u00d7 1482 mm Materiales: tejido PU, espuma, espuma de alta densidad, XPE, acero al carbono de alta calidad. Caracter\u00edsticas: ? Excelente protecci\u00f3n, [&hellip;]<\/p>\n","protected":false},"featured_media":669304,"comment_status":"open","ping_status":"closed","template":"","meta":{"inline_featured_image":false},"product_brand":[],"product_cat":[1475],"product_tag":[2529],"sport":[],"class_list":{"0":"post-669317","1":"product","2":"type-product","3":"status-publish","4":"has-post-thumbnail","6":"product_cat-equipos-de-competicion","7":"product_tag-taishan","9":"first","10":"instock","11":"taxable","12":"shipping-taxable","13":"purchasable","14":"product-type-simple"},"yoast_head":"<!-- This site is optimized with the Yoast SEO plugin v27.2 - https:\/\/yoast.com\/product\/yoast-seo-wordpress\/ -->\n<title>Ring de boxeo 6 m &#8211; Daisho<\/title>\n<meta name=\"robots\" content=\"index, follow, max-snippet:-1, max-image-preview:large, max-video-preview:-1\" \/>\n<link rel=\"canonical\" href=\"https:\/\/www.daisho.be\/es\/produit\/ring-de-boxeo-6-m\/\" \/>\n<meta property=\"og:locale\" content=\"es_ES\" \/>\n<meta property=\"og:type\" content=\"article\" \/>\n<meta property=\"og:title\" content=\"Ring de boxeo 6 m &#8211; Daisho\" \/>\n<meta property=\"og:description\" content=\"El ring de boxeo en suelo de 6 metros est\u00e1 especialmente dise\u00f1ado para el entrenamiento. Es robusto y duradero gracias a los materiales utilizados en su construcci\u00f3n. Modelo: TQ2309\/1 Dimensiones: 6000 \u00d7 6000 \u00d7 1482 mm Materiales: tejido PU, espuma, espuma de alta densidad, XPE, acero al carbono de alta calidad. Caracter\u00edsticas: ? Excelente protecci\u00f3n, [&hellip;]\" \/>\n<meta property=\"og:url\" content=\"https:\/\/www.daisho.be\/es\/produit\/ring-de-boxeo-6-m\/\" \/>\n<meta property=\"og:site_name\" content=\"Daisho\" \/>\n<meta property=\"og:image\" content=\"https:\/\/www.daisho.be\/wp-content\/uploads\/2026\/03\/image-30.jpg\" \/>\n\t<meta property=\"og:image:width\" content=\"654\" \/>\n\t<meta property=\"og:image:height\" content=\"291\" \/>\n\t<meta property=\"og:image:type\" content=\"image\/jpeg\" \/>\n<meta name=\"twitter:card\" content=\"summary_large_image\" \/>\n<meta name=\"twitter:label1\" content=\"Tiempo de lectura\" \/>\n\t<meta name=\"twitter:data1\" content=\"1 minuto\" \/>\n<script type=\"application\/ld+json\" class=\"yoast-schema-graph\">{\"@context\":\"https:\/\/schema.org\",\"@graph\":[{\"@type\":\"WebPage\",\"@id\":\"https:\/\/www.daisho.be\/es\/produit\/ring-de-boxeo-6-m\/\",\"url\":\"https:\/\/www.daisho.be\/es\/produit\/ring-de-boxeo-6-m\/\",\"name\":\"Ring de boxeo 6 m &#8211; Daisho\",\"isPartOf\":{\"@id\":\"https:\/\/www.daisho.be\/es\/#website\"},\"primaryImageOfPage\":{\"@id\":\"https:\/\/www.daisho.be\/es\/produit\/ring-de-boxeo-6-m\/#primaryimage\"},\"image\":{\"@id\":\"https:\/\/www.daisho.be\/es\/produit\/ring-de-boxeo-6-m\/#primaryimage\"},\"thumbnailUrl\":\"https:\/\/www.daisho.be\/wp-content\/uploads\/2026\/03\/image-30.jpg\",\"datePublished\":\"2026-03-17T17:25:11+00:00\",\"breadcrumb\":{\"@id\":\"https:\/\/www.daisho.be\/es\/produit\/ring-de-boxeo-6-m\/#breadcrumb\"},\"inLanguage\":\"es\",\"potentialAction\":[{\"@type\":\"ReadAction\",\"target\":[\"https:\/\/www.daisho.be\/es\/produit\/ring-de-boxeo-6-m\/\"]}]},{\"@type\":\"ImageObject\",\"inLanguage\":\"es\",\"@id\":\"https:\/\/www.daisho.be\/es\/produit\/ring-de-boxeo-6-m\/#primaryimage\",\"url\":\"https:\/\/www.daisho.be\/wp-content\/uploads\/2026\/03\/image-30.jpg\",\"contentUrl\":\"https:\/\/www.daisho.be\/wp-content\/uploads\/2026\/03\/image-30.jpg\",\"width\":654,\"height\":291,\"caption\":\"Ring de boxe au sol 6 m-1\"},{\"@type\":\"BreadcrumbList\",\"@id\":\"https:\/\/www.daisho.be\/es\/produit\/ring-de-boxeo-6-m\/#breadcrumb\",\"itemListElement\":[{\"@type\":\"ListItem\",\"position\":1,\"name\":\"Accueil\",\"item\":\"https:\/\/www.daisho.be\/es\/\"},{\"@type\":\"ListItem\",\"position\":2,\"name\":\"Productos\",\"item\":\"https:\/\/www.daisho.be\/es\/productos\/\"},{\"@type\":\"ListItem\",\"position\":3,\"name\":\"Deportes de combate\",\"item\":\"https:\/\/www.daisho.be\/es\/categorie-produit\/deportes-de-combate\/\"},{\"@type\":\"ListItem\",\"position\":4,\"name\":\"Equipos de competici\u00f3n\",\"item\":\"https:\/\/www.daisho.be\/es\/categorie-produit\/deportes-de-combate\/equipos-de-competicion\/\"},{\"@type\":\"ListItem\",\"position\":5,\"name\":\"Ring de boxeo 6 m\"}]},{\"@type\":\"WebSite\",\"@id\":\"https:\/\/www.daisho.be\/es\/#website\",\"url\":\"https:\/\/www.daisho.be\/es\/\",\"name\":\"Daisho\",\"description\":\"Sp&eacute;cialiste de l'&eacute;quipement sportif d'arts martiaux\",\"publisher\":{\"@id\":\"https:\/\/www.daisho.be\/es\/#organization\"},\"potentialAction\":[{\"@type\":\"SearchAction\",\"target\":{\"@type\":\"EntryPoint\",\"urlTemplate\":\"https:\/\/www.daisho.be\/es\/?s={search_term_string}\"},\"query-input\":{\"@type\":\"PropertyValueSpecification\",\"valueRequired\":true,\"valueName\":\"search_term_string\"}}],\"inLanguage\":\"es\"},{\"@type\":\"Organization\",\"@id\":\"https:\/\/www.daisho.be\/es\/#organization\",\"name\":\"Daisho\",\"url\":\"https:\/\/www.daisho.be\/es\/\",\"logo\":{\"@type\":\"ImageObject\",\"inLanguage\":\"es\",\"@id\":\"https:\/\/www.daisho.be\/es\/#\/schema\/logo\/image\/\",\"url\":\"https:\/\/www.daisho.be\/wp-content\/uploads\/2019\/07\/color-nothing-horizontale4x-e1564486100247.png\",\"contentUrl\":\"https:\/\/www.daisho.be\/wp-content\/uploads\/2019\/07\/color-nothing-horizontale4x-e1564486100247.png\",\"width\":1547,\"height\":385,\"caption\":\"Daisho\"},\"image\":{\"@id\":\"https:\/\/www.daisho.be\/es\/#\/schema\/logo\/image\/\"}}]}<\/script>\n<!-- \/ Yoast SEO plugin. -->","yoast_head_json":{"title":"Ring de boxeo 6 m &#8211; Daisho","robots":{"index":"index","follow":"follow","max-snippet":"max-snippet:-1","max-image-preview":"max-image-preview:large","max-video-preview":"max-video-preview:-1"},"canonical":"https:\/\/www.daisho.be\/es\/produit\/ring-de-boxeo-6-m\/","og_locale":"es_ES","og_type":"article","og_title":"Ring de boxeo 6 m &#8211; Daisho","og_description":"El ring de boxeo en suelo de 6 metros est\u00e1 especialmente dise\u00f1ado para el entrenamiento. Es robusto y duradero gracias a los materiales utilizados en su construcci\u00f3n. Modelo: TQ2309\/1 Dimensiones: 6000 \u00d7 6000 \u00d7 1482 mm Materiales: tejido PU, espuma, espuma de alta densidad, XPE, acero al carbono de alta calidad. Caracter\u00edsticas: ? Excelente protecci\u00f3n, [&hellip;]","og_url":"https:\/\/www.daisho.be\/es\/produit\/ring-de-boxeo-6-m\/","og_site_name":"Daisho","og_image":[{"width":654,"height":291,"url":"https:\/\/www.daisho.be\/wp-content\/uploads\/2026\/03\/image-30.jpg","type":"image\/jpeg"}],"twitter_card":"summary_large_image","twitter_misc":{"Tiempo de lectura":"1 minuto"},"schema":{"@context":"https:\/\/schema.org","@graph":[{"@type":"WebPage","@id":"https:\/\/www.daisho.be\/es\/produit\/ring-de-boxeo-6-m\/","url":"https:\/\/www.daisho.be\/es\/produit\/ring-de-boxeo-6-m\/","name":"Ring de boxeo 6 m &#8211; Daisho","isPartOf":{"@id":"https:\/\/www.daisho.be\/es\/#website"},"primaryImageOfPage":{"@id":"https:\/\/www.daisho.be\/es\/produit\/ring-de-boxeo-6-m\/#primaryimage"},"image":{"@id":"https:\/\/www.daisho.be\/es\/produit\/ring-de-boxeo-6-m\/#primaryimage"},"thumbnailUrl":"https:\/\/www.daisho.be\/wp-content\/uploads\/2026\/03\/image-30.jpg","datePublished":"2026-03-17T17:25:11+00:00","breadcrumb":{"@id":"https:\/\/www.daisho.be\/es\/produit\/ring-de-boxeo-6-m\/#breadcrumb"},"inLanguage":"es","potentialAction":[{"@type":"ReadAction","target":["https:\/\/www.daisho.be\/es\/produit\/ring-de-boxeo-6-m\/"]}]},{"@type":"ImageObject","inLanguage":"es","@id":"https:\/\/www.daisho.be\/es\/produit\/ring-de-boxeo-6-m\/#primaryimage","url":"https:\/\/www.daisho.be\/wp-content\/uploads\/2026\/03\/image-30.jpg","contentUrl":"https:\/\/www.daisho.be\/wp-content\/uploads\/2026\/03\/image-30.jpg","width":654,"height":291,"caption":"Ring de boxe au sol 6 m-1"},{"@type":"BreadcrumbList","@id":"https:\/\/www.daisho.be\/es\/produit\/ring-de-boxeo-6-m\/#breadcrumb","itemListElement":[{"@type":"ListItem","position":1,"name":"Accueil","item":"https:\/\/www.daisho.be\/es\/"},{"@type":"ListItem","position":2,"name":"Productos","item":"https:\/\/www.daisho.be\/es\/productos\/"},{"@type":"ListItem","position":3,"name":"Deportes de combate","item":"https:\/\/www.daisho.be\/es\/categorie-produit\/deportes-de-combate\/"},{"@type":"ListItem","position":4,"name":"Equipos de competici\u00f3n","item":"https:\/\/www.daisho.be\/es\/categorie-produit\/deportes-de-combate\/equipos-de-competicion\/"},{"@type":"ListItem","position":5,"name":"Ring de boxeo 6 m"}]},{"@type":"WebSite","@id":"https:\/\/www.daisho.be\/es\/#website","url":"https:\/\/www.daisho.be\/es\/","name":"Daisho","description":"Sp&eacute;cialiste de l'&eacute;quipement sportif d'arts martiaux","publisher":{"@id":"https:\/\/www.daisho.be\/es\/#organization"},"potentialAction":[{"@type":"SearchAction","target":{"@type":"EntryPoint","urlTemplate":"https:\/\/www.daisho.be\/es\/?s={search_term_string}"},"query-input":{"@type":"PropertyValueSpecification","valueRequired":true,"valueName":"search_term_string"}}],"inLanguage":"es"},{"@type":"Organization","@id":"https:\/\/www.daisho.be\/es\/#organization","name":"Daisho","url":"https:\/\/www.daisho.be\/es\/","logo":{"@type":"ImageObject","inLanguage":"es","@id":"https:\/\/www.daisho.be\/es\/#\/schema\/logo\/image\/","url":"https:\/\/www.daisho.be\/wp-content\/uploads\/2019\/07\/color-nothing-horizontale4x-e1564486100247.png","contentUrl":"https:\/\/www.daisho.be\/wp-content\/uploads\/2019\/07\/color-nothing-horizontale4x-e1564486100247.png","width":1547,"height":385,"caption":"Daisho"},"image":{"@id":"https:\/\/www.daisho.be\/es\/#\/schema\/logo\/image\/"}}]}},"_links":{"self":[{"href":"https:\/\/www.daisho.be\/es\/wp-json\/wp\/v2\/product\/669317","targetHints":{"allow":["GET"]}}],"collection":[{"href":"https:\/\/www.daisho.be\/es\/wp-json\/wp\/v2\/product"}],"about":[{"href":"https:\/\/www.daisho.be\/es\/wp-json\/wp\/v2\/types\/product"}],"replies":[{"embeddable":true,"href":"https:\/\/www.daisho.be\/es\/wp-json\/wp\/v2\/comments?post=669317"}],"wp:featuredmedia":[{"embeddable":true,"href":"https:\/\/www.daisho.be\/es\/wp-json\/wp\/v2\/media\/669304"}],"wp:attachment":[{"href":"https:\/\/www.daisho.be\/es\/wp-json\/wp\/v2\/media?parent=669317"}],"wp:term":[{"taxonomy":"product_brand","embeddable":true,"href":"https:\/\/www.daisho.be\/es\/wp-json\/wp\/v2\/product_brand?post=669317"},{"taxonomy":"product_cat","embeddable":true,"href":"https:\/\/www.daisho.be\/es\/wp-json\/wp\/v2\/product_cat?post=669317"},{"taxonomy":"product_tag","embeddable":true,"href":"https:\/\/www.daisho.be\/es\/wp-json\/wp\/v2\/product_tag?post=669317"},{"taxonomy":"sport","embeddable":true,"href":"https:\/\/www.daisho.be\/es\/wp-json\/wp\/v2\/sport?post=669317"}],"curies":[{"name":"wp","href":"https:\/\/api.w.org\/{rel}","templated":true}]}}