{"id":669299,"date":"2026-03-17T18:24:32","date_gmt":"2026-03-17T17:24:32","guid":{"rendered":"https:\/\/www.daisho.be\/produit\/octagono-mma-7m-x-7m\/"},"modified":"2026-03-17T18:24:32","modified_gmt":"2026-03-17T17:24:32","slug":"octagono-mma-7m-x-7m","status":"publish","type":"product","link":"https:\/\/www.daisho.be\/es\/produit\/octagono-mma-7m-x-7m\/","title":{"rendered":"Oct\u00e1gono MMA &#8211; 7m x 7m"},"content":{"rendered":"<p>Especificaciones:  <\/p>\n<p>El armaz\u00f3n octogonal de la jaula es de acero con revestimiento de polvo antioxidante.<br \/>\nEl respaldo tiene un dise\u00f1o interior-exterior, fabricado en PU resistente al desgarro con acolchado de EVA moldeada por compresi\u00f3n de alta densidad.<br \/>\nLos tablones de madera especiales colocados en la jaula octogonal tienen un grosor de 2,5 cm.<br \/>\nLa alfombrilla del ring es una alfombrilla de combate especial de 3 cm de grosor y moderadamente dura.<br \/>\nEl tejido de recubrimiento es una capa intermedia de PVC antideslizante fabricada con tecnolog\u00eda de termosellado.<br \/>\nLa red de la jaula es una malla sumergida en pl\u00e1stico.<\/p>\n<p>Funciones y aplicaciones :<\/p>\n<p>La plataforma tiene una superficie plana y estable con una elasticidad moderada, que ayuda a los deportistas a alcanzar altos niveles de rendimiento durante el entrenamiento y la competici\u00f3n.<br \/>\nEs adecuado para entrenar y competir en pruebas de deportes de combate, previniendo eficazmente las lesiones de los atletas y mejorando sus habilidades t\u00e9cnicas y t\u00e1cticas profesionales.<\/p>\n<p>Dimensiones: 7 m x 7 m<\/p>\n","protected":false},"excerpt":{"rendered":"<p>Especificaciones: El armaz\u00f3n octogonal de la jaula es de acero con revestimiento de polvo antioxidante. El respaldo tiene un dise\u00f1o interior-exterior, fabricado en PU resistente al desgarro con acolchado de EVA moldeada por compresi\u00f3n de alta densidad. Los tablones de madera especiales colocados en la jaula octogonal tienen un grosor de 2,5 cm. La alfombrilla [&hellip;]<\/p>\n","protected":false},"featured_media":669272,"comment_status":"open","ping_status":"closed","template":"","meta":{"inline_featured_image":false},"product_brand":[],"product_cat":[1622],"product_tag":[2529],"sport":[],"class_list":{"0":"post-669299","1":"product","2":"type-product","3":"status-publish","4":"has-post-thumbnail","6":"product_cat-otros","7":"product_tag-taishan","9":"first","10":"instock","11":"taxable","12":"shipping-taxable","13":"purchasable","14":"product-type-simple"},"yoast_head":"<!-- This site is optimized with the Yoast SEO plugin v27.2 - https:\/\/yoast.com\/product\/yoast-seo-wordpress\/ -->\n<title>Oct\u00e1gono MMA - 7m x 7m &#8211; Daisho<\/title>\n<meta name=\"robots\" content=\"index, follow, max-snippet:-1, max-image-preview:large, max-video-preview:-1\" \/>\n<link rel=\"canonical\" href=\"https:\/\/www.daisho.be\/es\/produit\/octagono-mma-7m-x-7m\/\" \/>\n<meta property=\"og:locale\" content=\"es_ES\" \/>\n<meta property=\"og:type\" content=\"article\" \/>\n<meta property=\"og:title\" content=\"Oct\u00e1gono MMA - 7m x 7m &#8211; Daisho\" \/>\n<meta property=\"og:description\" content=\"Especificaciones: El armaz\u00f3n octogonal de la jaula es de acero con revestimiento de polvo antioxidante. El respaldo tiene un dise\u00f1o interior-exterior, fabricado en PU resistente al desgarro con acolchado de EVA moldeada por compresi\u00f3n de alta densidad. Los tablones de madera especiales colocados en la jaula octogonal tienen un grosor de 2,5 cm. La alfombrilla [&hellip;]\" \/>\n<meta property=\"og:url\" content=\"https:\/\/www.daisho.be\/es\/produit\/octagono-mma-7m-x-7m\/\" \/>\n<meta property=\"og:site_name\" content=\"Daisho\" \/>\n<meta property=\"og:image\" content=\"https:\/\/www.daisho.be\/wp-content\/uploads\/2026\/03\/image-40.png\" \/>\n\t<meta property=\"og:image:width\" content=\"284\" \/>\n\t<meta property=\"og:image:height\" content=\"232\" \/>\n\t<meta property=\"og:image:type\" content=\"image\/png\" \/>\n<meta name=\"twitter:card\" content=\"summary_large_image\" \/>\n<meta name=\"twitter:label1\" content=\"Tiempo de lectura\" \/>\n\t<meta name=\"twitter:data1\" content=\"1 minuto\" \/>\n<script type=\"application\/ld+json\" class=\"yoast-schema-graph\">{\"@context\":\"https:\/\/schema.org\",\"@graph\":[{\"@type\":\"WebPage\",\"@id\":\"https:\/\/www.daisho.be\/es\/produit\/octagono-mma-7m-x-7m\/\",\"url\":\"https:\/\/www.daisho.be\/es\/produit\/octagono-mma-7m-x-7m\/\",\"name\":\"Oct\u00e1gono MMA - 7m x 7m &#8211; Daisho\",\"isPartOf\":{\"@id\":\"https:\/\/www.daisho.be\/es\/#website\"},\"primaryImageOfPage\":{\"@id\":\"https:\/\/www.daisho.be\/es\/produit\/octagono-mma-7m-x-7m\/#primaryimage\"},\"image\":{\"@id\":\"https:\/\/www.daisho.be\/es\/produit\/octagono-mma-7m-x-7m\/#primaryimage\"},\"thumbnailUrl\":\"https:\/\/www.daisho.be\/wp-content\/uploads\/2026\/03\/image-40.png\",\"datePublished\":\"2026-03-17T17:24:32+00:00\",\"breadcrumb\":{\"@id\":\"https:\/\/www.daisho.be\/es\/produit\/octagono-mma-7m-x-7m\/#breadcrumb\"},\"inLanguage\":\"es\",\"potentialAction\":[{\"@type\":\"ReadAction\",\"target\":[\"https:\/\/www.daisho.be\/es\/produit\/octagono-mma-7m-x-7m\/\"]}]},{\"@type\":\"ImageObject\",\"inLanguage\":\"es\",\"@id\":\"https:\/\/www.daisho.be\/es\/produit\/octagono-mma-7m-x-7m\/#primaryimage\",\"url\":\"https:\/\/www.daisho.be\/wp-content\/uploads\/2026\/03\/image-40.png\",\"contentUrl\":\"https:\/\/www.daisho.be\/wp-content\/uploads\/2026\/03\/image-40.png\",\"width\":284,\"height\":232,\"caption\":\"Octogone de MMA - 7m x 7m-1\"},{\"@type\":\"BreadcrumbList\",\"@id\":\"https:\/\/www.daisho.be\/es\/produit\/octagono-mma-7m-x-7m\/#breadcrumb\",\"itemListElement\":[{\"@type\":\"ListItem\",\"position\":1,\"name\":\"Accueil\",\"item\":\"https:\/\/www.daisho.be\/es\/\"},{\"@type\":\"ListItem\",\"position\":2,\"name\":\"Productos\",\"item\":\"https:\/\/www.daisho.be\/es\/productos\/\"},{\"@type\":\"ListItem\",\"position\":3,\"name\":\"Otros\",\"item\":\"https:\/\/www.daisho.be\/es\/categorie-produit\/otros\/\"},{\"@type\":\"ListItem\",\"position\":4,\"name\":\"Oct\u00e1gono MMA &#8211; 7m x 7m\"}]},{\"@type\":\"WebSite\",\"@id\":\"https:\/\/www.daisho.be\/es\/#website\",\"url\":\"https:\/\/www.daisho.be\/es\/\",\"name\":\"Daisho\",\"description\":\"Sp&eacute;cialiste de l'&eacute;quipement sportif d'arts martiaux\",\"publisher\":{\"@id\":\"https:\/\/www.daisho.be\/es\/#organization\"},\"potentialAction\":[{\"@type\":\"SearchAction\",\"target\":{\"@type\":\"EntryPoint\",\"urlTemplate\":\"https:\/\/www.daisho.be\/es\/?s={search_term_string}\"},\"query-input\":{\"@type\":\"PropertyValueSpecification\",\"valueRequired\":true,\"valueName\":\"search_term_string\"}}],\"inLanguage\":\"es\"},{\"@type\":\"Organization\",\"@id\":\"https:\/\/www.daisho.be\/es\/#organization\",\"name\":\"Daisho\",\"url\":\"https:\/\/www.daisho.be\/es\/\",\"logo\":{\"@type\":\"ImageObject\",\"inLanguage\":\"es\",\"@id\":\"https:\/\/www.daisho.be\/es\/#\/schema\/logo\/image\/\",\"url\":\"https:\/\/www.daisho.be\/wp-content\/uploads\/2019\/07\/color-nothing-horizontale4x-e1564486100247.png\",\"contentUrl\":\"https:\/\/www.daisho.be\/wp-content\/uploads\/2019\/07\/color-nothing-horizontale4x-e1564486100247.png\",\"width\":1547,\"height\":385,\"caption\":\"Daisho\"},\"image\":{\"@id\":\"https:\/\/www.daisho.be\/es\/#\/schema\/logo\/image\/\"}}]}<\/script>\n<!-- \/ Yoast SEO plugin. -->","yoast_head_json":{"title":"Oct\u00e1gono MMA - 7m x 7m &#8211; Daisho","robots":{"index":"index","follow":"follow","max-snippet":"max-snippet:-1","max-image-preview":"max-image-preview:large","max-video-preview":"max-video-preview:-1"},"canonical":"https:\/\/www.daisho.be\/es\/produit\/octagono-mma-7m-x-7m\/","og_locale":"es_ES","og_type":"article","og_title":"Oct\u00e1gono MMA - 7m x 7m &#8211; Daisho","og_description":"Especificaciones: El armaz\u00f3n octogonal de la jaula es de acero con revestimiento de polvo antioxidante. El respaldo tiene un dise\u00f1o interior-exterior, fabricado en PU resistente al desgarro con acolchado de EVA moldeada por compresi\u00f3n de alta densidad. Los tablones de madera especiales colocados en la jaula octogonal tienen un grosor de 2,5 cm. La alfombrilla [&hellip;]","og_url":"https:\/\/www.daisho.be\/es\/produit\/octagono-mma-7m-x-7m\/","og_site_name":"Daisho","og_image":[{"width":284,"height":232,"url":"https:\/\/www.daisho.be\/wp-content\/uploads\/2026\/03\/image-40.png","type":"image\/png"}],"twitter_card":"summary_large_image","twitter_misc":{"Tiempo de lectura":"1 minuto"},"schema":{"@context":"https:\/\/schema.org","@graph":[{"@type":"WebPage","@id":"https:\/\/www.daisho.be\/es\/produit\/octagono-mma-7m-x-7m\/","url":"https:\/\/www.daisho.be\/es\/produit\/octagono-mma-7m-x-7m\/","name":"Oct\u00e1gono MMA - 7m x 7m &#8211; Daisho","isPartOf":{"@id":"https:\/\/www.daisho.be\/es\/#website"},"primaryImageOfPage":{"@id":"https:\/\/www.daisho.be\/es\/produit\/octagono-mma-7m-x-7m\/#primaryimage"},"image":{"@id":"https:\/\/www.daisho.be\/es\/produit\/octagono-mma-7m-x-7m\/#primaryimage"},"thumbnailUrl":"https:\/\/www.daisho.be\/wp-content\/uploads\/2026\/03\/image-40.png","datePublished":"2026-03-17T17:24:32+00:00","breadcrumb":{"@id":"https:\/\/www.daisho.be\/es\/produit\/octagono-mma-7m-x-7m\/#breadcrumb"},"inLanguage":"es","potentialAction":[{"@type":"ReadAction","target":["https:\/\/www.daisho.be\/es\/produit\/octagono-mma-7m-x-7m\/"]}]},{"@type":"ImageObject","inLanguage":"es","@id":"https:\/\/www.daisho.be\/es\/produit\/octagono-mma-7m-x-7m\/#primaryimage","url":"https:\/\/www.daisho.be\/wp-content\/uploads\/2026\/03\/image-40.png","contentUrl":"https:\/\/www.daisho.be\/wp-content\/uploads\/2026\/03\/image-40.png","width":284,"height":232,"caption":"Octogone de MMA - 7m x 7m-1"},{"@type":"BreadcrumbList","@id":"https:\/\/www.daisho.be\/es\/produit\/octagono-mma-7m-x-7m\/#breadcrumb","itemListElement":[{"@type":"ListItem","position":1,"name":"Accueil","item":"https:\/\/www.daisho.be\/es\/"},{"@type":"ListItem","position":2,"name":"Productos","item":"https:\/\/www.daisho.be\/es\/productos\/"},{"@type":"ListItem","position":3,"name":"Otros","item":"https:\/\/www.daisho.be\/es\/categorie-produit\/otros\/"},{"@type":"ListItem","position":4,"name":"Oct\u00e1gono MMA &#8211; 7m x 7m"}]},{"@type":"WebSite","@id":"https:\/\/www.daisho.be\/es\/#website","url":"https:\/\/www.daisho.be\/es\/","name":"Daisho","description":"Sp&eacute;cialiste de l'&eacute;quipement sportif d'arts martiaux","publisher":{"@id":"https:\/\/www.daisho.be\/es\/#organization"},"potentialAction":[{"@type":"SearchAction","target":{"@type":"EntryPoint","urlTemplate":"https:\/\/www.daisho.be\/es\/?s={search_term_string}"},"query-input":{"@type":"PropertyValueSpecification","valueRequired":true,"valueName":"search_term_string"}}],"inLanguage":"es"},{"@type":"Organization","@id":"https:\/\/www.daisho.be\/es\/#organization","name":"Daisho","url":"https:\/\/www.daisho.be\/es\/","logo":{"@type":"ImageObject","inLanguage":"es","@id":"https:\/\/www.daisho.be\/es\/#\/schema\/logo\/image\/","url":"https:\/\/www.daisho.be\/wp-content\/uploads\/2019\/07\/color-nothing-horizontale4x-e1564486100247.png","contentUrl":"https:\/\/www.daisho.be\/wp-content\/uploads\/2019\/07\/color-nothing-horizontale4x-e1564486100247.png","width":1547,"height":385,"caption":"Daisho"},"image":{"@id":"https:\/\/www.daisho.be\/es\/#\/schema\/logo\/image\/"}}]}},"_links":{"self":[{"href":"https:\/\/www.daisho.be\/es\/wp-json\/wp\/v2\/product\/669299","targetHints":{"allow":["GET"]}}],"collection":[{"href":"https:\/\/www.daisho.be\/es\/wp-json\/wp\/v2\/product"}],"about":[{"href":"https:\/\/www.daisho.be\/es\/wp-json\/wp\/v2\/types\/product"}],"replies":[{"embeddable":true,"href":"https:\/\/www.daisho.be\/es\/wp-json\/wp\/v2\/comments?post=669299"}],"wp:featuredmedia":[{"embeddable":true,"href":"https:\/\/www.daisho.be\/es\/wp-json\/wp\/v2\/media\/669272"}],"wp:attachment":[{"href":"https:\/\/www.daisho.be\/es\/wp-json\/wp\/v2\/media?parent=669299"}],"wp:term":[{"taxonomy":"product_brand","embeddable":true,"href":"https:\/\/www.daisho.be\/es\/wp-json\/wp\/v2\/product_brand?post=669299"},{"taxonomy":"product_cat","embeddable":true,"href":"https:\/\/www.daisho.be\/es\/wp-json\/wp\/v2\/product_cat?post=669299"},{"taxonomy":"product_tag","embeddable":true,"href":"https:\/\/www.daisho.be\/es\/wp-json\/wp\/v2\/product_tag?post=669299"},{"taxonomy":"sport","embeddable":true,"href":"https:\/\/www.daisho.be\/es\/wp-json\/wp\/v2\/sport?post=669299"}],"curies":[{"name":"wp","href":"https:\/\/api.w.org\/{rel}","templated":true}]}}