{"id":665678,"date":"2026-03-03T14:43:22","date_gmt":"2026-03-03T13:43:22","guid":{"rendered":"https:\/\/www.daisho.be\/produit\/mochila-adidas-multigame-3-3\/"},"modified":"2026-03-03T14:43:22","modified_gmt":"2026-03-03T13:43:22","slug":"mochila-adidas-multigame-3-3","status":"publish","type":"product","link":"https:\/\/www.daisho.be\/es\/produit\/mochila-adidas-multigame-3-3\/","title":{"rendered":"MOCHILA ADIDAS MULTIGAME 3.3"},"content":{"rendered":"<p>La nueva mochila Multigame 3.3 Azul est\u00e1 dise\u00f1ada y fabricada para ofrecer las mejores condiciones para transportar todo el equipo que necesitas en la pista de p\u00e1del.<\/p>\n<p>El gran compartimento se puede ajustar en volumen gracias a su apertura \u00abRolltop\u00bb. <\/p>\n<p>Tiene un separador para un ordenador port\u00e1til y un bolsillo para objetos m\u00e1s peque\u00f1os. <\/p>\n<p>En los laterales hay dos bolsillos de malla para botellas.<\/p>\n<p>Los materiales se han elegido para ofrecer la m\u00e1xima comodidad y durabilidad.<\/p>\n","protected":false},"excerpt":{"rendered":"<p>La nueva mochila Multigame 3.3 Azul est\u00e1 dise\u00f1ada y fabricada para ofrecer las mejores condiciones para transportar todo el equipo que necesitas en la pista de p\u00e1del. El gran compartimento se puede ajustar en volumen gracias a su apertura \u00abRolltop\u00bb. Tiene un separador para un ordenador port\u00e1til y un bolsillo para objetos m\u00e1s peque\u00f1os. En [&hellip;]<\/p>\n","protected":false},"featured_media":665666,"comment_status":"open","ping_status":"closed","template":"","meta":{"inline_featured_image":false},"product_brand":[],"product_cat":[1451],"product_tag":[1560],"sport":[],"class_list":{"0":"post-665678","1":"product","2":"type-product","3":"status-publish","4":"has-post-thumbnail","6":"product_cat-bolsas-de-deporte","7":"product_tag-adidas-es","9":"first","10":"instock","11":"taxable","12":"shipping-taxable","13":"purchasable","14":"product-type-simple"},"yoast_head":"<!-- This site is optimized with the Yoast SEO plugin v27.2 - https:\/\/yoast.com\/product\/yoast-seo-wordpress\/ -->\n<title>MOCHILA ADIDAS MULTIGAME 3.3 &#8211; Daisho<\/title>\n<meta name=\"robots\" content=\"index, follow, max-snippet:-1, max-image-preview:large, max-video-preview:-1\" \/>\n<link rel=\"canonical\" href=\"https:\/\/www.daisho.be\/es\/produit\/mochila-adidas-multigame-3-3\/\" \/>\n<meta property=\"og:locale\" content=\"es_ES\" \/>\n<meta property=\"og:type\" content=\"article\" \/>\n<meta property=\"og:title\" content=\"MOCHILA ADIDAS MULTIGAME 3.3 &#8211; Daisho\" \/>\n<meta property=\"og:description\" content=\"La nueva mochila Multigame 3.3 Azul est\u00e1 dise\u00f1ada y fabricada para ofrecer las mejores condiciones para transportar todo el equipo que necesitas en la pista de p\u00e1del. El gran compartimento se puede ajustar en volumen gracias a su apertura \u00abRolltop\u00bb. Tiene un separador para un ordenador port\u00e1til y un bolsillo para objetos m\u00e1s peque\u00f1os. En [&hellip;]\" \/>\n<meta property=\"og:url\" content=\"https:\/\/www.daisho.be\/es\/produit\/mochila-adidas-multigame-3-3\/\" \/>\n<meta property=\"og:site_name\" content=\"Daisho\" \/>\n<meta property=\"og:image\" content=\"https:\/\/www.daisho.be\/wp-content\/uploads\/2026\/03\/image-16.png\" \/>\n\t<meta property=\"og:image:width\" content=\"427\" \/>\n\t<meta property=\"og:image:height\" content=\"427\" \/>\n\t<meta property=\"og:image:type\" content=\"image\/png\" \/>\n<meta name=\"twitter:card\" content=\"summary_large_image\" \/>\n<script type=\"application\/ld+json\" class=\"yoast-schema-graph\">{\"@context\":\"https:\/\/schema.org\",\"@graph\":[{\"@type\":\"WebPage\",\"@id\":\"https:\/\/www.daisho.be\/es\/produit\/mochila-adidas-multigame-3-3\/\",\"url\":\"https:\/\/www.daisho.be\/es\/produit\/mochila-adidas-multigame-3-3\/\",\"name\":\"MOCHILA ADIDAS MULTIGAME 3.3 &#8211; Daisho\",\"isPartOf\":{\"@id\":\"https:\/\/www.daisho.be\/es\/#website\"},\"primaryImageOfPage\":{\"@id\":\"https:\/\/www.daisho.be\/es\/produit\/mochila-adidas-multigame-3-3\/#primaryimage\"},\"image\":{\"@id\":\"https:\/\/www.daisho.be\/es\/produit\/mochila-adidas-multigame-3-3\/#primaryimage\"},\"thumbnailUrl\":\"https:\/\/www.daisho.be\/wp-content\/uploads\/2026\/03\/image-16.png\",\"datePublished\":\"2026-03-03T13:43:22+00:00\",\"breadcrumb\":{\"@id\":\"https:\/\/www.daisho.be\/es\/produit\/mochila-adidas-multigame-3-3\/#breadcrumb\"},\"inLanguage\":\"es\",\"potentialAction\":[{\"@type\":\"ReadAction\",\"target\":[\"https:\/\/www.daisho.be\/es\/produit\/mochila-adidas-multigame-3-3\/\"]}]},{\"@type\":\"ImageObject\",\"inLanguage\":\"es\",\"@id\":\"https:\/\/www.daisho.be\/es\/produit\/mochila-adidas-multigame-3-3\/#primaryimage\",\"url\":\"https:\/\/www.daisho.be\/wp-content\/uploads\/2026\/03\/image-16.png\",\"contentUrl\":\"https:\/\/www.daisho.be\/wp-content\/uploads\/2026\/03\/image-16.png\",\"width\":427,\"height\":427,\"caption\":\"SAC \u00c0 DOS ADIDAS MULTIGAME 3.3-1\"},{\"@type\":\"BreadcrumbList\",\"@id\":\"https:\/\/www.daisho.be\/es\/produit\/mochila-adidas-multigame-3-3\/#breadcrumb\",\"itemListElement\":[{\"@type\":\"ListItem\",\"position\":1,\"name\":\"Accueil\",\"item\":\"https:\/\/www.daisho.be\/es\/\"},{\"@type\":\"ListItem\",\"position\":2,\"name\":\"Productos\",\"item\":\"https:\/\/www.daisho.be\/es\/productos\/\"},{\"@type\":\"ListItem\",\"position\":3,\"name\":\"Deportes de combate\",\"item\":\"https:\/\/www.daisho.be\/es\/categorie-produit\/deportes-de-combate\/\"},{\"@type\":\"ListItem\",\"position\":4,\"name\":\"Bolsas de deporte\",\"item\":\"https:\/\/www.daisho.be\/es\/categorie-produit\/deportes-de-combate\/bolsas-de-deporte\/\"},{\"@type\":\"ListItem\",\"position\":5,\"name\":\"MOCHILA ADIDAS MULTIGAME 3.3\"}]},{\"@type\":\"WebSite\",\"@id\":\"https:\/\/www.daisho.be\/es\/#website\",\"url\":\"https:\/\/www.daisho.be\/es\/\",\"name\":\"Daisho\",\"description\":\"Sp&eacute;cialiste de l'&eacute;quipement sportif d'arts martiaux\",\"publisher\":{\"@id\":\"https:\/\/www.daisho.be\/es\/#organization\"},\"potentialAction\":[{\"@type\":\"SearchAction\",\"target\":{\"@type\":\"EntryPoint\",\"urlTemplate\":\"https:\/\/www.daisho.be\/es\/?s={search_term_string}\"},\"query-input\":{\"@type\":\"PropertyValueSpecification\",\"valueRequired\":true,\"valueName\":\"search_term_string\"}}],\"inLanguage\":\"es\"},{\"@type\":\"Organization\",\"@id\":\"https:\/\/www.daisho.be\/es\/#organization\",\"name\":\"Daisho\",\"url\":\"https:\/\/www.daisho.be\/es\/\",\"logo\":{\"@type\":\"ImageObject\",\"inLanguage\":\"es\",\"@id\":\"https:\/\/www.daisho.be\/es\/#\/schema\/logo\/image\/\",\"url\":\"https:\/\/www.daisho.be\/wp-content\/uploads\/2019\/07\/color-nothing-horizontale4x-e1564486100247.png\",\"contentUrl\":\"https:\/\/www.daisho.be\/wp-content\/uploads\/2019\/07\/color-nothing-horizontale4x-e1564486100247.png\",\"width\":1547,\"height\":385,\"caption\":\"Daisho\"},\"image\":{\"@id\":\"https:\/\/www.daisho.be\/es\/#\/schema\/logo\/image\/\"}}]}<\/script>\n<!-- \/ Yoast SEO plugin. -->","yoast_head_json":{"title":"MOCHILA ADIDAS MULTIGAME 3.3 &#8211; Daisho","robots":{"index":"index","follow":"follow","max-snippet":"max-snippet:-1","max-image-preview":"max-image-preview:large","max-video-preview":"max-video-preview:-1"},"canonical":"https:\/\/www.daisho.be\/es\/produit\/mochila-adidas-multigame-3-3\/","og_locale":"es_ES","og_type":"article","og_title":"MOCHILA ADIDAS MULTIGAME 3.3 &#8211; Daisho","og_description":"La nueva mochila Multigame 3.3 Azul est\u00e1 dise\u00f1ada y fabricada para ofrecer las mejores condiciones para transportar todo el equipo que necesitas en la pista de p\u00e1del. El gran compartimento se puede ajustar en volumen gracias a su apertura \u00abRolltop\u00bb. Tiene un separador para un ordenador port\u00e1til y un bolsillo para objetos m\u00e1s peque\u00f1os. En [&hellip;]","og_url":"https:\/\/www.daisho.be\/es\/produit\/mochila-adidas-multigame-3-3\/","og_site_name":"Daisho","og_image":[{"width":427,"height":427,"url":"https:\/\/www.daisho.be\/wp-content\/uploads\/2026\/03\/image-16.png","type":"image\/png"}],"twitter_card":"summary_large_image","schema":{"@context":"https:\/\/schema.org","@graph":[{"@type":"WebPage","@id":"https:\/\/www.daisho.be\/es\/produit\/mochila-adidas-multigame-3-3\/","url":"https:\/\/www.daisho.be\/es\/produit\/mochila-adidas-multigame-3-3\/","name":"MOCHILA ADIDAS MULTIGAME 3.3 &#8211; Daisho","isPartOf":{"@id":"https:\/\/www.daisho.be\/es\/#website"},"primaryImageOfPage":{"@id":"https:\/\/www.daisho.be\/es\/produit\/mochila-adidas-multigame-3-3\/#primaryimage"},"image":{"@id":"https:\/\/www.daisho.be\/es\/produit\/mochila-adidas-multigame-3-3\/#primaryimage"},"thumbnailUrl":"https:\/\/www.daisho.be\/wp-content\/uploads\/2026\/03\/image-16.png","datePublished":"2026-03-03T13:43:22+00:00","breadcrumb":{"@id":"https:\/\/www.daisho.be\/es\/produit\/mochila-adidas-multigame-3-3\/#breadcrumb"},"inLanguage":"es","potentialAction":[{"@type":"ReadAction","target":["https:\/\/www.daisho.be\/es\/produit\/mochila-adidas-multigame-3-3\/"]}]},{"@type":"ImageObject","inLanguage":"es","@id":"https:\/\/www.daisho.be\/es\/produit\/mochila-adidas-multigame-3-3\/#primaryimage","url":"https:\/\/www.daisho.be\/wp-content\/uploads\/2026\/03\/image-16.png","contentUrl":"https:\/\/www.daisho.be\/wp-content\/uploads\/2026\/03\/image-16.png","width":427,"height":427,"caption":"SAC \u00c0 DOS ADIDAS MULTIGAME 3.3-1"},{"@type":"BreadcrumbList","@id":"https:\/\/www.daisho.be\/es\/produit\/mochila-adidas-multigame-3-3\/#breadcrumb","itemListElement":[{"@type":"ListItem","position":1,"name":"Accueil","item":"https:\/\/www.daisho.be\/es\/"},{"@type":"ListItem","position":2,"name":"Productos","item":"https:\/\/www.daisho.be\/es\/productos\/"},{"@type":"ListItem","position":3,"name":"Deportes de combate","item":"https:\/\/www.daisho.be\/es\/categorie-produit\/deportes-de-combate\/"},{"@type":"ListItem","position":4,"name":"Bolsas de deporte","item":"https:\/\/www.daisho.be\/es\/categorie-produit\/deportes-de-combate\/bolsas-de-deporte\/"},{"@type":"ListItem","position":5,"name":"MOCHILA ADIDAS MULTIGAME 3.3"}]},{"@type":"WebSite","@id":"https:\/\/www.daisho.be\/es\/#website","url":"https:\/\/www.daisho.be\/es\/","name":"Daisho","description":"Sp&eacute;cialiste de l'&eacute;quipement sportif d'arts martiaux","publisher":{"@id":"https:\/\/www.daisho.be\/es\/#organization"},"potentialAction":[{"@type":"SearchAction","target":{"@type":"EntryPoint","urlTemplate":"https:\/\/www.daisho.be\/es\/?s={search_term_string}"},"query-input":{"@type":"PropertyValueSpecification","valueRequired":true,"valueName":"search_term_string"}}],"inLanguage":"es"},{"@type":"Organization","@id":"https:\/\/www.daisho.be\/es\/#organization","name":"Daisho","url":"https:\/\/www.daisho.be\/es\/","logo":{"@type":"ImageObject","inLanguage":"es","@id":"https:\/\/www.daisho.be\/es\/#\/schema\/logo\/image\/","url":"https:\/\/www.daisho.be\/wp-content\/uploads\/2019\/07\/color-nothing-horizontale4x-e1564486100247.png","contentUrl":"https:\/\/www.daisho.be\/wp-content\/uploads\/2019\/07\/color-nothing-horizontale4x-e1564486100247.png","width":1547,"height":385,"caption":"Daisho"},"image":{"@id":"https:\/\/www.daisho.be\/es\/#\/schema\/logo\/image\/"}}]}},"_links":{"self":[{"href":"https:\/\/www.daisho.be\/es\/wp-json\/wp\/v2\/product\/665678","targetHints":{"allow":["GET"]}}],"collection":[{"href":"https:\/\/www.daisho.be\/es\/wp-json\/wp\/v2\/product"}],"about":[{"href":"https:\/\/www.daisho.be\/es\/wp-json\/wp\/v2\/types\/product"}],"replies":[{"embeddable":true,"href":"https:\/\/www.daisho.be\/es\/wp-json\/wp\/v2\/comments?post=665678"}],"wp:featuredmedia":[{"embeddable":true,"href":"https:\/\/www.daisho.be\/es\/wp-json\/wp\/v2\/media\/665666"}],"wp:attachment":[{"href":"https:\/\/www.daisho.be\/es\/wp-json\/wp\/v2\/media?parent=665678"}],"wp:term":[{"taxonomy":"product_brand","embeddable":true,"href":"https:\/\/www.daisho.be\/es\/wp-json\/wp\/v2\/product_brand?post=665678"},{"taxonomy":"product_cat","embeddable":true,"href":"https:\/\/www.daisho.be\/es\/wp-json\/wp\/v2\/product_cat?post=665678"},{"taxonomy":"product_tag","embeddable":true,"href":"https:\/\/www.daisho.be\/es\/wp-json\/wp\/v2\/product_tag?post=665678"},{"taxonomy":"sport","embeddable":true,"href":"https:\/\/www.daisho.be\/es\/wp-json\/wp\/v2\/sport?post=665678"}],"curies":[{"name":"wp","href":"https:\/\/api.w.org\/{rel}","templated":true}]}}