{"id":664434,"date":"2026-03-02T11:56:23","date_gmt":"2026-03-02T10:56:23","guid":{"rendered":"https:\/\/www.daisho.be\/produit\/mochila-adidas-combat-sport\/"},"modified":"2026-03-02T12:48:58","modified_gmt":"2026-03-02T11:48:58","slug":"mochila-adidas-combat-sport","status":"publish","type":"product","link":"https:\/\/www.daisho.be\/es\/produit\/mochila-adidas-combat-sport\/","title":{"rendered":"Mochila Adidas \u00abCOMBAT SPORT"},"content":{"rendered":"<p>Esta bolsa de deporte de poli\u00e9ster reciclado 600D est\u00e1 dise\u00f1ada para un uso regular, haciendo hincapi\u00e9 en la durabilidad y la funcionalidad.<\/p>\n<p>Su robusta construcci\u00f3n garantiza que resistir\u00e1 el paso del tiempo. La parte inferior antideslizante mejora la estabilidad cuando se coloca en el suelo. El cierre frontal con cremallera proporciona un acceso r\u00e1pido y f\u00e1cil al contenido.  <\/p>\n<p>La bolsa tiene un asa superior de nailon y correas de transporte para transportarla c\u00f3modamente. Los bolsillos externos de malla proporcionan ventilaci\u00f3n, ideal para el equipo mojado. <\/p>\n<p>Hay una zona dedicada en el interior donde puedes mantener organizado tu ordenador.<\/p>\n<p>Ventajas principales :<\/p>\n<p>Duradero poli\u00e9ster reciclado 600D<\/p>\n<p>Base estable antideslizante<\/p>\n<p>Compartimento interior para el ordenador<\/p>\n<p>Bolsillos de malla ventilados<\/p>\n<p>Transporte vers\u00e1til (asa + correas)<\/p>\n<p>Dimensiones : L: 57x33x23 cm<\/p>\n<p>Colores: Negro\/Blanco<\/p>\n","protected":false},"excerpt":{"rendered":"<p>Esta bolsa de deporte de poli\u00e9ster reciclado 600D est\u00e1 dise\u00f1ada para un uso regular, haciendo hincapi\u00e9 en la durabilidad y la funcionalidad. Su robusta construcci\u00f3n garantiza que resistir\u00e1 el paso del tiempo. La parte inferior antideslizante mejora la estabilidad cuando se coloca en el suelo. El cierre frontal con cremallera proporciona un acceso r\u00e1pido y [&hellip;]<\/p>\n","protected":false},"featured_media":664465,"comment_status":"open","ping_status":"closed","template":"","meta":{"inline_featured_image":false},"product_brand":[],"product_cat":[1580,1451,1585],"product_tag":[1560],"sport":[],"class_list":{"0":"post-664434","1":"product","2":"type-product","3":"status-publish","4":"has-post-thumbnail","6":"product_cat-bolsa-de-karate-adidas","7":"product_cat-bolsas-de-deporte","8":"product_cat-bolsas-de-deporte-adidas-combat","9":"product_tag-adidas-es","10":"pa_size-l","11":"pa_size-m","13":"first","14":"instock","15":"taxable","16":"shipping-taxable","17":"purchasable","18":"product-type-variable"},"yoast_head":"<!-- This site is optimized with the Yoast SEO plugin v27.2 - https:\/\/yoast.com\/product\/yoast-seo-wordpress\/ -->\n<title>Mochila Adidas &quot;COMBAT SPORT &#8211; Daisho<\/title>\n<meta name=\"description\" content=\"Bolsa de deporte de poli\u00e9ster reciclado 600D con base antideslizante, bolsillos de malla ventilados y compartimento para el port\u00e1til. Duradera y pr\u00e1ctica.\" \/>\n<meta name=\"robots\" content=\"index, follow, max-snippet:-1, max-image-preview:large, max-video-preview:-1\" \/>\n<link rel=\"canonical\" href=\"https:\/\/www.daisho.be\/es\/produit\/mochila-adidas-combat-sport\/\" \/>\n<meta property=\"og:locale\" content=\"es_ES\" \/>\n<meta property=\"og:type\" content=\"article\" \/>\n<meta property=\"og:title\" content=\"Mochila Adidas &quot;COMBAT SPORT &#8211; Daisho\" \/>\n<meta property=\"og:description\" content=\"Bolsa de deporte de poli\u00e9ster reciclado 600D con base antideslizante, bolsillos de malla ventilados y compartimento para el port\u00e1til. Duradera y pr\u00e1ctica.\" \/>\n<meta property=\"og:url\" content=\"https:\/\/www.daisho.be\/es\/produit\/mochila-adidas-combat-sport\/\" \/>\n<meta property=\"og:site_name\" content=\"Daisho\" \/>\n<meta property=\"article:modified_time\" content=\"2026-03-02T11:48:58+00:00\" \/>\n<meta property=\"og:image\" content=\"https:\/\/www.daisho.be\/wp-content\/uploads\/2026\/03\/image-12.png\" \/>\n\t<meta property=\"og:image:width\" content=\"600\" \/>\n\t<meta property=\"og:image:height\" content=\"686\" \/>\n\t<meta property=\"og:image:type\" content=\"image\/png\" \/>\n<meta name=\"twitter:card\" content=\"summary_large_image\" \/>\n<meta name=\"twitter:label1\" content=\"Tiempo de lectura\" \/>\n\t<meta name=\"twitter:data1\" content=\"1 minuto\" \/>\n<script type=\"application\/ld+json\" class=\"yoast-schema-graph\">{\"@context\":\"https:\/\/schema.org\",\"@graph\":[{\"@type\":\"WebPage\",\"@id\":\"https:\/\/www.daisho.be\/es\/produit\/mochila-adidas-combat-sport\/\",\"url\":\"https:\/\/www.daisho.be\/es\/produit\/mochila-adidas-combat-sport\/\",\"name\":\"Mochila Adidas \\\"COMBAT SPORT &#8211; Daisho\",\"isPartOf\":{\"@id\":\"https:\/\/www.daisho.be\/es\/#website\"},\"primaryImageOfPage\":{\"@id\":\"https:\/\/www.daisho.be\/es\/produit\/mochila-adidas-combat-sport\/#primaryimage\"},\"image\":{\"@id\":\"https:\/\/www.daisho.be\/es\/produit\/mochila-adidas-combat-sport\/#primaryimage\"},\"thumbnailUrl\":\"https:\/\/www.daisho.be\/wp-content\/uploads\/2026\/03\/image-12.png\",\"datePublished\":\"2026-03-02T10:56:23+00:00\",\"dateModified\":\"2026-03-02T11:48:58+00:00\",\"description\":\"Bolsa de deporte de poli\u00e9ster reciclado 600D con base antideslizante, bolsillos de malla ventilados y compartimento para el port\u00e1til. Duradera y pr\u00e1ctica.\",\"breadcrumb\":{\"@id\":\"https:\/\/www.daisho.be\/es\/produit\/mochila-adidas-combat-sport\/#breadcrumb\"},\"inLanguage\":\"es\",\"potentialAction\":[{\"@type\":\"ReadAction\",\"target\":[\"https:\/\/www.daisho.be\/es\/produit\/mochila-adidas-combat-sport\/\"]}]},{\"@type\":\"ImageObject\",\"inLanguage\":\"es\",\"@id\":\"https:\/\/www.daisho.be\/es\/produit\/mochila-adidas-combat-sport\/#primaryimage\",\"url\":\"https:\/\/www.daisho.be\/wp-content\/uploads\/2026\/03\/image-12.png\",\"contentUrl\":\"https:\/\/www.daisho.be\/wp-content\/uploads\/2026\/03\/image-12.png\",\"width\":600,\"height\":686,\"caption\":\"Mochila Adidas \\\"COMBAT SPORT\\\"-5\"},{\"@type\":\"BreadcrumbList\",\"@id\":\"https:\/\/www.daisho.be\/es\/produit\/mochila-adidas-combat-sport\/#breadcrumb\",\"itemListElement\":[{\"@type\":\"ListItem\",\"position\":1,\"name\":\"Accueil\",\"item\":\"https:\/\/www.daisho.be\/es\/\"},{\"@type\":\"ListItem\",\"position\":2,\"name\":\"Productos\",\"item\":\"https:\/\/www.daisho.be\/es\/productos\/\"},{\"@type\":\"ListItem\",\"position\":3,\"name\":\"ADIDAS COMBAT SPORTS\",\"item\":\"https:\/\/www.daisho.be\/es\/categorie-produit\/adidas-combat-sports-es\/\"},{\"@type\":\"ListItem\",\"position\":4,\"name\":\"Karate\",\"item\":\"https:\/\/www.daisho.be\/es\/categorie-produit\/adidas-combat-sports-es\/karate-es\/\"},{\"@type\":\"ListItem\",\"position\":5,\"name\":\"Bolsa de k\u00e1rate Adidas\",\"item\":\"https:\/\/www.daisho.be\/es\/categorie-produit\/adidas-combat-sports-es\/karate-es\/bolsa-de-karate-adidas\/\"},{\"@type\":\"ListItem\",\"position\":6,\"name\":\"Mochila Adidas \u00abCOMBAT SPORT\"}]},{\"@type\":\"WebSite\",\"@id\":\"https:\/\/www.daisho.be\/es\/#website\",\"url\":\"https:\/\/www.daisho.be\/es\/\",\"name\":\"Daisho\",\"description\":\"Sp&eacute;cialiste de l'&eacute;quipement sportif d'arts martiaux\",\"publisher\":{\"@id\":\"https:\/\/www.daisho.be\/es\/#organization\"},\"potentialAction\":[{\"@type\":\"SearchAction\",\"target\":{\"@type\":\"EntryPoint\",\"urlTemplate\":\"https:\/\/www.daisho.be\/es\/?s={search_term_string}\"},\"query-input\":{\"@type\":\"PropertyValueSpecification\",\"valueRequired\":true,\"valueName\":\"search_term_string\"}}],\"inLanguage\":\"es\"},{\"@type\":\"Organization\",\"@id\":\"https:\/\/www.daisho.be\/es\/#organization\",\"name\":\"Daisho\",\"url\":\"https:\/\/www.daisho.be\/es\/\",\"logo\":{\"@type\":\"ImageObject\",\"inLanguage\":\"es\",\"@id\":\"https:\/\/www.daisho.be\/es\/#\/schema\/logo\/image\/\",\"url\":\"https:\/\/www.daisho.be\/wp-content\/uploads\/2019\/07\/color-nothing-horizontale4x-e1564486100247.png\",\"contentUrl\":\"https:\/\/www.daisho.be\/wp-content\/uploads\/2019\/07\/color-nothing-horizontale4x-e1564486100247.png\",\"width\":1547,\"height\":385,\"caption\":\"Daisho\"},\"image\":{\"@id\":\"https:\/\/www.daisho.be\/es\/#\/schema\/logo\/image\/\"}}]}<\/script>\n<!-- \/ Yoast SEO plugin. -->","yoast_head_json":{"title":"Mochila Adidas \"COMBAT SPORT &#8211; Daisho","description":"Bolsa de deporte de poli\u00e9ster reciclado 600D con base antideslizante, bolsillos de malla ventilados y compartimento para el port\u00e1til. Duradera y pr\u00e1ctica.","robots":{"index":"index","follow":"follow","max-snippet":"max-snippet:-1","max-image-preview":"max-image-preview:large","max-video-preview":"max-video-preview:-1"},"canonical":"https:\/\/www.daisho.be\/es\/produit\/mochila-adidas-combat-sport\/","og_locale":"es_ES","og_type":"article","og_title":"Mochila Adidas \"COMBAT SPORT &#8211; Daisho","og_description":"Bolsa de deporte de poli\u00e9ster reciclado 600D con base antideslizante, bolsillos de malla ventilados y compartimento para el port\u00e1til. Duradera y pr\u00e1ctica.","og_url":"https:\/\/www.daisho.be\/es\/produit\/mochila-adidas-combat-sport\/","og_site_name":"Daisho","article_modified_time":"2026-03-02T11:48:58+00:00","og_image":[{"width":600,"height":686,"url":"https:\/\/www.daisho.be\/wp-content\/uploads\/2026\/03\/image-12.png","type":"image\/png"}],"twitter_card":"summary_large_image","twitter_misc":{"Tiempo de lectura":"1 minuto"},"schema":{"@context":"https:\/\/schema.org","@graph":[{"@type":"WebPage","@id":"https:\/\/www.daisho.be\/es\/produit\/mochila-adidas-combat-sport\/","url":"https:\/\/www.daisho.be\/es\/produit\/mochila-adidas-combat-sport\/","name":"Mochila Adidas \"COMBAT SPORT &#8211; Daisho","isPartOf":{"@id":"https:\/\/www.daisho.be\/es\/#website"},"primaryImageOfPage":{"@id":"https:\/\/www.daisho.be\/es\/produit\/mochila-adidas-combat-sport\/#primaryimage"},"image":{"@id":"https:\/\/www.daisho.be\/es\/produit\/mochila-adidas-combat-sport\/#primaryimage"},"thumbnailUrl":"https:\/\/www.daisho.be\/wp-content\/uploads\/2026\/03\/image-12.png","datePublished":"2026-03-02T10:56:23+00:00","dateModified":"2026-03-02T11:48:58+00:00","description":"Bolsa de deporte de poli\u00e9ster reciclado 600D con base antideslizante, bolsillos de malla ventilados y compartimento para el port\u00e1til. Duradera y pr\u00e1ctica.","breadcrumb":{"@id":"https:\/\/www.daisho.be\/es\/produit\/mochila-adidas-combat-sport\/#breadcrumb"},"inLanguage":"es","potentialAction":[{"@type":"ReadAction","target":["https:\/\/www.daisho.be\/es\/produit\/mochila-adidas-combat-sport\/"]}]},{"@type":"ImageObject","inLanguage":"es","@id":"https:\/\/www.daisho.be\/es\/produit\/mochila-adidas-combat-sport\/#primaryimage","url":"https:\/\/www.daisho.be\/wp-content\/uploads\/2026\/03\/image-12.png","contentUrl":"https:\/\/www.daisho.be\/wp-content\/uploads\/2026\/03\/image-12.png","width":600,"height":686,"caption":"Mochila Adidas \"COMBAT SPORT\"-5"},{"@type":"BreadcrumbList","@id":"https:\/\/www.daisho.be\/es\/produit\/mochila-adidas-combat-sport\/#breadcrumb","itemListElement":[{"@type":"ListItem","position":1,"name":"Accueil","item":"https:\/\/www.daisho.be\/es\/"},{"@type":"ListItem","position":2,"name":"Productos","item":"https:\/\/www.daisho.be\/es\/productos\/"},{"@type":"ListItem","position":3,"name":"ADIDAS COMBAT SPORTS","item":"https:\/\/www.daisho.be\/es\/categorie-produit\/adidas-combat-sports-es\/"},{"@type":"ListItem","position":4,"name":"Karate","item":"https:\/\/www.daisho.be\/es\/categorie-produit\/adidas-combat-sports-es\/karate-es\/"},{"@type":"ListItem","position":5,"name":"Bolsa de k\u00e1rate Adidas","item":"https:\/\/www.daisho.be\/es\/categorie-produit\/adidas-combat-sports-es\/karate-es\/bolsa-de-karate-adidas\/"},{"@type":"ListItem","position":6,"name":"Mochila Adidas \u00abCOMBAT SPORT"}]},{"@type":"WebSite","@id":"https:\/\/www.daisho.be\/es\/#website","url":"https:\/\/www.daisho.be\/es\/","name":"Daisho","description":"Sp&eacute;cialiste de l'&eacute;quipement sportif d'arts martiaux","publisher":{"@id":"https:\/\/www.daisho.be\/es\/#organization"},"potentialAction":[{"@type":"SearchAction","target":{"@type":"EntryPoint","urlTemplate":"https:\/\/www.daisho.be\/es\/?s={search_term_string}"},"query-input":{"@type":"PropertyValueSpecification","valueRequired":true,"valueName":"search_term_string"}}],"inLanguage":"es"},{"@type":"Organization","@id":"https:\/\/www.daisho.be\/es\/#organization","name":"Daisho","url":"https:\/\/www.daisho.be\/es\/","logo":{"@type":"ImageObject","inLanguage":"es","@id":"https:\/\/www.daisho.be\/es\/#\/schema\/logo\/image\/","url":"https:\/\/www.daisho.be\/wp-content\/uploads\/2019\/07\/color-nothing-horizontale4x-e1564486100247.png","contentUrl":"https:\/\/www.daisho.be\/wp-content\/uploads\/2019\/07\/color-nothing-horizontale4x-e1564486100247.png","width":1547,"height":385,"caption":"Daisho"},"image":{"@id":"https:\/\/www.daisho.be\/es\/#\/schema\/logo\/image\/"}}]}},"_links":{"self":[{"href":"https:\/\/www.daisho.be\/es\/wp-json\/wp\/v2\/product\/664434","targetHints":{"allow":["GET"]}}],"collection":[{"href":"https:\/\/www.daisho.be\/es\/wp-json\/wp\/v2\/product"}],"about":[{"href":"https:\/\/www.daisho.be\/es\/wp-json\/wp\/v2\/types\/product"}],"replies":[{"embeddable":true,"href":"https:\/\/www.daisho.be\/es\/wp-json\/wp\/v2\/comments?post=664434"}],"wp:featuredmedia":[{"embeddable":true,"href":"https:\/\/www.daisho.be\/es\/wp-json\/wp\/v2\/media\/664465"}],"wp:attachment":[{"href":"https:\/\/www.daisho.be\/es\/wp-json\/wp\/v2\/media?parent=664434"}],"wp:term":[{"taxonomy":"product_brand","embeddable":true,"href":"https:\/\/www.daisho.be\/es\/wp-json\/wp\/v2\/product_brand?post=664434"},{"taxonomy":"product_cat","embeddable":true,"href":"https:\/\/www.daisho.be\/es\/wp-json\/wp\/v2\/product_cat?post=664434"},{"taxonomy":"product_tag","embeddable":true,"href":"https:\/\/www.daisho.be\/es\/wp-json\/wp\/v2\/product_tag?post=664434"},{"taxonomy":"sport","embeddable":true,"href":"https:\/\/www.daisho.be\/es\/wp-json\/wp\/v2\/sport?post=664434"}],"curies":[{"name":"wp","href":"https:\/\/api.w.org\/{rel}","templated":true}]}}