{"id":656561,"date":"2026-01-29T15:43:35","date_gmt":"2026-01-29T14:43:35","guid":{"rendered":"https:\/\/www.daisho.be\/produit\/mochila-entrenamiento-45-l\/"},"modified":"2026-02-17T17:35:24","modified_gmt":"2026-02-17T16:35:24","slug":"mochila-entrenamiento-45-l","status":"publish","type":"product","link":"https:\/\/www.daisho.be\/es\/produit\/mochila-entrenamiento-45-l\/","title":{"rendered":"Mochila entrenamiento 45 l"},"content":{"rendered":"<p style=\"font-weight: 400\">Bolsa de deporte dise\u00f1ada principalmente para que los deportistas lleven todo lo que necesitan para entrenar o competir, gracias a sus m\u00faltiples compartimentos individuales para una organizaci\u00f3n \u00f3ptima.<\/p>\n<p style=\"font-weight: 400\">Las correas de los hombros son ajustables y est\u00e1n reforzadas. La bolsa es impermeable y muy resistente. Puedes personalizarla con parches de Velcro\u00ae.  <\/p>\n<p style=\"font-weight: 400\">Capacidad: 45 L (2 grandes compartimentos con cremallera + 2 bolsillos delanteros con cremallera + 1 bolsillo trasero con velcro\u00ae + m\u00faltiples bolsillos interiores).<\/p>\n<ul>\n<li>Longitud: 48 cm<\/li>\n<li>Anchura: 31 cm<\/li>\n<li>Peso : 1,5 kg<\/li>\n<li>Composici\u00f3n: tejido Oxford<\/li>\n<li>Poli\u00e9ster<\/li>\n<\/ul>\n","protected":false},"excerpt":{"rendered":"<p>Bolsa de deporte dise\u00f1ada principalmente para que los deportistas lleven todo lo que necesitan para entrenar o competir, gracias a sus m\u00faltiples compartimentos individuales para una organizaci\u00f3n \u00f3ptima. Las correas de los hombros son ajustables y est\u00e1n reforzadas. La bolsa es impermeable y muy resistente. Puedes personalizarla con parches de Velcro\u00ae. Capacidad: 45 L (2 [&hellip;]<\/p>\n","protected":false},"featured_media":662085,"comment_status":"open","ping_status":"closed","template":"","meta":{"inline_featured_image":false},"product_brand":[],"product_cat":[1451],"product_tag":[1532],"sport":[],"class_list":{"0":"post-656561","1":"product","2":"type-product","3":"status-publish","4":"has-post-thumbnail","6":"product_cat-bolsas-de-deporte","7":"product_tag-sveltus-es","8":"pa_size-sans-taille-defaut","10":"first","11":"instock","12":"taxable","13":"shipping-taxable","14":"purchasable","15":"product-type-variable"},"yoast_head":"<!-- This site is optimized with the Yoast SEO plugin v27.2 - https:\/\/yoast.com\/product\/yoast-seo-wordpress\/ -->\n<title>Mochila entrenamiento 45 l &#8211; Daisho<\/title>\n<meta name=\"description\" content=\"Una bolsa de deporte con m\u00faltiples compartimentos individuales para llevar todo tu equipo. Encu\u00e9ntralo en www.daisho.be | Daisho\" \/>\n<meta name=\"robots\" content=\"index, follow, max-snippet:-1, max-image-preview:large, max-video-preview:-1\" \/>\n<link rel=\"canonical\" href=\"https:\/\/www.daisho.be\/es\/produit\/mochila-entrenamiento-45-l\/\" \/>\n<meta property=\"og:locale\" content=\"es_ES\" \/>\n<meta property=\"og:type\" content=\"article\" \/>\n<meta property=\"og:title\" content=\"Mochila entrenamiento 45 l &#8211; Daisho\" \/>\n<meta property=\"og:description\" content=\"Una bolsa de deporte con m\u00faltiples compartimentos individuales para llevar todo tu equipo. Encu\u00e9ntralo en www.daisho.be | Daisho\" \/>\n<meta property=\"og:url\" content=\"https:\/\/www.daisho.be\/es\/produit\/mochila-entrenamiento-45-l\/\" \/>\n<meta property=\"og:site_name\" content=\"Daisho\" \/>\n<meta property=\"article:modified_time\" content=\"2026-02-17T16:35:24+00:00\" \/>\n<meta property=\"og:image\" content=\"https:\/\/www.daisho.be\/wp-content\/uploads\/2026\/01\/image-180.jpg\" \/>\n\t<meta property=\"og:image:width\" content=\"560\" \/>\n\t<meta property=\"og:image:height\" content=\"640\" \/>\n\t<meta property=\"og:image:type\" content=\"image\/jpeg\" \/>\n<meta name=\"twitter:card\" content=\"summary_large_image\" \/>\n<script type=\"application\/ld+json\" class=\"yoast-schema-graph\">{\"@context\":\"https:\/\/schema.org\",\"@graph\":[{\"@type\":\"WebPage\",\"@id\":\"https:\/\/www.daisho.be\/es\/produit\/mochila-entrenamiento-45-l\/\",\"url\":\"https:\/\/www.daisho.be\/es\/produit\/mochila-entrenamiento-45-l\/\",\"name\":\"Mochila entrenamiento 45 l &#8211; Daisho\",\"isPartOf\":{\"@id\":\"https:\/\/www.daisho.be\/es\/#website\"},\"primaryImageOfPage\":{\"@id\":\"https:\/\/www.daisho.be\/es\/produit\/mochila-entrenamiento-45-l\/#primaryimage\"},\"image\":{\"@id\":\"https:\/\/www.daisho.be\/es\/produit\/mochila-entrenamiento-45-l\/#primaryimage\"},\"thumbnailUrl\":\"https:\/\/www.daisho.be\/wp-content\/uploads\/2026\/01\/image-180.jpg\",\"datePublished\":\"2026-01-29T14:43:35+00:00\",\"dateModified\":\"2026-02-17T16:35:24+00:00\",\"description\":\"Una bolsa de deporte con m\u00faltiples compartimentos individuales para llevar todo tu equipo. Encu\u00e9ntralo en www.daisho.be | Daisho\",\"breadcrumb\":{\"@id\":\"https:\/\/www.daisho.be\/es\/produit\/mochila-entrenamiento-45-l\/#breadcrumb\"},\"inLanguage\":\"es\",\"potentialAction\":[{\"@type\":\"ReadAction\",\"target\":[\"https:\/\/www.daisho.be\/es\/produit\/mochila-entrenamiento-45-l\/\"]}]},{\"@type\":\"ImageObject\",\"inLanguage\":\"es\",\"@id\":\"https:\/\/www.daisho.be\/es\/produit\/mochila-entrenamiento-45-l\/#primaryimage\",\"url\":\"https:\/\/www.daisho.be\/wp-content\/uploads\/2026\/01\/image-180.jpg\",\"contentUrl\":\"https:\/\/www.daisho.be\/wp-content\/uploads\/2026\/01\/image-180.jpg\",\"width\":560,\"height\":640,\"caption\":\"Entrenamiento con mochila 45 l-1\"},{\"@type\":\"BreadcrumbList\",\"@id\":\"https:\/\/www.daisho.be\/es\/produit\/mochila-entrenamiento-45-l\/#breadcrumb\",\"itemListElement\":[{\"@type\":\"ListItem\",\"position\":1,\"name\":\"Accueil\",\"item\":\"https:\/\/www.daisho.be\/es\/\"},{\"@type\":\"ListItem\",\"position\":2,\"name\":\"Productos\",\"item\":\"https:\/\/www.daisho.be\/es\/productos\/\"},{\"@type\":\"ListItem\",\"position\":3,\"name\":\"Deportes de combate\",\"item\":\"https:\/\/www.daisho.be\/es\/categorie-produit\/deportes-de-combate\/\"},{\"@type\":\"ListItem\",\"position\":4,\"name\":\"Bolsas de deporte\",\"item\":\"https:\/\/www.daisho.be\/es\/categorie-produit\/deportes-de-combate\/bolsas-de-deporte\/\"},{\"@type\":\"ListItem\",\"position\":5,\"name\":\"Mochila entrenamiento 45 l\"}]},{\"@type\":\"WebSite\",\"@id\":\"https:\/\/www.daisho.be\/es\/#website\",\"url\":\"https:\/\/www.daisho.be\/es\/\",\"name\":\"Daisho\",\"description\":\"Sp&eacute;cialiste de l'&eacute;quipement sportif d'arts martiaux\",\"publisher\":{\"@id\":\"https:\/\/www.daisho.be\/es\/#organization\"},\"potentialAction\":[{\"@type\":\"SearchAction\",\"target\":{\"@type\":\"EntryPoint\",\"urlTemplate\":\"https:\/\/www.daisho.be\/es\/?s={search_term_string}\"},\"query-input\":{\"@type\":\"PropertyValueSpecification\",\"valueRequired\":true,\"valueName\":\"search_term_string\"}}],\"inLanguage\":\"es\"},{\"@type\":\"Organization\",\"@id\":\"https:\/\/www.daisho.be\/es\/#organization\",\"name\":\"Daisho\",\"url\":\"https:\/\/www.daisho.be\/es\/\",\"logo\":{\"@type\":\"ImageObject\",\"inLanguage\":\"es\",\"@id\":\"https:\/\/www.daisho.be\/es\/#\/schema\/logo\/image\/\",\"url\":\"https:\/\/www.daisho.be\/wp-content\/uploads\/2019\/07\/color-nothing-horizontale4x-e1564486100247.png\",\"contentUrl\":\"https:\/\/www.daisho.be\/wp-content\/uploads\/2019\/07\/color-nothing-horizontale4x-e1564486100247.png\",\"width\":1547,\"height\":385,\"caption\":\"Daisho\"},\"image\":{\"@id\":\"https:\/\/www.daisho.be\/es\/#\/schema\/logo\/image\/\"}}]}<\/script>\n<!-- \/ Yoast SEO plugin. -->","yoast_head_json":{"title":"Mochila entrenamiento 45 l &#8211; Daisho","description":"Una bolsa de deporte con m\u00faltiples compartimentos individuales para llevar todo tu equipo. Encu\u00e9ntralo en www.daisho.be | Daisho","robots":{"index":"index","follow":"follow","max-snippet":"max-snippet:-1","max-image-preview":"max-image-preview:large","max-video-preview":"max-video-preview:-1"},"canonical":"https:\/\/www.daisho.be\/es\/produit\/mochila-entrenamiento-45-l\/","og_locale":"es_ES","og_type":"article","og_title":"Mochila entrenamiento 45 l &#8211; Daisho","og_description":"Una bolsa de deporte con m\u00faltiples compartimentos individuales para llevar todo tu equipo. Encu\u00e9ntralo en www.daisho.be | Daisho","og_url":"https:\/\/www.daisho.be\/es\/produit\/mochila-entrenamiento-45-l\/","og_site_name":"Daisho","article_modified_time":"2026-02-17T16:35:24+00:00","og_image":[{"width":560,"height":640,"url":"https:\/\/www.daisho.be\/wp-content\/uploads\/2026\/01\/image-180.jpg","type":"image\/jpeg"}],"twitter_card":"summary_large_image","schema":{"@context":"https:\/\/schema.org","@graph":[{"@type":"WebPage","@id":"https:\/\/www.daisho.be\/es\/produit\/mochila-entrenamiento-45-l\/","url":"https:\/\/www.daisho.be\/es\/produit\/mochila-entrenamiento-45-l\/","name":"Mochila entrenamiento 45 l &#8211; Daisho","isPartOf":{"@id":"https:\/\/www.daisho.be\/es\/#website"},"primaryImageOfPage":{"@id":"https:\/\/www.daisho.be\/es\/produit\/mochila-entrenamiento-45-l\/#primaryimage"},"image":{"@id":"https:\/\/www.daisho.be\/es\/produit\/mochila-entrenamiento-45-l\/#primaryimage"},"thumbnailUrl":"https:\/\/www.daisho.be\/wp-content\/uploads\/2026\/01\/image-180.jpg","datePublished":"2026-01-29T14:43:35+00:00","dateModified":"2026-02-17T16:35:24+00:00","description":"Una bolsa de deporte con m\u00faltiples compartimentos individuales para llevar todo tu equipo. Encu\u00e9ntralo en www.daisho.be | Daisho","breadcrumb":{"@id":"https:\/\/www.daisho.be\/es\/produit\/mochila-entrenamiento-45-l\/#breadcrumb"},"inLanguage":"es","potentialAction":[{"@type":"ReadAction","target":["https:\/\/www.daisho.be\/es\/produit\/mochila-entrenamiento-45-l\/"]}]},{"@type":"ImageObject","inLanguage":"es","@id":"https:\/\/www.daisho.be\/es\/produit\/mochila-entrenamiento-45-l\/#primaryimage","url":"https:\/\/www.daisho.be\/wp-content\/uploads\/2026\/01\/image-180.jpg","contentUrl":"https:\/\/www.daisho.be\/wp-content\/uploads\/2026\/01\/image-180.jpg","width":560,"height":640,"caption":"Entrenamiento con mochila 45 l-1"},{"@type":"BreadcrumbList","@id":"https:\/\/www.daisho.be\/es\/produit\/mochila-entrenamiento-45-l\/#breadcrumb","itemListElement":[{"@type":"ListItem","position":1,"name":"Accueil","item":"https:\/\/www.daisho.be\/es\/"},{"@type":"ListItem","position":2,"name":"Productos","item":"https:\/\/www.daisho.be\/es\/productos\/"},{"@type":"ListItem","position":3,"name":"Deportes de combate","item":"https:\/\/www.daisho.be\/es\/categorie-produit\/deportes-de-combate\/"},{"@type":"ListItem","position":4,"name":"Bolsas de deporte","item":"https:\/\/www.daisho.be\/es\/categorie-produit\/deportes-de-combate\/bolsas-de-deporte\/"},{"@type":"ListItem","position":5,"name":"Mochila entrenamiento 45 l"}]},{"@type":"WebSite","@id":"https:\/\/www.daisho.be\/es\/#website","url":"https:\/\/www.daisho.be\/es\/","name":"Daisho","description":"Sp&eacute;cialiste de l'&eacute;quipement sportif d'arts martiaux","publisher":{"@id":"https:\/\/www.daisho.be\/es\/#organization"},"potentialAction":[{"@type":"SearchAction","target":{"@type":"EntryPoint","urlTemplate":"https:\/\/www.daisho.be\/es\/?s={search_term_string}"},"query-input":{"@type":"PropertyValueSpecification","valueRequired":true,"valueName":"search_term_string"}}],"inLanguage":"es"},{"@type":"Organization","@id":"https:\/\/www.daisho.be\/es\/#organization","name":"Daisho","url":"https:\/\/www.daisho.be\/es\/","logo":{"@type":"ImageObject","inLanguage":"es","@id":"https:\/\/www.daisho.be\/es\/#\/schema\/logo\/image\/","url":"https:\/\/www.daisho.be\/wp-content\/uploads\/2019\/07\/color-nothing-horizontale4x-e1564486100247.png","contentUrl":"https:\/\/www.daisho.be\/wp-content\/uploads\/2019\/07\/color-nothing-horizontale4x-e1564486100247.png","width":1547,"height":385,"caption":"Daisho"},"image":{"@id":"https:\/\/www.daisho.be\/es\/#\/schema\/logo\/image\/"}}]}},"_links":{"self":[{"href":"https:\/\/www.daisho.be\/es\/wp-json\/wp\/v2\/product\/656561","targetHints":{"allow":["GET"]}}],"collection":[{"href":"https:\/\/www.daisho.be\/es\/wp-json\/wp\/v2\/product"}],"about":[{"href":"https:\/\/www.daisho.be\/es\/wp-json\/wp\/v2\/types\/product"}],"replies":[{"embeddable":true,"href":"https:\/\/www.daisho.be\/es\/wp-json\/wp\/v2\/comments?post=656561"}],"wp:featuredmedia":[{"embeddable":true,"href":"https:\/\/www.daisho.be\/es\/wp-json\/wp\/v2\/media\/662085"}],"wp:attachment":[{"href":"https:\/\/www.daisho.be\/es\/wp-json\/wp\/v2\/media?parent=656561"}],"wp:term":[{"taxonomy":"product_brand","embeddable":true,"href":"https:\/\/www.daisho.be\/es\/wp-json\/wp\/v2\/product_brand?post=656561"},{"taxonomy":"product_cat","embeddable":true,"href":"https:\/\/www.daisho.be\/es\/wp-json\/wp\/v2\/product_cat?post=656561"},{"taxonomy":"product_tag","embeddable":true,"href":"https:\/\/www.daisho.be\/es\/wp-json\/wp\/v2\/product_tag?post=656561"},{"taxonomy":"sport","embeddable":true,"href":"https:\/\/www.daisho.be\/es\/wp-json\/wp\/v2\/sport?post=656561"}],"curies":[{"name":"wp","href":"https:\/\/api.w.org\/{rel}","templated":true}]}}