{"id":652112,"date":"2026-01-10T15:55:23","date_gmt":"2026-01-10T14:55:23","guid":{"rendered":"https:\/\/www.daisho.be\/produit\/lycra-adidas-mc-judo-rashguard\/"},"modified":"2026-02-17T18:05:30","modified_gmt":"2026-02-17T17:05:30","slug":"lycra-adidas-mc-judo-rashguard","status":"publish","type":"product","link":"https:\/\/www.daisho.be\/es\/produit\/lycra-adidas-mc-judo-rashguard\/","title":{"rendered":"Lycra adidas MC Judo Rashguard"},"content":{"rendered":"<p>100% licra de entrenamiento de poli\u00e9ster ultraextensible<\/p>\n<p>La forma facilita de forma natural la circulaci\u00f3n sangu\u00ednea<\/p>\n<p>Ayuda a mejorar el rendimiento<\/p>\n<p>Tallas: XS &#8211; S &#8211; M &#8211; L &#8211; XL &#8211; 2XL.<\/p>\n<p>Sujeto a disponibilidad en tienda.<\/p>\n","protected":false},"excerpt":{"rendered":"<p>100% licra de entrenamiento de poli\u00e9ster ultraextensible La forma facilita de forma natural la circulaci\u00f3n sangu\u00ednea Ayuda a mejorar el rendimiento Tallas: XS &#8211; S &#8211; M &#8211; L &#8211; XL &#8211; 2XL. Sujeto a disponibilidad en tienda.<\/p>\n","protected":false},"featured_media":662166,"comment_status":"open","ping_status":"closed","template":"","meta":{"inline_featured_image":false},"product_brand":[],"product_cat":[1388,1694,1390,1576],"product_tag":[1560],"sport":[],"class_list":{"0":"post-652112","1":"product","2":"type-product","3":"status-publish","4":"has-post-thumbnail","6":"product_cat-ropa","7":"product_cat-ropa-adidas-para-mma","8":"product_cat-ropa-de-karate","9":"product_cat-ropa-de-karate-adidas","10":"product_tag-adidas-es","11":"pa_size-l","12":"pa_size-m","13":"pa_size-s","14":"pa_size-xl","15":"pa_size-xs","16":"pa_size-xxl","18":"first","19":"instock","20":"taxable","21":"shipping-taxable","22":"purchasable","23":"product-type-variable"},"yoast_head":"<!-- This site is optimized with the Yoast SEO plugin v27.2 - https:\/\/yoast.com\/product\/yoast-seo-wordpress\/ -->\n<title>Lycra adidas MC Judo Rashguard &#8211; Daisho<\/title>\n<meta name=\"description\" content=\"Camiseta de entrenamiento ultra el\u00e1stica de licra 100% poli\u00e9ster con una forma que facilita la circulaci\u00f3n sangu\u00ednea. Encu\u00e9ntralo en www.daisho.be | Daisho\" \/>\n<meta name=\"robots\" content=\"index, follow, max-snippet:-1, max-image-preview:large, max-video-preview:-1\" \/>\n<link rel=\"canonical\" href=\"https:\/\/www.daisho.be\/es\/produit\/lycra-adidas-mc-judo-rashguard\/\" \/>\n<meta property=\"og:locale\" content=\"es_ES\" \/>\n<meta property=\"og:type\" content=\"article\" \/>\n<meta property=\"og:title\" content=\"Lycra adidas MC Judo Rashguard &#8211; Daisho\" \/>\n<meta property=\"og:description\" content=\"Camiseta de entrenamiento ultra el\u00e1stica de licra 100% poli\u00e9ster con una forma que facilita la circulaci\u00f3n sangu\u00ednea. Encu\u00e9ntralo en www.daisho.be | Daisho\" \/>\n<meta property=\"og:url\" content=\"https:\/\/www.daisho.be\/es\/produit\/lycra-adidas-mc-judo-rashguard\/\" \/>\n<meta property=\"og:site_name\" content=\"Daisho\" \/>\n<meta property=\"article:modified_time\" content=\"2026-02-17T17:05:30+00:00\" \/>\n<meta property=\"og:image\" content=\"https:\/\/www.daisho.be\/wp-content\/uploads\/2026\/01\/image-23.png\" \/>\n\t<meta property=\"og:image:width\" content=\"610\" \/>\n\t<meta property=\"og:image:height\" content=\"662\" \/>\n\t<meta property=\"og:image:type\" content=\"image\/png\" \/>\n<meta name=\"twitter:card\" content=\"summary_large_image\" \/>\n<script type=\"application\/ld+json\" class=\"yoast-schema-graph\">{\"@context\":\"https:\/\/schema.org\",\"@graph\":[{\"@type\":\"WebPage\",\"@id\":\"https:\/\/www.daisho.be\/es\/produit\/lycra-adidas-mc-judo-rashguard\/\",\"url\":\"https:\/\/www.daisho.be\/es\/produit\/lycra-adidas-mc-judo-rashguard\/\",\"name\":\"Lycra adidas MC Judo Rashguard &#8211; Daisho\",\"isPartOf\":{\"@id\":\"https:\/\/www.daisho.be\/es\/#website\"},\"primaryImageOfPage\":{\"@id\":\"https:\/\/www.daisho.be\/es\/produit\/lycra-adidas-mc-judo-rashguard\/#primaryimage\"},\"image\":{\"@id\":\"https:\/\/www.daisho.be\/es\/produit\/lycra-adidas-mc-judo-rashguard\/#primaryimage\"},\"thumbnailUrl\":\"https:\/\/www.daisho.be\/wp-content\/uploads\/2026\/01\/image-23.png\",\"datePublished\":\"2026-01-10T14:55:23+00:00\",\"dateModified\":\"2026-02-17T17:05:30+00:00\",\"description\":\"Camiseta de entrenamiento ultra el\u00e1stica de licra 100% poli\u00e9ster con una forma que facilita la circulaci\u00f3n sangu\u00ednea. Encu\u00e9ntralo en www.daisho.be | Daisho\",\"breadcrumb\":{\"@id\":\"https:\/\/www.daisho.be\/es\/produit\/lycra-adidas-mc-judo-rashguard\/#breadcrumb\"},\"inLanguage\":\"es\",\"potentialAction\":[{\"@type\":\"ReadAction\",\"target\":[\"https:\/\/www.daisho.be\/es\/produit\/lycra-adidas-mc-judo-rashguard\/\"]}]},{\"@type\":\"ImageObject\",\"inLanguage\":\"es\",\"@id\":\"https:\/\/www.daisho.be\/es\/produit\/lycra-adidas-mc-judo-rashguard\/#primaryimage\",\"url\":\"https:\/\/www.daisho.be\/wp-content\/uploads\/2026\/01\/image-23.png\",\"contentUrl\":\"https:\/\/www.daisho.be\/wp-content\/uploads\/2026\/01\/image-23.png\",\"width\":610,\"height\":662,\"caption\":\"lycra adidas MC judo rashguard-1\"},{\"@type\":\"BreadcrumbList\",\"@id\":\"https:\/\/www.daisho.be\/es\/produit\/lycra-adidas-mc-judo-rashguard\/#breadcrumb\",\"itemListElement\":[{\"@type\":\"ListItem\",\"position\":1,\"name\":\"Accueil\",\"item\":\"https:\/\/www.daisho.be\/es\/\"},{\"@type\":\"ListItem\",\"position\":2,\"name\":\"Productos\",\"item\":\"https:\/\/www.daisho.be\/es\/productos\/\"},{\"@type\":\"ListItem\",\"position\":3,\"name\":\"ADIDAS COMBAT SPORTS\",\"item\":\"https:\/\/www.daisho.be\/es\/categorie-produit\/adidas-combat-sports-es\/\"},{\"@type\":\"ListItem\",\"position\":4,\"name\":\"MMA\",\"item\":\"https:\/\/www.daisho.be\/es\/categorie-produit\/adidas-combat-sports-es\/mma-es-2\/\"},{\"@type\":\"ListItem\",\"position\":5,\"name\":\"Ropa Adidas para MMA\",\"item\":\"https:\/\/www.daisho.be\/es\/categorie-produit\/adidas-combat-sports-es\/mma-es-2\/ropa-adidas-para-mma\/\"},{\"@type\":\"ListItem\",\"position\":6,\"name\":\"Lycra adidas MC Judo Rashguard\"}]},{\"@type\":\"WebSite\",\"@id\":\"https:\/\/www.daisho.be\/es\/#website\",\"url\":\"https:\/\/www.daisho.be\/es\/\",\"name\":\"Daisho\",\"description\":\"Sp&eacute;cialiste de l'&eacute;quipement sportif d'arts martiaux\",\"publisher\":{\"@id\":\"https:\/\/www.daisho.be\/es\/#organization\"},\"potentialAction\":[{\"@type\":\"SearchAction\",\"target\":{\"@type\":\"EntryPoint\",\"urlTemplate\":\"https:\/\/www.daisho.be\/es\/?s={search_term_string}\"},\"query-input\":{\"@type\":\"PropertyValueSpecification\",\"valueRequired\":true,\"valueName\":\"search_term_string\"}}],\"inLanguage\":\"es\"},{\"@type\":\"Organization\",\"@id\":\"https:\/\/www.daisho.be\/es\/#organization\",\"name\":\"Daisho\",\"url\":\"https:\/\/www.daisho.be\/es\/\",\"logo\":{\"@type\":\"ImageObject\",\"inLanguage\":\"es\",\"@id\":\"https:\/\/www.daisho.be\/es\/#\/schema\/logo\/image\/\",\"url\":\"https:\/\/www.daisho.be\/wp-content\/uploads\/2019\/07\/color-nothing-horizontale4x-e1564486100247.png\",\"contentUrl\":\"https:\/\/www.daisho.be\/wp-content\/uploads\/2019\/07\/color-nothing-horizontale4x-e1564486100247.png\",\"width\":1547,\"height\":385,\"caption\":\"Daisho\"},\"image\":{\"@id\":\"https:\/\/www.daisho.be\/es\/#\/schema\/logo\/image\/\"}}]}<\/script>\n<!-- \/ Yoast SEO plugin. -->","yoast_head_json":{"title":"Lycra adidas MC Judo Rashguard &#8211; Daisho","description":"Camiseta de entrenamiento ultra el\u00e1stica de licra 100% poli\u00e9ster con una forma que facilita la circulaci\u00f3n sangu\u00ednea. Encu\u00e9ntralo en www.daisho.be | Daisho","robots":{"index":"index","follow":"follow","max-snippet":"max-snippet:-1","max-image-preview":"max-image-preview:large","max-video-preview":"max-video-preview:-1"},"canonical":"https:\/\/www.daisho.be\/es\/produit\/lycra-adidas-mc-judo-rashguard\/","og_locale":"es_ES","og_type":"article","og_title":"Lycra adidas MC Judo Rashguard &#8211; Daisho","og_description":"Camiseta de entrenamiento ultra el\u00e1stica de licra 100% poli\u00e9ster con una forma que facilita la circulaci\u00f3n sangu\u00ednea. Encu\u00e9ntralo en www.daisho.be | Daisho","og_url":"https:\/\/www.daisho.be\/es\/produit\/lycra-adidas-mc-judo-rashguard\/","og_site_name":"Daisho","article_modified_time":"2026-02-17T17:05:30+00:00","og_image":[{"width":610,"height":662,"url":"https:\/\/www.daisho.be\/wp-content\/uploads\/2026\/01\/image-23.png","type":"image\/png"}],"twitter_card":"summary_large_image","schema":{"@context":"https:\/\/schema.org","@graph":[{"@type":"WebPage","@id":"https:\/\/www.daisho.be\/es\/produit\/lycra-adidas-mc-judo-rashguard\/","url":"https:\/\/www.daisho.be\/es\/produit\/lycra-adidas-mc-judo-rashguard\/","name":"Lycra adidas MC Judo Rashguard &#8211; Daisho","isPartOf":{"@id":"https:\/\/www.daisho.be\/es\/#website"},"primaryImageOfPage":{"@id":"https:\/\/www.daisho.be\/es\/produit\/lycra-adidas-mc-judo-rashguard\/#primaryimage"},"image":{"@id":"https:\/\/www.daisho.be\/es\/produit\/lycra-adidas-mc-judo-rashguard\/#primaryimage"},"thumbnailUrl":"https:\/\/www.daisho.be\/wp-content\/uploads\/2026\/01\/image-23.png","datePublished":"2026-01-10T14:55:23+00:00","dateModified":"2026-02-17T17:05:30+00:00","description":"Camiseta de entrenamiento ultra el\u00e1stica de licra 100% poli\u00e9ster con una forma que facilita la circulaci\u00f3n sangu\u00ednea. Encu\u00e9ntralo en www.daisho.be | Daisho","breadcrumb":{"@id":"https:\/\/www.daisho.be\/es\/produit\/lycra-adidas-mc-judo-rashguard\/#breadcrumb"},"inLanguage":"es","potentialAction":[{"@type":"ReadAction","target":["https:\/\/www.daisho.be\/es\/produit\/lycra-adidas-mc-judo-rashguard\/"]}]},{"@type":"ImageObject","inLanguage":"es","@id":"https:\/\/www.daisho.be\/es\/produit\/lycra-adidas-mc-judo-rashguard\/#primaryimage","url":"https:\/\/www.daisho.be\/wp-content\/uploads\/2026\/01\/image-23.png","contentUrl":"https:\/\/www.daisho.be\/wp-content\/uploads\/2026\/01\/image-23.png","width":610,"height":662,"caption":"lycra adidas MC judo rashguard-1"},{"@type":"BreadcrumbList","@id":"https:\/\/www.daisho.be\/es\/produit\/lycra-adidas-mc-judo-rashguard\/#breadcrumb","itemListElement":[{"@type":"ListItem","position":1,"name":"Accueil","item":"https:\/\/www.daisho.be\/es\/"},{"@type":"ListItem","position":2,"name":"Productos","item":"https:\/\/www.daisho.be\/es\/productos\/"},{"@type":"ListItem","position":3,"name":"ADIDAS COMBAT SPORTS","item":"https:\/\/www.daisho.be\/es\/categorie-produit\/adidas-combat-sports-es\/"},{"@type":"ListItem","position":4,"name":"MMA","item":"https:\/\/www.daisho.be\/es\/categorie-produit\/adidas-combat-sports-es\/mma-es-2\/"},{"@type":"ListItem","position":5,"name":"Ropa Adidas para MMA","item":"https:\/\/www.daisho.be\/es\/categorie-produit\/adidas-combat-sports-es\/mma-es-2\/ropa-adidas-para-mma\/"},{"@type":"ListItem","position":6,"name":"Lycra adidas MC Judo Rashguard"}]},{"@type":"WebSite","@id":"https:\/\/www.daisho.be\/es\/#website","url":"https:\/\/www.daisho.be\/es\/","name":"Daisho","description":"Sp&eacute;cialiste de l'&eacute;quipement sportif d'arts martiaux","publisher":{"@id":"https:\/\/www.daisho.be\/es\/#organization"},"potentialAction":[{"@type":"SearchAction","target":{"@type":"EntryPoint","urlTemplate":"https:\/\/www.daisho.be\/es\/?s={search_term_string}"},"query-input":{"@type":"PropertyValueSpecification","valueRequired":true,"valueName":"search_term_string"}}],"inLanguage":"es"},{"@type":"Organization","@id":"https:\/\/www.daisho.be\/es\/#organization","name":"Daisho","url":"https:\/\/www.daisho.be\/es\/","logo":{"@type":"ImageObject","inLanguage":"es","@id":"https:\/\/www.daisho.be\/es\/#\/schema\/logo\/image\/","url":"https:\/\/www.daisho.be\/wp-content\/uploads\/2019\/07\/color-nothing-horizontale4x-e1564486100247.png","contentUrl":"https:\/\/www.daisho.be\/wp-content\/uploads\/2019\/07\/color-nothing-horizontale4x-e1564486100247.png","width":1547,"height":385,"caption":"Daisho"},"image":{"@id":"https:\/\/www.daisho.be\/es\/#\/schema\/logo\/image\/"}}]}},"_links":{"self":[{"href":"https:\/\/www.daisho.be\/es\/wp-json\/wp\/v2\/product\/652112","targetHints":{"allow":["GET"]}}],"collection":[{"href":"https:\/\/www.daisho.be\/es\/wp-json\/wp\/v2\/product"}],"about":[{"href":"https:\/\/www.daisho.be\/es\/wp-json\/wp\/v2\/types\/product"}],"replies":[{"embeddable":true,"href":"https:\/\/www.daisho.be\/es\/wp-json\/wp\/v2\/comments?post=652112"}],"wp:featuredmedia":[{"embeddable":true,"href":"https:\/\/www.daisho.be\/es\/wp-json\/wp\/v2\/media\/662166"}],"wp:attachment":[{"href":"https:\/\/www.daisho.be\/es\/wp-json\/wp\/v2\/media?parent=652112"}],"wp:term":[{"taxonomy":"product_brand","embeddable":true,"href":"https:\/\/www.daisho.be\/es\/wp-json\/wp\/v2\/product_brand?post=652112"},{"taxonomy":"product_cat","embeddable":true,"href":"https:\/\/www.daisho.be\/es\/wp-json\/wp\/v2\/product_cat?post=652112"},{"taxonomy":"product_tag","embeddable":true,"href":"https:\/\/www.daisho.be\/es\/wp-json\/wp\/v2\/product_tag?post=652112"},{"taxonomy":"sport","embeddable":true,"href":"https:\/\/www.daisho.be\/es\/wp-json\/wp\/v2\/sport?post=652112"}],"curies":[{"name":"wp","href":"https:\/\/api.w.org\/{rel}","templated":true}]}}