{"id":651630,"date":"2026-01-08T12:52:55","date_gmt":"2026-01-08T11:52:55","guid":{"rendered":"https:\/\/www.daisho.be\/produit\/escalera-de-formacion\/"},"modified":"2026-02-13T11:41:12","modified_gmt":"2026-02-13T10:41:12","slug":"escalera-de-formacion","status":"publish","type":"product","link":"https:\/\/www.daisho.be\/es\/produit\/escalera-de-formacion\/","title":{"rendered":"Escalera de formaci\u00f3n"},"content":{"rendered":"<p>ESCALERA PARA EJERCICIOS DE ENTRENAMIENTO DE CONTROL CORPORAL &#8211; la forma ideal de entrenar el equilibrio, la coordinaci\u00f3n y la agilidad.<br \/>\nDISTANCIA AJUSTABLE &#8211; puedes definir libremente la distancia deseada.<br \/>\nUNIVERSAL &#8211; sirve para muchos ejercicios diferentes y distintos tipos de entrenamiento. TAMA\u00d1O PEQUE\u00d1O &#8211; plegada ocupa muy poco espacio, se puede llevar en una pr\u00e1ctica bolsa.<br \/>\nESPECIFICACI\u00d3N &#8211; longitud total: ~ 6 m, anchura: 50 cm, n\u00famero de pelda\u00f1os: 12, material: poli\u00e9ster, peso: 750 g, el juego incluye: escalera, funda.<br \/>\nPerfecta para todos los deportes, en interiores y al aire libre. Los pelda\u00f1os de entrenamiento son \u00fatiles para cualquiera que quiera trabajar la velocidad, la agilidad y la coordinaci\u00f3n.<br \/>\nCon la ayuda de una escalera de ejercicios, puedes entrenar el autocontrol y el movimiento de coordinaci\u00f3n.<br \/>\nEs un accesorio perfecto tanto para profesionales como para aficionados.<br \/>\nLos pelda\u00f1os de coordinaci\u00f3n tambi\u00e9n funcionar\u00e1n bien en actividades deportivas y de correcci\u00f3n para ni\u00f1os de todas las edades.  <\/p>\n","protected":false},"excerpt":{"rendered":"<p>ESCALERA PARA EJERCICIOS DE ENTRENAMIENTO DE CONTROL CORPORAL &#8211; la forma ideal de entrenar el equilibrio, la coordinaci\u00f3n y la agilidad. DISTANCIA AJUSTABLE &#8211; puedes definir libremente la distancia deseada. UNIVERSAL &#8211; sirve para muchos ejercicios diferentes y distintos tipos de entrenamiento. TAMA\u00d1O PEQUE\u00d1O &#8211; plegada ocupa muy poco espacio, se puede llevar en una [&hellip;]<\/p>\n","protected":false},"featured_media":660805,"comment_status":"open","ping_status":"closed","template":"","meta":{"inline_featured_image":false},"product_brand":[],"product_cat":[1622],"product_tag":[2592],"sport":[],"class_list":{"0":"post-651630","1":"product","2":"type-product","3":"status-publish","4":"has-post-thumbnail","6":"product_cat-otros","7":"product_tag-trizand","8":"pa_size-sans-taille-defaut","10":"first","11":"instock","12":"sale","13":"taxable","14":"shipping-taxable","15":"purchasable","16":"product-type-simple"},"yoast_head":"<!-- This site is optimized with the Yoast SEO plugin v27.2 - https:\/\/yoast.com\/product\/yoast-seo-wordpress\/ -->\n<title>Escalera de formaci\u00f3n &#8211; Daisho<\/title>\n<meta name=\"description\" content=\"\u00bfNecesitas entrenar tu agilidad y equilibrio? Descubre la escalera de entrenamiento Trizand en nuestro sitio web www.daisho.be|Daisho\" \/>\n<meta name=\"robots\" content=\"index, follow, max-snippet:-1, max-image-preview:large, max-video-preview:-1\" \/>\n<link rel=\"canonical\" href=\"https:\/\/www.daisho.be\/es\/produit\/escalera-de-formacion\/\" \/>\n<meta property=\"og:locale\" content=\"es_ES\" \/>\n<meta property=\"og:type\" content=\"article\" \/>\n<meta property=\"og:title\" content=\"Escalera de formaci\u00f3n &#8211; Daisho\" \/>\n<meta property=\"og:description\" content=\"\u00bfNecesitas entrenar tu agilidad y equilibrio? Descubre la escalera de entrenamiento Trizand en nuestro sitio web www.daisho.be|Daisho\" \/>\n<meta property=\"og:url\" content=\"https:\/\/www.daisho.be\/es\/produit\/escalera-de-formacion\/\" \/>\n<meta property=\"og:site_name\" content=\"Daisho\" \/>\n<meta property=\"article:modified_time\" content=\"2026-02-13T10:41:12+00:00\" \/>\n<meta property=\"og:image\" content=\"https:\/\/www.daisho.be\/wp-content\/uploads\/2026\/01\/image-171.jpg\" \/>\n\t<meta property=\"og:image:width\" content=\"1500\" \/>\n\t<meta property=\"og:image:height\" content=\"1500\" \/>\n\t<meta property=\"og:image:type\" content=\"image\/jpeg\" \/>\n<meta name=\"twitter:card\" content=\"summary_large_image\" \/>\n<meta name=\"twitter:label1\" content=\"Tiempo de lectura\" \/>\n\t<meta name=\"twitter:data1\" content=\"1 minuto\" \/>\n<script type=\"application\/ld+json\" class=\"yoast-schema-graph\">{\"@context\":\"https:\/\/schema.org\",\"@graph\":[{\"@type\":\"WebPage\",\"@id\":\"https:\/\/www.daisho.be\/es\/produit\/escalera-de-formacion\/\",\"url\":\"https:\/\/www.daisho.be\/es\/produit\/escalera-de-formacion\/\",\"name\":\"Escalera de formaci\u00f3n &#8211; Daisho\",\"isPartOf\":{\"@id\":\"https:\/\/www.daisho.be\/es\/#website\"},\"primaryImageOfPage\":{\"@id\":\"https:\/\/www.daisho.be\/es\/produit\/escalera-de-formacion\/#primaryimage\"},\"image\":{\"@id\":\"https:\/\/www.daisho.be\/es\/produit\/escalera-de-formacion\/#primaryimage\"},\"thumbnailUrl\":\"https:\/\/www.daisho.be\/wp-content\/uploads\/2026\/01\/image-171.jpg\",\"datePublished\":\"2026-01-08T11:52:55+00:00\",\"dateModified\":\"2026-02-13T10:41:12+00:00\",\"description\":\"\u00bfNecesitas entrenar tu agilidad y equilibrio? Descubre la escalera de entrenamiento Trizand en nuestro sitio web www.daisho.be|Daisho\",\"breadcrumb\":{\"@id\":\"https:\/\/www.daisho.be\/es\/produit\/escalera-de-formacion\/#breadcrumb\"},\"inLanguage\":\"es\",\"potentialAction\":[{\"@type\":\"ReadAction\",\"target\":[\"https:\/\/www.daisho.be\/es\/produit\/escalera-de-formacion\/\"]}]},{\"@type\":\"ImageObject\",\"inLanguage\":\"es\",\"@id\":\"https:\/\/www.daisho.be\/es\/produit\/escalera-de-formacion\/#primaryimage\",\"url\":\"https:\/\/www.daisho.be\/wp-content\/uploads\/2026\/01\/image-171.jpg\",\"contentUrl\":\"https:\/\/www.daisho.be\/wp-content\/uploads\/2026\/01\/image-171.jpg\",\"width\":1500,\"height\":1500,\"caption\":\"Escala de entrenamiento -1\"},{\"@type\":\"BreadcrumbList\",\"@id\":\"https:\/\/www.daisho.be\/es\/produit\/escalera-de-formacion\/#breadcrumb\",\"itemListElement\":[{\"@type\":\"ListItem\",\"position\":1,\"name\":\"Accueil\",\"item\":\"https:\/\/www.daisho.be\/es\/\"},{\"@type\":\"ListItem\",\"position\":2,\"name\":\"Productos\",\"item\":\"https:\/\/www.daisho.be\/es\/productos\/\"},{\"@type\":\"ListItem\",\"position\":3,\"name\":\"Otros\",\"item\":\"https:\/\/www.daisho.be\/es\/categorie-produit\/otros\/\"},{\"@type\":\"ListItem\",\"position\":4,\"name\":\"Escalera de formaci\u00f3n\"}]},{\"@type\":\"WebSite\",\"@id\":\"https:\/\/www.daisho.be\/es\/#website\",\"url\":\"https:\/\/www.daisho.be\/es\/\",\"name\":\"Daisho\",\"description\":\"Sp&eacute;cialiste de l'&eacute;quipement sportif d'arts martiaux\",\"publisher\":{\"@id\":\"https:\/\/www.daisho.be\/es\/#organization\"},\"potentialAction\":[{\"@type\":\"SearchAction\",\"target\":{\"@type\":\"EntryPoint\",\"urlTemplate\":\"https:\/\/www.daisho.be\/es\/?s={search_term_string}\"},\"query-input\":{\"@type\":\"PropertyValueSpecification\",\"valueRequired\":true,\"valueName\":\"search_term_string\"}}],\"inLanguage\":\"es\"},{\"@type\":\"Organization\",\"@id\":\"https:\/\/www.daisho.be\/es\/#organization\",\"name\":\"Daisho\",\"url\":\"https:\/\/www.daisho.be\/es\/\",\"logo\":{\"@type\":\"ImageObject\",\"inLanguage\":\"es\",\"@id\":\"https:\/\/www.daisho.be\/es\/#\/schema\/logo\/image\/\",\"url\":\"https:\/\/www.daisho.be\/wp-content\/uploads\/2019\/07\/color-nothing-horizontale4x-e1564486100247.png\",\"contentUrl\":\"https:\/\/www.daisho.be\/wp-content\/uploads\/2019\/07\/color-nothing-horizontale4x-e1564486100247.png\",\"width\":1547,\"height\":385,\"caption\":\"Daisho\"},\"image\":{\"@id\":\"https:\/\/www.daisho.be\/es\/#\/schema\/logo\/image\/\"}}]}<\/script>\n<!-- \/ Yoast SEO plugin. -->","yoast_head_json":{"title":"Escalera de formaci\u00f3n &#8211; Daisho","description":"\u00bfNecesitas entrenar tu agilidad y equilibrio? Descubre la escalera de entrenamiento Trizand en nuestro sitio web www.daisho.be|Daisho","robots":{"index":"index","follow":"follow","max-snippet":"max-snippet:-1","max-image-preview":"max-image-preview:large","max-video-preview":"max-video-preview:-1"},"canonical":"https:\/\/www.daisho.be\/es\/produit\/escalera-de-formacion\/","og_locale":"es_ES","og_type":"article","og_title":"Escalera de formaci\u00f3n &#8211; Daisho","og_description":"\u00bfNecesitas entrenar tu agilidad y equilibrio? Descubre la escalera de entrenamiento Trizand en nuestro sitio web www.daisho.be|Daisho","og_url":"https:\/\/www.daisho.be\/es\/produit\/escalera-de-formacion\/","og_site_name":"Daisho","article_modified_time":"2026-02-13T10:41:12+00:00","og_image":[{"width":1500,"height":1500,"url":"https:\/\/www.daisho.be\/wp-content\/uploads\/2026\/01\/image-171.jpg","type":"image\/jpeg"}],"twitter_card":"summary_large_image","twitter_misc":{"Tiempo de lectura":"1 minuto"},"schema":{"@context":"https:\/\/schema.org","@graph":[{"@type":"WebPage","@id":"https:\/\/www.daisho.be\/es\/produit\/escalera-de-formacion\/","url":"https:\/\/www.daisho.be\/es\/produit\/escalera-de-formacion\/","name":"Escalera de formaci\u00f3n &#8211; Daisho","isPartOf":{"@id":"https:\/\/www.daisho.be\/es\/#website"},"primaryImageOfPage":{"@id":"https:\/\/www.daisho.be\/es\/produit\/escalera-de-formacion\/#primaryimage"},"image":{"@id":"https:\/\/www.daisho.be\/es\/produit\/escalera-de-formacion\/#primaryimage"},"thumbnailUrl":"https:\/\/www.daisho.be\/wp-content\/uploads\/2026\/01\/image-171.jpg","datePublished":"2026-01-08T11:52:55+00:00","dateModified":"2026-02-13T10:41:12+00:00","description":"\u00bfNecesitas entrenar tu agilidad y equilibrio? Descubre la escalera de entrenamiento Trizand en nuestro sitio web www.daisho.be|Daisho","breadcrumb":{"@id":"https:\/\/www.daisho.be\/es\/produit\/escalera-de-formacion\/#breadcrumb"},"inLanguage":"es","potentialAction":[{"@type":"ReadAction","target":["https:\/\/www.daisho.be\/es\/produit\/escalera-de-formacion\/"]}]},{"@type":"ImageObject","inLanguage":"es","@id":"https:\/\/www.daisho.be\/es\/produit\/escalera-de-formacion\/#primaryimage","url":"https:\/\/www.daisho.be\/wp-content\/uploads\/2026\/01\/image-171.jpg","contentUrl":"https:\/\/www.daisho.be\/wp-content\/uploads\/2026\/01\/image-171.jpg","width":1500,"height":1500,"caption":"Escala de entrenamiento -1"},{"@type":"BreadcrumbList","@id":"https:\/\/www.daisho.be\/es\/produit\/escalera-de-formacion\/#breadcrumb","itemListElement":[{"@type":"ListItem","position":1,"name":"Accueil","item":"https:\/\/www.daisho.be\/es\/"},{"@type":"ListItem","position":2,"name":"Productos","item":"https:\/\/www.daisho.be\/es\/productos\/"},{"@type":"ListItem","position":3,"name":"Otros","item":"https:\/\/www.daisho.be\/es\/categorie-produit\/otros\/"},{"@type":"ListItem","position":4,"name":"Escalera de formaci\u00f3n"}]},{"@type":"WebSite","@id":"https:\/\/www.daisho.be\/es\/#website","url":"https:\/\/www.daisho.be\/es\/","name":"Daisho","description":"Sp&eacute;cialiste de l'&eacute;quipement sportif d'arts martiaux","publisher":{"@id":"https:\/\/www.daisho.be\/es\/#organization"},"potentialAction":[{"@type":"SearchAction","target":{"@type":"EntryPoint","urlTemplate":"https:\/\/www.daisho.be\/es\/?s={search_term_string}"},"query-input":{"@type":"PropertyValueSpecification","valueRequired":true,"valueName":"search_term_string"}}],"inLanguage":"es"},{"@type":"Organization","@id":"https:\/\/www.daisho.be\/es\/#organization","name":"Daisho","url":"https:\/\/www.daisho.be\/es\/","logo":{"@type":"ImageObject","inLanguage":"es","@id":"https:\/\/www.daisho.be\/es\/#\/schema\/logo\/image\/","url":"https:\/\/www.daisho.be\/wp-content\/uploads\/2019\/07\/color-nothing-horizontale4x-e1564486100247.png","contentUrl":"https:\/\/www.daisho.be\/wp-content\/uploads\/2019\/07\/color-nothing-horizontale4x-e1564486100247.png","width":1547,"height":385,"caption":"Daisho"},"image":{"@id":"https:\/\/www.daisho.be\/es\/#\/schema\/logo\/image\/"}}]}},"_links":{"self":[{"href":"https:\/\/www.daisho.be\/es\/wp-json\/wp\/v2\/product\/651630","targetHints":{"allow":["GET"]}}],"collection":[{"href":"https:\/\/www.daisho.be\/es\/wp-json\/wp\/v2\/product"}],"about":[{"href":"https:\/\/www.daisho.be\/es\/wp-json\/wp\/v2\/types\/product"}],"replies":[{"embeddable":true,"href":"https:\/\/www.daisho.be\/es\/wp-json\/wp\/v2\/comments?post=651630"}],"wp:featuredmedia":[{"embeddable":true,"href":"https:\/\/www.daisho.be\/es\/wp-json\/wp\/v2\/media\/660805"}],"wp:attachment":[{"href":"https:\/\/www.daisho.be\/es\/wp-json\/wp\/v2\/media?parent=651630"}],"wp:term":[{"taxonomy":"product_brand","embeddable":true,"href":"https:\/\/www.daisho.be\/es\/wp-json\/wp\/v2\/product_brand?post=651630"},{"taxonomy":"product_cat","embeddable":true,"href":"https:\/\/www.daisho.be\/es\/wp-json\/wp\/v2\/product_cat?post=651630"},{"taxonomy":"product_tag","embeddable":true,"href":"https:\/\/www.daisho.be\/es\/wp-json\/wp\/v2\/product_tag?post=651630"},{"taxonomy":"sport","embeddable":true,"href":"https:\/\/www.daisho.be\/es\/wp-json\/wp\/v2\/sport?post=651630"}],"curies":[{"name":"wp","href":"https:\/\/api.w.org\/{rel}","templated":true}]}}