{"id":651465,"date":"2026-01-07T15:14:37","date_gmt":"2026-01-07T14:14:37","guid":{"rendered":"https:\/\/www.daisho.be\/produit\/rodillo-ab\/"},"modified":"2026-03-04T15:49:12","modified_gmt":"2026-03-04T14:49:12","slug":"rodillo-ab","status":"publish","type":"product","link":"https:\/\/www.daisho.be\/es\/produit\/rodillo-ab\/","title":{"rendered":"Rodillo AB"},"content":{"rendered":"<p>Rueda abdominal doble &#8211; Entrenamiento intensivo del tronco<\/p>\n<p>Rueda de musculaci\u00f3n estable y de alto rendimiento dise\u00f1ada para fortalecer los m\u00fasculos centrales.<br \/>\nRueda doble antideslizante para correr<br \/>\n? Materiales: PVC, acero, PP<br \/>\n? \u00d8 185 mm, anchura: 45 mm<br \/>\nAsas ergon\u00f3micas para un agarre c\u00f3modo (PVC, acero, PP)<br \/>\nEquipo deportivo exigente, ideal para entrenar los m\u00fasculos abdominales superiores e inferiores, la espalda, los brazos y los hombros.  <\/p>\n","protected":false},"excerpt":{"rendered":"<p>Rueda abdominal doble &#8211; Entrenamiento intensivo del tronco Rueda de musculaci\u00f3n estable y de alto rendimiento dise\u00f1ada para fortalecer los m\u00fasculos centrales. Rueda doble antideslizante para correr ? Materiales: PVC, acero, PP ? \u00d8 185 mm, anchura: 45 mm Asas ergon\u00f3micas para un agarre c\u00f3modo (PVC, acero, PP) Equipo deportivo exigente, ideal para entrenar los [&hellip;]<\/p>\n","protected":false},"featured_media":665844,"comment_status":"open","ping_status":"closed","template":"","meta":{"inline_featured_image":false},"product_brand":[],"product_cat":[1409],"product_tag":[1608],"sport":[],"class_list":{"0":"post-651465","1":"product","2":"type-product","3":"status-publish","4":"has-post-thumbnail","6":"product_cat-equipos-de-formacion-es","7":"product_tag-schildkrot-es","8":"pa_size-sans-taille-defaut","10":"first","11":"instock","12":"sale","13":"taxable","14":"shipping-taxable","15":"purchasable","16":"product-type-variable"},"yoast_head":"<!-- This site is optimized with the Yoast SEO plugin v27.2 - https:\/\/yoast.com\/product\/yoast-seo-wordpress\/ -->\n<title>Rodillo AB &#8211; Daisho<\/title>\n<meta name=\"description\" content=\"\u00bfQuieres entrenar los abdominales? Descubre el rodillo AB de SCHILDKR\u00d6T. Se convertir\u00e1 en tu aliado de entrenamiento. Encu\u00e9ntralo en www.daisho.be|Daisho\" \/>\n<meta name=\"robots\" content=\"index, follow, max-snippet:-1, max-image-preview:large, max-video-preview:-1\" \/>\n<link rel=\"canonical\" href=\"https:\/\/www.daisho.be\/es\/produit\/rodillo-ab\/\" \/>\n<meta property=\"og:locale\" content=\"es_ES\" \/>\n<meta property=\"og:type\" content=\"article\" \/>\n<meta property=\"og:title\" content=\"Rodillo AB &#8211; Daisho\" \/>\n<meta property=\"og:description\" content=\"\u00bfQuieres entrenar los abdominales? Descubre el rodillo AB de SCHILDKR\u00d6T. Se convertir\u00e1 en tu aliado de entrenamiento. Encu\u00e9ntralo en www.daisho.be|Daisho\" \/>\n<meta property=\"og:url\" content=\"https:\/\/www.daisho.be\/es\/produit\/rodillo-ab\/\" \/>\n<meta property=\"og:site_name\" content=\"Daisho\" \/>\n<meta property=\"article:modified_time\" content=\"2026-03-04T14:49:12+00:00\" \/>\n<meta property=\"og:image\" content=\"https:\/\/www.daisho.be\/wp-content\/uploads\/2026\/01\/image-18.png\" \/>\n\t<meta property=\"og:image:width\" content=\"638\" \/>\n\t<meta property=\"og:image:height\" content=\"411\" \/>\n\t<meta property=\"og:image:type\" content=\"image\/png\" \/>\n<meta name=\"twitter:card\" content=\"summary_large_image\" \/>\n<script type=\"application\/ld+json\" class=\"yoast-schema-graph\">{\"@context\":\"https:\/\/schema.org\",\"@graph\":[{\"@type\":\"WebPage\",\"@id\":\"https:\/\/www.daisho.be\/es\/produit\/rodillo-ab\/\",\"url\":\"https:\/\/www.daisho.be\/es\/produit\/rodillo-ab\/\",\"name\":\"Rodillo AB &#8211; Daisho\",\"isPartOf\":{\"@id\":\"https:\/\/www.daisho.be\/es\/#website\"},\"primaryImageOfPage\":{\"@id\":\"https:\/\/www.daisho.be\/es\/produit\/rodillo-ab\/#primaryimage\"},\"image\":{\"@id\":\"https:\/\/www.daisho.be\/es\/produit\/rodillo-ab\/#primaryimage\"},\"thumbnailUrl\":\"https:\/\/www.daisho.be\/wp-content\/uploads\/2026\/01\/image-18.png\",\"datePublished\":\"2026-01-07T14:14:37+00:00\",\"dateModified\":\"2026-03-04T14:49:12+00:00\",\"description\":\"\u00bfQuieres entrenar los abdominales? Descubre el rodillo AB de SCHILDKR\u00d6T. Se convertir\u00e1 en tu aliado de entrenamiento. Encu\u00e9ntralo en www.daisho.be|Daisho\",\"breadcrumb\":{\"@id\":\"https:\/\/www.daisho.be\/es\/produit\/rodillo-ab\/#breadcrumb\"},\"inLanguage\":\"es\",\"potentialAction\":[{\"@type\":\"ReadAction\",\"target\":[\"https:\/\/www.daisho.be\/es\/produit\/rodillo-ab\/\"]}]},{\"@type\":\"ImageObject\",\"inLanguage\":\"es\",\"@id\":\"https:\/\/www.daisho.be\/es\/produit\/rodillo-ab\/#primaryimage\",\"url\":\"https:\/\/www.daisho.be\/wp-content\/uploads\/2026\/01\/image-18.png\",\"contentUrl\":\"https:\/\/www.daisho.be\/wp-content\/uploads\/2026\/01\/image-18.png\",\"width\":638,\"height\":411,\"caption\":\"AB-Rodillo-1\"},{\"@type\":\"BreadcrumbList\",\"@id\":\"https:\/\/www.daisho.be\/es\/produit\/rodillo-ab\/#breadcrumb\",\"itemListElement\":[{\"@type\":\"ListItem\",\"position\":1,\"name\":\"Accueil\",\"item\":\"https:\/\/www.daisho.be\/es\/\"},{\"@type\":\"ListItem\",\"position\":2,\"name\":\"Productos\",\"item\":\"https:\/\/www.daisho.be\/es\/productos\/\"},{\"@type\":\"ListItem\",\"position\":3,\"name\":\"Deportes de combate\",\"item\":\"https:\/\/www.daisho.be\/es\/categorie-produit\/deportes-de-combate\/\"},{\"@type\":\"ListItem\",\"position\":4,\"name\":\"Equipos de formaci\u00f3n\",\"item\":\"https:\/\/www.daisho.be\/es\/categorie-produit\/deportes-de-combate\/equipos-de-formacion-es\/\"},{\"@type\":\"ListItem\",\"position\":5,\"name\":\"Rodillo AB\"}]},{\"@type\":\"WebSite\",\"@id\":\"https:\/\/www.daisho.be\/es\/#website\",\"url\":\"https:\/\/www.daisho.be\/es\/\",\"name\":\"Daisho\",\"description\":\"Sp&eacute;cialiste de l'&eacute;quipement sportif d'arts martiaux\",\"publisher\":{\"@id\":\"https:\/\/www.daisho.be\/es\/#organization\"},\"potentialAction\":[{\"@type\":\"SearchAction\",\"target\":{\"@type\":\"EntryPoint\",\"urlTemplate\":\"https:\/\/www.daisho.be\/es\/?s={search_term_string}\"},\"query-input\":{\"@type\":\"PropertyValueSpecification\",\"valueRequired\":true,\"valueName\":\"search_term_string\"}}],\"inLanguage\":\"es\"},{\"@type\":\"Organization\",\"@id\":\"https:\/\/www.daisho.be\/es\/#organization\",\"name\":\"Daisho\",\"url\":\"https:\/\/www.daisho.be\/es\/\",\"logo\":{\"@type\":\"ImageObject\",\"inLanguage\":\"es\",\"@id\":\"https:\/\/www.daisho.be\/es\/#\/schema\/logo\/image\/\",\"url\":\"https:\/\/www.daisho.be\/wp-content\/uploads\/2019\/07\/color-nothing-horizontale4x-e1564486100247.png\",\"contentUrl\":\"https:\/\/www.daisho.be\/wp-content\/uploads\/2019\/07\/color-nothing-horizontale4x-e1564486100247.png\",\"width\":1547,\"height\":385,\"caption\":\"Daisho\"},\"image\":{\"@id\":\"https:\/\/www.daisho.be\/es\/#\/schema\/logo\/image\/\"}}]}<\/script>\n<!-- \/ Yoast SEO plugin. -->","yoast_head_json":{"title":"Rodillo AB &#8211; Daisho","description":"\u00bfQuieres entrenar los abdominales? Descubre el rodillo AB de SCHILDKR\u00d6T. Se convertir\u00e1 en tu aliado de entrenamiento. Encu\u00e9ntralo en www.daisho.be|Daisho","robots":{"index":"index","follow":"follow","max-snippet":"max-snippet:-1","max-image-preview":"max-image-preview:large","max-video-preview":"max-video-preview:-1"},"canonical":"https:\/\/www.daisho.be\/es\/produit\/rodillo-ab\/","og_locale":"es_ES","og_type":"article","og_title":"Rodillo AB &#8211; Daisho","og_description":"\u00bfQuieres entrenar los abdominales? Descubre el rodillo AB de SCHILDKR\u00d6T. Se convertir\u00e1 en tu aliado de entrenamiento. Encu\u00e9ntralo en www.daisho.be|Daisho","og_url":"https:\/\/www.daisho.be\/es\/produit\/rodillo-ab\/","og_site_name":"Daisho","article_modified_time":"2026-03-04T14:49:12+00:00","og_image":[{"width":638,"height":411,"url":"https:\/\/www.daisho.be\/wp-content\/uploads\/2026\/01\/image-18.png","type":"image\/png"}],"twitter_card":"summary_large_image","schema":{"@context":"https:\/\/schema.org","@graph":[{"@type":"WebPage","@id":"https:\/\/www.daisho.be\/es\/produit\/rodillo-ab\/","url":"https:\/\/www.daisho.be\/es\/produit\/rodillo-ab\/","name":"Rodillo AB &#8211; Daisho","isPartOf":{"@id":"https:\/\/www.daisho.be\/es\/#website"},"primaryImageOfPage":{"@id":"https:\/\/www.daisho.be\/es\/produit\/rodillo-ab\/#primaryimage"},"image":{"@id":"https:\/\/www.daisho.be\/es\/produit\/rodillo-ab\/#primaryimage"},"thumbnailUrl":"https:\/\/www.daisho.be\/wp-content\/uploads\/2026\/01\/image-18.png","datePublished":"2026-01-07T14:14:37+00:00","dateModified":"2026-03-04T14:49:12+00:00","description":"\u00bfQuieres entrenar los abdominales? Descubre el rodillo AB de SCHILDKR\u00d6T. Se convertir\u00e1 en tu aliado de entrenamiento. Encu\u00e9ntralo en www.daisho.be|Daisho","breadcrumb":{"@id":"https:\/\/www.daisho.be\/es\/produit\/rodillo-ab\/#breadcrumb"},"inLanguage":"es","potentialAction":[{"@type":"ReadAction","target":["https:\/\/www.daisho.be\/es\/produit\/rodillo-ab\/"]}]},{"@type":"ImageObject","inLanguage":"es","@id":"https:\/\/www.daisho.be\/es\/produit\/rodillo-ab\/#primaryimage","url":"https:\/\/www.daisho.be\/wp-content\/uploads\/2026\/01\/image-18.png","contentUrl":"https:\/\/www.daisho.be\/wp-content\/uploads\/2026\/01\/image-18.png","width":638,"height":411,"caption":"AB-Rodillo-1"},{"@type":"BreadcrumbList","@id":"https:\/\/www.daisho.be\/es\/produit\/rodillo-ab\/#breadcrumb","itemListElement":[{"@type":"ListItem","position":1,"name":"Accueil","item":"https:\/\/www.daisho.be\/es\/"},{"@type":"ListItem","position":2,"name":"Productos","item":"https:\/\/www.daisho.be\/es\/productos\/"},{"@type":"ListItem","position":3,"name":"Deportes de combate","item":"https:\/\/www.daisho.be\/es\/categorie-produit\/deportes-de-combate\/"},{"@type":"ListItem","position":4,"name":"Equipos de formaci\u00f3n","item":"https:\/\/www.daisho.be\/es\/categorie-produit\/deportes-de-combate\/equipos-de-formacion-es\/"},{"@type":"ListItem","position":5,"name":"Rodillo AB"}]},{"@type":"WebSite","@id":"https:\/\/www.daisho.be\/es\/#website","url":"https:\/\/www.daisho.be\/es\/","name":"Daisho","description":"Sp&eacute;cialiste de l'&eacute;quipement sportif d'arts martiaux","publisher":{"@id":"https:\/\/www.daisho.be\/es\/#organization"},"potentialAction":[{"@type":"SearchAction","target":{"@type":"EntryPoint","urlTemplate":"https:\/\/www.daisho.be\/es\/?s={search_term_string}"},"query-input":{"@type":"PropertyValueSpecification","valueRequired":true,"valueName":"search_term_string"}}],"inLanguage":"es"},{"@type":"Organization","@id":"https:\/\/www.daisho.be\/es\/#organization","name":"Daisho","url":"https:\/\/www.daisho.be\/es\/","logo":{"@type":"ImageObject","inLanguage":"es","@id":"https:\/\/www.daisho.be\/es\/#\/schema\/logo\/image\/","url":"https:\/\/www.daisho.be\/wp-content\/uploads\/2019\/07\/color-nothing-horizontale4x-e1564486100247.png","contentUrl":"https:\/\/www.daisho.be\/wp-content\/uploads\/2019\/07\/color-nothing-horizontale4x-e1564486100247.png","width":1547,"height":385,"caption":"Daisho"},"image":{"@id":"https:\/\/www.daisho.be\/es\/#\/schema\/logo\/image\/"}}]}},"_links":{"self":[{"href":"https:\/\/www.daisho.be\/es\/wp-json\/wp\/v2\/product\/651465","targetHints":{"allow":["GET"]}}],"collection":[{"href":"https:\/\/www.daisho.be\/es\/wp-json\/wp\/v2\/product"}],"about":[{"href":"https:\/\/www.daisho.be\/es\/wp-json\/wp\/v2\/types\/product"}],"replies":[{"embeddable":true,"href":"https:\/\/www.daisho.be\/es\/wp-json\/wp\/v2\/comments?post=651465"}],"wp:featuredmedia":[{"embeddable":true,"href":"https:\/\/www.daisho.be\/es\/wp-json\/wp\/v2\/media\/665844"}],"wp:attachment":[{"href":"https:\/\/www.daisho.be\/es\/wp-json\/wp\/v2\/media?parent=651465"}],"wp:term":[{"taxonomy":"product_brand","embeddable":true,"href":"https:\/\/www.daisho.be\/es\/wp-json\/wp\/v2\/product_brand?post=651465"},{"taxonomy":"product_cat","embeddable":true,"href":"https:\/\/www.daisho.be\/es\/wp-json\/wp\/v2\/product_cat?post=651465"},{"taxonomy":"product_tag","embeddable":true,"href":"https:\/\/www.daisho.be\/es\/wp-json\/wp\/v2\/product_tag?post=651465"},{"taxonomy":"sport","embeddable":true,"href":"https:\/\/www.daisho.be\/es\/wp-json\/wp\/v2\/sport?post=651465"}],"curies":[{"name":"wp","href":"https:\/\/api.w.org\/{rel}","templated":true}]}}