{"id":651422,"date":"2026-01-07T11:28:47","date_gmt":"2026-01-07T10:28:47","guid":{"rendered":"https:\/\/www.daisho.be\/produit\/multientrenador-de-flexiones\/"},"modified":"2026-03-04T16:44:32","modified_gmt":"2026-03-04T15:44:32","slug":"multientrenador-de-flexiones","status":"publish","type":"product","link":"https:\/\/www.daisho.be\/es\/produit\/multientrenador-de-flexiones\/","title":{"rendered":"Multientrenador de flexiones"},"content":{"rendered":"<p>Push-Up Multi Trainer &#8211; Sistema de entrenamiento guiado<\/p>\n<p>El Multientrenador de Flexiones est\u00e1 dise\u00f1ado para fortalecer eficazmente la parte superior del cuerpo en posici\u00f3n de bombeo, con un sistema intuitivo y seguro.<br \/>\n&#8211; Innovador sistema de enchufe codificado por colores: gu\u00eda al usuario y facilita la correcta colocaci\u00f3n de las asas<br \/>\n&#8211; 10 posiciones de la empu\u00f1adura para trabajar diferentes grupos musculares: hombros, pecho, espalda y tr\u00edceps<br \/>\n&#8211; Asas antideslizantes para un agarre seguro y c\u00f3modo<br \/>\n&#8211; Reducci\u00f3n del riesgo de lesiones gracias a la gu\u00eda integrada<br \/>\nIncluye almohadillas adhesivas antideslizantes para una estabilidad \u00f3ptima<br \/>\nCapacidad de carga m\u00e1xima: 120 kg<br \/>\nPeso: 1 kg<br \/>\nDimensiones: 60 x 18 x 2 cm<br \/>\nF\u00e1cil de guardar y transportar<br \/>\nIdeal tanto para principiantes como para usuarios habituales.<\/p>\n","protected":false},"excerpt":{"rendered":"<p>Push-Up Multi Trainer &#8211; Sistema de entrenamiento guiado El Multientrenador de Flexiones est\u00e1 dise\u00f1ado para fortalecer eficazmente la parte superior del cuerpo en posici\u00f3n de bombeo, con un sistema intuitivo y seguro. &#8211; Innovador sistema de enchufe codificado por colores: gu\u00eda al usuario y facilita la correcta colocaci\u00f3n de las asas &#8211; 10 posiciones de [&hellip;]<\/p>\n","protected":false},"featured_media":665875,"comment_status":"open","ping_status":"closed","template":"","meta":{"inline_featured_image":false},"product_brand":[],"product_cat":[1409,1301],"product_tag":[1608],"sport":[],"class_list":{"0":"post-651422","1":"product","2":"type-product","3":"status-publish","4":"has-post-thumbnail","6":"product_cat-equipos-de-formacion-es","7":"product_cat-material-de-entrenamiento-de-karate","8":"product_tag-schildkrot-es","9":"pa_size-sans-taille-defaut","11":"first","12":"instock","13":"sale","14":"taxable","15":"shipping-taxable","16":"purchasable","17":"product-type-variable"},"yoast_head":"<!-- This site is optimized with the Yoast SEO plugin v27.2 - https:\/\/yoast.com\/product\/yoast-seo-wordpress\/ -->\n<title>Multientrenador de flexiones &#8211; Daisho<\/title>\n<meta name=\"description\" content=\"Descubre el multientrenador Push up, dise\u00f1ado para ayudarte a fortalecer la parte superior del cuerpo. Encu\u00e9ntralo en nuestro sitio web www.daisho.be|Daisho\" \/>\n<meta name=\"robots\" content=\"index, follow, max-snippet:-1, max-image-preview:large, max-video-preview:-1\" \/>\n<link rel=\"canonical\" href=\"https:\/\/www.daisho.be\/es\/produit\/multientrenador-de-flexiones\/\" \/>\n<meta property=\"og:locale\" content=\"es_ES\" \/>\n<meta property=\"og:type\" content=\"article\" \/>\n<meta property=\"og:title\" content=\"Multientrenador de flexiones &#8211; Daisho\" \/>\n<meta property=\"og:description\" content=\"Descubre el multientrenador Push up, dise\u00f1ado para ayudarte a fortalecer la parte superior del cuerpo. Encu\u00e9ntralo en nuestro sitio web www.daisho.be|Daisho\" \/>\n<meta property=\"og:url\" content=\"https:\/\/www.daisho.be\/es\/produit\/multientrenador-de-flexiones\/\" \/>\n<meta property=\"og:site_name\" content=\"Daisho\" \/>\n<meta property=\"article:modified_time\" content=\"2026-03-04T15:44:32+00:00\" \/>\n<meta property=\"og:image\" content=\"https:\/\/www.daisho.be\/wp-content\/uploads\/2026\/01\/image-15.png\" \/>\n\t<meta property=\"og:image:width\" content=\"276\" \/>\n\t<meta property=\"og:image:height\" content=\"136\" \/>\n\t<meta property=\"og:image:type\" content=\"image\/png\" \/>\n<meta name=\"twitter:card\" content=\"summary_large_image\" \/>\n<meta name=\"twitter:label1\" content=\"Tiempo de lectura\" \/>\n\t<meta name=\"twitter:data1\" content=\"1 minuto\" \/>\n<script type=\"application\/ld+json\" class=\"yoast-schema-graph\">{\"@context\":\"https:\/\/schema.org\",\"@graph\":[{\"@type\":\"WebPage\",\"@id\":\"https:\/\/www.daisho.be\/es\/produit\/multientrenador-de-flexiones\/\",\"url\":\"https:\/\/www.daisho.be\/es\/produit\/multientrenador-de-flexiones\/\",\"name\":\"Multientrenador de flexiones &#8211; Daisho\",\"isPartOf\":{\"@id\":\"https:\/\/www.daisho.be\/es\/#website\"},\"primaryImageOfPage\":{\"@id\":\"https:\/\/www.daisho.be\/es\/produit\/multientrenador-de-flexiones\/#primaryimage\"},\"image\":{\"@id\":\"https:\/\/www.daisho.be\/es\/produit\/multientrenador-de-flexiones\/#primaryimage\"},\"thumbnailUrl\":\"https:\/\/www.daisho.be\/wp-content\/uploads\/2026\/01\/image-15.png\",\"datePublished\":\"2026-01-07T10:28:47+00:00\",\"dateModified\":\"2026-03-04T15:44:32+00:00\",\"description\":\"Descubre el multientrenador Push up, dise\u00f1ado para ayudarte a fortalecer la parte superior del cuerpo. Encu\u00e9ntralo en nuestro sitio web www.daisho.be|Daisho\",\"breadcrumb\":{\"@id\":\"https:\/\/www.daisho.be\/es\/produit\/multientrenador-de-flexiones\/#breadcrumb\"},\"inLanguage\":\"es\",\"potentialAction\":[{\"@type\":\"ReadAction\",\"target\":[\"https:\/\/www.daisho.be\/es\/produit\/multientrenador-de-flexiones\/\"]}]},{\"@type\":\"ImageObject\",\"inLanguage\":\"es\",\"@id\":\"https:\/\/www.daisho.be\/es\/produit\/multientrenador-de-flexiones\/#primaryimage\",\"url\":\"https:\/\/www.daisho.be\/wp-content\/uploads\/2026\/01\/image-15.png\",\"contentUrl\":\"https:\/\/www.daisho.be\/wp-content\/uploads\/2026\/01\/image-15.png\",\"width\":276,\"height\":136,\"caption\":\"Multientrenamiento de flexiones-1\"},{\"@type\":\"BreadcrumbList\",\"@id\":\"https:\/\/www.daisho.be\/es\/produit\/multientrenador-de-flexiones\/#breadcrumb\",\"itemListElement\":[{\"@type\":\"ListItem\",\"position\":1,\"name\":\"Accueil\",\"item\":\"https:\/\/www.daisho.be\/es\/\"},{\"@type\":\"ListItem\",\"position\":2,\"name\":\"Productos\",\"item\":\"https:\/\/www.daisho.be\/es\/productos\/\"},{\"@type\":\"ListItem\",\"position\":3,\"name\":\"Equipamiento y ropa para artes marciales y deportes de combate\",\"item\":\"https:\/\/www.daisho.be\/es\/categorie-produit\/equipamiento-y-ropa-para-artes-marciales-y-deportes-de-combate\/\"},{\"@type\":\"ListItem\",\"position\":4,\"name\":\"Karate\",\"item\":\"https:\/\/www.daisho.be\/es\/categorie-produit\/equipamiento-y-ropa-para-artes-marciales-y-deportes-de-combate\/karate-es-2\/\"},{\"@type\":\"ListItem\",\"position\":5,\"name\":\"Material de entrenamiento de k\u00e1rate\",\"item\":\"https:\/\/www.daisho.be\/es\/categorie-produit\/equipamiento-y-ropa-para-artes-marciales-y-deportes-de-combate\/karate-es-2\/material-de-entrenamiento-de-karate\/\"},{\"@type\":\"ListItem\",\"position\":6,\"name\":\"Multientrenador de flexiones\"}]},{\"@type\":\"WebSite\",\"@id\":\"https:\/\/www.daisho.be\/es\/#website\",\"url\":\"https:\/\/www.daisho.be\/es\/\",\"name\":\"Daisho\",\"description\":\"Sp&eacute;cialiste de l'&eacute;quipement sportif d'arts martiaux\",\"publisher\":{\"@id\":\"https:\/\/www.daisho.be\/es\/#organization\"},\"potentialAction\":[{\"@type\":\"SearchAction\",\"target\":{\"@type\":\"EntryPoint\",\"urlTemplate\":\"https:\/\/www.daisho.be\/es\/?s={search_term_string}\"},\"query-input\":{\"@type\":\"PropertyValueSpecification\",\"valueRequired\":true,\"valueName\":\"search_term_string\"}}],\"inLanguage\":\"es\"},{\"@type\":\"Organization\",\"@id\":\"https:\/\/www.daisho.be\/es\/#organization\",\"name\":\"Daisho\",\"url\":\"https:\/\/www.daisho.be\/es\/\",\"logo\":{\"@type\":\"ImageObject\",\"inLanguage\":\"es\",\"@id\":\"https:\/\/www.daisho.be\/es\/#\/schema\/logo\/image\/\",\"url\":\"https:\/\/www.daisho.be\/wp-content\/uploads\/2019\/07\/color-nothing-horizontale4x-e1564486100247.png\",\"contentUrl\":\"https:\/\/www.daisho.be\/wp-content\/uploads\/2019\/07\/color-nothing-horizontale4x-e1564486100247.png\",\"width\":1547,\"height\":385,\"caption\":\"Daisho\"},\"image\":{\"@id\":\"https:\/\/www.daisho.be\/es\/#\/schema\/logo\/image\/\"}}]}<\/script>\n<!-- \/ Yoast SEO plugin. -->","yoast_head_json":{"title":"Multientrenador de flexiones &#8211; Daisho","description":"Descubre el multientrenador Push up, dise\u00f1ado para ayudarte a fortalecer la parte superior del cuerpo. Encu\u00e9ntralo en nuestro sitio web www.daisho.be|Daisho","robots":{"index":"index","follow":"follow","max-snippet":"max-snippet:-1","max-image-preview":"max-image-preview:large","max-video-preview":"max-video-preview:-1"},"canonical":"https:\/\/www.daisho.be\/es\/produit\/multientrenador-de-flexiones\/","og_locale":"es_ES","og_type":"article","og_title":"Multientrenador de flexiones &#8211; Daisho","og_description":"Descubre el multientrenador Push up, dise\u00f1ado para ayudarte a fortalecer la parte superior del cuerpo. Encu\u00e9ntralo en nuestro sitio web www.daisho.be|Daisho","og_url":"https:\/\/www.daisho.be\/es\/produit\/multientrenador-de-flexiones\/","og_site_name":"Daisho","article_modified_time":"2026-03-04T15:44:32+00:00","og_image":[{"width":276,"height":136,"url":"https:\/\/www.daisho.be\/wp-content\/uploads\/2026\/01\/image-15.png","type":"image\/png"}],"twitter_card":"summary_large_image","twitter_misc":{"Tiempo de lectura":"1 minuto"},"schema":{"@context":"https:\/\/schema.org","@graph":[{"@type":"WebPage","@id":"https:\/\/www.daisho.be\/es\/produit\/multientrenador-de-flexiones\/","url":"https:\/\/www.daisho.be\/es\/produit\/multientrenador-de-flexiones\/","name":"Multientrenador de flexiones &#8211; Daisho","isPartOf":{"@id":"https:\/\/www.daisho.be\/es\/#website"},"primaryImageOfPage":{"@id":"https:\/\/www.daisho.be\/es\/produit\/multientrenador-de-flexiones\/#primaryimage"},"image":{"@id":"https:\/\/www.daisho.be\/es\/produit\/multientrenador-de-flexiones\/#primaryimage"},"thumbnailUrl":"https:\/\/www.daisho.be\/wp-content\/uploads\/2026\/01\/image-15.png","datePublished":"2026-01-07T10:28:47+00:00","dateModified":"2026-03-04T15:44:32+00:00","description":"Descubre el multientrenador Push up, dise\u00f1ado para ayudarte a fortalecer la parte superior del cuerpo. Encu\u00e9ntralo en nuestro sitio web www.daisho.be|Daisho","breadcrumb":{"@id":"https:\/\/www.daisho.be\/es\/produit\/multientrenador-de-flexiones\/#breadcrumb"},"inLanguage":"es","potentialAction":[{"@type":"ReadAction","target":["https:\/\/www.daisho.be\/es\/produit\/multientrenador-de-flexiones\/"]}]},{"@type":"ImageObject","inLanguage":"es","@id":"https:\/\/www.daisho.be\/es\/produit\/multientrenador-de-flexiones\/#primaryimage","url":"https:\/\/www.daisho.be\/wp-content\/uploads\/2026\/01\/image-15.png","contentUrl":"https:\/\/www.daisho.be\/wp-content\/uploads\/2026\/01\/image-15.png","width":276,"height":136,"caption":"Multientrenamiento de flexiones-1"},{"@type":"BreadcrumbList","@id":"https:\/\/www.daisho.be\/es\/produit\/multientrenador-de-flexiones\/#breadcrumb","itemListElement":[{"@type":"ListItem","position":1,"name":"Accueil","item":"https:\/\/www.daisho.be\/es\/"},{"@type":"ListItem","position":2,"name":"Productos","item":"https:\/\/www.daisho.be\/es\/productos\/"},{"@type":"ListItem","position":3,"name":"Equipamiento y ropa para artes marciales y deportes de combate","item":"https:\/\/www.daisho.be\/es\/categorie-produit\/equipamiento-y-ropa-para-artes-marciales-y-deportes-de-combate\/"},{"@type":"ListItem","position":4,"name":"Karate","item":"https:\/\/www.daisho.be\/es\/categorie-produit\/equipamiento-y-ropa-para-artes-marciales-y-deportes-de-combate\/karate-es-2\/"},{"@type":"ListItem","position":5,"name":"Material de entrenamiento de k\u00e1rate","item":"https:\/\/www.daisho.be\/es\/categorie-produit\/equipamiento-y-ropa-para-artes-marciales-y-deportes-de-combate\/karate-es-2\/material-de-entrenamiento-de-karate\/"},{"@type":"ListItem","position":6,"name":"Multientrenador de flexiones"}]},{"@type":"WebSite","@id":"https:\/\/www.daisho.be\/es\/#website","url":"https:\/\/www.daisho.be\/es\/","name":"Daisho","description":"Sp&eacute;cialiste de l'&eacute;quipement sportif d'arts martiaux","publisher":{"@id":"https:\/\/www.daisho.be\/es\/#organization"},"potentialAction":[{"@type":"SearchAction","target":{"@type":"EntryPoint","urlTemplate":"https:\/\/www.daisho.be\/es\/?s={search_term_string}"},"query-input":{"@type":"PropertyValueSpecification","valueRequired":true,"valueName":"search_term_string"}}],"inLanguage":"es"},{"@type":"Organization","@id":"https:\/\/www.daisho.be\/es\/#organization","name":"Daisho","url":"https:\/\/www.daisho.be\/es\/","logo":{"@type":"ImageObject","inLanguage":"es","@id":"https:\/\/www.daisho.be\/es\/#\/schema\/logo\/image\/","url":"https:\/\/www.daisho.be\/wp-content\/uploads\/2019\/07\/color-nothing-horizontale4x-e1564486100247.png","contentUrl":"https:\/\/www.daisho.be\/wp-content\/uploads\/2019\/07\/color-nothing-horizontale4x-e1564486100247.png","width":1547,"height":385,"caption":"Daisho"},"image":{"@id":"https:\/\/www.daisho.be\/es\/#\/schema\/logo\/image\/"}}]}},"_links":{"self":[{"href":"https:\/\/www.daisho.be\/es\/wp-json\/wp\/v2\/product\/651422","targetHints":{"allow":["GET"]}}],"collection":[{"href":"https:\/\/www.daisho.be\/es\/wp-json\/wp\/v2\/product"}],"about":[{"href":"https:\/\/www.daisho.be\/es\/wp-json\/wp\/v2\/types\/product"}],"replies":[{"embeddable":true,"href":"https:\/\/www.daisho.be\/es\/wp-json\/wp\/v2\/comments?post=651422"}],"wp:featuredmedia":[{"embeddable":true,"href":"https:\/\/www.daisho.be\/es\/wp-json\/wp\/v2\/media\/665875"}],"wp:attachment":[{"href":"https:\/\/www.daisho.be\/es\/wp-json\/wp\/v2\/media?parent=651422"}],"wp:term":[{"taxonomy":"product_brand","embeddable":true,"href":"https:\/\/www.daisho.be\/es\/wp-json\/wp\/v2\/product_brand?post=651422"},{"taxonomy":"product_cat","embeddable":true,"href":"https:\/\/www.daisho.be\/es\/wp-json\/wp\/v2\/product_cat?post=651422"},{"taxonomy":"product_tag","embeddable":true,"href":"https:\/\/www.daisho.be\/es\/wp-json\/wp\/v2\/product_tag?post=651422"},{"taxonomy":"sport","embeddable":true,"href":"https:\/\/www.daisho.be\/es\/wp-json\/wp\/v2\/sport?post=651422"}],"curies":[{"name":"wp","href":"https:\/\/api.w.org\/{rel}","templated":true}]}}