{"id":651186,"date":"2026-01-06T16:30:14","date_gmt":"2026-01-06T15:30:14","guid":{"rendered":"https:\/\/www.daisho.be\/produit\/resistencia-elastica\/"},"modified":"2026-02-02T17:03:22","modified_gmt":"2026-02-02T16:03:22","slug":"resistencia-elastica","status":"publish","type":"product","link":"https:\/\/www.daisho.be\/es\/produit\/resistencia-elastica\/","title":{"rendered":"RESISTENCIA EL\u00c1STICA"},"content":{"rendered":"<p>El\u00e1stico de resistencia de l\u00e1tex con asas de esponja.<br \/>\nligero, peque\u00f1o y muy f\u00e1cil de transportar.<br \/>\nequipo de gran durabilidad gracias al el\u00e1stico recubierto de tejido.<br \/>\nAsa de esponja suave de alta calidad, proporciona un agarre c\u00f3modo y seguro.<br \/>\nColores: Verde, Azul y Rojo (seg\u00fan la resistencia).<br \/>\n3 niveles de resistencia:<br \/>\n&#8211; Resistencia baja. (Verde)<br \/>\n&#8211; Resistencia media. (Azul)<br \/>\n&#8211; Resistencia alta. (Rojo)   <\/p>\n","protected":false},"excerpt":{"rendered":"<p>El\u00e1stico de resistencia de l\u00e1tex con asas de esponja. ligero, peque\u00f1o y muy f\u00e1cil de transportar. equipo de gran durabilidad gracias al el\u00e1stico recubierto de tejido. Asa de esponja suave de alta calidad, proporciona un agarre c\u00f3modo y seguro. Colores: Verde, Azul y Rojo (seg\u00fan la resistencia). 3 niveles de resistencia: &#8211; Resistencia baja. (Verde) [&hellip;]<\/p>\n","protected":false},"featured_media":652321,"comment_status":"open","ping_status":"closed","template":"","meta":{"inline_featured_image":false},"product_brand":[],"product_cat":[1409],"product_tag":[1529],"sport":[],"class_list":{"0":"post-651186","1":"product","2":"type-product","3":"status-publish","4":"has-post-thumbnail","6":"product_cat-equipos-de-formacion-es","7":"product_tag-ellipse-es","8":"pa_size-bleu","9":"pa_size-jaune","10":"pa_size-rouge","11":"pa_size-vert","13":"first","14":"instock","15":"sale","16":"taxable","17":"shipping-taxable","18":"purchasable","19":"product-type-variable"},"yoast_head":"<!-- This site is optimized with the Yoast SEO plugin v27.2 - https:\/\/yoast.com\/product\/yoast-seo-wordpress\/ -->\n<title>RESISTENCIA EL\u00c1STICA &#8211; Daisho<\/title>\n<meta name=\"description\" content=\"Trabaja todo el cuerpo con bandas el\u00e1sticas de resistencia provistas de c\u00f3modas asas antideslizantes. Encu\u00e9ntralas en www.synergies-vector.com\" \/>\n<meta name=\"robots\" content=\"index, follow, max-snippet:-1, max-image-preview:large, max-video-preview:-1\" \/>\n<link rel=\"canonical\" href=\"https:\/\/www.daisho.be\/es\/produit\/resistencia-elastica\/\" \/>\n<meta property=\"og:locale\" content=\"es_ES\" \/>\n<meta property=\"og:type\" content=\"article\" \/>\n<meta property=\"og:title\" content=\"RESISTENCIA EL\u00c1STICA &#8211; Daisho\" \/>\n<meta property=\"og:description\" content=\"Trabaja todo el cuerpo con bandas el\u00e1sticas de resistencia provistas de c\u00f3modas asas antideslizantes. Encu\u00e9ntralas en www.synergies-vector.com\" \/>\n<meta property=\"og:url\" content=\"https:\/\/www.daisho.be\/es\/produit\/resistencia-elastica\/\" \/>\n<meta property=\"og:site_name\" content=\"Daisho\" \/>\n<meta property=\"article:modified_time\" content=\"2026-02-02T16:03:22+00:00\" \/>\n<meta property=\"og:image\" content=\"https:\/\/www.daisho.be\/wp-content\/uploads\/2026\/01\/image-158.jpg\" \/>\n\t<meta property=\"og:image:width\" content=\"1000\" \/>\n\t<meta property=\"og:image:height\" content=\"1000\" \/>\n\t<meta property=\"og:image:type\" content=\"image\/jpeg\" \/>\n<meta name=\"twitter:card\" content=\"summary_large_image\" \/>\n<script type=\"application\/ld+json\" class=\"yoast-schema-graph\">{\"@context\":\"https:\/\/schema.org\",\"@graph\":[{\"@type\":\"WebPage\",\"@id\":\"https:\/\/www.daisho.be\/es\/produit\/resistencia-elastica\/\",\"url\":\"https:\/\/www.daisho.be\/es\/produit\/resistencia-elastica\/\",\"name\":\"RESISTENCIA EL\u00c1STICA &#8211; Daisho\",\"isPartOf\":{\"@id\":\"https:\/\/www.daisho.be\/es\/#website\"},\"primaryImageOfPage\":{\"@id\":\"https:\/\/www.daisho.be\/es\/produit\/resistencia-elastica\/#primaryimage\"},\"image\":{\"@id\":\"https:\/\/www.daisho.be\/es\/produit\/resistencia-elastica\/#primaryimage\"},\"thumbnailUrl\":\"https:\/\/www.daisho.be\/wp-content\/uploads\/2026\/01\/image-158.jpg\",\"datePublished\":\"2026-01-06T15:30:14+00:00\",\"dateModified\":\"2026-02-02T16:03:22+00:00\",\"description\":\"Trabaja todo el cuerpo con bandas el\u00e1sticas de resistencia provistas de c\u00f3modas asas antideslizantes. Encu\u00e9ntralas en www.synergies-vector.com\",\"breadcrumb\":{\"@id\":\"https:\/\/www.daisho.be\/es\/produit\/resistencia-elastica\/#breadcrumb\"},\"inLanguage\":\"es\",\"potentialAction\":[{\"@type\":\"ReadAction\",\"target\":[\"https:\/\/www.daisho.be\/es\/produit\/resistencia-elastica\/\"]}]},{\"@type\":\"ImageObject\",\"inLanguage\":\"es\",\"@id\":\"https:\/\/www.daisho.be\/es\/produit\/resistencia-elastica\/#primaryimage\",\"url\":\"https:\/\/www.daisho.be\/wp-content\/uploads\/2026\/01\/image-158.jpg\",\"contentUrl\":\"https:\/\/www.daisho.be\/wp-content\/uploads\/2026\/01\/image-158.jpg\",\"width\":1000,\"height\":1000,\"caption\":\"RESISTENCIA EL\u00c1STICA-1\"},{\"@type\":\"BreadcrumbList\",\"@id\":\"https:\/\/www.daisho.be\/es\/produit\/resistencia-elastica\/#breadcrumb\",\"itemListElement\":[{\"@type\":\"ListItem\",\"position\":1,\"name\":\"Accueil\",\"item\":\"https:\/\/www.daisho.be\/es\/\"},{\"@type\":\"ListItem\",\"position\":2,\"name\":\"Productos\",\"item\":\"https:\/\/www.daisho.be\/es\/productos\/\"},{\"@type\":\"ListItem\",\"position\":3,\"name\":\"Deportes de combate\",\"item\":\"https:\/\/www.daisho.be\/es\/categorie-produit\/deportes-de-combate\/\"},{\"@type\":\"ListItem\",\"position\":4,\"name\":\"Equipos de formaci\u00f3n\",\"item\":\"https:\/\/www.daisho.be\/es\/categorie-produit\/deportes-de-combate\/equipos-de-formacion-es\/\"},{\"@type\":\"ListItem\",\"position\":5,\"name\":\"RESISTENCIA EL\u00c1STICA\"}]},{\"@type\":\"WebSite\",\"@id\":\"https:\/\/www.daisho.be\/es\/#website\",\"url\":\"https:\/\/www.daisho.be\/es\/\",\"name\":\"Daisho\",\"description\":\"Sp&eacute;cialiste de l'&eacute;quipement sportif d'arts martiaux\",\"publisher\":{\"@id\":\"https:\/\/www.daisho.be\/es\/#organization\"},\"potentialAction\":[{\"@type\":\"SearchAction\",\"target\":{\"@type\":\"EntryPoint\",\"urlTemplate\":\"https:\/\/www.daisho.be\/es\/?s={search_term_string}\"},\"query-input\":{\"@type\":\"PropertyValueSpecification\",\"valueRequired\":true,\"valueName\":\"search_term_string\"}}],\"inLanguage\":\"es\"},{\"@type\":\"Organization\",\"@id\":\"https:\/\/www.daisho.be\/es\/#organization\",\"name\":\"Daisho\",\"url\":\"https:\/\/www.daisho.be\/es\/\",\"logo\":{\"@type\":\"ImageObject\",\"inLanguage\":\"es\",\"@id\":\"https:\/\/www.daisho.be\/es\/#\/schema\/logo\/image\/\",\"url\":\"https:\/\/www.daisho.be\/wp-content\/uploads\/2019\/07\/color-nothing-horizontale4x-e1564486100247.png\",\"contentUrl\":\"https:\/\/www.daisho.be\/wp-content\/uploads\/2019\/07\/color-nothing-horizontale4x-e1564486100247.png\",\"width\":1547,\"height\":385,\"caption\":\"Daisho\"},\"image\":{\"@id\":\"https:\/\/www.daisho.be\/es\/#\/schema\/logo\/image\/\"}}]}<\/script>\n<!-- \/ Yoast SEO plugin. -->","yoast_head_json":{"title":"RESISTENCIA EL\u00c1STICA &#8211; Daisho","description":"Trabaja todo el cuerpo con bandas el\u00e1sticas de resistencia provistas de c\u00f3modas asas antideslizantes. Encu\u00e9ntralas en www.synergies-vector.com","robots":{"index":"index","follow":"follow","max-snippet":"max-snippet:-1","max-image-preview":"max-image-preview:large","max-video-preview":"max-video-preview:-1"},"canonical":"https:\/\/www.daisho.be\/es\/produit\/resistencia-elastica\/","og_locale":"es_ES","og_type":"article","og_title":"RESISTENCIA EL\u00c1STICA &#8211; Daisho","og_description":"Trabaja todo el cuerpo con bandas el\u00e1sticas de resistencia provistas de c\u00f3modas asas antideslizantes. Encu\u00e9ntralas en www.synergies-vector.com","og_url":"https:\/\/www.daisho.be\/es\/produit\/resistencia-elastica\/","og_site_name":"Daisho","article_modified_time":"2026-02-02T16:03:22+00:00","og_image":[{"width":1000,"height":1000,"url":"https:\/\/www.daisho.be\/wp-content\/uploads\/2026\/01\/image-158.jpg","type":"image\/jpeg"}],"twitter_card":"summary_large_image","schema":{"@context":"https:\/\/schema.org","@graph":[{"@type":"WebPage","@id":"https:\/\/www.daisho.be\/es\/produit\/resistencia-elastica\/","url":"https:\/\/www.daisho.be\/es\/produit\/resistencia-elastica\/","name":"RESISTENCIA EL\u00c1STICA &#8211; Daisho","isPartOf":{"@id":"https:\/\/www.daisho.be\/es\/#website"},"primaryImageOfPage":{"@id":"https:\/\/www.daisho.be\/es\/produit\/resistencia-elastica\/#primaryimage"},"image":{"@id":"https:\/\/www.daisho.be\/es\/produit\/resistencia-elastica\/#primaryimage"},"thumbnailUrl":"https:\/\/www.daisho.be\/wp-content\/uploads\/2026\/01\/image-158.jpg","datePublished":"2026-01-06T15:30:14+00:00","dateModified":"2026-02-02T16:03:22+00:00","description":"Trabaja todo el cuerpo con bandas el\u00e1sticas de resistencia provistas de c\u00f3modas asas antideslizantes. Encu\u00e9ntralas en www.synergies-vector.com","breadcrumb":{"@id":"https:\/\/www.daisho.be\/es\/produit\/resistencia-elastica\/#breadcrumb"},"inLanguage":"es","potentialAction":[{"@type":"ReadAction","target":["https:\/\/www.daisho.be\/es\/produit\/resistencia-elastica\/"]}]},{"@type":"ImageObject","inLanguage":"es","@id":"https:\/\/www.daisho.be\/es\/produit\/resistencia-elastica\/#primaryimage","url":"https:\/\/www.daisho.be\/wp-content\/uploads\/2026\/01\/image-158.jpg","contentUrl":"https:\/\/www.daisho.be\/wp-content\/uploads\/2026\/01\/image-158.jpg","width":1000,"height":1000,"caption":"RESISTENCIA EL\u00c1STICA-1"},{"@type":"BreadcrumbList","@id":"https:\/\/www.daisho.be\/es\/produit\/resistencia-elastica\/#breadcrumb","itemListElement":[{"@type":"ListItem","position":1,"name":"Accueil","item":"https:\/\/www.daisho.be\/es\/"},{"@type":"ListItem","position":2,"name":"Productos","item":"https:\/\/www.daisho.be\/es\/productos\/"},{"@type":"ListItem","position":3,"name":"Deportes de combate","item":"https:\/\/www.daisho.be\/es\/categorie-produit\/deportes-de-combate\/"},{"@type":"ListItem","position":4,"name":"Equipos de formaci\u00f3n","item":"https:\/\/www.daisho.be\/es\/categorie-produit\/deportes-de-combate\/equipos-de-formacion-es\/"},{"@type":"ListItem","position":5,"name":"RESISTENCIA EL\u00c1STICA"}]},{"@type":"WebSite","@id":"https:\/\/www.daisho.be\/es\/#website","url":"https:\/\/www.daisho.be\/es\/","name":"Daisho","description":"Sp&eacute;cialiste de l'&eacute;quipement sportif d'arts martiaux","publisher":{"@id":"https:\/\/www.daisho.be\/es\/#organization"},"potentialAction":[{"@type":"SearchAction","target":{"@type":"EntryPoint","urlTemplate":"https:\/\/www.daisho.be\/es\/?s={search_term_string}"},"query-input":{"@type":"PropertyValueSpecification","valueRequired":true,"valueName":"search_term_string"}}],"inLanguage":"es"},{"@type":"Organization","@id":"https:\/\/www.daisho.be\/es\/#organization","name":"Daisho","url":"https:\/\/www.daisho.be\/es\/","logo":{"@type":"ImageObject","inLanguage":"es","@id":"https:\/\/www.daisho.be\/es\/#\/schema\/logo\/image\/","url":"https:\/\/www.daisho.be\/wp-content\/uploads\/2019\/07\/color-nothing-horizontale4x-e1564486100247.png","contentUrl":"https:\/\/www.daisho.be\/wp-content\/uploads\/2019\/07\/color-nothing-horizontale4x-e1564486100247.png","width":1547,"height":385,"caption":"Daisho"},"image":{"@id":"https:\/\/www.daisho.be\/es\/#\/schema\/logo\/image\/"}}]}},"_links":{"self":[{"href":"https:\/\/www.daisho.be\/es\/wp-json\/wp\/v2\/product\/651186","targetHints":{"allow":["GET"]}}],"collection":[{"href":"https:\/\/www.daisho.be\/es\/wp-json\/wp\/v2\/product"}],"about":[{"href":"https:\/\/www.daisho.be\/es\/wp-json\/wp\/v2\/types\/product"}],"replies":[{"embeddable":true,"href":"https:\/\/www.daisho.be\/es\/wp-json\/wp\/v2\/comments?post=651186"}],"wp:featuredmedia":[{"embeddable":true,"href":"https:\/\/www.daisho.be\/es\/wp-json\/wp\/v2\/media\/652321"}],"wp:attachment":[{"href":"https:\/\/www.daisho.be\/es\/wp-json\/wp\/v2\/media?parent=651186"}],"wp:term":[{"taxonomy":"product_brand","embeddable":true,"href":"https:\/\/www.daisho.be\/es\/wp-json\/wp\/v2\/product_brand?post=651186"},{"taxonomy":"product_cat","embeddable":true,"href":"https:\/\/www.daisho.be\/es\/wp-json\/wp\/v2\/product_cat?post=651186"},{"taxonomy":"product_tag","embeddable":true,"href":"https:\/\/www.daisho.be\/es\/wp-json\/wp\/v2\/product_tag?post=651186"},{"taxonomy":"sport","embeddable":true,"href":"https:\/\/www.daisho.be\/es\/wp-json\/wp\/v2\/sport?post=651186"}],"curies":[{"name":"wp","href":"https:\/\/api.w.org\/{rel}","templated":true}]}}