{"id":650814,"date":"2026-01-05T16:39:44","date_gmt":"2026-01-05T15:39:44","guid":{"rendered":"https:\/\/www.daisho.be\/produit\/paracaidas-de-velocidad\/"},"modified":"2026-02-02T15:35:23","modified_gmt":"2026-02-02T14:35:23","slug":"paracaidas-de-velocidad","status":"publish","type":"product","link":"https:\/\/www.daisho.be\/es\/produit\/paracaidas-de-velocidad\/","title":{"rendered":"PARACA\u00cdDAS DE VELOCIDAD"},"content":{"rendered":"<p>Paraca\u00eddas de velocidad para entrenamiento de velocidad y potencia.<br \/>\nIncluye cintur\u00f3n de resistencia y bolsa de transporte.<br \/>\n&#8211; Paraca\u00eddas de excelente calidad.<br \/>\n&#8211; Excelente equipo para entrenar la capacidad de arranque y la velocidad explosiva.<br \/>\n&#8211; Se utiliza principalmente para sprints.<br \/>\n&#8211; F\u00e1cil de transportar y utilizar en cualquier lugar.<br \/>\n&#8211; Rotaci\u00f3n de 360\u00c2\u00b0.<br \/>\n&#8211; Incluye: cintur\u00f3n ajustable + bolsa de transporte.<\/p>\n","protected":false},"excerpt":{"rendered":"<p>Paraca\u00eddas de velocidad para entrenamiento de velocidad y potencia. Incluye cintur\u00f3n de resistencia y bolsa de transporte. &#8211; Paraca\u00eddas de excelente calidad. &#8211; Excelente equipo para entrenar la capacidad de arranque y la velocidad explosiva. &#8211; Se utiliza principalmente para sprints. &#8211; F\u00e1cil de transportar y utilizar en cualquier lugar. &#8211; Rotaci\u00f3n de 360\u00c2\u00b0. &#8211; [&hellip;]<\/p>\n","protected":false},"featured_media":657218,"comment_status":"open","ping_status":"closed","template":"","meta":{"inline_featured_image":false},"product_brand":[],"product_cat":[1418,1409,1301],"product_tag":[1529],"sport":[],"class_list":{"0":"post-650814","1":"product","2":"type-product","3":"status-publish","4":"has-post-thumbnail","6":"product_cat-equipo-de-entrenamiento-de-boxeo","7":"product_cat-equipos-de-formacion-es","8":"product_cat-material-de-entrenamiento-de-karate","9":"product_tag-ellipse-es","10":"pa_size-sans-taille-defaut","12":"first","13":"instock","14":"taxable","15":"shipping-taxable","16":"purchasable","17":"product-type-variable"},"yoast_head":"<!-- This site is optimized with the Yoast SEO plugin v27.2 - https:\/\/yoast.com\/product\/yoast-seo-wordpress\/ -->\n<title>PARACA\u00cdDAS DE VELOCIDAD &#8211; Daisho<\/title>\n<meta name=\"robots\" content=\"index, follow, max-snippet:-1, max-image-preview:large, max-video-preview:-1\" \/>\n<link rel=\"canonical\" href=\"https:\/\/www.daisho.be\/es\/produit\/paracaidas-de-velocidad\/\" \/>\n<meta property=\"og:locale\" content=\"es_ES\" \/>\n<meta property=\"og:type\" content=\"article\" \/>\n<meta property=\"og:title\" content=\"PARACA\u00cdDAS DE VELOCIDAD &#8211; Daisho\" \/>\n<meta property=\"og:description\" content=\"Paraca\u00eddas de velocidad para entrenamiento de velocidad y potencia. Incluye cintur\u00f3n de resistencia y bolsa de transporte. &#8211; Paraca\u00eddas de excelente calidad. &#8211; Excelente equipo para entrenar la capacidad de arranque y la velocidad explosiva. &#8211; Se utiliza principalmente para sprints. &#8211; F\u00e1cil de transportar y utilizar en cualquier lugar. &#8211; Rotaci\u00f3n de 360\u00c2\u00b0. &#8211; [&hellip;]\" \/>\n<meta property=\"og:url\" content=\"https:\/\/www.daisho.be\/es\/produit\/paracaidas-de-velocidad\/\" \/>\n<meta property=\"og:site_name\" content=\"Daisho\" \/>\n<meta property=\"article:modified_time\" content=\"2026-02-02T14:35:23+00:00\" \/>\n<meta property=\"og:image\" content=\"https:\/\/www.daisho.be\/wp-content\/uploads\/2026\/01\/image-133.jpg\" \/>\n\t<meta property=\"og:image:width\" content=\"1000\" \/>\n\t<meta property=\"og:image:height\" content=\"1000\" \/>\n\t<meta property=\"og:image:type\" content=\"image\/jpeg\" \/>\n<meta name=\"twitter:card\" content=\"summary_large_image\" \/>\n<script type=\"application\/ld+json\" class=\"yoast-schema-graph\">{\"@context\":\"https:\/\/schema.org\",\"@graph\":[{\"@type\":\"WebPage\",\"@id\":\"https:\/\/www.daisho.be\/es\/produit\/paracaidas-de-velocidad\/\",\"url\":\"https:\/\/www.daisho.be\/es\/produit\/paracaidas-de-velocidad\/\",\"name\":\"PARACA\u00cdDAS DE VELOCIDAD &#8211; Daisho\",\"isPartOf\":{\"@id\":\"https:\/\/www.daisho.be\/es\/#website\"},\"primaryImageOfPage\":{\"@id\":\"https:\/\/www.daisho.be\/es\/produit\/paracaidas-de-velocidad\/#primaryimage\"},\"image\":{\"@id\":\"https:\/\/www.daisho.be\/es\/produit\/paracaidas-de-velocidad\/#primaryimage\"},\"thumbnailUrl\":\"https:\/\/www.daisho.be\/wp-content\/uploads\/2026\/01\/image-133.jpg\",\"datePublished\":\"2026-01-05T15:39:44+00:00\",\"dateModified\":\"2026-02-02T14:35:23+00:00\",\"breadcrumb\":{\"@id\":\"https:\/\/www.daisho.be\/es\/produit\/paracaidas-de-velocidad\/#breadcrumb\"},\"inLanguage\":\"es\",\"potentialAction\":[{\"@type\":\"ReadAction\",\"target\":[\"https:\/\/www.daisho.be\/es\/produit\/paracaidas-de-velocidad\/\"]}]},{\"@type\":\"ImageObject\",\"inLanguage\":\"es\",\"@id\":\"https:\/\/www.daisho.be\/es\/produit\/paracaidas-de-velocidad\/#primaryimage\",\"url\":\"https:\/\/www.daisho.be\/wp-content\/uploads\/2026\/01\/image-133.jpg\",\"contentUrl\":\"https:\/\/www.daisho.be\/wp-content\/uploads\/2026\/01\/image-133.jpg\",\"width\":1000,\"height\":1000,\"caption\":\"PARACA\u00cdDAS DE VELOCIDAD-1\"},{\"@type\":\"BreadcrumbList\",\"@id\":\"https:\/\/www.daisho.be\/es\/produit\/paracaidas-de-velocidad\/#breadcrumb\",\"itemListElement\":[{\"@type\":\"ListItem\",\"position\":1,\"name\":\"Accueil\",\"item\":\"https:\/\/www.daisho.be\/es\/\"},{\"@type\":\"ListItem\",\"position\":2,\"name\":\"Productos\",\"item\":\"https:\/\/www.daisho.be\/es\/productos\/\"},{\"@type\":\"ListItem\",\"position\":3,\"name\":\"Equipamiento y ropa para artes marciales y deportes de combate\",\"item\":\"https:\/\/www.daisho.be\/es\/categorie-produit\/equipamiento-y-ropa-para-artes-marciales-y-deportes-de-combate\/\"},{\"@type\":\"ListItem\",\"position\":4,\"name\":\"Boxeo\",\"item\":\"https:\/\/www.daisho.be\/es\/categorie-produit\/equipamiento-y-ropa-para-artes-marciales-y-deportes-de-combate\/boxeo-es\/\"},{\"@type\":\"ListItem\",\"position\":5,\"name\":\"Equipo de entrenamiento de boxeo\",\"item\":\"https:\/\/www.daisho.be\/es\/categorie-produit\/equipamiento-y-ropa-para-artes-marciales-y-deportes-de-combate\/boxeo-es\/equipo-de-entrenamiento-de-boxeo\/\"},{\"@type\":\"ListItem\",\"position\":6,\"name\":\"PARACA\u00cdDAS DE VELOCIDAD\"}]},{\"@type\":\"WebSite\",\"@id\":\"https:\/\/www.daisho.be\/es\/#website\",\"url\":\"https:\/\/www.daisho.be\/es\/\",\"name\":\"Daisho\",\"description\":\"Sp&eacute;cialiste de l'&eacute;quipement sportif d'arts martiaux\",\"publisher\":{\"@id\":\"https:\/\/www.daisho.be\/es\/#organization\"},\"potentialAction\":[{\"@type\":\"SearchAction\",\"target\":{\"@type\":\"EntryPoint\",\"urlTemplate\":\"https:\/\/www.daisho.be\/es\/?s={search_term_string}\"},\"query-input\":{\"@type\":\"PropertyValueSpecification\",\"valueRequired\":true,\"valueName\":\"search_term_string\"}}],\"inLanguage\":\"es\"},{\"@type\":\"Organization\",\"@id\":\"https:\/\/www.daisho.be\/es\/#organization\",\"name\":\"Daisho\",\"url\":\"https:\/\/www.daisho.be\/es\/\",\"logo\":{\"@type\":\"ImageObject\",\"inLanguage\":\"es\",\"@id\":\"https:\/\/www.daisho.be\/es\/#\/schema\/logo\/image\/\",\"url\":\"https:\/\/www.daisho.be\/wp-content\/uploads\/2019\/07\/color-nothing-horizontale4x-e1564486100247.png\",\"contentUrl\":\"https:\/\/www.daisho.be\/wp-content\/uploads\/2019\/07\/color-nothing-horizontale4x-e1564486100247.png\",\"width\":1547,\"height\":385,\"caption\":\"Daisho\"},\"image\":{\"@id\":\"https:\/\/www.daisho.be\/es\/#\/schema\/logo\/image\/\"}}]}<\/script>\n<!-- \/ Yoast SEO plugin. -->","yoast_head_json":{"title":"PARACA\u00cdDAS DE VELOCIDAD &#8211; Daisho","robots":{"index":"index","follow":"follow","max-snippet":"max-snippet:-1","max-image-preview":"max-image-preview:large","max-video-preview":"max-video-preview:-1"},"canonical":"https:\/\/www.daisho.be\/es\/produit\/paracaidas-de-velocidad\/","og_locale":"es_ES","og_type":"article","og_title":"PARACA\u00cdDAS DE VELOCIDAD &#8211; Daisho","og_description":"Paraca\u00eddas de velocidad para entrenamiento de velocidad y potencia. Incluye cintur\u00f3n de resistencia y bolsa de transporte. &#8211; Paraca\u00eddas de excelente calidad. &#8211; Excelente equipo para entrenar la capacidad de arranque y la velocidad explosiva. &#8211; Se utiliza principalmente para sprints. &#8211; F\u00e1cil de transportar y utilizar en cualquier lugar. &#8211; Rotaci\u00f3n de 360\u00c2\u00b0. &#8211; [&hellip;]","og_url":"https:\/\/www.daisho.be\/es\/produit\/paracaidas-de-velocidad\/","og_site_name":"Daisho","article_modified_time":"2026-02-02T14:35:23+00:00","og_image":[{"width":1000,"height":1000,"url":"https:\/\/www.daisho.be\/wp-content\/uploads\/2026\/01\/image-133.jpg","type":"image\/jpeg"}],"twitter_card":"summary_large_image","schema":{"@context":"https:\/\/schema.org","@graph":[{"@type":"WebPage","@id":"https:\/\/www.daisho.be\/es\/produit\/paracaidas-de-velocidad\/","url":"https:\/\/www.daisho.be\/es\/produit\/paracaidas-de-velocidad\/","name":"PARACA\u00cdDAS DE VELOCIDAD &#8211; Daisho","isPartOf":{"@id":"https:\/\/www.daisho.be\/es\/#website"},"primaryImageOfPage":{"@id":"https:\/\/www.daisho.be\/es\/produit\/paracaidas-de-velocidad\/#primaryimage"},"image":{"@id":"https:\/\/www.daisho.be\/es\/produit\/paracaidas-de-velocidad\/#primaryimage"},"thumbnailUrl":"https:\/\/www.daisho.be\/wp-content\/uploads\/2026\/01\/image-133.jpg","datePublished":"2026-01-05T15:39:44+00:00","dateModified":"2026-02-02T14:35:23+00:00","breadcrumb":{"@id":"https:\/\/www.daisho.be\/es\/produit\/paracaidas-de-velocidad\/#breadcrumb"},"inLanguage":"es","potentialAction":[{"@type":"ReadAction","target":["https:\/\/www.daisho.be\/es\/produit\/paracaidas-de-velocidad\/"]}]},{"@type":"ImageObject","inLanguage":"es","@id":"https:\/\/www.daisho.be\/es\/produit\/paracaidas-de-velocidad\/#primaryimage","url":"https:\/\/www.daisho.be\/wp-content\/uploads\/2026\/01\/image-133.jpg","contentUrl":"https:\/\/www.daisho.be\/wp-content\/uploads\/2026\/01\/image-133.jpg","width":1000,"height":1000,"caption":"PARACA\u00cdDAS DE VELOCIDAD-1"},{"@type":"BreadcrumbList","@id":"https:\/\/www.daisho.be\/es\/produit\/paracaidas-de-velocidad\/#breadcrumb","itemListElement":[{"@type":"ListItem","position":1,"name":"Accueil","item":"https:\/\/www.daisho.be\/es\/"},{"@type":"ListItem","position":2,"name":"Productos","item":"https:\/\/www.daisho.be\/es\/productos\/"},{"@type":"ListItem","position":3,"name":"Equipamiento y ropa para artes marciales y deportes de combate","item":"https:\/\/www.daisho.be\/es\/categorie-produit\/equipamiento-y-ropa-para-artes-marciales-y-deportes-de-combate\/"},{"@type":"ListItem","position":4,"name":"Boxeo","item":"https:\/\/www.daisho.be\/es\/categorie-produit\/equipamiento-y-ropa-para-artes-marciales-y-deportes-de-combate\/boxeo-es\/"},{"@type":"ListItem","position":5,"name":"Equipo de entrenamiento de boxeo","item":"https:\/\/www.daisho.be\/es\/categorie-produit\/equipamiento-y-ropa-para-artes-marciales-y-deportes-de-combate\/boxeo-es\/equipo-de-entrenamiento-de-boxeo\/"},{"@type":"ListItem","position":6,"name":"PARACA\u00cdDAS DE VELOCIDAD"}]},{"@type":"WebSite","@id":"https:\/\/www.daisho.be\/es\/#website","url":"https:\/\/www.daisho.be\/es\/","name":"Daisho","description":"Sp&eacute;cialiste de l'&eacute;quipement sportif d'arts martiaux","publisher":{"@id":"https:\/\/www.daisho.be\/es\/#organization"},"potentialAction":[{"@type":"SearchAction","target":{"@type":"EntryPoint","urlTemplate":"https:\/\/www.daisho.be\/es\/?s={search_term_string}"},"query-input":{"@type":"PropertyValueSpecification","valueRequired":true,"valueName":"search_term_string"}}],"inLanguage":"es"},{"@type":"Organization","@id":"https:\/\/www.daisho.be\/es\/#organization","name":"Daisho","url":"https:\/\/www.daisho.be\/es\/","logo":{"@type":"ImageObject","inLanguage":"es","@id":"https:\/\/www.daisho.be\/es\/#\/schema\/logo\/image\/","url":"https:\/\/www.daisho.be\/wp-content\/uploads\/2019\/07\/color-nothing-horizontale4x-e1564486100247.png","contentUrl":"https:\/\/www.daisho.be\/wp-content\/uploads\/2019\/07\/color-nothing-horizontale4x-e1564486100247.png","width":1547,"height":385,"caption":"Daisho"},"image":{"@id":"https:\/\/www.daisho.be\/es\/#\/schema\/logo\/image\/"}}]}},"_links":{"self":[{"href":"https:\/\/www.daisho.be\/es\/wp-json\/wp\/v2\/product\/650814","targetHints":{"allow":["GET"]}}],"collection":[{"href":"https:\/\/www.daisho.be\/es\/wp-json\/wp\/v2\/product"}],"about":[{"href":"https:\/\/www.daisho.be\/es\/wp-json\/wp\/v2\/types\/product"}],"replies":[{"embeddable":true,"href":"https:\/\/www.daisho.be\/es\/wp-json\/wp\/v2\/comments?post=650814"}],"wp:featuredmedia":[{"embeddable":true,"href":"https:\/\/www.daisho.be\/es\/wp-json\/wp\/v2\/media\/657218"}],"wp:attachment":[{"href":"https:\/\/www.daisho.be\/es\/wp-json\/wp\/v2\/media?parent=650814"}],"wp:term":[{"taxonomy":"product_brand","embeddable":true,"href":"https:\/\/www.daisho.be\/es\/wp-json\/wp\/v2\/product_brand?post=650814"},{"taxonomy":"product_cat","embeddable":true,"href":"https:\/\/www.daisho.be\/es\/wp-json\/wp\/v2\/product_cat?post=650814"},{"taxonomy":"product_tag","embeddable":true,"href":"https:\/\/www.daisho.be\/es\/wp-json\/wp\/v2\/product_tag?post=650814"},{"taxonomy":"sport","embeddable":true,"href":"https:\/\/www.daisho.be\/es\/wp-json\/wp\/v2\/sport?post=650814"}],"curies":[{"name":"wp","href":"https:\/\/api.w.org\/{rel}","templated":true}]}}