{"id":650132,"date":"2026-01-03T16:38:47","date_gmt":"2026-01-03T15:38:47","guid":{"rendered":"https:\/\/www.daisho.be\/produit\/banda-de-potencia-verde-11-30-kg\/"},"modified":"2026-01-03T16:38:47","modified_gmt":"2026-01-03T15:38:47","slug":"banda-de-potencia-verde-11-30-kg","status":"publish","type":"product","link":"https:\/\/www.daisho.be\/es\/produit\/banda-de-potencia-verde-11-30-kg\/","title":{"rendered":"Banda de potencia verde 11-30 kg"},"content":{"rendered":"<p>Bandas extremadamente fuertes y ultraduraderas dise\u00f1adas para un intenso fortalecimiento de la parte superior e inferior del cuerpo.<br \/>\nIdeales para press de banca y peso muerto, a los que a\u00f1aden resistencia extra.<br \/>\nTambi\u00e9n se pueden combinar con barras de dominadas, barras paralelas, barras de acero y kettlebells.<br \/>\nMateriales: l\u00e1tex.<br \/>\n11-30 kg<br \/>\n\u00e2\u20ac\u00a2 Anchura: 2,2 cm<br \/>\n\u00e2\u20ac\u00a2 Grosor: 0,45 cm<br \/>\n\u00e2\u20ac\u00a2 Peso: 165 g<\/p>\n","protected":false},"excerpt":{"rendered":"<p>Bandas extremadamente fuertes y ultraduraderas dise\u00f1adas para un intenso fortalecimiento de la parte superior e inferior del cuerpo. Ideales para press de banca y peso muerto, a los que a\u00f1aden resistencia extra. Tambi\u00e9n se pueden combinar con barras de dominadas, barras paralelas, barras de acero y kettlebells. Materiales: l\u00e1tex. 11-30 kg \u00e2\u20ac\u00a2 Anchura: 2,2 cm [&hellip;]<\/p>\n","protected":false},"featured_media":650120,"comment_status":"open","ping_status":"closed","template":"","meta":{"inline_featured_image":false},"product_brand":[],"product_cat":[1409,1301],"product_tag":[1532],"sport":[],"class_list":{"0":"post-650132","1":"product","2":"type-product","3":"status-publish","4":"has-post-thumbnail","6":"product_cat-equipos-de-formacion-es","7":"product_cat-material-de-entrenamiento-de-karate","8":"product_tag-sveltus-es","9":"pa_size-sans-taille-defaut","11":"first","12":"instock","13":"taxable","14":"shipping-taxable","15":"purchasable","16":"product-type-simple"},"yoast_head":"<!-- This site is optimized with the Yoast SEO plugin v27.2 - https:\/\/yoast.com\/product\/yoast-seo-wordpress\/ -->\n<title>Banda de potencia verde 11-30 kg &#8211; Daisho<\/title>\n<meta name=\"robots\" content=\"index, follow, max-snippet:-1, max-image-preview:large, max-video-preview:-1\" \/>\n<link rel=\"canonical\" href=\"https:\/\/www.daisho.be\/es\/produit\/banda-de-potencia-verde-11-30-kg\/\" \/>\n<meta property=\"og:locale\" content=\"es_ES\" \/>\n<meta property=\"og:type\" content=\"article\" \/>\n<meta property=\"og:title\" content=\"Banda de potencia verde 11-30 kg &#8211; Daisho\" \/>\n<meta property=\"og:description\" content=\"Bandas extremadamente fuertes y ultraduraderas dise\u00f1adas para un intenso fortalecimiento de la parte superior e inferior del cuerpo. Ideales para press de banca y peso muerto, a los que a\u00f1aden resistencia extra. Tambi\u00e9n se pueden combinar con barras de dominadas, barras paralelas, barras de acero y kettlebells. Materiales: l\u00e1tex. 11-30 kg \u00e2\u20ac\u00a2 Anchura: 2,2 cm [&hellip;]\" \/>\n<meta property=\"og:url\" content=\"https:\/\/www.daisho.be\/es\/produit\/banda-de-potencia-verde-11-30-kg\/\" \/>\n<meta property=\"og:site_name\" content=\"Daisho\" \/>\n<meta property=\"og:image\" content=\"https:\/\/www.daisho.be\/wp-content\/uploads\/2026\/01\/image-89-scaled.jpg\" \/>\n\t<meta property=\"og:image:width\" content=\"2048\" \/>\n\t<meta property=\"og:image:height\" content=\"649\" \/>\n\t<meta property=\"og:image:type\" content=\"image\/jpeg\" \/>\n<meta name=\"twitter:card\" content=\"summary_large_image\" \/>\n<script type=\"application\/ld+json\" class=\"yoast-schema-graph\">{\"@context\":\"https:\/\/schema.org\",\"@graph\":[{\"@type\":\"WebPage\",\"@id\":\"https:\/\/www.daisho.be\/es\/produit\/banda-de-potencia-verde-11-30-kg\/\",\"url\":\"https:\/\/www.daisho.be\/es\/produit\/banda-de-potencia-verde-11-30-kg\/\",\"name\":\"Banda de potencia verde 11-30 kg &#8211; Daisho\",\"isPartOf\":{\"@id\":\"https:\/\/www.daisho.be\/es\/#website\"},\"primaryImageOfPage\":{\"@id\":\"https:\/\/www.daisho.be\/es\/produit\/banda-de-potencia-verde-11-30-kg\/#primaryimage\"},\"image\":{\"@id\":\"https:\/\/www.daisho.be\/es\/produit\/banda-de-potencia-verde-11-30-kg\/#primaryimage\"},\"thumbnailUrl\":\"https:\/\/www.daisho.be\/wp-content\/uploads\/2026\/01\/image-89-scaled.jpg\",\"datePublished\":\"2026-01-03T15:38:47+00:00\",\"breadcrumb\":{\"@id\":\"https:\/\/www.daisho.be\/es\/produit\/banda-de-potencia-verde-11-30-kg\/#breadcrumb\"},\"inLanguage\":\"es\",\"potentialAction\":[{\"@type\":\"ReadAction\",\"target\":[\"https:\/\/www.daisho.be\/es\/produit\/banda-de-potencia-verde-11-30-kg\/\"]}]},{\"@type\":\"ImageObject\",\"inLanguage\":\"es\",\"@id\":\"https:\/\/www.daisho.be\/es\/produit\/banda-de-potencia-verde-11-30-kg\/#primaryimage\",\"url\":\"https:\/\/www.daisho.be\/wp-content\/uploads\/2026\/01\/image-89-scaled.jpg\",\"contentUrl\":\"https:\/\/www.daisho.be\/wp-content\/uploads\/2026\/01\/image-89-scaled.jpg\",\"width\":2048,\"height\":649,\"caption\":\"Power band vert 11-30 kg-1\"},{\"@type\":\"BreadcrumbList\",\"@id\":\"https:\/\/www.daisho.be\/es\/produit\/banda-de-potencia-verde-11-30-kg\/#breadcrumb\",\"itemListElement\":[{\"@type\":\"ListItem\",\"position\":1,\"name\":\"Accueil\",\"item\":\"https:\/\/www.daisho.be\/es\/\"},{\"@type\":\"ListItem\",\"position\":2,\"name\":\"Productos\",\"item\":\"https:\/\/www.daisho.be\/es\/productos\/\"},{\"@type\":\"ListItem\",\"position\":3,\"name\":\"Equipamiento y ropa para artes marciales y deportes de combate\",\"item\":\"https:\/\/www.daisho.be\/es\/categorie-produit\/equipamiento-y-ropa-para-artes-marciales-y-deportes-de-combate\/\"},{\"@type\":\"ListItem\",\"position\":4,\"name\":\"Karate\",\"item\":\"https:\/\/www.daisho.be\/es\/categorie-produit\/equipamiento-y-ropa-para-artes-marciales-y-deportes-de-combate\/karate-es-2\/\"},{\"@type\":\"ListItem\",\"position\":5,\"name\":\"Material de entrenamiento de k\u00e1rate\",\"item\":\"https:\/\/www.daisho.be\/es\/categorie-produit\/equipamiento-y-ropa-para-artes-marciales-y-deportes-de-combate\/karate-es-2\/material-de-entrenamiento-de-karate\/\"},{\"@type\":\"ListItem\",\"position\":6,\"name\":\"Banda de potencia verde 11-30 kg\"}]},{\"@type\":\"WebSite\",\"@id\":\"https:\/\/www.daisho.be\/es\/#website\",\"url\":\"https:\/\/www.daisho.be\/es\/\",\"name\":\"Daisho\",\"description\":\"Sp&eacute;cialiste de l'&eacute;quipement sportif d'arts martiaux\",\"publisher\":{\"@id\":\"https:\/\/www.daisho.be\/es\/#organization\"},\"potentialAction\":[{\"@type\":\"SearchAction\",\"target\":{\"@type\":\"EntryPoint\",\"urlTemplate\":\"https:\/\/www.daisho.be\/es\/?s={search_term_string}\"},\"query-input\":{\"@type\":\"PropertyValueSpecification\",\"valueRequired\":true,\"valueName\":\"search_term_string\"}}],\"inLanguage\":\"es\"},{\"@type\":\"Organization\",\"@id\":\"https:\/\/www.daisho.be\/es\/#organization\",\"name\":\"Daisho\",\"url\":\"https:\/\/www.daisho.be\/es\/\",\"logo\":{\"@type\":\"ImageObject\",\"inLanguage\":\"es\",\"@id\":\"https:\/\/www.daisho.be\/es\/#\/schema\/logo\/image\/\",\"url\":\"https:\/\/www.daisho.be\/wp-content\/uploads\/2019\/07\/color-nothing-horizontale4x-e1564486100247.png\",\"contentUrl\":\"https:\/\/www.daisho.be\/wp-content\/uploads\/2019\/07\/color-nothing-horizontale4x-e1564486100247.png\",\"width\":1547,\"height\":385,\"caption\":\"Daisho\"},\"image\":{\"@id\":\"https:\/\/www.daisho.be\/es\/#\/schema\/logo\/image\/\"}}]}<\/script>\n<!-- \/ Yoast SEO plugin. -->","yoast_head_json":{"title":"Banda de potencia verde 11-30 kg &#8211; Daisho","robots":{"index":"index","follow":"follow","max-snippet":"max-snippet:-1","max-image-preview":"max-image-preview:large","max-video-preview":"max-video-preview:-1"},"canonical":"https:\/\/www.daisho.be\/es\/produit\/banda-de-potencia-verde-11-30-kg\/","og_locale":"es_ES","og_type":"article","og_title":"Banda de potencia verde 11-30 kg &#8211; Daisho","og_description":"Bandas extremadamente fuertes y ultraduraderas dise\u00f1adas para un intenso fortalecimiento de la parte superior e inferior del cuerpo. Ideales para press de banca y peso muerto, a los que a\u00f1aden resistencia extra. Tambi\u00e9n se pueden combinar con barras de dominadas, barras paralelas, barras de acero y kettlebells. Materiales: l\u00e1tex. 11-30 kg \u00e2\u20ac\u00a2 Anchura: 2,2 cm [&hellip;]","og_url":"https:\/\/www.daisho.be\/es\/produit\/banda-de-potencia-verde-11-30-kg\/","og_site_name":"Daisho","og_image":[{"width":2048,"height":649,"url":"https:\/\/www.daisho.be\/wp-content\/uploads\/2026\/01\/image-89-scaled.jpg","type":"image\/jpeg"}],"twitter_card":"summary_large_image","schema":{"@context":"https:\/\/schema.org","@graph":[{"@type":"WebPage","@id":"https:\/\/www.daisho.be\/es\/produit\/banda-de-potencia-verde-11-30-kg\/","url":"https:\/\/www.daisho.be\/es\/produit\/banda-de-potencia-verde-11-30-kg\/","name":"Banda de potencia verde 11-30 kg &#8211; Daisho","isPartOf":{"@id":"https:\/\/www.daisho.be\/es\/#website"},"primaryImageOfPage":{"@id":"https:\/\/www.daisho.be\/es\/produit\/banda-de-potencia-verde-11-30-kg\/#primaryimage"},"image":{"@id":"https:\/\/www.daisho.be\/es\/produit\/banda-de-potencia-verde-11-30-kg\/#primaryimage"},"thumbnailUrl":"https:\/\/www.daisho.be\/wp-content\/uploads\/2026\/01\/image-89-scaled.jpg","datePublished":"2026-01-03T15:38:47+00:00","breadcrumb":{"@id":"https:\/\/www.daisho.be\/es\/produit\/banda-de-potencia-verde-11-30-kg\/#breadcrumb"},"inLanguage":"es","potentialAction":[{"@type":"ReadAction","target":["https:\/\/www.daisho.be\/es\/produit\/banda-de-potencia-verde-11-30-kg\/"]}]},{"@type":"ImageObject","inLanguage":"es","@id":"https:\/\/www.daisho.be\/es\/produit\/banda-de-potencia-verde-11-30-kg\/#primaryimage","url":"https:\/\/www.daisho.be\/wp-content\/uploads\/2026\/01\/image-89-scaled.jpg","contentUrl":"https:\/\/www.daisho.be\/wp-content\/uploads\/2026\/01\/image-89-scaled.jpg","width":2048,"height":649,"caption":"Power band vert 11-30 kg-1"},{"@type":"BreadcrumbList","@id":"https:\/\/www.daisho.be\/es\/produit\/banda-de-potencia-verde-11-30-kg\/#breadcrumb","itemListElement":[{"@type":"ListItem","position":1,"name":"Accueil","item":"https:\/\/www.daisho.be\/es\/"},{"@type":"ListItem","position":2,"name":"Productos","item":"https:\/\/www.daisho.be\/es\/productos\/"},{"@type":"ListItem","position":3,"name":"Equipamiento y ropa para artes marciales y deportes de combate","item":"https:\/\/www.daisho.be\/es\/categorie-produit\/equipamiento-y-ropa-para-artes-marciales-y-deportes-de-combate\/"},{"@type":"ListItem","position":4,"name":"Karate","item":"https:\/\/www.daisho.be\/es\/categorie-produit\/equipamiento-y-ropa-para-artes-marciales-y-deportes-de-combate\/karate-es-2\/"},{"@type":"ListItem","position":5,"name":"Material de entrenamiento de k\u00e1rate","item":"https:\/\/www.daisho.be\/es\/categorie-produit\/equipamiento-y-ropa-para-artes-marciales-y-deportes-de-combate\/karate-es-2\/material-de-entrenamiento-de-karate\/"},{"@type":"ListItem","position":6,"name":"Banda de potencia verde 11-30 kg"}]},{"@type":"WebSite","@id":"https:\/\/www.daisho.be\/es\/#website","url":"https:\/\/www.daisho.be\/es\/","name":"Daisho","description":"Sp&eacute;cialiste de l'&eacute;quipement sportif d'arts martiaux","publisher":{"@id":"https:\/\/www.daisho.be\/es\/#organization"},"potentialAction":[{"@type":"SearchAction","target":{"@type":"EntryPoint","urlTemplate":"https:\/\/www.daisho.be\/es\/?s={search_term_string}"},"query-input":{"@type":"PropertyValueSpecification","valueRequired":true,"valueName":"search_term_string"}}],"inLanguage":"es"},{"@type":"Organization","@id":"https:\/\/www.daisho.be\/es\/#organization","name":"Daisho","url":"https:\/\/www.daisho.be\/es\/","logo":{"@type":"ImageObject","inLanguage":"es","@id":"https:\/\/www.daisho.be\/es\/#\/schema\/logo\/image\/","url":"https:\/\/www.daisho.be\/wp-content\/uploads\/2019\/07\/color-nothing-horizontale4x-e1564486100247.png","contentUrl":"https:\/\/www.daisho.be\/wp-content\/uploads\/2019\/07\/color-nothing-horizontale4x-e1564486100247.png","width":1547,"height":385,"caption":"Daisho"},"image":{"@id":"https:\/\/www.daisho.be\/es\/#\/schema\/logo\/image\/"}}]}},"_links":{"self":[{"href":"https:\/\/www.daisho.be\/es\/wp-json\/wp\/v2\/product\/650132","targetHints":{"allow":["GET"]}}],"collection":[{"href":"https:\/\/www.daisho.be\/es\/wp-json\/wp\/v2\/product"}],"about":[{"href":"https:\/\/www.daisho.be\/es\/wp-json\/wp\/v2\/types\/product"}],"replies":[{"embeddable":true,"href":"https:\/\/www.daisho.be\/es\/wp-json\/wp\/v2\/comments?post=650132"}],"wp:featuredmedia":[{"embeddable":true,"href":"https:\/\/www.daisho.be\/es\/wp-json\/wp\/v2\/media\/650120"}],"wp:attachment":[{"href":"https:\/\/www.daisho.be\/es\/wp-json\/wp\/v2\/media?parent=650132"}],"wp:term":[{"taxonomy":"product_brand","embeddable":true,"href":"https:\/\/www.daisho.be\/es\/wp-json\/wp\/v2\/product_brand?post=650132"},{"taxonomy":"product_cat","embeddable":true,"href":"https:\/\/www.daisho.be\/es\/wp-json\/wp\/v2\/product_cat?post=650132"},{"taxonomy":"product_tag","embeddable":true,"href":"https:\/\/www.daisho.be\/es\/wp-json\/wp\/v2\/product_tag?post=650132"},{"taxonomy":"sport","embeddable":true,"href":"https:\/\/www.daisho.be\/es\/wp-json\/wp\/v2\/sport?post=650132"}],"curies":[{"name":"wp","href":"https:\/\/api.w.org\/{rel}","templated":true}]}}