{"id":646792,"date":"2025-12-27T15:41:36","date_gmt":"2025-12-27T14:41:36","guid":{"rendered":"https:\/\/www.daisho.be\/produit\/karategi-tokaido-maestro-de-kata-estilo-japones-jka\/"},"modified":"2026-04-03T08:54:36","modified_gmt":"2026-04-03T06:54:36","slug":"karategi-tokaido-maestro-de-kata-estilo-japones-jka","status":"publish","type":"product","link":"https:\/\/www.daisho.be\/es\/produit\/karategi-tokaido-maestro-de-kata-estilo-japones-jka\/","title":{"rendered":"KARATEGI TOKAIDO MAESTRO DE KATA &#8211; ESTILO JAPONES &#8211; JKA"},"content":{"rendered":"<p>El Karategi Kata Master Japan Style &#8211; JKA es un kimono de alta gama especialmente desarrollado para la pr\u00e1ctica del kata, tanto en entrenamiento como en competici\u00f3n.<br \/>\nGracias a la tecnolog\u00eda \u00abUltimate Sound\u00bb, este kimono emite un chasquido potente y limpio con cada movimiento, s\u00edmbolo de excelencia t\u00e9cnica.<\/p>\n<p>Este modelo se distingue por su logotipo JKA bordado, garant\u00eda de autenticidad y respeto a la tradici\u00f3n.<br \/>\nSu tejido 100% algod\u00f3n, su corte \u00abJapan Style\u00bb de manga corta y su acabado interior cepillado garantizan comodidad, durabilidad y una est\u00e9tica perfecta.<\/p>\n<p>Caracter\u00edsticas<br \/>\nAprobado por la WKF &#8211; apto para competici\u00f3n oficial<br \/>\nAfiliaci\u00f3n Recomendado por la Asociaci\u00f3n Japonesa de K\u00e1rate (JKA)<br \/>\nLogotipo de la JKA bordado<br \/>\nTecnolog\u00eda Ultimate Sound &#8211; clic n\u00edtido y limpio<br \/>\nEstilo japon\u00e9s &#8211; manga corta<br \/>\nTejido 100% algod\u00f3n, aprox. 12 oz<br \/>\nConfort interior Suave, cepillado en el interior<br \/>\nCintura con cord\u00f3n de ajuste<br \/>\nEncogimiento M\u00e1ximo 5%<br \/>\nUso Entrenamiento intensivo y competici\u00f3n de kata<\/p>\n","protected":false},"excerpt":{"rendered":"<p>El Karategi Kata Master Japan Style &#8211; JKA es un kimono de alta gama especialmente desarrollado para la pr\u00e1ctica del kata, tanto en entrenamiento como en competici\u00f3n. Gracias a la tecnolog\u00eda \u00abUltimate Sound\u00bb, este kimono emite un chasquido potente y limpio con cada movimiento, s\u00edmbolo de excelencia t\u00e9cnica. Este modelo se distingue por su logotipo [&hellip;]<\/p>\n","protected":false},"featured_media":661570,"comment_status":"open","ping_status":"closed","template":"","meta":{"inline_featured_image":false},"product_brand":[],"product_cat":[1464,1314,1311],"product_tag":[1306],"sport":[],"class_list":{"0":"post-646792","1":"product","2":"type-product","3":"status-publish","4":"has-post-thumbnail","6":"product_cat-favoritos","7":"product_cat-kimonos-de-karate","8":"product_cat-trajes-kimonos","9":"product_tag-tokaido-es","10":"pa_size-373","11":"pa_size-381","12":"pa_size-380","13":"pa_size-388","14":"pa_size-379","15":"pa_size-387","16":"pa_size-378","17":"pa_size-386","18":"pa_size-377","19":"pa_size-385","20":"pa_size-376","21":"pa_size-384","22":"pa_size-383","24":"first","25":"instock","26":"taxable","27":"shipping-taxable","28":"purchasable","29":"product-type-variable"},"yoast_head":"<!-- This site is optimized with the Yoast SEO plugin v27.2 - https:\/\/yoast.com\/product\/yoast-seo-wordpress\/ -->\n<title>KARATEGI TOKAIDO MAESTRO DE KATA - ESTILO JAPONES - JKA &#8211; Daisho<\/title>\n<meta name=\"description\" content=\"Karategi Tokaido Kata Master JKA, calidad superior que combina precisi\u00f3n, comodidad y rendimiento. Encu\u00e9ntralo en www.daisho.be|Daisho\" \/>\n<meta name=\"robots\" content=\"index, follow, max-snippet:-1, max-image-preview:large, max-video-preview:-1\" \/>\n<link rel=\"canonical\" href=\"https:\/\/www.daisho.be\/es\/produit\/karategi-tokaido-maestro-de-kata-estilo-japones-jka\/\" \/>\n<meta property=\"og:locale\" content=\"es_ES\" \/>\n<meta property=\"og:type\" content=\"article\" \/>\n<meta property=\"og:title\" content=\"KARATEGI TOKAIDO MAESTRO DE KATA - ESTILO JAPONES - JKA &#8211; Daisho\" \/>\n<meta property=\"og:description\" content=\"Karategi Tokaido Kata Master JKA, calidad superior que combina precisi\u00f3n, comodidad y rendimiento. Encu\u00e9ntralo en www.daisho.be|Daisho\" \/>\n<meta property=\"og:url\" content=\"https:\/\/www.daisho.be\/es\/produit\/karategi-tokaido-maestro-de-kata-estilo-japones-jka\/\" \/>\n<meta property=\"og:site_name\" content=\"Daisho\" \/>\n<meta property=\"article:modified_time\" content=\"2026-04-03T06:54:36+00:00\" \/>\n<meta property=\"og:image\" content=\"https:\/\/www.daisho.be\/wp-content\/uploads\/2025\/12\/image-113.jpg\" \/>\n\t<meta property=\"og:image:width\" content=\"400\" \/>\n\t<meta property=\"og:image:height\" content=\"640\" \/>\n\t<meta property=\"og:image:type\" content=\"image\/jpeg\" \/>\n<meta name=\"twitter:card\" content=\"summary_large_image\" \/>\n<meta name=\"twitter:label1\" content=\"Tiempo de lectura\" \/>\n\t<meta name=\"twitter:data1\" content=\"1 minuto\" \/>\n<script type=\"application\/ld+json\" class=\"yoast-schema-graph\">{\"@context\":\"https:\/\/schema.org\",\"@graph\":[{\"@type\":\"WebPage\",\"@id\":\"https:\/\/www.daisho.be\/es\/produit\/karategi-tokaido-maestro-de-kata-estilo-japones-jka\/\",\"url\":\"https:\/\/www.daisho.be\/es\/produit\/karategi-tokaido-maestro-de-kata-estilo-japones-jka\/\",\"name\":\"KARATEGI TOKAIDO MAESTRO DE KATA - ESTILO JAPONES - JKA &#8211; Daisho\",\"isPartOf\":{\"@id\":\"https:\/\/www.daisho.be\/es\/#website\"},\"primaryImageOfPage\":{\"@id\":\"https:\/\/www.daisho.be\/es\/produit\/karategi-tokaido-maestro-de-kata-estilo-japones-jka\/#primaryimage\"},\"image\":{\"@id\":\"https:\/\/www.daisho.be\/es\/produit\/karategi-tokaido-maestro-de-kata-estilo-japones-jka\/#primaryimage\"},\"thumbnailUrl\":\"https:\/\/www.daisho.be\/wp-content\/uploads\/2025\/12\/image-113.jpg\",\"datePublished\":\"2025-12-27T14:41:36+00:00\",\"dateModified\":\"2026-04-03T06:54:36+00:00\",\"description\":\"Karategi Tokaido Kata Master JKA, calidad superior que combina precisi\u00f3n, comodidad y rendimiento. Encu\u00e9ntralo en www.daisho.be|Daisho\",\"breadcrumb\":{\"@id\":\"https:\/\/www.daisho.be\/es\/produit\/karategi-tokaido-maestro-de-kata-estilo-japones-jka\/#breadcrumb\"},\"inLanguage\":\"es\",\"potentialAction\":[{\"@type\":\"ReadAction\",\"target\":[\"https:\/\/www.daisho.be\/es\/produit\/karategi-tokaido-maestro-de-kata-estilo-japones-jka\/\"]}]},{\"@type\":\"ImageObject\",\"inLanguage\":\"es\",\"@id\":\"https:\/\/www.daisho.be\/es\/produit\/karategi-tokaido-maestro-de-kata-estilo-japones-jka\/#primaryimage\",\"url\":\"https:\/\/www.daisho.be\/wp-content\/uploads\/2025\/12\/image-113.jpg\",\"contentUrl\":\"https:\/\/www.daisho.be\/wp-content\/uploads\/2025\/12\/image-113.jpg\",\"width\":400,\"height\":640,\"caption\":\"MAESTRO DE KATA KARATEGI TOKAIDO - ESTILO JAPON\u00c9S - JKA -1\"},{\"@type\":\"BreadcrumbList\",\"@id\":\"https:\/\/www.daisho.be\/es\/produit\/karategi-tokaido-maestro-de-kata-estilo-japones-jka\/#breadcrumb\",\"itemListElement\":[{\"@type\":\"ListItem\",\"position\":1,\"name\":\"Accueil\",\"item\":\"https:\/\/www.daisho.be\/es\/\"},{\"@type\":\"ListItem\",\"position\":2,\"name\":\"Productos\",\"item\":\"https:\/\/www.daisho.be\/es\/productos\/\"},{\"@type\":\"ListItem\",\"position\":3,\"name\":\"Equipamiento y ropa para artes marciales y deportes de combate\",\"item\":\"https:\/\/www.daisho.be\/es\/categorie-produit\/equipamiento-y-ropa-para-artes-marciales-y-deportes-de-combate\/\"},{\"@type\":\"ListItem\",\"position\":4,\"name\":\"Karate\",\"item\":\"https:\/\/www.daisho.be\/es\/categorie-produit\/equipamiento-y-ropa-para-artes-marciales-y-deportes-de-combate\/karate-es-2\/\"},{\"@type\":\"ListItem\",\"position\":5,\"name\":\"Kimonos de k\u00e1rate\",\"item\":\"https:\/\/www.daisho.be\/es\/categorie-produit\/equipamiento-y-ropa-para-artes-marciales-y-deportes-de-combate\/karate-es-2\/kimonos-de-karate\/\"},{\"@type\":\"ListItem\",\"position\":6,\"name\":\"KARATEGI TOKAIDO MAESTRO DE KATA &#8211; ESTILO JAPONES &#8211; JKA\"}]},{\"@type\":\"WebSite\",\"@id\":\"https:\/\/www.daisho.be\/es\/#website\",\"url\":\"https:\/\/www.daisho.be\/es\/\",\"name\":\"Daisho\",\"description\":\"Sp&eacute;cialiste de l'&eacute;quipement sportif d'arts martiaux\",\"publisher\":{\"@id\":\"https:\/\/www.daisho.be\/es\/#organization\"},\"potentialAction\":[{\"@type\":\"SearchAction\",\"target\":{\"@type\":\"EntryPoint\",\"urlTemplate\":\"https:\/\/www.daisho.be\/es\/?s={search_term_string}\"},\"query-input\":{\"@type\":\"PropertyValueSpecification\",\"valueRequired\":true,\"valueName\":\"search_term_string\"}}],\"inLanguage\":\"es\"},{\"@type\":\"Organization\",\"@id\":\"https:\/\/www.daisho.be\/es\/#organization\",\"name\":\"Daisho\",\"url\":\"https:\/\/www.daisho.be\/es\/\",\"logo\":{\"@type\":\"ImageObject\",\"inLanguage\":\"es\",\"@id\":\"https:\/\/www.daisho.be\/es\/#\/schema\/logo\/image\/\",\"url\":\"https:\/\/www.daisho.be\/wp-content\/uploads\/2019\/07\/color-nothing-horizontale4x-e1564486100247.png\",\"contentUrl\":\"https:\/\/www.daisho.be\/wp-content\/uploads\/2019\/07\/color-nothing-horizontale4x-e1564486100247.png\",\"width\":1547,\"height\":385,\"caption\":\"Daisho\"},\"image\":{\"@id\":\"https:\/\/www.daisho.be\/es\/#\/schema\/logo\/image\/\"}}]}<\/script>\n<!-- \/ Yoast SEO plugin. -->","yoast_head_json":{"title":"KARATEGI TOKAIDO MAESTRO DE KATA - ESTILO JAPONES - JKA &#8211; Daisho","description":"Karategi Tokaido Kata Master JKA, calidad superior que combina precisi\u00f3n, comodidad y rendimiento. Encu\u00e9ntralo en www.daisho.be|Daisho","robots":{"index":"index","follow":"follow","max-snippet":"max-snippet:-1","max-image-preview":"max-image-preview:large","max-video-preview":"max-video-preview:-1"},"canonical":"https:\/\/www.daisho.be\/es\/produit\/karategi-tokaido-maestro-de-kata-estilo-japones-jka\/","og_locale":"es_ES","og_type":"article","og_title":"KARATEGI TOKAIDO MAESTRO DE KATA - ESTILO JAPONES - JKA &#8211; Daisho","og_description":"Karategi Tokaido Kata Master JKA, calidad superior que combina precisi\u00f3n, comodidad y rendimiento. Encu\u00e9ntralo en www.daisho.be|Daisho","og_url":"https:\/\/www.daisho.be\/es\/produit\/karategi-tokaido-maestro-de-kata-estilo-japones-jka\/","og_site_name":"Daisho","article_modified_time":"2026-04-03T06:54:36+00:00","og_image":[{"width":400,"height":640,"url":"https:\/\/www.daisho.be\/wp-content\/uploads\/2025\/12\/image-113.jpg","type":"image\/jpeg"}],"twitter_card":"summary_large_image","twitter_misc":{"Tiempo de lectura":"1 minuto"},"schema":{"@context":"https:\/\/schema.org","@graph":[{"@type":"WebPage","@id":"https:\/\/www.daisho.be\/es\/produit\/karategi-tokaido-maestro-de-kata-estilo-japones-jka\/","url":"https:\/\/www.daisho.be\/es\/produit\/karategi-tokaido-maestro-de-kata-estilo-japones-jka\/","name":"KARATEGI TOKAIDO MAESTRO DE KATA - ESTILO JAPONES - JKA &#8211; Daisho","isPartOf":{"@id":"https:\/\/www.daisho.be\/es\/#website"},"primaryImageOfPage":{"@id":"https:\/\/www.daisho.be\/es\/produit\/karategi-tokaido-maestro-de-kata-estilo-japones-jka\/#primaryimage"},"image":{"@id":"https:\/\/www.daisho.be\/es\/produit\/karategi-tokaido-maestro-de-kata-estilo-japones-jka\/#primaryimage"},"thumbnailUrl":"https:\/\/www.daisho.be\/wp-content\/uploads\/2025\/12\/image-113.jpg","datePublished":"2025-12-27T14:41:36+00:00","dateModified":"2026-04-03T06:54:36+00:00","description":"Karategi Tokaido Kata Master JKA, calidad superior que combina precisi\u00f3n, comodidad y rendimiento. Encu\u00e9ntralo en www.daisho.be|Daisho","breadcrumb":{"@id":"https:\/\/www.daisho.be\/es\/produit\/karategi-tokaido-maestro-de-kata-estilo-japones-jka\/#breadcrumb"},"inLanguage":"es","potentialAction":[{"@type":"ReadAction","target":["https:\/\/www.daisho.be\/es\/produit\/karategi-tokaido-maestro-de-kata-estilo-japones-jka\/"]}]},{"@type":"ImageObject","inLanguage":"es","@id":"https:\/\/www.daisho.be\/es\/produit\/karategi-tokaido-maestro-de-kata-estilo-japones-jka\/#primaryimage","url":"https:\/\/www.daisho.be\/wp-content\/uploads\/2025\/12\/image-113.jpg","contentUrl":"https:\/\/www.daisho.be\/wp-content\/uploads\/2025\/12\/image-113.jpg","width":400,"height":640,"caption":"MAESTRO DE KATA KARATEGI TOKAIDO - ESTILO JAPON\u00c9S - JKA -1"},{"@type":"BreadcrumbList","@id":"https:\/\/www.daisho.be\/es\/produit\/karategi-tokaido-maestro-de-kata-estilo-japones-jka\/#breadcrumb","itemListElement":[{"@type":"ListItem","position":1,"name":"Accueil","item":"https:\/\/www.daisho.be\/es\/"},{"@type":"ListItem","position":2,"name":"Productos","item":"https:\/\/www.daisho.be\/es\/productos\/"},{"@type":"ListItem","position":3,"name":"Equipamiento y ropa para artes marciales y deportes de combate","item":"https:\/\/www.daisho.be\/es\/categorie-produit\/equipamiento-y-ropa-para-artes-marciales-y-deportes-de-combate\/"},{"@type":"ListItem","position":4,"name":"Karate","item":"https:\/\/www.daisho.be\/es\/categorie-produit\/equipamiento-y-ropa-para-artes-marciales-y-deportes-de-combate\/karate-es-2\/"},{"@type":"ListItem","position":5,"name":"Kimonos de k\u00e1rate","item":"https:\/\/www.daisho.be\/es\/categorie-produit\/equipamiento-y-ropa-para-artes-marciales-y-deportes-de-combate\/karate-es-2\/kimonos-de-karate\/"},{"@type":"ListItem","position":6,"name":"KARATEGI TOKAIDO MAESTRO DE KATA &#8211; ESTILO JAPONES &#8211; JKA"}]},{"@type":"WebSite","@id":"https:\/\/www.daisho.be\/es\/#website","url":"https:\/\/www.daisho.be\/es\/","name":"Daisho","description":"Sp&eacute;cialiste de l'&eacute;quipement sportif d'arts martiaux","publisher":{"@id":"https:\/\/www.daisho.be\/es\/#organization"},"potentialAction":[{"@type":"SearchAction","target":{"@type":"EntryPoint","urlTemplate":"https:\/\/www.daisho.be\/es\/?s={search_term_string}"},"query-input":{"@type":"PropertyValueSpecification","valueRequired":true,"valueName":"search_term_string"}}],"inLanguage":"es"},{"@type":"Organization","@id":"https:\/\/www.daisho.be\/es\/#organization","name":"Daisho","url":"https:\/\/www.daisho.be\/es\/","logo":{"@type":"ImageObject","inLanguage":"es","@id":"https:\/\/www.daisho.be\/es\/#\/schema\/logo\/image\/","url":"https:\/\/www.daisho.be\/wp-content\/uploads\/2019\/07\/color-nothing-horizontale4x-e1564486100247.png","contentUrl":"https:\/\/www.daisho.be\/wp-content\/uploads\/2019\/07\/color-nothing-horizontale4x-e1564486100247.png","width":1547,"height":385,"caption":"Daisho"},"image":{"@id":"https:\/\/www.daisho.be\/es\/#\/schema\/logo\/image\/"}}]}},"_links":{"self":[{"href":"https:\/\/www.daisho.be\/es\/wp-json\/wp\/v2\/product\/646792","targetHints":{"allow":["GET"]}}],"collection":[{"href":"https:\/\/www.daisho.be\/es\/wp-json\/wp\/v2\/product"}],"about":[{"href":"https:\/\/www.daisho.be\/es\/wp-json\/wp\/v2\/types\/product"}],"replies":[{"embeddable":true,"href":"https:\/\/www.daisho.be\/es\/wp-json\/wp\/v2\/comments?post=646792"}],"wp:featuredmedia":[{"embeddable":true,"href":"https:\/\/www.daisho.be\/es\/wp-json\/wp\/v2\/media\/661570"}],"wp:attachment":[{"href":"https:\/\/www.daisho.be\/es\/wp-json\/wp\/v2\/media?parent=646792"}],"wp:term":[{"taxonomy":"product_brand","embeddable":true,"href":"https:\/\/www.daisho.be\/es\/wp-json\/wp\/v2\/product_brand?post=646792"},{"taxonomy":"product_cat","embeddable":true,"href":"https:\/\/www.daisho.be\/es\/wp-json\/wp\/v2\/product_cat?post=646792"},{"taxonomy":"product_tag","embeddable":true,"href":"https:\/\/www.daisho.be\/es\/wp-json\/wp\/v2\/product_tag?post=646792"},{"taxonomy":"sport","embeddable":true,"href":"https:\/\/www.daisho.be\/es\/wp-json\/wp\/v2\/sport?post=646792"}],"curies":[{"name":"wp","href":"https:\/\/api.w.org\/{rel}","templated":true}]}}