{"id":646217,"date":"2025-12-24T15:28:17","date_gmt":"2025-12-24T14:28:17","guid":{"rendered":"https:\/\/www.daisho.be\/produit\/protectores-de-antebrazo-adidas-taekwondo-ce\/"},"modified":"2025-12-24T15:28:37","modified_gmt":"2025-12-24T14:28:37","slug":"protectores-de-antebrazo-adidas-taekwondo-ce","status":"publish","type":"product","link":"https:\/\/www.daisho.be\/es\/produit\/protectores-de-antebrazo-adidas-taekwondo-ce\/","title":{"rendered":"Protectores de antebrazo adidas Taekwondo CE"},"content":{"rendered":"<p>Estos protectores de antebrazo adidas absorben perfectamente todos los golpes y luego los distribuyen de forma muy uniforme para reducir el impacto. Los protectores de antebrazo est\u00e1n homologados por la WTF y llevan la marca CE.<br \/>\nLa particularidad de estos protectores es que han sido ensamblados con los mejores luchadores del mundo. Esto te proporciona el mejor ajuste posible y la m\u00e1xima protecci\u00f3n.<br \/>\nLos protectores de antebrazo tienen forma anat\u00f3mica, por lo que se ajustan perfectamente para proporcionar una protecci\u00f3n ideal a tus espinillas. Los protectores de antebrazo se ajustan perfectamente a tu pierna gracias al calcet\u00edn el\u00e1stico de la parte posterior. El acolchado extra grueso, formado por todos los tacos sueltos, ofrece una protecci\u00f3n perfecta.<br \/>\nVentajas:<br \/>\n&#8211; buena absorci\u00f3n de las patadas<br \/>\n&#8211; seguro para los adversarios<br \/>\n&#8211; con calcet\u00edn el\u00e1stico<br \/>\n&#8211; homologado por la WTF<br \/>\n&#8211; con el logotipo de adidas    <\/p>\n","protected":false},"excerpt":{"rendered":"<p>Estos protectores de antebrazo adidas absorben perfectamente todos los golpes y luego los distribuyen de forma muy uniforme para reducir el impacto. Los protectores de antebrazo est\u00e1n homologados por la WTF y llevan la marca CE. La particularidad de estos protectores es que han sido ensamblados con los mejores luchadores del mundo. Esto te proporciona [&hellip;]<\/p>\n","protected":false},"featured_media":646205,"comment_status":"open","ping_status":"closed","template":"","meta":{"inline_featured_image":false},"product_brand":[],"product_cat":[1364,1361,1574],"product_tag":[1560],"sport":[],"class_list":{"0":"post-646217","1":"product","2":"type-product","3":"status-publish","4":"has-post-thumbnail","6":"product_cat-equipos-de-proteccion-para-taekwondo","7":"product_cat-protecciones","8":"product_cat-protectores-adidas-taekwondo","9":"product_tag-adidas-es","10":"pa_size-xl","12":"first","13":"instock","14":"taxable","15":"shipping-taxable","16":"purchasable","17":"product-type-variable"},"yoast_head":"<!-- This site is optimized with the Yoast SEO plugin v27.2 - https:\/\/yoast.com\/product\/yoast-seo-wordpress\/ -->\n<title>Protectores de antebrazo adidas Taekwondo CE &#8211; Daisho<\/title>\n<meta name=\"robots\" content=\"index, follow, max-snippet:-1, max-image-preview:large, max-video-preview:-1\" \/>\n<link rel=\"canonical\" href=\"https:\/\/www.daisho.be\/es\/produit\/protectores-de-antebrazo-adidas-taekwondo-ce\/\" \/>\n<meta property=\"og:locale\" content=\"es_ES\" \/>\n<meta property=\"og:type\" content=\"article\" \/>\n<meta property=\"og:title\" content=\"Protectores de antebrazo adidas Taekwondo CE &#8211; Daisho\" \/>\n<meta property=\"og:description\" content=\"Estos protectores de antebrazo adidas absorben perfectamente todos los golpes y luego los distribuyen de forma muy uniforme para reducir el impacto. Los protectores de antebrazo est\u00e1n homologados por la WTF y llevan la marca CE. La particularidad de estos protectores es que han sido ensamblados con los mejores luchadores del mundo. Esto te proporciona [&hellip;]\" \/>\n<meta property=\"og:url\" content=\"https:\/\/www.daisho.be\/es\/produit\/protectores-de-antebrazo-adidas-taekwondo-ce\/\" \/>\n<meta property=\"og:site_name\" content=\"Daisho\" \/>\n<meta property=\"article:modified_time\" content=\"2025-12-24T14:28:37+00:00\" \/>\n<meta property=\"og:image\" content=\"https:\/\/www.daisho.be\/wp-content\/uploads\/2025\/12\/image-109.jpg\" \/>\n\t<meta property=\"og:image:width\" content=\"650\" \/>\n\t<meta property=\"og:image:height\" content=\"650\" \/>\n\t<meta property=\"og:image:type\" content=\"image\/jpeg\" \/>\n<meta name=\"twitter:card\" content=\"summary_large_image\" \/>\n<meta name=\"twitter:label1\" content=\"Tiempo de lectura\" \/>\n\t<meta name=\"twitter:data1\" content=\"1 minuto\" \/>\n<script type=\"application\/ld+json\" class=\"yoast-schema-graph\">{\"@context\":\"https:\/\/schema.org\",\"@graph\":[{\"@type\":\"WebPage\",\"@id\":\"https:\/\/www.daisho.be\/es\/produit\/protectores-de-antebrazo-adidas-taekwondo-ce\/\",\"url\":\"https:\/\/www.daisho.be\/es\/produit\/protectores-de-antebrazo-adidas-taekwondo-ce\/\",\"name\":\"Protectores de antebrazo adidas Taekwondo CE &#8211; Daisho\",\"isPartOf\":{\"@id\":\"https:\/\/www.daisho.be\/es\/#website\"},\"primaryImageOfPage\":{\"@id\":\"https:\/\/www.daisho.be\/es\/produit\/protectores-de-antebrazo-adidas-taekwondo-ce\/#primaryimage\"},\"image\":{\"@id\":\"https:\/\/www.daisho.be\/es\/produit\/protectores-de-antebrazo-adidas-taekwondo-ce\/#primaryimage\"},\"thumbnailUrl\":\"https:\/\/www.daisho.be\/wp-content\/uploads\/2025\/12\/image-109.jpg\",\"datePublished\":\"2025-12-24T14:28:17+00:00\",\"dateModified\":\"2025-12-24T14:28:37+00:00\",\"breadcrumb\":{\"@id\":\"https:\/\/www.daisho.be\/es\/produit\/protectores-de-antebrazo-adidas-taekwondo-ce\/#breadcrumb\"},\"inLanguage\":\"es\",\"potentialAction\":[{\"@type\":\"ReadAction\",\"target\":[\"https:\/\/www.daisho.be\/es\/produit\/protectores-de-antebrazo-adidas-taekwondo-ce\/\"]}]},{\"@type\":\"ImageObject\",\"inLanguage\":\"es\",\"@id\":\"https:\/\/www.daisho.be\/es\/produit\/protectores-de-antebrazo-adidas-taekwondo-ce\/#primaryimage\",\"url\":\"https:\/\/www.daisho.be\/wp-content\/uploads\/2025\/12\/image-109.jpg\",\"contentUrl\":\"https:\/\/www.daisho.be\/wp-content\/uploads\/2025\/12\/image-109.jpg\",\"width\":650,\"height\":650,\"caption\":\"Protections Avant-bras adidas Taekwondo CE-1\"},{\"@type\":\"BreadcrumbList\",\"@id\":\"https:\/\/www.daisho.be\/es\/produit\/protectores-de-antebrazo-adidas-taekwondo-ce\/#breadcrumb\",\"itemListElement\":[{\"@type\":\"ListItem\",\"position\":1,\"name\":\"Accueil\",\"item\":\"https:\/\/www.daisho.be\/es\/\"},{\"@type\":\"ListItem\",\"position\":2,\"name\":\"Productos\",\"item\":\"https:\/\/www.daisho.be\/es\/productos\/\"},{\"@type\":\"ListItem\",\"position\":3,\"name\":\"Equipamiento y ropa para artes marciales y deportes de combate\",\"item\":\"https:\/\/www.daisho.be\/es\/categorie-produit\/equipamiento-y-ropa-para-artes-marciales-y-deportes-de-combate\/\"},{\"@type\":\"ListItem\",\"position\":4,\"name\":\"Taekwondo\",\"item\":\"https:\/\/www.daisho.be\/es\/categorie-produit\/equipamiento-y-ropa-para-artes-marciales-y-deportes-de-combate\/taekwondo-es\/\"},{\"@type\":\"ListItem\",\"position\":5,\"name\":\"Equipos de protecci\u00f3n para taekwondo\",\"item\":\"https:\/\/www.daisho.be\/es\/categorie-produit\/equipamiento-y-ropa-para-artes-marciales-y-deportes-de-combate\/taekwondo-es\/equipos-de-proteccion-para-taekwondo\/\"},{\"@type\":\"ListItem\",\"position\":6,\"name\":\"Protectores de antebrazo adidas Taekwondo CE\"}]},{\"@type\":\"WebSite\",\"@id\":\"https:\/\/www.daisho.be\/es\/#website\",\"url\":\"https:\/\/www.daisho.be\/es\/\",\"name\":\"Daisho\",\"description\":\"Sp&eacute;cialiste de l'&eacute;quipement sportif d'arts martiaux\",\"publisher\":{\"@id\":\"https:\/\/www.daisho.be\/es\/#organization\"},\"potentialAction\":[{\"@type\":\"SearchAction\",\"target\":{\"@type\":\"EntryPoint\",\"urlTemplate\":\"https:\/\/www.daisho.be\/es\/?s={search_term_string}\"},\"query-input\":{\"@type\":\"PropertyValueSpecification\",\"valueRequired\":true,\"valueName\":\"search_term_string\"}}],\"inLanguage\":\"es\"},{\"@type\":\"Organization\",\"@id\":\"https:\/\/www.daisho.be\/es\/#organization\",\"name\":\"Daisho\",\"url\":\"https:\/\/www.daisho.be\/es\/\",\"logo\":{\"@type\":\"ImageObject\",\"inLanguage\":\"es\",\"@id\":\"https:\/\/www.daisho.be\/es\/#\/schema\/logo\/image\/\",\"url\":\"https:\/\/www.daisho.be\/wp-content\/uploads\/2019\/07\/color-nothing-horizontale4x-e1564486100247.png\",\"contentUrl\":\"https:\/\/www.daisho.be\/wp-content\/uploads\/2019\/07\/color-nothing-horizontale4x-e1564486100247.png\",\"width\":1547,\"height\":385,\"caption\":\"Daisho\"},\"image\":{\"@id\":\"https:\/\/www.daisho.be\/es\/#\/schema\/logo\/image\/\"}}]}<\/script>\n<!-- \/ Yoast SEO plugin. -->","yoast_head_json":{"title":"Protectores de antebrazo adidas Taekwondo CE &#8211; Daisho","robots":{"index":"index","follow":"follow","max-snippet":"max-snippet:-1","max-image-preview":"max-image-preview:large","max-video-preview":"max-video-preview:-1"},"canonical":"https:\/\/www.daisho.be\/es\/produit\/protectores-de-antebrazo-adidas-taekwondo-ce\/","og_locale":"es_ES","og_type":"article","og_title":"Protectores de antebrazo adidas Taekwondo CE &#8211; Daisho","og_description":"Estos protectores de antebrazo adidas absorben perfectamente todos los golpes y luego los distribuyen de forma muy uniforme para reducir el impacto. Los protectores de antebrazo est\u00e1n homologados por la WTF y llevan la marca CE. La particularidad de estos protectores es que han sido ensamblados con los mejores luchadores del mundo. Esto te proporciona [&hellip;]","og_url":"https:\/\/www.daisho.be\/es\/produit\/protectores-de-antebrazo-adidas-taekwondo-ce\/","og_site_name":"Daisho","article_modified_time":"2025-12-24T14:28:37+00:00","og_image":[{"width":650,"height":650,"url":"https:\/\/www.daisho.be\/wp-content\/uploads\/2025\/12\/image-109.jpg","type":"image\/jpeg"}],"twitter_card":"summary_large_image","twitter_misc":{"Tiempo de lectura":"1 minuto"},"schema":{"@context":"https:\/\/schema.org","@graph":[{"@type":"WebPage","@id":"https:\/\/www.daisho.be\/es\/produit\/protectores-de-antebrazo-adidas-taekwondo-ce\/","url":"https:\/\/www.daisho.be\/es\/produit\/protectores-de-antebrazo-adidas-taekwondo-ce\/","name":"Protectores de antebrazo adidas Taekwondo CE &#8211; Daisho","isPartOf":{"@id":"https:\/\/www.daisho.be\/es\/#website"},"primaryImageOfPage":{"@id":"https:\/\/www.daisho.be\/es\/produit\/protectores-de-antebrazo-adidas-taekwondo-ce\/#primaryimage"},"image":{"@id":"https:\/\/www.daisho.be\/es\/produit\/protectores-de-antebrazo-adidas-taekwondo-ce\/#primaryimage"},"thumbnailUrl":"https:\/\/www.daisho.be\/wp-content\/uploads\/2025\/12\/image-109.jpg","datePublished":"2025-12-24T14:28:17+00:00","dateModified":"2025-12-24T14:28:37+00:00","breadcrumb":{"@id":"https:\/\/www.daisho.be\/es\/produit\/protectores-de-antebrazo-adidas-taekwondo-ce\/#breadcrumb"},"inLanguage":"es","potentialAction":[{"@type":"ReadAction","target":["https:\/\/www.daisho.be\/es\/produit\/protectores-de-antebrazo-adidas-taekwondo-ce\/"]}]},{"@type":"ImageObject","inLanguage":"es","@id":"https:\/\/www.daisho.be\/es\/produit\/protectores-de-antebrazo-adidas-taekwondo-ce\/#primaryimage","url":"https:\/\/www.daisho.be\/wp-content\/uploads\/2025\/12\/image-109.jpg","contentUrl":"https:\/\/www.daisho.be\/wp-content\/uploads\/2025\/12\/image-109.jpg","width":650,"height":650,"caption":"Protections Avant-bras adidas Taekwondo CE-1"},{"@type":"BreadcrumbList","@id":"https:\/\/www.daisho.be\/es\/produit\/protectores-de-antebrazo-adidas-taekwondo-ce\/#breadcrumb","itemListElement":[{"@type":"ListItem","position":1,"name":"Accueil","item":"https:\/\/www.daisho.be\/es\/"},{"@type":"ListItem","position":2,"name":"Productos","item":"https:\/\/www.daisho.be\/es\/productos\/"},{"@type":"ListItem","position":3,"name":"Equipamiento y ropa para artes marciales y deportes de combate","item":"https:\/\/www.daisho.be\/es\/categorie-produit\/equipamiento-y-ropa-para-artes-marciales-y-deportes-de-combate\/"},{"@type":"ListItem","position":4,"name":"Taekwondo","item":"https:\/\/www.daisho.be\/es\/categorie-produit\/equipamiento-y-ropa-para-artes-marciales-y-deportes-de-combate\/taekwondo-es\/"},{"@type":"ListItem","position":5,"name":"Equipos de protecci\u00f3n para taekwondo","item":"https:\/\/www.daisho.be\/es\/categorie-produit\/equipamiento-y-ropa-para-artes-marciales-y-deportes-de-combate\/taekwondo-es\/equipos-de-proteccion-para-taekwondo\/"},{"@type":"ListItem","position":6,"name":"Protectores de antebrazo adidas Taekwondo CE"}]},{"@type":"WebSite","@id":"https:\/\/www.daisho.be\/es\/#website","url":"https:\/\/www.daisho.be\/es\/","name":"Daisho","description":"Sp&eacute;cialiste de l'&eacute;quipement sportif d'arts martiaux","publisher":{"@id":"https:\/\/www.daisho.be\/es\/#organization"},"potentialAction":[{"@type":"SearchAction","target":{"@type":"EntryPoint","urlTemplate":"https:\/\/www.daisho.be\/es\/?s={search_term_string}"},"query-input":{"@type":"PropertyValueSpecification","valueRequired":true,"valueName":"search_term_string"}}],"inLanguage":"es"},{"@type":"Organization","@id":"https:\/\/www.daisho.be\/es\/#organization","name":"Daisho","url":"https:\/\/www.daisho.be\/es\/","logo":{"@type":"ImageObject","inLanguage":"es","@id":"https:\/\/www.daisho.be\/es\/#\/schema\/logo\/image\/","url":"https:\/\/www.daisho.be\/wp-content\/uploads\/2019\/07\/color-nothing-horizontale4x-e1564486100247.png","contentUrl":"https:\/\/www.daisho.be\/wp-content\/uploads\/2019\/07\/color-nothing-horizontale4x-e1564486100247.png","width":1547,"height":385,"caption":"Daisho"},"image":{"@id":"https:\/\/www.daisho.be\/es\/#\/schema\/logo\/image\/"}}]}},"_links":{"self":[{"href":"https:\/\/www.daisho.be\/es\/wp-json\/wp\/v2\/product\/646217","targetHints":{"allow":["GET"]}}],"collection":[{"href":"https:\/\/www.daisho.be\/es\/wp-json\/wp\/v2\/product"}],"about":[{"href":"https:\/\/www.daisho.be\/es\/wp-json\/wp\/v2\/types\/product"}],"replies":[{"embeddable":true,"href":"https:\/\/www.daisho.be\/es\/wp-json\/wp\/v2\/comments?post=646217"}],"wp:featuredmedia":[{"embeddable":true,"href":"https:\/\/www.daisho.be\/es\/wp-json\/wp\/v2\/media\/646205"}],"wp:attachment":[{"href":"https:\/\/www.daisho.be\/es\/wp-json\/wp\/v2\/media?parent=646217"}],"wp:term":[{"taxonomy":"product_brand","embeddable":true,"href":"https:\/\/www.daisho.be\/es\/wp-json\/wp\/v2\/product_brand?post=646217"},{"taxonomy":"product_cat","embeddable":true,"href":"https:\/\/www.daisho.be\/es\/wp-json\/wp\/v2\/product_cat?post=646217"},{"taxonomy":"product_tag","embeddable":true,"href":"https:\/\/www.daisho.be\/es\/wp-json\/wp\/v2\/product_tag?post=646217"},{"taxonomy":"sport","embeddable":true,"href":"https:\/\/www.daisho.be\/es\/wp-json\/wp\/v2\/sport?post=646217"}],"curies":[{"name":"wp","href":"https:\/\/api.w.org\/{rel}","templated":true}]}}