{"id":645992,"date":"2025-12-24T11:18:28","date_gmt":"2025-12-24T10:18:28","guid":{"rendered":"https:\/\/www.daisho.be\/produit\/adidas-doble-mano-iranian-dtp\/"},"modified":"2025-12-24T11:18:28","modified_gmt":"2025-12-24T10:18:28","slug":"adidas-doble-mano-iranian-dtp","status":"publish","type":"product","link":"https:\/\/www.daisho.be\/es\/produit\/adidas-doble-mano-iranian-dtp\/","title":{"rendered":"adidas doble mano IRANIAN DTP"},"content":{"rendered":"<p>Escudo de estilo iran\u00ed en PU resistente, acolchado de espuma de alta resistencia \u00abPolymax\u00bb para una mayor durabilidad y una \u00f3ptima absorci\u00f3n de los impactos durante el entrenamiento. Tres agarres reforzados que mejoran el agarre. Especialmente dise\u00c3\u00b1ado para t\u00c3\u00a9cnicas de combate y kick-boxing. Elegante logotipo de adidas impreso en la parte delantera del escudo.<br \/>\nLas correas de nailon se fijan en la parte posterior para sujetar firmemente el escudo.<br \/>\nEl acolchado est\u00e1 compuesto por un acolchado de espuma aireada \u00abPolyMAX\u00bb, que garantiza que el escudo no cree vac\u00edo. El acolchado absorbe perfectamente los pu\u00f1etazos y las patadas, garantizando una gran comodidad de entrenamiento. El coj\u00edn es ideal para practicar tus pu\u00f1etazos y patadas, tanto de frente como de lado de tu compa\u00f1ero de entrenamiento.<br \/>\nEste coj\u00edn de manos es adecuado para todos los artistas marciales. Adecuado tanto para entrenadores como para estudiantes.<br \/>\nVentajas:<br \/>\n&#8211; PU3G<br \/>\n&#8211; acolchado de espuma de aire altamente absorbente<br \/>\n&#8211; correas de nailon en el dorso<br \/>\n&#8211; adecuado para entrenadores y estudiantes      <\/p>\n","protected":false},"excerpt":{"rendered":"<p>Escudo de estilo iran\u00ed en PU resistente, acolchado de espuma de alta resistencia \u00abPolymax\u00bb para una mayor durabilidad y una \u00f3ptima absorci\u00f3n de los impactos durante el entrenamiento. Tres agarres reforzados que mejoran el agarre. Especialmente dise\u00c3\u00b1ado para t\u00c3\u00a9cnicas de combate y kick-boxing. Elegante logotipo de adidas impreso en la parte delantera del escudo. Las [&hellip;]<\/p>\n","protected":false},"featured_media":645979,"comment_status":"open","ping_status":"closed","template":"","meta":{"inline_featured_image":false},"product_brand":[],"product_cat":[1325,1671,1632,1630],"product_tag":[1560],"sport":[],"class_list":{"0":"post-645992","1":"product","2":"type-product","3":"status-publish","4":"has-post-thumbnail","6":"product_cat-sacos-de-boxeo-es","7":"product_cat-sacos-de-boxeo-y-accesorios-de-entrenamiento-es-2","8":"product_cat-sacos-de-boxeo-y-accesorios-de-entrenamiento","9":"product_cat-sacos-de-boxeo-y-accesorios-de-entrenamiento-de-karate","10":"product_tag-adidas-es","11":"pa_size-sans-taille-defaut","13":"first","14":"instock","15":"taxable","16":"shipping-taxable","17":"purchasable","18":"product-type-variable"},"yoast_head":"<!-- This site is optimized with the Yoast SEO plugin v27.2 - https:\/\/yoast.com\/product\/yoast-seo-wordpress\/ -->\n<title>adidas doble mano IRANIAN DTP &#8211; Daisho<\/title>\n<meta name=\"robots\" content=\"index, follow, max-snippet:-1, max-image-preview:large, max-video-preview:-1\" \/>\n<link rel=\"canonical\" href=\"https:\/\/www.daisho.be\/es\/produit\/adidas-doble-mano-iranian-dtp\/\" \/>\n<meta property=\"og:locale\" content=\"es_ES\" \/>\n<meta property=\"og:type\" content=\"article\" \/>\n<meta property=\"og:title\" content=\"adidas doble mano IRANIAN DTP &#8211; Daisho\" \/>\n<meta property=\"og:description\" content=\"Escudo de estilo iran\u00ed en PU resistente, acolchado de espuma de alta resistencia \u00abPolymax\u00bb para una mayor durabilidad y una \u00f3ptima absorci\u00f3n de los impactos durante el entrenamiento. Tres agarres reforzados que mejoran el agarre. Especialmente dise\u00c3\u00b1ado para t\u00c3\u00a9cnicas de combate y kick-boxing. Elegante logotipo de adidas impreso en la parte delantera del escudo. Las [&hellip;]\" \/>\n<meta property=\"og:url\" content=\"https:\/\/www.daisho.be\/es\/produit\/adidas-doble-mano-iranian-dtp\/\" \/>\n<meta property=\"og:site_name\" content=\"Daisho\" \/>\n<meta property=\"og:image\" content=\"https:\/\/www.daisho.be\/wp-content\/uploads\/2025\/12\/image-95.jpg\" \/>\n\t<meta property=\"og:image:width\" content=\"650\" \/>\n\t<meta property=\"og:image:height\" content=\"650\" \/>\n\t<meta property=\"og:image:type\" content=\"image\/jpeg\" \/>\n<meta name=\"twitter:card\" content=\"summary_large_image\" \/>\n<meta name=\"twitter:label1\" content=\"Tiempo de lectura\" \/>\n\t<meta name=\"twitter:data1\" content=\"1 minuto\" \/>\n<script type=\"application\/ld+json\" class=\"yoast-schema-graph\">{\"@context\":\"https:\/\/schema.org\",\"@graph\":[{\"@type\":\"WebPage\",\"@id\":\"https:\/\/www.daisho.be\/es\/produit\/adidas-doble-mano-iranian-dtp\/\",\"url\":\"https:\/\/www.daisho.be\/es\/produit\/adidas-doble-mano-iranian-dtp\/\",\"name\":\"adidas doble mano IRANIAN DTP &#8211; Daisho\",\"isPartOf\":{\"@id\":\"https:\/\/www.daisho.be\/es\/#website\"},\"primaryImageOfPage\":{\"@id\":\"https:\/\/www.daisho.be\/es\/produit\/adidas-doble-mano-iranian-dtp\/#primaryimage\"},\"image\":{\"@id\":\"https:\/\/www.daisho.be\/es\/produit\/adidas-doble-mano-iranian-dtp\/#primaryimage\"},\"thumbnailUrl\":\"https:\/\/www.daisho.be\/wp-content\/uploads\/2025\/12\/image-95.jpg\",\"datePublished\":\"2025-12-24T10:18:28+00:00\",\"breadcrumb\":{\"@id\":\"https:\/\/www.daisho.be\/es\/produit\/adidas-doble-mano-iranian-dtp\/#breadcrumb\"},\"inLanguage\":\"es\",\"potentialAction\":[{\"@type\":\"ReadAction\",\"target\":[\"https:\/\/www.daisho.be\/es\/produit\/adidas-doble-mano-iranian-dtp\/\"]}]},{\"@type\":\"ImageObject\",\"inLanguage\":\"es\",\"@id\":\"https:\/\/www.daisho.be\/es\/produit\/adidas-doble-mano-iranian-dtp\/#primaryimage\",\"url\":\"https:\/\/www.daisho.be\/wp-content\/uploads\/2025\/12\/image-95.jpg\",\"contentUrl\":\"https:\/\/www.daisho.be\/wp-content\/uploads\/2025\/12\/image-95.jpg\",\"width\":650,\"height\":650,\"caption\":\"PAO IRANIEN adidas \u00e0 double main-1\"},{\"@type\":\"BreadcrumbList\",\"@id\":\"https:\/\/www.daisho.be\/es\/produit\/adidas-doble-mano-iranian-dtp\/#breadcrumb\",\"itemListElement\":[{\"@type\":\"ListItem\",\"position\":1,\"name\":\"Accueil\",\"item\":\"https:\/\/www.daisho.be\/es\/\"},{\"@type\":\"ListItem\",\"position\":2,\"name\":\"Productos\",\"item\":\"https:\/\/www.daisho.be\/es\/productos\/\"},{\"@type\":\"ListItem\",\"position\":3,\"name\":\"Equipamiento y ropa para artes marciales y deportes de combate\",\"item\":\"https:\/\/www.daisho.be\/es\/categorie-produit\/equipamiento-y-ropa-para-artes-marciales-y-deportes-de-combate\/\"},{\"@type\":\"ListItem\",\"position\":4,\"name\":\"Boxeo\",\"item\":\"https:\/\/www.daisho.be\/es\/categorie-produit\/equipamiento-y-ropa-para-artes-marciales-y-deportes-de-combate\/boxeo-es\/\"},{\"@type\":\"ListItem\",\"position\":5,\"name\":\"Sacos de boxeo\",\"item\":\"https:\/\/www.daisho.be\/es\/categorie-produit\/equipamiento-y-ropa-para-artes-marciales-y-deportes-de-combate\/boxeo-es\/sacos-de-boxeo-es\/\"},{\"@type\":\"ListItem\",\"position\":6,\"name\":\"adidas doble mano IRANIAN DTP\"}]},{\"@type\":\"WebSite\",\"@id\":\"https:\/\/www.daisho.be\/es\/#website\",\"url\":\"https:\/\/www.daisho.be\/es\/\",\"name\":\"Daisho\",\"description\":\"Sp&eacute;cialiste de l'&eacute;quipement sportif d'arts martiaux\",\"publisher\":{\"@id\":\"https:\/\/www.daisho.be\/es\/#organization\"},\"potentialAction\":[{\"@type\":\"SearchAction\",\"target\":{\"@type\":\"EntryPoint\",\"urlTemplate\":\"https:\/\/www.daisho.be\/es\/?s={search_term_string}\"},\"query-input\":{\"@type\":\"PropertyValueSpecification\",\"valueRequired\":true,\"valueName\":\"search_term_string\"}}],\"inLanguage\":\"es\"},{\"@type\":\"Organization\",\"@id\":\"https:\/\/www.daisho.be\/es\/#organization\",\"name\":\"Daisho\",\"url\":\"https:\/\/www.daisho.be\/es\/\",\"logo\":{\"@type\":\"ImageObject\",\"inLanguage\":\"es\",\"@id\":\"https:\/\/www.daisho.be\/es\/#\/schema\/logo\/image\/\",\"url\":\"https:\/\/www.daisho.be\/wp-content\/uploads\/2019\/07\/color-nothing-horizontale4x-e1564486100247.png\",\"contentUrl\":\"https:\/\/www.daisho.be\/wp-content\/uploads\/2019\/07\/color-nothing-horizontale4x-e1564486100247.png\",\"width\":1547,\"height\":385,\"caption\":\"Daisho\"},\"image\":{\"@id\":\"https:\/\/www.daisho.be\/es\/#\/schema\/logo\/image\/\"}}]}<\/script>\n<!-- \/ Yoast SEO plugin. -->","yoast_head_json":{"title":"adidas doble mano IRANIAN DTP &#8211; Daisho","robots":{"index":"index","follow":"follow","max-snippet":"max-snippet:-1","max-image-preview":"max-image-preview:large","max-video-preview":"max-video-preview:-1"},"canonical":"https:\/\/www.daisho.be\/es\/produit\/adidas-doble-mano-iranian-dtp\/","og_locale":"es_ES","og_type":"article","og_title":"adidas doble mano IRANIAN DTP &#8211; Daisho","og_description":"Escudo de estilo iran\u00ed en PU resistente, acolchado de espuma de alta resistencia \u00abPolymax\u00bb para una mayor durabilidad y una \u00f3ptima absorci\u00f3n de los impactos durante el entrenamiento. Tres agarres reforzados que mejoran el agarre. Especialmente dise\u00c3\u00b1ado para t\u00c3\u00a9cnicas de combate y kick-boxing. Elegante logotipo de adidas impreso en la parte delantera del escudo. Las [&hellip;]","og_url":"https:\/\/www.daisho.be\/es\/produit\/adidas-doble-mano-iranian-dtp\/","og_site_name":"Daisho","og_image":[{"width":650,"height":650,"url":"https:\/\/www.daisho.be\/wp-content\/uploads\/2025\/12\/image-95.jpg","type":"image\/jpeg"}],"twitter_card":"summary_large_image","twitter_misc":{"Tiempo de lectura":"1 minuto"},"schema":{"@context":"https:\/\/schema.org","@graph":[{"@type":"WebPage","@id":"https:\/\/www.daisho.be\/es\/produit\/adidas-doble-mano-iranian-dtp\/","url":"https:\/\/www.daisho.be\/es\/produit\/adidas-doble-mano-iranian-dtp\/","name":"adidas doble mano IRANIAN DTP &#8211; Daisho","isPartOf":{"@id":"https:\/\/www.daisho.be\/es\/#website"},"primaryImageOfPage":{"@id":"https:\/\/www.daisho.be\/es\/produit\/adidas-doble-mano-iranian-dtp\/#primaryimage"},"image":{"@id":"https:\/\/www.daisho.be\/es\/produit\/adidas-doble-mano-iranian-dtp\/#primaryimage"},"thumbnailUrl":"https:\/\/www.daisho.be\/wp-content\/uploads\/2025\/12\/image-95.jpg","datePublished":"2025-12-24T10:18:28+00:00","breadcrumb":{"@id":"https:\/\/www.daisho.be\/es\/produit\/adidas-doble-mano-iranian-dtp\/#breadcrumb"},"inLanguage":"es","potentialAction":[{"@type":"ReadAction","target":["https:\/\/www.daisho.be\/es\/produit\/adidas-doble-mano-iranian-dtp\/"]}]},{"@type":"ImageObject","inLanguage":"es","@id":"https:\/\/www.daisho.be\/es\/produit\/adidas-doble-mano-iranian-dtp\/#primaryimage","url":"https:\/\/www.daisho.be\/wp-content\/uploads\/2025\/12\/image-95.jpg","contentUrl":"https:\/\/www.daisho.be\/wp-content\/uploads\/2025\/12\/image-95.jpg","width":650,"height":650,"caption":"PAO IRANIEN adidas \u00e0 double main-1"},{"@type":"BreadcrumbList","@id":"https:\/\/www.daisho.be\/es\/produit\/adidas-doble-mano-iranian-dtp\/#breadcrumb","itemListElement":[{"@type":"ListItem","position":1,"name":"Accueil","item":"https:\/\/www.daisho.be\/es\/"},{"@type":"ListItem","position":2,"name":"Productos","item":"https:\/\/www.daisho.be\/es\/productos\/"},{"@type":"ListItem","position":3,"name":"Equipamiento y ropa para artes marciales y deportes de combate","item":"https:\/\/www.daisho.be\/es\/categorie-produit\/equipamiento-y-ropa-para-artes-marciales-y-deportes-de-combate\/"},{"@type":"ListItem","position":4,"name":"Boxeo","item":"https:\/\/www.daisho.be\/es\/categorie-produit\/equipamiento-y-ropa-para-artes-marciales-y-deportes-de-combate\/boxeo-es\/"},{"@type":"ListItem","position":5,"name":"Sacos de boxeo","item":"https:\/\/www.daisho.be\/es\/categorie-produit\/equipamiento-y-ropa-para-artes-marciales-y-deportes-de-combate\/boxeo-es\/sacos-de-boxeo-es\/"},{"@type":"ListItem","position":6,"name":"adidas doble mano IRANIAN DTP"}]},{"@type":"WebSite","@id":"https:\/\/www.daisho.be\/es\/#website","url":"https:\/\/www.daisho.be\/es\/","name":"Daisho","description":"Sp&eacute;cialiste de l'&eacute;quipement sportif d'arts martiaux","publisher":{"@id":"https:\/\/www.daisho.be\/es\/#organization"},"potentialAction":[{"@type":"SearchAction","target":{"@type":"EntryPoint","urlTemplate":"https:\/\/www.daisho.be\/es\/?s={search_term_string}"},"query-input":{"@type":"PropertyValueSpecification","valueRequired":true,"valueName":"search_term_string"}}],"inLanguage":"es"},{"@type":"Organization","@id":"https:\/\/www.daisho.be\/es\/#organization","name":"Daisho","url":"https:\/\/www.daisho.be\/es\/","logo":{"@type":"ImageObject","inLanguage":"es","@id":"https:\/\/www.daisho.be\/es\/#\/schema\/logo\/image\/","url":"https:\/\/www.daisho.be\/wp-content\/uploads\/2019\/07\/color-nothing-horizontale4x-e1564486100247.png","contentUrl":"https:\/\/www.daisho.be\/wp-content\/uploads\/2019\/07\/color-nothing-horizontale4x-e1564486100247.png","width":1547,"height":385,"caption":"Daisho"},"image":{"@id":"https:\/\/www.daisho.be\/es\/#\/schema\/logo\/image\/"}}]}},"_links":{"self":[{"href":"https:\/\/www.daisho.be\/es\/wp-json\/wp\/v2\/product\/645992","targetHints":{"allow":["GET"]}}],"collection":[{"href":"https:\/\/www.daisho.be\/es\/wp-json\/wp\/v2\/product"}],"about":[{"href":"https:\/\/www.daisho.be\/es\/wp-json\/wp\/v2\/types\/product"}],"replies":[{"embeddable":true,"href":"https:\/\/www.daisho.be\/es\/wp-json\/wp\/v2\/comments?post=645992"}],"wp:featuredmedia":[{"embeddable":true,"href":"https:\/\/www.daisho.be\/es\/wp-json\/wp\/v2\/media\/645979"}],"wp:attachment":[{"href":"https:\/\/www.daisho.be\/es\/wp-json\/wp\/v2\/media?parent=645992"}],"wp:term":[{"taxonomy":"product_brand","embeddable":true,"href":"https:\/\/www.daisho.be\/es\/wp-json\/wp\/v2\/product_brand?post=645992"},{"taxonomy":"product_cat","embeddable":true,"href":"https:\/\/www.daisho.be\/es\/wp-json\/wp\/v2\/product_cat?post=645992"},{"taxonomy":"product_tag","embeddable":true,"href":"https:\/\/www.daisho.be\/es\/wp-json\/wp\/v2\/product_tag?post=645992"},{"taxonomy":"sport","embeddable":true,"href":"https:\/\/www.daisho.be\/es\/wp-json\/wp\/v2\/sport?post=645992"}],"curies":[{"name":"wp","href":"https:\/\/api.w.org\/{rel}","templated":true}]}}