{"id":645825,"date":"2025-12-23T12:24:37","date_gmt":"2025-12-23T11:24:37","guid":{"rendered":"https:\/\/www.daisho.be\/produit\/guantes-de-karate-tokaido-kanji-wkf-rojo-con-pulgar\/"},"modified":"2026-02-17T15:25:27","modified_gmt":"2026-02-17T14:25:27","slug":"guantes-de-karate-tokaido-kanji-wkf-rojo-con-pulgar","status":"publish","type":"product","link":"https:\/\/www.daisho.be\/es\/produit\/guantes-de-karate-tokaido-kanji-wkf-rojo-con-pulgar\/","title":{"rendered":"GUANTES DE KARATE TOKAIDO KANJI WKF ROJO CON PULGAR"},"content":{"rendered":"<p>Guantes de k\u00e1rate Tokaido ligeros con excelentes propiedades de amortiguaci\u00f3n.<\/p>\n<p>Validado por la WKF.<\/p>\n<p>El n\u00facleo interno de espuma proporciona una absorci\u00f3n \u00f3ptima de los impactos.<\/p>\n<p>El revestimiento exterior de piel sint\u00e9tica resistente al agua y al sudor proporciona la estabilidad necesaria.<\/p>\n<p>Con el pulgar<\/p>\n<p>&nbsp;<\/p>\n<p>Especificaciones t\u00e9cnicas :<\/p>\n<p>&#8211; Manoplas de k\u00e1rate homologadas por la WKF<\/p>\n<p>&#8211; Concebido para KUMITE<\/p>\n<p>&#8211; apto para la competici\u00f3n<\/p>\n<p>&#8211; en cuero artificial<\/p>\n<p>&#8211; disponible en azul y rojo<\/p>\n","protected":false},"excerpt":{"rendered":"<p>Guantes de k\u00e1rate Tokaido ligeros con excelentes propiedades de amortiguaci\u00f3n. Validado por la WKF. El n\u00facleo interno de espuma proporciona una absorci\u00f3n \u00f3ptima de los impactos. El revestimiento exterior de piel sint\u00e9tica resistente al agua y al sudor proporciona la estabilidad necesaria. Con el pulgar &nbsp; Especificaciones t\u00e9cnicas : &#8211; Manoplas de k\u00e1rate homologadas por [&hellip;]<\/p>\n","protected":false},"featured_media":338520,"comment_status":"open","ping_status":"closed","template":"","meta":{"inline_featured_image":false},"product_brand":[],"product_cat":[1363,1361],"product_tag":[1306],"sport":[],"class_list":{"0":"post-645825","1":"product","2":"type-product","3":"status-publish","4":"has-post-thumbnail","6":"product_cat-proteccion-del-karate","7":"product_cat-protecciones","8":"product_tag-tokaido-es","9":"pa_size-l","10":"pa_size-m","11":"pa_size-s","12":"pa_size-xl","13":"pa_size-xs","15":"first","16":"instock","17":"taxable","18":"shipping-taxable","19":"purchasable","20":"product-type-variable"},"yoast_head":"<!-- This site is optimized with the Yoast SEO plugin v27.2 - https:\/\/yoast.com\/product\/yoast-seo-wordpress\/ -->\n<title>GUANTES DE KARATE TOKAIDO KANJI WKF ROJO CON PULGAR &#8211; Daisho<\/title>\n<meta name=\"description\" content=\"Guantes ligeros de k\u00e1rate Tokaido con excelentes caracter\u00edsticas de amortiguaci\u00f3n y normas WKF. Encu\u00e9ntralos en www.daisho.be | Daisho\" \/>\n<meta name=\"robots\" content=\"index, follow, max-snippet:-1, max-image-preview:large, max-video-preview:-1\" \/>\n<link rel=\"canonical\" href=\"https:\/\/www.daisho.be\/es\/produit\/guantes-de-karate-tokaido-kanji-wkf-rojo-con-pulgar\/\" \/>\n<meta property=\"og:locale\" content=\"es_ES\" \/>\n<meta property=\"og:type\" content=\"article\" \/>\n<meta property=\"og:title\" content=\"GUANTES DE KARATE TOKAIDO KANJI WKF ROJO CON PULGAR &#8211; Daisho\" \/>\n<meta property=\"og:description\" content=\"Guantes ligeros de k\u00e1rate Tokaido con excelentes caracter\u00edsticas de amortiguaci\u00f3n y normas WKF. Encu\u00e9ntralos en www.daisho.be | Daisho\" \/>\n<meta property=\"og:url\" content=\"https:\/\/www.daisho.be\/es\/produit\/guantes-de-karate-tokaido-kanji-wkf-rojo-con-pulgar\/\" \/>\n<meta property=\"og:site_name\" content=\"Daisho\" \/>\n<meta property=\"article:modified_time\" content=\"2026-02-17T14:25:27+00:00\" \/>\n<meta property=\"og:image\" content=\"https:\/\/www.daisho.be\/wp-content\/uploads\/2023\/08\/image-4.jpg\" \/>\n\t<meta property=\"og:image:width\" content=\"510\" \/>\n\t<meta property=\"og:image:height\" content=\"720\" \/>\n\t<meta property=\"og:image:type\" content=\"image\/jpeg\" \/>\n<meta name=\"twitter:card\" content=\"summary_large_image\" \/>\n<script type=\"application\/ld+json\" class=\"yoast-schema-graph\">{\"@context\":\"https:\/\/schema.org\",\"@graph\":[{\"@type\":\"WebPage\",\"@id\":\"https:\/\/www.daisho.be\/es\/produit\/guantes-de-karate-tokaido-kanji-wkf-rojo-con-pulgar\/\",\"url\":\"https:\/\/www.daisho.be\/es\/produit\/guantes-de-karate-tokaido-kanji-wkf-rojo-con-pulgar\/\",\"name\":\"GUANTES DE KARATE TOKAIDO KANJI WKF ROJO CON PULGAR &#8211; Daisho\",\"isPartOf\":{\"@id\":\"https:\/\/www.daisho.be\/es\/#website\"},\"primaryImageOfPage\":{\"@id\":\"https:\/\/www.daisho.be\/es\/produit\/guantes-de-karate-tokaido-kanji-wkf-rojo-con-pulgar\/#primaryimage\"},\"image\":{\"@id\":\"https:\/\/www.daisho.be\/es\/produit\/guantes-de-karate-tokaido-kanji-wkf-rojo-con-pulgar\/#primaryimage\"},\"thumbnailUrl\":\"https:\/\/www.daisho.be\/wp-content\/uploads\/2023\/08\/image-4.jpg\",\"datePublished\":\"2025-12-23T11:24:37+00:00\",\"dateModified\":\"2026-02-17T14:25:27+00:00\",\"description\":\"Guantes ligeros de k\u00e1rate Tokaido con excelentes caracter\u00edsticas de amortiguaci\u00f3n y normas WKF. Encu\u00e9ntralos en www.daisho.be | Daisho\",\"breadcrumb\":{\"@id\":\"https:\/\/www.daisho.be\/es\/produit\/guantes-de-karate-tokaido-kanji-wkf-rojo-con-pulgar\/#breadcrumb\"},\"inLanguage\":\"es\",\"potentialAction\":[{\"@type\":\"ReadAction\",\"target\":[\"https:\/\/www.daisho.be\/es\/produit\/guantes-de-karate-tokaido-kanji-wkf-rojo-con-pulgar\/\"]}]},{\"@type\":\"ImageObject\",\"inLanguage\":\"es\",\"@id\":\"https:\/\/www.daisho.be\/es\/produit\/guantes-de-karate-tokaido-kanji-wkf-rojo-con-pulgar\/#primaryimage\",\"url\":\"https:\/\/www.daisho.be\/wp-content\/uploads\/2023\/08\/image-4.jpg\",\"contentUrl\":\"https:\/\/www.daisho.be\/wp-content\/uploads\/2023\/08\/image-4.jpg\",\"width\":510,\"height\":720,\"caption\":\"TOKAIDO KANJI GUANTES DE KARATE WKF ROJO CON PULGAR-1\"},{\"@type\":\"BreadcrumbList\",\"@id\":\"https:\/\/www.daisho.be\/es\/produit\/guantes-de-karate-tokaido-kanji-wkf-rojo-con-pulgar\/#breadcrumb\",\"itemListElement\":[{\"@type\":\"ListItem\",\"position\":1,\"name\":\"Accueil\",\"item\":\"https:\/\/www.daisho.be\/es\/\"},{\"@type\":\"ListItem\",\"position\":2,\"name\":\"Productos\",\"item\":\"https:\/\/www.daisho.be\/es\/productos\/\"},{\"@type\":\"ListItem\",\"position\":3,\"name\":\"Equipamiento y ropa para artes marciales y deportes de combate\",\"item\":\"https:\/\/www.daisho.be\/es\/categorie-produit\/equipamiento-y-ropa-para-artes-marciales-y-deportes-de-combate\/\"},{\"@type\":\"ListItem\",\"position\":4,\"name\":\"Karate\",\"item\":\"https:\/\/www.daisho.be\/es\/categorie-produit\/equipamiento-y-ropa-para-artes-marciales-y-deportes-de-combate\/karate-es-2\/\"},{\"@type\":\"ListItem\",\"position\":5,\"name\":\"Protecci\u00f3n del k\u00e1rate\",\"item\":\"https:\/\/www.daisho.be\/es\/categorie-produit\/equipamiento-y-ropa-para-artes-marciales-y-deportes-de-combate\/karate-es-2\/proteccion-del-karate\/\"},{\"@type\":\"ListItem\",\"position\":6,\"name\":\"GUANTES DE KARATE TOKAIDO KANJI WKF ROJO CON PULGAR\"}]},{\"@type\":\"WebSite\",\"@id\":\"https:\/\/www.daisho.be\/es\/#website\",\"url\":\"https:\/\/www.daisho.be\/es\/\",\"name\":\"Daisho\",\"description\":\"Sp&eacute;cialiste de l'&eacute;quipement sportif d'arts martiaux\",\"publisher\":{\"@id\":\"https:\/\/www.daisho.be\/es\/#organization\"},\"potentialAction\":[{\"@type\":\"SearchAction\",\"target\":{\"@type\":\"EntryPoint\",\"urlTemplate\":\"https:\/\/www.daisho.be\/es\/?s={search_term_string}\"},\"query-input\":{\"@type\":\"PropertyValueSpecification\",\"valueRequired\":true,\"valueName\":\"search_term_string\"}}],\"inLanguage\":\"es\"},{\"@type\":\"Organization\",\"@id\":\"https:\/\/www.daisho.be\/es\/#organization\",\"name\":\"Daisho\",\"url\":\"https:\/\/www.daisho.be\/es\/\",\"logo\":{\"@type\":\"ImageObject\",\"inLanguage\":\"es\",\"@id\":\"https:\/\/www.daisho.be\/es\/#\/schema\/logo\/image\/\",\"url\":\"https:\/\/www.daisho.be\/wp-content\/uploads\/2019\/07\/color-nothing-horizontale4x-e1564486100247.png\",\"contentUrl\":\"https:\/\/www.daisho.be\/wp-content\/uploads\/2019\/07\/color-nothing-horizontale4x-e1564486100247.png\",\"width\":1547,\"height\":385,\"caption\":\"Daisho\"},\"image\":{\"@id\":\"https:\/\/www.daisho.be\/es\/#\/schema\/logo\/image\/\"}}]}<\/script>\n<!-- \/ Yoast SEO plugin. -->","yoast_head_json":{"title":"GUANTES DE KARATE TOKAIDO KANJI WKF ROJO CON PULGAR &#8211; Daisho","description":"Guantes ligeros de k\u00e1rate Tokaido con excelentes caracter\u00edsticas de amortiguaci\u00f3n y normas WKF. Encu\u00e9ntralos en www.daisho.be | Daisho","robots":{"index":"index","follow":"follow","max-snippet":"max-snippet:-1","max-image-preview":"max-image-preview:large","max-video-preview":"max-video-preview:-1"},"canonical":"https:\/\/www.daisho.be\/es\/produit\/guantes-de-karate-tokaido-kanji-wkf-rojo-con-pulgar\/","og_locale":"es_ES","og_type":"article","og_title":"GUANTES DE KARATE TOKAIDO KANJI WKF ROJO CON PULGAR &#8211; Daisho","og_description":"Guantes ligeros de k\u00e1rate Tokaido con excelentes caracter\u00edsticas de amortiguaci\u00f3n y normas WKF. Encu\u00e9ntralos en www.daisho.be | Daisho","og_url":"https:\/\/www.daisho.be\/es\/produit\/guantes-de-karate-tokaido-kanji-wkf-rojo-con-pulgar\/","og_site_name":"Daisho","article_modified_time":"2026-02-17T14:25:27+00:00","og_image":[{"width":510,"height":720,"url":"https:\/\/www.daisho.be\/wp-content\/uploads\/2023\/08\/image-4.jpg","type":"image\/jpeg"}],"twitter_card":"summary_large_image","schema":{"@context":"https:\/\/schema.org","@graph":[{"@type":"WebPage","@id":"https:\/\/www.daisho.be\/es\/produit\/guantes-de-karate-tokaido-kanji-wkf-rojo-con-pulgar\/","url":"https:\/\/www.daisho.be\/es\/produit\/guantes-de-karate-tokaido-kanji-wkf-rojo-con-pulgar\/","name":"GUANTES DE KARATE TOKAIDO KANJI WKF ROJO CON PULGAR &#8211; Daisho","isPartOf":{"@id":"https:\/\/www.daisho.be\/es\/#website"},"primaryImageOfPage":{"@id":"https:\/\/www.daisho.be\/es\/produit\/guantes-de-karate-tokaido-kanji-wkf-rojo-con-pulgar\/#primaryimage"},"image":{"@id":"https:\/\/www.daisho.be\/es\/produit\/guantes-de-karate-tokaido-kanji-wkf-rojo-con-pulgar\/#primaryimage"},"thumbnailUrl":"https:\/\/www.daisho.be\/wp-content\/uploads\/2023\/08\/image-4.jpg","datePublished":"2025-12-23T11:24:37+00:00","dateModified":"2026-02-17T14:25:27+00:00","description":"Guantes ligeros de k\u00e1rate Tokaido con excelentes caracter\u00edsticas de amortiguaci\u00f3n y normas WKF. Encu\u00e9ntralos en www.daisho.be | Daisho","breadcrumb":{"@id":"https:\/\/www.daisho.be\/es\/produit\/guantes-de-karate-tokaido-kanji-wkf-rojo-con-pulgar\/#breadcrumb"},"inLanguage":"es","potentialAction":[{"@type":"ReadAction","target":["https:\/\/www.daisho.be\/es\/produit\/guantes-de-karate-tokaido-kanji-wkf-rojo-con-pulgar\/"]}]},{"@type":"ImageObject","inLanguage":"es","@id":"https:\/\/www.daisho.be\/es\/produit\/guantes-de-karate-tokaido-kanji-wkf-rojo-con-pulgar\/#primaryimage","url":"https:\/\/www.daisho.be\/wp-content\/uploads\/2023\/08\/image-4.jpg","contentUrl":"https:\/\/www.daisho.be\/wp-content\/uploads\/2023\/08\/image-4.jpg","width":510,"height":720,"caption":"TOKAIDO KANJI GUANTES DE KARATE WKF ROJO CON PULGAR-1"},{"@type":"BreadcrumbList","@id":"https:\/\/www.daisho.be\/es\/produit\/guantes-de-karate-tokaido-kanji-wkf-rojo-con-pulgar\/#breadcrumb","itemListElement":[{"@type":"ListItem","position":1,"name":"Accueil","item":"https:\/\/www.daisho.be\/es\/"},{"@type":"ListItem","position":2,"name":"Productos","item":"https:\/\/www.daisho.be\/es\/productos\/"},{"@type":"ListItem","position":3,"name":"Equipamiento y ropa para artes marciales y deportes de combate","item":"https:\/\/www.daisho.be\/es\/categorie-produit\/equipamiento-y-ropa-para-artes-marciales-y-deportes-de-combate\/"},{"@type":"ListItem","position":4,"name":"Karate","item":"https:\/\/www.daisho.be\/es\/categorie-produit\/equipamiento-y-ropa-para-artes-marciales-y-deportes-de-combate\/karate-es-2\/"},{"@type":"ListItem","position":5,"name":"Protecci\u00f3n del k\u00e1rate","item":"https:\/\/www.daisho.be\/es\/categorie-produit\/equipamiento-y-ropa-para-artes-marciales-y-deportes-de-combate\/karate-es-2\/proteccion-del-karate\/"},{"@type":"ListItem","position":6,"name":"GUANTES DE KARATE TOKAIDO KANJI WKF ROJO CON PULGAR"}]},{"@type":"WebSite","@id":"https:\/\/www.daisho.be\/es\/#website","url":"https:\/\/www.daisho.be\/es\/","name":"Daisho","description":"Sp&eacute;cialiste de l'&eacute;quipement sportif d'arts martiaux","publisher":{"@id":"https:\/\/www.daisho.be\/es\/#organization"},"potentialAction":[{"@type":"SearchAction","target":{"@type":"EntryPoint","urlTemplate":"https:\/\/www.daisho.be\/es\/?s={search_term_string}"},"query-input":{"@type":"PropertyValueSpecification","valueRequired":true,"valueName":"search_term_string"}}],"inLanguage":"es"},{"@type":"Organization","@id":"https:\/\/www.daisho.be\/es\/#organization","name":"Daisho","url":"https:\/\/www.daisho.be\/es\/","logo":{"@type":"ImageObject","inLanguage":"es","@id":"https:\/\/www.daisho.be\/es\/#\/schema\/logo\/image\/","url":"https:\/\/www.daisho.be\/wp-content\/uploads\/2019\/07\/color-nothing-horizontale4x-e1564486100247.png","contentUrl":"https:\/\/www.daisho.be\/wp-content\/uploads\/2019\/07\/color-nothing-horizontale4x-e1564486100247.png","width":1547,"height":385,"caption":"Daisho"},"image":{"@id":"https:\/\/www.daisho.be\/es\/#\/schema\/logo\/image\/"}}]}},"_links":{"self":[{"href":"https:\/\/www.daisho.be\/es\/wp-json\/wp\/v2\/product\/645825","targetHints":{"allow":["GET"]}}],"collection":[{"href":"https:\/\/www.daisho.be\/es\/wp-json\/wp\/v2\/product"}],"about":[{"href":"https:\/\/www.daisho.be\/es\/wp-json\/wp\/v2\/types\/product"}],"replies":[{"embeddable":true,"href":"https:\/\/www.daisho.be\/es\/wp-json\/wp\/v2\/comments?post=645825"}],"wp:featuredmedia":[{"embeddable":true,"href":"https:\/\/www.daisho.be\/es\/wp-json\/wp\/v2\/media\/338520"}],"wp:attachment":[{"href":"https:\/\/www.daisho.be\/es\/wp-json\/wp\/v2\/media?parent=645825"}],"wp:term":[{"taxonomy":"product_brand","embeddable":true,"href":"https:\/\/www.daisho.be\/es\/wp-json\/wp\/v2\/product_brand?post=645825"},{"taxonomy":"product_cat","embeddable":true,"href":"https:\/\/www.daisho.be\/es\/wp-json\/wp\/v2\/product_cat?post=645825"},{"taxonomy":"product_tag","embeddable":true,"href":"https:\/\/www.daisho.be\/es\/wp-json\/wp\/v2\/product_tag?post=645825"},{"taxonomy":"sport","embeddable":true,"href":"https:\/\/www.daisho.be\/es\/wp-json\/wp\/v2\/sport?post=645825"}],"curies":[{"name":"wp","href":"https:\/\/api.w.org\/{rel}","templated":true}]}}