{"id":632322,"date":"2025-12-05T11:48:36","date_gmt":"2025-12-05T10:48:36","guid":{"rendered":"https:\/\/www.daisho.be\/produit\/ab-azul-mate\/"},"modified":"2025-12-05T11:48:36","modified_gmt":"2025-12-05T10:48:36","slug":"ab-azul-mate","status":"publish","type":"product","link":"https:\/\/www.daisho.be\/es\/produit\/ab-azul-mate\/","title":{"rendered":"AB azul mate"},"content":{"rendered":"<p>Al igual que la cl\u00e1sica esterilla AB, permite una amplitud m\u00e1xima de crunch, as\u00ed como un trabajo abdominal seguro al proteger las v\u00e9rtebras lumbares.<br \/>\nSu superficie estriada permite una mejor recuperaci\u00f3n y relajaci\u00f3n de los n\u00f3dulos musculares.<br \/>\n\u00e2\u20ac\u00a2 Longitud: 31 cm<br \/>\n\u00e2\u20ac\u00a2 Anchura: 29 cm<br \/>\n\u00e2\u20ac\u00a2 Altura: 8,5 cm<br \/>\n\u00e2\u20ac\u00a2 Densidad: 100 kg\/m3<br \/>\n\u00e2\u20ac\u00a2 Peso: 400 g<br \/>\n\u00e2\u20ac\u00a2 Composici\u00f3n: espuma EVA<\/p>\n","protected":false},"excerpt":{"rendered":"<p>Al igual que la cl\u00e1sica esterilla AB, permite una amplitud m\u00e1xima de crunch, as\u00ed como un trabajo abdominal seguro al proteger las v\u00e9rtebras lumbares. Su superficie estriada permite una mejor recuperaci\u00f3n y relajaci\u00f3n de los n\u00f3dulos musculares. \u00e2\u20ac\u00a2 Longitud: 31 cm \u00e2\u20ac\u00a2 Anchura: 29 cm \u00e2\u20ac\u00a2 Altura: 8,5 cm \u00e2\u20ac\u00a2 Densidad: 100 kg\/m3 \u00e2\u20ac\u00a2 Peso: [&hellip;]<\/p>\n","protected":false},"featured_media":632303,"comment_status":"open","ping_status":"closed","template":"","meta":{"inline_featured_image":false},"product_brand":[],"product_cat":[1471,1541],"product_tag":[1532],"sport":[],"class_list":{"0":"post-632322","1":"product","2":"type-product","3":"status-publish","4":"has-post-thumbnail","6":"product_cat-atencion","7":"product_cat-masoterapia","8":"product_tag-sveltus-es","9":"pa_size-sans-taille-defaut","11":"first","12":"instock","13":"taxable","14":"shipping-taxable","15":"purchasable","16":"product-type-simple"},"yoast_head":"<!-- This site is optimized with the Yoast SEO plugin v27.2 - https:\/\/yoast.com\/product\/yoast-seo-wordpress\/ -->\n<title>AB azul mate &#8211; Daisho<\/title>\n<meta name=\"robots\" content=\"index, follow, max-snippet:-1, max-image-preview:large, max-video-preview:-1\" \/>\n<link rel=\"canonical\" href=\"https:\/\/www.daisho.be\/es\/produit\/ab-azul-mate\/\" \/>\n<meta property=\"og:locale\" content=\"es_ES\" \/>\n<meta property=\"og:type\" content=\"article\" \/>\n<meta property=\"og:title\" content=\"AB azul mate &#8211; Daisho\" \/>\n<meta property=\"og:description\" content=\"Al igual que la cl\u00e1sica esterilla AB, permite una amplitud m\u00e1xima de crunch, as\u00ed como un trabajo abdominal seguro al proteger las v\u00e9rtebras lumbares. Su superficie estriada permite una mejor recuperaci\u00f3n y relajaci\u00f3n de los n\u00f3dulos musculares. \u00e2\u20ac\u00a2 Longitud: 31 cm \u00e2\u20ac\u00a2 Anchura: 29 cm \u00e2\u20ac\u00a2 Altura: 8,5 cm \u00e2\u20ac\u00a2 Densidad: 100 kg\/m3 \u00e2\u20ac\u00a2 Peso: [&hellip;]\" \/>\n<meta property=\"og:url\" content=\"https:\/\/www.daisho.be\/es\/produit\/ab-azul-mate\/\" \/>\n<meta property=\"og:site_name\" content=\"Daisho\" \/>\n<meta property=\"og:image\" content=\"https:\/\/www.daisho.be\/wp-content\/uploads\/2025\/12\/image-20.jpg\" \/>\n\t<meta property=\"og:image:width\" content=\"1181\" \/>\n\t<meta property=\"og:image:height\" content=\"705\" \/>\n\t<meta property=\"og:image:type\" content=\"image\/jpeg\" \/>\n<meta name=\"twitter:card\" content=\"summary_large_image\" \/>\n<script type=\"application\/ld+json\" class=\"yoast-schema-graph\">{\"@context\":\"https:\/\/schema.org\",\"@graph\":[{\"@type\":\"WebPage\",\"@id\":\"https:\/\/www.daisho.be\/es\/produit\/ab-azul-mate\/\",\"url\":\"https:\/\/www.daisho.be\/es\/produit\/ab-azul-mate\/\",\"name\":\"AB azul mate &#8211; Daisho\",\"isPartOf\":{\"@id\":\"https:\/\/www.daisho.be\/es\/#website\"},\"primaryImageOfPage\":{\"@id\":\"https:\/\/www.daisho.be\/es\/produit\/ab-azul-mate\/#primaryimage\"},\"image\":{\"@id\":\"https:\/\/www.daisho.be\/es\/produit\/ab-azul-mate\/#primaryimage\"},\"thumbnailUrl\":\"https:\/\/www.daisho.be\/wp-content\/uploads\/2025\/12\/image-20.jpg\",\"datePublished\":\"2025-12-05T10:48:36+00:00\",\"breadcrumb\":{\"@id\":\"https:\/\/www.daisho.be\/es\/produit\/ab-azul-mate\/#breadcrumb\"},\"inLanguage\":\"es\",\"potentialAction\":[{\"@type\":\"ReadAction\",\"target\":[\"https:\/\/www.daisho.be\/es\/produit\/ab-azul-mate\/\"]}]},{\"@type\":\"ImageObject\",\"inLanguage\":\"es\",\"@id\":\"https:\/\/www.daisho.be\/es\/produit\/ab-azul-mate\/#primaryimage\",\"url\":\"https:\/\/www.daisho.be\/wp-content\/uploads\/2025\/12\/image-20.jpg\",\"contentUrl\":\"https:\/\/www.daisho.be\/wp-content\/uploads\/2025\/12\/image-20.jpg\",\"width\":1181,\"height\":705,\"caption\":\"AB azul mate-1\"},{\"@type\":\"BreadcrumbList\",\"@id\":\"https:\/\/www.daisho.be\/es\/produit\/ab-azul-mate\/#breadcrumb\",\"itemListElement\":[{\"@type\":\"ListItem\",\"position\":1,\"name\":\"Accueil\",\"item\":\"https:\/\/www.daisho.be\/es\/\"},{\"@type\":\"ListItem\",\"position\":2,\"name\":\"Productos\",\"item\":\"https:\/\/www.daisho.be\/es\/productos\/\"},{\"@type\":\"ListItem\",\"position\":3,\"name\":\"Deportes de combate\",\"item\":\"https:\/\/www.daisho.be\/es\/categorie-produit\/deportes-de-combate\/\"},{\"@type\":\"ListItem\",\"position\":4,\"name\":\"Atenci\u00f3n\",\"item\":\"https:\/\/www.daisho.be\/es\/categorie-produit\/deportes-de-combate\/atencion\/\"},{\"@type\":\"ListItem\",\"position\":5,\"name\":\"AB azul mate\"}]},{\"@type\":\"WebSite\",\"@id\":\"https:\/\/www.daisho.be\/es\/#website\",\"url\":\"https:\/\/www.daisho.be\/es\/\",\"name\":\"Daisho\",\"description\":\"Sp&eacute;cialiste de l'&eacute;quipement sportif d'arts martiaux\",\"publisher\":{\"@id\":\"https:\/\/www.daisho.be\/es\/#organization\"},\"potentialAction\":[{\"@type\":\"SearchAction\",\"target\":{\"@type\":\"EntryPoint\",\"urlTemplate\":\"https:\/\/www.daisho.be\/es\/?s={search_term_string}\"},\"query-input\":{\"@type\":\"PropertyValueSpecification\",\"valueRequired\":true,\"valueName\":\"search_term_string\"}}],\"inLanguage\":\"es\"},{\"@type\":\"Organization\",\"@id\":\"https:\/\/www.daisho.be\/es\/#organization\",\"name\":\"Daisho\",\"url\":\"https:\/\/www.daisho.be\/es\/\",\"logo\":{\"@type\":\"ImageObject\",\"inLanguage\":\"es\",\"@id\":\"https:\/\/www.daisho.be\/es\/#\/schema\/logo\/image\/\",\"url\":\"https:\/\/www.daisho.be\/wp-content\/uploads\/2019\/07\/color-nothing-horizontale4x-e1564486100247.png\",\"contentUrl\":\"https:\/\/www.daisho.be\/wp-content\/uploads\/2019\/07\/color-nothing-horizontale4x-e1564486100247.png\",\"width\":1547,\"height\":385,\"caption\":\"Daisho\"},\"image\":{\"@id\":\"https:\/\/www.daisho.be\/es\/#\/schema\/logo\/image\/\"}}]}<\/script>\n<!-- \/ Yoast SEO plugin. -->","yoast_head_json":{"title":"AB azul mate &#8211; Daisho","robots":{"index":"index","follow":"follow","max-snippet":"max-snippet:-1","max-image-preview":"max-image-preview:large","max-video-preview":"max-video-preview:-1"},"canonical":"https:\/\/www.daisho.be\/es\/produit\/ab-azul-mate\/","og_locale":"es_ES","og_type":"article","og_title":"AB azul mate &#8211; Daisho","og_description":"Al igual que la cl\u00e1sica esterilla AB, permite una amplitud m\u00e1xima de crunch, as\u00ed como un trabajo abdominal seguro al proteger las v\u00e9rtebras lumbares. Su superficie estriada permite una mejor recuperaci\u00f3n y relajaci\u00f3n de los n\u00f3dulos musculares. \u00e2\u20ac\u00a2 Longitud: 31 cm \u00e2\u20ac\u00a2 Anchura: 29 cm \u00e2\u20ac\u00a2 Altura: 8,5 cm \u00e2\u20ac\u00a2 Densidad: 100 kg\/m3 \u00e2\u20ac\u00a2 Peso: [&hellip;]","og_url":"https:\/\/www.daisho.be\/es\/produit\/ab-azul-mate\/","og_site_name":"Daisho","og_image":[{"width":1181,"height":705,"url":"https:\/\/www.daisho.be\/wp-content\/uploads\/2025\/12\/image-20.jpg","type":"image\/jpeg"}],"twitter_card":"summary_large_image","schema":{"@context":"https:\/\/schema.org","@graph":[{"@type":"WebPage","@id":"https:\/\/www.daisho.be\/es\/produit\/ab-azul-mate\/","url":"https:\/\/www.daisho.be\/es\/produit\/ab-azul-mate\/","name":"AB azul mate &#8211; Daisho","isPartOf":{"@id":"https:\/\/www.daisho.be\/es\/#website"},"primaryImageOfPage":{"@id":"https:\/\/www.daisho.be\/es\/produit\/ab-azul-mate\/#primaryimage"},"image":{"@id":"https:\/\/www.daisho.be\/es\/produit\/ab-azul-mate\/#primaryimage"},"thumbnailUrl":"https:\/\/www.daisho.be\/wp-content\/uploads\/2025\/12\/image-20.jpg","datePublished":"2025-12-05T10:48:36+00:00","breadcrumb":{"@id":"https:\/\/www.daisho.be\/es\/produit\/ab-azul-mate\/#breadcrumb"},"inLanguage":"es","potentialAction":[{"@type":"ReadAction","target":["https:\/\/www.daisho.be\/es\/produit\/ab-azul-mate\/"]}]},{"@type":"ImageObject","inLanguage":"es","@id":"https:\/\/www.daisho.be\/es\/produit\/ab-azul-mate\/#primaryimage","url":"https:\/\/www.daisho.be\/wp-content\/uploads\/2025\/12\/image-20.jpg","contentUrl":"https:\/\/www.daisho.be\/wp-content\/uploads\/2025\/12\/image-20.jpg","width":1181,"height":705,"caption":"AB azul mate-1"},{"@type":"BreadcrumbList","@id":"https:\/\/www.daisho.be\/es\/produit\/ab-azul-mate\/#breadcrumb","itemListElement":[{"@type":"ListItem","position":1,"name":"Accueil","item":"https:\/\/www.daisho.be\/es\/"},{"@type":"ListItem","position":2,"name":"Productos","item":"https:\/\/www.daisho.be\/es\/productos\/"},{"@type":"ListItem","position":3,"name":"Deportes de combate","item":"https:\/\/www.daisho.be\/es\/categorie-produit\/deportes-de-combate\/"},{"@type":"ListItem","position":4,"name":"Atenci\u00f3n","item":"https:\/\/www.daisho.be\/es\/categorie-produit\/deportes-de-combate\/atencion\/"},{"@type":"ListItem","position":5,"name":"AB azul mate"}]},{"@type":"WebSite","@id":"https:\/\/www.daisho.be\/es\/#website","url":"https:\/\/www.daisho.be\/es\/","name":"Daisho","description":"Sp&eacute;cialiste de l'&eacute;quipement sportif d'arts martiaux","publisher":{"@id":"https:\/\/www.daisho.be\/es\/#organization"},"potentialAction":[{"@type":"SearchAction","target":{"@type":"EntryPoint","urlTemplate":"https:\/\/www.daisho.be\/es\/?s={search_term_string}"},"query-input":{"@type":"PropertyValueSpecification","valueRequired":true,"valueName":"search_term_string"}}],"inLanguage":"es"},{"@type":"Organization","@id":"https:\/\/www.daisho.be\/es\/#organization","name":"Daisho","url":"https:\/\/www.daisho.be\/es\/","logo":{"@type":"ImageObject","inLanguage":"es","@id":"https:\/\/www.daisho.be\/es\/#\/schema\/logo\/image\/","url":"https:\/\/www.daisho.be\/wp-content\/uploads\/2019\/07\/color-nothing-horizontale4x-e1564486100247.png","contentUrl":"https:\/\/www.daisho.be\/wp-content\/uploads\/2019\/07\/color-nothing-horizontale4x-e1564486100247.png","width":1547,"height":385,"caption":"Daisho"},"image":{"@id":"https:\/\/www.daisho.be\/es\/#\/schema\/logo\/image\/"}}]}},"_links":{"self":[{"href":"https:\/\/www.daisho.be\/es\/wp-json\/wp\/v2\/product\/632322","targetHints":{"allow":["GET"]}}],"collection":[{"href":"https:\/\/www.daisho.be\/es\/wp-json\/wp\/v2\/product"}],"about":[{"href":"https:\/\/www.daisho.be\/es\/wp-json\/wp\/v2\/types\/product"}],"replies":[{"embeddable":true,"href":"https:\/\/www.daisho.be\/es\/wp-json\/wp\/v2\/comments?post=632322"}],"wp:featuredmedia":[{"embeddable":true,"href":"https:\/\/www.daisho.be\/es\/wp-json\/wp\/v2\/media\/632303"}],"wp:attachment":[{"href":"https:\/\/www.daisho.be\/es\/wp-json\/wp\/v2\/media?parent=632322"}],"wp:term":[{"taxonomy":"product_brand","embeddable":true,"href":"https:\/\/www.daisho.be\/es\/wp-json\/wp\/v2\/product_brand?post=632322"},{"taxonomy":"product_cat","embeddable":true,"href":"https:\/\/www.daisho.be\/es\/wp-json\/wp\/v2\/product_cat?post=632322"},{"taxonomy":"product_tag","embeddable":true,"href":"https:\/\/www.daisho.be\/es\/wp-json\/wp\/v2\/product_tag?post=632322"},{"taxonomy":"sport","embeddable":true,"href":"https:\/\/www.daisho.be\/es\/wp-json\/wp\/v2\/sport?post=632322"}],"curies":[{"name":"wp","href":"https:\/\/api.w.org\/{rel}","templated":true}]}}