{"id":630098,"date":"2025-11-29T17:07:50","date_gmt":"2025-11-29T16:07:50","guid":{"rendered":"https:\/\/www.daisho.be\/produit\/elastiring-20kg\/"},"modified":"2025-11-29T17:08:05","modified_gmt":"2025-11-29T16:08:05","slug":"elastiring-20kg","status":"publish","type":"product","link":"https:\/\/www.daisho.be\/es\/produit\/elastiring-20kg\/","title":{"rendered":"Elastiring 20kg"},"content":{"rendered":"<p>Bandas para realizar ejercicios din\u00e1micos de calentamiento, fortalecen tus m\u00fasculos.<br \/>\n4 resistencias diferentes para variar la intensidad de tus ejercicios:<br \/>\n\u00e2\u20ac\u00a2 7 kg (35 x 2,5 cm)<br \/>\n\u00e2\u20ac\u00a2 10 kg (35 x 4 cm)<br \/>\n\u00e2\u20ac\u00a2 15 kg (35 x 4 cm)<br \/>\n\u00e2\u20ac\u00a2 20 kg (35 x 6 cm).<\/p>\n<p>Muy resistentes, lavables hasta 30\u00c2\u00b0C.<\/p>\n","protected":false},"excerpt":{"rendered":"<p>Bandas para realizar ejercicios din\u00e1micos de calentamiento, fortalecen tus m\u00fasculos. 4 resistencias diferentes para variar la intensidad de tus ejercicios: \u00e2\u20ac\u00a2 7 kg (35 x 2,5 cm) \u00e2\u20ac\u00a2 10 kg (35 x 4 cm) \u00e2\u20ac\u00a2 15 kg (35 x 4 cm) \u00e2\u20ac\u00a2 20 kg (35 x 6 cm). Muy resistentes, lavables hasta 30\u00c2\u00b0C.<\/p>\n","protected":false},"featured_media":630042,"comment_status":"open","ping_status":"closed","template":"","meta":{"inline_featured_image":false},"product_brand":[],"product_cat":[1622],"product_tag":[1532],"sport":[],"class_list":{"0":"post-630098","1":"product","2":"type-product","3":"status-publish","4":"has-post-thumbnail","6":"product_cat-otros","7":"product_tag-sveltus-es","8":"pa_size-sans-taille-defaut","10":"first","11":"instock","12":"taxable","13":"shipping-taxable","14":"purchasable","15":"product-type-variable"},"yoast_head":"<!-- This site is optimized with the Yoast SEO plugin v27.2 - https:\/\/yoast.com\/product\/yoast-seo-wordpress\/ -->\n<title>Elastiring 20kg &#8211; Daisho<\/title>\n<meta name=\"robots\" content=\"index, follow, max-snippet:-1, max-image-preview:large, max-video-preview:-1\" \/>\n<link rel=\"canonical\" href=\"https:\/\/www.daisho.be\/es\/produit\/elastiring-20kg\/\" \/>\n<meta property=\"og:locale\" content=\"es_ES\" \/>\n<meta property=\"og:type\" content=\"article\" \/>\n<meta property=\"og:title\" content=\"Elastiring 20kg &#8211; Daisho\" \/>\n<meta property=\"og:description\" content=\"Bandas para realizar ejercicios din\u00e1micos de calentamiento, fortalecen tus m\u00fasculos. 4 resistencias diferentes para variar la intensidad de tus ejercicios: \u00e2\u20ac\u00a2 7 kg (35 x 2,5 cm) \u00e2\u20ac\u00a2 10 kg (35 x 4 cm) \u00e2\u20ac\u00a2 15 kg (35 x 4 cm) \u00e2\u20ac\u00a2 20 kg (35 x 6 cm). Muy resistentes, lavables hasta 30\u00c2\u00b0C.\" \/>\n<meta property=\"og:url\" content=\"https:\/\/www.daisho.be\/es\/produit\/elastiring-20kg\/\" \/>\n<meta property=\"og:site_name\" content=\"Daisho\" \/>\n<meta property=\"article:modified_time\" content=\"2025-11-29T16:08:05+00:00\" \/>\n<meta property=\"og:image\" content=\"https:\/\/www.daisho.be\/wp-content\/uploads\/2025\/11\/image-165-scaled.jpg\" \/>\n\t<meta property=\"og:image:width\" content=\"2048\" \/>\n\t<meta property=\"og:image:height\" content=\"460\" \/>\n\t<meta property=\"og:image:type\" content=\"image\/jpeg\" \/>\n<meta name=\"twitter:card\" content=\"summary_large_image\" \/>\n<script type=\"application\/ld+json\" class=\"yoast-schema-graph\">{\"@context\":\"https:\/\/schema.org\",\"@graph\":[{\"@type\":\"WebPage\",\"@id\":\"https:\/\/www.daisho.be\/es\/produit\/elastiring-20kg\/\",\"url\":\"https:\/\/www.daisho.be\/es\/produit\/elastiring-20kg\/\",\"name\":\"Elastiring 20kg &#8211; Daisho\",\"isPartOf\":{\"@id\":\"https:\/\/www.daisho.be\/es\/#website\"},\"primaryImageOfPage\":{\"@id\":\"https:\/\/www.daisho.be\/es\/produit\/elastiring-20kg\/#primaryimage\"},\"image\":{\"@id\":\"https:\/\/www.daisho.be\/es\/produit\/elastiring-20kg\/#primaryimage\"},\"thumbnailUrl\":\"https:\/\/www.daisho.be\/wp-content\/uploads\/2025\/11\/image-165-scaled.jpg\",\"datePublished\":\"2025-11-29T16:07:50+00:00\",\"dateModified\":\"2025-11-29T16:08:05+00:00\",\"breadcrumb\":{\"@id\":\"https:\/\/www.daisho.be\/es\/produit\/elastiring-20kg\/#breadcrumb\"},\"inLanguage\":\"es\",\"potentialAction\":[{\"@type\":\"ReadAction\",\"target\":[\"https:\/\/www.daisho.be\/es\/produit\/elastiring-20kg\/\"]}]},{\"@type\":\"ImageObject\",\"inLanguage\":\"es\",\"@id\":\"https:\/\/www.daisho.be\/es\/produit\/elastiring-20kg\/#primaryimage\",\"url\":\"https:\/\/www.daisho.be\/wp-content\/uploads\/2025\/11\/image-165-scaled.jpg\",\"contentUrl\":\"https:\/\/www.daisho.be\/wp-content\/uploads\/2025\/11\/image-165-scaled.jpg\",\"width\":2048,\"height\":460,\"caption\":\"Elastiring 20kg-1\"},{\"@type\":\"BreadcrumbList\",\"@id\":\"https:\/\/www.daisho.be\/es\/produit\/elastiring-20kg\/#breadcrumb\",\"itemListElement\":[{\"@type\":\"ListItem\",\"position\":1,\"name\":\"Accueil\",\"item\":\"https:\/\/www.daisho.be\/es\/\"},{\"@type\":\"ListItem\",\"position\":2,\"name\":\"Productos\",\"item\":\"https:\/\/www.daisho.be\/es\/productos\/\"},{\"@type\":\"ListItem\",\"position\":3,\"name\":\"Otros\",\"item\":\"https:\/\/www.daisho.be\/es\/categorie-produit\/otros\/\"},{\"@type\":\"ListItem\",\"position\":4,\"name\":\"Elastiring 20kg\"}]},{\"@type\":\"WebSite\",\"@id\":\"https:\/\/www.daisho.be\/es\/#website\",\"url\":\"https:\/\/www.daisho.be\/es\/\",\"name\":\"Daisho\",\"description\":\"Sp&eacute;cialiste de l'&eacute;quipement sportif d'arts martiaux\",\"publisher\":{\"@id\":\"https:\/\/www.daisho.be\/es\/#organization\"},\"potentialAction\":[{\"@type\":\"SearchAction\",\"target\":{\"@type\":\"EntryPoint\",\"urlTemplate\":\"https:\/\/www.daisho.be\/es\/?s={search_term_string}\"},\"query-input\":{\"@type\":\"PropertyValueSpecification\",\"valueRequired\":true,\"valueName\":\"search_term_string\"}}],\"inLanguage\":\"es\"},{\"@type\":\"Organization\",\"@id\":\"https:\/\/www.daisho.be\/es\/#organization\",\"name\":\"Daisho\",\"url\":\"https:\/\/www.daisho.be\/es\/\",\"logo\":{\"@type\":\"ImageObject\",\"inLanguage\":\"es\",\"@id\":\"https:\/\/www.daisho.be\/es\/#\/schema\/logo\/image\/\",\"url\":\"https:\/\/www.daisho.be\/wp-content\/uploads\/2019\/07\/color-nothing-horizontale4x-e1564486100247.png\",\"contentUrl\":\"https:\/\/www.daisho.be\/wp-content\/uploads\/2019\/07\/color-nothing-horizontale4x-e1564486100247.png\",\"width\":1547,\"height\":385,\"caption\":\"Daisho\"},\"image\":{\"@id\":\"https:\/\/www.daisho.be\/es\/#\/schema\/logo\/image\/\"}}]}<\/script>\n<!-- \/ Yoast SEO plugin. -->","yoast_head_json":{"title":"Elastiring 20kg &#8211; Daisho","robots":{"index":"index","follow":"follow","max-snippet":"max-snippet:-1","max-image-preview":"max-image-preview:large","max-video-preview":"max-video-preview:-1"},"canonical":"https:\/\/www.daisho.be\/es\/produit\/elastiring-20kg\/","og_locale":"es_ES","og_type":"article","og_title":"Elastiring 20kg &#8211; Daisho","og_description":"Bandas para realizar ejercicios din\u00e1micos de calentamiento, fortalecen tus m\u00fasculos. 4 resistencias diferentes para variar la intensidad de tus ejercicios: \u00e2\u20ac\u00a2 7 kg (35 x 2,5 cm) \u00e2\u20ac\u00a2 10 kg (35 x 4 cm) \u00e2\u20ac\u00a2 15 kg (35 x 4 cm) \u00e2\u20ac\u00a2 20 kg (35 x 6 cm). Muy resistentes, lavables hasta 30\u00c2\u00b0C.","og_url":"https:\/\/www.daisho.be\/es\/produit\/elastiring-20kg\/","og_site_name":"Daisho","article_modified_time":"2025-11-29T16:08:05+00:00","og_image":[{"width":2048,"height":460,"url":"https:\/\/www.daisho.be\/wp-content\/uploads\/2025\/11\/image-165-scaled.jpg","type":"image\/jpeg"}],"twitter_card":"summary_large_image","schema":{"@context":"https:\/\/schema.org","@graph":[{"@type":"WebPage","@id":"https:\/\/www.daisho.be\/es\/produit\/elastiring-20kg\/","url":"https:\/\/www.daisho.be\/es\/produit\/elastiring-20kg\/","name":"Elastiring 20kg &#8211; Daisho","isPartOf":{"@id":"https:\/\/www.daisho.be\/es\/#website"},"primaryImageOfPage":{"@id":"https:\/\/www.daisho.be\/es\/produit\/elastiring-20kg\/#primaryimage"},"image":{"@id":"https:\/\/www.daisho.be\/es\/produit\/elastiring-20kg\/#primaryimage"},"thumbnailUrl":"https:\/\/www.daisho.be\/wp-content\/uploads\/2025\/11\/image-165-scaled.jpg","datePublished":"2025-11-29T16:07:50+00:00","dateModified":"2025-11-29T16:08:05+00:00","breadcrumb":{"@id":"https:\/\/www.daisho.be\/es\/produit\/elastiring-20kg\/#breadcrumb"},"inLanguage":"es","potentialAction":[{"@type":"ReadAction","target":["https:\/\/www.daisho.be\/es\/produit\/elastiring-20kg\/"]}]},{"@type":"ImageObject","inLanguage":"es","@id":"https:\/\/www.daisho.be\/es\/produit\/elastiring-20kg\/#primaryimage","url":"https:\/\/www.daisho.be\/wp-content\/uploads\/2025\/11\/image-165-scaled.jpg","contentUrl":"https:\/\/www.daisho.be\/wp-content\/uploads\/2025\/11\/image-165-scaled.jpg","width":2048,"height":460,"caption":"Elastiring 20kg-1"},{"@type":"BreadcrumbList","@id":"https:\/\/www.daisho.be\/es\/produit\/elastiring-20kg\/#breadcrumb","itemListElement":[{"@type":"ListItem","position":1,"name":"Accueil","item":"https:\/\/www.daisho.be\/es\/"},{"@type":"ListItem","position":2,"name":"Productos","item":"https:\/\/www.daisho.be\/es\/productos\/"},{"@type":"ListItem","position":3,"name":"Otros","item":"https:\/\/www.daisho.be\/es\/categorie-produit\/otros\/"},{"@type":"ListItem","position":4,"name":"Elastiring 20kg"}]},{"@type":"WebSite","@id":"https:\/\/www.daisho.be\/es\/#website","url":"https:\/\/www.daisho.be\/es\/","name":"Daisho","description":"Sp&eacute;cialiste de l'&eacute;quipement sportif d'arts martiaux","publisher":{"@id":"https:\/\/www.daisho.be\/es\/#organization"},"potentialAction":[{"@type":"SearchAction","target":{"@type":"EntryPoint","urlTemplate":"https:\/\/www.daisho.be\/es\/?s={search_term_string}"},"query-input":{"@type":"PropertyValueSpecification","valueRequired":true,"valueName":"search_term_string"}}],"inLanguage":"es"},{"@type":"Organization","@id":"https:\/\/www.daisho.be\/es\/#organization","name":"Daisho","url":"https:\/\/www.daisho.be\/es\/","logo":{"@type":"ImageObject","inLanguage":"es","@id":"https:\/\/www.daisho.be\/es\/#\/schema\/logo\/image\/","url":"https:\/\/www.daisho.be\/wp-content\/uploads\/2019\/07\/color-nothing-horizontale4x-e1564486100247.png","contentUrl":"https:\/\/www.daisho.be\/wp-content\/uploads\/2019\/07\/color-nothing-horizontale4x-e1564486100247.png","width":1547,"height":385,"caption":"Daisho"},"image":{"@id":"https:\/\/www.daisho.be\/es\/#\/schema\/logo\/image\/"}}]}},"_links":{"self":[{"href":"https:\/\/www.daisho.be\/es\/wp-json\/wp\/v2\/product\/630098","targetHints":{"allow":["GET"]}}],"collection":[{"href":"https:\/\/www.daisho.be\/es\/wp-json\/wp\/v2\/product"}],"about":[{"href":"https:\/\/www.daisho.be\/es\/wp-json\/wp\/v2\/types\/product"}],"replies":[{"embeddable":true,"href":"https:\/\/www.daisho.be\/es\/wp-json\/wp\/v2\/comments?post=630098"}],"wp:featuredmedia":[{"embeddable":true,"href":"https:\/\/www.daisho.be\/es\/wp-json\/wp\/v2\/media\/630042"}],"wp:attachment":[{"href":"https:\/\/www.daisho.be\/es\/wp-json\/wp\/v2\/media?parent=630098"}],"wp:term":[{"taxonomy":"product_brand","embeddable":true,"href":"https:\/\/www.daisho.be\/es\/wp-json\/wp\/v2\/product_brand?post=630098"},{"taxonomy":"product_cat","embeddable":true,"href":"https:\/\/www.daisho.be\/es\/wp-json\/wp\/v2\/product_cat?post=630098"},{"taxonomy":"product_tag","embeddable":true,"href":"https:\/\/www.daisho.be\/es\/wp-json\/wp\/v2\/product_tag?post=630098"},{"taxonomy":"sport","embeddable":true,"href":"https:\/\/www.daisho.be\/es\/wp-json\/wp\/v2\/sport?post=630098"}],"curies":[{"name":"wp","href":"https:\/\/api.w.org\/{rel}","templated":true}]}}