{"id":628578,"date":"2025-11-25T12:57:48","date_gmt":"2025-11-25T11:57:48","guid":{"rendered":"https:\/\/www.daisho.be\/produit\/chaqueta-de-chandal-adidas-con-capucha-y-cremallera\/"},"modified":"2025-11-25T12:57:48","modified_gmt":"2025-11-25T11:57:48","slug":"chaqueta-de-chandal-adidas-con-capucha-y-cremallera","status":"publish","type":"product","link":"https:\/\/www.daisho.be\/es\/produit\/chaqueta-de-chandal-adidas-con-capucha-y-cremallera\/","title":{"rendered":"Chaqueta de ch\u00e1ndal adidas con capucha y cremallera"},"content":{"rendered":"<p>La chaqueta con capucha adidas est\u00e1 hecha de forro polar 100% poli\u00e9ster.<br \/>\nTiene un corte unisex con cremallera entera.<br \/>\nEl material ligero (250 g\/m\u00b2) garantiza una comodidad \u00f3ptima y un ajuste perfecto.<br \/>\nTambi\u00e9n tiene mangas el\u00e1sticas y el logotipo de adidas impreso en la parte superior del brazo izquierdo.<br \/>\nEsta chaqueta puede combinarse con el pantal\u00f3n a juego para crear el ch\u00e1ndal perfecto.<\/p>\n<p>Caracter\u00edsticas:<br \/>\nColor: negro<br \/>\nMaterial: 100% poli\u00e9ster polar<br \/>\nTallas: S, M, L, XL, XXL<br \/>\nMangas el\u00e1sticas<br \/>\n2 bolsillos laterales<\/p>\n","protected":false},"excerpt":{"rendered":"<p>La chaqueta con capucha adidas est\u00e1 hecha de forro polar 100% poli\u00e9ster. Tiene un corte unisex con cremallera entera. El material ligero (250 g\/m\u00b2) garantiza una comodidad \u00f3ptima y un ajuste perfecto. Tambi\u00e9n tiene mangas el\u00e1sticas y el logotipo de adidas impreso en la parte superior del brazo izquierdo. Esta chaqueta puede combinarse con el [&hellip;]<\/p>\n","protected":false},"featured_media":628608,"comment_status":"open","ping_status":"closed","template":"","meta":{"inline_featured_image":false},"product_brand":[],"product_cat":[1626,1390,1576,1581],"product_tag":[1560],"sport":[],"class_list":{"0":"post-628578","1":"product","2":"type-product","3":"status-publish","4":"has-post-thumbnail","6":"product_cat-ropa-de-boxeo-adidas","7":"product_cat-ropa-de-karate","8":"product_cat-ropa-de-karate-adidas","9":"product_cat-ropa-deportiva-de-combate-adidas","10":"product_tag-adidas-es","11":"pa_size-2xl","12":"pa_size-l","13":"pa_size-m","14":"pa_size-s","15":"pa_size-xl","17":"first","18":"instock","19":"taxable","20":"shipping-taxable","21":"purchasable","22":"product-type-variable"},"yoast_head":"<!-- This site is optimized with the Yoast SEO plugin v27.2 - https:\/\/yoast.com\/product\/yoast-seo-wordpress\/ -->\n<title>Chaqueta de ch\u00e1ndal adidas con capucha y cremallera &#8211; Daisho<\/title>\n<meta name=\"robots\" content=\"index, follow, max-snippet:-1, max-image-preview:large, max-video-preview:-1\" \/>\n<link rel=\"canonical\" href=\"https:\/\/www.daisho.be\/es\/produit\/chaqueta-de-chandal-adidas-con-capucha-y-cremallera\/\" \/>\n<meta property=\"og:locale\" content=\"es_ES\" \/>\n<meta property=\"og:type\" content=\"article\" \/>\n<meta property=\"og:title\" content=\"Chaqueta de ch\u00e1ndal adidas con capucha y cremallera &#8211; Daisho\" \/>\n<meta property=\"og:description\" content=\"La chaqueta con capucha adidas est\u00e1 hecha de forro polar 100% poli\u00e9ster. Tiene un corte unisex con cremallera entera. El material ligero (250 g\/m\u00b2) garantiza una comodidad \u00f3ptima y un ajuste perfecto. Tambi\u00e9n tiene mangas el\u00e1sticas y el logotipo de adidas impreso en la parte superior del brazo izquierdo. Esta chaqueta puede combinarse con el [&hellip;]\" \/>\n<meta property=\"og:url\" content=\"https:\/\/www.daisho.be\/es\/produit\/chaqueta-de-chandal-adidas-con-capucha-y-cremallera\/\" \/>\n<meta property=\"og:site_name\" content=\"Daisho\" \/>\n<meta property=\"og:image\" content=\"https:\/\/www.daisho.be\/wp-content\/uploads\/2025\/11\/image-7.webp\" \/>\n\t<meta property=\"og:image:width\" content=\"1200\" \/>\n\t<meta property=\"og:image:height\" content=\"1200\" \/>\n\t<meta property=\"og:image:type\" content=\"image\/webp\" \/>\n<meta name=\"twitter:card\" content=\"summary_large_image\" \/>\n<script type=\"application\/ld+json\" class=\"yoast-schema-graph\">{\"@context\":\"https:\/\/schema.org\",\"@graph\":[{\"@type\":\"WebPage\",\"@id\":\"https:\/\/www.daisho.be\/es\/produit\/chaqueta-de-chandal-adidas-con-capucha-y-cremallera\/\",\"url\":\"https:\/\/www.daisho.be\/es\/produit\/chaqueta-de-chandal-adidas-con-capucha-y-cremallera\/\",\"name\":\"Chaqueta de ch\u00e1ndal adidas con capucha y cremallera &#8211; Daisho\",\"isPartOf\":{\"@id\":\"https:\/\/www.daisho.be\/es\/#website\"},\"primaryImageOfPage\":{\"@id\":\"https:\/\/www.daisho.be\/es\/produit\/chaqueta-de-chandal-adidas-con-capucha-y-cremallera\/#primaryimage\"},\"image\":{\"@id\":\"https:\/\/www.daisho.be\/es\/produit\/chaqueta-de-chandal-adidas-con-capucha-y-cremallera\/#primaryimage\"},\"thumbnailUrl\":\"https:\/\/www.daisho.be\/wp-content\/uploads\/2025\/11\/image-7.webp\",\"datePublished\":\"2025-11-25T11:57:48+00:00\",\"breadcrumb\":{\"@id\":\"https:\/\/www.daisho.be\/es\/produit\/chaqueta-de-chandal-adidas-con-capucha-y-cremallera\/#breadcrumb\"},\"inLanguage\":\"es\",\"potentialAction\":[{\"@type\":\"ReadAction\",\"target\":[\"https:\/\/www.daisho.be\/es\/produit\/chaqueta-de-chandal-adidas-con-capucha-y-cremallera\/\"]}]},{\"@type\":\"ImageObject\",\"inLanguage\":\"es\",\"@id\":\"https:\/\/www.daisho.be\/es\/produit\/chaqueta-de-chandal-adidas-con-capucha-y-cremallera\/#primaryimage\",\"url\":\"https:\/\/www.daisho.be\/wp-content\/uploads\/2025\/11\/image-7.webp\",\"contentUrl\":\"https:\/\/www.daisho.be\/wp-content\/uploads\/2025\/11\/image-7.webp\",\"width\":1200,\"height\":1200},{\"@type\":\"BreadcrumbList\",\"@id\":\"https:\/\/www.daisho.be\/es\/produit\/chaqueta-de-chandal-adidas-con-capucha-y-cremallera\/#breadcrumb\",\"itemListElement\":[{\"@type\":\"ListItem\",\"position\":1,\"name\":\"Accueil\",\"item\":\"https:\/\/www.daisho.be\/es\/\"},{\"@type\":\"ListItem\",\"position\":2,\"name\":\"Productos\",\"item\":\"https:\/\/www.daisho.be\/es\/productos\/\"},{\"@type\":\"ListItem\",\"position\":3,\"name\":\"ADIDAS COMBAT SPORTS\",\"item\":\"https:\/\/www.daisho.be\/es\/categorie-produit\/adidas-combat-sports-es\/\"},{\"@type\":\"ListItem\",\"position\":4,\"name\":\"Boxeo\",\"item\":\"https:\/\/www.daisho.be\/es\/categorie-produit\/adidas-combat-sports-es\/boxeo\/\"},{\"@type\":\"ListItem\",\"position\":5,\"name\":\"Ropa de boxeo Adidas\",\"item\":\"https:\/\/www.daisho.be\/es\/categorie-produit\/adidas-combat-sports-es\/boxeo\/ropa-de-boxeo-adidas\/\"},{\"@type\":\"ListItem\",\"position\":6,\"name\":\"Chaqueta de ch\u00e1ndal adidas con capucha y cremallera\"}]},{\"@type\":\"WebSite\",\"@id\":\"https:\/\/www.daisho.be\/es\/#website\",\"url\":\"https:\/\/www.daisho.be\/es\/\",\"name\":\"Daisho\",\"description\":\"Sp&eacute;cialiste de l'&eacute;quipement sportif d'arts martiaux\",\"publisher\":{\"@id\":\"https:\/\/www.daisho.be\/es\/#organization\"},\"potentialAction\":[{\"@type\":\"SearchAction\",\"target\":{\"@type\":\"EntryPoint\",\"urlTemplate\":\"https:\/\/www.daisho.be\/es\/?s={search_term_string}\"},\"query-input\":{\"@type\":\"PropertyValueSpecification\",\"valueRequired\":true,\"valueName\":\"search_term_string\"}}],\"inLanguage\":\"es\"},{\"@type\":\"Organization\",\"@id\":\"https:\/\/www.daisho.be\/es\/#organization\",\"name\":\"Daisho\",\"url\":\"https:\/\/www.daisho.be\/es\/\",\"logo\":{\"@type\":\"ImageObject\",\"inLanguage\":\"es\",\"@id\":\"https:\/\/www.daisho.be\/es\/#\/schema\/logo\/image\/\",\"url\":\"https:\/\/www.daisho.be\/wp-content\/uploads\/2019\/07\/color-nothing-horizontale4x-e1564486100247.png\",\"contentUrl\":\"https:\/\/www.daisho.be\/wp-content\/uploads\/2019\/07\/color-nothing-horizontale4x-e1564486100247.png\",\"width\":1547,\"height\":385,\"caption\":\"Daisho\"},\"image\":{\"@id\":\"https:\/\/www.daisho.be\/es\/#\/schema\/logo\/image\/\"}}]}<\/script>\n<!-- \/ Yoast SEO plugin. -->","yoast_head_json":{"title":"Chaqueta de ch\u00e1ndal adidas con capucha y cremallera &#8211; Daisho","robots":{"index":"index","follow":"follow","max-snippet":"max-snippet:-1","max-image-preview":"max-image-preview:large","max-video-preview":"max-video-preview:-1"},"canonical":"https:\/\/www.daisho.be\/es\/produit\/chaqueta-de-chandal-adidas-con-capucha-y-cremallera\/","og_locale":"es_ES","og_type":"article","og_title":"Chaqueta de ch\u00e1ndal adidas con capucha y cremallera &#8211; Daisho","og_description":"La chaqueta con capucha adidas est\u00e1 hecha de forro polar 100% poli\u00e9ster. Tiene un corte unisex con cremallera entera. El material ligero (250 g\/m\u00b2) garantiza una comodidad \u00f3ptima y un ajuste perfecto. Tambi\u00e9n tiene mangas el\u00e1sticas y el logotipo de adidas impreso en la parte superior del brazo izquierdo. Esta chaqueta puede combinarse con el [&hellip;]","og_url":"https:\/\/www.daisho.be\/es\/produit\/chaqueta-de-chandal-adidas-con-capucha-y-cremallera\/","og_site_name":"Daisho","og_image":[{"width":1200,"height":1200,"url":"https:\/\/www.daisho.be\/wp-content\/uploads\/2025\/11\/image-7.webp","type":"image\/webp"}],"twitter_card":"summary_large_image","schema":{"@context":"https:\/\/schema.org","@graph":[{"@type":"WebPage","@id":"https:\/\/www.daisho.be\/es\/produit\/chaqueta-de-chandal-adidas-con-capucha-y-cremallera\/","url":"https:\/\/www.daisho.be\/es\/produit\/chaqueta-de-chandal-adidas-con-capucha-y-cremallera\/","name":"Chaqueta de ch\u00e1ndal adidas con capucha y cremallera &#8211; Daisho","isPartOf":{"@id":"https:\/\/www.daisho.be\/es\/#website"},"primaryImageOfPage":{"@id":"https:\/\/www.daisho.be\/es\/produit\/chaqueta-de-chandal-adidas-con-capucha-y-cremallera\/#primaryimage"},"image":{"@id":"https:\/\/www.daisho.be\/es\/produit\/chaqueta-de-chandal-adidas-con-capucha-y-cremallera\/#primaryimage"},"thumbnailUrl":"https:\/\/www.daisho.be\/wp-content\/uploads\/2025\/11\/image-7.webp","datePublished":"2025-11-25T11:57:48+00:00","breadcrumb":{"@id":"https:\/\/www.daisho.be\/es\/produit\/chaqueta-de-chandal-adidas-con-capucha-y-cremallera\/#breadcrumb"},"inLanguage":"es","potentialAction":[{"@type":"ReadAction","target":["https:\/\/www.daisho.be\/es\/produit\/chaqueta-de-chandal-adidas-con-capucha-y-cremallera\/"]}]},{"@type":"ImageObject","inLanguage":"es","@id":"https:\/\/www.daisho.be\/es\/produit\/chaqueta-de-chandal-adidas-con-capucha-y-cremallera\/#primaryimage","url":"https:\/\/www.daisho.be\/wp-content\/uploads\/2025\/11\/image-7.webp","contentUrl":"https:\/\/www.daisho.be\/wp-content\/uploads\/2025\/11\/image-7.webp","width":1200,"height":1200},{"@type":"BreadcrumbList","@id":"https:\/\/www.daisho.be\/es\/produit\/chaqueta-de-chandal-adidas-con-capucha-y-cremallera\/#breadcrumb","itemListElement":[{"@type":"ListItem","position":1,"name":"Accueil","item":"https:\/\/www.daisho.be\/es\/"},{"@type":"ListItem","position":2,"name":"Productos","item":"https:\/\/www.daisho.be\/es\/productos\/"},{"@type":"ListItem","position":3,"name":"ADIDAS COMBAT SPORTS","item":"https:\/\/www.daisho.be\/es\/categorie-produit\/adidas-combat-sports-es\/"},{"@type":"ListItem","position":4,"name":"Boxeo","item":"https:\/\/www.daisho.be\/es\/categorie-produit\/adidas-combat-sports-es\/boxeo\/"},{"@type":"ListItem","position":5,"name":"Ropa de boxeo Adidas","item":"https:\/\/www.daisho.be\/es\/categorie-produit\/adidas-combat-sports-es\/boxeo\/ropa-de-boxeo-adidas\/"},{"@type":"ListItem","position":6,"name":"Chaqueta de ch\u00e1ndal adidas con capucha y cremallera"}]},{"@type":"WebSite","@id":"https:\/\/www.daisho.be\/es\/#website","url":"https:\/\/www.daisho.be\/es\/","name":"Daisho","description":"Sp&eacute;cialiste de l'&eacute;quipement sportif d'arts martiaux","publisher":{"@id":"https:\/\/www.daisho.be\/es\/#organization"},"potentialAction":[{"@type":"SearchAction","target":{"@type":"EntryPoint","urlTemplate":"https:\/\/www.daisho.be\/es\/?s={search_term_string}"},"query-input":{"@type":"PropertyValueSpecification","valueRequired":true,"valueName":"search_term_string"}}],"inLanguage":"es"},{"@type":"Organization","@id":"https:\/\/www.daisho.be\/es\/#organization","name":"Daisho","url":"https:\/\/www.daisho.be\/es\/","logo":{"@type":"ImageObject","inLanguage":"es","@id":"https:\/\/www.daisho.be\/es\/#\/schema\/logo\/image\/","url":"https:\/\/www.daisho.be\/wp-content\/uploads\/2019\/07\/color-nothing-horizontale4x-e1564486100247.png","contentUrl":"https:\/\/www.daisho.be\/wp-content\/uploads\/2019\/07\/color-nothing-horizontale4x-e1564486100247.png","width":1547,"height":385,"caption":"Daisho"},"image":{"@id":"https:\/\/www.daisho.be\/es\/#\/schema\/logo\/image\/"}}]}},"_links":{"self":[{"href":"https:\/\/www.daisho.be\/es\/wp-json\/wp\/v2\/product\/628578","targetHints":{"allow":["GET"]}}],"collection":[{"href":"https:\/\/www.daisho.be\/es\/wp-json\/wp\/v2\/product"}],"about":[{"href":"https:\/\/www.daisho.be\/es\/wp-json\/wp\/v2\/types\/product"}],"replies":[{"embeddable":true,"href":"https:\/\/www.daisho.be\/es\/wp-json\/wp\/v2\/comments?post=628578"}],"wp:featuredmedia":[{"embeddable":true,"href":"https:\/\/www.daisho.be\/es\/wp-json\/wp\/v2\/media\/628608"}],"wp:attachment":[{"href":"https:\/\/www.daisho.be\/es\/wp-json\/wp\/v2\/media?parent=628578"}],"wp:term":[{"taxonomy":"product_brand","embeddable":true,"href":"https:\/\/www.daisho.be\/es\/wp-json\/wp\/v2\/product_brand?post=628578"},{"taxonomy":"product_cat","embeddable":true,"href":"https:\/\/www.daisho.be\/es\/wp-json\/wp\/v2\/product_cat?post=628578"},{"taxonomy":"product_tag","embeddable":true,"href":"https:\/\/www.daisho.be\/es\/wp-json\/wp\/v2\/product_tag?post=628578"},{"taxonomy":"sport","embeddable":true,"href":"https:\/\/www.daisho.be\/es\/wp-json\/wp\/v2\/sport?post=628578"}],"curies":[{"name":"wp","href":"https:\/\/api.w.org\/{rel}","templated":true}]}}