{"id":622614,"date":"2025-11-17T16:04:13","date_gmt":"2025-11-17T15:04:13","guid":{"rendered":"https:\/\/www.daisho.be\/produit\/barra-de-baile-movil-profesional-con-altura-regulable-isa-5m-con-ruedas\/"},"modified":"2026-03-26T13:39:35","modified_gmt":"2026-03-26T12:39:35","slug":"barra-de-baile-movil-profesional-con-altura-regulable-isa-5m-con-ruedas","status":"publish","type":"product","link":"https:\/\/www.daisho.be\/es\/produit\/barra-de-baile-movil-profesional-con-altura-regulable-isa-5m-con-ruedas\/","title":{"rendered":"Barra de baile m\u00f3vil profesional con altura regulable Isa &#8211; 5m &#8211; con ruedas"},"content":{"rendered":"<p>Isa es la barra m\u00f3vil profesional de altura regulable m\u00e1s popular de Dinamica Ballet. Con dos tipos de base disponibles (con y sin ruedas) y 14 alturas, la barra Isa se ha ganado la confianza de profesionales y aficionados a la danza de todo el mundo.<br \/>\nUna barra para bailarines de todas las tallas y niveles<br \/>\nLa barra Isa ajustable se utiliza tanto en escuelas de danza como en casas particulares. Con una separaci\u00f3n de 39 cent\u00edmetros entre las alturas m\u00ednima y m\u00e1xima y la excelente estabilidad de sus bases de acero, esta barra es adecuada para bailarines de todas las edades, alturas y pesos. Puedes ajustar la altura de la barra Isa en 14 posiciones diferentes mediante un mecanismo r\u00e1pido y sencillo. Las exclusivas bases de acero de la gama profesional de Dinamica Ballet mantienen la barra firmemente en su sitio sin necesidad de taladrar la madera, garantizando horas de entrenamiento sin problemas.<br \/>\nBase con o sin ruedas, t\u00fa eliges<br \/>\nLa Isa forma parte de nuestra gama de barras m\u00f3viles profesionales. Ofrecemos dos tipos de base de acero: una base con dos ruedas que pesa 20 kg y una base plana sin ruedas que pesa 10 kg. La base con ruedas de goma de alta densidad ofrece una gran estabilidad y te permite mover la barra sin esfuerzo inclin\u00e1ndola 45 grados. La base plana est\u00e1 dise\u00f1ada para que puedas mover la barra levant\u00e1ndola, sin que toque el suelo.<br \/>\nEn ambos casos, las bases est\u00e1n equipadas con deslizadores de PVC para proteger el suelo, aunque sea de madera. Si piensas llevarte la barra Isa de gira o si necesitas moverla a menudo, te recomendamos el modelo con ruedas. Si s\u00f3lo piensas moverla ocasionalmente, o si sois dos personas, la base plana es m\u00e1s adecuada. El peso total con las bases con ruedas y la barra de madera de 2 metros es de 50 kg. El peso total con las bases sin ruedas es de 31 kg.<br \/>\nAcero y madera, la combinaci\u00f3n perfecta para ballet<br \/>\nCreemos que las barras de ballet perfectas est\u00e1n hechas de madera. Nuestras barras de ballet est\u00e1n hechas de pino amarillo procedente de bosques sostenibles. Son fuertes y ligeramente flexibles, lo que las hace ideales para los ejercicios de danza. Nuestra madera perfectamente pulida y sin barnizar ofrece un tacto agradable, un buen agarre y una belleza natural para perfeccionar tus giros. Combinadas con nuestros exclusivos soportes y z\u00f3calos de acero, estas barras son un producto en el que conf\u00edan bailarines profesionales y aficionados de todo el mundo.<br \/>\nZ\u00f3calos con o sin ruedas<br \/>\nAjustable a 14 alturas diferentes<br \/>\nSoporte para barra de madera               <\/p>\n","protected":false},"excerpt":{"rendered":"<p>Isa es la barra m\u00f3vil profesional de altura regulable m\u00e1s popular de Dinamica Ballet. Con dos tipos de base disponibles (con y sin ruedas) y 14 alturas, la barra Isa se ha ganado la confianza de profesionales y aficionados a la danza de todo el mundo. Una barra para bailarines de todas las tallas y [&hellip;]<\/p>\n","protected":false},"featured_media":622596,"comment_status":"open","ping_status":"closed","template":"","meta":{"inline_featured_image":false},"product_brand":[],"product_cat":[2540],"product_tag":[1797],"sport":[],"class_list":{"0":"post-622614","1":"product","2":"type-product","3":"status-publish","4":"has-post-thumbnail","6":"product_cat-equipo-de-estiramiento","7":"product_tag-ballet-dinamico","8":"pa_size-5-m","10":"first","11":"instock","12":"taxable","13":"shipping-taxable","14":"purchasable","15":"product-type-variable"},"yoast_head":"<!-- This site is optimized with the Yoast SEO plugin v27.2 - https:\/\/yoast.com\/product\/yoast-seo-wordpress\/ -->\n<title>Barra de baile m\u00f3vil profesional con altura regulable Isa - 5m - con ruedas &#8211; Daisho<\/title>\n<meta name=\"description\" content=\"Barra de baile m\u00f3vil Isa de alta calidad, ajustable a 14 alturas sobre ruedas, ideal para todos los niveles. Encu\u00e9ntrala en www.daisho.be | Daisho\" \/>\n<meta name=\"robots\" content=\"index, follow, max-snippet:-1, max-image-preview:large, max-video-preview:-1\" \/>\n<link rel=\"canonical\" href=\"https:\/\/www.daisho.be\/es\/produit\/barra-de-baile-movil-profesional-con-altura-regulable-isa-5m-con-ruedas\/\" \/>\n<meta property=\"og:locale\" content=\"es_ES\" \/>\n<meta property=\"og:type\" content=\"article\" \/>\n<meta property=\"og:title\" content=\"Barra de baile m\u00f3vil profesional con altura regulable Isa - 5m - con ruedas &#8211; Daisho\" \/>\n<meta property=\"og:description\" content=\"Barra de baile m\u00f3vil Isa de alta calidad, ajustable a 14 alturas sobre ruedas, ideal para todos los niveles. Encu\u00e9ntrala en www.daisho.be | Daisho\" \/>\n<meta property=\"og:url\" content=\"https:\/\/www.daisho.be\/es\/produit\/barra-de-baile-movil-profesional-con-altura-regulable-isa-5m-con-ruedas\/\" \/>\n<meta property=\"og:site_name\" content=\"Daisho\" \/>\n<meta property=\"article:modified_time\" content=\"2026-03-26T12:39:35+00:00\" \/>\n<meta property=\"og:image\" content=\"https:\/\/www.daisho.be\/wp-content\/uploads\/2025\/11\/image-104-scaled.jpg\" \/>\n\t<meta property=\"og:image:width\" content=\"2048\" \/>\n\t<meta property=\"og:image:height\" content=\"1365\" \/>\n\t<meta property=\"og:image:type\" content=\"image\/jpeg\" \/>\n<meta name=\"twitter:card\" content=\"summary_large_image\" \/>\n<meta name=\"twitter:label1\" content=\"Tiempo de lectura\" \/>\n\t<meta name=\"twitter:data1\" content=\"2 minutos\" \/>\n<script type=\"application\/ld+json\" class=\"yoast-schema-graph\">{\"@context\":\"https:\/\/schema.org\",\"@graph\":[{\"@type\":\"WebPage\",\"@id\":\"https:\/\/www.daisho.be\/es\/produit\/barra-de-baile-movil-profesional-con-altura-regulable-isa-5m-con-ruedas\/\",\"url\":\"https:\/\/www.daisho.be\/es\/produit\/barra-de-baile-movil-profesional-con-altura-regulable-isa-5m-con-ruedas\/\",\"name\":\"Barra de baile m\u00f3vil profesional con altura regulable Isa - 5m - con ruedas &#8211; Daisho\",\"isPartOf\":{\"@id\":\"https:\/\/www.daisho.be\/es\/#website\"},\"primaryImageOfPage\":{\"@id\":\"https:\/\/www.daisho.be\/es\/produit\/barra-de-baile-movil-profesional-con-altura-regulable-isa-5m-con-ruedas\/#primaryimage\"},\"image\":{\"@id\":\"https:\/\/www.daisho.be\/es\/produit\/barra-de-baile-movil-profesional-con-altura-regulable-isa-5m-con-ruedas\/#primaryimage\"},\"thumbnailUrl\":\"https:\/\/www.daisho.be\/wp-content\/uploads\/2025\/11\/image-104-scaled.jpg\",\"datePublished\":\"2025-11-17T15:04:13+00:00\",\"dateModified\":\"2026-03-26T12:39:35+00:00\",\"description\":\"Barra de baile m\u00f3vil Isa de alta calidad, ajustable a 14 alturas sobre ruedas, ideal para todos los niveles. Encu\u00e9ntrala en www.daisho.be | Daisho\",\"breadcrumb\":{\"@id\":\"https:\/\/www.daisho.be\/es\/produit\/barra-de-baile-movil-profesional-con-altura-regulable-isa-5m-con-ruedas\/#breadcrumb\"},\"inLanguage\":\"es\",\"potentialAction\":[{\"@type\":\"ReadAction\",\"target\":[\"https:\/\/www.daisho.be\/es\/produit\/barra-de-baile-movil-profesional-con-altura-regulable-isa-5m-con-ruedas\/\"]}]},{\"@type\":\"ImageObject\",\"inLanguage\":\"es\",\"@id\":\"https:\/\/www.daisho.be\/es\/produit\/barra-de-baile-movil-profesional-con-altura-regulable-isa-5m-con-ruedas\/#primaryimage\",\"url\":\"https:\/\/www.daisho.be\/wp-content\/uploads\/2025\/11\/image-104-scaled.jpg\",\"contentUrl\":\"https:\/\/www.daisho.be\/wp-content\/uploads\/2025\/11\/image-104-scaled.jpg\",\"width\":2048,\"height\":1365,\"caption\":\"Barra de baile m\u00f3vil profesional con altura regulable Isa - 5m - con ruedas-1\"},{\"@type\":\"BreadcrumbList\",\"@id\":\"https:\/\/www.daisho.be\/es\/produit\/barra-de-baile-movil-profesional-con-altura-regulable-isa-5m-con-ruedas\/#breadcrumb\",\"itemListElement\":[{\"@type\":\"ListItem\",\"position\":1,\"name\":\"Accueil\",\"item\":\"https:\/\/www.daisho.be\/es\/\"},{\"@type\":\"ListItem\",\"position\":2,\"name\":\"Productos\",\"item\":\"https:\/\/www.daisho.be\/es\/productos\/\"},{\"@type\":\"ListItem\",\"position\":3,\"name\":\"Cuidado del deporte\",\"item\":\"https:\/\/www.daisho.be\/es\/categorie-produit\/cuidado-del-deporte\/\"},{\"@type\":\"ListItem\",\"position\":4,\"name\":\"Equipo de estiramiento\",\"item\":\"https:\/\/www.daisho.be\/es\/categorie-produit\/cuidado-del-deporte\/equipo-de-estiramiento\/\"},{\"@type\":\"ListItem\",\"position\":5,\"name\":\"Barra de baile m\u00f3vil profesional con altura regulable Isa &#8211; 5m &#8211; con ruedas\"}]},{\"@type\":\"WebSite\",\"@id\":\"https:\/\/www.daisho.be\/es\/#website\",\"url\":\"https:\/\/www.daisho.be\/es\/\",\"name\":\"Daisho\",\"description\":\"Sp&eacute;cialiste de l'&eacute;quipement sportif d'arts martiaux\",\"publisher\":{\"@id\":\"https:\/\/www.daisho.be\/es\/#organization\"},\"potentialAction\":[{\"@type\":\"SearchAction\",\"target\":{\"@type\":\"EntryPoint\",\"urlTemplate\":\"https:\/\/www.daisho.be\/es\/?s={search_term_string}\"},\"query-input\":{\"@type\":\"PropertyValueSpecification\",\"valueRequired\":true,\"valueName\":\"search_term_string\"}}],\"inLanguage\":\"es\"},{\"@type\":\"Organization\",\"@id\":\"https:\/\/www.daisho.be\/es\/#organization\",\"name\":\"Daisho\",\"url\":\"https:\/\/www.daisho.be\/es\/\",\"logo\":{\"@type\":\"ImageObject\",\"inLanguage\":\"es\",\"@id\":\"https:\/\/www.daisho.be\/es\/#\/schema\/logo\/image\/\",\"url\":\"https:\/\/www.daisho.be\/wp-content\/uploads\/2019\/07\/color-nothing-horizontale4x-e1564486100247.png\",\"contentUrl\":\"https:\/\/www.daisho.be\/wp-content\/uploads\/2019\/07\/color-nothing-horizontale4x-e1564486100247.png\",\"width\":1547,\"height\":385,\"caption\":\"Daisho\"},\"image\":{\"@id\":\"https:\/\/www.daisho.be\/es\/#\/schema\/logo\/image\/\"}}]}<\/script>\n<!-- \/ Yoast SEO plugin. -->","yoast_head_json":{"title":"Barra de baile m\u00f3vil profesional con altura regulable Isa - 5m - con ruedas &#8211; Daisho","description":"Barra de baile m\u00f3vil Isa de alta calidad, ajustable a 14 alturas sobre ruedas, ideal para todos los niveles. Encu\u00e9ntrala en www.daisho.be | Daisho","robots":{"index":"index","follow":"follow","max-snippet":"max-snippet:-1","max-image-preview":"max-image-preview:large","max-video-preview":"max-video-preview:-1"},"canonical":"https:\/\/www.daisho.be\/es\/produit\/barra-de-baile-movil-profesional-con-altura-regulable-isa-5m-con-ruedas\/","og_locale":"es_ES","og_type":"article","og_title":"Barra de baile m\u00f3vil profesional con altura regulable Isa - 5m - con ruedas &#8211; Daisho","og_description":"Barra de baile m\u00f3vil Isa de alta calidad, ajustable a 14 alturas sobre ruedas, ideal para todos los niveles. Encu\u00e9ntrala en www.daisho.be | Daisho","og_url":"https:\/\/www.daisho.be\/es\/produit\/barra-de-baile-movil-profesional-con-altura-regulable-isa-5m-con-ruedas\/","og_site_name":"Daisho","article_modified_time":"2026-03-26T12:39:35+00:00","og_image":[{"width":2048,"height":1365,"url":"https:\/\/www.daisho.be\/wp-content\/uploads\/2025\/11\/image-104-scaled.jpg","type":"image\/jpeg"}],"twitter_card":"summary_large_image","twitter_misc":{"Tiempo de lectura":"2 minutos"},"schema":{"@context":"https:\/\/schema.org","@graph":[{"@type":"WebPage","@id":"https:\/\/www.daisho.be\/es\/produit\/barra-de-baile-movil-profesional-con-altura-regulable-isa-5m-con-ruedas\/","url":"https:\/\/www.daisho.be\/es\/produit\/barra-de-baile-movil-profesional-con-altura-regulable-isa-5m-con-ruedas\/","name":"Barra de baile m\u00f3vil profesional con altura regulable Isa - 5m - con ruedas &#8211; Daisho","isPartOf":{"@id":"https:\/\/www.daisho.be\/es\/#website"},"primaryImageOfPage":{"@id":"https:\/\/www.daisho.be\/es\/produit\/barra-de-baile-movil-profesional-con-altura-regulable-isa-5m-con-ruedas\/#primaryimage"},"image":{"@id":"https:\/\/www.daisho.be\/es\/produit\/barra-de-baile-movil-profesional-con-altura-regulable-isa-5m-con-ruedas\/#primaryimage"},"thumbnailUrl":"https:\/\/www.daisho.be\/wp-content\/uploads\/2025\/11\/image-104-scaled.jpg","datePublished":"2025-11-17T15:04:13+00:00","dateModified":"2026-03-26T12:39:35+00:00","description":"Barra de baile m\u00f3vil Isa de alta calidad, ajustable a 14 alturas sobre ruedas, ideal para todos los niveles. Encu\u00e9ntrala en www.daisho.be | Daisho","breadcrumb":{"@id":"https:\/\/www.daisho.be\/es\/produit\/barra-de-baile-movil-profesional-con-altura-regulable-isa-5m-con-ruedas\/#breadcrumb"},"inLanguage":"es","potentialAction":[{"@type":"ReadAction","target":["https:\/\/www.daisho.be\/es\/produit\/barra-de-baile-movil-profesional-con-altura-regulable-isa-5m-con-ruedas\/"]}]},{"@type":"ImageObject","inLanguage":"es","@id":"https:\/\/www.daisho.be\/es\/produit\/barra-de-baile-movil-profesional-con-altura-regulable-isa-5m-con-ruedas\/#primaryimage","url":"https:\/\/www.daisho.be\/wp-content\/uploads\/2025\/11\/image-104-scaled.jpg","contentUrl":"https:\/\/www.daisho.be\/wp-content\/uploads\/2025\/11\/image-104-scaled.jpg","width":2048,"height":1365,"caption":"Barra de baile m\u00f3vil profesional con altura regulable Isa - 5m - con ruedas-1"},{"@type":"BreadcrumbList","@id":"https:\/\/www.daisho.be\/es\/produit\/barra-de-baile-movil-profesional-con-altura-regulable-isa-5m-con-ruedas\/#breadcrumb","itemListElement":[{"@type":"ListItem","position":1,"name":"Accueil","item":"https:\/\/www.daisho.be\/es\/"},{"@type":"ListItem","position":2,"name":"Productos","item":"https:\/\/www.daisho.be\/es\/productos\/"},{"@type":"ListItem","position":3,"name":"Cuidado del deporte","item":"https:\/\/www.daisho.be\/es\/categorie-produit\/cuidado-del-deporte\/"},{"@type":"ListItem","position":4,"name":"Equipo de estiramiento","item":"https:\/\/www.daisho.be\/es\/categorie-produit\/cuidado-del-deporte\/equipo-de-estiramiento\/"},{"@type":"ListItem","position":5,"name":"Barra de baile m\u00f3vil profesional con altura regulable Isa &#8211; 5m &#8211; con ruedas"}]},{"@type":"WebSite","@id":"https:\/\/www.daisho.be\/es\/#website","url":"https:\/\/www.daisho.be\/es\/","name":"Daisho","description":"Sp&eacute;cialiste de l'&eacute;quipement sportif d'arts martiaux","publisher":{"@id":"https:\/\/www.daisho.be\/es\/#organization"},"potentialAction":[{"@type":"SearchAction","target":{"@type":"EntryPoint","urlTemplate":"https:\/\/www.daisho.be\/es\/?s={search_term_string}"},"query-input":{"@type":"PropertyValueSpecification","valueRequired":true,"valueName":"search_term_string"}}],"inLanguage":"es"},{"@type":"Organization","@id":"https:\/\/www.daisho.be\/es\/#organization","name":"Daisho","url":"https:\/\/www.daisho.be\/es\/","logo":{"@type":"ImageObject","inLanguage":"es","@id":"https:\/\/www.daisho.be\/es\/#\/schema\/logo\/image\/","url":"https:\/\/www.daisho.be\/wp-content\/uploads\/2019\/07\/color-nothing-horizontale4x-e1564486100247.png","contentUrl":"https:\/\/www.daisho.be\/wp-content\/uploads\/2019\/07\/color-nothing-horizontale4x-e1564486100247.png","width":1547,"height":385,"caption":"Daisho"},"image":{"@id":"https:\/\/www.daisho.be\/es\/#\/schema\/logo\/image\/"}}]}},"_links":{"self":[{"href":"https:\/\/www.daisho.be\/es\/wp-json\/wp\/v2\/product\/622614","targetHints":{"allow":["GET"]}}],"collection":[{"href":"https:\/\/www.daisho.be\/es\/wp-json\/wp\/v2\/product"}],"about":[{"href":"https:\/\/www.daisho.be\/es\/wp-json\/wp\/v2\/types\/product"}],"replies":[{"embeddable":true,"href":"https:\/\/www.daisho.be\/es\/wp-json\/wp\/v2\/comments?post=622614"}],"wp:featuredmedia":[{"embeddable":true,"href":"https:\/\/www.daisho.be\/es\/wp-json\/wp\/v2\/media\/622596"}],"wp:attachment":[{"href":"https:\/\/www.daisho.be\/es\/wp-json\/wp\/v2\/media?parent=622614"}],"wp:term":[{"taxonomy":"product_brand","embeddable":true,"href":"https:\/\/www.daisho.be\/es\/wp-json\/wp\/v2\/product_brand?post=622614"},{"taxonomy":"product_cat","embeddable":true,"href":"https:\/\/www.daisho.be\/es\/wp-json\/wp\/v2\/product_cat?post=622614"},{"taxonomy":"product_tag","embeddable":true,"href":"https:\/\/www.daisho.be\/es\/wp-json\/wp\/v2\/product_tag?post=622614"},{"taxonomy":"sport","embeddable":true,"href":"https:\/\/www.daisho.be\/es\/wp-json\/wp\/v2\/sport?post=622614"}],"curies":[{"name":"wp","href":"https:\/\/api.w.org\/{rel}","templated":true}]}}