{"id":622365,"date":"2025-11-17T15:25:43","date_gmt":"2025-11-17T14:25:43","guid":{"rendered":"https:\/\/www.daisho.be\/produit\/soporte-de-barra-giratoria-negro\/"},"modified":"2026-03-27T16:09:24","modified_gmt":"2026-03-27T15:09:24","slug":"soporte-de-barra-giratoria-negro","status":"publish","type":"product","link":"https:\/\/www.daisho.be\/es\/produit\/soporte-de-barra-giratoria-negro\/","title":{"rendered":"Soporte de barra giratoria Negro"},"content":{"rendered":"<p>El Torsi\u00f3n es un soporte que permite instalar una barra de madera entre dos postes o superficies perpendiculares. Est\u00e1 dise\u00f1ado para garantizar la estabilidad de la barra a pesar del poco espacio disponible. Como todos nuestros soportes, el Twist ofrece la calidad y fiabilidad que necesitas para tus ejercicios de ballet y fitness. Fabricado en acero, est\u00e1 disponible en plata y negro.<br \/>\nUn soporte de pared alternativo.<br \/>\nLos soportes de pared suelen instalarse de modo que las barras de madera queden paralelas a la pared. Pero, \u00bfc\u00f3mo hacerlo cuando tienes poco espacio, postes u obst\u00e1culos en la pared? El equipo de Dinamica Ballet ha creado el soporte Twist para situaciones en las que no es posible utilizar una consola mural tradicional. El Twist es una soluci\u00f3n adicional para perfeccionar tu estudio de danza o gimnasio.<br \/>\nDise\u00f1o minimalista para optimizar tu espacio.<br \/>\nEl Twist puede utilizarse junto con las consolas murales Arabesque y las barras de danza montadas en el suelo. Con su placa de montaje minimalista y su peso de s\u00f3lo 200 gramos, Twist es una soluci\u00f3n inteligente para espacios peque\u00f1os con distribuciones complejas. Est\u00e1 disponible en plata y negro, para que puedas combinarlo con el esquema de colores de tu habitaci\u00f3n si tambi\u00e9n tienes soportes de pared Arabesque.<br \/>\nAprovecha todos los rincones.<br \/>\nTwist se atornilla a la pared o al poste en \u00e1ngulo recto para insertar y fijar el extremo de la barra de madera. Este sistema permite tener una barra de ballet totalmente funcional entre dos postes o dos tabiques. Tambi\u00e9n es ideal cuando la barra de ballet termina en una esquina del estudio; el Twist permite extenderla hasta la pared para mayor estabilidad. Ofrece a tus alumnos lo mejor y trabaja con comodidad con nuestras soluciones para aprovechar al m\u00e1ximo tu espacio.          <\/p>\n","protected":false},"excerpt":{"rendered":"<p>El Torsi\u00f3n es un soporte que permite instalar una barra de madera entre dos postes o superficies perpendiculares. Est\u00e1 dise\u00f1ado para garantizar la estabilidad de la barra a pesar del poco espacio disponible. Como todos nuestros soportes, el Twist ofrece la calidad y fiabilidad que necesitas para tus ejercicios de ballet y fitness. Fabricado en [&hellip;]<\/p>\n","protected":false},"featured_media":622342,"comment_status":"open","ping_status":"closed","template":"","meta":{"inline_featured_image":false},"product_brand":[],"product_cat":[1622],"product_tag":[1797],"sport":[],"class_list":{"0":"post-622365","1":"product","2":"type-product","3":"status-publish","4":"has-post-thumbnail","6":"product_cat-otros","7":"product_tag-ballet-dinamico","8":"pa_size-sans-taille-defaut","10":"first","11":"instock","12":"taxable","13":"shipping-taxable","14":"purchasable","15":"product-type-simple"},"yoast_head":"<!-- This site is optimized with the Yoast SEO plugin v27.2 - https:\/\/yoast.com\/product\/yoast-seo-wordpress\/ -->\n<title>Soporte de barra giratoria Negro &#8211; Daisho<\/title>\n<meta name=\"description\" content=\"Soporte para barra de baile, ideal para espacios reducidos. Montaje perpendicular estable y dise\u00f1o compacto. Encu\u00e9ntrala en www.daisho.be | Daisho\" \/>\n<meta name=\"robots\" content=\"index, follow, max-snippet:-1, max-image-preview:large, max-video-preview:-1\" \/>\n<link rel=\"canonical\" href=\"https:\/\/www.daisho.be\/es\/produit\/soporte-de-barra-giratoria-negro\/\" \/>\n<meta property=\"og:locale\" content=\"es_ES\" \/>\n<meta property=\"og:type\" content=\"article\" \/>\n<meta property=\"og:title\" content=\"Soporte de barra giratoria Negro &#8211; Daisho\" \/>\n<meta property=\"og:description\" content=\"Soporte para barra de baile, ideal para espacios reducidos. Montaje perpendicular estable y dise\u00f1o compacto. Encu\u00e9ntrala en www.daisho.be | Daisho\" \/>\n<meta property=\"og:url\" content=\"https:\/\/www.daisho.be\/es\/produit\/soporte-de-barra-giratoria-negro\/\" \/>\n<meta property=\"og:site_name\" content=\"Daisho\" \/>\n<meta property=\"article:modified_time\" content=\"2026-03-27T15:09:24+00:00\" \/>\n<meta property=\"og:image\" content=\"https:\/\/www.daisho.be\/wp-content\/uploads\/2025\/11\/image-92-scaled.jpg\" \/>\n\t<meta property=\"og:image:width\" content=\"2048\" \/>\n\t<meta property=\"og:image:height\" content=\"763\" \/>\n\t<meta property=\"og:image:type\" content=\"image\/jpeg\" \/>\n<meta name=\"twitter:card\" content=\"summary_large_image\" \/>\n<meta name=\"twitter:label1\" content=\"Tiempo de lectura\" \/>\n\t<meta name=\"twitter:data1\" content=\"2 minutos\" \/>\n<script type=\"application\/ld+json\" class=\"yoast-schema-graph\">{\"@context\":\"https:\/\/schema.org\",\"@graph\":[{\"@type\":\"WebPage\",\"@id\":\"https:\/\/www.daisho.be\/es\/produit\/soporte-de-barra-giratoria-negro\/\",\"url\":\"https:\/\/www.daisho.be\/es\/produit\/soporte-de-barra-giratoria-negro\/\",\"name\":\"Soporte de barra giratoria Negro &#8211; Daisho\",\"isPartOf\":{\"@id\":\"https:\/\/www.daisho.be\/es\/#website\"},\"primaryImageOfPage\":{\"@id\":\"https:\/\/www.daisho.be\/es\/produit\/soporte-de-barra-giratoria-negro\/#primaryimage\"},\"image\":{\"@id\":\"https:\/\/www.daisho.be\/es\/produit\/soporte-de-barra-giratoria-negro\/#primaryimage\"},\"thumbnailUrl\":\"https:\/\/www.daisho.be\/wp-content\/uploads\/2025\/11\/image-92-scaled.jpg\",\"datePublished\":\"2025-11-17T14:25:43+00:00\",\"dateModified\":\"2026-03-27T15:09:24+00:00\",\"description\":\"Soporte para barra de baile, ideal para espacios reducidos. Montaje perpendicular estable y dise\u00f1o compacto. Encu\u00e9ntrala en www.daisho.be | Daisho\",\"breadcrumb\":{\"@id\":\"https:\/\/www.daisho.be\/es\/produit\/soporte-de-barra-giratoria-negro\/#breadcrumb\"},\"inLanguage\":\"es\",\"potentialAction\":[{\"@type\":\"ReadAction\",\"target\":[\"https:\/\/www.daisho.be\/es\/produit\/soporte-de-barra-giratoria-negro\/\"]}]},{\"@type\":\"ImageObject\",\"inLanguage\":\"es\",\"@id\":\"https:\/\/www.daisho.be\/es\/produit\/soporte-de-barra-giratoria-negro\/#primaryimage\",\"url\":\"https:\/\/www.daisho.be\/wp-content\/uploads\/2025\/11\/image-92-scaled.jpg\",\"contentUrl\":\"https:\/\/www.daisho.be\/wp-content\/uploads\/2025\/11\/image-92-scaled.jpg\",\"width\":2048,\"height\":763,\"caption\":\"Soporte de barra giratoria Negro-1\"},{\"@type\":\"BreadcrumbList\",\"@id\":\"https:\/\/www.daisho.be\/es\/produit\/soporte-de-barra-giratoria-negro\/#breadcrumb\",\"itemListElement\":[{\"@type\":\"ListItem\",\"position\":1,\"name\":\"Accueil\",\"item\":\"https:\/\/www.daisho.be\/es\/\"},{\"@type\":\"ListItem\",\"position\":2,\"name\":\"Productos\",\"item\":\"https:\/\/www.daisho.be\/es\/productos\/\"},{\"@type\":\"ListItem\",\"position\":3,\"name\":\"Otros\",\"item\":\"https:\/\/www.daisho.be\/es\/categorie-produit\/otros\/\"},{\"@type\":\"ListItem\",\"position\":4,\"name\":\"Soporte de barra giratoria Negro\"}]},{\"@type\":\"WebSite\",\"@id\":\"https:\/\/www.daisho.be\/es\/#website\",\"url\":\"https:\/\/www.daisho.be\/es\/\",\"name\":\"Daisho\",\"description\":\"Sp&eacute;cialiste de l'&eacute;quipement sportif d'arts martiaux\",\"publisher\":{\"@id\":\"https:\/\/www.daisho.be\/es\/#organization\"},\"potentialAction\":[{\"@type\":\"SearchAction\",\"target\":{\"@type\":\"EntryPoint\",\"urlTemplate\":\"https:\/\/www.daisho.be\/es\/?s={search_term_string}\"},\"query-input\":{\"@type\":\"PropertyValueSpecification\",\"valueRequired\":true,\"valueName\":\"search_term_string\"}}],\"inLanguage\":\"es\"},{\"@type\":\"Organization\",\"@id\":\"https:\/\/www.daisho.be\/es\/#organization\",\"name\":\"Daisho\",\"url\":\"https:\/\/www.daisho.be\/es\/\",\"logo\":{\"@type\":\"ImageObject\",\"inLanguage\":\"es\",\"@id\":\"https:\/\/www.daisho.be\/es\/#\/schema\/logo\/image\/\",\"url\":\"https:\/\/www.daisho.be\/wp-content\/uploads\/2019\/07\/color-nothing-horizontale4x-e1564486100247.png\",\"contentUrl\":\"https:\/\/www.daisho.be\/wp-content\/uploads\/2019\/07\/color-nothing-horizontale4x-e1564486100247.png\",\"width\":1547,\"height\":385,\"caption\":\"Daisho\"},\"image\":{\"@id\":\"https:\/\/www.daisho.be\/es\/#\/schema\/logo\/image\/\"}}]}<\/script>\n<!-- \/ Yoast SEO plugin. -->","yoast_head_json":{"title":"Soporte de barra giratoria Negro &#8211; Daisho","description":"Soporte para barra de baile, ideal para espacios reducidos. Montaje perpendicular estable y dise\u00f1o compacto. Encu\u00e9ntrala en www.daisho.be | Daisho","robots":{"index":"index","follow":"follow","max-snippet":"max-snippet:-1","max-image-preview":"max-image-preview:large","max-video-preview":"max-video-preview:-1"},"canonical":"https:\/\/www.daisho.be\/es\/produit\/soporte-de-barra-giratoria-negro\/","og_locale":"es_ES","og_type":"article","og_title":"Soporte de barra giratoria Negro &#8211; Daisho","og_description":"Soporte para barra de baile, ideal para espacios reducidos. Montaje perpendicular estable y dise\u00f1o compacto. Encu\u00e9ntrala en www.daisho.be | Daisho","og_url":"https:\/\/www.daisho.be\/es\/produit\/soporte-de-barra-giratoria-negro\/","og_site_name":"Daisho","article_modified_time":"2026-03-27T15:09:24+00:00","og_image":[{"width":2048,"height":763,"url":"https:\/\/www.daisho.be\/wp-content\/uploads\/2025\/11\/image-92-scaled.jpg","type":"image\/jpeg"}],"twitter_card":"summary_large_image","twitter_misc":{"Tiempo de lectura":"2 minutos"},"schema":{"@context":"https:\/\/schema.org","@graph":[{"@type":"WebPage","@id":"https:\/\/www.daisho.be\/es\/produit\/soporte-de-barra-giratoria-negro\/","url":"https:\/\/www.daisho.be\/es\/produit\/soporte-de-barra-giratoria-negro\/","name":"Soporte de barra giratoria Negro &#8211; Daisho","isPartOf":{"@id":"https:\/\/www.daisho.be\/es\/#website"},"primaryImageOfPage":{"@id":"https:\/\/www.daisho.be\/es\/produit\/soporte-de-barra-giratoria-negro\/#primaryimage"},"image":{"@id":"https:\/\/www.daisho.be\/es\/produit\/soporte-de-barra-giratoria-negro\/#primaryimage"},"thumbnailUrl":"https:\/\/www.daisho.be\/wp-content\/uploads\/2025\/11\/image-92-scaled.jpg","datePublished":"2025-11-17T14:25:43+00:00","dateModified":"2026-03-27T15:09:24+00:00","description":"Soporte para barra de baile, ideal para espacios reducidos. Montaje perpendicular estable y dise\u00f1o compacto. Encu\u00e9ntrala en www.daisho.be | Daisho","breadcrumb":{"@id":"https:\/\/www.daisho.be\/es\/produit\/soporte-de-barra-giratoria-negro\/#breadcrumb"},"inLanguage":"es","potentialAction":[{"@type":"ReadAction","target":["https:\/\/www.daisho.be\/es\/produit\/soporte-de-barra-giratoria-negro\/"]}]},{"@type":"ImageObject","inLanguage":"es","@id":"https:\/\/www.daisho.be\/es\/produit\/soporte-de-barra-giratoria-negro\/#primaryimage","url":"https:\/\/www.daisho.be\/wp-content\/uploads\/2025\/11\/image-92-scaled.jpg","contentUrl":"https:\/\/www.daisho.be\/wp-content\/uploads\/2025\/11\/image-92-scaled.jpg","width":2048,"height":763,"caption":"Soporte de barra giratoria Negro-1"},{"@type":"BreadcrumbList","@id":"https:\/\/www.daisho.be\/es\/produit\/soporte-de-barra-giratoria-negro\/#breadcrumb","itemListElement":[{"@type":"ListItem","position":1,"name":"Accueil","item":"https:\/\/www.daisho.be\/es\/"},{"@type":"ListItem","position":2,"name":"Productos","item":"https:\/\/www.daisho.be\/es\/productos\/"},{"@type":"ListItem","position":3,"name":"Otros","item":"https:\/\/www.daisho.be\/es\/categorie-produit\/otros\/"},{"@type":"ListItem","position":4,"name":"Soporte de barra giratoria Negro"}]},{"@type":"WebSite","@id":"https:\/\/www.daisho.be\/es\/#website","url":"https:\/\/www.daisho.be\/es\/","name":"Daisho","description":"Sp&eacute;cialiste de l'&eacute;quipement sportif d'arts martiaux","publisher":{"@id":"https:\/\/www.daisho.be\/es\/#organization"},"potentialAction":[{"@type":"SearchAction","target":{"@type":"EntryPoint","urlTemplate":"https:\/\/www.daisho.be\/es\/?s={search_term_string}"},"query-input":{"@type":"PropertyValueSpecification","valueRequired":true,"valueName":"search_term_string"}}],"inLanguage":"es"},{"@type":"Organization","@id":"https:\/\/www.daisho.be\/es\/#organization","name":"Daisho","url":"https:\/\/www.daisho.be\/es\/","logo":{"@type":"ImageObject","inLanguage":"es","@id":"https:\/\/www.daisho.be\/es\/#\/schema\/logo\/image\/","url":"https:\/\/www.daisho.be\/wp-content\/uploads\/2019\/07\/color-nothing-horizontale4x-e1564486100247.png","contentUrl":"https:\/\/www.daisho.be\/wp-content\/uploads\/2019\/07\/color-nothing-horizontale4x-e1564486100247.png","width":1547,"height":385,"caption":"Daisho"},"image":{"@id":"https:\/\/www.daisho.be\/es\/#\/schema\/logo\/image\/"}}]}},"_links":{"self":[{"href":"https:\/\/www.daisho.be\/es\/wp-json\/wp\/v2\/product\/622365","targetHints":{"allow":["GET"]}}],"collection":[{"href":"https:\/\/www.daisho.be\/es\/wp-json\/wp\/v2\/product"}],"about":[{"href":"https:\/\/www.daisho.be\/es\/wp-json\/wp\/v2\/types\/product"}],"replies":[{"embeddable":true,"href":"https:\/\/www.daisho.be\/es\/wp-json\/wp\/v2\/comments?post=622365"}],"wp:featuredmedia":[{"embeddable":true,"href":"https:\/\/www.daisho.be\/es\/wp-json\/wp\/v2\/media\/622342"}],"wp:attachment":[{"href":"https:\/\/www.daisho.be\/es\/wp-json\/wp\/v2\/media?parent=622365"}],"wp:term":[{"taxonomy":"product_brand","embeddable":true,"href":"https:\/\/www.daisho.be\/es\/wp-json\/wp\/v2\/product_brand?post=622365"},{"taxonomy":"product_cat","embeddable":true,"href":"https:\/\/www.daisho.be\/es\/wp-json\/wp\/v2\/product_cat?post=622365"},{"taxonomy":"product_tag","embeddable":true,"href":"https:\/\/www.daisho.be\/es\/wp-json\/wp\/v2\/product_tag?post=622365"},{"taxonomy":"sport","embeddable":true,"href":"https:\/\/www.daisho.be\/es\/wp-json\/wp\/v2\/sport?post=622365"}],"curies":[{"name":"wp","href":"https:\/\/api.w.org\/{rel}","templated":true}]}}