{"id":622195,"date":"2025-11-17T14:58:51","date_gmt":"2025-11-17T13:58:51","guid":{"rendered":"https:\/\/www.daisho.be\/produit\/consola-mural-arabesque-doble-negra\/"},"modified":"2026-03-26T16:07:30","modified_gmt":"2026-03-26T15:07:30","slug":"consola-mural-arabesque-doble-negra","status":"publish","type":"product","link":"https:\/\/www.daisho.be\/es\/produit\/consola-mural-arabesque-doble-negra\/","title":{"rendered":"Consola mural Arabesque Doble Negra"},"content":{"rendered":"<p>Las consolas de pared Arabesque Doble ofrecen la m\u00e1xima resistencia a la presi\u00f3n y una conexi\u00f3n perfecta entre las barras, lo que te permite crear configuraciones con tantas barras continuas como desees. Fabricada en acero con acabado plateado y dise\u00f1ada para dos barras de madera, la consola Arabesque Doble se ha convertido en un elemento imprescindible para los aficionados a la danza y los profesionales que trabajan con alumnos de diferentes edades.<br \/>\nUna consola 4 en 1.<br \/>\nLas consolas Arabesque Doble te permiten montar cuatro barras de madera, es decir, dos barras dentro de cada soporte cil\u00edndrico. Gracias a este sistema, puedes instalar dos barras continuas en tu estudio, garantizando una estabilidad total en todos los puntos. Las barras de madera se montan en el centro de la consola mediante peque\u00f1os tornillos invisibles que no da\u00f1an la madera. As\u00ed conservan todas sus propiedades.<br \/>\nAlta resistencia a la tracci\u00f3n y a la presi\u00f3n.<br \/>\nLas dimensiones de la base mural de acero est\u00e1n calculadas para garantizar una estabilidad total. El soporte cil\u00edndrico que rodea las barras de madera distribuye la presi\u00f3n ejercida por los bailarines. \u00c2\u00bfAlgunos alumnos est\u00c3\u00a1n estirando mientras otros hacen sus ejercicios en las dos barras al mismo tiempo? No te preocupes, la consola Arabesque Doble puede soportar las fuerzas procedentes de cualquier \u00c3\u00a1ngulo y no se mover\u00c3\u00a1 ni un mil\u00c3metro.<br \/>\nLa Arabesque Doble no se soltar\u00c3\u00a1.<br \/>\nLa consola de acero y las barras de madera de pino amarillo son ideales para la pr\u00c3\u00a1ctica de la danza. La fuerza y resistencia del acero combinadas con la flexibilidad, agarre y calidez de la madera te permitir\u00c3\u00a1n disfrutar al m\u00c3\u00a1ximo de tus calentamientos, ejercicios y estiramientos. Suministramos los tornillos y tacos Fischer para fijar cada consola a la pared y montar las barras de madera.         <\/p>\n","protected":false},"excerpt":{"rendered":"<p>Las consolas de pared Arabesque Doble ofrecen la m\u00e1xima resistencia a la presi\u00f3n y una conexi\u00f3n perfecta entre las barras, lo que te permite crear configuraciones con tantas barras continuas como desees. Fabricada en acero con acabado plateado y dise\u00f1ada para dos barras de madera, la consola Arabesque Doble se ha convertido en un elemento [&hellip;]<\/p>\n","protected":false},"featured_media":622171,"comment_status":"open","ping_status":"closed","template":"","meta":{"inline_featured_image":false},"product_brand":[],"product_cat":[2540],"product_tag":[1797],"sport":[],"class_list":{"0":"post-622195","1":"product","2":"type-product","3":"status-publish","4":"has-post-thumbnail","6":"product_cat-equipo-de-estiramiento","7":"product_tag-ballet-dinamico","8":"pa_size-sans-taille-defaut","10":"first","11":"instock","12":"taxable","13":"shipping-taxable","14":"purchasable","15":"product-type-simple"},"yoast_head":"<!-- This site is optimized with the Yoast SEO plugin v27.2 - https:\/\/yoast.com\/product\/yoast-seo-wordpress\/ -->\n<title>Consola mural Arabesque Doble Negra &#8211; Daisho<\/title>\n<meta name=\"description\" content=\"Arabesque Consola mural doble de acero para dos barras de danza con la m\u00e1xima estabilidad y resistencia. Encu\u00e9ntrala en www.daisho.be | Daisho\" \/>\n<meta name=\"robots\" content=\"index, follow, max-snippet:-1, max-image-preview:large, max-video-preview:-1\" \/>\n<link rel=\"canonical\" href=\"https:\/\/www.daisho.be\/es\/produit\/consola-mural-arabesque-doble-negra\/\" \/>\n<meta property=\"og:locale\" content=\"es_ES\" \/>\n<meta property=\"og:type\" content=\"article\" \/>\n<meta property=\"og:title\" content=\"Consola mural Arabesque Doble Negra &#8211; Daisho\" \/>\n<meta property=\"og:description\" content=\"Arabesque Consola mural doble de acero para dos barras de danza con la m\u00e1xima estabilidad y resistencia. Encu\u00e9ntrala en www.daisho.be | Daisho\" \/>\n<meta property=\"og:url\" content=\"https:\/\/www.daisho.be\/es\/produit\/consola-mural-arabesque-doble-negra\/\" \/>\n<meta property=\"og:site_name\" content=\"Daisho\" \/>\n<meta property=\"article:modified_time\" content=\"2026-03-26T15:07:30+00:00\" \/>\n<meta property=\"og:image\" content=\"https:\/\/www.daisho.be\/wp-content\/uploads\/2025\/11\/image-85-scaled.jpg\" \/>\n\t<meta property=\"og:image:width\" content=\"2048\" \/>\n\t<meta property=\"og:image:height\" content=\"1367\" \/>\n\t<meta property=\"og:image:type\" content=\"image\/jpeg\" \/>\n<meta name=\"twitter:card\" content=\"summary_large_image\" \/>\n<meta name=\"twitter:label1\" content=\"Tiempo de lectura\" \/>\n\t<meta name=\"twitter:data1\" content=\"2 minutos\" \/>\n<script type=\"application\/ld+json\" class=\"yoast-schema-graph\">{\"@context\":\"https:\/\/schema.org\",\"@graph\":[{\"@type\":\"WebPage\",\"@id\":\"https:\/\/www.daisho.be\/es\/produit\/consola-mural-arabesque-doble-negra\/\",\"url\":\"https:\/\/www.daisho.be\/es\/produit\/consola-mural-arabesque-doble-negra\/\",\"name\":\"Consola mural Arabesque Doble Negra &#8211; Daisho\",\"isPartOf\":{\"@id\":\"https:\/\/www.daisho.be\/es\/#website\"},\"primaryImageOfPage\":{\"@id\":\"https:\/\/www.daisho.be\/es\/produit\/consola-mural-arabesque-doble-negra\/#primaryimage\"},\"image\":{\"@id\":\"https:\/\/www.daisho.be\/es\/produit\/consola-mural-arabesque-doble-negra\/#primaryimage\"},\"thumbnailUrl\":\"https:\/\/www.daisho.be\/wp-content\/uploads\/2025\/11\/image-85-scaled.jpg\",\"datePublished\":\"2025-11-17T13:58:51+00:00\",\"dateModified\":\"2026-03-26T15:07:30+00:00\",\"description\":\"Arabesque Consola mural doble de acero para dos barras de danza con la m\u00e1xima estabilidad y resistencia. Encu\u00e9ntrala en www.daisho.be | Daisho\",\"breadcrumb\":{\"@id\":\"https:\/\/www.daisho.be\/es\/produit\/consola-mural-arabesque-doble-negra\/#breadcrumb\"},\"inLanguage\":\"es\",\"potentialAction\":[{\"@type\":\"ReadAction\",\"target\":[\"https:\/\/www.daisho.be\/es\/produit\/consola-mural-arabesque-doble-negra\/\"]}]},{\"@type\":\"ImageObject\",\"inLanguage\":\"es\",\"@id\":\"https:\/\/www.daisho.be\/es\/produit\/consola-mural-arabesque-doble-negra\/#primaryimage\",\"url\":\"https:\/\/www.daisho.be\/wp-content\/uploads\/2025\/11\/image-85-scaled.jpg\",\"contentUrl\":\"https:\/\/www.daisho.be\/wp-content\/uploads\/2025\/11\/image-85-scaled.jpg\",\"width\":2048,\"height\":1367,\"caption\":\"Arabesque Doble Negro-1 consola de pared\"},{\"@type\":\"BreadcrumbList\",\"@id\":\"https:\/\/www.daisho.be\/es\/produit\/consola-mural-arabesque-doble-negra\/#breadcrumb\",\"itemListElement\":[{\"@type\":\"ListItem\",\"position\":1,\"name\":\"Accueil\",\"item\":\"https:\/\/www.daisho.be\/es\/\"},{\"@type\":\"ListItem\",\"position\":2,\"name\":\"Productos\",\"item\":\"https:\/\/www.daisho.be\/es\/productos\/\"},{\"@type\":\"ListItem\",\"position\":3,\"name\":\"Cuidado del deporte\",\"item\":\"https:\/\/www.daisho.be\/es\/categorie-produit\/cuidado-del-deporte\/\"},{\"@type\":\"ListItem\",\"position\":4,\"name\":\"Equipo de estiramiento\",\"item\":\"https:\/\/www.daisho.be\/es\/categorie-produit\/cuidado-del-deporte\/equipo-de-estiramiento\/\"},{\"@type\":\"ListItem\",\"position\":5,\"name\":\"Consola mural Arabesque Doble Negra\"}]},{\"@type\":\"WebSite\",\"@id\":\"https:\/\/www.daisho.be\/es\/#website\",\"url\":\"https:\/\/www.daisho.be\/es\/\",\"name\":\"Daisho\",\"description\":\"Sp&eacute;cialiste de l'&eacute;quipement sportif d'arts martiaux\",\"publisher\":{\"@id\":\"https:\/\/www.daisho.be\/es\/#organization\"},\"potentialAction\":[{\"@type\":\"SearchAction\",\"target\":{\"@type\":\"EntryPoint\",\"urlTemplate\":\"https:\/\/www.daisho.be\/es\/?s={search_term_string}\"},\"query-input\":{\"@type\":\"PropertyValueSpecification\",\"valueRequired\":true,\"valueName\":\"search_term_string\"}}],\"inLanguage\":\"es\"},{\"@type\":\"Organization\",\"@id\":\"https:\/\/www.daisho.be\/es\/#organization\",\"name\":\"Daisho\",\"url\":\"https:\/\/www.daisho.be\/es\/\",\"logo\":{\"@type\":\"ImageObject\",\"inLanguage\":\"es\",\"@id\":\"https:\/\/www.daisho.be\/es\/#\/schema\/logo\/image\/\",\"url\":\"https:\/\/www.daisho.be\/wp-content\/uploads\/2019\/07\/color-nothing-horizontale4x-e1564486100247.png\",\"contentUrl\":\"https:\/\/www.daisho.be\/wp-content\/uploads\/2019\/07\/color-nothing-horizontale4x-e1564486100247.png\",\"width\":1547,\"height\":385,\"caption\":\"Daisho\"},\"image\":{\"@id\":\"https:\/\/www.daisho.be\/es\/#\/schema\/logo\/image\/\"}}]}<\/script>\n<!-- \/ Yoast SEO plugin. -->","yoast_head_json":{"title":"Consola mural Arabesque Doble Negra &#8211; Daisho","description":"Arabesque Consola mural doble de acero para dos barras de danza con la m\u00e1xima estabilidad y resistencia. Encu\u00e9ntrala en www.daisho.be | Daisho","robots":{"index":"index","follow":"follow","max-snippet":"max-snippet:-1","max-image-preview":"max-image-preview:large","max-video-preview":"max-video-preview:-1"},"canonical":"https:\/\/www.daisho.be\/es\/produit\/consola-mural-arabesque-doble-negra\/","og_locale":"es_ES","og_type":"article","og_title":"Consola mural Arabesque Doble Negra &#8211; Daisho","og_description":"Arabesque Consola mural doble de acero para dos barras de danza con la m\u00e1xima estabilidad y resistencia. Encu\u00e9ntrala en www.daisho.be | Daisho","og_url":"https:\/\/www.daisho.be\/es\/produit\/consola-mural-arabesque-doble-negra\/","og_site_name":"Daisho","article_modified_time":"2026-03-26T15:07:30+00:00","og_image":[{"width":2048,"height":1367,"url":"https:\/\/www.daisho.be\/wp-content\/uploads\/2025\/11\/image-85-scaled.jpg","type":"image\/jpeg"}],"twitter_card":"summary_large_image","twitter_misc":{"Tiempo de lectura":"2 minutos"},"schema":{"@context":"https:\/\/schema.org","@graph":[{"@type":"WebPage","@id":"https:\/\/www.daisho.be\/es\/produit\/consola-mural-arabesque-doble-negra\/","url":"https:\/\/www.daisho.be\/es\/produit\/consola-mural-arabesque-doble-negra\/","name":"Consola mural Arabesque Doble Negra &#8211; Daisho","isPartOf":{"@id":"https:\/\/www.daisho.be\/es\/#website"},"primaryImageOfPage":{"@id":"https:\/\/www.daisho.be\/es\/produit\/consola-mural-arabesque-doble-negra\/#primaryimage"},"image":{"@id":"https:\/\/www.daisho.be\/es\/produit\/consola-mural-arabesque-doble-negra\/#primaryimage"},"thumbnailUrl":"https:\/\/www.daisho.be\/wp-content\/uploads\/2025\/11\/image-85-scaled.jpg","datePublished":"2025-11-17T13:58:51+00:00","dateModified":"2026-03-26T15:07:30+00:00","description":"Arabesque Consola mural doble de acero para dos barras de danza con la m\u00e1xima estabilidad y resistencia. Encu\u00e9ntrala en www.daisho.be | Daisho","breadcrumb":{"@id":"https:\/\/www.daisho.be\/es\/produit\/consola-mural-arabesque-doble-negra\/#breadcrumb"},"inLanguage":"es","potentialAction":[{"@type":"ReadAction","target":["https:\/\/www.daisho.be\/es\/produit\/consola-mural-arabesque-doble-negra\/"]}]},{"@type":"ImageObject","inLanguage":"es","@id":"https:\/\/www.daisho.be\/es\/produit\/consola-mural-arabesque-doble-negra\/#primaryimage","url":"https:\/\/www.daisho.be\/wp-content\/uploads\/2025\/11\/image-85-scaled.jpg","contentUrl":"https:\/\/www.daisho.be\/wp-content\/uploads\/2025\/11\/image-85-scaled.jpg","width":2048,"height":1367,"caption":"Arabesque Doble Negro-1 consola de pared"},{"@type":"BreadcrumbList","@id":"https:\/\/www.daisho.be\/es\/produit\/consola-mural-arabesque-doble-negra\/#breadcrumb","itemListElement":[{"@type":"ListItem","position":1,"name":"Accueil","item":"https:\/\/www.daisho.be\/es\/"},{"@type":"ListItem","position":2,"name":"Productos","item":"https:\/\/www.daisho.be\/es\/productos\/"},{"@type":"ListItem","position":3,"name":"Cuidado del deporte","item":"https:\/\/www.daisho.be\/es\/categorie-produit\/cuidado-del-deporte\/"},{"@type":"ListItem","position":4,"name":"Equipo de estiramiento","item":"https:\/\/www.daisho.be\/es\/categorie-produit\/cuidado-del-deporte\/equipo-de-estiramiento\/"},{"@type":"ListItem","position":5,"name":"Consola mural Arabesque Doble Negra"}]},{"@type":"WebSite","@id":"https:\/\/www.daisho.be\/es\/#website","url":"https:\/\/www.daisho.be\/es\/","name":"Daisho","description":"Sp&eacute;cialiste de l'&eacute;quipement sportif d'arts martiaux","publisher":{"@id":"https:\/\/www.daisho.be\/es\/#organization"},"potentialAction":[{"@type":"SearchAction","target":{"@type":"EntryPoint","urlTemplate":"https:\/\/www.daisho.be\/es\/?s={search_term_string}"},"query-input":{"@type":"PropertyValueSpecification","valueRequired":true,"valueName":"search_term_string"}}],"inLanguage":"es"},{"@type":"Organization","@id":"https:\/\/www.daisho.be\/es\/#organization","name":"Daisho","url":"https:\/\/www.daisho.be\/es\/","logo":{"@type":"ImageObject","inLanguage":"es","@id":"https:\/\/www.daisho.be\/es\/#\/schema\/logo\/image\/","url":"https:\/\/www.daisho.be\/wp-content\/uploads\/2019\/07\/color-nothing-horizontale4x-e1564486100247.png","contentUrl":"https:\/\/www.daisho.be\/wp-content\/uploads\/2019\/07\/color-nothing-horizontale4x-e1564486100247.png","width":1547,"height":385,"caption":"Daisho"},"image":{"@id":"https:\/\/www.daisho.be\/es\/#\/schema\/logo\/image\/"}}]}},"_links":{"self":[{"href":"https:\/\/www.daisho.be\/es\/wp-json\/wp\/v2\/product\/622195","targetHints":{"allow":["GET"]}}],"collection":[{"href":"https:\/\/www.daisho.be\/es\/wp-json\/wp\/v2\/product"}],"about":[{"href":"https:\/\/www.daisho.be\/es\/wp-json\/wp\/v2\/types\/product"}],"replies":[{"embeddable":true,"href":"https:\/\/www.daisho.be\/es\/wp-json\/wp\/v2\/comments?post=622195"}],"wp:featuredmedia":[{"embeddable":true,"href":"https:\/\/www.daisho.be\/es\/wp-json\/wp\/v2\/media\/622171"}],"wp:attachment":[{"href":"https:\/\/www.daisho.be\/es\/wp-json\/wp\/v2\/media?parent=622195"}],"wp:term":[{"taxonomy":"product_brand","embeddable":true,"href":"https:\/\/www.daisho.be\/es\/wp-json\/wp\/v2\/product_brand?post=622195"},{"taxonomy":"product_cat","embeddable":true,"href":"https:\/\/www.daisho.be\/es\/wp-json\/wp\/v2\/product_cat?post=622195"},{"taxonomy":"product_tag","embeddable":true,"href":"https:\/\/www.daisho.be\/es\/wp-json\/wp\/v2\/product_tag?post=622195"},{"taxonomy":"sport","embeddable":true,"href":"https:\/\/www.daisho.be\/es\/wp-json\/wp\/v2\/sport?post=622195"}],"curies":[{"name":"wp","href":"https:\/\/api.w.org\/{rel}","templated":true}]}}