{"id":622140,"date":"2025-11-17T14:47:39","date_gmt":"2025-11-17T13:47:39","guid":{"rendered":"https:\/\/www.daisho.be\/produit\/soporte-de-acero-para-montaje-en-el-suelo-avant-fix-negro\/"},"modified":"2026-03-26T15:56:03","modified_gmt":"2026-03-26T14:56:03","slug":"soporte-de-acero-para-montaje-en-el-suelo-avant-fix-negro","status":"publish","type":"product","link":"https:\/\/www.daisho.be\/es\/produit\/soporte-de-acero-para-montaje-en-el-suelo-avant-fix-negro\/","title":{"rendered":"Soporte de acero para montaje en el suelo Avant-Fix negro"},"content":{"rendered":"<p>Los soportes de acero para suelo Avant-Fix, dise\u00f1ados para soportar una sola barra de madera, te permiten crear una serie continua de barras y aprovechar al m\u00e1ximo el espacio de tu estudio de danza. Gracias a los materiales de primera calidad y a las reducidas dimensiones de la base, puedes instalar la barra cerca de una pared y disponer de m\u00e1s espacio para entrenar. El dise\u00f1o exclusivo de la consola proporciona la estabilidad y resistencia a la presi\u00f3n que necesitas.<br \/>\nFuncionalidad y optimizaci\u00f3n del espacio.<br \/>\nLos cuatro tornillos hexagonales de 10 cm crean una fijaci\u00f3n resistente de la barra Avant-Fix al suelo. Las bases, los postes y los soportes est\u00e1n fabricados en acero de alta calidad con un acabado epoxi de color plateado muy resistente a golpes y ara\u00f1azos.<br \/>\nLos soportes rodean las barras con la m\u00e1xima firmeza sin necesidad de taladrarlas, preservando as\u00ed las propiedades de la barra y garantizando su durabilidad. Por tanto, puedes instalar tantas barras como quieras, cerca de una pared o de un espejo, para trabajar mejor con tus alumnos.<br \/>\nUna barra de cualquier longitud.<br \/>\nLas barras de suelo Avant-Fix de Dinamica Ballet est\u00c3\u00a1n dise\u00c3\u00b1adas para que varios bailarines puedan utilizarlas simult\u00c3\u00a1neamente, sea cual sea la longitud de la instalaci\u00c3\u00b3n. Las barras se fijan dentro de los soportes de 20 cm, garantizando una estabilidad perfecta. Puedes instalar tantas consolas como quieras, separadas entre s\u00ed como m\u00e1ximo 2 metros.<br \/>\nTacto natural de la madera y buen agarre.<br \/>\nNuestras barras de 40 mm de di\u00e1metro est\u00e1n fabricadas con madera de pino amarillo, que ofrece una gran resistencia, una ligera flexibilidad, una sujeci\u00f3n \u00f3ptima y un tacto agradable. Las barras se han tallado y pulido a partir de una sola pieza de madera y proceden de bosques controlados que respetan los principios de la gesti\u00f3n sostenible. La barra se fija en el soporte sin tornillos, por lo que no puede da\u00c3\u00b1arse. Con la barra de suelo Avant-Fix, podr\u00c3\u00a1s crear el espacio adecuado para ti.         <\/p>\n","protected":false},"excerpt":{"rendered":"<p>Los soportes de acero para suelo Avant-Fix, dise\u00f1ados para soportar una sola barra de madera, te permiten crear una serie continua de barras y aprovechar al m\u00e1ximo el espacio de tu estudio de danza. Gracias a los materiales de primera calidad y a las reducidas dimensiones de la base, puedes instalar la barra cerca de [&hellip;]<\/p>\n","protected":false},"featured_media":622117,"comment_status":"open","ping_status":"closed","template":"","meta":{"inline_featured_image":false},"product_brand":[],"product_cat":[2540],"product_tag":[1797],"sport":[],"class_list":{"0":"post-622140","1":"product","2":"type-product","3":"status-publish","4":"has-post-thumbnail","6":"product_cat-equipo-de-estiramiento","7":"product_tag-ballet-dinamico","8":"pa_size-sans-taille-defaut","10":"first","11":"instock","12":"taxable","13":"shipping-taxable","14":"purchasable","15":"product-type-simple"},"yoast_head":"<!-- This site is optimized with the Yoast SEO plugin v27.2 - https:\/\/yoast.com\/product\/yoast-seo-wordpress\/ -->\n<title>Soporte de acero para montaje en el suelo Avant-Fix negro &#8211; Daisho<\/title>\n<meta name=\"description\" content=\"Consola de suelo de acero Avant-Fix estable y resistente a la presi\u00f3n para barras de danza de 40 mm. Encu\u00e9ntrala en www.daisho.be | Daisho\" \/>\n<meta name=\"robots\" content=\"index, follow, max-snippet:-1, max-image-preview:large, max-video-preview:-1\" \/>\n<link rel=\"canonical\" href=\"https:\/\/www.daisho.be\/es\/produit\/soporte-de-acero-para-montaje-en-el-suelo-avant-fix-negro\/\" \/>\n<meta property=\"og:locale\" content=\"es_ES\" \/>\n<meta property=\"og:type\" content=\"article\" \/>\n<meta property=\"og:title\" content=\"Soporte de acero para montaje en el suelo Avant-Fix negro &#8211; Daisho\" \/>\n<meta property=\"og:description\" content=\"Consola de suelo de acero Avant-Fix estable y resistente a la presi\u00f3n para barras de danza de 40 mm. Encu\u00e9ntrala en www.daisho.be | Daisho\" \/>\n<meta property=\"og:url\" content=\"https:\/\/www.daisho.be\/es\/produit\/soporte-de-acero-para-montaje-en-el-suelo-avant-fix-negro\/\" \/>\n<meta property=\"og:site_name\" content=\"Daisho\" \/>\n<meta property=\"article:modified_time\" content=\"2026-03-26T14:56:03+00:00\" \/>\n<meta property=\"og:image\" content=\"https:\/\/www.daisho.be\/wp-content\/uploads\/2025\/11\/image-83-scaled.jpg\" \/>\n\t<meta property=\"og:image:width\" content=\"1365\" \/>\n\t<meta property=\"og:image:height\" content=\"2048\" \/>\n\t<meta property=\"og:image:type\" content=\"image\/jpeg\" \/>\n<meta name=\"twitter:card\" content=\"summary_large_image\" \/>\n<meta name=\"twitter:label1\" content=\"Tiempo de lectura\" \/>\n\t<meta name=\"twitter:data1\" content=\"2 minutos\" \/>\n<script type=\"application\/ld+json\" class=\"yoast-schema-graph\">{\"@context\":\"https:\/\/schema.org\",\"@graph\":[{\"@type\":\"WebPage\",\"@id\":\"https:\/\/www.daisho.be\/es\/produit\/soporte-de-acero-para-montaje-en-el-suelo-avant-fix-negro\/\",\"url\":\"https:\/\/www.daisho.be\/es\/produit\/soporte-de-acero-para-montaje-en-el-suelo-avant-fix-negro\/\",\"name\":\"Soporte de acero para montaje en el suelo Avant-Fix negro &#8211; Daisho\",\"isPartOf\":{\"@id\":\"https:\/\/www.daisho.be\/es\/#website\"},\"primaryImageOfPage\":{\"@id\":\"https:\/\/www.daisho.be\/es\/produit\/soporte-de-acero-para-montaje-en-el-suelo-avant-fix-negro\/#primaryimage\"},\"image\":{\"@id\":\"https:\/\/www.daisho.be\/es\/produit\/soporte-de-acero-para-montaje-en-el-suelo-avant-fix-negro\/#primaryimage\"},\"thumbnailUrl\":\"https:\/\/www.daisho.be\/wp-content\/uploads\/2025\/11\/image-83-scaled.jpg\",\"datePublished\":\"2025-11-17T13:47:39+00:00\",\"dateModified\":\"2026-03-26T14:56:03+00:00\",\"description\":\"Consola de suelo de acero Avant-Fix estable y resistente a la presi\u00f3n para barras de danza de 40 mm. Encu\u00e9ntrala en www.daisho.be | Daisho\",\"breadcrumb\":{\"@id\":\"https:\/\/www.daisho.be\/es\/produit\/soporte-de-acero-para-montaje-en-el-suelo-avant-fix-negro\/#breadcrumb\"},\"inLanguage\":\"es\",\"potentialAction\":[{\"@type\":\"ReadAction\",\"target\":[\"https:\/\/www.daisho.be\/es\/produit\/soporte-de-acero-para-montaje-en-el-suelo-avant-fix-negro\/\"]}]},{\"@type\":\"ImageObject\",\"inLanguage\":\"es\",\"@id\":\"https:\/\/www.daisho.be\/es\/produit\/soporte-de-acero-para-montaje-en-el-suelo-avant-fix-negro\/#primaryimage\",\"url\":\"https:\/\/www.daisho.be\/wp-content\/uploads\/2025\/11\/image-83-scaled.jpg\",\"contentUrl\":\"https:\/\/www.daisho.be\/wp-content\/uploads\/2025\/11\/image-83-scaled.jpg\",\"width\":1365,\"height\":2048,\"caption\":\"Soporte de acero para montaje en el suelo Avant-Fix negro-1\"},{\"@type\":\"BreadcrumbList\",\"@id\":\"https:\/\/www.daisho.be\/es\/produit\/soporte-de-acero-para-montaje-en-el-suelo-avant-fix-negro\/#breadcrumb\",\"itemListElement\":[{\"@type\":\"ListItem\",\"position\":1,\"name\":\"Accueil\",\"item\":\"https:\/\/www.daisho.be\/es\/\"},{\"@type\":\"ListItem\",\"position\":2,\"name\":\"Productos\",\"item\":\"https:\/\/www.daisho.be\/es\/productos\/\"},{\"@type\":\"ListItem\",\"position\":3,\"name\":\"Cuidado del deporte\",\"item\":\"https:\/\/www.daisho.be\/es\/categorie-produit\/cuidado-del-deporte\/\"},{\"@type\":\"ListItem\",\"position\":4,\"name\":\"Equipo de estiramiento\",\"item\":\"https:\/\/www.daisho.be\/es\/categorie-produit\/cuidado-del-deporte\/equipo-de-estiramiento\/\"},{\"@type\":\"ListItem\",\"position\":5,\"name\":\"Soporte de acero para montaje en el suelo Avant-Fix negro\"}]},{\"@type\":\"WebSite\",\"@id\":\"https:\/\/www.daisho.be\/es\/#website\",\"url\":\"https:\/\/www.daisho.be\/es\/\",\"name\":\"Daisho\",\"description\":\"Sp&eacute;cialiste de l'&eacute;quipement sportif d'arts martiaux\",\"publisher\":{\"@id\":\"https:\/\/www.daisho.be\/es\/#organization\"},\"potentialAction\":[{\"@type\":\"SearchAction\",\"target\":{\"@type\":\"EntryPoint\",\"urlTemplate\":\"https:\/\/www.daisho.be\/es\/?s={search_term_string}\"},\"query-input\":{\"@type\":\"PropertyValueSpecification\",\"valueRequired\":true,\"valueName\":\"search_term_string\"}}],\"inLanguage\":\"es\"},{\"@type\":\"Organization\",\"@id\":\"https:\/\/www.daisho.be\/es\/#organization\",\"name\":\"Daisho\",\"url\":\"https:\/\/www.daisho.be\/es\/\",\"logo\":{\"@type\":\"ImageObject\",\"inLanguage\":\"es\",\"@id\":\"https:\/\/www.daisho.be\/es\/#\/schema\/logo\/image\/\",\"url\":\"https:\/\/www.daisho.be\/wp-content\/uploads\/2019\/07\/color-nothing-horizontale4x-e1564486100247.png\",\"contentUrl\":\"https:\/\/www.daisho.be\/wp-content\/uploads\/2019\/07\/color-nothing-horizontale4x-e1564486100247.png\",\"width\":1547,\"height\":385,\"caption\":\"Daisho\"},\"image\":{\"@id\":\"https:\/\/www.daisho.be\/es\/#\/schema\/logo\/image\/\"}}]}<\/script>\n<!-- \/ Yoast SEO plugin. -->","yoast_head_json":{"title":"Soporte de acero para montaje en el suelo Avant-Fix negro &#8211; Daisho","description":"Consola de suelo de acero Avant-Fix estable y resistente a la presi\u00f3n para barras de danza de 40 mm. Encu\u00e9ntrala en www.daisho.be | Daisho","robots":{"index":"index","follow":"follow","max-snippet":"max-snippet:-1","max-image-preview":"max-image-preview:large","max-video-preview":"max-video-preview:-1"},"canonical":"https:\/\/www.daisho.be\/es\/produit\/soporte-de-acero-para-montaje-en-el-suelo-avant-fix-negro\/","og_locale":"es_ES","og_type":"article","og_title":"Soporte de acero para montaje en el suelo Avant-Fix negro &#8211; Daisho","og_description":"Consola de suelo de acero Avant-Fix estable y resistente a la presi\u00f3n para barras de danza de 40 mm. Encu\u00e9ntrala en www.daisho.be | Daisho","og_url":"https:\/\/www.daisho.be\/es\/produit\/soporte-de-acero-para-montaje-en-el-suelo-avant-fix-negro\/","og_site_name":"Daisho","article_modified_time":"2026-03-26T14:56:03+00:00","og_image":[{"width":1365,"height":2048,"url":"https:\/\/www.daisho.be\/wp-content\/uploads\/2025\/11\/image-83-scaled.jpg","type":"image\/jpeg"}],"twitter_card":"summary_large_image","twitter_misc":{"Tiempo de lectura":"2 minutos"},"schema":{"@context":"https:\/\/schema.org","@graph":[{"@type":"WebPage","@id":"https:\/\/www.daisho.be\/es\/produit\/soporte-de-acero-para-montaje-en-el-suelo-avant-fix-negro\/","url":"https:\/\/www.daisho.be\/es\/produit\/soporte-de-acero-para-montaje-en-el-suelo-avant-fix-negro\/","name":"Soporte de acero para montaje en el suelo Avant-Fix negro &#8211; Daisho","isPartOf":{"@id":"https:\/\/www.daisho.be\/es\/#website"},"primaryImageOfPage":{"@id":"https:\/\/www.daisho.be\/es\/produit\/soporte-de-acero-para-montaje-en-el-suelo-avant-fix-negro\/#primaryimage"},"image":{"@id":"https:\/\/www.daisho.be\/es\/produit\/soporte-de-acero-para-montaje-en-el-suelo-avant-fix-negro\/#primaryimage"},"thumbnailUrl":"https:\/\/www.daisho.be\/wp-content\/uploads\/2025\/11\/image-83-scaled.jpg","datePublished":"2025-11-17T13:47:39+00:00","dateModified":"2026-03-26T14:56:03+00:00","description":"Consola de suelo de acero Avant-Fix estable y resistente a la presi\u00f3n para barras de danza de 40 mm. Encu\u00e9ntrala en www.daisho.be | Daisho","breadcrumb":{"@id":"https:\/\/www.daisho.be\/es\/produit\/soporte-de-acero-para-montaje-en-el-suelo-avant-fix-negro\/#breadcrumb"},"inLanguage":"es","potentialAction":[{"@type":"ReadAction","target":["https:\/\/www.daisho.be\/es\/produit\/soporte-de-acero-para-montaje-en-el-suelo-avant-fix-negro\/"]}]},{"@type":"ImageObject","inLanguage":"es","@id":"https:\/\/www.daisho.be\/es\/produit\/soporte-de-acero-para-montaje-en-el-suelo-avant-fix-negro\/#primaryimage","url":"https:\/\/www.daisho.be\/wp-content\/uploads\/2025\/11\/image-83-scaled.jpg","contentUrl":"https:\/\/www.daisho.be\/wp-content\/uploads\/2025\/11\/image-83-scaled.jpg","width":1365,"height":2048,"caption":"Soporte de acero para montaje en el suelo Avant-Fix negro-1"},{"@type":"BreadcrumbList","@id":"https:\/\/www.daisho.be\/es\/produit\/soporte-de-acero-para-montaje-en-el-suelo-avant-fix-negro\/#breadcrumb","itemListElement":[{"@type":"ListItem","position":1,"name":"Accueil","item":"https:\/\/www.daisho.be\/es\/"},{"@type":"ListItem","position":2,"name":"Productos","item":"https:\/\/www.daisho.be\/es\/productos\/"},{"@type":"ListItem","position":3,"name":"Cuidado del deporte","item":"https:\/\/www.daisho.be\/es\/categorie-produit\/cuidado-del-deporte\/"},{"@type":"ListItem","position":4,"name":"Equipo de estiramiento","item":"https:\/\/www.daisho.be\/es\/categorie-produit\/cuidado-del-deporte\/equipo-de-estiramiento\/"},{"@type":"ListItem","position":5,"name":"Soporte de acero para montaje en el suelo Avant-Fix negro"}]},{"@type":"WebSite","@id":"https:\/\/www.daisho.be\/es\/#website","url":"https:\/\/www.daisho.be\/es\/","name":"Daisho","description":"Sp&eacute;cialiste de l'&eacute;quipement sportif d'arts martiaux","publisher":{"@id":"https:\/\/www.daisho.be\/es\/#organization"},"potentialAction":[{"@type":"SearchAction","target":{"@type":"EntryPoint","urlTemplate":"https:\/\/www.daisho.be\/es\/?s={search_term_string}"},"query-input":{"@type":"PropertyValueSpecification","valueRequired":true,"valueName":"search_term_string"}}],"inLanguage":"es"},{"@type":"Organization","@id":"https:\/\/www.daisho.be\/es\/#organization","name":"Daisho","url":"https:\/\/www.daisho.be\/es\/","logo":{"@type":"ImageObject","inLanguage":"es","@id":"https:\/\/www.daisho.be\/es\/#\/schema\/logo\/image\/","url":"https:\/\/www.daisho.be\/wp-content\/uploads\/2019\/07\/color-nothing-horizontale4x-e1564486100247.png","contentUrl":"https:\/\/www.daisho.be\/wp-content\/uploads\/2019\/07\/color-nothing-horizontale4x-e1564486100247.png","width":1547,"height":385,"caption":"Daisho"},"image":{"@id":"https:\/\/www.daisho.be\/es\/#\/schema\/logo\/image\/"}}]}},"_links":{"self":[{"href":"https:\/\/www.daisho.be\/es\/wp-json\/wp\/v2\/product\/622140","targetHints":{"allow":["GET"]}}],"collection":[{"href":"https:\/\/www.daisho.be\/es\/wp-json\/wp\/v2\/product"}],"about":[{"href":"https:\/\/www.daisho.be\/es\/wp-json\/wp\/v2\/types\/product"}],"replies":[{"embeddable":true,"href":"https:\/\/www.daisho.be\/es\/wp-json\/wp\/v2\/comments?post=622140"}],"wp:featuredmedia":[{"embeddable":true,"href":"https:\/\/www.daisho.be\/es\/wp-json\/wp\/v2\/media\/622117"}],"wp:attachment":[{"href":"https:\/\/www.daisho.be\/es\/wp-json\/wp\/v2\/media?parent=622140"}],"wp:term":[{"taxonomy":"product_brand","embeddable":true,"href":"https:\/\/www.daisho.be\/es\/wp-json\/wp\/v2\/product_brand?post=622140"},{"taxonomy":"product_cat","embeddable":true,"href":"https:\/\/www.daisho.be\/es\/wp-json\/wp\/v2\/product_cat?post=622140"},{"taxonomy":"product_tag","embeddable":true,"href":"https:\/\/www.daisho.be\/es\/wp-json\/wp\/v2\/product_tag?post=622140"},{"taxonomy":"sport","embeddable":true,"href":"https:\/\/www.daisho.be\/es\/wp-json\/wp\/v2\/sport?post=622140"}],"curies":[{"name":"wp","href":"https:\/\/api.w.org\/{rel}","templated":true}]}}