{"id":622081,"date":"2025-11-17T14:46:44","date_gmt":"2025-11-17T13:46:44","guid":{"rendered":"https:\/\/www.daisho.be\/produit\/barra-de-suelo-giselle-fix\/"},"modified":"2026-03-30T10:38:02","modified_gmt":"2026-03-30T08:38:02","slug":"barra-de-suelo-giselle-fix","status":"publish","type":"product","link":"https:\/\/www.daisho.be\/es\/produit\/barra-de-suelo-giselle-fix\/","title":{"rendered":"Barra de suelo Giselle-Fix"},"content":{"rendered":"<p>La Giselle-Fix es la barra fija al suelo que ofrece m\u00e1s posibilidades. Te permite crear espacios continuos con dos barras y regular la altura en 10 posiciones diferentes, adapt\u00e1ndose a bailarines de todas las tallas. Los materiales de primera calidad y las dimensiones compactas de la base te permiten instalar la barra cerca de una pared y disponer de m\u00e1s espacio para entrenar. El dise\u00f1o exclusivo del doble soporte proporciona la estabilidad y resistencia a la presi\u00f3n que necesitas.<br \/>\nLa barra fija que se adapta a todos.<br \/>\nCon dos barras separadas 19 cm y 10 posiciones ajustables, la Giselle-Fix se adapta perfectamente a bailarinas de todas las tallas. El mecanismo de ajuste est\u00e1 dise\u00f1ado para que puedas cambiar la altura r\u00e1pidamente y ofrece un espacio total de 27 cent\u00edmetros entre las alturas m\u00ednima y m\u00e1xima.<br \/>\nEspacios funcionales continuos.<br \/>\nTodas las consolas de suelo Dinamica Ballet est\u00e1n dise\u00f1adas para optimizar el uso de tu espacio. Hemos dise\u00f1ado la base para proporcionar una estabilidad total con un volumen m\u00ednimo, lo que permite colocar la Giselle-Fix muy cerca de una pared o un espejo, ahorrando espacio.<br \/>\nLas consolas, fabricadas en acero de primera calidad, distribuyen la presi\u00f3n y garantizan el m\u00e1ximo rendimiento durante los ejercicios de alta intensidad. Las cuatro barras se montan dentro de los soportes, dos en la parte inferior y dos en la superior, sin tener que hacer agujeros que podr\u00edan da\u00f1ar la madera. Puedes instalar tantas consolas como quieras, separadas entre s\u00ed como m\u00e1ximo 2 metros.<br \/>\nBarras de madera para una sensaci\u00f3n natural y un apoyo \u00f3ptimo.<br \/>\nLa consola Giselle-Fix soporta dos barras de madera de 40 mm de di\u00e1metro. Nuestras barras, fabricadas con pino amarillo procedente de bosques sostenibles, son resistentes y ligeramente flexibles, por lo que resultan ideales para ejercicios avanzados. La madera, perfectamente pulida y sin barnizar, tiene un tacto agradable, buen agarre y belleza natural.<br \/>\nLos soportes rodean firmemente las barras sin necesidad de taladrar la madera, lo que garantiza miles de horas de uso y facilidad de instalaci\u00f3n.         <\/p>\n","protected":false},"excerpt":{"rendered":"<p>La Giselle-Fix es la barra fija al suelo que ofrece m\u00e1s posibilidades. Te permite crear espacios continuos con dos barras y regular la altura en 10 posiciones diferentes, adapt\u00e1ndose a bailarines de todas las tallas. Los materiales de primera calidad y las dimensiones compactas de la base te permiten instalar la barra cerca de una [&hellip;]<\/p>\n","protected":false},"featured_media":622061,"comment_status":"open","ping_status":"closed","template":"","meta":{"inline_featured_image":false},"product_brand":[],"product_cat":[2540],"product_tag":[1797],"sport":[],"class_list":{"0":"post-622081","1":"product","2":"type-product","3":"status-publish","4":"has-post-thumbnail","6":"product_cat-equipo-de-estiramiento","7":"product_tag-ballet-dinamico","8":"pa_size-sans-taille-defaut","10":"first","11":"instock","12":"taxable","13":"shipping-taxable","14":"purchasable","15":"product-type-simple"},"yoast_head":"<!-- This site is optimized with the Yoast SEO plugin v27.2 - https:\/\/yoast.com\/product\/yoast-seo-wordpress\/ -->\n<title>Barra de suelo Giselle-Fix &#8211; Daisho<\/title>\n<meta name=\"description\" content=\"Barra de suelo Giselle-Fix, doble barra ajustable (10 posiciones), estable, compacta e ideal para todos los bailarines. Encu\u00e9ntralo en www.daisho.be | Daisho\" \/>\n<meta name=\"robots\" content=\"index, follow, max-snippet:-1, max-image-preview:large, max-video-preview:-1\" \/>\n<link rel=\"canonical\" href=\"https:\/\/www.daisho.be\/es\/produit\/barra-de-suelo-giselle-fix\/\" \/>\n<meta property=\"og:locale\" content=\"es_ES\" \/>\n<meta property=\"og:type\" content=\"article\" \/>\n<meta property=\"og:title\" content=\"Barra de suelo Giselle-Fix &#8211; Daisho\" \/>\n<meta property=\"og:description\" content=\"Barra de suelo Giselle-Fix, doble barra ajustable (10 posiciones), estable, compacta e ideal para todos los bailarines. Encu\u00e9ntralo en www.daisho.be | Daisho\" \/>\n<meta property=\"og:url\" content=\"https:\/\/www.daisho.be\/es\/produit\/barra-de-suelo-giselle-fix\/\" \/>\n<meta property=\"og:site_name\" content=\"Daisho\" \/>\n<meta property=\"article:modified_time\" content=\"2026-03-30T08:38:02+00:00\" \/>\n<meta property=\"og:image\" content=\"https:\/\/www.daisho.be\/wp-content\/uploads\/2025\/11\/image-20.png\" \/>\n\t<meta property=\"og:image:width\" content=\"800\" \/>\n\t<meta property=\"og:image:height\" content=\"800\" \/>\n\t<meta property=\"og:image:type\" content=\"image\/png\" \/>\n<meta name=\"twitter:card\" content=\"summary_large_image\" \/>\n<meta name=\"twitter:label1\" content=\"Tiempo de lectura\" \/>\n\t<meta name=\"twitter:data1\" content=\"2 minutos\" \/>\n<script type=\"application\/ld+json\" class=\"yoast-schema-graph\">{\"@context\":\"https:\/\/schema.org\",\"@graph\":[{\"@type\":\"WebPage\",\"@id\":\"https:\/\/www.daisho.be\/es\/produit\/barra-de-suelo-giselle-fix\/\",\"url\":\"https:\/\/www.daisho.be\/es\/produit\/barra-de-suelo-giselle-fix\/\",\"name\":\"Barra de suelo Giselle-Fix &#8211; Daisho\",\"isPartOf\":{\"@id\":\"https:\/\/www.daisho.be\/es\/#website\"},\"primaryImageOfPage\":{\"@id\":\"https:\/\/www.daisho.be\/es\/produit\/barra-de-suelo-giselle-fix\/#primaryimage\"},\"image\":{\"@id\":\"https:\/\/www.daisho.be\/es\/produit\/barra-de-suelo-giselle-fix\/#primaryimage\"},\"thumbnailUrl\":\"https:\/\/www.daisho.be\/wp-content\/uploads\/2025\/11\/image-20.png\",\"datePublished\":\"2025-11-17T13:46:44+00:00\",\"dateModified\":\"2026-03-30T08:38:02+00:00\",\"description\":\"Barra de suelo Giselle-Fix, doble barra ajustable (10 posiciones), estable, compacta e ideal para todos los bailarines. Encu\u00e9ntralo en www.daisho.be | Daisho\",\"breadcrumb\":{\"@id\":\"https:\/\/www.daisho.be\/es\/produit\/barra-de-suelo-giselle-fix\/#breadcrumb\"},\"inLanguage\":\"es\",\"potentialAction\":[{\"@type\":\"ReadAction\",\"target\":[\"https:\/\/www.daisho.be\/es\/produit\/barra-de-suelo-giselle-fix\/\"]}]},{\"@type\":\"ImageObject\",\"inLanguage\":\"es\",\"@id\":\"https:\/\/www.daisho.be\/es\/produit\/barra-de-suelo-giselle-fix\/#primaryimage\",\"url\":\"https:\/\/www.daisho.be\/wp-content\/uploads\/2025\/11\/image-20.png\",\"contentUrl\":\"https:\/\/www.daisho.be\/wp-content\/uploads\/2025\/11\/image-20.png\",\"width\":800,\"height\":800,\"caption\":\"Barra de suelo Giselle-Fix -1\"},{\"@type\":\"BreadcrumbList\",\"@id\":\"https:\/\/www.daisho.be\/es\/produit\/barra-de-suelo-giselle-fix\/#breadcrumb\",\"itemListElement\":[{\"@type\":\"ListItem\",\"position\":1,\"name\":\"Accueil\",\"item\":\"https:\/\/www.daisho.be\/es\/\"},{\"@type\":\"ListItem\",\"position\":2,\"name\":\"Productos\",\"item\":\"https:\/\/www.daisho.be\/es\/productos\/\"},{\"@type\":\"ListItem\",\"position\":3,\"name\":\"Cuidado del deporte\",\"item\":\"https:\/\/www.daisho.be\/es\/categorie-produit\/cuidado-del-deporte\/\"},{\"@type\":\"ListItem\",\"position\":4,\"name\":\"Equipo de estiramiento\",\"item\":\"https:\/\/www.daisho.be\/es\/categorie-produit\/cuidado-del-deporte\/equipo-de-estiramiento\/\"},{\"@type\":\"ListItem\",\"position\":5,\"name\":\"Barra de suelo Giselle-Fix\"}]},{\"@type\":\"WebSite\",\"@id\":\"https:\/\/www.daisho.be\/es\/#website\",\"url\":\"https:\/\/www.daisho.be\/es\/\",\"name\":\"Daisho\",\"description\":\"Sp&eacute;cialiste de l'&eacute;quipement sportif d'arts martiaux\",\"publisher\":{\"@id\":\"https:\/\/www.daisho.be\/es\/#organization\"},\"potentialAction\":[{\"@type\":\"SearchAction\",\"target\":{\"@type\":\"EntryPoint\",\"urlTemplate\":\"https:\/\/www.daisho.be\/es\/?s={search_term_string}\"},\"query-input\":{\"@type\":\"PropertyValueSpecification\",\"valueRequired\":true,\"valueName\":\"search_term_string\"}}],\"inLanguage\":\"es\"},{\"@type\":\"Organization\",\"@id\":\"https:\/\/www.daisho.be\/es\/#organization\",\"name\":\"Daisho\",\"url\":\"https:\/\/www.daisho.be\/es\/\",\"logo\":{\"@type\":\"ImageObject\",\"inLanguage\":\"es\",\"@id\":\"https:\/\/www.daisho.be\/es\/#\/schema\/logo\/image\/\",\"url\":\"https:\/\/www.daisho.be\/wp-content\/uploads\/2019\/07\/color-nothing-horizontale4x-e1564486100247.png\",\"contentUrl\":\"https:\/\/www.daisho.be\/wp-content\/uploads\/2019\/07\/color-nothing-horizontale4x-e1564486100247.png\",\"width\":1547,\"height\":385,\"caption\":\"Daisho\"},\"image\":{\"@id\":\"https:\/\/www.daisho.be\/es\/#\/schema\/logo\/image\/\"}}]}<\/script>\n<!-- \/ Yoast SEO plugin. -->","yoast_head_json":{"title":"Barra de suelo Giselle-Fix &#8211; Daisho","description":"Barra de suelo Giselle-Fix, doble barra ajustable (10 posiciones), estable, compacta e ideal para todos los bailarines. Encu\u00e9ntralo en www.daisho.be | Daisho","robots":{"index":"index","follow":"follow","max-snippet":"max-snippet:-1","max-image-preview":"max-image-preview:large","max-video-preview":"max-video-preview:-1"},"canonical":"https:\/\/www.daisho.be\/es\/produit\/barra-de-suelo-giselle-fix\/","og_locale":"es_ES","og_type":"article","og_title":"Barra de suelo Giselle-Fix &#8211; Daisho","og_description":"Barra de suelo Giselle-Fix, doble barra ajustable (10 posiciones), estable, compacta e ideal para todos los bailarines. Encu\u00e9ntralo en www.daisho.be | Daisho","og_url":"https:\/\/www.daisho.be\/es\/produit\/barra-de-suelo-giselle-fix\/","og_site_name":"Daisho","article_modified_time":"2026-03-30T08:38:02+00:00","og_image":[{"width":800,"height":800,"url":"https:\/\/www.daisho.be\/wp-content\/uploads\/2025\/11\/image-20.png","type":"image\/png"}],"twitter_card":"summary_large_image","twitter_misc":{"Tiempo de lectura":"2 minutos"},"schema":{"@context":"https:\/\/schema.org","@graph":[{"@type":"WebPage","@id":"https:\/\/www.daisho.be\/es\/produit\/barra-de-suelo-giselle-fix\/","url":"https:\/\/www.daisho.be\/es\/produit\/barra-de-suelo-giselle-fix\/","name":"Barra de suelo Giselle-Fix &#8211; Daisho","isPartOf":{"@id":"https:\/\/www.daisho.be\/es\/#website"},"primaryImageOfPage":{"@id":"https:\/\/www.daisho.be\/es\/produit\/barra-de-suelo-giselle-fix\/#primaryimage"},"image":{"@id":"https:\/\/www.daisho.be\/es\/produit\/barra-de-suelo-giselle-fix\/#primaryimage"},"thumbnailUrl":"https:\/\/www.daisho.be\/wp-content\/uploads\/2025\/11\/image-20.png","datePublished":"2025-11-17T13:46:44+00:00","dateModified":"2026-03-30T08:38:02+00:00","description":"Barra de suelo Giselle-Fix, doble barra ajustable (10 posiciones), estable, compacta e ideal para todos los bailarines. Encu\u00e9ntralo en www.daisho.be | Daisho","breadcrumb":{"@id":"https:\/\/www.daisho.be\/es\/produit\/barra-de-suelo-giselle-fix\/#breadcrumb"},"inLanguage":"es","potentialAction":[{"@type":"ReadAction","target":["https:\/\/www.daisho.be\/es\/produit\/barra-de-suelo-giselle-fix\/"]}]},{"@type":"ImageObject","inLanguage":"es","@id":"https:\/\/www.daisho.be\/es\/produit\/barra-de-suelo-giselle-fix\/#primaryimage","url":"https:\/\/www.daisho.be\/wp-content\/uploads\/2025\/11\/image-20.png","contentUrl":"https:\/\/www.daisho.be\/wp-content\/uploads\/2025\/11\/image-20.png","width":800,"height":800,"caption":"Barra de suelo Giselle-Fix -1"},{"@type":"BreadcrumbList","@id":"https:\/\/www.daisho.be\/es\/produit\/barra-de-suelo-giselle-fix\/#breadcrumb","itemListElement":[{"@type":"ListItem","position":1,"name":"Accueil","item":"https:\/\/www.daisho.be\/es\/"},{"@type":"ListItem","position":2,"name":"Productos","item":"https:\/\/www.daisho.be\/es\/productos\/"},{"@type":"ListItem","position":3,"name":"Cuidado del deporte","item":"https:\/\/www.daisho.be\/es\/categorie-produit\/cuidado-del-deporte\/"},{"@type":"ListItem","position":4,"name":"Equipo de estiramiento","item":"https:\/\/www.daisho.be\/es\/categorie-produit\/cuidado-del-deporte\/equipo-de-estiramiento\/"},{"@type":"ListItem","position":5,"name":"Barra de suelo Giselle-Fix"}]},{"@type":"WebSite","@id":"https:\/\/www.daisho.be\/es\/#website","url":"https:\/\/www.daisho.be\/es\/","name":"Daisho","description":"Sp&eacute;cialiste de l'&eacute;quipement sportif d'arts martiaux","publisher":{"@id":"https:\/\/www.daisho.be\/es\/#organization"},"potentialAction":[{"@type":"SearchAction","target":{"@type":"EntryPoint","urlTemplate":"https:\/\/www.daisho.be\/es\/?s={search_term_string}"},"query-input":{"@type":"PropertyValueSpecification","valueRequired":true,"valueName":"search_term_string"}}],"inLanguage":"es"},{"@type":"Organization","@id":"https:\/\/www.daisho.be\/es\/#organization","name":"Daisho","url":"https:\/\/www.daisho.be\/es\/","logo":{"@type":"ImageObject","inLanguage":"es","@id":"https:\/\/www.daisho.be\/es\/#\/schema\/logo\/image\/","url":"https:\/\/www.daisho.be\/wp-content\/uploads\/2019\/07\/color-nothing-horizontale4x-e1564486100247.png","contentUrl":"https:\/\/www.daisho.be\/wp-content\/uploads\/2019\/07\/color-nothing-horizontale4x-e1564486100247.png","width":1547,"height":385,"caption":"Daisho"},"image":{"@id":"https:\/\/www.daisho.be\/es\/#\/schema\/logo\/image\/"}}]}},"_links":{"self":[{"href":"https:\/\/www.daisho.be\/es\/wp-json\/wp\/v2\/product\/622081","targetHints":{"allow":["GET"]}}],"collection":[{"href":"https:\/\/www.daisho.be\/es\/wp-json\/wp\/v2\/product"}],"about":[{"href":"https:\/\/www.daisho.be\/es\/wp-json\/wp\/v2\/types\/product"}],"replies":[{"embeddable":true,"href":"https:\/\/www.daisho.be\/es\/wp-json\/wp\/v2\/comments?post=622081"}],"wp:featuredmedia":[{"embeddable":true,"href":"https:\/\/www.daisho.be\/es\/wp-json\/wp\/v2\/media\/622061"}],"wp:attachment":[{"href":"https:\/\/www.daisho.be\/es\/wp-json\/wp\/v2\/media?parent=622081"}],"wp:term":[{"taxonomy":"product_brand","embeddable":true,"href":"https:\/\/www.daisho.be\/es\/wp-json\/wp\/v2\/product_brand?post=622081"},{"taxonomy":"product_cat","embeddable":true,"href":"https:\/\/www.daisho.be\/es\/wp-json\/wp\/v2\/product_cat?post=622081"},{"taxonomy":"product_tag","embeddable":true,"href":"https:\/\/www.daisho.be\/es\/wp-json\/wp\/v2\/product_tag?post=622081"},{"taxonomy":"sport","embeddable":true,"href":"https:\/\/www.daisho.be\/es\/wp-json\/wp\/v2\/sport?post=622081"}],"curies":[{"name":"wp","href":"https:\/\/api.w.org\/{rel}","templated":true}]}}