{"id":621875,"date":"2025-11-17T13:29:16","date_gmt":"2025-11-17T12:29:16","guid":{"rendered":"https:\/\/www.daisho.be\/produit\/barra-de-baile-profesional-giselle-5m\/"},"modified":"2026-03-30T13:51:31","modified_gmt":"2026-03-30T11:51:31","slug":"barra-de-baile-profesional-giselle-5m","status":"publish","type":"product","link":"https:\/\/www.daisho.be\/es\/produit\/barra-de-baile-profesional-giselle-5m\/","title":{"rendered":"Barra de baile profesional Giselle &#8211; 5m"},"content":{"rendered":"<p>La Giselle es una barra profesional con soportes para dos barras de madera y un mecanismo que permite ajustar la altura entre 70 y 120 cent\u00edmetros. La hemos dise\u00f1ado para un uso profesional intensivo por parte de bailarines y deportistas de todas las edades y tama\u00f1os. Puedes elegir uno de los dos tipos de base, con o sin ruedas, para transportar la barra f\u00e1cilmente de una clase a otra.<br \/>\n20 alturas diferentes para adaptarse a todos.<br \/>\nCon dos barras separadas 19 cm y 10 posiciones ajustables, la Giselle ofrece muchas posibilidades. Su altura es f\u00e1cil de ajustar, por lo que puede cambiarse r\u00e1pidamente para adaptarse a diferentes personas y ejercicios.<br \/>\nEl dise\u00f1o exclusivo de los soportes dobles de Dinamica Ballet distribuye la presi\u00f3n que el bailar\u00edn ejerce sobre las barras. Su gran estabilidad permite trabajar al mismo tiempo a bailarines de todas las edades y tama\u00f1os. Esta barra est\u00e1 disponible con barras de madera de 2 y 3 metros.<br \/>\nBases con o sin ruedas, dos opciones para una mayor adaptabilidad<br \/>\nEl modelo Giselle forma parte de nuestra gama de barras m\u00f3viles profesionales. Ofrecemos dos tipos de base de acero: una base con dos ruedas de 20 kg y una base plana sin ruedas de 10 kg. La base con ruedas de goma de alta densidad ofrece una gran estabilidad y te permite mover la barra sin esfuerzo inclin\u00e1ndola 45 grados.<br \/>\nLa base plana est\u00e1 dise\u00f1ada para que puedas mover la barra levant\u00e1ndola y sin que toque el suelo. En ambos casos, las bases est\u00e1n equipadas con deslizadores de PVC para no da\u00f1ar el suelo. Si necesitas mover la barra a menudo, te recomendamos el modelo con ruedas. Si s\u00f3lo piensas moverla ocasionalmente, o si sois dos, opta por la base sin ruedas. El peso total con las bases con ruedas y la barra de madera de 2 metros es de 53 kg. El peso del conjunto con las bases sin ruedas es de 34 kg.<br \/>\nFabricada con los mejores materiales para una durabilidad garantizada.<br \/>\nNuestras barras de madera de pino amarillo procedente de bosques sostenibles son resistentes y ligeramente flexibles, por lo que resultan ideales para ejercicios avanzados. La madera, perfectamente pulida y sin barnizar, tiene un tacto agradable, buen agarre y belleza natural. Los soportes encajan firmemente alrededor de las barras sin necesidad de taladrar la madera, lo que garantiza miles de horas de uso y facilidad de instalaci\u00f3n.<br \/>\nHemos realizado estudios en el Laboratorio de Elasticidad y Resistencia de Materiales de la Universidad Polit\u00e9cnica de Barcelona, que demuestran que la barra puede soportar fuerzas de casi 400 kg. Las bases y los soportes son de acero de alta calidad con un acabado epoxi plateado muy resistente a golpes y ara\u00f1azos.               <\/p>\n","protected":false},"excerpt":{"rendered":"<p>La Giselle es una barra profesional con soportes para dos barras de madera y un mecanismo que permite ajustar la altura entre 70 y 120 cent\u00edmetros. La hemos dise\u00f1ado para un uso profesional intensivo por parte de bailarines y deportistas de todas las edades y tama\u00f1os. Puedes elegir uno de los dos tipos de base, [&hellip;]<\/p>\n","protected":false},"featured_media":621857,"comment_status":"open","ping_status":"closed","template":"","meta":{"inline_featured_image":false},"product_brand":[],"product_cat":[2540],"product_tag":[1797],"sport":[],"class_list":{"0":"post-621875","1":"product","2":"type-product","3":"status-publish","4":"has-post-thumbnail","6":"product_cat-equipo-de-estiramiento","7":"product_tag-ballet-dinamico","8":"pa_size-5-m","10":"first","11":"instock","12":"taxable","13":"shipping-taxable","14":"purchasable","15":"product-type-variable"},"yoast_head":"<!-- This site is optimized with the Yoast SEO plugin v27.2 - https:\/\/yoast.com\/product\/yoast-seo-wordpress\/ -->\n<title>Barra de baile profesional Giselle - 5m &#8211; Daisho<\/title>\n<meta name=\"description\" content=\"Barra de baile Giselle, doble barra regulable, estable y m\u00f3vil, ideal para un uso profesional intensivo. Encu\u00e9ntralos en www.daisho.be|Daisho\" \/>\n<meta name=\"robots\" content=\"index, follow, max-snippet:-1, max-image-preview:large, max-video-preview:-1\" \/>\n<link rel=\"canonical\" href=\"https:\/\/www.daisho.be\/es\/produit\/barra-de-baile-profesional-giselle-5m\/\" \/>\n<meta property=\"og:locale\" content=\"es_ES\" \/>\n<meta property=\"og:type\" content=\"article\" \/>\n<meta property=\"og:title\" content=\"Barra de baile profesional Giselle - 5m &#8211; Daisho\" \/>\n<meta property=\"og:description\" content=\"Barra de baile Giselle, doble barra regulable, estable y m\u00f3vil, ideal para un uso profesional intensivo. Encu\u00e9ntralos en www.daisho.be|Daisho\" \/>\n<meta property=\"og:url\" content=\"https:\/\/www.daisho.be\/es\/produit\/barra-de-baile-profesional-giselle-5m\/\" \/>\n<meta property=\"og:site_name\" content=\"Daisho\" \/>\n<meta property=\"article:modified_time\" content=\"2026-03-30T11:51:31+00:00\" \/>\n<meta property=\"og:image\" content=\"https:\/\/www.daisho.be\/wp-content\/uploads\/2025\/11\/image-74-scaled.jpg\" \/>\n\t<meta property=\"og:image:width\" content=\"2048\" \/>\n\t<meta property=\"og:image:height\" content=\"1367\" \/>\n\t<meta property=\"og:image:type\" content=\"image\/jpeg\" \/>\n<meta name=\"twitter:card\" content=\"summary_large_image\" \/>\n<meta name=\"twitter:label1\" content=\"Tiempo de lectura\" \/>\n\t<meta name=\"twitter:data1\" content=\"2 minutos\" \/>\n<script type=\"application\/ld+json\" class=\"yoast-schema-graph\">{\"@context\":\"https:\/\/schema.org\",\"@graph\":[{\"@type\":\"WebPage\",\"@id\":\"https:\/\/www.daisho.be\/es\/produit\/barra-de-baile-profesional-giselle-5m\/\",\"url\":\"https:\/\/www.daisho.be\/es\/produit\/barra-de-baile-profesional-giselle-5m\/\",\"name\":\"Barra de baile profesional Giselle - 5m &#8211; Daisho\",\"isPartOf\":{\"@id\":\"https:\/\/www.daisho.be\/es\/#website\"},\"primaryImageOfPage\":{\"@id\":\"https:\/\/www.daisho.be\/es\/produit\/barra-de-baile-profesional-giselle-5m\/#primaryimage\"},\"image\":{\"@id\":\"https:\/\/www.daisho.be\/es\/produit\/barra-de-baile-profesional-giselle-5m\/#primaryimage\"},\"thumbnailUrl\":\"https:\/\/www.daisho.be\/wp-content\/uploads\/2025\/11\/image-74-scaled.jpg\",\"datePublished\":\"2025-11-17T12:29:16+00:00\",\"dateModified\":\"2026-03-30T11:51:31+00:00\",\"description\":\"Barra de baile Giselle, doble barra regulable, estable y m\u00f3vil, ideal para un uso profesional intensivo. Encu\u00e9ntralos en www.daisho.be|Daisho\",\"breadcrumb\":{\"@id\":\"https:\/\/www.daisho.be\/es\/produit\/barra-de-baile-profesional-giselle-5m\/#breadcrumb\"},\"inLanguage\":\"es\",\"potentialAction\":[{\"@type\":\"ReadAction\",\"target\":[\"https:\/\/www.daisho.be\/es\/produit\/barra-de-baile-profesional-giselle-5m\/\"]}]},{\"@type\":\"ImageObject\",\"inLanguage\":\"es\",\"@id\":\"https:\/\/www.daisho.be\/es\/produit\/barra-de-baile-profesional-giselle-5m\/#primaryimage\",\"url\":\"https:\/\/www.daisho.be\/wp-content\/uploads\/2025\/11\/image-74-scaled.jpg\",\"contentUrl\":\"https:\/\/www.daisho.be\/wp-content\/uploads\/2025\/11\/image-74-scaled.jpg\",\"width\":2048,\"height\":1367,\"caption\":\"Barra de baile profesional Giselle - 5m-1\"},{\"@type\":\"BreadcrumbList\",\"@id\":\"https:\/\/www.daisho.be\/es\/produit\/barra-de-baile-profesional-giselle-5m\/#breadcrumb\",\"itemListElement\":[{\"@type\":\"ListItem\",\"position\":1,\"name\":\"Accueil\",\"item\":\"https:\/\/www.daisho.be\/es\/\"},{\"@type\":\"ListItem\",\"position\":2,\"name\":\"Productos\",\"item\":\"https:\/\/www.daisho.be\/es\/productos\/\"},{\"@type\":\"ListItem\",\"position\":3,\"name\":\"Cuidado del deporte\",\"item\":\"https:\/\/www.daisho.be\/es\/categorie-produit\/cuidado-del-deporte\/\"},{\"@type\":\"ListItem\",\"position\":4,\"name\":\"Equipo de estiramiento\",\"item\":\"https:\/\/www.daisho.be\/es\/categorie-produit\/cuidado-del-deporte\/equipo-de-estiramiento\/\"},{\"@type\":\"ListItem\",\"position\":5,\"name\":\"Barra de baile profesional Giselle &#8211; 5m\"}]},{\"@type\":\"WebSite\",\"@id\":\"https:\/\/www.daisho.be\/es\/#website\",\"url\":\"https:\/\/www.daisho.be\/es\/\",\"name\":\"Daisho\",\"description\":\"Sp&eacute;cialiste de l'&eacute;quipement sportif d'arts martiaux\",\"publisher\":{\"@id\":\"https:\/\/www.daisho.be\/es\/#organization\"},\"potentialAction\":[{\"@type\":\"SearchAction\",\"target\":{\"@type\":\"EntryPoint\",\"urlTemplate\":\"https:\/\/www.daisho.be\/es\/?s={search_term_string}\"},\"query-input\":{\"@type\":\"PropertyValueSpecification\",\"valueRequired\":true,\"valueName\":\"search_term_string\"}}],\"inLanguage\":\"es\"},{\"@type\":\"Organization\",\"@id\":\"https:\/\/www.daisho.be\/es\/#organization\",\"name\":\"Daisho\",\"url\":\"https:\/\/www.daisho.be\/es\/\",\"logo\":{\"@type\":\"ImageObject\",\"inLanguage\":\"es\",\"@id\":\"https:\/\/www.daisho.be\/es\/#\/schema\/logo\/image\/\",\"url\":\"https:\/\/www.daisho.be\/wp-content\/uploads\/2019\/07\/color-nothing-horizontale4x-e1564486100247.png\",\"contentUrl\":\"https:\/\/www.daisho.be\/wp-content\/uploads\/2019\/07\/color-nothing-horizontale4x-e1564486100247.png\",\"width\":1547,\"height\":385,\"caption\":\"Daisho\"},\"image\":{\"@id\":\"https:\/\/www.daisho.be\/es\/#\/schema\/logo\/image\/\"}}]}<\/script>\n<!-- \/ Yoast SEO plugin. -->","yoast_head_json":{"title":"Barra de baile profesional Giselle - 5m &#8211; Daisho","description":"Barra de baile Giselle, doble barra regulable, estable y m\u00f3vil, ideal para un uso profesional intensivo. Encu\u00e9ntralos en www.daisho.be|Daisho","robots":{"index":"index","follow":"follow","max-snippet":"max-snippet:-1","max-image-preview":"max-image-preview:large","max-video-preview":"max-video-preview:-1"},"canonical":"https:\/\/www.daisho.be\/es\/produit\/barra-de-baile-profesional-giselle-5m\/","og_locale":"es_ES","og_type":"article","og_title":"Barra de baile profesional Giselle - 5m &#8211; Daisho","og_description":"Barra de baile Giselle, doble barra regulable, estable y m\u00f3vil, ideal para un uso profesional intensivo. Encu\u00e9ntralos en www.daisho.be|Daisho","og_url":"https:\/\/www.daisho.be\/es\/produit\/barra-de-baile-profesional-giselle-5m\/","og_site_name":"Daisho","article_modified_time":"2026-03-30T11:51:31+00:00","og_image":[{"width":2048,"height":1367,"url":"https:\/\/www.daisho.be\/wp-content\/uploads\/2025\/11\/image-74-scaled.jpg","type":"image\/jpeg"}],"twitter_card":"summary_large_image","twitter_misc":{"Tiempo de lectura":"2 minutos"},"schema":{"@context":"https:\/\/schema.org","@graph":[{"@type":"WebPage","@id":"https:\/\/www.daisho.be\/es\/produit\/barra-de-baile-profesional-giselle-5m\/","url":"https:\/\/www.daisho.be\/es\/produit\/barra-de-baile-profesional-giselle-5m\/","name":"Barra de baile profesional Giselle - 5m &#8211; Daisho","isPartOf":{"@id":"https:\/\/www.daisho.be\/es\/#website"},"primaryImageOfPage":{"@id":"https:\/\/www.daisho.be\/es\/produit\/barra-de-baile-profesional-giselle-5m\/#primaryimage"},"image":{"@id":"https:\/\/www.daisho.be\/es\/produit\/barra-de-baile-profesional-giselle-5m\/#primaryimage"},"thumbnailUrl":"https:\/\/www.daisho.be\/wp-content\/uploads\/2025\/11\/image-74-scaled.jpg","datePublished":"2025-11-17T12:29:16+00:00","dateModified":"2026-03-30T11:51:31+00:00","description":"Barra de baile Giselle, doble barra regulable, estable y m\u00f3vil, ideal para un uso profesional intensivo. Encu\u00e9ntralos en www.daisho.be|Daisho","breadcrumb":{"@id":"https:\/\/www.daisho.be\/es\/produit\/barra-de-baile-profesional-giselle-5m\/#breadcrumb"},"inLanguage":"es","potentialAction":[{"@type":"ReadAction","target":["https:\/\/www.daisho.be\/es\/produit\/barra-de-baile-profesional-giselle-5m\/"]}]},{"@type":"ImageObject","inLanguage":"es","@id":"https:\/\/www.daisho.be\/es\/produit\/barra-de-baile-profesional-giselle-5m\/#primaryimage","url":"https:\/\/www.daisho.be\/wp-content\/uploads\/2025\/11\/image-74-scaled.jpg","contentUrl":"https:\/\/www.daisho.be\/wp-content\/uploads\/2025\/11\/image-74-scaled.jpg","width":2048,"height":1367,"caption":"Barra de baile profesional Giselle - 5m-1"},{"@type":"BreadcrumbList","@id":"https:\/\/www.daisho.be\/es\/produit\/barra-de-baile-profesional-giselle-5m\/#breadcrumb","itemListElement":[{"@type":"ListItem","position":1,"name":"Accueil","item":"https:\/\/www.daisho.be\/es\/"},{"@type":"ListItem","position":2,"name":"Productos","item":"https:\/\/www.daisho.be\/es\/productos\/"},{"@type":"ListItem","position":3,"name":"Cuidado del deporte","item":"https:\/\/www.daisho.be\/es\/categorie-produit\/cuidado-del-deporte\/"},{"@type":"ListItem","position":4,"name":"Equipo de estiramiento","item":"https:\/\/www.daisho.be\/es\/categorie-produit\/cuidado-del-deporte\/equipo-de-estiramiento\/"},{"@type":"ListItem","position":5,"name":"Barra de baile profesional Giselle &#8211; 5m"}]},{"@type":"WebSite","@id":"https:\/\/www.daisho.be\/es\/#website","url":"https:\/\/www.daisho.be\/es\/","name":"Daisho","description":"Sp&eacute;cialiste de l'&eacute;quipement sportif d'arts martiaux","publisher":{"@id":"https:\/\/www.daisho.be\/es\/#organization"},"potentialAction":[{"@type":"SearchAction","target":{"@type":"EntryPoint","urlTemplate":"https:\/\/www.daisho.be\/es\/?s={search_term_string}"},"query-input":{"@type":"PropertyValueSpecification","valueRequired":true,"valueName":"search_term_string"}}],"inLanguage":"es"},{"@type":"Organization","@id":"https:\/\/www.daisho.be\/es\/#organization","name":"Daisho","url":"https:\/\/www.daisho.be\/es\/","logo":{"@type":"ImageObject","inLanguage":"es","@id":"https:\/\/www.daisho.be\/es\/#\/schema\/logo\/image\/","url":"https:\/\/www.daisho.be\/wp-content\/uploads\/2019\/07\/color-nothing-horizontale4x-e1564486100247.png","contentUrl":"https:\/\/www.daisho.be\/wp-content\/uploads\/2019\/07\/color-nothing-horizontale4x-e1564486100247.png","width":1547,"height":385,"caption":"Daisho"},"image":{"@id":"https:\/\/www.daisho.be\/es\/#\/schema\/logo\/image\/"}}]}},"_links":{"self":[{"href":"https:\/\/www.daisho.be\/es\/wp-json\/wp\/v2\/product\/621875","targetHints":{"allow":["GET"]}}],"collection":[{"href":"https:\/\/www.daisho.be\/es\/wp-json\/wp\/v2\/product"}],"about":[{"href":"https:\/\/www.daisho.be\/es\/wp-json\/wp\/v2\/types\/product"}],"replies":[{"embeddable":true,"href":"https:\/\/www.daisho.be\/es\/wp-json\/wp\/v2\/comments?post=621875"}],"wp:featuredmedia":[{"embeddable":true,"href":"https:\/\/www.daisho.be\/es\/wp-json\/wp\/v2\/media\/621857"}],"wp:attachment":[{"href":"https:\/\/www.daisho.be\/es\/wp-json\/wp\/v2\/media?parent=621875"}],"wp:term":[{"taxonomy":"product_brand","embeddable":true,"href":"https:\/\/www.daisho.be\/es\/wp-json\/wp\/v2\/product_brand?post=621875"},{"taxonomy":"product_cat","embeddable":true,"href":"https:\/\/www.daisho.be\/es\/wp-json\/wp\/v2\/product_cat?post=621875"},{"taxonomy":"product_tag","embeddable":true,"href":"https:\/\/www.daisho.be\/es\/wp-json\/wp\/v2\/product_tag?post=621875"},{"taxonomy":"sport","embeddable":true,"href":"https:\/\/www.daisho.be\/es\/wp-json\/wp\/v2\/sport?post=621875"}],"curies":[{"name":"wp","href":"https:\/\/api.w.org\/{rel}","templated":true}]}}