{"id":619124,"date":"2025-11-12T16:52:46","date_gmt":"2025-11-12T15:52:46","guid":{"rendered":"https:\/\/www.daisho.be\/produit\/barra-de-baile-profesional-avant-15-m\/"},"modified":"2026-03-30T14:55:30","modified_gmt":"2026-03-30T12:55:30","slug":"barra-de-baile-profesional-avant-15-m","status":"publish","type":"product","link":"https:\/\/www.daisho.be\/es\/produit\/barra-de-baile-profesional-avant-15-m\/","title":{"rendered":"Barra de baile profesional Avant &#8211; 1,5 m"},"content":{"rendered":"<p>La barra Avant es un modelo profesional con dos tipos de base disponibles. Con una altura de 103 cent\u00edmetros, es la barra ideal para un entrenamiento eficaz en la escuela de danza o en casa.<br \/>\nEstabilidad y resistencia excepcionales<br \/>\nEl dise\u00f1o exclusivo de los soportes de nuestra gama profesional distribuye la presi\u00f3n que el bailar\u00edn ejerce sobre la barra, y las bases de acero ofrecen una gran estabilidad. Hemos realizado estudios en el laboratorio de elasticidad de materiales de la Universidad Polit\u00e9cnica de Catalu\u00f1a, que demuestran que la barra puede soportar fuerzas de casi 400 kg. La barra Avant es reconocida tanto por los profesionales que buscan un alto rendimiento como por los aficionados que buscan estabilidad para realizar los ejercicios m\u00e1s exigentes en casa.<br \/>\nBase con o sin ruedas para adaptarla a tus necesidades<br \/>\nEl modelo Avant forma parte de nuestra gama de barras m\u00f3viles profesionales. Ofrecemos dos tipos de base de acero: una base con dos ruedas de 20 kg y una base plana sin ruedas de 10 kg. La base con ruedas de goma de alta densidad ofrece una gran estabilidad y te permite mover la barra sin esfuerzo inclin\u00e1ndola 45 grados. La base plana est\u00e1 dise\u00f1ada para que puedas mover la barra sin que toque el suelo.<br \/>\nEn ambos casos, las bases est\u00e1n equipadas con deslizadores de PVC para proteger el suelo, aunque sea de madera. Si piensas llevarte la barra Avant de gira o si necesitas moverla a menudo, te recomendamos el modelo con ruedas. Si s\u00f3lo piensas moverla ocasionalmente, o si sois dos personas, la base plana es m\u00e1s adecuada. El peso total con las bases con ruedas y la barra de madera de 2 metros es de 48 kg. El peso total con las bases sin ruedas es de 32 kg.<br \/>\nDisfruta del tacto inimitable de la madera<br \/>\nNuestras barras de madera de pino amarillo procedente de bosques sostenibles son resistentes y ligeramente flexibles, lo que las hace ideales para ejercicios avanzados. La madera, perfectamente pulida y sin barnizar, ofrece un tacto agradable, un buen agarre y una belleza natural. El modelo Avant est\u00e1 disponible con barras de madera de 1,5 m, 2 m y 3 m.<br \/>\nZ\u00f3calos con o sin ruedas<br \/>\nSoporte para una barra de madera<br \/>\nDisponible con barras de 1,5 m, 2 m y 3 m            <\/p>\n","protected":false},"excerpt":{"rendered":"<p>La barra Avant es un modelo profesional con dos tipos de base disponibles. Con una altura de 103 cent\u00edmetros, es la barra ideal para un entrenamiento eficaz en la escuela de danza o en casa. Estabilidad y resistencia excepcionales El dise\u00f1o exclusivo de los soportes de nuestra gama profesional distribuye la presi\u00f3n que el bailar\u00edn [&hellip;]<\/p>\n","protected":false},"featured_media":619087,"comment_status":"open","ping_status":"closed","template":"","meta":{"inline_featured_image":false},"product_brand":[],"product_cat":[2540],"product_tag":[1797],"sport":[],"class_list":{"0":"post-619124","1":"product","2":"type-product","3":"status-publish","4":"has-post-thumbnail","6":"product_cat-equipo-de-estiramiento","7":"product_tag-ballet-dinamico","8":"pa_size-15-m","10":"first","11":"instock","12":"taxable","13":"shipping-taxable","14":"purchasable","15":"product-type-variable"},"yoast_head":"<!-- This site is optimized with the Yoast SEO plugin v27.2 - https:\/\/yoast.com\/product\/yoast-seo-wordpress\/ -->\n<title>Barra de baile profesional Avant - 1,5 m &#8211; Daisho<\/title>\n<meta name=\"description\" content=\"Una barra de danza que combina estabilidad, resistencia y calidad para un entrenamiento \u00f3ptimo en la escuela de danza o en casa. Encu\u00e9ntrala en www.daisho.be|Daisho\" \/>\n<meta name=\"robots\" content=\"index, follow, max-snippet:-1, max-image-preview:large, max-video-preview:-1\" \/>\n<link rel=\"canonical\" href=\"https:\/\/www.daisho.be\/es\/produit\/barra-de-baile-profesional-avant-15-m\/\" \/>\n<meta property=\"og:locale\" content=\"es_ES\" \/>\n<meta property=\"og:type\" content=\"article\" \/>\n<meta property=\"og:title\" content=\"Barra de baile profesional Avant - 1,5 m &#8211; Daisho\" \/>\n<meta property=\"og:description\" content=\"Una barra de danza que combina estabilidad, resistencia y calidad para un entrenamiento \u00f3ptimo en la escuela de danza o en casa. Encu\u00e9ntrala en www.daisho.be|Daisho\" \/>\n<meta property=\"og:url\" content=\"https:\/\/www.daisho.be\/es\/produit\/barra-de-baile-profesional-avant-15-m\/\" \/>\n<meta property=\"og:site_name\" content=\"Daisho\" \/>\n<meta property=\"article:modified_time\" content=\"2026-03-30T12:55:30+00:00\" \/>\n<meta property=\"og:image\" content=\"https:\/\/www.daisho.be\/wp-content\/uploads\/2025\/11\/image-46-scaled.jpg\" \/>\n\t<meta property=\"og:image:width\" content=\"2048\" \/>\n\t<meta property=\"og:image:height\" content=\"1367\" \/>\n\t<meta property=\"og:image:type\" content=\"image\/jpeg\" \/>\n<meta name=\"twitter:card\" content=\"summary_large_image\" \/>\n<meta name=\"twitter:label1\" content=\"Tiempo de lectura\" \/>\n\t<meta name=\"twitter:data1\" content=\"2 minutos\" \/>\n<script type=\"application\/ld+json\" class=\"yoast-schema-graph\">{\"@context\":\"https:\/\/schema.org\",\"@graph\":[{\"@type\":\"WebPage\",\"@id\":\"https:\/\/www.daisho.be\/es\/produit\/barra-de-baile-profesional-avant-15-m\/\",\"url\":\"https:\/\/www.daisho.be\/es\/produit\/barra-de-baile-profesional-avant-15-m\/\",\"name\":\"Barra de baile profesional Avant - 1,5 m &#8211; Daisho\",\"isPartOf\":{\"@id\":\"https:\/\/www.daisho.be\/es\/#website\"},\"primaryImageOfPage\":{\"@id\":\"https:\/\/www.daisho.be\/es\/produit\/barra-de-baile-profesional-avant-15-m\/#primaryimage\"},\"image\":{\"@id\":\"https:\/\/www.daisho.be\/es\/produit\/barra-de-baile-profesional-avant-15-m\/#primaryimage\"},\"thumbnailUrl\":\"https:\/\/www.daisho.be\/wp-content\/uploads\/2025\/11\/image-46-scaled.jpg\",\"datePublished\":\"2025-11-12T15:52:46+00:00\",\"dateModified\":\"2026-03-30T12:55:30+00:00\",\"description\":\"Una barra de danza que combina estabilidad, resistencia y calidad para un entrenamiento \u00f3ptimo en la escuela de danza o en casa. Encu\u00e9ntrala en www.daisho.be|Daisho\",\"breadcrumb\":{\"@id\":\"https:\/\/www.daisho.be\/es\/produit\/barra-de-baile-profesional-avant-15-m\/#breadcrumb\"},\"inLanguage\":\"es\",\"potentialAction\":[{\"@type\":\"ReadAction\",\"target\":[\"https:\/\/www.daisho.be\/es\/produit\/barra-de-baile-profesional-avant-15-m\/\"]}]},{\"@type\":\"ImageObject\",\"inLanguage\":\"es\",\"@id\":\"https:\/\/www.daisho.be\/es\/produit\/barra-de-baile-profesional-avant-15-m\/#primaryimage\",\"url\":\"https:\/\/www.daisho.be\/wp-content\/uploads\/2025\/11\/image-46-scaled.jpg\",\"contentUrl\":\"https:\/\/www.daisho.be\/wp-content\/uploads\/2025\/11\/image-46-scaled.jpg\",\"width\":2048,\"height\":1367,\"caption\":\"Barra de baile profesional Avant - 1,5m-1\"},{\"@type\":\"BreadcrumbList\",\"@id\":\"https:\/\/www.daisho.be\/es\/produit\/barra-de-baile-profesional-avant-15-m\/#breadcrumb\",\"itemListElement\":[{\"@type\":\"ListItem\",\"position\":1,\"name\":\"Accueil\",\"item\":\"https:\/\/www.daisho.be\/es\/\"},{\"@type\":\"ListItem\",\"position\":2,\"name\":\"Productos\",\"item\":\"https:\/\/www.daisho.be\/es\/productos\/\"},{\"@type\":\"ListItem\",\"position\":3,\"name\":\"Cuidado del deporte\",\"item\":\"https:\/\/www.daisho.be\/es\/categorie-produit\/cuidado-del-deporte\/\"},{\"@type\":\"ListItem\",\"position\":4,\"name\":\"Equipo de estiramiento\",\"item\":\"https:\/\/www.daisho.be\/es\/categorie-produit\/cuidado-del-deporte\/equipo-de-estiramiento\/\"},{\"@type\":\"ListItem\",\"position\":5,\"name\":\"Barra de baile profesional Avant &#8211; 1,5 m\"}]},{\"@type\":\"WebSite\",\"@id\":\"https:\/\/www.daisho.be\/es\/#website\",\"url\":\"https:\/\/www.daisho.be\/es\/\",\"name\":\"Daisho\",\"description\":\"Sp&eacute;cialiste de l'&eacute;quipement sportif d'arts martiaux\",\"publisher\":{\"@id\":\"https:\/\/www.daisho.be\/es\/#organization\"},\"potentialAction\":[{\"@type\":\"SearchAction\",\"target\":{\"@type\":\"EntryPoint\",\"urlTemplate\":\"https:\/\/www.daisho.be\/es\/?s={search_term_string}\"},\"query-input\":{\"@type\":\"PropertyValueSpecification\",\"valueRequired\":true,\"valueName\":\"search_term_string\"}}],\"inLanguage\":\"es\"},{\"@type\":\"Organization\",\"@id\":\"https:\/\/www.daisho.be\/es\/#organization\",\"name\":\"Daisho\",\"url\":\"https:\/\/www.daisho.be\/es\/\",\"logo\":{\"@type\":\"ImageObject\",\"inLanguage\":\"es\",\"@id\":\"https:\/\/www.daisho.be\/es\/#\/schema\/logo\/image\/\",\"url\":\"https:\/\/www.daisho.be\/wp-content\/uploads\/2019\/07\/color-nothing-horizontale4x-e1564486100247.png\",\"contentUrl\":\"https:\/\/www.daisho.be\/wp-content\/uploads\/2019\/07\/color-nothing-horizontale4x-e1564486100247.png\",\"width\":1547,\"height\":385,\"caption\":\"Daisho\"},\"image\":{\"@id\":\"https:\/\/www.daisho.be\/es\/#\/schema\/logo\/image\/\"}}]}<\/script>\n<!-- \/ Yoast SEO plugin. -->","yoast_head_json":{"title":"Barra de baile profesional Avant - 1,5 m &#8211; Daisho","description":"Una barra de danza que combina estabilidad, resistencia y calidad para un entrenamiento \u00f3ptimo en la escuela de danza o en casa. Encu\u00e9ntrala en www.daisho.be|Daisho","robots":{"index":"index","follow":"follow","max-snippet":"max-snippet:-1","max-image-preview":"max-image-preview:large","max-video-preview":"max-video-preview:-1"},"canonical":"https:\/\/www.daisho.be\/es\/produit\/barra-de-baile-profesional-avant-15-m\/","og_locale":"es_ES","og_type":"article","og_title":"Barra de baile profesional Avant - 1,5 m &#8211; Daisho","og_description":"Una barra de danza que combina estabilidad, resistencia y calidad para un entrenamiento \u00f3ptimo en la escuela de danza o en casa. Encu\u00e9ntrala en www.daisho.be|Daisho","og_url":"https:\/\/www.daisho.be\/es\/produit\/barra-de-baile-profesional-avant-15-m\/","og_site_name":"Daisho","article_modified_time":"2026-03-30T12:55:30+00:00","og_image":[{"width":2048,"height":1367,"url":"https:\/\/www.daisho.be\/wp-content\/uploads\/2025\/11\/image-46-scaled.jpg","type":"image\/jpeg"}],"twitter_card":"summary_large_image","twitter_misc":{"Tiempo de lectura":"2 minutos"},"schema":{"@context":"https:\/\/schema.org","@graph":[{"@type":"WebPage","@id":"https:\/\/www.daisho.be\/es\/produit\/barra-de-baile-profesional-avant-15-m\/","url":"https:\/\/www.daisho.be\/es\/produit\/barra-de-baile-profesional-avant-15-m\/","name":"Barra de baile profesional Avant - 1,5 m &#8211; Daisho","isPartOf":{"@id":"https:\/\/www.daisho.be\/es\/#website"},"primaryImageOfPage":{"@id":"https:\/\/www.daisho.be\/es\/produit\/barra-de-baile-profesional-avant-15-m\/#primaryimage"},"image":{"@id":"https:\/\/www.daisho.be\/es\/produit\/barra-de-baile-profesional-avant-15-m\/#primaryimage"},"thumbnailUrl":"https:\/\/www.daisho.be\/wp-content\/uploads\/2025\/11\/image-46-scaled.jpg","datePublished":"2025-11-12T15:52:46+00:00","dateModified":"2026-03-30T12:55:30+00:00","description":"Una barra de danza que combina estabilidad, resistencia y calidad para un entrenamiento \u00f3ptimo en la escuela de danza o en casa. Encu\u00e9ntrala en www.daisho.be|Daisho","breadcrumb":{"@id":"https:\/\/www.daisho.be\/es\/produit\/barra-de-baile-profesional-avant-15-m\/#breadcrumb"},"inLanguage":"es","potentialAction":[{"@type":"ReadAction","target":["https:\/\/www.daisho.be\/es\/produit\/barra-de-baile-profesional-avant-15-m\/"]}]},{"@type":"ImageObject","inLanguage":"es","@id":"https:\/\/www.daisho.be\/es\/produit\/barra-de-baile-profesional-avant-15-m\/#primaryimage","url":"https:\/\/www.daisho.be\/wp-content\/uploads\/2025\/11\/image-46-scaled.jpg","contentUrl":"https:\/\/www.daisho.be\/wp-content\/uploads\/2025\/11\/image-46-scaled.jpg","width":2048,"height":1367,"caption":"Barra de baile profesional Avant - 1,5m-1"},{"@type":"BreadcrumbList","@id":"https:\/\/www.daisho.be\/es\/produit\/barra-de-baile-profesional-avant-15-m\/#breadcrumb","itemListElement":[{"@type":"ListItem","position":1,"name":"Accueil","item":"https:\/\/www.daisho.be\/es\/"},{"@type":"ListItem","position":2,"name":"Productos","item":"https:\/\/www.daisho.be\/es\/productos\/"},{"@type":"ListItem","position":3,"name":"Cuidado del deporte","item":"https:\/\/www.daisho.be\/es\/categorie-produit\/cuidado-del-deporte\/"},{"@type":"ListItem","position":4,"name":"Equipo de estiramiento","item":"https:\/\/www.daisho.be\/es\/categorie-produit\/cuidado-del-deporte\/equipo-de-estiramiento\/"},{"@type":"ListItem","position":5,"name":"Barra de baile profesional Avant &#8211; 1,5 m"}]},{"@type":"WebSite","@id":"https:\/\/www.daisho.be\/es\/#website","url":"https:\/\/www.daisho.be\/es\/","name":"Daisho","description":"Sp&eacute;cialiste de l'&eacute;quipement sportif d'arts martiaux","publisher":{"@id":"https:\/\/www.daisho.be\/es\/#organization"},"potentialAction":[{"@type":"SearchAction","target":{"@type":"EntryPoint","urlTemplate":"https:\/\/www.daisho.be\/es\/?s={search_term_string}"},"query-input":{"@type":"PropertyValueSpecification","valueRequired":true,"valueName":"search_term_string"}}],"inLanguage":"es"},{"@type":"Organization","@id":"https:\/\/www.daisho.be\/es\/#organization","name":"Daisho","url":"https:\/\/www.daisho.be\/es\/","logo":{"@type":"ImageObject","inLanguage":"es","@id":"https:\/\/www.daisho.be\/es\/#\/schema\/logo\/image\/","url":"https:\/\/www.daisho.be\/wp-content\/uploads\/2019\/07\/color-nothing-horizontale4x-e1564486100247.png","contentUrl":"https:\/\/www.daisho.be\/wp-content\/uploads\/2019\/07\/color-nothing-horizontale4x-e1564486100247.png","width":1547,"height":385,"caption":"Daisho"},"image":{"@id":"https:\/\/www.daisho.be\/es\/#\/schema\/logo\/image\/"}}]}},"_links":{"self":[{"href":"https:\/\/www.daisho.be\/es\/wp-json\/wp\/v2\/product\/619124","targetHints":{"allow":["GET"]}}],"collection":[{"href":"https:\/\/www.daisho.be\/es\/wp-json\/wp\/v2\/product"}],"about":[{"href":"https:\/\/www.daisho.be\/es\/wp-json\/wp\/v2\/types\/product"}],"replies":[{"embeddable":true,"href":"https:\/\/www.daisho.be\/es\/wp-json\/wp\/v2\/comments?post=619124"}],"wp:featuredmedia":[{"embeddable":true,"href":"https:\/\/www.daisho.be\/es\/wp-json\/wp\/v2\/media\/619087"}],"wp:attachment":[{"href":"https:\/\/www.daisho.be\/es\/wp-json\/wp\/v2\/media?parent=619124"}],"wp:term":[{"taxonomy":"product_brand","embeddable":true,"href":"https:\/\/www.daisho.be\/es\/wp-json\/wp\/v2\/product_brand?post=619124"},{"taxonomy":"product_cat","embeddable":true,"href":"https:\/\/www.daisho.be\/es\/wp-json\/wp\/v2\/product_cat?post=619124"},{"taxonomy":"product_tag","embeddable":true,"href":"https:\/\/www.daisho.be\/es\/wp-json\/wp\/v2\/product_tag?post=619124"},{"taxonomy":"sport","embeddable":true,"href":"https:\/\/www.daisho.be\/es\/wp-json\/wp\/v2\/sport?post=619124"}],"curies":[{"name":"wp","href":"https:\/\/api.w.org\/{rel}","templated":true}]}}