{"id":619057,"date":"2025-11-12T16:35:21","date_gmt":"2025-11-12T15:35:21","guid":{"rendered":"https:\/\/www.daisho.be\/produit\/barra-de-baile-movil-maurice-5-m\/"},"modified":"2026-03-30T15:25:23","modified_gmt":"2026-03-30T13:25:23","slug":"barra-de-baile-movil-maurice-5-m","status":"publish","type":"product","link":"https:\/\/www.daisho.be\/es\/produit\/barra-de-baile-movil-maurice-5-m\/","title":{"rendered":"Barra de baile m\u00f3vil Maurice &#8211; 5 m"},"content":{"rendered":"<p>La Maurice es una barra m\u00f3vil premium compuesta por dos barras y bases de hierro fundido. Con un peso total de 74 kg, est\u00e1 dise\u00f1ada para los especialistas en danza que buscan la excelencia en una barra m\u00f3vil.<br \/>\nEstabilidad total para satisfacer a los bailarines m\u00e1s exigentes<br \/>\nLa Maurice ofrece una estabilidad impresionante, que permite a varios bailarines realizar ejercicios intensos simult\u00e1neamente. Las bases, cada una de las cuales pesa 30 kg, son de hierro fundido y est\u00e1n equipadas con 4 ruedas de goma de alta densidad. Esto significa que la barra puede ser desplazada f\u00e1cilmente por una sola persona. Una vez colocada la barra, la base est\u00e1 dise\u00f1ada para que las ruedas no toquen el suelo, lo que garantiza una firmeza inigualable en un modelo port\u00e1til.<br \/>\nDos alturas para bailarines de diferentes alturas.<br \/>\nGracias a las dos barras de madera situadas a 83 y 105 cm del suelo, bailarines de diferentes edades y alturas pueden trabajar c\u00f3modamente sus battements y d\u00e9gag\u00e9s. Los soportes exclusivos de Dinamica Ballet mantienen la barra de madera en su sitio sin da\u00f1arla, y distribuyen la tensi\u00f3n ejercida por el bailar\u00edn desde cualquier \u00e1ngulo. La combinaci\u00f3n de bases de hierro fundido y soportes dobles proporciona una estabilidad absoluta, permiti\u00e9ndote concentrarte plenamente en tu t\u00e9cnica. Esta barra est\u00e1 disponible con barras de madera de 2 y 3 metros.<br \/>\nHierro fundido, acero y madera de pino, los materiales de una barra que no se desgasta.<br \/>\nLa barra Maurice, que debe su nombre al core\u00f3grafo franc\u00e9s Maurice B\u00e9jart, fue el primer modelo que creamos. La primera Maurice a\u00fan puede verse en el Institut del Teatre de Barcelona, donde se sigue utilizando en las clases de danza. Los m\u00e1stiles de acero de alta calidad tienen un acabado epoxi plateado que los protege de golpes y ara\u00f1azos. Las barras, de pino amarillo procedente de bosques sostenibles, son resistentes y ligeramente flexibles, lo que las hace ideales para ejercicios avanzados. La madera, perfectamente pulida y sin barnizar, tiene un tacto agradable y c\u00e1lido y un buen agarre. Suministramos la barra Maurice con los postes y las bases ya instalados. Para que puedas ponerte manos a la obra en cuanto la recibas.<br \/>\nBases de hierro fundido para una m\u00e1xima estabilidad.<br \/>\nSoportes para dos barras de madera.<br \/>\nDisponible con barras de 2 y 3 m.             <\/p>\n","protected":false},"excerpt":{"rendered":"<p>La Maurice es una barra m\u00f3vil premium compuesta por dos barras y bases de hierro fundido. Con un peso total de 74 kg, est\u00e1 dise\u00f1ada para los especialistas en danza que buscan la excelencia en una barra m\u00f3vil. Estabilidad total para satisfacer a los bailarines m\u00e1s exigentes La Maurice ofrece una estabilidad impresionante, que permite [&hellip;]<\/p>\n","protected":false},"featured_media":619018,"comment_status":"open","ping_status":"closed","template":"","meta":{"inline_featured_image":false},"product_brand":[],"product_cat":[2540],"product_tag":[1797],"sport":[],"class_list":{"0":"post-619057","1":"product","2":"type-product","3":"status-publish","4":"has-post-thumbnail","6":"product_cat-equipo-de-estiramiento","7":"product_tag-ballet-dinamico","8":"pa_size-5-m","10":"first","11":"instock","12":"taxable","13":"shipping-taxable","14":"purchasable","15":"product-type-variable"},"yoast_head":"<!-- This site is optimized with the Yoast SEO plugin v27.2 - https:\/\/yoast.com\/product\/yoast-seo-wordpress\/ -->\n<title>Barra de baile m\u00f3vil Maurice - 5 m &#8211; Daisho<\/title>\n<meta name=\"description\" content=\"La barra Maurice: m\u00f3vil, estable y dise\u00f1ada para bailarines exigentes, con dos alturas para una comodidad \u00f3ptima. Encu\u00e9ntrala en www.daisho.be|Daisho\" \/>\n<meta name=\"robots\" content=\"index, follow, max-snippet:-1, max-image-preview:large, max-video-preview:-1\" \/>\n<link rel=\"canonical\" href=\"https:\/\/www.daisho.be\/es\/produit\/barra-de-baile-movil-maurice-5-m\/\" \/>\n<meta property=\"og:locale\" content=\"es_ES\" \/>\n<meta property=\"og:type\" content=\"article\" \/>\n<meta property=\"og:title\" content=\"Barra de baile m\u00f3vil Maurice - 5 m &#8211; Daisho\" \/>\n<meta property=\"og:description\" content=\"La barra Maurice: m\u00f3vil, estable y dise\u00f1ada para bailarines exigentes, con dos alturas para una comodidad \u00f3ptima. Encu\u00e9ntrala en www.daisho.be|Daisho\" \/>\n<meta property=\"og:url\" content=\"https:\/\/www.daisho.be\/es\/produit\/barra-de-baile-movil-maurice-5-m\/\" \/>\n<meta property=\"og:site_name\" content=\"Daisho\" \/>\n<meta property=\"article:modified_time\" content=\"2026-03-30T13:25:23+00:00\" \/>\n<meta property=\"og:image\" content=\"https:\/\/www.daisho.be\/wp-content\/uploads\/2025\/11\/image-43-scaled.jpg\" \/>\n\t<meta property=\"og:image:width\" content=\"2048\" \/>\n\t<meta property=\"og:image:height\" content=\"1365\" \/>\n\t<meta property=\"og:image:type\" content=\"image\/jpeg\" \/>\n<meta name=\"twitter:card\" content=\"summary_large_image\" \/>\n<meta name=\"twitter:label1\" content=\"Tiempo de lectura\" \/>\n\t<meta name=\"twitter:data1\" content=\"2 minutos\" \/>\n<script type=\"application\/ld+json\" class=\"yoast-schema-graph\">{\"@context\":\"https:\/\/schema.org\",\"@graph\":[{\"@type\":\"WebPage\",\"@id\":\"https:\/\/www.daisho.be\/es\/produit\/barra-de-baile-movil-maurice-5-m\/\",\"url\":\"https:\/\/www.daisho.be\/es\/produit\/barra-de-baile-movil-maurice-5-m\/\",\"name\":\"Barra de baile m\u00f3vil Maurice - 5 m &#8211; Daisho\",\"isPartOf\":{\"@id\":\"https:\/\/www.daisho.be\/es\/#website\"},\"primaryImageOfPage\":{\"@id\":\"https:\/\/www.daisho.be\/es\/produit\/barra-de-baile-movil-maurice-5-m\/#primaryimage\"},\"image\":{\"@id\":\"https:\/\/www.daisho.be\/es\/produit\/barra-de-baile-movil-maurice-5-m\/#primaryimage\"},\"thumbnailUrl\":\"https:\/\/www.daisho.be\/wp-content\/uploads\/2025\/11\/image-43-scaled.jpg\",\"datePublished\":\"2025-11-12T15:35:21+00:00\",\"dateModified\":\"2026-03-30T13:25:23+00:00\",\"description\":\"La barra Maurice: m\u00f3vil, estable y dise\u00f1ada para bailarines exigentes, con dos alturas para una comodidad \u00f3ptima. Encu\u00e9ntrala en www.daisho.be|Daisho\",\"breadcrumb\":{\"@id\":\"https:\/\/www.daisho.be\/es\/produit\/barra-de-baile-movil-maurice-5-m\/#breadcrumb\"},\"inLanguage\":\"es\",\"potentialAction\":[{\"@type\":\"ReadAction\",\"target\":[\"https:\/\/www.daisho.be\/es\/produit\/barra-de-baile-movil-maurice-5-m\/\"]}]},{\"@type\":\"ImageObject\",\"inLanguage\":\"es\",\"@id\":\"https:\/\/www.daisho.be\/es\/produit\/barra-de-baile-movil-maurice-5-m\/#primaryimage\",\"url\":\"https:\/\/www.daisho.be\/wp-content\/uploads\/2025\/11\/image-43-scaled.jpg\",\"contentUrl\":\"https:\/\/www.daisho.be\/wp-content\/uploads\/2025\/11\/image-43-scaled.jpg\",\"width\":2048,\"height\":1365,\"caption\":\"Maurice bar de baile m\u00f3vil - 5 m-1\"},{\"@type\":\"BreadcrumbList\",\"@id\":\"https:\/\/www.daisho.be\/es\/produit\/barra-de-baile-movil-maurice-5-m\/#breadcrumb\",\"itemListElement\":[{\"@type\":\"ListItem\",\"position\":1,\"name\":\"Accueil\",\"item\":\"https:\/\/www.daisho.be\/es\/\"},{\"@type\":\"ListItem\",\"position\":2,\"name\":\"Productos\",\"item\":\"https:\/\/www.daisho.be\/es\/productos\/\"},{\"@type\":\"ListItem\",\"position\":3,\"name\":\"Cuidado del deporte\",\"item\":\"https:\/\/www.daisho.be\/es\/categorie-produit\/cuidado-del-deporte\/\"},{\"@type\":\"ListItem\",\"position\":4,\"name\":\"Equipo de estiramiento\",\"item\":\"https:\/\/www.daisho.be\/es\/categorie-produit\/cuidado-del-deporte\/equipo-de-estiramiento\/\"},{\"@type\":\"ListItem\",\"position\":5,\"name\":\"Barra de baile m\u00f3vil Maurice &#8211; 5 m\"}]},{\"@type\":\"WebSite\",\"@id\":\"https:\/\/www.daisho.be\/es\/#website\",\"url\":\"https:\/\/www.daisho.be\/es\/\",\"name\":\"Daisho\",\"description\":\"Sp&eacute;cialiste de l'&eacute;quipement sportif d'arts martiaux\",\"publisher\":{\"@id\":\"https:\/\/www.daisho.be\/es\/#organization\"},\"potentialAction\":[{\"@type\":\"SearchAction\",\"target\":{\"@type\":\"EntryPoint\",\"urlTemplate\":\"https:\/\/www.daisho.be\/es\/?s={search_term_string}\"},\"query-input\":{\"@type\":\"PropertyValueSpecification\",\"valueRequired\":true,\"valueName\":\"search_term_string\"}}],\"inLanguage\":\"es\"},{\"@type\":\"Organization\",\"@id\":\"https:\/\/www.daisho.be\/es\/#organization\",\"name\":\"Daisho\",\"url\":\"https:\/\/www.daisho.be\/es\/\",\"logo\":{\"@type\":\"ImageObject\",\"inLanguage\":\"es\",\"@id\":\"https:\/\/www.daisho.be\/es\/#\/schema\/logo\/image\/\",\"url\":\"https:\/\/www.daisho.be\/wp-content\/uploads\/2019\/07\/color-nothing-horizontale4x-e1564486100247.png\",\"contentUrl\":\"https:\/\/www.daisho.be\/wp-content\/uploads\/2019\/07\/color-nothing-horizontale4x-e1564486100247.png\",\"width\":1547,\"height\":385,\"caption\":\"Daisho\"},\"image\":{\"@id\":\"https:\/\/www.daisho.be\/es\/#\/schema\/logo\/image\/\"}}]}<\/script>\n<!-- \/ Yoast SEO plugin. -->","yoast_head_json":{"title":"Barra de baile m\u00f3vil Maurice - 5 m &#8211; Daisho","description":"La barra Maurice: m\u00f3vil, estable y dise\u00f1ada para bailarines exigentes, con dos alturas para una comodidad \u00f3ptima. Encu\u00e9ntrala en www.daisho.be|Daisho","robots":{"index":"index","follow":"follow","max-snippet":"max-snippet:-1","max-image-preview":"max-image-preview:large","max-video-preview":"max-video-preview:-1"},"canonical":"https:\/\/www.daisho.be\/es\/produit\/barra-de-baile-movil-maurice-5-m\/","og_locale":"es_ES","og_type":"article","og_title":"Barra de baile m\u00f3vil Maurice - 5 m &#8211; Daisho","og_description":"La barra Maurice: m\u00f3vil, estable y dise\u00f1ada para bailarines exigentes, con dos alturas para una comodidad \u00f3ptima. Encu\u00e9ntrala en www.daisho.be|Daisho","og_url":"https:\/\/www.daisho.be\/es\/produit\/barra-de-baile-movil-maurice-5-m\/","og_site_name":"Daisho","article_modified_time":"2026-03-30T13:25:23+00:00","og_image":[{"width":2048,"height":1365,"url":"https:\/\/www.daisho.be\/wp-content\/uploads\/2025\/11\/image-43-scaled.jpg","type":"image\/jpeg"}],"twitter_card":"summary_large_image","twitter_misc":{"Tiempo de lectura":"2 minutos"},"schema":{"@context":"https:\/\/schema.org","@graph":[{"@type":"WebPage","@id":"https:\/\/www.daisho.be\/es\/produit\/barra-de-baile-movil-maurice-5-m\/","url":"https:\/\/www.daisho.be\/es\/produit\/barra-de-baile-movil-maurice-5-m\/","name":"Barra de baile m\u00f3vil Maurice - 5 m &#8211; Daisho","isPartOf":{"@id":"https:\/\/www.daisho.be\/es\/#website"},"primaryImageOfPage":{"@id":"https:\/\/www.daisho.be\/es\/produit\/barra-de-baile-movil-maurice-5-m\/#primaryimage"},"image":{"@id":"https:\/\/www.daisho.be\/es\/produit\/barra-de-baile-movil-maurice-5-m\/#primaryimage"},"thumbnailUrl":"https:\/\/www.daisho.be\/wp-content\/uploads\/2025\/11\/image-43-scaled.jpg","datePublished":"2025-11-12T15:35:21+00:00","dateModified":"2026-03-30T13:25:23+00:00","description":"La barra Maurice: m\u00f3vil, estable y dise\u00f1ada para bailarines exigentes, con dos alturas para una comodidad \u00f3ptima. Encu\u00e9ntrala en www.daisho.be|Daisho","breadcrumb":{"@id":"https:\/\/www.daisho.be\/es\/produit\/barra-de-baile-movil-maurice-5-m\/#breadcrumb"},"inLanguage":"es","potentialAction":[{"@type":"ReadAction","target":["https:\/\/www.daisho.be\/es\/produit\/barra-de-baile-movil-maurice-5-m\/"]}]},{"@type":"ImageObject","inLanguage":"es","@id":"https:\/\/www.daisho.be\/es\/produit\/barra-de-baile-movil-maurice-5-m\/#primaryimage","url":"https:\/\/www.daisho.be\/wp-content\/uploads\/2025\/11\/image-43-scaled.jpg","contentUrl":"https:\/\/www.daisho.be\/wp-content\/uploads\/2025\/11\/image-43-scaled.jpg","width":2048,"height":1365,"caption":"Maurice bar de baile m\u00f3vil - 5 m-1"},{"@type":"BreadcrumbList","@id":"https:\/\/www.daisho.be\/es\/produit\/barra-de-baile-movil-maurice-5-m\/#breadcrumb","itemListElement":[{"@type":"ListItem","position":1,"name":"Accueil","item":"https:\/\/www.daisho.be\/es\/"},{"@type":"ListItem","position":2,"name":"Productos","item":"https:\/\/www.daisho.be\/es\/productos\/"},{"@type":"ListItem","position":3,"name":"Cuidado del deporte","item":"https:\/\/www.daisho.be\/es\/categorie-produit\/cuidado-del-deporte\/"},{"@type":"ListItem","position":4,"name":"Equipo de estiramiento","item":"https:\/\/www.daisho.be\/es\/categorie-produit\/cuidado-del-deporte\/equipo-de-estiramiento\/"},{"@type":"ListItem","position":5,"name":"Barra de baile m\u00f3vil Maurice &#8211; 5 m"}]},{"@type":"WebSite","@id":"https:\/\/www.daisho.be\/es\/#website","url":"https:\/\/www.daisho.be\/es\/","name":"Daisho","description":"Sp&eacute;cialiste de l'&eacute;quipement sportif d'arts martiaux","publisher":{"@id":"https:\/\/www.daisho.be\/es\/#organization"},"potentialAction":[{"@type":"SearchAction","target":{"@type":"EntryPoint","urlTemplate":"https:\/\/www.daisho.be\/es\/?s={search_term_string}"},"query-input":{"@type":"PropertyValueSpecification","valueRequired":true,"valueName":"search_term_string"}}],"inLanguage":"es"},{"@type":"Organization","@id":"https:\/\/www.daisho.be\/es\/#organization","name":"Daisho","url":"https:\/\/www.daisho.be\/es\/","logo":{"@type":"ImageObject","inLanguage":"es","@id":"https:\/\/www.daisho.be\/es\/#\/schema\/logo\/image\/","url":"https:\/\/www.daisho.be\/wp-content\/uploads\/2019\/07\/color-nothing-horizontale4x-e1564486100247.png","contentUrl":"https:\/\/www.daisho.be\/wp-content\/uploads\/2019\/07\/color-nothing-horizontale4x-e1564486100247.png","width":1547,"height":385,"caption":"Daisho"},"image":{"@id":"https:\/\/www.daisho.be\/es\/#\/schema\/logo\/image\/"}}]}},"_links":{"self":[{"href":"https:\/\/www.daisho.be\/es\/wp-json\/wp\/v2\/product\/619057","targetHints":{"allow":["GET"]}}],"collection":[{"href":"https:\/\/www.daisho.be\/es\/wp-json\/wp\/v2\/product"}],"about":[{"href":"https:\/\/www.daisho.be\/es\/wp-json\/wp\/v2\/types\/product"}],"replies":[{"embeddable":true,"href":"https:\/\/www.daisho.be\/es\/wp-json\/wp\/v2\/comments?post=619057"}],"wp:featuredmedia":[{"embeddable":true,"href":"https:\/\/www.daisho.be\/es\/wp-json\/wp\/v2\/media\/619018"}],"wp:attachment":[{"href":"https:\/\/www.daisho.be\/es\/wp-json\/wp\/v2\/media?parent=619057"}],"wp:term":[{"taxonomy":"product_brand","embeddable":true,"href":"https:\/\/www.daisho.be\/es\/wp-json\/wp\/v2\/product_brand?post=619057"},{"taxonomy":"product_cat","embeddable":true,"href":"https:\/\/www.daisho.be\/es\/wp-json\/wp\/v2\/product_cat?post=619057"},{"taxonomy":"product_tag","embeddable":true,"href":"https:\/\/www.daisho.be\/es\/wp-json\/wp\/v2\/product_tag?post=619057"},{"taxonomy":"sport","embeddable":true,"href":"https:\/\/www.daisho.be\/es\/wp-json\/wp\/v2\/sport?post=619057"}],"curies":[{"name":"wp","href":"https:\/\/api.w.org\/{rel}","templated":true}]}}