{"id":618944,"date":"2025-11-12T16:12:37","date_gmt":"2025-11-12T15:12:37","guid":{"rendered":"https:\/\/www.daisho.be\/produit\/barra-de-baile-domestica-prima-1m\/"},"modified":"2026-03-30T15:25:59","modified_gmt":"2026-03-30T13:25:59","slug":"barra-de-baile-domestica-prima-1m","status":"publish","type":"product","link":"https:\/\/www.daisho.be\/es\/produit\/barra-de-baile-domestica-prima-1m\/","title":{"rendered":"Barra de baile dom\u00e9stica Prima &#8211; 1m"},"content":{"rendered":"<p>La barra Prima est\u00e1 dise\u00f1ada para que todo el mundo pueda entrenar en casa, y es adecuada tanto para ni\u00f1os como para adultos. Es una barra ligera, f\u00e1cil de trasladar de una habitaci\u00f3n a otra, y lo bastante estable para que puedas practicar el fondus con tranquilidad.<br \/>\nLa barra m\u00f3vil para entrenar en casa.<br \/>\nLa Prima es una barra ideal para los principiantes que quieren progresar. Las bases de acero, que pesan 6 kg cada una, est\u00e1n equipadas con deslizadores de PVC para proteger el suelo y proporcionar la estabilidad que necesitas para realizar ejercicios y calentamientos precisos.<br \/>\nCon un peso total de 17 kg, la Prima es nuestra barra m\u00f3vil m\u00e1s ligera. Puedes guardarla cuando termines tu entrenamiento, o dejarla en su sitio porque su elegante dise\u00f1o permite que se integre en cualquier decoraci\u00f3n.<br \/>\nDise\u00f1o minimalista y materiales profesionales.<br \/>\nPrima est\u00e1 fabricada con los mismos materiales que utilizamos para nuestras barras profesionales. Las bases y los postes son de acero con un acabado epoxi plateado para mayor protecci\u00f3n contra golpes y ara\u00f1azos.<br \/>\nLa barra de madera de pino amarilla, atornillada directamente a los soportes, tiene un tacto agradable y un agarre excelente. La Prima es la barra m\u00f3vil m\u00e1s asequible de nuestra colecci\u00f3n, pero te garantizamos que te impresionar\u00e1 su calidad y que te acompa\u00f1ar\u00e1 durante muchos a\u00f1os.<br \/>\nHay tres tama\u00f1os disponibles: 1 metro, 1,5 metros y 2 metros.<br \/>\nSe entrega en tu puerta y se instala en menos de 5 minutos.<br \/>\nLa Prima es nuestra barra m\u00e1s popular. Si quieres que te la enviemos directamente a casa, s\u00f3lo tienes que comprarla en nuestra tienda online. Viene completa con un destornillador y una llave Allen, para que puedas instalarla y utilizarla en un tiempo r\u00e9cord.<br \/>\nBases planas de acero de 6 kg para facilitar el transporte.<br \/>\nBarra de madera atornillada a los soportes.<br \/>\nBarras de 1 m, 1,5 m y 2 m.       <\/p>\n","protected":false},"excerpt":{"rendered":"<p>La barra Prima est\u00e1 dise\u00f1ada para que todo el mundo pueda entrenar en casa, y es adecuada tanto para ni\u00f1os como para adultos. Es una barra ligera, f\u00e1cil de trasladar de una habitaci\u00f3n a otra, y lo bastante estable para que puedas practicar el fondus con tranquilidad. La barra m\u00f3vil para entrenar en casa. La [&hellip;]<\/p>\n","protected":false},"featured_media":618862,"comment_status":"open","ping_status":"closed","template":"","meta":{"inline_featured_image":false},"product_brand":[],"product_cat":[2540],"product_tag":[1797],"sport":[],"class_list":{"0":"post-618944","1":"product","2":"type-product","3":"status-publish","4":"has-post-thumbnail","6":"product_cat-equipo-de-estiramiento","7":"product_tag-ballet-dinamico","8":"pa_size-1-m","10":"first","11":"instock","12":"taxable","13":"shipping-taxable","14":"purchasable","15":"product-type-variable"},"yoast_head":"<!-- This site is optimized with the Yoast SEO plugin v27.2 - https:\/\/yoast.com\/product\/yoast-seo-wordpress\/ -->\n<title>Barra de baile dom\u00e9stica Prima - 1m &#8211; Daisho<\/title>\n<meta name=\"description\" content=\"La barra Prima: ligera, m\u00f3vil e ideal para todos los niveles, perfecta para entrenar en casa. Encu\u00e9ntrala en www.daisho.be|Daisho\" \/>\n<meta name=\"robots\" content=\"index, follow, max-snippet:-1, max-image-preview:large, max-video-preview:-1\" \/>\n<link rel=\"canonical\" href=\"https:\/\/www.daisho.be\/es\/produit\/barra-de-baile-domestica-prima-1m\/\" \/>\n<meta property=\"og:locale\" content=\"es_ES\" \/>\n<meta property=\"og:type\" content=\"article\" \/>\n<meta property=\"og:title\" content=\"Barra de baile dom\u00e9stica Prima - 1m &#8211; Daisho\" \/>\n<meta property=\"og:description\" content=\"La barra Prima: ligera, m\u00f3vil e ideal para todos los niveles, perfecta para entrenar en casa. Encu\u00e9ntrala en www.daisho.be|Daisho\" \/>\n<meta property=\"og:url\" content=\"https:\/\/www.daisho.be\/es\/produit\/barra-de-baile-domestica-prima-1m\/\" \/>\n<meta property=\"og:site_name\" content=\"Daisho\" \/>\n<meta property=\"article:modified_time\" content=\"2026-03-30T13:25:59+00:00\" \/>\n<meta property=\"og:image\" content=\"https:\/\/www.daisho.be\/wp-content\/uploads\/2025\/11\/image-38-scaled.jpg\" \/>\n\t<meta property=\"og:image:width\" content=\"2048\" \/>\n\t<meta property=\"og:image:height\" content=\"1365\" \/>\n\t<meta property=\"og:image:type\" content=\"image\/jpeg\" \/>\n<meta name=\"twitter:card\" content=\"summary_large_image\" \/>\n<meta name=\"twitter:label1\" content=\"Tiempo de lectura\" \/>\n\t<meta name=\"twitter:data1\" content=\"2 minutos\" \/>\n<script type=\"application\/ld+json\" class=\"yoast-schema-graph\">{\"@context\":\"https:\/\/schema.org\",\"@graph\":[{\"@type\":\"WebPage\",\"@id\":\"https:\/\/www.daisho.be\/es\/produit\/barra-de-baile-domestica-prima-1m\/\",\"url\":\"https:\/\/www.daisho.be\/es\/produit\/barra-de-baile-domestica-prima-1m\/\",\"name\":\"Barra de baile dom\u00e9stica Prima - 1m &#8211; Daisho\",\"isPartOf\":{\"@id\":\"https:\/\/www.daisho.be\/es\/#website\"},\"primaryImageOfPage\":{\"@id\":\"https:\/\/www.daisho.be\/es\/produit\/barra-de-baile-domestica-prima-1m\/#primaryimage\"},\"image\":{\"@id\":\"https:\/\/www.daisho.be\/es\/produit\/barra-de-baile-domestica-prima-1m\/#primaryimage\"},\"thumbnailUrl\":\"https:\/\/www.daisho.be\/wp-content\/uploads\/2025\/11\/image-38-scaled.jpg\",\"datePublished\":\"2025-11-12T15:12:37+00:00\",\"dateModified\":\"2026-03-30T13:25:59+00:00\",\"description\":\"La barra Prima: ligera, m\u00f3vil e ideal para todos los niveles, perfecta para entrenar en casa. Encu\u00e9ntrala en www.daisho.be|Daisho\",\"breadcrumb\":{\"@id\":\"https:\/\/www.daisho.be\/es\/produit\/barra-de-baile-domestica-prima-1m\/#breadcrumb\"},\"inLanguage\":\"es\",\"potentialAction\":[{\"@type\":\"ReadAction\",\"target\":[\"https:\/\/www.daisho.be\/es\/produit\/barra-de-baile-domestica-prima-1m\/\"]}]},{\"@type\":\"ImageObject\",\"inLanguage\":\"es\",\"@id\":\"https:\/\/www.daisho.be\/es\/produit\/barra-de-baile-domestica-prima-1m\/#primaryimage\",\"url\":\"https:\/\/www.daisho.be\/wp-content\/uploads\/2025\/11\/image-38-scaled.jpg\",\"contentUrl\":\"https:\/\/www.daisho.be\/wp-content\/uploads\/2025\/11\/image-38-scaled.jpg\",\"width\":2048,\"height\":1365,\"caption\":\"Barra de baile Prima home - 1m-1\"},{\"@type\":\"BreadcrumbList\",\"@id\":\"https:\/\/www.daisho.be\/es\/produit\/barra-de-baile-domestica-prima-1m\/#breadcrumb\",\"itemListElement\":[{\"@type\":\"ListItem\",\"position\":1,\"name\":\"Accueil\",\"item\":\"https:\/\/www.daisho.be\/es\/\"},{\"@type\":\"ListItem\",\"position\":2,\"name\":\"Productos\",\"item\":\"https:\/\/www.daisho.be\/es\/productos\/\"},{\"@type\":\"ListItem\",\"position\":3,\"name\":\"Cuidado del deporte\",\"item\":\"https:\/\/www.daisho.be\/es\/categorie-produit\/cuidado-del-deporte\/\"},{\"@type\":\"ListItem\",\"position\":4,\"name\":\"Equipo de estiramiento\",\"item\":\"https:\/\/www.daisho.be\/es\/categorie-produit\/cuidado-del-deporte\/equipo-de-estiramiento\/\"},{\"@type\":\"ListItem\",\"position\":5,\"name\":\"Barra de baile dom\u00e9stica Prima &#8211; 1m\"}]},{\"@type\":\"WebSite\",\"@id\":\"https:\/\/www.daisho.be\/es\/#website\",\"url\":\"https:\/\/www.daisho.be\/es\/\",\"name\":\"Daisho\",\"description\":\"Sp&eacute;cialiste de l'&eacute;quipement sportif d'arts martiaux\",\"publisher\":{\"@id\":\"https:\/\/www.daisho.be\/es\/#organization\"},\"potentialAction\":[{\"@type\":\"SearchAction\",\"target\":{\"@type\":\"EntryPoint\",\"urlTemplate\":\"https:\/\/www.daisho.be\/es\/?s={search_term_string}\"},\"query-input\":{\"@type\":\"PropertyValueSpecification\",\"valueRequired\":true,\"valueName\":\"search_term_string\"}}],\"inLanguage\":\"es\"},{\"@type\":\"Organization\",\"@id\":\"https:\/\/www.daisho.be\/es\/#organization\",\"name\":\"Daisho\",\"url\":\"https:\/\/www.daisho.be\/es\/\",\"logo\":{\"@type\":\"ImageObject\",\"inLanguage\":\"es\",\"@id\":\"https:\/\/www.daisho.be\/es\/#\/schema\/logo\/image\/\",\"url\":\"https:\/\/www.daisho.be\/wp-content\/uploads\/2019\/07\/color-nothing-horizontale4x-e1564486100247.png\",\"contentUrl\":\"https:\/\/www.daisho.be\/wp-content\/uploads\/2019\/07\/color-nothing-horizontale4x-e1564486100247.png\",\"width\":1547,\"height\":385,\"caption\":\"Daisho\"},\"image\":{\"@id\":\"https:\/\/www.daisho.be\/es\/#\/schema\/logo\/image\/\"}}]}<\/script>\n<!-- \/ Yoast SEO plugin. -->","yoast_head_json":{"title":"Barra de baile dom\u00e9stica Prima - 1m &#8211; Daisho","description":"La barra Prima: ligera, m\u00f3vil e ideal para todos los niveles, perfecta para entrenar en casa. Encu\u00e9ntrala en www.daisho.be|Daisho","robots":{"index":"index","follow":"follow","max-snippet":"max-snippet:-1","max-image-preview":"max-image-preview:large","max-video-preview":"max-video-preview:-1"},"canonical":"https:\/\/www.daisho.be\/es\/produit\/barra-de-baile-domestica-prima-1m\/","og_locale":"es_ES","og_type":"article","og_title":"Barra de baile dom\u00e9stica Prima - 1m &#8211; Daisho","og_description":"La barra Prima: ligera, m\u00f3vil e ideal para todos los niveles, perfecta para entrenar en casa. Encu\u00e9ntrala en www.daisho.be|Daisho","og_url":"https:\/\/www.daisho.be\/es\/produit\/barra-de-baile-domestica-prima-1m\/","og_site_name":"Daisho","article_modified_time":"2026-03-30T13:25:59+00:00","og_image":[{"width":2048,"height":1365,"url":"https:\/\/www.daisho.be\/wp-content\/uploads\/2025\/11\/image-38-scaled.jpg","type":"image\/jpeg"}],"twitter_card":"summary_large_image","twitter_misc":{"Tiempo de lectura":"2 minutos"},"schema":{"@context":"https:\/\/schema.org","@graph":[{"@type":"WebPage","@id":"https:\/\/www.daisho.be\/es\/produit\/barra-de-baile-domestica-prima-1m\/","url":"https:\/\/www.daisho.be\/es\/produit\/barra-de-baile-domestica-prima-1m\/","name":"Barra de baile dom\u00e9stica Prima - 1m &#8211; Daisho","isPartOf":{"@id":"https:\/\/www.daisho.be\/es\/#website"},"primaryImageOfPage":{"@id":"https:\/\/www.daisho.be\/es\/produit\/barra-de-baile-domestica-prima-1m\/#primaryimage"},"image":{"@id":"https:\/\/www.daisho.be\/es\/produit\/barra-de-baile-domestica-prima-1m\/#primaryimage"},"thumbnailUrl":"https:\/\/www.daisho.be\/wp-content\/uploads\/2025\/11\/image-38-scaled.jpg","datePublished":"2025-11-12T15:12:37+00:00","dateModified":"2026-03-30T13:25:59+00:00","description":"La barra Prima: ligera, m\u00f3vil e ideal para todos los niveles, perfecta para entrenar en casa. Encu\u00e9ntrala en www.daisho.be|Daisho","breadcrumb":{"@id":"https:\/\/www.daisho.be\/es\/produit\/barra-de-baile-domestica-prima-1m\/#breadcrumb"},"inLanguage":"es","potentialAction":[{"@type":"ReadAction","target":["https:\/\/www.daisho.be\/es\/produit\/barra-de-baile-domestica-prima-1m\/"]}]},{"@type":"ImageObject","inLanguage":"es","@id":"https:\/\/www.daisho.be\/es\/produit\/barra-de-baile-domestica-prima-1m\/#primaryimage","url":"https:\/\/www.daisho.be\/wp-content\/uploads\/2025\/11\/image-38-scaled.jpg","contentUrl":"https:\/\/www.daisho.be\/wp-content\/uploads\/2025\/11\/image-38-scaled.jpg","width":2048,"height":1365,"caption":"Barra de baile Prima home - 1m-1"},{"@type":"BreadcrumbList","@id":"https:\/\/www.daisho.be\/es\/produit\/barra-de-baile-domestica-prima-1m\/#breadcrumb","itemListElement":[{"@type":"ListItem","position":1,"name":"Accueil","item":"https:\/\/www.daisho.be\/es\/"},{"@type":"ListItem","position":2,"name":"Productos","item":"https:\/\/www.daisho.be\/es\/productos\/"},{"@type":"ListItem","position":3,"name":"Cuidado del deporte","item":"https:\/\/www.daisho.be\/es\/categorie-produit\/cuidado-del-deporte\/"},{"@type":"ListItem","position":4,"name":"Equipo de estiramiento","item":"https:\/\/www.daisho.be\/es\/categorie-produit\/cuidado-del-deporte\/equipo-de-estiramiento\/"},{"@type":"ListItem","position":5,"name":"Barra de baile dom\u00e9stica Prima &#8211; 1m"}]},{"@type":"WebSite","@id":"https:\/\/www.daisho.be\/es\/#website","url":"https:\/\/www.daisho.be\/es\/","name":"Daisho","description":"Sp&eacute;cialiste de l'&eacute;quipement sportif d'arts martiaux","publisher":{"@id":"https:\/\/www.daisho.be\/es\/#organization"},"potentialAction":[{"@type":"SearchAction","target":{"@type":"EntryPoint","urlTemplate":"https:\/\/www.daisho.be\/es\/?s={search_term_string}"},"query-input":{"@type":"PropertyValueSpecification","valueRequired":true,"valueName":"search_term_string"}}],"inLanguage":"es"},{"@type":"Organization","@id":"https:\/\/www.daisho.be\/es\/#organization","name":"Daisho","url":"https:\/\/www.daisho.be\/es\/","logo":{"@type":"ImageObject","inLanguage":"es","@id":"https:\/\/www.daisho.be\/es\/#\/schema\/logo\/image\/","url":"https:\/\/www.daisho.be\/wp-content\/uploads\/2019\/07\/color-nothing-horizontale4x-e1564486100247.png","contentUrl":"https:\/\/www.daisho.be\/wp-content\/uploads\/2019\/07\/color-nothing-horizontale4x-e1564486100247.png","width":1547,"height":385,"caption":"Daisho"},"image":{"@id":"https:\/\/www.daisho.be\/es\/#\/schema\/logo\/image\/"}}]}},"_links":{"self":[{"href":"https:\/\/www.daisho.be\/es\/wp-json\/wp\/v2\/product\/618944","targetHints":{"allow":["GET"]}}],"collection":[{"href":"https:\/\/www.daisho.be\/es\/wp-json\/wp\/v2\/product"}],"about":[{"href":"https:\/\/www.daisho.be\/es\/wp-json\/wp\/v2\/types\/product"}],"replies":[{"embeddable":true,"href":"https:\/\/www.daisho.be\/es\/wp-json\/wp\/v2\/comments?post=618944"}],"wp:featuredmedia":[{"embeddable":true,"href":"https:\/\/www.daisho.be\/es\/wp-json\/wp\/v2\/media\/618862"}],"wp:attachment":[{"href":"https:\/\/www.daisho.be\/es\/wp-json\/wp\/v2\/media?parent=618944"}],"wp:term":[{"taxonomy":"product_brand","embeddable":true,"href":"https:\/\/www.daisho.be\/es\/wp-json\/wp\/v2\/product_brand?post=618944"},{"taxonomy":"product_cat","embeddable":true,"href":"https:\/\/www.daisho.be\/es\/wp-json\/wp\/v2\/product_cat?post=618944"},{"taxonomy":"product_tag","embeddable":true,"href":"https:\/\/www.daisho.be\/es\/wp-json\/wp\/v2\/product_tag?post=618944"},{"taxonomy":"sport","embeddable":true,"href":"https:\/\/www.daisho.be\/es\/wp-json\/wp\/v2\/sport?post=618944"}],"curies":[{"name":"wp","href":"https:\/\/api.w.org\/{rel}","templated":true}]}}