{"id":618761,"date":"2025-11-12T15:35:36","date_gmt":"2025-11-12T14:35:36","guid":{"rendered":"https:\/\/www.daisho.be\/produit\/barra-de-ballet-movil-pina-15-m\/"},"modified":"2026-03-31T08:37:30","modified_gmt":"2026-03-31T06:37:30","slug":"barra-de-ballet-movil-pina-15-m","status":"publish","type":"product","link":"https:\/\/www.daisho.be\/es\/produit\/barra-de-ballet-movil-pina-15-m\/","title":{"rendered":"Barra de ballet m\u00f3vil Pina &#8211; 1,5 m &#8211; con ruedas"},"content":{"rendered":"<p>La Pina es una barra de ballet m\u00f3vil de nuestra gama profesional dise\u00f1ada con soportes para dos barras de madera fijadas a dos alturas diferentes: 79,5 y 102 cm. La Pina lleva m\u00e1s de 10 a\u00f1os en el mercado y es uno de los modelos m\u00e1s populares utilizados en las escuelas de danza de todo el mundo, ya que se adapta a bailarines de todas las edades y tama\u00f1os. Los dos tipos de base disponibles, con o sin ruedas, te dan flexibilidad para organizar tus sesiones de entrenamiento.<br \/>\nUna barra dise\u00f1ada para clases con bailarines de diferentes edades<br \/>\nLas dos barras de madera, separadas 19 cent\u00edmetros, permiten que dos bailarines de diferentes tama\u00f1os la utilicen al mismo tiempo, para que puedas trabajar con grupos de diferentes edades. El dise\u00f1o exclusivo de los soportes dobles de Din\u00e1mica Ballet distribuye la presi\u00f3n que el bailar\u00edn ejerce sobre las barras. Hemos realizado estudios en el Laboratorio de Elasticidad y Resistencia de Materiales de la Universidad Polit\u00e9cnica de Barcelona, que demuestran que la barra puede soportar fuerzas de hasta 400 kg.<br \/>\nSoporte con o sin ruedas para adaptarlo a tu espacio de trabajo<br \/>\nEl modelo PINA forma parte de nuestra gama de barras m\u00f3viles profesionales. Ofrecemos dos tipos de base de acero: una base con dos ruedas que pesa 20 kg y una base plana sin ruedas que pesa 10 kg. La base con ruedas de goma de alta densidad ofrece una gran estabilidad y te permite mover la barra sin esfuerzo inclin\u00e1ndola 45 grados. La base plana est\u00e1 dise\u00f1ada para que puedas mover la barra levant\u00e1ndola, sin que toque el suelo. En ambos casos, las bases est\u00e1n equipadas con deslizadores de PVC para proteger el suelo, aunque sea de parqu\u00e9.<br \/>\nSi necesitas mover la barra a menudo, te recomendamos el modelo con ruedas. Si s\u00f3lo piensas moverla ocasionalmente, o si sois dos personas, la base plana es m\u00e1s adecuada. El peso total con las bases con ruedas y la barra de madera de 2 metros es de 52 kg. El peso total con las bases sin ruedas es de 36 kg.<br \/>\nAcero y madera, la combinaci\u00f3n ideal para una excelente barra de baile<br \/>\nNuestras barras de madera de pino amarillo procedente de bosques sostenibles son resistentes y ligeramente flexibles, ideales para ejercicios avanzados. La madera, perfectamente pulida y sin barnizar, tiene un tacto agradable, buen agarre y belleza natural. Los soportes encajan firmemente alrededor de las barras sin necesidad de taladrar agujeros en la madera, lo que garantiza miles de horas de uso y facilidad de instalaci\u00f3n. Las bases y los soportes son de acero de alta calidad con un acabado epoxi plateado muy resistente a golpes y ara\u00f1azos. La Pina est\u00e1 disponible con barras de madera de 2 y 3 metros.<br \/>\nZ\u00f3calos con o sin ruedas<br \/>\nSoporte para dos barras<br \/>\nDisponible con barras de 2 m y 3 m               <\/p>\n","protected":false},"excerpt":{"rendered":"<p>La Pina es una barra de ballet m\u00f3vil de nuestra gama profesional dise\u00f1ada con soportes para dos barras de madera fijadas a dos alturas diferentes: 79,5 y 102 cm. La Pina lleva m\u00e1s de 10 a\u00f1os en el mercado y es uno de los modelos m\u00e1s populares utilizados en las escuelas de danza de todo [&hellip;]<\/p>\n","protected":false},"featured_media":618727,"comment_status":"open","ping_status":"closed","template":"","meta":{"inline_featured_image":false},"product_brand":[],"product_cat":[1622],"product_tag":[1797],"sport":[],"class_list":{"0":"post-618761","1":"product","2":"type-product","3":"status-publish","4":"has-post-thumbnail","6":"product_cat-otros","7":"product_tag-ballet-dinamico","8":"pa_size-15-m","10":"first","11":"instock","12":"taxable","13":"shipping-taxable","14":"purchasable","15":"product-type-variable"},"yoast_head":"<!-- This site is optimized with the Yoast SEO plugin v27.2 - https:\/\/yoast.com\/product\/yoast-seo-wordpress\/ -->\n<title>Barra de ballet m\u00f3vil Pina - 1,5 m - con ruedas &#8211; Daisho<\/title>\n<meta name=\"description\" content=\"Pina: doble barra de ballet de nivel profesional. Estable y flexible, ideal para todas las edades. Encu\u00e9ntrala en www.daisho.be|Daisho\" \/>\n<meta name=\"robots\" content=\"index, follow, max-snippet:-1, max-image-preview:large, max-video-preview:-1\" \/>\n<link rel=\"canonical\" href=\"https:\/\/www.daisho.be\/es\/produit\/barra-de-ballet-movil-pina-15-m\/\" \/>\n<meta property=\"og:locale\" content=\"es_ES\" \/>\n<meta property=\"og:type\" content=\"article\" \/>\n<meta property=\"og:title\" content=\"Barra de ballet m\u00f3vil Pina - 1,5 m - con ruedas &#8211; Daisho\" \/>\n<meta property=\"og:description\" content=\"Pina: doble barra de ballet de nivel profesional. Estable y flexible, ideal para todas las edades. Encu\u00e9ntrala en www.daisho.be|Daisho\" \/>\n<meta property=\"og:url\" content=\"https:\/\/www.daisho.be\/es\/produit\/barra-de-ballet-movil-pina-15-m\/\" \/>\n<meta property=\"og:site_name\" content=\"Daisho\" \/>\n<meta property=\"article:modified_time\" content=\"2026-03-31T06:37:30+00:00\" \/>\n<meta property=\"og:image\" content=\"https:\/\/www.daisho.be\/wp-content\/uploads\/2025\/11\/image-30-scaled.jpg\" \/>\n\t<meta property=\"og:image:width\" content=\"2048\" \/>\n\t<meta property=\"og:image:height\" content=\"1365\" \/>\n\t<meta property=\"og:image:type\" content=\"image\/jpeg\" \/>\n<meta name=\"twitter:card\" content=\"summary_large_image\" \/>\n<meta name=\"twitter:label1\" content=\"Tiempo de lectura\" \/>\n\t<meta name=\"twitter:data1\" content=\"2 minutos\" \/>\n<script type=\"application\/ld+json\" class=\"yoast-schema-graph\">{\"@context\":\"https:\/\/schema.org\",\"@graph\":[{\"@type\":\"WebPage\",\"@id\":\"https:\/\/www.daisho.be\/es\/produit\/barra-de-ballet-movil-pina-15-m\/\",\"url\":\"https:\/\/www.daisho.be\/es\/produit\/barra-de-ballet-movil-pina-15-m\/\",\"name\":\"Barra de ballet m\u00f3vil Pina - 1,5 m - con ruedas &#8211; Daisho\",\"isPartOf\":{\"@id\":\"https:\/\/www.daisho.be\/es\/#website\"},\"primaryImageOfPage\":{\"@id\":\"https:\/\/www.daisho.be\/es\/produit\/barra-de-ballet-movil-pina-15-m\/#primaryimage\"},\"image\":{\"@id\":\"https:\/\/www.daisho.be\/es\/produit\/barra-de-ballet-movil-pina-15-m\/#primaryimage\"},\"thumbnailUrl\":\"https:\/\/www.daisho.be\/wp-content\/uploads\/2025\/11\/image-30-scaled.jpg\",\"datePublished\":\"2025-11-12T14:35:36+00:00\",\"dateModified\":\"2026-03-31T06:37:30+00:00\",\"description\":\"Pina: doble barra de ballet de nivel profesional. Estable y flexible, ideal para todas las edades. Encu\u00e9ntrala en www.daisho.be|Daisho\",\"breadcrumb\":{\"@id\":\"https:\/\/www.daisho.be\/es\/produit\/barra-de-ballet-movil-pina-15-m\/#breadcrumb\"},\"inLanguage\":\"es\",\"potentialAction\":[{\"@type\":\"ReadAction\",\"target\":[\"https:\/\/www.daisho.be\/es\/produit\/barra-de-ballet-movil-pina-15-m\/\"]}]},{\"@type\":\"ImageObject\",\"inLanguage\":\"es\",\"@id\":\"https:\/\/www.daisho.be\/es\/produit\/barra-de-ballet-movil-pina-15-m\/#primaryimage\",\"url\":\"https:\/\/www.daisho.be\/wp-content\/uploads\/2025\/11\/image-30-scaled.jpg\",\"contentUrl\":\"https:\/\/www.daisho.be\/wp-content\/uploads\/2025\/11\/image-30-scaled.jpg\",\"width\":2048,\"height\":1365,\"caption\":\"Barra de ballet m\u00f3vil Pina - 1,5m- con ruedas-1\"},{\"@type\":\"BreadcrumbList\",\"@id\":\"https:\/\/www.daisho.be\/es\/produit\/barra-de-ballet-movil-pina-15-m\/#breadcrumb\",\"itemListElement\":[{\"@type\":\"ListItem\",\"position\":1,\"name\":\"Accueil\",\"item\":\"https:\/\/www.daisho.be\/es\/\"},{\"@type\":\"ListItem\",\"position\":2,\"name\":\"Productos\",\"item\":\"https:\/\/www.daisho.be\/es\/productos\/\"},{\"@type\":\"ListItem\",\"position\":3,\"name\":\"Otros\",\"item\":\"https:\/\/www.daisho.be\/es\/categorie-produit\/otros\/\"},{\"@type\":\"ListItem\",\"position\":4,\"name\":\"Barra de ballet m\u00f3vil Pina &#8211; 1,5 m &#8211; con ruedas\"}]},{\"@type\":\"WebSite\",\"@id\":\"https:\/\/www.daisho.be\/es\/#website\",\"url\":\"https:\/\/www.daisho.be\/es\/\",\"name\":\"Daisho\",\"description\":\"Sp&eacute;cialiste de l'&eacute;quipement sportif d'arts martiaux\",\"publisher\":{\"@id\":\"https:\/\/www.daisho.be\/es\/#organization\"},\"potentialAction\":[{\"@type\":\"SearchAction\",\"target\":{\"@type\":\"EntryPoint\",\"urlTemplate\":\"https:\/\/www.daisho.be\/es\/?s={search_term_string}\"},\"query-input\":{\"@type\":\"PropertyValueSpecification\",\"valueRequired\":true,\"valueName\":\"search_term_string\"}}],\"inLanguage\":\"es\"},{\"@type\":\"Organization\",\"@id\":\"https:\/\/www.daisho.be\/es\/#organization\",\"name\":\"Daisho\",\"url\":\"https:\/\/www.daisho.be\/es\/\",\"logo\":{\"@type\":\"ImageObject\",\"inLanguage\":\"es\",\"@id\":\"https:\/\/www.daisho.be\/es\/#\/schema\/logo\/image\/\",\"url\":\"https:\/\/www.daisho.be\/wp-content\/uploads\/2019\/07\/color-nothing-horizontale4x-e1564486100247.png\",\"contentUrl\":\"https:\/\/www.daisho.be\/wp-content\/uploads\/2019\/07\/color-nothing-horizontale4x-e1564486100247.png\",\"width\":1547,\"height\":385,\"caption\":\"Daisho\"},\"image\":{\"@id\":\"https:\/\/www.daisho.be\/es\/#\/schema\/logo\/image\/\"}}]}<\/script>\n<!-- \/ Yoast SEO plugin. -->","yoast_head_json":{"title":"Barra de ballet m\u00f3vil Pina - 1,5 m - con ruedas &#8211; Daisho","description":"Pina: doble barra de ballet de nivel profesional. Estable y flexible, ideal para todas las edades. Encu\u00e9ntrala en www.daisho.be|Daisho","robots":{"index":"index","follow":"follow","max-snippet":"max-snippet:-1","max-image-preview":"max-image-preview:large","max-video-preview":"max-video-preview:-1"},"canonical":"https:\/\/www.daisho.be\/es\/produit\/barra-de-ballet-movil-pina-15-m\/","og_locale":"es_ES","og_type":"article","og_title":"Barra de ballet m\u00f3vil Pina - 1,5 m - con ruedas &#8211; Daisho","og_description":"Pina: doble barra de ballet de nivel profesional. Estable y flexible, ideal para todas las edades. Encu\u00e9ntrala en www.daisho.be|Daisho","og_url":"https:\/\/www.daisho.be\/es\/produit\/barra-de-ballet-movil-pina-15-m\/","og_site_name":"Daisho","article_modified_time":"2026-03-31T06:37:30+00:00","og_image":[{"width":2048,"height":1365,"url":"https:\/\/www.daisho.be\/wp-content\/uploads\/2025\/11\/image-30-scaled.jpg","type":"image\/jpeg"}],"twitter_card":"summary_large_image","twitter_misc":{"Tiempo de lectura":"2 minutos"},"schema":{"@context":"https:\/\/schema.org","@graph":[{"@type":"WebPage","@id":"https:\/\/www.daisho.be\/es\/produit\/barra-de-ballet-movil-pina-15-m\/","url":"https:\/\/www.daisho.be\/es\/produit\/barra-de-ballet-movil-pina-15-m\/","name":"Barra de ballet m\u00f3vil Pina - 1,5 m - con ruedas &#8211; Daisho","isPartOf":{"@id":"https:\/\/www.daisho.be\/es\/#website"},"primaryImageOfPage":{"@id":"https:\/\/www.daisho.be\/es\/produit\/barra-de-ballet-movil-pina-15-m\/#primaryimage"},"image":{"@id":"https:\/\/www.daisho.be\/es\/produit\/barra-de-ballet-movil-pina-15-m\/#primaryimage"},"thumbnailUrl":"https:\/\/www.daisho.be\/wp-content\/uploads\/2025\/11\/image-30-scaled.jpg","datePublished":"2025-11-12T14:35:36+00:00","dateModified":"2026-03-31T06:37:30+00:00","description":"Pina: doble barra de ballet de nivel profesional. Estable y flexible, ideal para todas las edades. Encu\u00e9ntrala en www.daisho.be|Daisho","breadcrumb":{"@id":"https:\/\/www.daisho.be\/es\/produit\/barra-de-ballet-movil-pina-15-m\/#breadcrumb"},"inLanguage":"es","potentialAction":[{"@type":"ReadAction","target":["https:\/\/www.daisho.be\/es\/produit\/barra-de-ballet-movil-pina-15-m\/"]}]},{"@type":"ImageObject","inLanguage":"es","@id":"https:\/\/www.daisho.be\/es\/produit\/barra-de-ballet-movil-pina-15-m\/#primaryimage","url":"https:\/\/www.daisho.be\/wp-content\/uploads\/2025\/11\/image-30-scaled.jpg","contentUrl":"https:\/\/www.daisho.be\/wp-content\/uploads\/2025\/11\/image-30-scaled.jpg","width":2048,"height":1365,"caption":"Barra de ballet m\u00f3vil Pina - 1,5m- con ruedas-1"},{"@type":"BreadcrumbList","@id":"https:\/\/www.daisho.be\/es\/produit\/barra-de-ballet-movil-pina-15-m\/#breadcrumb","itemListElement":[{"@type":"ListItem","position":1,"name":"Accueil","item":"https:\/\/www.daisho.be\/es\/"},{"@type":"ListItem","position":2,"name":"Productos","item":"https:\/\/www.daisho.be\/es\/productos\/"},{"@type":"ListItem","position":3,"name":"Otros","item":"https:\/\/www.daisho.be\/es\/categorie-produit\/otros\/"},{"@type":"ListItem","position":4,"name":"Barra de ballet m\u00f3vil Pina &#8211; 1,5 m &#8211; con ruedas"}]},{"@type":"WebSite","@id":"https:\/\/www.daisho.be\/es\/#website","url":"https:\/\/www.daisho.be\/es\/","name":"Daisho","description":"Sp&eacute;cialiste de l'&eacute;quipement sportif d'arts martiaux","publisher":{"@id":"https:\/\/www.daisho.be\/es\/#organization"},"potentialAction":[{"@type":"SearchAction","target":{"@type":"EntryPoint","urlTemplate":"https:\/\/www.daisho.be\/es\/?s={search_term_string}"},"query-input":{"@type":"PropertyValueSpecification","valueRequired":true,"valueName":"search_term_string"}}],"inLanguage":"es"},{"@type":"Organization","@id":"https:\/\/www.daisho.be\/es\/#organization","name":"Daisho","url":"https:\/\/www.daisho.be\/es\/","logo":{"@type":"ImageObject","inLanguage":"es","@id":"https:\/\/www.daisho.be\/es\/#\/schema\/logo\/image\/","url":"https:\/\/www.daisho.be\/wp-content\/uploads\/2019\/07\/color-nothing-horizontale4x-e1564486100247.png","contentUrl":"https:\/\/www.daisho.be\/wp-content\/uploads\/2019\/07\/color-nothing-horizontale4x-e1564486100247.png","width":1547,"height":385,"caption":"Daisho"},"image":{"@id":"https:\/\/www.daisho.be\/es\/#\/schema\/logo\/image\/"}}]}},"_links":{"self":[{"href":"https:\/\/www.daisho.be\/es\/wp-json\/wp\/v2\/product\/618761","targetHints":{"allow":["GET"]}}],"collection":[{"href":"https:\/\/www.daisho.be\/es\/wp-json\/wp\/v2\/product"}],"about":[{"href":"https:\/\/www.daisho.be\/es\/wp-json\/wp\/v2\/types\/product"}],"replies":[{"embeddable":true,"href":"https:\/\/www.daisho.be\/es\/wp-json\/wp\/v2\/comments?post=618761"}],"wp:featuredmedia":[{"embeddable":true,"href":"https:\/\/www.daisho.be\/es\/wp-json\/wp\/v2\/media\/618727"}],"wp:attachment":[{"href":"https:\/\/www.daisho.be\/es\/wp-json\/wp\/v2\/media?parent=618761"}],"wp:term":[{"taxonomy":"product_brand","embeddable":true,"href":"https:\/\/www.daisho.be\/es\/wp-json\/wp\/v2\/product_brand?post=618761"},{"taxonomy":"product_cat","embeddable":true,"href":"https:\/\/www.daisho.be\/es\/wp-json\/wp\/v2\/product_cat?post=618761"},{"taxonomy":"product_tag","embeddable":true,"href":"https:\/\/www.daisho.be\/es\/wp-json\/wp\/v2\/product_tag?post=618761"},{"taxonomy":"sport","embeddable":true,"href":"https:\/\/www.daisho.be\/es\/wp-json\/wp\/v2\/sport?post=618761"}],"curies":[{"name":"wp","href":"https:\/\/api.w.org\/{rel}","templated":true}]}}