{"id":618695,"date":"2025-11-12T14:41:06","date_gmt":"2025-11-12T13:41:06","guid":{"rendered":"https:\/\/www.daisho.be\/produit\/barra-de-baile-movil-royale-3m\/"},"modified":"2026-03-31T08:37:30","modified_gmt":"2026-03-31T06:37:30","slug":"barra-de-baile-movil-royale-3m","status":"publish","type":"product","link":"https:\/\/www.daisho.be\/es\/produit\/barra-de-baile-movil-royale-3m\/","title":{"rendered":"Barra de baile m\u00f3vil Royale &#8211; 3m"},"content":{"rendered":"<p>Si buscas una barra m\u00f3vil regulable en altura con la estabilidad de una barra fija, la Royale es tu modelo. Con un peso total de 76 kg, soportes para dos barras y 10 alturas posibles, la Royale es imprescindible para las escuelas de danza m\u00e1s exigentes.<br \/>\nLa barra de altura regulable m\u00e1s estable que encontrar\u00e1s.<br \/>\nLa Royale es una barra dise\u00f1ada para profesionales de la danza que buscan modelos m\u00f3viles con las m\u00e1ximas prestaciones. Las bases, de 30 kg cada una, son de hierro fundido y est\u00e1n equipadas con 4 ruedas de goma de alta densidad. Esto significa que la barra puede ser desplazada f\u00e1cilmente por una sola persona. Los z\u00f3calos est\u00e1n dise\u00f1ados para que las ruedas no toquen el suelo cuando la barra est\u00e1 apoyada, lo que garantiza una firmeza inigualable en un modelo port\u00e1til. Con una estabilidad total para alumnos de todas las edades y la movilidad necesaria para despejar tu espacio tras los calentamientos, la barra Royale satisface todas tus necesidades.<br \/>\nAjustes r\u00e1pidos de altura para una m\u00e1xima flexibilidad<br \/>\nEl soporte de ballet doble Dinamica contiene dos barras de madera separadas 19 cent\u00edmetros. Gracias a la funci\u00f3n de ajuste de altura, puedes trabajar con una altura m\u00ednima de 73 cm y una altura m\u00e1xima de 123 cm, para que no tengas que preocuparte por la altura de los bailarines en tus clases. Sea cual sea la posici\u00f3n que elijas, la barra Royale mantiene su estabilidad y un rendimiento excepcional. El exclusivo dise\u00f1o de doble apoyo de Dinamica Ballet distribuye la presi\u00f3n que el bailar\u00edn ejerce sobre las barras. Esta barra est\u00e1 disponible con barras de madera de 2 y 3 metros.<br \/>\nHierro fundido, acero y madera de pino, materiales que garantizan d\u00e9cadas de uso<br \/>\nLas barras de acero tienen un acabado epoxi de color plateado que las protege de golpes y ara\u00f1azos. Las barras de pino amarillo procedente de bosques sostenibles est\u00e1n hechas de una sola pieza de madera y cuidadosamente pulidas para proteger tus manos. La madera es un material vivo que ofrece una gran resistencia, una ligera flexibilidad, un apoyo \u00f3ptimo y un tacto agradablemente suave y c\u00e1lido. Suministramos los postes con el sistema de ajuste de altura y las bases ya instaladas. Para que puedas empezar a utilizarlo en pocos minutos.<br \/>\nBases de hierro fundido para una m\u00e1xima estabilidad<br \/>\nAjustable a 10 alturas diferentes<br \/>\nSoportes para dos barras de madera<br \/>\nDisponible en barras de 2 y 3 m             <\/p>\n","protected":false},"excerpt":{"rendered":"<p>Si buscas una barra m\u00f3vil regulable en altura con la estabilidad de una barra fija, la Royale es tu modelo. Con un peso total de 76 kg, soportes para dos barras y 10 alturas posibles, la Royale es imprescindible para las escuelas de danza m\u00e1s exigentes. La barra de altura regulable m\u00e1s estable que encontrar\u00e1s. [&hellip;]<\/p>\n","protected":false},"featured_media":618683,"comment_status":"open","ping_status":"closed","template":"","meta":{"inline_featured_image":false},"product_brand":[],"product_cat":[2540],"product_tag":[1797],"sport":[],"class_list":{"0":"post-618695","1":"product","2":"type-product","3":"status-publish","4":"has-post-thumbnail","6":"product_cat-equipo-de-estiramiento","7":"product_tag-ballet-dinamico","8":"pa_size-3-m","10":"first","11":"instock","12":"taxable","13":"shipping-taxable","14":"purchasable","15":"product-type-variable"},"yoast_head":"<!-- This site is optimized with the Yoast SEO plugin v27.2 - https:\/\/yoast.com\/product\/yoast-seo-wordpress\/ -->\n<title>Barra de baile m\u00f3vil Royale - 3m &#8211; Daisho<\/title>\n<meta name=\"description\" content=\"Elige la barra Royale: m\u00f3vil y resistente con una estabilidad inigualable para escuelas de danza exigentes. Encu\u00e9ntrala en www.daisho.be|Daisho\" \/>\n<meta name=\"robots\" content=\"index, follow, max-snippet:-1, max-image-preview:large, max-video-preview:-1\" \/>\n<link rel=\"canonical\" href=\"https:\/\/www.daisho.be\/es\/produit\/barra-de-baile-movil-royale-3m\/\" \/>\n<meta property=\"og:locale\" content=\"es_ES\" \/>\n<meta property=\"og:type\" content=\"article\" \/>\n<meta property=\"og:title\" content=\"Barra de baile m\u00f3vil Royale - 3m &#8211; Daisho\" \/>\n<meta property=\"og:description\" content=\"Elige la barra Royale: m\u00f3vil y resistente con una estabilidad inigualable para escuelas de danza exigentes. Encu\u00e9ntrala en www.daisho.be|Daisho\" \/>\n<meta property=\"og:url\" content=\"https:\/\/www.daisho.be\/es\/produit\/barra-de-baile-movil-royale-3m\/\" \/>\n<meta property=\"og:site_name\" content=\"Daisho\" \/>\n<meta property=\"article:modified_time\" content=\"2026-03-31T06:37:30+00:00\" \/>\n<meta property=\"og:image\" content=\"https:\/\/www.daisho.be\/wp-content\/uploads\/2025\/11\/image-29-scaled.jpg\" \/>\n\t<meta property=\"og:image:width\" content=\"2048\" \/>\n\t<meta property=\"og:image:height\" content=\"1465\" \/>\n\t<meta property=\"og:image:type\" content=\"image\/jpeg\" \/>\n<meta name=\"twitter:card\" content=\"summary_large_image\" \/>\n<meta name=\"twitter:label1\" content=\"Tiempo de lectura\" \/>\n\t<meta name=\"twitter:data1\" content=\"2 minutos\" \/>\n<script type=\"application\/ld+json\" class=\"yoast-schema-graph\">{\"@context\":\"https:\/\/schema.org\",\"@graph\":[{\"@type\":\"WebPage\",\"@id\":\"https:\/\/www.daisho.be\/es\/produit\/barra-de-baile-movil-royale-3m\/\",\"url\":\"https:\/\/www.daisho.be\/es\/produit\/barra-de-baile-movil-royale-3m\/\",\"name\":\"Barra de baile m\u00f3vil Royale - 3m &#8211; Daisho\",\"isPartOf\":{\"@id\":\"https:\/\/www.daisho.be\/es\/#website\"},\"primaryImageOfPage\":{\"@id\":\"https:\/\/www.daisho.be\/es\/produit\/barra-de-baile-movil-royale-3m\/#primaryimage\"},\"image\":{\"@id\":\"https:\/\/www.daisho.be\/es\/produit\/barra-de-baile-movil-royale-3m\/#primaryimage\"},\"thumbnailUrl\":\"https:\/\/www.daisho.be\/wp-content\/uploads\/2025\/11\/image-29-scaled.jpg\",\"datePublished\":\"2025-11-12T13:41:06+00:00\",\"dateModified\":\"2026-03-31T06:37:30+00:00\",\"description\":\"Elige la barra Royale: m\u00f3vil y resistente con una estabilidad inigualable para escuelas de danza exigentes. Encu\u00e9ntrala en www.daisho.be|Daisho\",\"breadcrumb\":{\"@id\":\"https:\/\/www.daisho.be\/es\/produit\/barra-de-baile-movil-royale-3m\/#breadcrumb\"},\"inLanguage\":\"es\",\"potentialAction\":[{\"@type\":\"ReadAction\",\"target\":[\"https:\/\/www.daisho.be\/es\/produit\/barra-de-baile-movil-royale-3m\/\"]}]},{\"@type\":\"ImageObject\",\"inLanguage\":\"es\",\"@id\":\"https:\/\/www.daisho.be\/es\/produit\/barra-de-baile-movil-royale-3m\/#primaryimage\",\"url\":\"https:\/\/www.daisho.be\/wp-content\/uploads\/2025\/11\/image-29-scaled.jpg\",\"contentUrl\":\"https:\/\/www.daisho.be\/wp-content\/uploads\/2025\/11\/image-29-scaled.jpg\",\"width\":2048,\"height\":1465,\"caption\":\"Barra de baile m\u00f3vil Royale - 3m-1\"},{\"@type\":\"BreadcrumbList\",\"@id\":\"https:\/\/www.daisho.be\/es\/produit\/barra-de-baile-movil-royale-3m\/#breadcrumb\",\"itemListElement\":[{\"@type\":\"ListItem\",\"position\":1,\"name\":\"Accueil\",\"item\":\"https:\/\/www.daisho.be\/es\/\"},{\"@type\":\"ListItem\",\"position\":2,\"name\":\"Productos\",\"item\":\"https:\/\/www.daisho.be\/es\/productos\/\"},{\"@type\":\"ListItem\",\"position\":3,\"name\":\"Cuidado del deporte\",\"item\":\"https:\/\/www.daisho.be\/es\/categorie-produit\/cuidado-del-deporte\/\"},{\"@type\":\"ListItem\",\"position\":4,\"name\":\"Equipo de estiramiento\",\"item\":\"https:\/\/www.daisho.be\/es\/categorie-produit\/cuidado-del-deporte\/equipo-de-estiramiento\/\"},{\"@type\":\"ListItem\",\"position\":5,\"name\":\"Barra de baile m\u00f3vil Royale &#8211; 3m\"}]},{\"@type\":\"WebSite\",\"@id\":\"https:\/\/www.daisho.be\/es\/#website\",\"url\":\"https:\/\/www.daisho.be\/es\/\",\"name\":\"Daisho\",\"description\":\"Sp&eacute;cialiste de l'&eacute;quipement sportif d'arts martiaux\",\"publisher\":{\"@id\":\"https:\/\/www.daisho.be\/es\/#organization\"},\"potentialAction\":[{\"@type\":\"SearchAction\",\"target\":{\"@type\":\"EntryPoint\",\"urlTemplate\":\"https:\/\/www.daisho.be\/es\/?s={search_term_string}\"},\"query-input\":{\"@type\":\"PropertyValueSpecification\",\"valueRequired\":true,\"valueName\":\"search_term_string\"}}],\"inLanguage\":\"es\"},{\"@type\":\"Organization\",\"@id\":\"https:\/\/www.daisho.be\/es\/#organization\",\"name\":\"Daisho\",\"url\":\"https:\/\/www.daisho.be\/es\/\",\"logo\":{\"@type\":\"ImageObject\",\"inLanguage\":\"es\",\"@id\":\"https:\/\/www.daisho.be\/es\/#\/schema\/logo\/image\/\",\"url\":\"https:\/\/www.daisho.be\/wp-content\/uploads\/2019\/07\/color-nothing-horizontale4x-e1564486100247.png\",\"contentUrl\":\"https:\/\/www.daisho.be\/wp-content\/uploads\/2019\/07\/color-nothing-horizontale4x-e1564486100247.png\",\"width\":1547,\"height\":385,\"caption\":\"Daisho\"},\"image\":{\"@id\":\"https:\/\/www.daisho.be\/es\/#\/schema\/logo\/image\/\"}}]}<\/script>\n<!-- \/ Yoast SEO plugin. -->","yoast_head_json":{"title":"Barra de baile m\u00f3vil Royale - 3m &#8211; Daisho","description":"Elige la barra Royale: m\u00f3vil y resistente con una estabilidad inigualable para escuelas de danza exigentes. Encu\u00e9ntrala en www.daisho.be|Daisho","robots":{"index":"index","follow":"follow","max-snippet":"max-snippet:-1","max-image-preview":"max-image-preview:large","max-video-preview":"max-video-preview:-1"},"canonical":"https:\/\/www.daisho.be\/es\/produit\/barra-de-baile-movil-royale-3m\/","og_locale":"es_ES","og_type":"article","og_title":"Barra de baile m\u00f3vil Royale - 3m &#8211; Daisho","og_description":"Elige la barra Royale: m\u00f3vil y resistente con una estabilidad inigualable para escuelas de danza exigentes. Encu\u00e9ntrala en www.daisho.be|Daisho","og_url":"https:\/\/www.daisho.be\/es\/produit\/barra-de-baile-movil-royale-3m\/","og_site_name":"Daisho","article_modified_time":"2026-03-31T06:37:30+00:00","og_image":[{"width":2048,"height":1465,"url":"https:\/\/www.daisho.be\/wp-content\/uploads\/2025\/11\/image-29-scaled.jpg","type":"image\/jpeg"}],"twitter_card":"summary_large_image","twitter_misc":{"Tiempo de lectura":"2 minutos"},"schema":{"@context":"https:\/\/schema.org","@graph":[{"@type":"WebPage","@id":"https:\/\/www.daisho.be\/es\/produit\/barra-de-baile-movil-royale-3m\/","url":"https:\/\/www.daisho.be\/es\/produit\/barra-de-baile-movil-royale-3m\/","name":"Barra de baile m\u00f3vil Royale - 3m &#8211; Daisho","isPartOf":{"@id":"https:\/\/www.daisho.be\/es\/#website"},"primaryImageOfPage":{"@id":"https:\/\/www.daisho.be\/es\/produit\/barra-de-baile-movil-royale-3m\/#primaryimage"},"image":{"@id":"https:\/\/www.daisho.be\/es\/produit\/barra-de-baile-movil-royale-3m\/#primaryimage"},"thumbnailUrl":"https:\/\/www.daisho.be\/wp-content\/uploads\/2025\/11\/image-29-scaled.jpg","datePublished":"2025-11-12T13:41:06+00:00","dateModified":"2026-03-31T06:37:30+00:00","description":"Elige la barra Royale: m\u00f3vil y resistente con una estabilidad inigualable para escuelas de danza exigentes. Encu\u00e9ntrala en www.daisho.be|Daisho","breadcrumb":{"@id":"https:\/\/www.daisho.be\/es\/produit\/barra-de-baile-movil-royale-3m\/#breadcrumb"},"inLanguage":"es","potentialAction":[{"@type":"ReadAction","target":["https:\/\/www.daisho.be\/es\/produit\/barra-de-baile-movil-royale-3m\/"]}]},{"@type":"ImageObject","inLanguage":"es","@id":"https:\/\/www.daisho.be\/es\/produit\/barra-de-baile-movil-royale-3m\/#primaryimage","url":"https:\/\/www.daisho.be\/wp-content\/uploads\/2025\/11\/image-29-scaled.jpg","contentUrl":"https:\/\/www.daisho.be\/wp-content\/uploads\/2025\/11\/image-29-scaled.jpg","width":2048,"height":1465,"caption":"Barra de baile m\u00f3vil Royale - 3m-1"},{"@type":"BreadcrumbList","@id":"https:\/\/www.daisho.be\/es\/produit\/barra-de-baile-movil-royale-3m\/#breadcrumb","itemListElement":[{"@type":"ListItem","position":1,"name":"Accueil","item":"https:\/\/www.daisho.be\/es\/"},{"@type":"ListItem","position":2,"name":"Productos","item":"https:\/\/www.daisho.be\/es\/productos\/"},{"@type":"ListItem","position":3,"name":"Cuidado del deporte","item":"https:\/\/www.daisho.be\/es\/categorie-produit\/cuidado-del-deporte\/"},{"@type":"ListItem","position":4,"name":"Equipo de estiramiento","item":"https:\/\/www.daisho.be\/es\/categorie-produit\/cuidado-del-deporte\/equipo-de-estiramiento\/"},{"@type":"ListItem","position":5,"name":"Barra de baile m\u00f3vil Royale &#8211; 3m"}]},{"@type":"WebSite","@id":"https:\/\/www.daisho.be\/es\/#website","url":"https:\/\/www.daisho.be\/es\/","name":"Daisho","description":"Sp&eacute;cialiste de l'&eacute;quipement sportif d'arts martiaux","publisher":{"@id":"https:\/\/www.daisho.be\/es\/#organization"},"potentialAction":[{"@type":"SearchAction","target":{"@type":"EntryPoint","urlTemplate":"https:\/\/www.daisho.be\/es\/?s={search_term_string}"},"query-input":{"@type":"PropertyValueSpecification","valueRequired":true,"valueName":"search_term_string"}}],"inLanguage":"es"},{"@type":"Organization","@id":"https:\/\/www.daisho.be\/es\/#organization","name":"Daisho","url":"https:\/\/www.daisho.be\/es\/","logo":{"@type":"ImageObject","inLanguage":"es","@id":"https:\/\/www.daisho.be\/es\/#\/schema\/logo\/image\/","url":"https:\/\/www.daisho.be\/wp-content\/uploads\/2019\/07\/color-nothing-horizontale4x-e1564486100247.png","contentUrl":"https:\/\/www.daisho.be\/wp-content\/uploads\/2019\/07\/color-nothing-horizontale4x-e1564486100247.png","width":1547,"height":385,"caption":"Daisho"},"image":{"@id":"https:\/\/www.daisho.be\/es\/#\/schema\/logo\/image\/"}}]}},"_links":{"self":[{"href":"https:\/\/www.daisho.be\/es\/wp-json\/wp\/v2\/product\/618695","targetHints":{"allow":["GET"]}}],"collection":[{"href":"https:\/\/www.daisho.be\/es\/wp-json\/wp\/v2\/product"}],"about":[{"href":"https:\/\/www.daisho.be\/es\/wp-json\/wp\/v2\/types\/product"}],"replies":[{"embeddable":true,"href":"https:\/\/www.daisho.be\/es\/wp-json\/wp\/v2\/comments?post=618695"}],"wp:featuredmedia":[{"embeddable":true,"href":"https:\/\/www.daisho.be\/es\/wp-json\/wp\/v2\/media\/618683"}],"wp:attachment":[{"href":"https:\/\/www.daisho.be\/es\/wp-json\/wp\/v2\/media?parent=618695"}],"wp:term":[{"taxonomy":"product_brand","embeddable":true,"href":"https:\/\/www.daisho.be\/es\/wp-json\/wp\/v2\/product_brand?post=618695"},{"taxonomy":"product_cat","embeddable":true,"href":"https:\/\/www.daisho.be\/es\/wp-json\/wp\/v2\/product_cat?post=618695"},{"taxonomy":"product_tag","embeddable":true,"href":"https:\/\/www.daisho.be\/es\/wp-json\/wp\/v2\/product_tag?post=618695"},{"taxonomy":"sport","embeddable":true,"href":"https:\/\/www.daisho.be\/es\/wp-json\/wp\/v2\/sport?post=618695"}],"curies":[{"name":"wp","href":"https:\/\/api.w.org\/{rel}","templated":true}]}}