{"id":617208,"date":"2025-11-10T10:15:58","date_gmt":"2025-11-10T09:15:58","guid":{"rendered":"https:\/\/www.daisho.be\/produit\/mochila-adidas-hybrid-bp2-guijarro-plateado-negro-verde-oliva\/"},"modified":"2025-11-10T10:15:58","modified_gmt":"2025-11-10T09:15:58","slug":"mochila-adidas-hybrid-bp2-guijarro-plateado-negro-verde-oliva","status":"publish","type":"product","link":"https:\/\/www.daisho.be\/es\/produit\/mochila-adidas-hybrid-bp2-guijarro-plateado-negro-verde-oliva\/","title":{"rendered":"Mochila adidas Hybrid BP2 Guijarro Plateado\/Negro (Verde Oliva)"},"content":{"rendered":"<p>Si tienes mucho que llevar, esta mochila es la compa\u00f1era ideal. Es muy espaciosa, con tirantes acolchados para una comodidad \u00f3ptima. Su fondo revestido es resistente y nacarado. Los tirantes acolchados y el panel trasero transpirable garantizan la m\u00e1xima comodidad.<\/p>\n<p>Caracter\u00edsticas:<br \/>\n Compartimento acolchado para el port\u00e1til<br \/>\n Bolsillos laterales de malla<br \/>\n Bolsillo lateral de malla para una botella, por ejemplo<br \/>\n Compartimento principal con cierre de cremallera;<br \/>\n Material duradero y revestido<br \/>\n Correas ajustables para los hombros; correa para el pecho<br \/>\n Dimensiones: 17 cm x 28 cm x 46 cm<br \/>\n Material: Fabricado con al menos un 50% de contenido reciclado. <\/p>\n","protected":false},"excerpt":{"rendered":"<p>Si tienes mucho que llevar, esta mochila es la compa\u00f1era ideal. Es muy espaciosa, con tirantes acolchados para una comodidad \u00f3ptima. Su fondo revestido es resistente y nacarado. Los tirantes acolchados y el panel trasero transpirable garantizan la m\u00e1xima comodidad. Caracter\u00edsticas: Compartimento acolchado para el port\u00e1til Bolsillos laterales de malla Bolsillo lateral de malla para [&hellip;]<\/p>\n","protected":false},"featured_media":617177,"comment_status":"open","ping_status":"closed","template":"","meta":{"inline_featured_image":false},"product_brand":[],"product_cat":[1580,1451,1452],"product_tag":[1560],"sport":[],"class_list":{"0":"post-617208","1":"product","2":"type-product","3":"status-publish","4":"has-post-thumbnail","6":"product_cat-bolsa-de-karate-adidas","7":"product_cat-bolsas-de-deporte","8":"product_cat-bolsas-de-karate","9":"product_tag-adidas-es","10":"pa_size-sans-taille-defaut","12":"first","13":"instock","14":"taxable","15":"shipping-taxable","16":"purchasable","17":"product-type-variable"},"yoast_head":"<!-- This site is optimized with the Yoast SEO plugin v27.2 - https:\/\/yoast.com\/product\/yoast-seo-wordpress\/ -->\n<title>Mochila adidas Hybrid BP2 Guijarro Plateado\/Negro (Verde Oliva) &#8211; Daisho<\/title>\n<meta name=\"robots\" content=\"index, follow, max-snippet:-1, max-image-preview:large, max-video-preview:-1\" \/>\n<link rel=\"canonical\" href=\"https:\/\/www.daisho.be\/es\/produit\/mochila-adidas-hybrid-bp2-guijarro-plateado-negro-verde-oliva\/\" \/>\n<meta property=\"og:locale\" content=\"es_ES\" \/>\n<meta property=\"og:type\" content=\"article\" \/>\n<meta property=\"og:title\" content=\"Mochila adidas Hybrid BP2 Guijarro Plateado\/Negro (Verde Oliva) &#8211; Daisho\" \/>\n<meta property=\"og:description\" content=\"Si tienes mucho que llevar, esta mochila es la compa\u00f1era ideal. Es muy espaciosa, con tirantes acolchados para una comodidad \u00f3ptima. Su fondo revestido es resistente y nacarado. Los tirantes acolchados y el panel trasero transpirable garantizan la m\u00e1xima comodidad. Caracter\u00edsticas: Compartimento acolchado para el port\u00e1til Bolsillos laterales de malla Bolsillo lateral de malla para [&hellip;]\" \/>\n<meta property=\"og:url\" content=\"https:\/\/www.daisho.be\/es\/produit\/mochila-adidas-hybrid-bp2-guijarro-plateado-negro-verde-oliva\/\" \/>\n<meta property=\"og:site_name\" content=\"Daisho\" \/>\n<meta property=\"og:image\" content=\"https:\/\/www.daisho.be\/wp-content\/uploads\/2025\/11\/image-2.webp\" \/>\n\t<meta property=\"og:image:width\" content=\"1131\" \/>\n\t<meta property=\"og:image:height\" content=\"1200\" \/>\n\t<meta property=\"og:image:type\" content=\"image\/webp\" \/>\n<meta name=\"twitter:card\" content=\"summary_large_image\" \/>\n<script type=\"application\/ld+json\" class=\"yoast-schema-graph\">{\"@context\":\"https:\/\/schema.org\",\"@graph\":[{\"@type\":\"WebPage\",\"@id\":\"https:\/\/www.daisho.be\/es\/produit\/mochila-adidas-hybrid-bp2-guijarro-plateado-negro-verde-oliva\/\",\"url\":\"https:\/\/www.daisho.be\/es\/produit\/mochila-adidas-hybrid-bp2-guijarro-plateado-negro-verde-oliva\/\",\"name\":\"Mochila adidas Hybrid BP2 Guijarro Plateado\/Negro (Verde Oliva) &#8211; Daisho\",\"isPartOf\":{\"@id\":\"https:\/\/www.daisho.be\/es\/#website\"},\"primaryImageOfPage\":{\"@id\":\"https:\/\/www.daisho.be\/es\/produit\/mochila-adidas-hybrid-bp2-guijarro-plateado-negro-verde-oliva\/#primaryimage\"},\"image\":{\"@id\":\"https:\/\/www.daisho.be\/es\/produit\/mochila-adidas-hybrid-bp2-guijarro-plateado-negro-verde-oliva\/#primaryimage\"},\"thumbnailUrl\":\"https:\/\/www.daisho.be\/wp-content\/uploads\/2025\/11\/image-2.webp\",\"datePublished\":\"2025-11-10T09:15:58+00:00\",\"breadcrumb\":{\"@id\":\"https:\/\/www.daisho.be\/es\/produit\/mochila-adidas-hybrid-bp2-guijarro-plateado-negro-verde-oliva\/#breadcrumb\"},\"inLanguage\":\"es\",\"potentialAction\":[{\"@type\":\"ReadAction\",\"target\":[\"https:\/\/www.daisho.be\/es\/produit\/mochila-adidas-hybrid-bp2-guijarro-plateado-negro-verde-oliva\/\"]}]},{\"@type\":\"ImageObject\",\"inLanguage\":\"es\",\"@id\":\"https:\/\/www.daisho.be\/es\/produit\/mochila-adidas-hybrid-bp2-guijarro-plateado-negro-verde-oliva\/#primaryimage\",\"url\":\"https:\/\/www.daisho.be\/wp-content\/uploads\/2025\/11\/image-2.webp\",\"contentUrl\":\"https:\/\/www.daisho.be\/wp-content\/uploads\/2025\/11\/image-2.webp\",\"width\":1131,\"height\":1200,\"caption\":\"Sac \u00e0 dos adidas Hybrid BP2 Silver Pebble\/Noir (Vert olive)-1\"},{\"@type\":\"BreadcrumbList\",\"@id\":\"https:\/\/www.daisho.be\/es\/produit\/mochila-adidas-hybrid-bp2-guijarro-plateado-negro-verde-oliva\/#breadcrumb\",\"itemListElement\":[{\"@type\":\"ListItem\",\"position\":1,\"name\":\"Accueil\",\"item\":\"https:\/\/www.daisho.be\/es\/\"},{\"@type\":\"ListItem\",\"position\":2,\"name\":\"Productos\",\"item\":\"https:\/\/www.daisho.be\/es\/productos\/\"},{\"@type\":\"ListItem\",\"position\":3,\"name\":\"ADIDAS COMBAT SPORTS\",\"item\":\"https:\/\/www.daisho.be\/es\/categorie-produit\/adidas-combat-sports-es\/\"},{\"@type\":\"ListItem\",\"position\":4,\"name\":\"Karate\",\"item\":\"https:\/\/www.daisho.be\/es\/categorie-produit\/adidas-combat-sports-es\/karate-es\/\"},{\"@type\":\"ListItem\",\"position\":5,\"name\":\"Bolsa de k\u00e1rate Adidas\",\"item\":\"https:\/\/www.daisho.be\/es\/categorie-produit\/adidas-combat-sports-es\/karate-es\/bolsa-de-karate-adidas\/\"},{\"@type\":\"ListItem\",\"position\":6,\"name\":\"Mochila adidas Hybrid BP2 Guijarro Plateado\/Negro (Verde Oliva)\"}]},{\"@type\":\"WebSite\",\"@id\":\"https:\/\/www.daisho.be\/es\/#website\",\"url\":\"https:\/\/www.daisho.be\/es\/\",\"name\":\"Daisho\",\"description\":\"Sp&eacute;cialiste de l'&eacute;quipement sportif d'arts martiaux\",\"publisher\":{\"@id\":\"https:\/\/www.daisho.be\/es\/#organization\"},\"potentialAction\":[{\"@type\":\"SearchAction\",\"target\":{\"@type\":\"EntryPoint\",\"urlTemplate\":\"https:\/\/www.daisho.be\/es\/?s={search_term_string}\"},\"query-input\":{\"@type\":\"PropertyValueSpecification\",\"valueRequired\":true,\"valueName\":\"search_term_string\"}}],\"inLanguage\":\"es\"},{\"@type\":\"Organization\",\"@id\":\"https:\/\/www.daisho.be\/es\/#organization\",\"name\":\"Daisho\",\"url\":\"https:\/\/www.daisho.be\/es\/\",\"logo\":{\"@type\":\"ImageObject\",\"inLanguage\":\"es\",\"@id\":\"https:\/\/www.daisho.be\/es\/#\/schema\/logo\/image\/\",\"url\":\"https:\/\/www.daisho.be\/wp-content\/uploads\/2019\/07\/color-nothing-horizontale4x-e1564486100247.png\",\"contentUrl\":\"https:\/\/www.daisho.be\/wp-content\/uploads\/2019\/07\/color-nothing-horizontale4x-e1564486100247.png\",\"width\":1547,\"height\":385,\"caption\":\"Daisho\"},\"image\":{\"@id\":\"https:\/\/www.daisho.be\/es\/#\/schema\/logo\/image\/\"}}]}<\/script>\n<!-- \/ Yoast SEO plugin. -->","yoast_head_json":{"title":"Mochila adidas Hybrid BP2 Guijarro Plateado\/Negro (Verde Oliva) &#8211; Daisho","robots":{"index":"index","follow":"follow","max-snippet":"max-snippet:-1","max-image-preview":"max-image-preview:large","max-video-preview":"max-video-preview:-1"},"canonical":"https:\/\/www.daisho.be\/es\/produit\/mochila-adidas-hybrid-bp2-guijarro-plateado-negro-verde-oliva\/","og_locale":"es_ES","og_type":"article","og_title":"Mochila adidas Hybrid BP2 Guijarro Plateado\/Negro (Verde Oliva) &#8211; Daisho","og_description":"Si tienes mucho que llevar, esta mochila es la compa\u00f1era ideal. Es muy espaciosa, con tirantes acolchados para una comodidad \u00f3ptima. Su fondo revestido es resistente y nacarado. Los tirantes acolchados y el panel trasero transpirable garantizan la m\u00e1xima comodidad. Caracter\u00edsticas: Compartimento acolchado para el port\u00e1til Bolsillos laterales de malla Bolsillo lateral de malla para [&hellip;]","og_url":"https:\/\/www.daisho.be\/es\/produit\/mochila-adidas-hybrid-bp2-guijarro-plateado-negro-verde-oliva\/","og_site_name":"Daisho","og_image":[{"width":1131,"height":1200,"url":"https:\/\/www.daisho.be\/wp-content\/uploads\/2025\/11\/image-2.webp","type":"image\/webp"}],"twitter_card":"summary_large_image","schema":{"@context":"https:\/\/schema.org","@graph":[{"@type":"WebPage","@id":"https:\/\/www.daisho.be\/es\/produit\/mochila-adidas-hybrid-bp2-guijarro-plateado-negro-verde-oliva\/","url":"https:\/\/www.daisho.be\/es\/produit\/mochila-adidas-hybrid-bp2-guijarro-plateado-negro-verde-oliva\/","name":"Mochila adidas Hybrid BP2 Guijarro Plateado\/Negro (Verde Oliva) &#8211; Daisho","isPartOf":{"@id":"https:\/\/www.daisho.be\/es\/#website"},"primaryImageOfPage":{"@id":"https:\/\/www.daisho.be\/es\/produit\/mochila-adidas-hybrid-bp2-guijarro-plateado-negro-verde-oliva\/#primaryimage"},"image":{"@id":"https:\/\/www.daisho.be\/es\/produit\/mochila-adidas-hybrid-bp2-guijarro-plateado-negro-verde-oliva\/#primaryimage"},"thumbnailUrl":"https:\/\/www.daisho.be\/wp-content\/uploads\/2025\/11\/image-2.webp","datePublished":"2025-11-10T09:15:58+00:00","breadcrumb":{"@id":"https:\/\/www.daisho.be\/es\/produit\/mochila-adidas-hybrid-bp2-guijarro-plateado-negro-verde-oliva\/#breadcrumb"},"inLanguage":"es","potentialAction":[{"@type":"ReadAction","target":["https:\/\/www.daisho.be\/es\/produit\/mochila-adidas-hybrid-bp2-guijarro-plateado-negro-verde-oliva\/"]}]},{"@type":"ImageObject","inLanguage":"es","@id":"https:\/\/www.daisho.be\/es\/produit\/mochila-adidas-hybrid-bp2-guijarro-plateado-negro-verde-oliva\/#primaryimage","url":"https:\/\/www.daisho.be\/wp-content\/uploads\/2025\/11\/image-2.webp","contentUrl":"https:\/\/www.daisho.be\/wp-content\/uploads\/2025\/11\/image-2.webp","width":1131,"height":1200,"caption":"Sac \u00e0 dos adidas Hybrid BP2 Silver Pebble\/Noir (Vert olive)-1"},{"@type":"BreadcrumbList","@id":"https:\/\/www.daisho.be\/es\/produit\/mochila-adidas-hybrid-bp2-guijarro-plateado-negro-verde-oliva\/#breadcrumb","itemListElement":[{"@type":"ListItem","position":1,"name":"Accueil","item":"https:\/\/www.daisho.be\/es\/"},{"@type":"ListItem","position":2,"name":"Productos","item":"https:\/\/www.daisho.be\/es\/productos\/"},{"@type":"ListItem","position":3,"name":"ADIDAS COMBAT SPORTS","item":"https:\/\/www.daisho.be\/es\/categorie-produit\/adidas-combat-sports-es\/"},{"@type":"ListItem","position":4,"name":"Karate","item":"https:\/\/www.daisho.be\/es\/categorie-produit\/adidas-combat-sports-es\/karate-es\/"},{"@type":"ListItem","position":5,"name":"Bolsa de k\u00e1rate Adidas","item":"https:\/\/www.daisho.be\/es\/categorie-produit\/adidas-combat-sports-es\/karate-es\/bolsa-de-karate-adidas\/"},{"@type":"ListItem","position":6,"name":"Mochila adidas Hybrid BP2 Guijarro Plateado\/Negro (Verde Oliva)"}]},{"@type":"WebSite","@id":"https:\/\/www.daisho.be\/es\/#website","url":"https:\/\/www.daisho.be\/es\/","name":"Daisho","description":"Sp&eacute;cialiste de l'&eacute;quipement sportif d'arts martiaux","publisher":{"@id":"https:\/\/www.daisho.be\/es\/#organization"},"potentialAction":[{"@type":"SearchAction","target":{"@type":"EntryPoint","urlTemplate":"https:\/\/www.daisho.be\/es\/?s={search_term_string}"},"query-input":{"@type":"PropertyValueSpecification","valueRequired":true,"valueName":"search_term_string"}}],"inLanguage":"es"},{"@type":"Organization","@id":"https:\/\/www.daisho.be\/es\/#organization","name":"Daisho","url":"https:\/\/www.daisho.be\/es\/","logo":{"@type":"ImageObject","inLanguage":"es","@id":"https:\/\/www.daisho.be\/es\/#\/schema\/logo\/image\/","url":"https:\/\/www.daisho.be\/wp-content\/uploads\/2019\/07\/color-nothing-horizontale4x-e1564486100247.png","contentUrl":"https:\/\/www.daisho.be\/wp-content\/uploads\/2019\/07\/color-nothing-horizontale4x-e1564486100247.png","width":1547,"height":385,"caption":"Daisho"},"image":{"@id":"https:\/\/www.daisho.be\/es\/#\/schema\/logo\/image\/"}}]}},"_links":{"self":[{"href":"https:\/\/www.daisho.be\/es\/wp-json\/wp\/v2\/product\/617208","targetHints":{"allow":["GET"]}}],"collection":[{"href":"https:\/\/www.daisho.be\/es\/wp-json\/wp\/v2\/product"}],"about":[{"href":"https:\/\/www.daisho.be\/es\/wp-json\/wp\/v2\/types\/product"}],"replies":[{"embeddable":true,"href":"https:\/\/www.daisho.be\/es\/wp-json\/wp\/v2\/comments?post=617208"}],"wp:featuredmedia":[{"embeddable":true,"href":"https:\/\/www.daisho.be\/es\/wp-json\/wp\/v2\/media\/617177"}],"wp:attachment":[{"href":"https:\/\/www.daisho.be\/es\/wp-json\/wp\/v2\/media?parent=617208"}],"wp:term":[{"taxonomy":"product_brand","embeddable":true,"href":"https:\/\/www.daisho.be\/es\/wp-json\/wp\/v2\/product_brand?post=617208"},{"taxonomy":"product_cat","embeddable":true,"href":"https:\/\/www.daisho.be\/es\/wp-json\/wp\/v2\/product_cat?post=617208"},{"taxonomy":"product_tag","embeddable":true,"href":"https:\/\/www.daisho.be\/es\/wp-json\/wp\/v2\/product_tag?post=617208"},{"taxonomy":"sport","embeddable":true,"href":"https:\/\/www.daisho.be\/es\/wp-json\/wp\/v2\/sport?post=617208"}],"curies":[{"name":"wp","href":"https:\/\/api.w.org\/{rel}","templated":true}]}}