{"id":564861,"date":"2025-10-16T11:23:04","date_gmt":"2025-10-16T09:23:04","guid":{"rendered":"https:\/\/www.daisho.be\/produit\/pao-adidas-estandar\/"},"modified":"2025-12-24T16:22:54","modified_gmt":"2025-12-24T15:22:54","slug":"pao-adidas-estandar","status":"publish","type":"product","link":"https:\/\/www.daisho.be\/es\/produit\/pao-adidas-estandar\/","title":{"rendered":"PAO ADIDAS EST\u00c1NDAR"},"content":{"rendered":"<p>Este pao (escudo de boxeo) de PU reforzado est\u00e1 dise\u00f1ado para resistir las sesiones de entrenamiento m\u00e1s intensas.<br \/>\nCon fuertes correas de nailon en la parte posterior, proporciona un excelente agarre y un control total de los impactos.<br \/>\nEl acolchado de espuma de poli\u00e9ter extrafuerte absorbe eficazmente los pu\u00f1etazos y las patadas, limitando las vibraciones y garantizando al mismo tiempo la m\u00e1xima comodidad para tu compa\u00f1ero.<br \/>\nLos orificios de ventilaci\u00f3n permiten que el aire salga suavemente con cada impacto, evitando que el pao se deforme o se rompa.<\/p>\n<p>Cerrado con una cremallera segura, este pao es ideal para clubes, entrenadores y practicantes exigentes: perfecto para entrenar pu\u00f1etazos y patadas, con total seguridad.<\/p>\n<p>Caracter\u00edsticas :<\/p>\n<p>Revestimiento : PU resistente<\/p>\n<p>Espuma: poli\u00e9ter de alta densidad<\/p>\n<p>Correas traseras de nailon reforzado<\/p>\n<p>Orificios de ventilaci\u00f3n para una mayor durabilidad<\/p>\n<p>Cremallera inferior para facilitar el cuidado<\/p>\n<p>Adecuado para todos los niveles: desde principiantes hasta profesionales<\/p>\n<p>Ventajas :<\/p>\n<p>Excelente absorci\u00f3n de impactos<\/p>\n<p>Estable y c\u00f3modo de usar<\/p>\n<p>Seguro para manos y pies<\/p>\n<p>Agarre \u00f3ptimo gracias a las robustas correas<\/p>\n<p>Ideal para sesiones de pies\/pu\u00f1etazos en k\u00e1rate, kickboxing, muay thai o MMA<\/p>\n","protected":false},"excerpt":{"rendered":"<p>Este pao (escudo de boxeo) de PU reforzado est\u00e1 dise\u00f1ado para resistir las sesiones de entrenamiento m\u00e1s intensas. Con fuertes correas de nailon en la parte posterior, proporciona un excelente agarre y un control total de los impactos. El acolchado de espuma de poli\u00e9ter extrafuerte absorbe eficazmente los pu\u00f1etazos y las patadas, limitando las vibraciones [&hellip;]<\/p>\n","protected":false},"featured_media":564839,"comment_status":"open","ping_status":"closed","template":"","meta":{"inline_featured_image":false},"product_brand":[],"product_cat":[1301,1321,1632,1630],"product_tag":[1560],"sport":[],"class_list":{"0":"post-564861","1":"product","2":"type-product","3":"status-publish","4":"has-post-thumbnail","6":"product_cat-material-de-entrenamiento-de-karate","7":"product_cat-sacos-de-boxeo","8":"product_cat-sacos-de-boxeo-y-accesorios-de-entrenamiento","9":"product_cat-sacos-de-boxeo-y-accesorios-de-entrenamiento-de-karate","10":"product_tag-adidas-es","11":"pa_size-sans-taille-defaut","13":"first","14":"instock","15":"taxable","16":"shipping-taxable","17":"purchasable","18":"product-type-variable"},"yoast_head":"<!-- This site is optimized with the Yoast SEO plugin v27.2 - https:\/\/yoast.com\/product\/yoast-seo-wordpress\/ -->\n<title>PAO ADIDAS EST\u00c1NDAR &#8211; Daisho<\/title>\n<meta name=\"robots\" content=\"index, follow, max-snippet:-1, max-image-preview:large, max-video-preview:-1\" \/>\n<link rel=\"canonical\" href=\"https:\/\/www.daisho.be\/es\/produit\/pao-adidas-estandar\/\" \/>\n<meta property=\"og:locale\" content=\"es_ES\" \/>\n<meta property=\"og:type\" content=\"article\" \/>\n<meta property=\"og:title\" content=\"PAO ADIDAS EST\u00c1NDAR &#8211; Daisho\" \/>\n<meta property=\"og:description\" content=\"Este pao (escudo de boxeo) de PU reforzado est\u00e1 dise\u00f1ado para resistir las sesiones de entrenamiento m\u00e1s intensas. Con fuertes correas de nailon en la parte posterior, proporciona un excelente agarre y un control total de los impactos. El acolchado de espuma de poli\u00e9ter extrafuerte absorbe eficazmente los pu\u00f1etazos y las patadas, limitando las vibraciones [&hellip;]\" \/>\n<meta property=\"og:url\" content=\"https:\/\/www.daisho.be\/es\/produit\/pao-adidas-estandar\/\" \/>\n<meta property=\"og:site_name\" content=\"Daisho\" \/>\n<meta property=\"article:modified_time\" content=\"2025-12-24T15:22:54+00:00\" \/>\n<meta property=\"og:image\" content=\"https:\/\/www.daisho.be\/wp-content\/uploads\/2025\/10\/image-25.jpg\" \/>\n\t<meta property=\"og:image:width\" content=\"650\" \/>\n\t<meta property=\"og:image:height\" content=\"650\" \/>\n\t<meta property=\"og:image:type\" content=\"image\/jpeg\" \/>\n<meta name=\"twitter:card\" content=\"summary_large_image\" \/>\n<meta name=\"twitter:label1\" content=\"Tiempo de lectura\" \/>\n\t<meta name=\"twitter:data1\" content=\"1 minuto\" \/>\n<script type=\"application\/ld+json\" class=\"yoast-schema-graph\">{\"@context\":\"https:\/\/schema.org\",\"@graph\":[{\"@type\":\"WebPage\",\"@id\":\"https:\/\/www.daisho.be\/es\/produit\/pao-adidas-estandar\/\",\"url\":\"https:\/\/www.daisho.be\/es\/produit\/pao-adidas-estandar\/\",\"name\":\"PAO ADIDAS EST\u00c1NDAR &#8211; Daisho\",\"isPartOf\":{\"@id\":\"https:\/\/www.daisho.be\/es\/#website\"},\"primaryImageOfPage\":{\"@id\":\"https:\/\/www.daisho.be\/es\/produit\/pao-adidas-estandar\/#primaryimage\"},\"image\":{\"@id\":\"https:\/\/www.daisho.be\/es\/produit\/pao-adidas-estandar\/#primaryimage\"},\"thumbnailUrl\":\"https:\/\/www.daisho.be\/wp-content\/uploads\/2025\/10\/image-25.jpg\",\"datePublished\":\"2025-10-16T09:23:04+00:00\",\"dateModified\":\"2025-12-24T15:22:54+00:00\",\"breadcrumb\":{\"@id\":\"https:\/\/www.daisho.be\/es\/produit\/pao-adidas-estandar\/#breadcrumb\"},\"inLanguage\":\"es\",\"potentialAction\":[{\"@type\":\"ReadAction\",\"target\":[\"https:\/\/www.daisho.be\/es\/produit\/pao-adidas-estandar\/\"]}]},{\"@type\":\"ImageObject\",\"inLanguage\":\"es\",\"@id\":\"https:\/\/www.daisho.be\/es\/produit\/pao-adidas-estandar\/#primaryimage\",\"url\":\"https:\/\/www.daisho.be\/wp-content\/uploads\/2025\/10\/image-25.jpg\",\"contentUrl\":\"https:\/\/www.daisho.be\/wp-content\/uploads\/2025\/10\/image-25.jpg\",\"width\":650,\"height\":650,\"caption\":\"PAO ADIDAS STANDARD-1\"},{\"@type\":\"BreadcrumbList\",\"@id\":\"https:\/\/www.daisho.be\/es\/produit\/pao-adidas-estandar\/#breadcrumb\",\"itemListElement\":[{\"@type\":\"ListItem\",\"position\":1,\"name\":\"Accueil\",\"item\":\"https:\/\/www.daisho.be\/es\/\"},{\"@type\":\"ListItem\",\"position\":2,\"name\":\"Productos\",\"item\":\"https:\/\/www.daisho.be\/es\/productos\/\"},{\"@type\":\"ListItem\",\"position\":3,\"name\":\"Equipamiento y ropa para artes marciales y deportes de combate\",\"item\":\"https:\/\/www.daisho.be\/es\/categorie-produit\/equipamiento-y-ropa-para-artes-marciales-y-deportes-de-combate\/\"},{\"@type\":\"ListItem\",\"position\":4,\"name\":\"Karate\",\"item\":\"https:\/\/www.daisho.be\/es\/categorie-produit\/equipamiento-y-ropa-para-artes-marciales-y-deportes-de-combate\/karate-es-2\/\"},{\"@type\":\"ListItem\",\"position\":5,\"name\":\"Material de entrenamiento de k\u00e1rate\",\"item\":\"https:\/\/www.daisho.be\/es\/categorie-produit\/equipamiento-y-ropa-para-artes-marciales-y-deportes-de-combate\/karate-es-2\/material-de-entrenamiento-de-karate\/\"},{\"@type\":\"ListItem\",\"position\":6,\"name\":\"PAO ADIDAS EST\u00c1NDAR\"}]},{\"@type\":\"WebSite\",\"@id\":\"https:\/\/www.daisho.be\/es\/#website\",\"url\":\"https:\/\/www.daisho.be\/es\/\",\"name\":\"Daisho\",\"description\":\"Sp&eacute;cialiste de l'&eacute;quipement sportif d'arts martiaux\",\"publisher\":{\"@id\":\"https:\/\/www.daisho.be\/es\/#organization\"},\"potentialAction\":[{\"@type\":\"SearchAction\",\"target\":{\"@type\":\"EntryPoint\",\"urlTemplate\":\"https:\/\/www.daisho.be\/es\/?s={search_term_string}\"},\"query-input\":{\"@type\":\"PropertyValueSpecification\",\"valueRequired\":true,\"valueName\":\"search_term_string\"}}],\"inLanguage\":\"es\"},{\"@type\":\"Organization\",\"@id\":\"https:\/\/www.daisho.be\/es\/#organization\",\"name\":\"Daisho\",\"url\":\"https:\/\/www.daisho.be\/es\/\",\"logo\":{\"@type\":\"ImageObject\",\"inLanguage\":\"es\",\"@id\":\"https:\/\/www.daisho.be\/es\/#\/schema\/logo\/image\/\",\"url\":\"https:\/\/www.daisho.be\/wp-content\/uploads\/2019\/07\/color-nothing-horizontale4x-e1564486100247.png\",\"contentUrl\":\"https:\/\/www.daisho.be\/wp-content\/uploads\/2019\/07\/color-nothing-horizontale4x-e1564486100247.png\",\"width\":1547,\"height\":385,\"caption\":\"Daisho\"},\"image\":{\"@id\":\"https:\/\/www.daisho.be\/es\/#\/schema\/logo\/image\/\"}}]}<\/script>\n<!-- \/ Yoast SEO plugin. -->","yoast_head_json":{"title":"PAO ADIDAS EST\u00c1NDAR &#8211; Daisho","robots":{"index":"index","follow":"follow","max-snippet":"max-snippet:-1","max-image-preview":"max-image-preview:large","max-video-preview":"max-video-preview:-1"},"canonical":"https:\/\/www.daisho.be\/es\/produit\/pao-adidas-estandar\/","og_locale":"es_ES","og_type":"article","og_title":"PAO ADIDAS EST\u00c1NDAR &#8211; Daisho","og_description":"Este pao (escudo de boxeo) de PU reforzado est\u00e1 dise\u00f1ado para resistir las sesiones de entrenamiento m\u00e1s intensas. Con fuertes correas de nailon en la parte posterior, proporciona un excelente agarre y un control total de los impactos. El acolchado de espuma de poli\u00e9ter extrafuerte absorbe eficazmente los pu\u00f1etazos y las patadas, limitando las vibraciones [&hellip;]","og_url":"https:\/\/www.daisho.be\/es\/produit\/pao-adidas-estandar\/","og_site_name":"Daisho","article_modified_time":"2025-12-24T15:22:54+00:00","og_image":[{"width":650,"height":650,"url":"https:\/\/www.daisho.be\/wp-content\/uploads\/2025\/10\/image-25.jpg","type":"image\/jpeg"}],"twitter_card":"summary_large_image","twitter_misc":{"Tiempo de lectura":"1 minuto"},"schema":{"@context":"https:\/\/schema.org","@graph":[{"@type":"WebPage","@id":"https:\/\/www.daisho.be\/es\/produit\/pao-adidas-estandar\/","url":"https:\/\/www.daisho.be\/es\/produit\/pao-adidas-estandar\/","name":"PAO ADIDAS EST\u00c1NDAR &#8211; Daisho","isPartOf":{"@id":"https:\/\/www.daisho.be\/es\/#website"},"primaryImageOfPage":{"@id":"https:\/\/www.daisho.be\/es\/produit\/pao-adidas-estandar\/#primaryimage"},"image":{"@id":"https:\/\/www.daisho.be\/es\/produit\/pao-adidas-estandar\/#primaryimage"},"thumbnailUrl":"https:\/\/www.daisho.be\/wp-content\/uploads\/2025\/10\/image-25.jpg","datePublished":"2025-10-16T09:23:04+00:00","dateModified":"2025-12-24T15:22:54+00:00","breadcrumb":{"@id":"https:\/\/www.daisho.be\/es\/produit\/pao-adidas-estandar\/#breadcrumb"},"inLanguage":"es","potentialAction":[{"@type":"ReadAction","target":["https:\/\/www.daisho.be\/es\/produit\/pao-adidas-estandar\/"]}]},{"@type":"ImageObject","inLanguage":"es","@id":"https:\/\/www.daisho.be\/es\/produit\/pao-adidas-estandar\/#primaryimage","url":"https:\/\/www.daisho.be\/wp-content\/uploads\/2025\/10\/image-25.jpg","contentUrl":"https:\/\/www.daisho.be\/wp-content\/uploads\/2025\/10\/image-25.jpg","width":650,"height":650,"caption":"PAO ADIDAS STANDARD-1"},{"@type":"BreadcrumbList","@id":"https:\/\/www.daisho.be\/es\/produit\/pao-adidas-estandar\/#breadcrumb","itemListElement":[{"@type":"ListItem","position":1,"name":"Accueil","item":"https:\/\/www.daisho.be\/es\/"},{"@type":"ListItem","position":2,"name":"Productos","item":"https:\/\/www.daisho.be\/es\/productos\/"},{"@type":"ListItem","position":3,"name":"Equipamiento y ropa para artes marciales y deportes de combate","item":"https:\/\/www.daisho.be\/es\/categorie-produit\/equipamiento-y-ropa-para-artes-marciales-y-deportes-de-combate\/"},{"@type":"ListItem","position":4,"name":"Karate","item":"https:\/\/www.daisho.be\/es\/categorie-produit\/equipamiento-y-ropa-para-artes-marciales-y-deportes-de-combate\/karate-es-2\/"},{"@type":"ListItem","position":5,"name":"Material de entrenamiento de k\u00e1rate","item":"https:\/\/www.daisho.be\/es\/categorie-produit\/equipamiento-y-ropa-para-artes-marciales-y-deportes-de-combate\/karate-es-2\/material-de-entrenamiento-de-karate\/"},{"@type":"ListItem","position":6,"name":"PAO ADIDAS EST\u00c1NDAR"}]},{"@type":"WebSite","@id":"https:\/\/www.daisho.be\/es\/#website","url":"https:\/\/www.daisho.be\/es\/","name":"Daisho","description":"Sp&eacute;cialiste de l'&eacute;quipement sportif d'arts martiaux","publisher":{"@id":"https:\/\/www.daisho.be\/es\/#organization"},"potentialAction":[{"@type":"SearchAction","target":{"@type":"EntryPoint","urlTemplate":"https:\/\/www.daisho.be\/es\/?s={search_term_string}"},"query-input":{"@type":"PropertyValueSpecification","valueRequired":true,"valueName":"search_term_string"}}],"inLanguage":"es"},{"@type":"Organization","@id":"https:\/\/www.daisho.be\/es\/#organization","name":"Daisho","url":"https:\/\/www.daisho.be\/es\/","logo":{"@type":"ImageObject","inLanguage":"es","@id":"https:\/\/www.daisho.be\/es\/#\/schema\/logo\/image\/","url":"https:\/\/www.daisho.be\/wp-content\/uploads\/2019\/07\/color-nothing-horizontale4x-e1564486100247.png","contentUrl":"https:\/\/www.daisho.be\/wp-content\/uploads\/2019\/07\/color-nothing-horizontale4x-e1564486100247.png","width":1547,"height":385,"caption":"Daisho"},"image":{"@id":"https:\/\/www.daisho.be\/es\/#\/schema\/logo\/image\/"}}]}},"_links":{"self":[{"href":"https:\/\/www.daisho.be\/es\/wp-json\/wp\/v2\/product\/564861","targetHints":{"allow":["GET"]}}],"collection":[{"href":"https:\/\/www.daisho.be\/es\/wp-json\/wp\/v2\/product"}],"about":[{"href":"https:\/\/www.daisho.be\/es\/wp-json\/wp\/v2\/types\/product"}],"replies":[{"embeddable":true,"href":"https:\/\/www.daisho.be\/es\/wp-json\/wp\/v2\/comments?post=564861"}],"wp:featuredmedia":[{"embeddable":true,"href":"https:\/\/www.daisho.be\/es\/wp-json\/wp\/v2\/media\/564839"}],"wp:attachment":[{"href":"https:\/\/www.daisho.be\/es\/wp-json\/wp\/v2\/media?parent=564861"}],"wp:term":[{"taxonomy":"product_brand","embeddable":true,"href":"https:\/\/www.daisho.be\/es\/wp-json\/wp\/v2\/product_brand?post=564861"},{"taxonomy":"product_cat","embeddable":true,"href":"https:\/\/www.daisho.be\/es\/wp-json\/wp\/v2\/product_cat?post=564861"},{"taxonomy":"product_tag","embeddable":true,"href":"https:\/\/www.daisho.be\/es\/wp-json\/wp\/v2\/product_tag?post=564861"},{"taxonomy":"sport","embeddable":true,"href":"https:\/\/www.daisho.be\/es\/wp-json\/wp\/v2\/sport?post=564861"}],"curies":[{"name":"wp","href":"https:\/\/api.w.org\/{rel}","templated":true}]}}