{"id":563755,"date":"2025-10-12T14:04:42","date_gmt":"2025-10-12T12:04:42","guid":{"rendered":"https:\/\/www.daisho.be\/produit\/4conjunto-de-armadura-tactica-mutante\/"},"modified":"2026-04-01T16:52:49","modified_gmt":"2026-04-01T14:52:49","slug":"4conjunto-de-armadura-tactica-mutante","status":"publish","type":"product","link":"https:\/\/www.daisho.be\/es\/produit\/4conjunto-de-armadura-tactica-mutante\/","title":{"rendered":"4Conjunto de armadura t\u00e1ctica \u00abMutante"},"content":{"rendered":"<p>4Conjunto de chalecos antibalas t\u00e1cticos \u00abMutant\u00bb &#8211; equipo de protecci\u00f3n completa para entrenamiento profesional<br \/>\nDise\u00f1ado para las exigentes necesidades de las fuerzas del orden, unidades militares y guardias de seguridad, este conjunto de protecci\u00f3n completa garantiza un entrenamiento realista y seguro sin concesiones.<br \/>\nGracias a su estructura de espumas s\u00e1ndwich de alta calidad e inserciones de pl\u00e1stico tipo motocicleta, ofrece una amortiguaci\u00f3n \u00f3ptima manteniendo una total libertad de movimientos.<br \/>\nCada art\u00edculo est\u00e1 numerado para facilitar su colocaci\u00f3n y ajuste personalizado mediante resistentes correas de velcro.<br \/>\nLa ventilaci\u00f3n interior de malla de poli\u00e9ster mejora el confort, incluso durante el esfuerzo intenso.<br \/>\nConvi\u00e9rtete en el compa\u00f1ero de entrenamiento ideal, fuerte y \u00e1gil<\/p>\n<p>Especificaciones t\u00e9cnicas<br \/>\nExterior: 100% poli\u00e9ster<br \/>\nAcolchado: espuma multicapa, inserciones de pl\u00e1stico<br \/>\nInterior: 100% malla de poli\u00e9ster<\/p>\n<p>El conjunto de protecci\u00f3n incluye<br \/>\n&#8211; 1 casco protector con visera completa, protecci\u00f3n de barbilla y cuello<br \/>\n&#8211; 1 cinta para el cuello<br \/>\n&#8211; 2 protectores de manos<br \/>\n&#8211; 2 protectores de antebrazo con protecci\u00f3n de codo<br \/>\n&#8211; 1 protector de pecho y espalda<br \/>\n&#8211; 1 par de pantalones de protecci\u00f3n hasta la rodilla con protecci\u00f3n de perfil bajo<br \/>\n&#8211; 2 espinilleras con rodilleras<br \/>\n&#8211; 2 rodilleras<\/p>\n","protected":false},"excerpt":{"rendered":"<p>4Conjunto de chalecos antibalas t\u00e1cticos \u00abMutant\u00bb &#8211; equipo de protecci\u00f3n completa para entrenamiento profesional Dise\u00f1ado para las exigentes necesidades de las fuerzas del orden, unidades militares y guardias de seguridad, este conjunto de protecci\u00f3n completa garantiza un entrenamiento realista y seguro sin concesiones. Gracias a su estructura de espumas s\u00e1ndwich de alta calidad e inserciones [&hellip;]<\/p>\n","protected":false},"featured_media":563682,"comment_status":"open","ping_status":"closed","template":"","meta":{"inline_featured_image":false},"product_brand":[],"product_cat":[1361],"product_tag":[2533],"sport":[],"class_list":{"0":"post-563755","1":"product","2":"type-product","3":"status-publish","4":"has-post-thumbnail","6":"product_cat-protecciones","7":"product_tag-top-ten","8":"pa_size-sans-taille-defaut","10":"first","11":"instock","12":"taxable","13":"shipping-taxable","14":"purchasable","15":"product-type-simple"},"yoast_head":"<!-- This site is optimized with the Yoast SEO plugin v27.2 - https:\/\/yoast.com\/product\/yoast-seo-wordpress\/ -->\n<title>4Conjunto de armadura t\u00e1ctica &quot;Mutante &#8211; Daisho<\/title>\n<meta name=\"robots\" content=\"index, follow, max-snippet:-1, max-image-preview:large, max-video-preview:-1\" \/>\n<link rel=\"canonical\" href=\"https:\/\/www.daisho.be\/es\/produit\/4conjunto-de-armadura-tactica-mutante\/\" \/>\n<meta property=\"og:locale\" content=\"es_ES\" \/>\n<meta property=\"og:type\" content=\"article\" \/>\n<meta property=\"og:title\" content=\"4Conjunto de armadura t\u00e1ctica &quot;Mutante &#8211; Daisho\" \/>\n<meta property=\"og:description\" content=\"4Conjunto de chalecos antibalas t\u00e1cticos \u00abMutant\u00bb &#8211; equipo de protecci\u00f3n completa para entrenamiento profesional Dise\u00f1ado para las exigentes necesidades de las fuerzas del orden, unidades militares y guardias de seguridad, este conjunto de protecci\u00f3n completa garantiza un entrenamiento realista y seguro sin concesiones. Gracias a su estructura de espumas s\u00e1ndwich de alta calidad e inserciones [&hellip;]\" \/>\n<meta property=\"og:url\" content=\"https:\/\/www.daisho.be\/es\/produit\/4conjunto-de-armadura-tactica-mutante\/\" \/>\n<meta property=\"og:site_name\" content=\"Daisho\" \/>\n<meta property=\"article:modified_time\" content=\"2026-04-01T14:52:49+00:00\" \/>\n<meta property=\"og:image\" content=\"https:\/\/www.daisho.be\/wp-content\/uploads\/2025\/10\/image-5.jpg\" \/>\n\t<meta property=\"og:image:width\" content=\"700\" \/>\n\t<meta property=\"og:image:height\" content=\"700\" \/>\n\t<meta property=\"og:image:type\" content=\"image\/jpeg\" \/>\n<meta name=\"twitter:card\" content=\"summary_large_image\" \/>\n<meta name=\"twitter:label1\" content=\"Tiempo de lectura\" \/>\n\t<meta name=\"twitter:data1\" content=\"1 minuto\" \/>\n<script type=\"application\/ld+json\" class=\"yoast-schema-graph\">{\"@context\":\"https:\/\/schema.org\",\"@graph\":[{\"@type\":\"WebPage\",\"@id\":\"https:\/\/www.daisho.be\/es\/produit\/4conjunto-de-armadura-tactica-mutante\/\",\"url\":\"https:\/\/www.daisho.be\/es\/produit\/4conjunto-de-armadura-tactica-mutante\/\",\"name\":\"4Conjunto de armadura t\u00e1ctica \\\"Mutante &#8211; Daisho\",\"isPartOf\":{\"@id\":\"https:\/\/www.daisho.be\/es\/#website\"},\"primaryImageOfPage\":{\"@id\":\"https:\/\/www.daisho.be\/es\/produit\/4conjunto-de-armadura-tactica-mutante\/#primaryimage\"},\"image\":{\"@id\":\"https:\/\/www.daisho.be\/es\/produit\/4conjunto-de-armadura-tactica-mutante\/#primaryimage\"},\"thumbnailUrl\":\"https:\/\/www.daisho.be\/wp-content\/uploads\/2025\/10\/image-5.jpg\",\"datePublished\":\"2025-10-12T12:04:42+00:00\",\"dateModified\":\"2026-04-01T14:52:49+00:00\",\"breadcrumb\":{\"@id\":\"https:\/\/www.daisho.be\/es\/produit\/4conjunto-de-armadura-tactica-mutante\/#breadcrumb\"},\"inLanguage\":\"es\",\"potentialAction\":[{\"@type\":\"ReadAction\",\"target\":[\"https:\/\/www.daisho.be\/es\/produit\/4conjunto-de-armadura-tactica-mutante\/\"]}]},{\"@type\":\"ImageObject\",\"inLanguage\":\"es\",\"@id\":\"https:\/\/www.daisho.be\/es\/produit\/4conjunto-de-armadura-tactica-mutante\/#primaryimage\",\"url\":\"https:\/\/www.daisho.be\/wp-content\/uploads\/2025\/10\/image-5.jpg\",\"contentUrl\":\"https:\/\/www.daisho.be\/wp-content\/uploads\/2025\/10\/image-5.jpg\",\"width\":700,\"height\":700,\"caption\":\"4Conjunto de armadura t\u00e1ctica \\\"Mutante\\\"-1\"},{\"@type\":\"BreadcrumbList\",\"@id\":\"https:\/\/www.daisho.be\/es\/produit\/4conjunto-de-armadura-tactica-mutante\/#breadcrumb\",\"itemListElement\":[{\"@type\":\"ListItem\",\"position\":1,\"name\":\"Accueil\",\"item\":\"https:\/\/www.daisho.be\/es\/\"},{\"@type\":\"ListItem\",\"position\":2,\"name\":\"Productos\",\"item\":\"https:\/\/www.daisho.be\/es\/productos\/\"},{\"@type\":\"ListItem\",\"position\":3,\"name\":\"Deportes de combate\",\"item\":\"https:\/\/www.daisho.be\/es\/categorie-produit\/deportes-de-combate\/\"},{\"@type\":\"ListItem\",\"position\":4,\"name\":\"Protecciones\",\"item\":\"https:\/\/www.daisho.be\/es\/categorie-produit\/deportes-de-combate\/protecciones\/\"},{\"@type\":\"ListItem\",\"position\":5,\"name\":\"4Conjunto de armadura t\u00e1ctica \u00ab\u00a0Mutante\"}]},{\"@type\":\"WebSite\",\"@id\":\"https:\/\/www.daisho.be\/es\/#website\",\"url\":\"https:\/\/www.daisho.be\/es\/\",\"name\":\"Daisho\",\"description\":\"Sp&eacute;cialiste de l'&eacute;quipement sportif d'arts martiaux\",\"publisher\":{\"@id\":\"https:\/\/www.daisho.be\/es\/#organization\"},\"potentialAction\":[{\"@type\":\"SearchAction\",\"target\":{\"@type\":\"EntryPoint\",\"urlTemplate\":\"https:\/\/www.daisho.be\/es\/?s={search_term_string}\"},\"query-input\":{\"@type\":\"PropertyValueSpecification\",\"valueRequired\":true,\"valueName\":\"search_term_string\"}}],\"inLanguage\":\"es\"},{\"@type\":\"Organization\",\"@id\":\"https:\/\/www.daisho.be\/es\/#organization\",\"name\":\"Daisho\",\"url\":\"https:\/\/www.daisho.be\/es\/\",\"logo\":{\"@type\":\"ImageObject\",\"inLanguage\":\"es\",\"@id\":\"https:\/\/www.daisho.be\/es\/#\/schema\/logo\/image\/\",\"url\":\"https:\/\/www.daisho.be\/wp-content\/uploads\/2019\/07\/color-nothing-horizontale4x-e1564486100247.png\",\"contentUrl\":\"https:\/\/www.daisho.be\/wp-content\/uploads\/2019\/07\/color-nothing-horizontale4x-e1564486100247.png\",\"width\":1547,\"height\":385,\"caption\":\"Daisho\"},\"image\":{\"@id\":\"https:\/\/www.daisho.be\/es\/#\/schema\/logo\/image\/\"}}]}<\/script>\n<!-- \/ Yoast SEO plugin. -->","yoast_head_json":{"title":"4Conjunto de armadura t\u00e1ctica \"Mutante &#8211; Daisho","robots":{"index":"index","follow":"follow","max-snippet":"max-snippet:-1","max-image-preview":"max-image-preview:large","max-video-preview":"max-video-preview:-1"},"canonical":"https:\/\/www.daisho.be\/es\/produit\/4conjunto-de-armadura-tactica-mutante\/","og_locale":"es_ES","og_type":"article","og_title":"4Conjunto de armadura t\u00e1ctica \"Mutante &#8211; Daisho","og_description":"4Conjunto de chalecos antibalas t\u00e1cticos \u00abMutant\u00bb &#8211; equipo de protecci\u00f3n completa para entrenamiento profesional Dise\u00f1ado para las exigentes necesidades de las fuerzas del orden, unidades militares y guardias de seguridad, este conjunto de protecci\u00f3n completa garantiza un entrenamiento realista y seguro sin concesiones. Gracias a su estructura de espumas s\u00e1ndwich de alta calidad e inserciones [&hellip;]","og_url":"https:\/\/www.daisho.be\/es\/produit\/4conjunto-de-armadura-tactica-mutante\/","og_site_name":"Daisho","article_modified_time":"2026-04-01T14:52:49+00:00","og_image":[{"width":700,"height":700,"url":"https:\/\/www.daisho.be\/wp-content\/uploads\/2025\/10\/image-5.jpg","type":"image\/jpeg"}],"twitter_card":"summary_large_image","twitter_misc":{"Tiempo de lectura":"1 minuto"},"schema":{"@context":"https:\/\/schema.org","@graph":[{"@type":"WebPage","@id":"https:\/\/www.daisho.be\/es\/produit\/4conjunto-de-armadura-tactica-mutante\/","url":"https:\/\/www.daisho.be\/es\/produit\/4conjunto-de-armadura-tactica-mutante\/","name":"4Conjunto de armadura t\u00e1ctica \"Mutante &#8211; Daisho","isPartOf":{"@id":"https:\/\/www.daisho.be\/es\/#website"},"primaryImageOfPage":{"@id":"https:\/\/www.daisho.be\/es\/produit\/4conjunto-de-armadura-tactica-mutante\/#primaryimage"},"image":{"@id":"https:\/\/www.daisho.be\/es\/produit\/4conjunto-de-armadura-tactica-mutante\/#primaryimage"},"thumbnailUrl":"https:\/\/www.daisho.be\/wp-content\/uploads\/2025\/10\/image-5.jpg","datePublished":"2025-10-12T12:04:42+00:00","dateModified":"2026-04-01T14:52:49+00:00","breadcrumb":{"@id":"https:\/\/www.daisho.be\/es\/produit\/4conjunto-de-armadura-tactica-mutante\/#breadcrumb"},"inLanguage":"es","potentialAction":[{"@type":"ReadAction","target":["https:\/\/www.daisho.be\/es\/produit\/4conjunto-de-armadura-tactica-mutante\/"]}]},{"@type":"ImageObject","inLanguage":"es","@id":"https:\/\/www.daisho.be\/es\/produit\/4conjunto-de-armadura-tactica-mutante\/#primaryimage","url":"https:\/\/www.daisho.be\/wp-content\/uploads\/2025\/10\/image-5.jpg","contentUrl":"https:\/\/www.daisho.be\/wp-content\/uploads\/2025\/10\/image-5.jpg","width":700,"height":700,"caption":"4Conjunto de armadura t\u00e1ctica \"Mutante\"-1"},{"@type":"BreadcrumbList","@id":"https:\/\/www.daisho.be\/es\/produit\/4conjunto-de-armadura-tactica-mutante\/#breadcrumb","itemListElement":[{"@type":"ListItem","position":1,"name":"Accueil","item":"https:\/\/www.daisho.be\/es\/"},{"@type":"ListItem","position":2,"name":"Productos","item":"https:\/\/www.daisho.be\/es\/productos\/"},{"@type":"ListItem","position":3,"name":"Deportes de combate","item":"https:\/\/www.daisho.be\/es\/categorie-produit\/deportes-de-combate\/"},{"@type":"ListItem","position":4,"name":"Protecciones","item":"https:\/\/www.daisho.be\/es\/categorie-produit\/deportes-de-combate\/protecciones\/"},{"@type":"ListItem","position":5,"name":"4Conjunto de armadura t\u00e1ctica \u00ab\u00a0Mutante"}]},{"@type":"WebSite","@id":"https:\/\/www.daisho.be\/es\/#website","url":"https:\/\/www.daisho.be\/es\/","name":"Daisho","description":"Sp&eacute;cialiste de l'&eacute;quipement sportif d'arts martiaux","publisher":{"@id":"https:\/\/www.daisho.be\/es\/#organization"},"potentialAction":[{"@type":"SearchAction","target":{"@type":"EntryPoint","urlTemplate":"https:\/\/www.daisho.be\/es\/?s={search_term_string}"},"query-input":{"@type":"PropertyValueSpecification","valueRequired":true,"valueName":"search_term_string"}}],"inLanguage":"es"},{"@type":"Organization","@id":"https:\/\/www.daisho.be\/es\/#organization","name":"Daisho","url":"https:\/\/www.daisho.be\/es\/","logo":{"@type":"ImageObject","inLanguage":"es","@id":"https:\/\/www.daisho.be\/es\/#\/schema\/logo\/image\/","url":"https:\/\/www.daisho.be\/wp-content\/uploads\/2019\/07\/color-nothing-horizontale4x-e1564486100247.png","contentUrl":"https:\/\/www.daisho.be\/wp-content\/uploads\/2019\/07\/color-nothing-horizontale4x-e1564486100247.png","width":1547,"height":385,"caption":"Daisho"},"image":{"@id":"https:\/\/www.daisho.be\/es\/#\/schema\/logo\/image\/"}}]}},"_links":{"self":[{"href":"https:\/\/www.daisho.be\/es\/wp-json\/wp\/v2\/product\/563755","targetHints":{"allow":["GET"]}}],"collection":[{"href":"https:\/\/www.daisho.be\/es\/wp-json\/wp\/v2\/product"}],"about":[{"href":"https:\/\/www.daisho.be\/es\/wp-json\/wp\/v2\/types\/product"}],"replies":[{"embeddable":true,"href":"https:\/\/www.daisho.be\/es\/wp-json\/wp\/v2\/comments?post=563755"}],"wp:featuredmedia":[{"embeddable":true,"href":"https:\/\/www.daisho.be\/es\/wp-json\/wp\/v2\/media\/563682"}],"wp:attachment":[{"href":"https:\/\/www.daisho.be\/es\/wp-json\/wp\/v2\/media?parent=563755"}],"wp:term":[{"taxonomy":"product_brand","embeddable":true,"href":"https:\/\/www.daisho.be\/es\/wp-json\/wp\/v2\/product_brand?post=563755"},{"taxonomy":"product_cat","embeddable":true,"href":"https:\/\/www.daisho.be\/es\/wp-json\/wp\/v2\/product_cat?post=563755"},{"taxonomy":"product_tag","embeddable":true,"href":"https:\/\/www.daisho.be\/es\/wp-json\/wp\/v2\/product_tag?post=563755"},{"taxonomy":"sport","embeddable":true,"href":"https:\/\/www.daisho.be\/es\/wp-json\/wp\/v2\/sport?post=563755"}],"curies":[{"name":"wp","href":"https:\/\/api.w.org\/{rel}","templated":true}]}}