{"id":563064,"date":"2025-09-23T14:24:30","date_gmt":"2025-09-23T12:24:30","guid":{"rendered":"https:\/\/www.daisho.be\/produit\/guantes-de-boxeo-adidas-hybrid-50-negro-oro\/"},"modified":"2025-12-29T17:15:23","modified_gmt":"2025-12-29T16:15:23","slug":"guantes-de-boxeo-adidas-hybrid-50-negro-oro","status":"publish","type":"product","link":"https:\/\/www.daisho.be\/es\/produit\/guantes-de-boxeo-adidas-hybrid-50-negro-oro\/","title":{"rendered":"Guantes de boxeo adidas Hybrid 50 Negro\/Oro"},"content":{"rendered":"<p>Los guantes de boxeo HYBRID 50 ADIH50 de ADIDAS son la combinaci\u00f3n perfecta de rendimiento, durabilidad y comodidad.<br \/>\nDise\u00f1ados para satisfacer las necesidades de los boxeadores de todos los niveles, estos guantes ofrecen una combinaci\u00f3n \u00f3ptima de protecci\u00f3n y movilidad.<br \/>\nSu confecci\u00f3n en piel sint\u00e9tica de alta calidad garantiza una resistencia excepcional al desgaste, al tiempo que ofrece un tacto agradable.<br \/>\nEl acolchado de espuma del interior de los guantes est\u00e1 especialmente dise\u00f1ado para absorber los impactos, proporcionando una protecci\u00f3n eficaz para las manos y las articulaciones durante el entrenamiento y el combate.<br \/>\nAdem\u00e1s, su dise\u00f1o ergon\u00f3mico garantiza un ajuste c\u00f3modo y seguro, permitiendo a los boxeadores concentrarse plenamente en su rendimiento.<br \/>\nYa sea para entrenamientos regulares o competiciones, los guantes de boxeo HYBRID 50 ADIH50 son una elecci\u00f3n fiable para cualquiera que busque un equipo de calidad para destacar en el ring.<br \/>\nVentajas :<br \/>\n&#8211; PU Maya de la m\u00e1s alta calidad<br \/>\n&#8211; s\u00f3lido acolchado protector multicapa<br \/>\n&#8211; preformado anat\u00f3micamente para el pu\u00f1o<br \/>\n&#8211; amortiguaci\u00f3n para mayor comodidad &#8211; apto para entusiastas<br \/>\n&#8211; Color: Negro \/ Dorado.<\/p>\n","protected":false},"excerpt":{"rendered":"<p>Los guantes de boxeo HYBRID 50 ADIH50 de ADIDAS son la combinaci\u00f3n perfecta de rendimiento, durabilidad y comodidad. Dise\u00f1ados para satisfacer las necesidades de los boxeadores de todos los niveles, estos guantes ofrecen una combinaci\u00f3n \u00f3ptima de protecci\u00f3n y movilidad. Su confecci\u00f3n en piel sint\u00e9tica de alta calidad garantiza una resistencia excepcional al desgaste, al [&hellip;]<\/p>\n","protected":false},"featured_media":555989,"comment_status":"open","ping_status":"closed","template":"","meta":{"inline_featured_image":false},"product_brand":[],"product_cat":[1434,1691,1361,1591],"product_tag":[1560],"sport":[],"class_list":{"0":"post-563064","1":"product","2":"type-product","3":"status-publish","4":"has-post-thumbnail","6":"product_cat-guantes-de-boxeo","7":"product_cat-guantes-de-boxeo-adidas","8":"product_cat-protecciones","9":"product_cat-protectores-adidas-kickboxing","10":"product_tag-adidas-es","11":"pa_size-372","12":"pa_size-371","13":"pa_size-370","14":"pa_size-440","15":"pa_size-439","17":"first","18":"onbackorder","19":"taxable","20":"shipping-taxable","21":"purchasable","22":"product-type-variable"},"yoast_head":"<!-- This site is optimized with the Yoast SEO plugin v27.2 - https:\/\/yoast.com\/product\/yoast-seo-wordpress\/ -->\n<title>Guantes de boxeo adidas Hybrid 50 Negro\/Oro &#8211; Daisho<\/title>\n<meta name=\"robots\" content=\"index, follow, max-snippet:-1, max-image-preview:large, max-video-preview:-1\" \/>\n<link rel=\"canonical\" href=\"https:\/\/www.daisho.be\/es\/produit\/guantes-de-boxeo-adidas-hybrid-50-negro-oro\/\" \/>\n<meta property=\"og:locale\" content=\"es_ES\" \/>\n<meta property=\"og:type\" content=\"article\" \/>\n<meta property=\"og:title\" content=\"Guantes de boxeo adidas Hybrid 50 Negro\/Oro &#8211; Daisho\" \/>\n<meta property=\"og:description\" content=\"Los guantes de boxeo HYBRID 50 ADIH50 de ADIDAS son la combinaci\u00f3n perfecta de rendimiento, durabilidad y comodidad. Dise\u00f1ados para satisfacer las necesidades de los boxeadores de todos los niveles, estos guantes ofrecen una combinaci\u00f3n \u00f3ptima de protecci\u00f3n y movilidad. Su confecci\u00f3n en piel sint\u00e9tica de alta calidad garantiza una resistencia excepcional al desgaste, al [&hellip;]\" \/>\n<meta property=\"og:url\" content=\"https:\/\/www.daisho.be\/es\/produit\/guantes-de-boxeo-adidas-hybrid-50-negro-oro\/\" \/>\n<meta property=\"og:site_name\" content=\"Daisho\" \/>\n<meta property=\"article:modified_time\" content=\"2025-12-29T16:15:23+00:00\" \/>\n<meta property=\"og:image\" content=\"https:\/\/www.daisho.be\/wp-content\/uploads\/2025\/09\/image-24.jpg\" \/>\n\t<meta property=\"og:image:width\" content=\"1200\" \/>\n\t<meta property=\"og:image:height\" content=\"660\" \/>\n\t<meta property=\"og:image:type\" content=\"image\/jpeg\" \/>\n<meta name=\"twitter:card\" content=\"summary_large_image\" \/>\n<meta name=\"twitter:label1\" content=\"Tiempo de lectura\" \/>\n\t<meta name=\"twitter:data1\" content=\"1 minuto\" \/>\n<script type=\"application\/ld+json\" class=\"yoast-schema-graph\">{\"@context\":\"https:\/\/schema.org\",\"@graph\":[{\"@type\":\"WebPage\",\"@id\":\"https:\/\/www.daisho.be\/es\/produit\/guantes-de-boxeo-adidas-hybrid-50-negro-oro\/\",\"url\":\"https:\/\/www.daisho.be\/es\/produit\/guantes-de-boxeo-adidas-hybrid-50-negro-oro\/\",\"name\":\"Guantes de boxeo adidas Hybrid 50 Negro\/Oro &#8211; Daisho\",\"isPartOf\":{\"@id\":\"https:\/\/www.daisho.be\/es\/#website\"},\"primaryImageOfPage\":{\"@id\":\"https:\/\/www.daisho.be\/es\/produit\/guantes-de-boxeo-adidas-hybrid-50-negro-oro\/#primaryimage\"},\"image\":{\"@id\":\"https:\/\/www.daisho.be\/es\/produit\/guantes-de-boxeo-adidas-hybrid-50-negro-oro\/#primaryimage\"},\"thumbnailUrl\":\"https:\/\/www.daisho.be\/wp-content\/uploads\/2025\/09\/image-24.jpg\",\"datePublished\":\"2025-09-23T12:24:30+00:00\",\"dateModified\":\"2025-12-29T16:15:23+00:00\",\"breadcrumb\":{\"@id\":\"https:\/\/www.daisho.be\/es\/produit\/guantes-de-boxeo-adidas-hybrid-50-negro-oro\/#breadcrumb\"},\"inLanguage\":\"es\",\"potentialAction\":[{\"@type\":\"ReadAction\",\"target\":[\"https:\/\/www.daisho.be\/es\/produit\/guantes-de-boxeo-adidas-hybrid-50-negro-oro\/\"]}]},{\"@type\":\"ImageObject\",\"inLanguage\":\"es\",\"@id\":\"https:\/\/www.daisho.be\/es\/produit\/guantes-de-boxeo-adidas-hybrid-50-negro-oro\/#primaryimage\",\"url\":\"https:\/\/www.daisho.be\/wp-content\/uploads\/2025\/09\/image-24.jpg\",\"contentUrl\":\"https:\/\/www.daisho.be\/wp-content\/uploads\/2025\/09\/image-24.jpg\",\"width\":1200,\"height\":660,\"caption\":\"Guantes de boxeo adidas Hybrid 50 Negro\/Oro-1\"},{\"@type\":\"BreadcrumbList\",\"@id\":\"https:\/\/www.daisho.be\/es\/produit\/guantes-de-boxeo-adidas-hybrid-50-negro-oro\/#breadcrumb\",\"itemListElement\":[{\"@type\":\"ListItem\",\"position\":1,\"name\":\"Accueil\",\"item\":\"https:\/\/www.daisho.be\/es\/\"},{\"@type\":\"ListItem\",\"position\":2,\"name\":\"Productos\",\"item\":\"https:\/\/www.daisho.be\/es\/productos\/\"},{\"@type\":\"ListItem\",\"position\":3,\"name\":\"Equipamiento y ropa para artes marciales y deportes de combate\",\"item\":\"https:\/\/www.daisho.be\/es\/categorie-produit\/equipamiento-y-ropa-para-artes-marciales-y-deportes-de-combate\/\"},{\"@type\":\"ListItem\",\"position\":4,\"name\":\"Boxeo\",\"item\":\"https:\/\/www.daisho.be\/es\/categorie-produit\/equipamiento-y-ropa-para-artes-marciales-y-deportes-de-combate\/boxeo-es\/\"},{\"@type\":\"ListItem\",\"position\":5,\"name\":\"Guantes de boxeo\",\"item\":\"https:\/\/www.daisho.be\/es\/categorie-produit\/equipamiento-y-ropa-para-artes-marciales-y-deportes-de-combate\/boxeo-es\/guantes-de-boxeo\/\"},{\"@type\":\"ListItem\",\"position\":6,\"name\":\"Guantes de boxeo adidas Hybrid 50 Negro\/Oro\"}]},{\"@type\":\"WebSite\",\"@id\":\"https:\/\/www.daisho.be\/es\/#website\",\"url\":\"https:\/\/www.daisho.be\/es\/\",\"name\":\"Daisho\",\"description\":\"Sp&eacute;cialiste de l'&eacute;quipement sportif d'arts martiaux\",\"publisher\":{\"@id\":\"https:\/\/www.daisho.be\/es\/#organization\"},\"potentialAction\":[{\"@type\":\"SearchAction\",\"target\":{\"@type\":\"EntryPoint\",\"urlTemplate\":\"https:\/\/www.daisho.be\/es\/?s={search_term_string}\"},\"query-input\":{\"@type\":\"PropertyValueSpecification\",\"valueRequired\":true,\"valueName\":\"search_term_string\"}}],\"inLanguage\":\"es\"},{\"@type\":\"Organization\",\"@id\":\"https:\/\/www.daisho.be\/es\/#organization\",\"name\":\"Daisho\",\"url\":\"https:\/\/www.daisho.be\/es\/\",\"logo\":{\"@type\":\"ImageObject\",\"inLanguage\":\"es\",\"@id\":\"https:\/\/www.daisho.be\/es\/#\/schema\/logo\/image\/\",\"url\":\"https:\/\/www.daisho.be\/wp-content\/uploads\/2019\/07\/color-nothing-horizontale4x-e1564486100247.png\",\"contentUrl\":\"https:\/\/www.daisho.be\/wp-content\/uploads\/2019\/07\/color-nothing-horizontale4x-e1564486100247.png\",\"width\":1547,\"height\":385,\"caption\":\"Daisho\"},\"image\":{\"@id\":\"https:\/\/www.daisho.be\/es\/#\/schema\/logo\/image\/\"}}]}<\/script>\n<!-- \/ Yoast SEO plugin. -->","yoast_head_json":{"title":"Guantes de boxeo adidas Hybrid 50 Negro\/Oro &#8211; Daisho","robots":{"index":"index","follow":"follow","max-snippet":"max-snippet:-1","max-image-preview":"max-image-preview:large","max-video-preview":"max-video-preview:-1"},"canonical":"https:\/\/www.daisho.be\/es\/produit\/guantes-de-boxeo-adidas-hybrid-50-negro-oro\/","og_locale":"es_ES","og_type":"article","og_title":"Guantes de boxeo adidas Hybrid 50 Negro\/Oro &#8211; Daisho","og_description":"Los guantes de boxeo HYBRID 50 ADIH50 de ADIDAS son la combinaci\u00f3n perfecta de rendimiento, durabilidad y comodidad. Dise\u00f1ados para satisfacer las necesidades de los boxeadores de todos los niveles, estos guantes ofrecen una combinaci\u00f3n \u00f3ptima de protecci\u00f3n y movilidad. Su confecci\u00f3n en piel sint\u00e9tica de alta calidad garantiza una resistencia excepcional al desgaste, al [&hellip;]","og_url":"https:\/\/www.daisho.be\/es\/produit\/guantes-de-boxeo-adidas-hybrid-50-negro-oro\/","og_site_name":"Daisho","article_modified_time":"2025-12-29T16:15:23+00:00","og_image":[{"width":1200,"height":660,"url":"https:\/\/www.daisho.be\/wp-content\/uploads\/2025\/09\/image-24.jpg","type":"image\/jpeg"}],"twitter_card":"summary_large_image","twitter_misc":{"Tiempo de lectura":"1 minuto"},"schema":{"@context":"https:\/\/schema.org","@graph":[{"@type":"WebPage","@id":"https:\/\/www.daisho.be\/es\/produit\/guantes-de-boxeo-adidas-hybrid-50-negro-oro\/","url":"https:\/\/www.daisho.be\/es\/produit\/guantes-de-boxeo-adidas-hybrid-50-negro-oro\/","name":"Guantes de boxeo adidas Hybrid 50 Negro\/Oro &#8211; Daisho","isPartOf":{"@id":"https:\/\/www.daisho.be\/es\/#website"},"primaryImageOfPage":{"@id":"https:\/\/www.daisho.be\/es\/produit\/guantes-de-boxeo-adidas-hybrid-50-negro-oro\/#primaryimage"},"image":{"@id":"https:\/\/www.daisho.be\/es\/produit\/guantes-de-boxeo-adidas-hybrid-50-negro-oro\/#primaryimage"},"thumbnailUrl":"https:\/\/www.daisho.be\/wp-content\/uploads\/2025\/09\/image-24.jpg","datePublished":"2025-09-23T12:24:30+00:00","dateModified":"2025-12-29T16:15:23+00:00","breadcrumb":{"@id":"https:\/\/www.daisho.be\/es\/produit\/guantes-de-boxeo-adidas-hybrid-50-negro-oro\/#breadcrumb"},"inLanguage":"es","potentialAction":[{"@type":"ReadAction","target":["https:\/\/www.daisho.be\/es\/produit\/guantes-de-boxeo-adidas-hybrid-50-negro-oro\/"]}]},{"@type":"ImageObject","inLanguage":"es","@id":"https:\/\/www.daisho.be\/es\/produit\/guantes-de-boxeo-adidas-hybrid-50-negro-oro\/#primaryimage","url":"https:\/\/www.daisho.be\/wp-content\/uploads\/2025\/09\/image-24.jpg","contentUrl":"https:\/\/www.daisho.be\/wp-content\/uploads\/2025\/09\/image-24.jpg","width":1200,"height":660,"caption":"Guantes de boxeo adidas Hybrid 50 Negro\/Oro-1"},{"@type":"BreadcrumbList","@id":"https:\/\/www.daisho.be\/es\/produit\/guantes-de-boxeo-adidas-hybrid-50-negro-oro\/#breadcrumb","itemListElement":[{"@type":"ListItem","position":1,"name":"Accueil","item":"https:\/\/www.daisho.be\/es\/"},{"@type":"ListItem","position":2,"name":"Productos","item":"https:\/\/www.daisho.be\/es\/productos\/"},{"@type":"ListItem","position":3,"name":"Equipamiento y ropa para artes marciales y deportes de combate","item":"https:\/\/www.daisho.be\/es\/categorie-produit\/equipamiento-y-ropa-para-artes-marciales-y-deportes-de-combate\/"},{"@type":"ListItem","position":4,"name":"Boxeo","item":"https:\/\/www.daisho.be\/es\/categorie-produit\/equipamiento-y-ropa-para-artes-marciales-y-deportes-de-combate\/boxeo-es\/"},{"@type":"ListItem","position":5,"name":"Guantes de boxeo","item":"https:\/\/www.daisho.be\/es\/categorie-produit\/equipamiento-y-ropa-para-artes-marciales-y-deportes-de-combate\/boxeo-es\/guantes-de-boxeo\/"},{"@type":"ListItem","position":6,"name":"Guantes de boxeo adidas Hybrid 50 Negro\/Oro"}]},{"@type":"WebSite","@id":"https:\/\/www.daisho.be\/es\/#website","url":"https:\/\/www.daisho.be\/es\/","name":"Daisho","description":"Sp&eacute;cialiste de l'&eacute;quipement sportif d'arts martiaux","publisher":{"@id":"https:\/\/www.daisho.be\/es\/#organization"},"potentialAction":[{"@type":"SearchAction","target":{"@type":"EntryPoint","urlTemplate":"https:\/\/www.daisho.be\/es\/?s={search_term_string}"},"query-input":{"@type":"PropertyValueSpecification","valueRequired":true,"valueName":"search_term_string"}}],"inLanguage":"es"},{"@type":"Organization","@id":"https:\/\/www.daisho.be\/es\/#organization","name":"Daisho","url":"https:\/\/www.daisho.be\/es\/","logo":{"@type":"ImageObject","inLanguage":"es","@id":"https:\/\/www.daisho.be\/es\/#\/schema\/logo\/image\/","url":"https:\/\/www.daisho.be\/wp-content\/uploads\/2019\/07\/color-nothing-horizontale4x-e1564486100247.png","contentUrl":"https:\/\/www.daisho.be\/wp-content\/uploads\/2019\/07\/color-nothing-horizontale4x-e1564486100247.png","width":1547,"height":385,"caption":"Daisho"},"image":{"@id":"https:\/\/www.daisho.be\/es\/#\/schema\/logo\/image\/"}}]}},"_links":{"self":[{"href":"https:\/\/www.daisho.be\/es\/wp-json\/wp\/v2\/product\/563064","targetHints":{"allow":["GET"]}}],"collection":[{"href":"https:\/\/www.daisho.be\/es\/wp-json\/wp\/v2\/product"}],"about":[{"href":"https:\/\/www.daisho.be\/es\/wp-json\/wp\/v2\/types\/product"}],"replies":[{"embeddable":true,"href":"https:\/\/www.daisho.be\/es\/wp-json\/wp\/v2\/comments?post=563064"}],"wp:featuredmedia":[{"embeddable":true,"href":"https:\/\/www.daisho.be\/es\/wp-json\/wp\/v2\/media\/555989"}],"wp:attachment":[{"href":"https:\/\/www.daisho.be\/es\/wp-json\/wp\/v2\/media?parent=563064"}],"wp:term":[{"taxonomy":"product_brand","embeddable":true,"href":"https:\/\/www.daisho.be\/es\/wp-json\/wp\/v2\/product_brand?post=563064"},{"taxonomy":"product_cat","embeddable":true,"href":"https:\/\/www.daisho.be\/es\/wp-json\/wp\/v2\/product_cat?post=563064"},{"taxonomy":"product_tag","embeddable":true,"href":"https:\/\/www.daisho.be\/es\/wp-json\/wp\/v2\/product_tag?post=563064"},{"taxonomy":"sport","embeddable":true,"href":"https:\/\/www.daisho.be\/es\/wp-json\/wp\/v2\/sport?post=563064"}],"curies":[{"name":"wp","href":"https:\/\/api.w.org\/{rel}","templated":true}]}}