{"id":562962,"date":"2025-10-07T11:24:07","date_gmt":"2025-10-07T09:24:07","guid":{"rendered":"https:\/\/www.daisho.be\/produit\/tobillera-adidas-negra\/"},"modified":"2025-12-24T15:31:46","modified_gmt":"2025-12-24T14:31:46","slug":"tobillera-adidas-negra","status":"publish","type":"product","link":"https:\/\/www.daisho.be\/es\/produit\/tobillera-adidas-negra\/","title":{"rendered":"Tobillera Adidas Negra"},"content":{"rendered":"<p>Este protector de tobillo est\u00e1 fabricado con poli\u00e9ster y lycra.<br \/>\nEl protector de tobillo proporciona sujeci\u00f3n a tu tobillo y ofrece un agarre adicional.<br \/>\nLa tobillera es el\u00e1stica para que se mantenga en su sitio.<br \/>\nEsta tobillera es adecuada para boxeo (kick), boxeo tailand\u00e9s, MMA, boxeo, k\u00e1rate, etc.<\/p>\n<p>Ventajas:<br \/>\n&#8211; protecci\u00f3n para los tobillos<br \/>\n&#8211; el\u00e1stica<\/p>\n<p>Color: Negro .<br \/>\nTalla \u00fanica.<\/p>\n","protected":false},"excerpt":{"rendered":"<p>Este protector de tobillo est\u00e1 fabricado con poli\u00e9ster y lycra. El protector de tobillo proporciona sujeci\u00f3n a tu tobillo y ofrece un agarre adicional. La tobillera es el\u00e1stica para que se mantenga en su sitio. Esta tobillera es adecuada para boxeo (kick), boxeo tailand\u00e9s, MMA, boxeo, k\u00e1rate, etc. Ventajas: &#8211; protecci\u00f3n para los tobillos &#8211; [&hellip;]<\/p>\n","protected":false},"featured_media":558111,"comment_status":"open","ping_status":"closed","template":"","meta":{"inline_featured_image":false},"product_brand":[],"product_cat":[1383,1361,1596,1572],"product_tag":[1560],"sport":[],"class_list":{"0":"post-562962","1":"product","2":"type-product","3":"status-publish","4":"has-post-thumbnail","6":"product_cat-cintas","7":"product_cat-protecciones","8":"product_cat-protectores-de-boxeo-adidas","9":"product_cat-protectores-de-karate-adidas","10":"product_tag-adidas-es","11":"pa_size-sans-taille-defaut","13":"first","14":"instock","15":"taxable","16":"shipping-taxable","17":"purchasable","18":"product-type-variable"},"yoast_head":"<!-- This site is optimized with the Yoast SEO plugin v27.2 - https:\/\/yoast.com\/product\/yoast-seo-wordpress\/ -->\n<title>Tobillera Adidas Negra &#8211; Daisho<\/title>\n<meta name=\"robots\" content=\"index, follow, max-snippet:-1, max-image-preview:large, max-video-preview:-1\" \/>\n<link rel=\"canonical\" href=\"https:\/\/www.daisho.be\/es\/produit\/tobillera-adidas-negra\/\" \/>\n<meta property=\"og:locale\" content=\"es_ES\" \/>\n<meta property=\"og:type\" content=\"article\" \/>\n<meta property=\"og:title\" content=\"Tobillera Adidas Negra &#8211; Daisho\" \/>\n<meta property=\"og:description\" content=\"Este protector de tobillo est\u00e1 fabricado con poli\u00e9ster y lycra. El protector de tobillo proporciona sujeci\u00f3n a tu tobillo y ofrece un agarre adicional. La tobillera es el\u00e1stica para que se mantenga en su sitio. Esta tobillera es adecuada para boxeo (kick), boxeo tailand\u00e9s, MMA, boxeo, k\u00e1rate, etc. Ventajas: &#8211; protecci\u00f3n para los tobillos &#8211; [&hellip;]\" \/>\n<meta property=\"og:url\" content=\"https:\/\/www.daisho.be\/es\/produit\/tobillera-adidas-negra\/\" \/>\n<meta property=\"og:site_name\" content=\"Daisho\" \/>\n<meta property=\"article:modified_time\" content=\"2025-12-24T14:31:46+00:00\" \/>\n<meta property=\"og:image\" content=\"https:\/\/www.daisho.be\/wp-content\/uploads\/2025\/10\/image.png\" \/>\n\t<meta property=\"og:image:width\" content=\"398\" \/>\n\t<meta property=\"og:image:height\" content=\"684\" \/>\n\t<meta property=\"og:image:type\" content=\"image\/png\" \/>\n<meta name=\"twitter:card\" content=\"summary_large_image\" \/>\n<script type=\"application\/ld+json\" class=\"yoast-schema-graph\">{\"@context\":\"https:\/\/schema.org\",\"@graph\":[{\"@type\":\"WebPage\",\"@id\":\"https:\/\/www.daisho.be\/es\/produit\/tobillera-adidas-negra\/\",\"url\":\"https:\/\/www.daisho.be\/es\/produit\/tobillera-adidas-negra\/\",\"name\":\"Tobillera Adidas Negra &#8211; Daisho\",\"isPartOf\":{\"@id\":\"https:\/\/www.daisho.be\/es\/#website\"},\"primaryImageOfPage\":{\"@id\":\"https:\/\/www.daisho.be\/es\/produit\/tobillera-adidas-negra\/#primaryimage\"},\"image\":{\"@id\":\"https:\/\/www.daisho.be\/es\/produit\/tobillera-adidas-negra\/#primaryimage\"},\"thumbnailUrl\":\"https:\/\/www.daisho.be\/wp-content\/uploads\/2025\/10\/image.png\",\"datePublished\":\"2025-10-07T09:24:07+00:00\",\"dateModified\":\"2025-12-24T14:31:46+00:00\",\"breadcrumb\":{\"@id\":\"https:\/\/www.daisho.be\/es\/produit\/tobillera-adidas-negra\/#breadcrumb\"},\"inLanguage\":\"es\",\"potentialAction\":[{\"@type\":\"ReadAction\",\"target\":[\"https:\/\/www.daisho.be\/es\/produit\/tobillera-adidas-negra\/\"]}]},{\"@type\":\"ImageObject\",\"inLanguage\":\"es\",\"@id\":\"https:\/\/www.daisho.be\/es\/produit\/tobillera-adidas-negra\/#primaryimage\",\"url\":\"https:\/\/www.daisho.be\/wp-content\/uploads\/2025\/10\/image.png\",\"contentUrl\":\"https:\/\/www.daisho.be\/wp-content\/uploads\/2025\/10\/image.png\",\"width\":398,\"height\":684,\"caption\":\"Tobillera Adidas Negra-1\"},{\"@type\":\"BreadcrumbList\",\"@id\":\"https:\/\/www.daisho.be\/es\/produit\/tobillera-adidas-negra\/#breadcrumb\",\"itemListElement\":[{\"@type\":\"ListItem\",\"position\":1,\"name\":\"Accueil\",\"item\":\"https:\/\/www.daisho.be\/es\/\"},{\"@type\":\"ListItem\",\"position\":2,\"name\":\"Productos\",\"item\":\"https:\/\/www.daisho.be\/es\/productos\/\"},{\"@type\":\"ListItem\",\"position\":3,\"name\":\"ADIDAS COMBAT SPORTS\",\"item\":\"https:\/\/www.daisho.be\/es\/categorie-produit\/adidas-combat-sports-es\/\"},{\"@type\":\"ListItem\",\"position\":4,\"name\":\"Boxeo\",\"item\":\"https:\/\/www.daisho.be\/es\/categorie-produit\/adidas-combat-sports-es\/boxeo\/\"},{\"@type\":\"ListItem\",\"position\":5,\"name\":\"Protectores de boxeo Adidas\",\"item\":\"https:\/\/www.daisho.be\/es\/categorie-produit\/adidas-combat-sports-es\/boxeo\/protectores-de-boxeo-adidas\/\"},{\"@type\":\"ListItem\",\"position\":6,\"name\":\"Tobillera Adidas Negra\"}]},{\"@type\":\"WebSite\",\"@id\":\"https:\/\/www.daisho.be\/es\/#website\",\"url\":\"https:\/\/www.daisho.be\/es\/\",\"name\":\"Daisho\",\"description\":\"Sp&eacute;cialiste de l'&eacute;quipement sportif d'arts martiaux\",\"publisher\":{\"@id\":\"https:\/\/www.daisho.be\/es\/#organization\"},\"potentialAction\":[{\"@type\":\"SearchAction\",\"target\":{\"@type\":\"EntryPoint\",\"urlTemplate\":\"https:\/\/www.daisho.be\/es\/?s={search_term_string}\"},\"query-input\":{\"@type\":\"PropertyValueSpecification\",\"valueRequired\":true,\"valueName\":\"search_term_string\"}}],\"inLanguage\":\"es\"},{\"@type\":\"Organization\",\"@id\":\"https:\/\/www.daisho.be\/es\/#organization\",\"name\":\"Daisho\",\"url\":\"https:\/\/www.daisho.be\/es\/\",\"logo\":{\"@type\":\"ImageObject\",\"inLanguage\":\"es\",\"@id\":\"https:\/\/www.daisho.be\/es\/#\/schema\/logo\/image\/\",\"url\":\"https:\/\/www.daisho.be\/wp-content\/uploads\/2019\/07\/color-nothing-horizontale4x-e1564486100247.png\",\"contentUrl\":\"https:\/\/www.daisho.be\/wp-content\/uploads\/2019\/07\/color-nothing-horizontale4x-e1564486100247.png\",\"width\":1547,\"height\":385,\"caption\":\"Daisho\"},\"image\":{\"@id\":\"https:\/\/www.daisho.be\/es\/#\/schema\/logo\/image\/\"}}]}<\/script>\n<!-- \/ Yoast SEO plugin. -->","yoast_head_json":{"title":"Tobillera Adidas Negra &#8211; Daisho","robots":{"index":"index","follow":"follow","max-snippet":"max-snippet:-1","max-image-preview":"max-image-preview:large","max-video-preview":"max-video-preview:-1"},"canonical":"https:\/\/www.daisho.be\/es\/produit\/tobillera-adidas-negra\/","og_locale":"es_ES","og_type":"article","og_title":"Tobillera Adidas Negra &#8211; Daisho","og_description":"Este protector de tobillo est\u00e1 fabricado con poli\u00e9ster y lycra. El protector de tobillo proporciona sujeci\u00f3n a tu tobillo y ofrece un agarre adicional. La tobillera es el\u00e1stica para que se mantenga en su sitio. Esta tobillera es adecuada para boxeo (kick), boxeo tailand\u00e9s, MMA, boxeo, k\u00e1rate, etc. Ventajas: &#8211; protecci\u00f3n para los tobillos &#8211; [&hellip;]","og_url":"https:\/\/www.daisho.be\/es\/produit\/tobillera-adidas-negra\/","og_site_name":"Daisho","article_modified_time":"2025-12-24T14:31:46+00:00","og_image":[{"width":398,"height":684,"url":"https:\/\/www.daisho.be\/wp-content\/uploads\/2025\/10\/image.png","type":"image\/png"}],"twitter_card":"summary_large_image","schema":{"@context":"https:\/\/schema.org","@graph":[{"@type":"WebPage","@id":"https:\/\/www.daisho.be\/es\/produit\/tobillera-adidas-negra\/","url":"https:\/\/www.daisho.be\/es\/produit\/tobillera-adidas-negra\/","name":"Tobillera Adidas Negra &#8211; Daisho","isPartOf":{"@id":"https:\/\/www.daisho.be\/es\/#website"},"primaryImageOfPage":{"@id":"https:\/\/www.daisho.be\/es\/produit\/tobillera-adidas-negra\/#primaryimage"},"image":{"@id":"https:\/\/www.daisho.be\/es\/produit\/tobillera-adidas-negra\/#primaryimage"},"thumbnailUrl":"https:\/\/www.daisho.be\/wp-content\/uploads\/2025\/10\/image.png","datePublished":"2025-10-07T09:24:07+00:00","dateModified":"2025-12-24T14:31:46+00:00","breadcrumb":{"@id":"https:\/\/www.daisho.be\/es\/produit\/tobillera-adidas-negra\/#breadcrumb"},"inLanguage":"es","potentialAction":[{"@type":"ReadAction","target":["https:\/\/www.daisho.be\/es\/produit\/tobillera-adidas-negra\/"]}]},{"@type":"ImageObject","inLanguage":"es","@id":"https:\/\/www.daisho.be\/es\/produit\/tobillera-adidas-negra\/#primaryimage","url":"https:\/\/www.daisho.be\/wp-content\/uploads\/2025\/10\/image.png","contentUrl":"https:\/\/www.daisho.be\/wp-content\/uploads\/2025\/10\/image.png","width":398,"height":684,"caption":"Tobillera Adidas Negra-1"},{"@type":"BreadcrumbList","@id":"https:\/\/www.daisho.be\/es\/produit\/tobillera-adidas-negra\/#breadcrumb","itemListElement":[{"@type":"ListItem","position":1,"name":"Accueil","item":"https:\/\/www.daisho.be\/es\/"},{"@type":"ListItem","position":2,"name":"Productos","item":"https:\/\/www.daisho.be\/es\/productos\/"},{"@type":"ListItem","position":3,"name":"ADIDAS COMBAT SPORTS","item":"https:\/\/www.daisho.be\/es\/categorie-produit\/adidas-combat-sports-es\/"},{"@type":"ListItem","position":4,"name":"Boxeo","item":"https:\/\/www.daisho.be\/es\/categorie-produit\/adidas-combat-sports-es\/boxeo\/"},{"@type":"ListItem","position":5,"name":"Protectores de boxeo Adidas","item":"https:\/\/www.daisho.be\/es\/categorie-produit\/adidas-combat-sports-es\/boxeo\/protectores-de-boxeo-adidas\/"},{"@type":"ListItem","position":6,"name":"Tobillera Adidas Negra"}]},{"@type":"WebSite","@id":"https:\/\/www.daisho.be\/es\/#website","url":"https:\/\/www.daisho.be\/es\/","name":"Daisho","description":"Sp&eacute;cialiste de l'&eacute;quipement sportif d'arts martiaux","publisher":{"@id":"https:\/\/www.daisho.be\/es\/#organization"},"potentialAction":[{"@type":"SearchAction","target":{"@type":"EntryPoint","urlTemplate":"https:\/\/www.daisho.be\/es\/?s={search_term_string}"},"query-input":{"@type":"PropertyValueSpecification","valueRequired":true,"valueName":"search_term_string"}}],"inLanguage":"es"},{"@type":"Organization","@id":"https:\/\/www.daisho.be\/es\/#organization","name":"Daisho","url":"https:\/\/www.daisho.be\/es\/","logo":{"@type":"ImageObject","inLanguage":"es","@id":"https:\/\/www.daisho.be\/es\/#\/schema\/logo\/image\/","url":"https:\/\/www.daisho.be\/wp-content\/uploads\/2019\/07\/color-nothing-horizontale4x-e1564486100247.png","contentUrl":"https:\/\/www.daisho.be\/wp-content\/uploads\/2019\/07\/color-nothing-horizontale4x-e1564486100247.png","width":1547,"height":385,"caption":"Daisho"},"image":{"@id":"https:\/\/www.daisho.be\/es\/#\/schema\/logo\/image\/"}}]}},"_links":{"self":[{"href":"https:\/\/www.daisho.be\/es\/wp-json\/wp\/v2\/product\/562962","targetHints":{"allow":["GET"]}}],"collection":[{"href":"https:\/\/www.daisho.be\/es\/wp-json\/wp\/v2\/product"}],"about":[{"href":"https:\/\/www.daisho.be\/es\/wp-json\/wp\/v2\/types\/product"}],"replies":[{"embeddable":true,"href":"https:\/\/www.daisho.be\/es\/wp-json\/wp\/v2\/comments?post=562962"}],"wp:featuredmedia":[{"embeddable":true,"href":"https:\/\/www.daisho.be\/es\/wp-json\/wp\/v2\/media\/558111"}],"wp:attachment":[{"href":"https:\/\/www.daisho.be\/es\/wp-json\/wp\/v2\/media?parent=562962"}],"wp:term":[{"taxonomy":"product_brand","embeddable":true,"href":"https:\/\/www.daisho.be\/es\/wp-json\/wp\/v2\/product_brand?post=562962"},{"taxonomy":"product_cat","embeddable":true,"href":"https:\/\/www.daisho.be\/es\/wp-json\/wp\/v2\/product_cat?post=562962"},{"taxonomy":"product_tag","embeddable":true,"href":"https:\/\/www.daisho.be\/es\/wp-json\/wp\/v2\/product_tag?post=562962"},{"taxonomy":"sport","embeddable":true,"href":"https:\/\/www.daisho.be\/es\/wp-json\/wp\/v2\/sport?post=562962"}],"curies":[{"name":"wp","href":"https:\/\/api.w.org\/{rel}","templated":true}]}}